{"id":9611,"date":"2021-06-02T10:33:01","date_gmt":"2021-06-02T07:33:01","guid":{"rendered":"https:\/\/videstehnika.lv\/?post_type=product&#038;p=9611"},"modified":"2021-11-05T07:41:37","modified_gmt":"2021-11-05T05:41:37","slug":"velux-logs-premium-integra-ggu-006821-ar-divkameru-stikla-paketi","status":"publish","type":"product","link":"https:\/\/videstehnika.lv\/katalogs\/logi\/velux-logs-premium-integra-ggu-006821-ar-divkameru-stikla-paketi\/","title":{"rendered":"VELUX logs Premium INTEGRA GGU 006821 ar divkameru stikla paketi"},"content":{"rendered":"<h2>VELUX logs Premium INTEGRA GGU 006821 ar divkameru stikla paketi<\/h2>\n<p>Ja l\u016bkojies p\u0113c nep\u0101rsp\u0113jama komforta, tev ir nepiecie\u0161ams VELUX INTEGRA\u00ae. \u0160\u012b novatorisk\u0101 logu, \u017eal\u016bziju un sl\u0113\u0123u t\u0101lvad\u012bbas sist\u0113ma \u013cauj tos atv\u0113rt un aizv\u0113rt tikai ar vienu piesk\u0101rienu vad\u012bbas sl\u0113dzim. Pievienojot INTEGRA produktiem VELUX ACTIVE sist\u0113mu, tu vari regul\u0113t ar viedier\u012bci t\u0101lvad\u012bbas jumta logus un aksesu\u0101rus no jebkuras vietas Pasaul\u0113. VELUX INTEGRA\u00ae ir vislab\u0101k\u0101 izv\u0113le, lai ieg\u016btu svaigu gaisu un lab\u0101ku mikroklimatu telp\u0101s. Koka logs ar baltu poliuret\u0101na p\u0101rkl\u0101jumu ir mitrumiztur\u012bgs un viegli kopjams, t\u0101p\u0113c b\u016bs ide\u0101li piem\u0113rots vannas istabai un virtuvei, k\u0101 ar\u012b telp\u0101s, kur dizain\u0101 iederas baltie logi. Pieejams versij\u0101s gan ar baro\u0161anu no elektrot\u012bkla, gan no saules baterij\u0101m.<\/p>\n<h2>VELUX jumta loga Premium INTEGRA GGU 006821 priek\u0161roc\u012bbas:<\/h2>\n<ul>\n<li>Svaigs gaiss un lab\u0101ks iek\u0161telpu klimats;<\/li>\n<li>Augsts dro\u0161\u012bbas l\u012bmenis &#8211; logi ir nosl\u0113dzami tikai ar vienu piesk\u0101rienu vad\u012bbas sl\u0113dzim;<\/li>\n<li>Nek\u0101da riska no lietus &#8211; lietus sensorss autom\u0101tiski aizv\u0113rs logu, ja s\u0101ks l\u012bt;<\/li>\n<li>Savietojams ar VELUX ACTIVE sist\u0113mu, INTEGRA vad\u012bbai ar viedier\u012bc\u0113m un autom\u0101tiskai iek\u0161telpu klimata kontrolei;<\/li>\n<li>Produkts piem\u0113rots jumtos ar sl\u012bpumu no 15\u00b0 l\u012bdz 90\u00b0;<\/li>\n<li>Garantija 15 gadi;<\/li>\n<li>Uw 1,1.<\/li>\n<\/ul>\n","protected":false},"excerpt":{"rendered":"<p>VELUX logs Premium INTEGRA GGU 006821 ar divkameru stikla paketi Ja l\u016bkojies p\u0113c nep\u0101rsp\u0113jama komforta, tev ir nepiecie\u0161ams VELUX INTEGRA\u00ae.<\/p>\n","protected":false},"featured_media":9631,"template":"","meta":{"_acf_changed":false},"product_cat":[1468,1467],"product_tag":[],"class_list":{"0":"post-9611","1":"product","2":"type-product","3":"status-publish","4":"has-post-thumbnail","6":"product_cat-jumta-logi","7":"product_cat-logi","9":"first","10":"onbackorder","11":"taxable","12":"shipping-taxable","13":"purchasable","14":"product-type-variable"},"acf":[],"yoast_head":"<!-- This site is optimized with the Yoast SEO plugin v24.2 - https:\/\/yoast.com\/wordpress\/plugins\/seo\/ -->\n<title>VELUX jumta logs Premium INTEGRA GGU 006821 &#8226; Vides Tehnika<\/title>\n<meta name=\"description\" content=\"VELUX jumta logs Premium INTEGRA GGU 006821 ar logu, \u017eal\u016bziju un sl\u0113\u0123u t\u0101lvad\u012bbas sist\u0113mu un divkameru stikla paketi.\" \/>\n<meta name=\"robots\" content=\"index, follow, max-snippet:-1, max-image-preview:large, max-video-preview:-1\" \/>\n<link rel=\"canonical\" href=\"https:\/\/videstehnika.lv\/et\/katalogs\/logi\/velux-logs-premium-integra-ggu-006821-ar-divkameru-stikla-paketi\/\" \/>\n<meta property=\"og:locale\" content=\"et_EE\" \/>\n<meta property=\"og:type\" content=\"article\" \/>\n<meta property=\"og:title\" content=\"VELUX jumta logs Premium INTEGRA GGU 006821 &#8226; Vides Tehnika\" \/>\n<meta property=\"og:description\" content=\"VELUX jumta logs Premium INTEGRA GGU 006821 ar logu, \u017eal\u016bziju un sl\u0113\u0123u t\u0101lvad\u012bbas sist\u0113mu un divkameru stikla paketi.\" \/>\n<meta property=\"og:url\" content=\"https:\/\/videstehnika.lv\/katalogs\/logi\/velux-logs-premium-integra-ggu-006821-ar-divkameru-stikla-paketi\/\" \/>\n<meta property=\"og:site_name\" content=\"Vides Tehnika\" \/>\n<meta property=\"article:modified_time\" content=\"2021-11-05T05:41:37+00:00\" \/>\n<meta property=\"og:image\" content=\"https:\/\/videstehnika.lv\/wp-content\/uploads\/2021\/06\/VELUX-logs-Premium-INTEGRA-GGU-006821-ar-divkameru-stikla-paketi.jpg\" \/>\n\t<meta property=\"og:image:width\" content=\"900\" \/>\n\t<meta property=\"og:image:height\" content=\"900\" \/>\n\t<meta property=\"og:image:type\" content=\"image\/jpeg\" \/>\n<meta name=\"twitter:card\" content=\"summary_large_image\" \/>\n<meta name=\"twitter:label1\" content=\"Est. reading time\" \/>\n\t<meta name=\"twitter:data1\" content=\"1 minut\" \/>\n<script type=\"application\/ld+json\" class=\"yoast-schema-graph\">{\"@context\":\"https:\/\/schema.org\",\"@graph\":[{\"@type\":\"WebPage\",\"@id\":\"https:\/\/videstehnika.lv\/katalogs\/logi\/velux-logs-premium-integra-ggu-006821-ar-divkameru-stikla-paketi\/\",\"url\":\"https:\/\/videstehnika.lv\/katalogs\/logi\/velux-logs-premium-integra-ggu-006821-ar-divkameru-stikla-paketi\/\",\"name\":\"VELUX jumta logs Premium INTEGRA GGU 006821 &#8226; Vides Tehnika\",\"isPartOf\":{\"@id\":\"https:\/\/videstehnika.lv\/et\/#website\"},\"primaryImageOfPage\":{\"@id\":\"https:\/\/videstehnika.lv\/katalogs\/logi\/velux-logs-premium-integra-ggu-006821-ar-divkameru-stikla-paketi\/#primaryimage\"},\"image\":{\"@id\":\"https:\/\/videstehnika.lv\/katalogs\/logi\/velux-logs-premium-integra-ggu-006821-ar-divkameru-stikla-paketi\/#primaryimage\"},\"thumbnailUrl\":\"https:\/\/videstehnika.lv\/wp-content\/uploads\/2021\/06\/VELUX-logs-Premium-INTEGRA-GGU-006821-ar-divkameru-stikla-paketi.jpg\",\"datePublished\":\"2021-06-02T07:33:01+00:00\",\"dateModified\":\"2021-11-05T05:41:37+00:00\",\"description\":\"VELUX jumta logs Premium INTEGRA GGU 006821 ar logu, \u017eal\u016bziju un sl\u0113\u0123u t\u0101lvad\u012bbas sist\u0113mu un divkameru stikla paketi.\",\"breadcrumb\":{\"@id\":\"https:\/\/videstehnika.lv\/katalogs\/logi\/velux-logs-premium-integra-ggu-006821-ar-divkameru-stikla-paketi\/#breadcrumb\"},\"inLanguage\":\"et\",\"potentialAction\":[{\"@type\":\"ReadAction\",\"target\":[\"https:\/\/videstehnika.lv\/katalogs\/logi\/velux-logs-premium-integra-ggu-006821-ar-divkameru-stikla-paketi\/\"]}]},{\"@type\":\"ImageObject\",\"inLanguage\":\"et\",\"@id\":\"https:\/\/videstehnika.lv\/katalogs\/logi\/velux-logs-premium-integra-ggu-006821-ar-divkameru-stikla-paketi\/#primaryimage\",\"url\":\"https:\/\/videstehnika.lv\/wp-content\/uploads\/2021\/06\/VELUX-logs-Premium-INTEGRA-GGU-006821-ar-divkameru-stikla-paketi.jpg\",\"contentUrl\":\"https:\/\/videstehnika.lv\/wp-content\/uploads\/2021\/06\/VELUX-logs-Premium-INTEGRA-GGU-006821-ar-divkameru-stikla-paketi.jpg\",\"width\":900,\"height\":900,\"caption\":\"VELUX logs Premium INTEGRA GGU 006821 ar divkameru stikla paketi\"},{\"@type\":\"BreadcrumbList\",\"@id\":\"https:\/\/videstehnika.lv\/katalogs\/logi\/velux-logs-premium-integra-ggu-006821-ar-divkameru-stikla-paketi\/#breadcrumb\",\"itemListElement\":[{\"@type\":\"ListItem\",\"position\":1,\"name\":\"Home\",\"item\":\"https:\/\/videstehnika.lv\/et\/\"},{\"@type\":\"ListItem\",\"position\":2,\"name\":\"Kataloog\",\"item\":\"https:\/\/videstehnika.lv\/et\/kataloog\/\"},{\"@type\":\"ListItem\",\"position\":3,\"name\":\"VELUX logs Premium INTEGRA GGU 006821 ar divkameru stikla paketi\"}]},{\"@type\":\"WebSite\",\"@id\":\"https:\/\/videstehnika.lv\/et\/#website\",\"url\":\"https:\/\/videstehnika.lv\/et\/\",\"name\":\"Vides Tehnika\",\"description\":\"\",\"potentialAction\":[{\"@type\":\"SearchAction\",\"target\":{\"@type\":\"EntryPoint\",\"urlTemplate\":\"https:\/\/videstehnika.lv\/et\/?s={search_term_string}\"},\"query-input\":{\"@type\":\"PropertyValueSpecification\",\"valueRequired\":true,\"valueName\":\"search_term_string\"}}],\"inLanguage\":\"et\"}]}<\/script>\n<!-- \/ Yoast SEO plugin. -->","yoast_head_json":{"title":"VELUX jumta logs Premium INTEGRA GGU 006821 &#8226; Vides Tehnika","description":"VELUX jumta logs Premium INTEGRA GGU 006821 ar logu, \u017eal\u016bziju un sl\u0113\u0123u t\u0101lvad\u012bbas sist\u0113mu un divkameru stikla paketi.","robots":{"index":"index","follow":"follow","max-snippet":"max-snippet:-1","max-image-preview":"max-image-preview:large","max-video-preview":"max-video-preview:-1"},"canonical":"https:\/\/videstehnika.lv\/et\/katalogs\/logi\/velux-logs-premium-integra-ggu-006821-ar-divkameru-stikla-paketi\/","og_locale":"et_EE","og_type":"article","og_title":"VELUX jumta logs Premium INTEGRA GGU 006821 &#8226; Vides Tehnika","og_description":"VELUX jumta logs Premium INTEGRA GGU 006821 ar logu, \u017eal\u016bziju un sl\u0113\u0123u t\u0101lvad\u012bbas sist\u0113mu un divkameru stikla paketi.","og_url":"https:\/\/videstehnika.lv\/katalogs\/logi\/velux-logs-premium-integra-ggu-006821-ar-divkameru-stikla-paketi\/","og_site_name":"Vides Tehnika","article_modified_time":"2021-11-05T05:41:37+00:00","og_image":[{"width":900,"height":900,"url":"https:\/\/videstehnika.lv\/wp-content\/uploads\/2021\/06\/VELUX-logs-Premium-INTEGRA-GGU-006821-ar-divkameru-stikla-paketi.jpg","type":"image\/jpeg"}],"twitter_card":"summary_large_image","twitter_misc":{"Est. reading time":"1 minut"},"schema":{"@context":"https:\/\/schema.org","@graph":[{"@type":"WebPage","@id":"https:\/\/videstehnika.lv\/katalogs\/logi\/velux-logs-premium-integra-ggu-006821-ar-divkameru-stikla-paketi\/","url":"https:\/\/videstehnika.lv\/katalogs\/logi\/velux-logs-premium-integra-ggu-006821-ar-divkameru-stikla-paketi\/","name":"VELUX jumta logs Premium INTEGRA GGU 006821 &#8226; Vides Tehnika","isPartOf":{"@id":"https:\/\/videstehnika.lv\/et\/#website"},"primaryImageOfPage":{"@id":"https:\/\/videstehnika.lv\/katalogs\/logi\/velux-logs-premium-integra-ggu-006821-ar-divkameru-stikla-paketi\/#primaryimage"},"image":{"@id":"https:\/\/videstehnika.lv\/katalogs\/logi\/velux-logs-premium-integra-ggu-006821-ar-divkameru-stikla-paketi\/#primaryimage"},"thumbnailUrl":"https:\/\/videstehnika.lv\/wp-content\/uploads\/2021\/06\/VELUX-logs-Premium-INTEGRA-GGU-006821-ar-divkameru-stikla-paketi.jpg","datePublished":"2021-06-02T07:33:01+00:00","dateModified":"2021-11-05T05:41:37+00:00","description":"VELUX jumta logs Premium INTEGRA GGU 006821 ar logu, \u017eal\u016bziju un sl\u0113\u0123u t\u0101lvad\u012bbas sist\u0113mu un divkameru stikla paketi.","breadcrumb":{"@id":"https:\/\/videstehnika.lv\/katalogs\/logi\/velux-logs-premium-integra-ggu-006821-ar-divkameru-stikla-paketi\/#breadcrumb"},"inLanguage":"et","potentialAction":[{"@type":"ReadAction","target":["https:\/\/videstehnika.lv\/katalogs\/logi\/velux-logs-premium-integra-ggu-006821-ar-divkameru-stikla-paketi\/"]}]},{"@type":"ImageObject","inLanguage":"et","@id":"https:\/\/videstehnika.lv\/katalogs\/logi\/velux-logs-premium-integra-ggu-006821-ar-divkameru-stikla-paketi\/#primaryimage","url":"https:\/\/videstehnika.lv\/wp-content\/uploads\/2021\/06\/VELUX-logs-Premium-INTEGRA-GGU-006821-ar-divkameru-stikla-paketi.jpg","contentUrl":"https:\/\/videstehnika.lv\/wp-content\/uploads\/2021\/06\/VELUX-logs-Premium-INTEGRA-GGU-006821-ar-divkameru-stikla-paketi.jpg","width":900,"height":900,"caption":"VELUX logs Premium INTEGRA GGU 006821 ar divkameru stikla paketi"},{"@type":"BreadcrumbList","@id":"https:\/\/videstehnika.lv\/katalogs\/logi\/velux-logs-premium-integra-ggu-006821-ar-divkameru-stikla-paketi\/#breadcrumb","itemListElement":[{"@type":"ListItem","position":1,"name":"Home","item":"https:\/\/videstehnika.lv\/et\/"},{"@type":"ListItem","position":2,"name":"Kataloog","item":"https:\/\/videstehnika.lv\/et\/kataloog\/"},{"@type":"ListItem","position":3,"name":"VELUX logs Premium INTEGRA GGU 006821 ar divkameru stikla paketi"}]},{"@type":"WebSite","@id":"https:\/\/videstehnika.lv\/et\/#website","url":"https:\/\/videstehnika.lv\/et\/","name":"Vides Tehnika","description":"","potentialAction":[{"@type":"SearchAction","target":{"@type":"EntryPoint","urlTemplate":"https:\/\/videstehnika.lv\/et\/?s={search_term_string}"},"query-input":{"@type":"PropertyValueSpecification","valueRequired":true,"valueName":"search_term_string"}}],"inLanguage":"et"}]}},"_links":{"self":[{"href":"https:\/\/videstehnika.lv\/et\/wp-json\/wp\/v2\/product\/9611","targetHints":{"allow":["GET"]}}],"collection":[{"href":"https:\/\/videstehnika.lv\/et\/wp-json\/wp\/v2\/product"}],"about":[{"href":"https:\/\/videstehnika.lv\/et\/wp-json\/wp\/v2\/types\/product"}],"wp:featuredmedia":[{"embeddable":true,"href":"https:\/\/videstehnika.lv\/et\/wp-json\/wp\/v2\/media\/9631"}],"wp:attachment":[{"href":"https:\/\/videstehnika.lv\/et\/wp-json\/wp\/v2\/media?parent=9611"}],"wp:term":[{"taxonomy":"product_cat","embeddable":true,"href":"https:\/\/videstehnika.lv\/et\/wp-json\/wp\/v2\/product_cat?post=9611"},{"taxonomy":"product_tag","embeddable":true,"href":"https:\/\/videstehnika.lv\/et\/wp-json\/wp\/v2\/product_tag?post=9611"}],"curies":[{"name":"wp","href":"https:\/\/api.w.org\/{rel}","templated":true}]}}