{"id":9653,"date":"2021-06-02T11:39:35","date_gmt":"2021-06-02T08:39:35","guid":{"rendered":"https:\/\/videstehnika.lv\/?post_type=product&#038;p=9653"},"modified":"2021-11-05T07:42:15","modified_gmt":"2021-11-05T05:42:15","slug":"velux-studio-tris-viena","status":"publish","type":"product","link":"https:\/\/videstehnika.lv\/katalogs\/logi\/velux-studio-tris-viena\/","title":{"rendered":"VELUX jumta logs Studio GGLS 2070 tr\u012bs vien\u0101"},"content":{"rendered":"<h2>VELUX jumta logs Studio GGLS 2070 tr\u012bs vien\u0101<\/h2>\n<p>Jaunais VELUX Studio tr\u012bs vien\u0101 risin\u0101jums ienes\u012bs telp\u0101 vair\u0101k dienasgaismas un svaigu gaisu un nodro\u0161in\u0101s pla\u0161\u0101ku skatu pa logu. R\u0101m\u012b ir ieb\u016bv\u0113ti 3 jumta logi, no kuriem vid\u0113jais logs ir neverams loga elements, un mal\u0113jie jumta logi ir verami no aug\u0161as. Pateicoties \u012bpa\u0161ajiem ieb\u016bv\u0113\u0161anas produktiem, jumta logu risin\u0101jums ir vienk\u0101r\u0161s un \u0101tri uzst\u0101d\u0101ms. Tr\u012bs logu kombin\u0101cija ir \u013coti eleganta, t\u0101 optiski palielina telpu un lieliski iederas m\u016bsdien\u012bg\u0101 interjer\u0101. \u0160\u0101ds risin\u0101jums ir piem\u0113rots telp\u0101m, kur\u0101s ir nepiecie\u0161ama dienas gaisma. Pieejami balti kr\u0101soti ar vienkameru vai divkameru stikla paketi, divos da\u017e\u0101dos izm\u0113ros. GGLS 2066 Uw v\u0113rt\u012bba ir 1,2, GGLS 2070 Uw v\u0113rt\u012bba ir 1,5.<\/p>\n","protected":false},"excerpt":{"rendered":"<p>VELUX jumta logs Studio GGLS 2070 tr\u012bs vien\u0101 Jaunais VELUX Studio tr\u012bs vien\u0101 risin\u0101jums ienes\u012bs telp\u0101 vair\u0101k dienasgaismas un svaigu<\/p>\n","protected":false},"featured_media":9656,"template":"","meta":{"_acf_changed":false},"product_cat":[1468,1467],"product_tag":[],"class_list":{"0":"post-9653","1":"product","2":"type-product","3":"status-publish","4":"has-post-thumbnail","6":"product_cat-jumta-logi","7":"product_cat-logi","9":"first","10":"onbackorder","11":"taxable","12":"shipping-taxable","13":"purchasable","14":"product-type-variable"},"acf":[],"yoast_head":"<!-- This site is optimized with the Yoast SEO plugin v24.2 - https:\/\/yoast.com\/wordpress\/plugins\/seo\/ -->\n<title>Jumta logs VELUX Studio tr\u012bs vien\u0101 &#8226; Vides Tehnika<\/title>\n<meta name=\"description\" content=\"Jumta logs VELUX Studio tr\u012bs vien\u0101 risin\u0101jums ienes\u012bs telp\u0101 vair\u0101k dienasgaismas un svaigu gaisu un nodro\u0161in\u0101s pla\u0161\u0101ku skatu pa logu.\" \/>\n<meta name=\"robots\" content=\"index, follow, max-snippet:-1, max-image-preview:large, max-video-preview:-1\" \/>\n<link rel=\"canonical\" href=\"https:\/\/videstehnika.lv\/et\/katalogs\/logi\/velux-studio-tris-viena\/\" \/>\n<meta property=\"og:locale\" content=\"et_EE\" \/>\n<meta property=\"og:type\" content=\"article\" \/>\n<meta property=\"og:title\" content=\"Jumta logs VELUX Studio tr\u012bs vien\u0101 &#8226; Vides Tehnika\" \/>\n<meta property=\"og:description\" content=\"Jumta logs VELUX Studio tr\u012bs vien\u0101 risin\u0101jums ienes\u012bs telp\u0101 vair\u0101k dienasgaismas un svaigu gaisu un nodro\u0161in\u0101s pla\u0161\u0101ku skatu pa logu.\" \/>\n<meta property=\"og:url\" content=\"https:\/\/videstehnika.lv\/katalogs\/logi\/velux-studio-tris-viena\/\" \/>\n<meta property=\"og:site_name\" content=\"Vides Tehnika\" \/>\n<meta property=\"article:modified_time\" content=\"2021-11-05T05:42:15+00:00\" \/>\n<meta property=\"og:image\" content=\"https:\/\/videstehnika.lv\/wp-content\/uploads\/2021\/06\/VELUX-Studio.jpg\" \/>\n\t<meta property=\"og:image:width\" content=\"900\" \/>\n\t<meta property=\"og:image:height\" content=\"900\" \/>\n\t<meta property=\"og:image:type\" content=\"image\/jpeg\" \/>\n<meta name=\"twitter:card\" content=\"summary_large_image\" \/>\n<meta name=\"twitter:label1\" content=\"Est. reading time\" \/>\n\t<meta name=\"twitter:data1\" content=\"1 minut\" \/>\n<script type=\"application\/ld+json\" class=\"yoast-schema-graph\">{\"@context\":\"https:\/\/schema.org\",\"@graph\":[{\"@type\":\"WebPage\",\"@id\":\"https:\/\/videstehnika.lv\/katalogs\/logi\/velux-studio-tris-viena\/\",\"url\":\"https:\/\/videstehnika.lv\/katalogs\/logi\/velux-studio-tris-viena\/\",\"name\":\"Jumta logs VELUX Studio tr\u012bs vien\u0101 &#8226; Vides Tehnika\",\"isPartOf\":{\"@id\":\"https:\/\/videstehnika.lv\/et\/#website\"},\"primaryImageOfPage\":{\"@id\":\"https:\/\/videstehnika.lv\/katalogs\/logi\/velux-studio-tris-viena\/#primaryimage\"},\"image\":{\"@id\":\"https:\/\/videstehnika.lv\/katalogs\/logi\/velux-studio-tris-viena\/#primaryimage\"},\"thumbnailUrl\":\"https:\/\/videstehnika.lv\/wp-content\/uploads\/2021\/06\/VELUX-Studio.jpg\",\"datePublished\":\"2021-06-02T08:39:35+00:00\",\"dateModified\":\"2021-11-05T05:42:15+00:00\",\"description\":\"Jumta logs VELUX Studio tr\u012bs vien\u0101 risin\u0101jums ienes\u012bs telp\u0101 vair\u0101k dienasgaismas un svaigu gaisu un nodro\u0161in\u0101s pla\u0161\u0101ku skatu pa logu.\",\"breadcrumb\":{\"@id\":\"https:\/\/videstehnika.lv\/katalogs\/logi\/velux-studio-tris-viena\/#breadcrumb\"},\"inLanguage\":\"et\",\"potentialAction\":[{\"@type\":\"ReadAction\",\"target\":[\"https:\/\/videstehnika.lv\/katalogs\/logi\/velux-studio-tris-viena\/\"]}]},{\"@type\":\"ImageObject\",\"inLanguage\":\"et\",\"@id\":\"https:\/\/videstehnika.lv\/katalogs\/logi\/velux-studio-tris-viena\/#primaryimage\",\"url\":\"https:\/\/videstehnika.lv\/wp-content\/uploads\/2021\/06\/VELUX-Studio.jpg\",\"contentUrl\":\"https:\/\/videstehnika.lv\/wp-content\/uploads\/2021\/06\/VELUX-Studio.jpg\",\"width\":900,\"height\":900,\"caption\":\"VELUX Studio tr\u012bs vien\u0101\"},{\"@type\":\"BreadcrumbList\",\"@id\":\"https:\/\/videstehnika.lv\/katalogs\/logi\/velux-studio-tris-viena\/#breadcrumb\",\"itemListElement\":[{\"@type\":\"ListItem\",\"position\":1,\"name\":\"Home\",\"item\":\"https:\/\/videstehnika.lv\/et\/\"},{\"@type\":\"ListItem\",\"position\":2,\"name\":\"Kataloog\",\"item\":\"https:\/\/videstehnika.lv\/et\/kataloog\/\"},{\"@type\":\"ListItem\",\"position\":3,\"name\":\"VELUX jumta logs Studio GGLS 2070 tr\u012bs vien\u0101\"}]},{\"@type\":\"WebSite\",\"@id\":\"https:\/\/videstehnika.lv\/et\/#website\",\"url\":\"https:\/\/videstehnika.lv\/et\/\",\"name\":\"Vides Tehnika\",\"description\":\"\",\"potentialAction\":[{\"@type\":\"SearchAction\",\"target\":{\"@type\":\"EntryPoint\",\"urlTemplate\":\"https:\/\/videstehnika.lv\/et\/?s={search_term_string}\"},\"query-input\":{\"@type\":\"PropertyValueSpecification\",\"valueRequired\":true,\"valueName\":\"search_term_string\"}}],\"inLanguage\":\"et\"}]}<\/script>\n<!-- \/ Yoast SEO plugin. -->","yoast_head_json":{"title":"Jumta logs VELUX Studio tr\u012bs vien\u0101 &#8226; Vides Tehnika","description":"Jumta logs VELUX Studio tr\u012bs vien\u0101 risin\u0101jums ienes\u012bs telp\u0101 vair\u0101k dienasgaismas un svaigu gaisu un nodro\u0161in\u0101s pla\u0161\u0101ku skatu pa logu.","robots":{"index":"index","follow":"follow","max-snippet":"max-snippet:-1","max-image-preview":"max-image-preview:large","max-video-preview":"max-video-preview:-1"},"canonical":"https:\/\/videstehnika.lv\/et\/katalogs\/logi\/velux-studio-tris-viena\/","og_locale":"et_EE","og_type":"article","og_title":"Jumta logs VELUX Studio tr\u012bs vien\u0101 &#8226; Vides Tehnika","og_description":"Jumta logs VELUX Studio tr\u012bs vien\u0101 risin\u0101jums ienes\u012bs telp\u0101 vair\u0101k dienasgaismas un svaigu gaisu un nodro\u0161in\u0101s pla\u0161\u0101ku skatu pa logu.","og_url":"https:\/\/videstehnika.lv\/katalogs\/logi\/velux-studio-tris-viena\/","og_site_name":"Vides Tehnika","article_modified_time":"2021-11-05T05:42:15+00:00","og_image":[{"width":900,"height":900,"url":"https:\/\/videstehnika.lv\/wp-content\/uploads\/2021\/06\/VELUX-Studio.jpg","type":"image\/jpeg"}],"twitter_card":"summary_large_image","twitter_misc":{"Est. reading time":"1 minut"},"schema":{"@context":"https:\/\/schema.org","@graph":[{"@type":"WebPage","@id":"https:\/\/videstehnika.lv\/katalogs\/logi\/velux-studio-tris-viena\/","url":"https:\/\/videstehnika.lv\/katalogs\/logi\/velux-studio-tris-viena\/","name":"Jumta logs VELUX Studio tr\u012bs vien\u0101 &#8226; Vides Tehnika","isPartOf":{"@id":"https:\/\/videstehnika.lv\/et\/#website"},"primaryImageOfPage":{"@id":"https:\/\/videstehnika.lv\/katalogs\/logi\/velux-studio-tris-viena\/#primaryimage"},"image":{"@id":"https:\/\/videstehnika.lv\/katalogs\/logi\/velux-studio-tris-viena\/#primaryimage"},"thumbnailUrl":"https:\/\/videstehnika.lv\/wp-content\/uploads\/2021\/06\/VELUX-Studio.jpg","datePublished":"2021-06-02T08:39:35+00:00","dateModified":"2021-11-05T05:42:15+00:00","description":"Jumta logs VELUX Studio tr\u012bs vien\u0101 risin\u0101jums ienes\u012bs telp\u0101 vair\u0101k dienasgaismas un svaigu gaisu un nodro\u0161in\u0101s pla\u0161\u0101ku skatu pa logu.","breadcrumb":{"@id":"https:\/\/videstehnika.lv\/katalogs\/logi\/velux-studio-tris-viena\/#breadcrumb"},"inLanguage":"et","potentialAction":[{"@type":"ReadAction","target":["https:\/\/videstehnika.lv\/katalogs\/logi\/velux-studio-tris-viena\/"]}]},{"@type":"ImageObject","inLanguage":"et","@id":"https:\/\/videstehnika.lv\/katalogs\/logi\/velux-studio-tris-viena\/#primaryimage","url":"https:\/\/videstehnika.lv\/wp-content\/uploads\/2021\/06\/VELUX-Studio.jpg","contentUrl":"https:\/\/videstehnika.lv\/wp-content\/uploads\/2021\/06\/VELUX-Studio.jpg","width":900,"height":900,"caption":"VELUX Studio tr\u012bs vien\u0101"},{"@type":"BreadcrumbList","@id":"https:\/\/videstehnika.lv\/katalogs\/logi\/velux-studio-tris-viena\/#breadcrumb","itemListElement":[{"@type":"ListItem","position":1,"name":"Home","item":"https:\/\/videstehnika.lv\/et\/"},{"@type":"ListItem","position":2,"name":"Kataloog","item":"https:\/\/videstehnika.lv\/et\/kataloog\/"},{"@type":"ListItem","position":3,"name":"VELUX jumta logs Studio GGLS 2070 tr\u012bs vien\u0101"}]},{"@type":"WebSite","@id":"https:\/\/videstehnika.lv\/et\/#website","url":"https:\/\/videstehnika.lv\/et\/","name":"Vides Tehnika","description":"","potentialAction":[{"@type":"SearchAction","target":{"@type":"EntryPoint","urlTemplate":"https:\/\/videstehnika.lv\/et\/?s={search_term_string}"},"query-input":{"@type":"PropertyValueSpecification","valueRequired":true,"valueName":"search_term_string"}}],"inLanguage":"et"}]}},"_links":{"self":[{"href":"https:\/\/videstehnika.lv\/et\/wp-json\/wp\/v2\/product\/9653","targetHints":{"allow":["GET"]}}],"collection":[{"href":"https:\/\/videstehnika.lv\/et\/wp-json\/wp\/v2\/product"}],"about":[{"href":"https:\/\/videstehnika.lv\/et\/wp-json\/wp\/v2\/types\/product"}],"wp:featuredmedia":[{"embeddable":true,"href":"https:\/\/videstehnika.lv\/et\/wp-json\/wp\/v2\/media\/9656"}],"wp:attachment":[{"href":"https:\/\/videstehnika.lv\/et\/wp-json\/wp\/v2\/media?parent=9653"}],"wp:term":[{"taxonomy":"product_cat","embeddable":true,"href":"https:\/\/videstehnika.lv\/et\/wp-json\/wp\/v2\/product_cat?post=9653"},{"taxonomy":"product_tag","embeddable":true,"href":"https:\/\/videstehnika.lv\/et\/wp-json\/wp\/v2\/product_tag?post=9653"}],"curies":[{"name":"wp","href":"https:\/\/api.w.org\/{rel}","templated":true}]}}