{"id":9748,"date":"2021-06-02T16:07:41","date_gmt":"2021-06-02T13:07:41","guid":{"rendered":"https:\/\/videstehnika.lv\/?post_type=product&#038;p=9748"},"modified":"2021-11-05T07:46:31","modified_gmt":"2021-11-05T05:46:31","slug":"plakana-stikla-virsma-virsgaismas-logiem-cfp-cvp-0673q","status":"publish","type":"product","link":"https:\/\/videstehnika.lv\/katalogs\/logi\/plakana-stikla-virsma-virsgaismas-logiem-cfp-cvp-0673q\/","title":{"rendered":"Plakana stikla virsma virsgaismas logiem CFP, CVP 0673Q"},"content":{"rendered":"<h2>Plakana stikla virsma virsgaismas logiem CFP, CVP 0673Q<\/h2>\n<ul>\n<li>Plakan\u0101 stikla virsma vizu\u0101li sapl\u016bst ar jumta segumu;<\/li>\n<li>Piem\u0113rots risin\u0101jums viet\u0101s, kur logs redzams no \u0101rpuses;<\/li>\n<li>Tr\u012bssl\u0101\u0146u stikla konstrukcija nodro\u0161ina optim\u0101lu energoefektivit\u0101ti;<\/li>\n<li>Siltumnotur\u012bbas koeficients Uw 1,2 &#8211; 1,4 W\/(m2K);<\/li>\n<li>Virsma ir notur\u012bga pret skr\u0101p\u0113jumiem, kas nodro\u0161ina loga ilg\u0101ku kalpo\u0161anu;<\/li>\n<li>Vienk\u0101r\u0161a uzst\u0101d\u012b\u0161ana jumtos ar sl\u012bpumu no 20 &#8211; 150;<\/li>\n<li>Apr\u012bkojams ar \u017eal\u016bzij\u0101m (FMG, FSK).<\/li>\n<\/ul>\n","protected":false},"excerpt":{"rendered":"<p>Plakana stikla virsma virsgaismas logiem CFP, CVP 0673Q Plakan\u0101 stikla virsma vizu\u0101li sapl\u016bst ar jumta segumu; Piem\u0113rots risin\u0101jums viet\u0101s, kur<\/p>\n","protected":false},"featured_media":9757,"template":"","meta":{"_acf_changed":false},"product_cat":[1497,1467],"product_tag":[],"class_list":{"0":"post-9748","1":"product","2":"type-product","3":"status-publish","4":"has-post-thumbnail","6":"product_cat-virsgaismas-logi","7":"product_cat-logi","9":"first","10":"onbackorder","11":"taxable","12":"shipping-taxable","13":"purchasable","14":"product-type-variable"},"acf":[],"yoast_head":"<!-- This site is optimized with the Yoast SEO plugin v24.2 - https:\/\/yoast.com\/wordpress\/plugins\/seo\/ -->\n<title>Plakana stikla virsma virsgaismas logiem CFP, CVP 0673Q &#8226; Vides Tehnika<\/title>\n<meta name=\"description\" content=\"Plakana stikla virsma virsgaismas logiem CFP, CVP 0673Q - piem\u0113rots risin\u0101jums viet\u0101s, kur logs redzams no \u0101rpuses.\" \/>\n<meta name=\"robots\" content=\"index, follow, max-snippet:-1, max-image-preview:large, max-video-preview:-1\" \/>\n<link rel=\"canonical\" href=\"https:\/\/videstehnika.lv\/et\/katalogs\/logi\/plakana-stikla-virsma-virsgaismas-logiem-cfp-cvp-0673q\/\" \/>\n<meta property=\"og:locale\" content=\"et_EE\" \/>\n<meta property=\"og:type\" content=\"article\" \/>\n<meta property=\"og:title\" content=\"Plakana stikla virsma virsgaismas logiem CFP, CVP 0673Q &#8226; Vides Tehnika\" \/>\n<meta property=\"og:description\" content=\"Plakana stikla virsma virsgaismas logiem CFP, CVP 0673Q - piem\u0113rots risin\u0101jums viet\u0101s, kur logs redzams no \u0101rpuses.\" \/>\n<meta property=\"og:url\" content=\"https:\/\/videstehnika.lv\/katalogs\/logi\/plakana-stikla-virsma-virsgaismas-logiem-cfp-cvp-0673q\/\" \/>\n<meta property=\"og:site_name\" content=\"Vides Tehnika\" \/>\n<meta property=\"article:modified_time\" content=\"2021-11-05T05:46:31+00:00\" \/>\n<meta property=\"og:image\" content=\"https:\/\/videstehnika.lv\/wp-content\/uploads\/2021\/06\/Plakana-stikla-virsma-virsgaismas-logiem-CFP-CVP-0673Q.jpg\" \/>\n\t<meta property=\"og:image:width\" content=\"900\" \/>\n\t<meta property=\"og:image:height\" content=\"900\" \/>\n\t<meta property=\"og:image:type\" content=\"image\/jpeg\" \/>\n<meta name=\"twitter:card\" content=\"summary_large_image\" \/>\n<meta name=\"twitter:label1\" content=\"Est. reading time\" \/>\n\t<meta name=\"twitter:data1\" content=\"1 minut\" \/>\n<script type=\"application\/ld+json\" class=\"yoast-schema-graph\">{\"@context\":\"https:\/\/schema.org\",\"@graph\":[{\"@type\":\"WebPage\",\"@id\":\"https:\/\/videstehnika.lv\/katalogs\/logi\/plakana-stikla-virsma-virsgaismas-logiem-cfp-cvp-0673q\/\",\"url\":\"https:\/\/videstehnika.lv\/katalogs\/logi\/plakana-stikla-virsma-virsgaismas-logiem-cfp-cvp-0673q\/\",\"name\":\"Plakana stikla virsma virsgaismas logiem CFP, CVP 0673Q &#8226; Vides Tehnika\",\"isPartOf\":{\"@id\":\"https:\/\/videstehnika.lv\/et\/#website\"},\"primaryImageOfPage\":{\"@id\":\"https:\/\/videstehnika.lv\/katalogs\/logi\/plakana-stikla-virsma-virsgaismas-logiem-cfp-cvp-0673q\/#primaryimage\"},\"image\":{\"@id\":\"https:\/\/videstehnika.lv\/katalogs\/logi\/plakana-stikla-virsma-virsgaismas-logiem-cfp-cvp-0673q\/#primaryimage\"},\"thumbnailUrl\":\"https:\/\/videstehnika.lv\/wp-content\/uploads\/2021\/06\/Plakana-stikla-virsma-virsgaismas-logiem-CFP-CVP-0673Q.jpg\",\"datePublished\":\"2021-06-02T13:07:41+00:00\",\"dateModified\":\"2021-11-05T05:46:31+00:00\",\"description\":\"Plakana stikla virsma virsgaismas logiem CFP, CVP 0673Q - piem\u0113rots risin\u0101jums viet\u0101s, kur logs redzams no \u0101rpuses.\",\"breadcrumb\":{\"@id\":\"https:\/\/videstehnika.lv\/katalogs\/logi\/plakana-stikla-virsma-virsgaismas-logiem-cfp-cvp-0673q\/#breadcrumb\"},\"inLanguage\":\"et\",\"potentialAction\":[{\"@type\":\"ReadAction\",\"target\":[\"https:\/\/videstehnika.lv\/katalogs\/logi\/plakana-stikla-virsma-virsgaismas-logiem-cfp-cvp-0673q\/\"]}]},{\"@type\":\"ImageObject\",\"inLanguage\":\"et\",\"@id\":\"https:\/\/videstehnika.lv\/katalogs\/logi\/plakana-stikla-virsma-virsgaismas-logiem-cfp-cvp-0673q\/#primaryimage\",\"url\":\"https:\/\/videstehnika.lv\/wp-content\/uploads\/2021\/06\/Plakana-stikla-virsma-virsgaismas-logiem-CFP-CVP-0673Q.jpg\",\"contentUrl\":\"https:\/\/videstehnika.lv\/wp-content\/uploads\/2021\/06\/Plakana-stikla-virsma-virsgaismas-logiem-CFP-CVP-0673Q.jpg\",\"width\":900,\"height\":900,\"caption\":\"Plakana stikla virsma virsgaismas logiem CFP, CVP 0673Q\"},{\"@type\":\"BreadcrumbList\",\"@id\":\"https:\/\/videstehnika.lv\/katalogs\/logi\/plakana-stikla-virsma-virsgaismas-logiem-cfp-cvp-0673q\/#breadcrumb\",\"itemListElement\":[{\"@type\":\"ListItem\",\"position\":1,\"name\":\"Home\",\"item\":\"https:\/\/videstehnika.lv\/et\/\"},{\"@type\":\"ListItem\",\"position\":2,\"name\":\"Kataloog\",\"item\":\"https:\/\/videstehnika.lv\/et\/kataloog\/\"},{\"@type\":\"ListItem\",\"position\":3,\"name\":\"Plakana stikla virsma virsgaismas logiem CFP, CVP 0673Q\"}]},{\"@type\":\"WebSite\",\"@id\":\"https:\/\/videstehnika.lv\/et\/#website\",\"url\":\"https:\/\/videstehnika.lv\/et\/\",\"name\":\"Vides Tehnika\",\"description\":\"\",\"potentialAction\":[{\"@type\":\"SearchAction\",\"target\":{\"@type\":\"EntryPoint\",\"urlTemplate\":\"https:\/\/videstehnika.lv\/et\/?s={search_term_string}\"},\"query-input\":{\"@type\":\"PropertyValueSpecification\",\"valueRequired\":true,\"valueName\":\"search_term_string\"}}],\"inLanguage\":\"et\"}]}<\/script>\n<!-- \/ Yoast SEO plugin. -->","yoast_head_json":{"title":"Plakana stikla virsma virsgaismas logiem CFP, CVP 0673Q &#8226; Vides Tehnika","description":"Plakana stikla virsma virsgaismas logiem CFP, CVP 0673Q - piem\u0113rots risin\u0101jums viet\u0101s, kur logs redzams no \u0101rpuses.","robots":{"index":"index","follow":"follow","max-snippet":"max-snippet:-1","max-image-preview":"max-image-preview:large","max-video-preview":"max-video-preview:-1"},"canonical":"https:\/\/videstehnika.lv\/et\/katalogs\/logi\/plakana-stikla-virsma-virsgaismas-logiem-cfp-cvp-0673q\/","og_locale":"et_EE","og_type":"article","og_title":"Plakana stikla virsma virsgaismas logiem CFP, CVP 0673Q &#8226; Vides Tehnika","og_description":"Plakana stikla virsma virsgaismas logiem CFP, CVP 0673Q - piem\u0113rots risin\u0101jums viet\u0101s, kur logs redzams no \u0101rpuses.","og_url":"https:\/\/videstehnika.lv\/katalogs\/logi\/plakana-stikla-virsma-virsgaismas-logiem-cfp-cvp-0673q\/","og_site_name":"Vides Tehnika","article_modified_time":"2021-11-05T05:46:31+00:00","og_image":[{"width":900,"height":900,"url":"https:\/\/videstehnika.lv\/wp-content\/uploads\/2021\/06\/Plakana-stikla-virsma-virsgaismas-logiem-CFP-CVP-0673Q.jpg","type":"image\/jpeg"}],"twitter_card":"summary_large_image","twitter_misc":{"Est. reading time":"1 minut"},"schema":{"@context":"https:\/\/schema.org","@graph":[{"@type":"WebPage","@id":"https:\/\/videstehnika.lv\/katalogs\/logi\/plakana-stikla-virsma-virsgaismas-logiem-cfp-cvp-0673q\/","url":"https:\/\/videstehnika.lv\/katalogs\/logi\/plakana-stikla-virsma-virsgaismas-logiem-cfp-cvp-0673q\/","name":"Plakana stikla virsma virsgaismas logiem CFP, CVP 0673Q &#8226; Vides Tehnika","isPartOf":{"@id":"https:\/\/videstehnika.lv\/et\/#website"},"primaryImageOfPage":{"@id":"https:\/\/videstehnika.lv\/katalogs\/logi\/plakana-stikla-virsma-virsgaismas-logiem-cfp-cvp-0673q\/#primaryimage"},"image":{"@id":"https:\/\/videstehnika.lv\/katalogs\/logi\/plakana-stikla-virsma-virsgaismas-logiem-cfp-cvp-0673q\/#primaryimage"},"thumbnailUrl":"https:\/\/videstehnika.lv\/wp-content\/uploads\/2021\/06\/Plakana-stikla-virsma-virsgaismas-logiem-CFP-CVP-0673Q.jpg","datePublished":"2021-06-02T13:07:41+00:00","dateModified":"2021-11-05T05:46:31+00:00","description":"Plakana stikla virsma virsgaismas logiem CFP, CVP 0673Q - piem\u0113rots risin\u0101jums viet\u0101s, kur logs redzams no \u0101rpuses.","breadcrumb":{"@id":"https:\/\/videstehnika.lv\/katalogs\/logi\/plakana-stikla-virsma-virsgaismas-logiem-cfp-cvp-0673q\/#breadcrumb"},"inLanguage":"et","potentialAction":[{"@type":"ReadAction","target":["https:\/\/videstehnika.lv\/katalogs\/logi\/plakana-stikla-virsma-virsgaismas-logiem-cfp-cvp-0673q\/"]}]},{"@type":"ImageObject","inLanguage":"et","@id":"https:\/\/videstehnika.lv\/katalogs\/logi\/plakana-stikla-virsma-virsgaismas-logiem-cfp-cvp-0673q\/#primaryimage","url":"https:\/\/videstehnika.lv\/wp-content\/uploads\/2021\/06\/Plakana-stikla-virsma-virsgaismas-logiem-CFP-CVP-0673Q.jpg","contentUrl":"https:\/\/videstehnika.lv\/wp-content\/uploads\/2021\/06\/Plakana-stikla-virsma-virsgaismas-logiem-CFP-CVP-0673Q.jpg","width":900,"height":900,"caption":"Plakana stikla virsma virsgaismas logiem CFP, CVP 0673Q"},{"@type":"BreadcrumbList","@id":"https:\/\/videstehnika.lv\/katalogs\/logi\/plakana-stikla-virsma-virsgaismas-logiem-cfp-cvp-0673q\/#breadcrumb","itemListElement":[{"@type":"ListItem","position":1,"name":"Home","item":"https:\/\/videstehnika.lv\/et\/"},{"@type":"ListItem","position":2,"name":"Kataloog","item":"https:\/\/videstehnika.lv\/et\/kataloog\/"},{"@type":"ListItem","position":3,"name":"Plakana stikla virsma virsgaismas logiem CFP, CVP 0673Q"}]},{"@type":"WebSite","@id":"https:\/\/videstehnika.lv\/et\/#website","url":"https:\/\/videstehnika.lv\/et\/","name":"Vides Tehnika","description":"","potentialAction":[{"@type":"SearchAction","target":{"@type":"EntryPoint","urlTemplate":"https:\/\/videstehnika.lv\/et\/?s={search_term_string}"},"query-input":{"@type":"PropertyValueSpecification","valueRequired":true,"valueName":"search_term_string"}}],"inLanguage":"et"}]}},"_links":{"self":[{"href":"https:\/\/videstehnika.lv\/et\/wp-json\/wp\/v2\/product\/9748","targetHints":{"allow":["GET"]}}],"collection":[{"href":"https:\/\/videstehnika.lv\/et\/wp-json\/wp\/v2\/product"}],"about":[{"href":"https:\/\/videstehnika.lv\/et\/wp-json\/wp\/v2\/types\/product"}],"wp:featuredmedia":[{"embeddable":true,"href":"https:\/\/videstehnika.lv\/et\/wp-json\/wp\/v2\/media\/9757"}],"wp:attachment":[{"href":"https:\/\/videstehnika.lv\/et\/wp-json\/wp\/v2\/media?parent=9748"}],"wp:term":[{"taxonomy":"product_cat","embeddable":true,"href":"https:\/\/videstehnika.lv\/et\/wp-json\/wp\/v2\/product_cat?post=9748"},{"taxonomy":"product_tag","embeddable":true,"href":"https:\/\/videstehnika.lv\/et\/wp-json\/wp\/v2\/product_tag?post=9748"}],"curies":[{"name":"wp","href":"https:\/\/api.w.org\/{rel}","templated":true}]}}