{"id":9793,"date":"2021-06-03T11:36:45","date_gmt":"2021-06-03T08:36:45","guid":{"rendered":"https:\/\/videstehnika.lv\/?post_type=product&#038;p=9793"},"modified":"2021-11-05T07:51:18","modified_gmt":"2021-11-05T05:51:18","slug":"velux-pieslegumi-jumta-logiem-eds-0000","status":"publish","type":"product","link":"https:\/\/videstehnika.lv\/katalogs\/logi\/velux-pieslegumi-jumta-logiem-eds-0000\/","title":{"rendered":"VELUX piesl\u0113gumi jumta logiem EDS 0000"},"content":{"rendered":"<h2>VELUX piesl\u0113gumi jumta logiem EDS 0000, jumta seguma augstums l\u012bdz 16mm<\/h2>\n<p>Piesl\u0113gums paredz\u0113ts plakaniem jumta segumiem, kuru profila augstums nep\u0101rsniedz 16 mm. Piem\u0113ram, bitumena \u0161indelis, bitumena ru\u013c\u013cveida jumta segums u.c. Velux mont\u0101\u017eas piesl\u0113gumi ir izgatavoti t\u0101, lai nevainojami un prec\u012bzi atbilstu konkr\u0113t\u0101 loga izm\u0113ram un nodro\u0161in\u0101tu \u016bdensnecaurlaid\u012bgu izol\u0101ciju starp Velux jumta logu un jumta segumu.<\/p>\n","protected":false},"excerpt":{"rendered":"<p>VELUX piesl\u0113gumi jumta logiem EDS 0000, jumta seguma augstums l\u012bdz 16mm Piesl\u0113gums paredz\u0113ts plakaniem jumta segumiem, kuru profila augstums nep\u0101rsniedz<\/p>\n","protected":false},"featured_media":9815,"template":"","meta":{"_acf_changed":false},"product_cat":[1507,1467],"product_tag":[],"class_list":{"0":"post-9793","1":"product","2":"type-product","3":"status-publish","4":"has-post-thumbnail","6":"product_cat-iebuvesanas-materiali","7":"product_cat-logi","9":"first","10":"onbackorder","11":"taxable","12":"shipping-taxable","13":"purchasable","14":"product-type-variable"},"acf":[],"yoast_head":"<!-- This site is optimized with the Yoast SEO plugin v24.2 - https:\/\/yoast.com\/wordpress\/plugins\/seo\/ -->\n<title>VELUX piesl\u0113gumi jumta logiem EDS 0000 &#8226; Vides Tehnika<\/title>\n<meta name=\"description\" content=\"VELUX piesl\u0113gumi jumta logiem EDS 0000 - paredz\u0113ts plakaniem jumta segumiem, kuru profila augstums nep\u0101rsniedz 16 mm.\" \/>\n<meta name=\"robots\" content=\"index, follow, max-snippet:-1, max-image-preview:large, max-video-preview:-1\" \/>\n<link rel=\"canonical\" href=\"https:\/\/videstehnika.lv\/et\/katalogs\/logi\/velux-pieslegumi-jumta-logiem-eds-0000\/\" \/>\n<meta property=\"og:locale\" content=\"et_EE\" \/>\n<meta property=\"og:type\" content=\"article\" \/>\n<meta property=\"og:title\" content=\"VELUX piesl\u0113gumi jumta logiem EDS 0000 &#8226; Vides Tehnika\" \/>\n<meta property=\"og:description\" content=\"VELUX piesl\u0113gumi jumta logiem EDS 0000 - paredz\u0113ts plakaniem jumta segumiem, kuru profila augstums nep\u0101rsniedz 16 mm.\" \/>\n<meta property=\"og:url\" content=\"https:\/\/videstehnika.lv\/katalogs\/logi\/velux-pieslegumi-jumta-logiem-eds-0000\/\" \/>\n<meta property=\"og:site_name\" content=\"Vides Tehnika\" \/>\n<meta property=\"article:modified_time\" content=\"2021-11-05T05:51:18+00:00\" \/>\n<meta property=\"og:image\" content=\"https:\/\/videstehnika.lv\/wp-content\/uploads\/2021\/06\/VELUX-pieslegumi-jumta-logiem-EDS-0000.jpg\" \/>\n\t<meta property=\"og:image:width\" content=\"900\" \/>\n\t<meta property=\"og:image:height\" content=\"900\" \/>\n\t<meta property=\"og:image:type\" content=\"image\/jpeg\" \/>\n<meta name=\"twitter:card\" content=\"summary_large_image\" \/>\n<meta name=\"twitter:label1\" content=\"Est. reading time\" \/>\n\t<meta name=\"twitter:data1\" content=\"1 minut\" \/>\n<script type=\"application\/ld+json\" class=\"yoast-schema-graph\">{\"@context\":\"https:\/\/schema.org\",\"@graph\":[{\"@type\":\"WebPage\",\"@id\":\"https:\/\/videstehnika.lv\/katalogs\/logi\/velux-pieslegumi-jumta-logiem-eds-0000\/\",\"url\":\"https:\/\/videstehnika.lv\/katalogs\/logi\/velux-pieslegumi-jumta-logiem-eds-0000\/\",\"name\":\"VELUX piesl\u0113gumi jumta logiem EDS 0000 &#8226; Vides Tehnika\",\"isPartOf\":{\"@id\":\"https:\/\/videstehnika.lv\/et\/#website\"},\"primaryImageOfPage\":{\"@id\":\"https:\/\/videstehnika.lv\/katalogs\/logi\/velux-pieslegumi-jumta-logiem-eds-0000\/#primaryimage\"},\"image\":{\"@id\":\"https:\/\/videstehnika.lv\/katalogs\/logi\/velux-pieslegumi-jumta-logiem-eds-0000\/#primaryimage\"},\"thumbnailUrl\":\"https:\/\/videstehnika.lv\/wp-content\/uploads\/2021\/06\/VELUX-pieslegumi-jumta-logiem-EDS-0000.jpg\",\"datePublished\":\"2021-06-03T08:36:45+00:00\",\"dateModified\":\"2021-11-05T05:51:18+00:00\",\"description\":\"VELUX piesl\u0113gumi jumta logiem EDS 0000 - paredz\u0113ts plakaniem jumta segumiem, kuru profila augstums nep\u0101rsniedz 16 mm.\",\"breadcrumb\":{\"@id\":\"https:\/\/videstehnika.lv\/katalogs\/logi\/velux-pieslegumi-jumta-logiem-eds-0000\/#breadcrumb\"},\"inLanguage\":\"et\",\"potentialAction\":[{\"@type\":\"ReadAction\",\"target\":[\"https:\/\/videstehnika.lv\/katalogs\/logi\/velux-pieslegumi-jumta-logiem-eds-0000\/\"]}]},{\"@type\":\"ImageObject\",\"inLanguage\":\"et\",\"@id\":\"https:\/\/videstehnika.lv\/katalogs\/logi\/velux-pieslegumi-jumta-logiem-eds-0000\/#primaryimage\",\"url\":\"https:\/\/videstehnika.lv\/wp-content\/uploads\/2021\/06\/VELUX-pieslegumi-jumta-logiem-EDS-0000.jpg\",\"contentUrl\":\"https:\/\/videstehnika.lv\/wp-content\/uploads\/2021\/06\/VELUX-pieslegumi-jumta-logiem-EDS-0000.jpg\",\"width\":900,\"height\":900,\"caption\":\"VELUX piesl\u0113gumi jumta logiem EDS 0000\"},{\"@type\":\"BreadcrumbList\",\"@id\":\"https:\/\/videstehnika.lv\/katalogs\/logi\/velux-pieslegumi-jumta-logiem-eds-0000\/#breadcrumb\",\"itemListElement\":[{\"@type\":\"ListItem\",\"position\":1,\"name\":\"Home\",\"item\":\"https:\/\/videstehnika.lv\/et\/\"},{\"@type\":\"ListItem\",\"position\":2,\"name\":\"Kataloog\",\"item\":\"https:\/\/videstehnika.lv\/et\/kataloog\/\"},{\"@type\":\"ListItem\",\"position\":3,\"name\":\"VELUX piesl\u0113gumi jumta logiem EDS 0000\"}]},{\"@type\":\"WebSite\",\"@id\":\"https:\/\/videstehnika.lv\/et\/#website\",\"url\":\"https:\/\/videstehnika.lv\/et\/\",\"name\":\"Vides Tehnika\",\"description\":\"\",\"potentialAction\":[{\"@type\":\"SearchAction\",\"target\":{\"@type\":\"EntryPoint\",\"urlTemplate\":\"https:\/\/videstehnika.lv\/et\/?s={search_term_string}\"},\"query-input\":{\"@type\":\"PropertyValueSpecification\",\"valueRequired\":true,\"valueName\":\"search_term_string\"}}],\"inLanguage\":\"et\"}]}<\/script>\n<!-- \/ Yoast SEO plugin. -->","yoast_head_json":{"title":"VELUX piesl\u0113gumi jumta logiem EDS 0000 &#8226; Vides Tehnika","description":"VELUX piesl\u0113gumi jumta logiem EDS 0000 - paredz\u0113ts plakaniem jumta segumiem, kuru profila augstums nep\u0101rsniedz 16 mm.","robots":{"index":"index","follow":"follow","max-snippet":"max-snippet:-1","max-image-preview":"max-image-preview:large","max-video-preview":"max-video-preview:-1"},"canonical":"https:\/\/videstehnika.lv\/et\/katalogs\/logi\/velux-pieslegumi-jumta-logiem-eds-0000\/","og_locale":"et_EE","og_type":"article","og_title":"VELUX piesl\u0113gumi jumta logiem EDS 0000 &#8226; Vides Tehnika","og_description":"VELUX piesl\u0113gumi jumta logiem EDS 0000 - paredz\u0113ts plakaniem jumta segumiem, kuru profila augstums nep\u0101rsniedz 16 mm.","og_url":"https:\/\/videstehnika.lv\/katalogs\/logi\/velux-pieslegumi-jumta-logiem-eds-0000\/","og_site_name":"Vides Tehnika","article_modified_time":"2021-11-05T05:51:18+00:00","og_image":[{"width":900,"height":900,"url":"https:\/\/videstehnika.lv\/wp-content\/uploads\/2021\/06\/VELUX-pieslegumi-jumta-logiem-EDS-0000.jpg","type":"image\/jpeg"}],"twitter_card":"summary_large_image","twitter_misc":{"Est. reading time":"1 minut"},"schema":{"@context":"https:\/\/schema.org","@graph":[{"@type":"WebPage","@id":"https:\/\/videstehnika.lv\/katalogs\/logi\/velux-pieslegumi-jumta-logiem-eds-0000\/","url":"https:\/\/videstehnika.lv\/katalogs\/logi\/velux-pieslegumi-jumta-logiem-eds-0000\/","name":"VELUX piesl\u0113gumi jumta logiem EDS 0000 &#8226; Vides Tehnika","isPartOf":{"@id":"https:\/\/videstehnika.lv\/et\/#website"},"primaryImageOfPage":{"@id":"https:\/\/videstehnika.lv\/katalogs\/logi\/velux-pieslegumi-jumta-logiem-eds-0000\/#primaryimage"},"image":{"@id":"https:\/\/videstehnika.lv\/katalogs\/logi\/velux-pieslegumi-jumta-logiem-eds-0000\/#primaryimage"},"thumbnailUrl":"https:\/\/videstehnika.lv\/wp-content\/uploads\/2021\/06\/VELUX-pieslegumi-jumta-logiem-EDS-0000.jpg","datePublished":"2021-06-03T08:36:45+00:00","dateModified":"2021-11-05T05:51:18+00:00","description":"VELUX piesl\u0113gumi jumta logiem EDS 0000 - paredz\u0113ts plakaniem jumta segumiem, kuru profila augstums nep\u0101rsniedz 16 mm.","breadcrumb":{"@id":"https:\/\/videstehnika.lv\/katalogs\/logi\/velux-pieslegumi-jumta-logiem-eds-0000\/#breadcrumb"},"inLanguage":"et","potentialAction":[{"@type":"ReadAction","target":["https:\/\/videstehnika.lv\/katalogs\/logi\/velux-pieslegumi-jumta-logiem-eds-0000\/"]}]},{"@type":"ImageObject","inLanguage":"et","@id":"https:\/\/videstehnika.lv\/katalogs\/logi\/velux-pieslegumi-jumta-logiem-eds-0000\/#primaryimage","url":"https:\/\/videstehnika.lv\/wp-content\/uploads\/2021\/06\/VELUX-pieslegumi-jumta-logiem-EDS-0000.jpg","contentUrl":"https:\/\/videstehnika.lv\/wp-content\/uploads\/2021\/06\/VELUX-pieslegumi-jumta-logiem-EDS-0000.jpg","width":900,"height":900,"caption":"VELUX piesl\u0113gumi jumta logiem EDS 0000"},{"@type":"BreadcrumbList","@id":"https:\/\/videstehnika.lv\/katalogs\/logi\/velux-pieslegumi-jumta-logiem-eds-0000\/#breadcrumb","itemListElement":[{"@type":"ListItem","position":1,"name":"Home","item":"https:\/\/videstehnika.lv\/et\/"},{"@type":"ListItem","position":2,"name":"Kataloog","item":"https:\/\/videstehnika.lv\/et\/kataloog\/"},{"@type":"ListItem","position":3,"name":"VELUX piesl\u0113gumi jumta logiem EDS 0000"}]},{"@type":"WebSite","@id":"https:\/\/videstehnika.lv\/et\/#website","url":"https:\/\/videstehnika.lv\/et\/","name":"Vides Tehnika","description":"","potentialAction":[{"@type":"SearchAction","target":{"@type":"EntryPoint","urlTemplate":"https:\/\/videstehnika.lv\/et\/?s={search_term_string}"},"query-input":{"@type":"PropertyValueSpecification","valueRequired":true,"valueName":"search_term_string"}}],"inLanguage":"et"}]}},"_links":{"self":[{"href":"https:\/\/videstehnika.lv\/et\/wp-json\/wp\/v2\/product\/9793","targetHints":{"allow":["GET"]}}],"collection":[{"href":"https:\/\/videstehnika.lv\/et\/wp-json\/wp\/v2\/product"}],"about":[{"href":"https:\/\/videstehnika.lv\/et\/wp-json\/wp\/v2\/types\/product"}],"wp:featuredmedia":[{"embeddable":true,"href":"https:\/\/videstehnika.lv\/et\/wp-json\/wp\/v2\/media\/9815"}],"wp:attachment":[{"href":"https:\/\/videstehnika.lv\/et\/wp-json\/wp\/v2\/media?parent=9793"}],"wp:term":[{"taxonomy":"product_cat","embeddable":true,"href":"https:\/\/videstehnika.lv\/et\/wp-json\/wp\/v2\/product_cat?post=9793"},{"taxonomy":"product_tag","embeddable":true,"href":"https:\/\/videstehnika.lv\/et\/wp-json\/wp\/v2\/product_tag?post=9793"}],"curies":[{"name":"wp","href":"https:\/\/api.w.org\/{rel}","templated":true}]}}