{"id":10046,"date":"2021-06-16T09:54:38","date_gmt":"2021-06-16T06:54:38","guid":{"rendered":"https:\/\/videstehnika.lv\/?post_type=product&#038;p=10046"},"modified":"2026-03-23T13:38:54","modified_gmt":"2026-03-23T11:38:54","slug":"norgips-white-gkb-regipsis-1200x3000x12-5mm-36m2","status":"publish","type":"product","link":"https:\/\/videstehnika.lv\/katalogs\/buvmateriali-buvei-remontam-un-ieksdarbiem\/norgips-white-gkb-regipsis-1200x3000x12-5mm-36m2\/","title":{"rendered":"NORGIPS Q GKB standarta re\u0123ipsis"},"content":{"rendered":"<h2><img loading=\"lazy\" decoding=\"async\" class=\" wp-image-14806 alignleft\" src=\"https:\/\/videstehnika.lv\/wp-content\/uploads\/2022\/08\/wqq-300x168.png\" alt=\"\" width=\"447\" height=\"250\" srcset=\"https:\/\/videstehnika.lv\/wp-content\/uploads\/2022\/08\/wqq-300x168.png 300w, https:\/\/videstehnika.lv\/wp-content\/uploads\/2022\/08\/wqq-150x84.png 150w, https:\/\/videstehnika.lv\/wp-content\/uploads\/2022\/08\/wqq.png 446w\" sizes=\"auto, (max-width: 447px) 100vw, 447px\" \/>NORGIPS Q standarta re\u0123ipsis<\/h2>\n<p>Standarta re\u0123ip\u0161a pl\u0101ksnes GKB pielieto k\u0101 ap\u0161uvuma pl\u0101ksnes . T\u0101s ir daudzveid\u012bgi izmantojamas pl\u0101ksnes sienu un griestu ap\u0161\u016b\u0161anai un starpsienu mont\u0101\u017eai. Standarta \u0123ip\u0161a pl\u0101ksnes ir viegli un \u0101tri mont\u0113jama.<\/p>\n<p>Kr\u0101sa &#8211; ivory kr\u0101sas kartons ar zilu aprakstu un lielu Norgips Q mar\u0137\u0113jumu.<\/p>\n<h2>NORGIPS Q GKB pielietojums<\/h2>\n<p>Re\u0123ipsis izmanto\u0161anai iek\u0161telp\u0101s. Izmanto visu veidu konstrukcij\u0101s un \u0123ip\u0161kartona sist\u0113m\u0101s telp\u0101s, kuru relat\u012bvais mitrums nep\u0101rsniedz 70%.<\/p>\n","protected":false},"excerpt":{"rendered":"<p>Cena nor\u0101d\u012bta par pl\u0101ksni<\/p>\n","protected":false},"featured_media":37424,"template":"","meta":{"_acf_changed":false},"product_cat":[70,100],"product_tag":[],"class_list":{"0":"post-10046","1":"product","2":"type-product","3":"status-publish","4":"has-post-thumbnail","6":"product_cat-buvmateriali-buvei-remontam-un-ieksdarbiem","7":"product_cat-regipsis","9":"first","10":"instock","11":"taxable","12":"shipping-taxable","13":"purchasable","14":"product-type-variable"},"acf":[],"yoast_head":"<!-- This site is optimized with the Yoast SEO plugin v24.2 - https:\/\/yoast.com\/wordpress\/plugins\/seo\/ -->\n<title>NORGIPS Q GKB standarta re\u0123ipsis &#8226; Vides Tehnika<\/title>\n<meta name=\"description\" content=\"NORGIPS White GKB re\u0123ip\u0161a (\u0123ip\u0161kartona) pl\u0101ksnes pielieto iek\u0161darbiem, k\u0101 ap\u0161uvuma pl\u0101ksnes vis\u0101s saus\u0101s b\u016bves konstrukcij\u0101s.\" \/>\n<meta name=\"robots\" content=\"index, follow, max-snippet:-1, max-image-preview:large, max-video-preview:-1\" \/>\n<link rel=\"canonical\" href=\"https:\/\/videstehnika.lv\/lt\/katalogs\/buvmateriali-buvei-remontam-un-ieksdarbiem\/norgips-white-gkb-regipsis-1200x3000x12-5mm-36m2\/\" \/>\n<meta property=\"og:locale\" content=\"lt_LT\" \/>\n<meta property=\"og:type\" content=\"article\" \/>\n<meta property=\"og:title\" content=\"NORGIPS Q GKB standarta re\u0123ipsis &#8226; Vides Tehnika\" \/>\n<meta property=\"og:description\" content=\"NORGIPS White GKB re\u0123ip\u0161a (\u0123ip\u0161kartona) pl\u0101ksnes pielieto iek\u0161darbiem, k\u0101 ap\u0161uvuma pl\u0101ksnes vis\u0101s saus\u0101s b\u016bves konstrukcij\u0101s.\" \/>\n<meta property=\"og:url\" content=\"https:\/\/videstehnika.lv\/katalogs\/buvmateriali-buvei-remontam-un-ieksdarbiem\/norgips-white-gkb-regipsis-1200x3000x12-5mm-36m2\/\" \/>\n<meta property=\"og:site_name\" content=\"Vides Tehnika\" \/>\n<meta property=\"article:modified_time\" content=\"2026-03-23T11:38:54+00:00\" \/>\n<meta property=\"og:image\" content=\"https:\/\/videstehnika.lv\/wp-content\/uploads\/2021\/06\/Screenshot-2024-07-25-103721.jpg\" \/>\n\t<meta property=\"og:image:width\" content=\"748\" \/>\n\t<meta property=\"og:image:height\" content=\"702\" \/>\n\t<meta property=\"og:image:type\" content=\"image\/jpeg\" \/>\n<meta name=\"twitter:card\" content=\"summary_large_image\" \/>\n<meta name=\"twitter:label1\" content=\"Est. reading time\" \/>\n\t<meta name=\"twitter:data1\" content=\"1 minut\u0117\" \/>\n<script type=\"application\/ld+json\" class=\"yoast-schema-graph\">{\"@context\":\"https:\/\/schema.org\",\"@graph\":[{\"@type\":\"WebPage\",\"@id\":\"https:\/\/videstehnika.lv\/katalogs\/buvmateriali-buvei-remontam-un-ieksdarbiem\/norgips-white-gkb-regipsis-1200x3000x12-5mm-36m2\/\",\"url\":\"https:\/\/videstehnika.lv\/katalogs\/buvmateriali-buvei-remontam-un-ieksdarbiem\/norgips-white-gkb-regipsis-1200x3000x12-5mm-36m2\/\",\"name\":\"NORGIPS Q GKB standarta re\u0123ipsis &#8226; Vides Tehnika\",\"isPartOf\":{\"@id\":\"https:\/\/videstehnika.lv\/lt\/#website\"},\"primaryImageOfPage\":{\"@id\":\"https:\/\/videstehnika.lv\/katalogs\/buvmateriali-buvei-remontam-un-ieksdarbiem\/norgips-white-gkb-regipsis-1200x3000x12-5mm-36m2\/#primaryimage\"},\"image\":{\"@id\":\"https:\/\/videstehnika.lv\/katalogs\/buvmateriali-buvei-remontam-un-ieksdarbiem\/norgips-white-gkb-regipsis-1200x3000x12-5mm-36m2\/#primaryimage\"},\"thumbnailUrl\":\"https:\/\/videstehnika.lv\/wp-content\/uploads\/2021\/06\/Screenshot-2024-07-25-103721.jpg\",\"datePublished\":\"2021-06-16T06:54:38+00:00\",\"dateModified\":\"2026-03-23T11:38:54+00:00\",\"description\":\"NORGIPS White GKB re\u0123ip\u0161a (\u0123ip\u0161kartona) pl\u0101ksnes pielieto iek\u0161darbiem, k\u0101 ap\u0161uvuma pl\u0101ksnes vis\u0101s saus\u0101s b\u016bves konstrukcij\u0101s.\",\"breadcrumb\":{\"@id\":\"https:\/\/videstehnika.lv\/katalogs\/buvmateriali-buvei-remontam-un-ieksdarbiem\/norgips-white-gkb-regipsis-1200x3000x12-5mm-36m2\/#breadcrumb\"},\"inLanguage\":\"lt-LT\",\"potentialAction\":[{\"@type\":\"ReadAction\",\"target\":[\"https:\/\/videstehnika.lv\/katalogs\/buvmateriali-buvei-remontam-un-ieksdarbiem\/norgips-white-gkb-regipsis-1200x3000x12-5mm-36m2\/\"]}]},{\"@type\":\"ImageObject\",\"inLanguage\":\"lt-LT\",\"@id\":\"https:\/\/videstehnika.lv\/katalogs\/buvmateriali-buvei-remontam-un-ieksdarbiem\/norgips-white-gkb-regipsis-1200x3000x12-5mm-36m2\/#primaryimage\",\"url\":\"https:\/\/videstehnika.lv\/wp-content\/uploads\/2021\/06\/Screenshot-2024-07-25-103721.jpg\",\"contentUrl\":\"https:\/\/videstehnika.lv\/wp-content\/uploads\/2021\/06\/Screenshot-2024-07-25-103721.jpg\",\"width\":748,\"height\":702},{\"@type\":\"BreadcrumbList\",\"@id\":\"https:\/\/videstehnika.lv\/katalogs\/buvmateriali-buvei-remontam-un-ieksdarbiem\/norgips-white-gkb-regipsis-1200x3000x12-5mm-36m2\/#breadcrumb\",\"itemListElement\":[{\"@type\":\"ListItem\",\"position\":1,\"name\":\"Home\",\"item\":\"https:\/\/videstehnika.lv\/lt\/\"},{\"@type\":\"ListItem\",\"position\":2,\"name\":\"Katalogas\",\"item\":\"https:\/\/videstehnika.lv\/lt\/katalogas\/\"},{\"@type\":\"ListItem\",\"position\":3,\"name\":\"NORGIPS Q GKB standarta re\u0123ipsis\"}]},{\"@type\":\"WebSite\",\"@id\":\"https:\/\/videstehnika.lv\/lt\/#website\",\"url\":\"https:\/\/videstehnika.lv\/lt\/\",\"name\":\"Vides Tehnika\",\"description\":\"\",\"potentialAction\":[{\"@type\":\"SearchAction\",\"target\":{\"@type\":\"EntryPoint\",\"urlTemplate\":\"https:\/\/videstehnika.lv\/lt\/?s={search_term_string}\"},\"query-input\":{\"@type\":\"PropertyValueSpecification\",\"valueRequired\":true,\"valueName\":\"search_term_string\"}}],\"inLanguage\":\"lt-LT\"}]}<\/script>\n<!-- \/ Yoast SEO plugin. -->","yoast_head_json":{"title":"NORGIPS Q GKB standarta re\u0123ipsis &#8226; Vides Tehnika","description":"NORGIPS White GKB re\u0123ip\u0161a (\u0123ip\u0161kartona) pl\u0101ksnes pielieto iek\u0161darbiem, k\u0101 ap\u0161uvuma pl\u0101ksnes vis\u0101s saus\u0101s b\u016bves konstrukcij\u0101s.","robots":{"index":"index","follow":"follow","max-snippet":"max-snippet:-1","max-image-preview":"max-image-preview:large","max-video-preview":"max-video-preview:-1"},"canonical":"https:\/\/videstehnika.lv\/lt\/katalogs\/buvmateriali-buvei-remontam-un-ieksdarbiem\/norgips-white-gkb-regipsis-1200x3000x12-5mm-36m2\/","og_locale":"lt_LT","og_type":"article","og_title":"NORGIPS Q GKB standarta re\u0123ipsis &#8226; Vides Tehnika","og_description":"NORGIPS White GKB re\u0123ip\u0161a (\u0123ip\u0161kartona) pl\u0101ksnes pielieto iek\u0161darbiem, k\u0101 ap\u0161uvuma pl\u0101ksnes vis\u0101s saus\u0101s b\u016bves konstrukcij\u0101s.","og_url":"https:\/\/videstehnika.lv\/katalogs\/buvmateriali-buvei-remontam-un-ieksdarbiem\/norgips-white-gkb-regipsis-1200x3000x12-5mm-36m2\/","og_site_name":"Vides Tehnika","article_modified_time":"2026-03-23T11:38:54+00:00","og_image":[{"width":748,"height":702,"url":"https:\/\/videstehnika.lv\/wp-content\/uploads\/2021\/06\/Screenshot-2024-07-25-103721.jpg","type":"image\/jpeg"}],"twitter_card":"summary_large_image","twitter_misc":{"Est. reading time":"1 minut\u0117"},"schema":{"@context":"https:\/\/schema.org","@graph":[{"@type":"WebPage","@id":"https:\/\/videstehnika.lv\/katalogs\/buvmateriali-buvei-remontam-un-ieksdarbiem\/norgips-white-gkb-regipsis-1200x3000x12-5mm-36m2\/","url":"https:\/\/videstehnika.lv\/katalogs\/buvmateriali-buvei-remontam-un-ieksdarbiem\/norgips-white-gkb-regipsis-1200x3000x12-5mm-36m2\/","name":"NORGIPS Q GKB standarta re\u0123ipsis &#8226; Vides Tehnika","isPartOf":{"@id":"https:\/\/videstehnika.lv\/lt\/#website"},"primaryImageOfPage":{"@id":"https:\/\/videstehnika.lv\/katalogs\/buvmateriali-buvei-remontam-un-ieksdarbiem\/norgips-white-gkb-regipsis-1200x3000x12-5mm-36m2\/#primaryimage"},"image":{"@id":"https:\/\/videstehnika.lv\/katalogs\/buvmateriali-buvei-remontam-un-ieksdarbiem\/norgips-white-gkb-regipsis-1200x3000x12-5mm-36m2\/#primaryimage"},"thumbnailUrl":"https:\/\/videstehnika.lv\/wp-content\/uploads\/2021\/06\/Screenshot-2024-07-25-103721.jpg","datePublished":"2021-06-16T06:54:38+00:00","dateModified":"2026-03-23T11:38:54+00:00","description":"NORGIPS White GKB re\u0123ip\u0161a (\u0123ip\u0161kartona) pl\u0101ksnes pielieto iek\u0161darbiem, k\u0101 ap\u0161uvuma pl\u0101ksnes vis\u0101s saus\u0101s b\u016bves konstrukcij\u0101s.","breadcrumb":{"@id":"https:\/\/videstehnika.lv\/katalogs\/buvmateriali-buvei-remontam-un-ieksdarbiem\/norgips-white-gkb-regipsis-1200x3000x12-5mm-36m2\/#breadcrumb"},"inLanguage":"lt-LT","potentialAction":[{"@type":"ReadAction","target":["https:\/\/videstehnika.lv\/katalogs\/buvmateriali-buvei-remontam-un-ieksdarbiem\/norgips-white-gkb-regipsis-1200x3000x12-5mm-36m2\/"]}]},{"@type":"ImageObject","inLanguage":"lt-LT","@id":"https:\/\/videstehnika.lv\/katalogs\/buvmateriali-buvei-remontam-un-ieksdarbiem\/norgips-white-gkb-regipsis-1200x3000x12-5mm-36m2\/#primaryimage","url":"https:\/\/videstehnika.lv\/wp-content\/uploads\/2021\/06\/Screenshot-2024-07-25-103721.jpg","contentUrl":"https:\/\/videstehnika.lv\/wp-content\/uploads\/2021\/06\/Screenshot-2024-07-25-103721.jpg","width":748,"height":702},{"@type":"BreadcrumbList","@id":"https:\/\/videstehnika.lv\/katalogs\/buvmateriali-buvei-remontam-un-ieksdarbiem\/norgips-white-gkb-regipsis-1200x3000x12-5mm-36m2\/#breadcrumb","itemListElement":[{"@type":"ListItem","position":1,"name":"Home","item":"https:\/\/videstehnika.lv\/lt\/"},{"@type":"ListItem","position":2,"name":"Katalogas","item":"https:\/\/videstehnika.lv\/lt\/katalogas\/"},{"@type":"ListItem","position":3,"name":"NORGIPS Q GKB standarta re\u0123ipsis"}]},{"@type":"WebSite","@id":"https:\/\/videstehnika.lv\/lt\/#website","url":"https:\/\/videstehnika.lv\/lt\/","name":"Vides Tehnika","description":"","potentialAction":[{"@type":"SearchAction","target":{"@type":"EntryPoint","urlTemplate":"https:\/\/videstehnika.lv\/lt\/?s={search_term_string}"},"query-input":{"@type":"PropertyValueSpecification","valueRequired":true,"valueName":"search_term_string"}}],"inLanguage":"lt-LT"}]}},"_links":{"self":[{"href":"https:\/\/videstehnika.lv\/lt\/wp-json\/wp\/v2\/product\/10046","targetHints":{"allow":["GET"]}}],"collection":[{"href":"https:\/\/videstehnika.lv\/lt\/wp-json\/wp\/v2\/product"}],"about":[{"href":"https:\/\/videstehnika.lv\/lt\/wp-json\/wp\/v2\/types\/product"}],"wp:featuredmedia":[{"embeddable":true,"href":"https:\/\/videstehnika.lv\/lt\/wp-json\/wp\/v2\/media\/37424"}],"wp:attachment":[{"href":"https:\/\/videstehnika.lv\/lt\/wp-json\/wp\/v2\/media?parent=10046"}],"wp:term":[{"taxonomy":"product_cat","embeddable":true,"href":"https:\/\/videstehnika.lv\/lt\/wp-json\/wp\/v2\/product_cat?post=10046"},{"taxonomy":"product_tag","embeddable":true,"href":"https:\/\/videstehnika.lv\/lt\/wp-json\/wp\/v2\/product_tag?post=10046"}],"curies":[{"name":"wp","href":"https:\/\/api.w.org\/{rel}","templated":true}]}}