{"id":12603,"date":"2021-09-27T17:00:18","date_gmt":"2021-09-27T14:00:18","guid":{"rendered":"https:\/\/videstehnika.lv\/?post_type=product&#038;p=12603"},"modified":"2025-10-24T10:55:49","modified_gmt":"2025-10-24T07:55:49","slug":"sakret-bak-armesanas-un-limesanas-java","status":"publish","type":"product","link":"https:\/\/videstehnika.lv\/katalogs\/buvmateriali-buvei-remontam-un-ieksdarbiem\/sausie-maisijumi-ara-darbiem-un-ieksdarbiem\/siltumizolacijas-platnu-pielimesanai-un-armesanai\/sakret-bak-armesanas-un-limesanas-java\/","title":{"rendered":"SAKRET BAK arm\u0113\u0161anas un l\u012bm\u0113\u0161anas java"},"content":{"rendered":"<h2>SAKRET BAK arm\u0113\u0161anas un l\u012bm\u0113\u0161anas java<\/h2>\n<p>SAKRET BAK ir uz cementa b\u0101zes veidota java, kas paredz\u0113ta akmens vates un putu polistirola siltumizol\u0101cijas pl\u0101t\u0146u piel\u012bm\u0113\u0161anai un arm\u0113\u0161anai.<\/p>\n<h2>SAKRET BAK \u012bpa\u0161\u012bbas:<\/h2>\n<ul>\n<li>Arm\u0113ta ar polipropil\u0113na \u0161\u0137iedru;<\/li>\n<li>Ar sa\u0137eri un elast\u012bbu uzlabojo\u0161\u0101m piedev\u0101m;<\/li>\n<li>Ietilpst sertific\u0113t\u0101 siltin\u0101\u0161anas sist\u0113m\u0101 SAKRET ETICS EPS un SAKRET ETICS MW;<\/li>\n<li>\u016adens tvaiku caurlaid\u012bga;<\/li>\n<li>\u016adens un sala iztur\u012bga;<\/li>\n<li>Pel\u0113ka.<\/li>\n<\/ul>\n<h3>SAKRET BAK pielietojums:<\/h3>\n<p><strong>Siltumizol\u0101cijas pl\u0101t\u0146u arm\u0113\u0161ana<\/strong><\/p>\n<p>SAKRET BAK uzkl\u0101t uz siltumizol\u0101cijas pl\u0101ksnes l\u012bdzen\u0101 k\u0101rt\u0101 (l\u012bdz 5mm), izvilkt ar zoboto \u0137elli, iestr\u0101d\u0101t mas\u0101 s\u0101rmiztur\u012bgo arm\u0113jo\u0161o sietu un izl\u012bdzin\u0101t ar l\u012bdzeno \u0137elli t\u0101, lai arm\u0113jo\u0161ais siets b\u016btu piln\u012bb\u0101 p\u0101rkl\u0101ts ar SAKRET BAK. Ja siltumizol\u0101cijas pl\u0101tne ir no miner\u0101l\u0101s vates, tad SAKRET BAK vispirms pl\u0101tnes virsm\u0101 ier\u012bv\u0113.<\/p>\n<p><strong>Siltumizol\u0101cijas pl\u0101t\u0146u l\u012bm\u0113\u0161ana<\/strong><\/p>\n<p>Ja siena ir l\u012bdzena (nel\u012bdzenums &lt;10mm \/m), tad SAKRET BAK uzkl\u0101t ar zoboto l\u0101psti\u0146u (zobu izm\u0113rs &#8211; 12 mm) uz visas siltumizol\u0101cijas pl\u0101tnes virsmas un piel\u012bm\u0113t pie pamatnes. Ja siena ir nel\u012bdzena, tad SAKRET BAK uzkl\u0101t uz siltumizol\u0101cijas pl\u0101k\u0161\u0146u mal\u0101m (~5 cm platum\u0101 un 2 cm augstum\u0101) un uzlikt 6 pikas materi\u0101la uz pl\u0101k\u0161\u0146u virsmas, tad piel\u012bm\u0113t pie sienas. Ja siltumizol\u0101cijas pl\u0101tne ir no miner\u0101l\u0101s vates, tad SAKRET BAK vispirms ier\u012bv\u0113 pl\u0101tnes virsm\u0101.<\/p>\n<h4>Iepakojums<\/h4>\n<p>25 kg \/ pap\u012bra maisi \/ 48 maisi uz paletes<br \/>\n1 000 kg \/ BigBag iepakojums \/ iepriek\u0161 pas\u016btot<br \/>\n10 000 kg &#8211; 20 000 kg \/ mobilais transporta siloss<\/p>\n","protected":false},"excerpt":{"rendered":"<p><strong>Cena nor\u0101d\u012bta par maisu (25 kg)<\/strong><\/p>\n","protected":false},"featured_media":12610,"template":"","meta":{"_acf_changed":false},"product_cat":[2056],"product_tag":[],"class_list":{"0":"post-12603","1":"product","2":"type-product","3":"status-publish","4":"has-post-thumbnail","6":"product_cat-siltumizolacijas-platnu-pielimesanai-un-armesanai","8":"first","9":"instock","10":"featured","11":"taxable","12":"shipping-taxable","13":"purchasable","14":"product-type-simple"},"acf":[],"yoast_head":"<!-- This site is optimized with the Yoast SEO plugin v24.2 - https:\/\/yoast.com\/wordpress\/plugins\/seo\/ -->\n<title>SAKRET BAK arm\u0113\u0161anas un l\u012bm\u0113\u0161anas java &#8226; Vides Tehnika<\/title>\n<meta name=\"description\" content=\"SAKRET BAK ir java, kas paredz\u0113ta akmens vates un putu polistirola siltumizol\u0101cijas pl\u0101t\u0146u piel\u012bm\u0113\u0161anai un arm\u0113\u0161anai.\" \/>\n<meta name=\"robots\" content=\"index, follow, max-snippet:-1, max-image-preview:large, max-video-preview:-1\" \/>\n<link rel=\"canonical\" href=\"https:\/\/videstehnika.lv\/lt\/katalogs\/buvmateriali-buvei-remontam-un-ieksdarbiem\/sausie-maisijumi-ara-darbiem-un-ieksdarbiem\/siltumizolacijas-platnu-pielimesanai-un-armesanai\/sakret-bak-armesanas-un-limesanas-java\/\" \/>\n<meta property=\"og:locale\" content=\"lt_LT\" \/>\n<meta property=\"og:type\" content=\"article\" \/>\n<meta property=\"og:title\" content=\"SAKRET BAK arm\u0113\u0161anas un l\u012bm\u0113\u0161anas java &#8226; Vides Tehnika\" \/>\n<meta property=\"og:description\" content=\"SAKRET BAK ir java, kas paredz\u0113ta akmens vates un putu polistirola siltumizol\u0101cijas pl\u0101t\u0146u piel\u012bm\u0113\u0161anai un arm\u0113\u0161anai.\" \/>\n<meta property=\"og:url\" content=\"https:\/\/videstehnika.lv\/katalogs\/buvmateriali-buvei-remontam-un-ieksdarbiem\/sausie-maisijumi-ara-darbiem-un-ieksdarbiem\/siltumizolacijas-platnu-pielimesanai-un-armesanai\/sakret-bak-armesanas-un-limesanas-java\/\" \/>\n<meta property=\"og:site_name\" content=\"Vides Tehnika\" \/>\n<meta property=\"article:modified_time\" content=\"2025-10-24T07:55:49+00:00\" \/>\n<meta property=\"og:image\" content=\"https:\/\/videstehnika.lv\/wp-content\/uploads\/2021\/09\/sakret-bak-limesanas-armesanas-java.jpg\" \/>\n\t<meta property=\"og:image:width\" content=\"900\" \/>\n\t<meta property=\"og:image:height\" content=\"900\" \/>\n\t<meta property=\"og:image:type\" content=\"image\/jpeg\" \/>\n<meta name=\"twitter:card\" content=\"summary_large_image\" \/>\n<meta name=\"twitter:label1\" content=\"Est. reading time\" \/>\n\t<meta name=\"twitter:data1\" content=\"1 minut\u0117\" \/>\n<script type=\"application\/ld+json\" class=\"yoast-schema-graph\">{\"@context\":\"https:\/\/schema.org\",\"@graph\":[{\"@type\":\"WebPage\",\"@id\":\"https:\/\/videstehnika.lv\/katalogs\/buvmateriali-buvei-remontam-un-ieksdarbiem\/sausie-maisijumi-ara-darbiem-un-ieksdarbiem\/siltumizolacijas-platnu-pielimesanai-un-armesanai\/sakret-bak-armesanas-un-limesanas-java\/\",\"url\":\"https:\/\/videstehnika.lv\/katalogs\/buvmateriali-buvei-remontam-un-ieksdarbiem\/sausie-maisijumi-ara-darbiem-un-ieksdarbiem\/siltumizolacijas-platnu-pielimesanai-un-armesanai\/sakret-bak-armesanas-un-limesanas-java\/\",\"name\":\"SAKRET BAK arm\u0113\u0161anas un l\u012bm\u0113\u0161anas java &#8226; Vides Tehnika\",\"isPartOf\":{\"@id\":\"https:\/\/videstehnika.lv\/lt\/#website\"},\"primaryImageOfPage\":{\"@id\":\"https:\/\/videstehnika.lv\/katalogs\/buvmateriali-buvei-remontam-un-ieksdarbiem\/sausie-maisijumi-ara-darbiem-un-ieksdarbiem\/siltumizolacijas-platnu-pielimesanai-un-armesanai\/sakret-bak-armesanas-un-limesanas-java\/#primaryimage\"},\"image\":{\"@id\":\"https:\/\/videstehnika.lv\/katalogs\/buvmateriali-buvei-remontam-un-ieksdarbiem\/sausie-maisijumi-ara-darbiem-un-ieksdarbiem\/siltumizolacijas-platnu-pielimesanai-un-armesanai\/sakret-bak-armesanas-un-limesanas-java\/#primaryimage\"},\"thumbnailUrl\":\"https:\/\/videstehnika.lv\/wp-content\/uploads\/2021\/09\/sakret-bak-limesanas-armesanas-java.jpg\",\"datePublished\":\"2021-09-27T14:00:18+00:00\",\"dateModified\":\"2025-10-24T07:55:49+00:00\",\"description\":\"SAKRET BAK ir java, kas paredz\u0113ta akmens vates un putu polistirola siltumizol\u0101cijas pl\u0101t\u0146u piel\u012bm\u0113\u0161anai un arm\u0113\u0161anai.\",\"breadcrumb\":{\"@id\":\"https:\/\/videstehnika.lv\/katalogs\/buvmateriali-buvei-remontam-un-ieksdarbiem\/sausie-maisijumi-ara-darbiem-un-ieksdarbiem\/siltumizolacijas-platnu-pielimesanai-un-armesanai\/sakret-bak-armesanas-un-limesanas-java\/#breadcrumb\"},\"inLanguage\":\"lt-LT\",\"potentialAction\":[{\"@type\":\"ReadAction\",\"target\":[\"https:\/\/videstehnika.lv\/katalogs\/buvmateriali-buvei-remontam-un-ieksdarbiem\/sausie-maisijumi-ara-darbiem-un-ieksdarbiem\/siltumizolacijas-platnu-pielimesanai-un-armesanai\/sakret-bak-armesanas-un-limesanas-java\/\"]}]},{\"@type\":\"ImageObject\",\"inLanguage\":\"lt-LT\",\"@id\":\"https:\/\/videstehnika.lv\/katalogs\/buvmateriali-buvei-remontam-un-ieksdarbiem\/sausie-maisijumi-ara-darbiem-un-ieksdarbiem\/siltumizolacijas-platnu-pielimesanai-un-armesanai\/sakret-bak-armesanas-un-limesanas-java\/#primaryimage\",\"url\":\"https:\/\/videstehnika.lv\/wp-content\/uploads\/2021\/09\/sakret-bak-limesanas-armesanas-java.jpg\",\"contentUrl\":\"https:\/\/videstehnika.lv\/wp-content\/uploads\/2021\/09\/sakret-bak-limesanas-armesanas-java.jpg\",\"width\":900,\"height\":900,\"caption\":\"Sakret BAK l\u012bm\u0113\u0161anas un arm\u0113\u0161anas java\"},{\"@type\":\"BreadcrumbList\",\"@id\":\"https:\/\/videstehnika.lv\/katalogs\/buvmateriali-buvei-remontam-un-ieksdarbiem\/sausie-maisijumi-ara-darbiem-un-ieksdarbiem\/siltumizolacijas-platnu-pielimesanai-un-armesanai\/sakret-bak-armesanas-un-limesanas-java\/#breadcrumb\",\"itemListElement\":[{\"@type\":\"ListItem\",\"position\":1,\"name\":\"Home\",\"item\":\"https:\/\/videstehnika.lv\/lt\/\"},{\"@type\":\"ListItem\",\"position\":2,\"name\":\"Katalogas\",\"item\":\"https:\/\/videstehnika.lv\/lt\/katalogas\/\"},{\"@type\":\"ListItem\",\"position\":3,\"name\":\"SAKRET BAK arm\u0113\u0161anas un l\u012bm\u0113\u0161anas java\"}]},{\"@type\":\"WebSite\",\"@id\":\"https:\/\/videstehnika.lv\/lt\/#website\",\"url\":\"https:\/\/videstehnika.lv\/lt\/\",\"name\":\"Vides Tehnika\",\"description\":\"\",\"potentialAction\":[{\"@type\":\"SearchAction\",\"target\":{\"@type\":\"EntryPoint\",\"urlTemplate\":\"https:\/\/videstehnika.lv\/lt\/?s={search_term_string}\"},\"query-input\":{\"@type\":\"PropertyValueSpecification\",\"valueRequired\":true,\"valueName\":\"search_term_string\"}}],\"inLanguage\":\"lt-LT\"}]}<\/script>\n<!-- \/ Yoast SEO plugin. -->","yoast_head_json":{"title":"SAKRET BAK arm\u0113\u0161anas un l\u012bm\u0113\u0161anas java &#8226; Vides Tehnika","description":"SAKRET BAK ir java, kas paredz\u0113ta akmens vates un putu polistirola siltumizol\u0101cijas pl\u0101t\u0146u piel\u012bm\u0113\u0161anai un arm\u0113\u0161anai.","robots":{"index":"index","follow":"follow","max-snippet":"max-snippet:-1","max-image-preview":"max-image-preview:large","max-video-preview":"max-video-preview:-1"},"canonical":"https:\/\/videstehnika.lv\/lt\/katalogs\/buvmateriali-buvei-remontam-un-ieksdarbiem\/sausie-maisijumi-ara-darbiem-un-ieksdarbiem\/siltumizolacijas-platnu-pielimesanai-un-armesanai\/sakret-bak-armesanas-un-limesanas-java\/","og_locale":"lt_LT","og_type":"article","og_title":"SAKRET BAK arm\u0113\u0161anas un l\u012bm\u0113\u0161anas java &#8226; Vides Tehnika","og_description":"SAKRET BAK ir java, kas paredz\u0113ta akmens vates un putu polistirola siltumizol\u0101cijas pl\u0101t\u0146u piel\u012bm\u0113\u0161anai un arm\u0113\u0161anai.","og_url":"https:\/\/videstehnika.lv\/katalogs\/buvmateriali-buvei-remontam-un-ieksdarbiem\/sausie-maisijumi-ara-darbiem-un-ieksdarbiem\/siltumizolacijas-platnu-pielimesanai-un-armesanai\/sakret-bak-armesanas-un-limesanas-java\/","og_site_name":"Vides Tehnika","article_modified_time":"2025-10-24T07:55:49+00:00","og_image":[{"width":900,"height":900,"url":"https:\/\/videstehnika.lv\/wp-content\/uploads\/2021\/09\/sakret-bak-limesanas-armesanas-java.jpg","type":"image\/jpeg"}],"twitter_card":"summary_large_image","twitter_misc":{"Est. reading time":"1 minut\u0117"},"schema":{"@context":"https:\/\/schema.org","@graph":[{"@type":"WebPage","@id":"https:\/\/videstehnika.lv\/katalogs\/buvmateriali-buvei-remontam-un-ieksdarbiem\/sausie-maisijumi-ara-darbiem-un-ieksdarbiem\/siltumizolacijas-platnu-pielimesanai-un-armesanai\/sakret-bak-armesanas-un-limesanas-java\/","url":"https:\/\/videstehnika.lv\/katalogs\/buvmateriali-buvei-remontam-un-ieksdarbiem\/sausie-maisijumi-ara-darbiem-un-ieksdarbiem\/siltumizolacijas-platnu-pielimesanai-un-armesanai\/sakret-bak-armesanas-un-limesanas-java\/","name":"SAKRET BAK arm\u0113\u0161anas un l\u012bm\u0113\u0161anas java &#8226; Vides Tehnika","isPartOf":{"@id":"https:\/\/videstehnika.lv\/lt\/#website"},"primaryImageOfPage":{"@id":"https:\/\/videstehnika.lv\/katalogs\/buvmateriali-buvei-remontam-un-ieksdarbiem\/sausie-maisijumi-ara-darbiem-un-ieksdarbiem\/siltumizolacijas-platnu-pielimesanai-un-armesanai\/sakret-bak-armesanas-un-limesanas-java\/#primaryimage"},"image":{"@id":"https:\/\/videstehnika.lv\/katalogs\/buvmateriali-buvei-remontam-un-ieksdarbiem\/sausie-maisijumi-ara-darbiem-un-ieksdarbiem\/siltumizolacijas-platnu-pielimesanai-un-armesanai\/sakret-bak-armesanas-un-limesanas-java\/#primaryimage"},"thumbnailUrl":"https:\/\/videstehnika.lv\/wp-content\/uploads\/2021\/09\/sakret-bak-limesanas-armesanas-java.jpg","datePublished":"2021-09-27T14:00:18+00:00","dateModified":"2025-10-24T07:55:49+00:00","description":"SAKRET BAK ir java, kas paredz\u0113ta akmens vates un putu polistirola siltumizol\u0101cijas pl\u0101t\u0146u piel\u012bm\u0113\u0161anai un arm\u0113\u0161anai.","breadcrumb":{"@id":"https:\/\/videstehnika.lv\/katalogs\/buvmateriali-buvei-remontam-un-ieksdarbiem\/sausie-maisijumi-ara-darbiem-un-ieksdarbiem\/siltumizolacijas-platnu-pielimesanai-un-armesanai\/sakret-bak-armesanas-un-limesanas-java\/#breadcrumb"},"inLanguage":"lt-LT","potentialAction":[{"@type":"ReadAction","target":["https:\/\/videstehnika.lv\/katalogs\/buvmateriali-buvei-remontam-un-ieksdarbiem\/sausie-maisijumi-ara-darbiem-un-ieksdarbiem\/siltumizolacijas-platnu-pielimesanai-un-armesanai\/sakret-bak-armesanas-un-limesanas-java\/"]}]},{"@type":"ImageObject","inLanguage":"lt-LT","@id":"https:\/\/videstehnika.lv\/katalogs\/buvmateriali-buvei-remontam-un-ieksdarbiem\/sausie-maisijumi-ara-darbiem-un-ieksdarbiem\/siltumizolacijas-platnu-pielimesanai-un-armesanai\/sakret-bak-armesanas-un-limesanas-java\/#primaryimage","url":"https:\/\/videstehnika.lv\/wp-content\/uploads\/2021\/09\/sakret-bak-limesanas-armesanas-java.jpg","contentUrl":"https:\/\/videstehnika.lv\/wp-content\/uploads\/2021\/09\/sakret-bak-limesanas-armesanas-java.jpg","width":900,"height":900,"caption":"Sakret BAK l\u012bm\u0113\u0161anas un arm\u0113\u0161anas java"},{"@type":"BreadcrumbList","@id":"https:\/\/videstehnika.lv\/katalogs\/buvmateriali-buvei-remontam-un-ieksdarbiem\/sausie-maisijumi-ara-darbiem-un-ieksdarbiem\/siltumizolacijas-platnu-pielimesanai-un-armesanai\/sakret-bak-armesanas-un-limesanas-java\/#breadcrumb","itemListElement":[{"@type":"ListItem","position":1,"name":"Home","item":"https:\/\/videstehnika.lv\/lt\/"},{"@type":"ListItem","position":2,"name":"Katalogas","item":"https:\/\/videstehnika.lv\/lt\/katalogas\/"},{"@type":"ListItem","position":3,"name":"SAKRET BAK arm\u0113\u0161anas un l\u012bm\u0113\u0161anas java"}]},{"@type":"WebSite","@id":"https:\/\/videstehnika.lv\/lt\/#website","url":"https:\/\/videstehnika.lv\/lt\/","name":"Vides Tehnika","description":"","potentialAction":[{"@type":"SearchAction","target":{"@type":"EntryPoint","urlTemplate":"https:\/\/videstehnika.lv\/lt\/?s={search_term_string}"},"query-input":{"@type":"PropertyValueSpecification","valueRequired":true,"valueName":"search_term_string"}}],"inLanguage":"lt-LT"}]}},"_links":{"self":[{"href":"https:\/\/videstehnika.lv\/lt\/wp-json\/wp\/v2\/product\/12603","targetHints":{"allow":["GET"]}}],"collection":[{"href":"https:\/\/videstehnika.lv\/lt\/wp-json\/wp\/v2\/product"}],"about":[{"href":"https:\/\/videstehnika.lv\/lt\/wp-json\/wp\/v2\/types\/product"}],"wp:featuredmedia":[{"embeddable":true,"href":"https:\/\/videstehnika.lv\/lt\/wp-json\/wp\/v2\/media\/12610"}],"wp:attachment":[{"href":"https:\/\/videstehnika.lv\/lt\/wp-json\/wp\/v2\/media?parent=12603"}],"wp:term":[{"taxonomy":"product_cat","embeddable":true,"href":"https:\/\/videstehnika.lv\/lt\/wp-json\/wp\/v2\/product_cat?post=12603"},{"taxonomy":"product_tag","embeddable":true,"href":"https:\/\/videstehnika.lv\/lt\/wp-json\/wp\/v2\/product_tag?post=12603"}],"curies":[{"name":"wp","href":"https:\/\/api.w.org\/{rel}","templated":true}]}}