{"id":12629,"date":"2021-09-27T17:21:02","date_gmt":"2021-09-27T14:21:02","guid":{"rendered":"https:\/\/videstehnika.lv\/?post_type=product&#038;p=12629"},"modified":"2025-10-24T10:54:05","modified_gmt":"2025-10-24T07:54:05","slug":"sakret-fke-flizu-lime-ekstra","status":"publish","type":"product","link":"https:\/\/videstehnika.lv\/katalogs\/buvmateriali-buvei-remontam-un-ieksdarbiem\/sausie-maisijumi-ara-darbiem-un-ieksdarbiem\/flizu-limes-uz-cementa-bazes\/sakret-fke-flizu-lime-ekstra\/","title":{"rendered":"SAKRET FKE fl\u012b\u017eu l\u012bme Ekstra (C2TE)"},"content":{"rendered":"<h2>SAKRET FKE fl\u012b\u017eu l\u012bme Ekstra<\/h2>\n<p>SAKRET FKE ir veidota uz cementa b\u0101zes un paredz\u0113ta fl\u012bz\u0113\u0161anai uz \u0123ip\u0161kartona, uz vecaj\u0101m fl\u012bz\u0113m, uz hidroizol\u0101cijas SAKRET OAD ELASTIC. Piem\u0113rota keramiskaj\u0101m un akmens masas fl\u012bz\u0113m, akmens apdares pl\u0101ksn\u0113m, klinkera fl\u012bz\u0113m un pl\u0101ksn\u0113m, apsild\u0101maj\u0101m gr\u012bd\u0101m. Paredz\u0113ta l\u012bm\u0113\u0161anai pl\u0101n\u0101s un vid\u0113ji biez\u0101s k\u0101rt\u0101s. Izmantojama uz apsild\u0101m\u0101m gr\u012bd\u0101m. Sala un mitruma iztur\u012bga. Pel\u0113k\u0101 kr\u0101s\u0101.<\/p>\n<h2>SAKRET FKE pielietojums:<\/h2>\n<ul>\n<li>Pamatnei j\u0101b\u016bt sausai un stingrai, vis\u0101m plais\u0101m un tuk\u0161umiem j\u0101b\u016bt aizpild\u012btiem;<\/li>\n<li>Not\u012br\u012bt pamatni no maz\u0101k notur\u012bgiem un\/vai atdal\u0101miem sl\u0101\u0146iem;<\/li>\n<li>\u012apa\u0161i bl\u012bvas un\/vai gludas pamatnes j\u0101saskr\u0101p\u0113;<\/li>\n<li>Virsmas j\u0101grunt\u0113 ar grunti SAKRET UG (at\u0161\u0137aid\u012btu attiec\u012bb\u0101 1:3);<\/li>\n<li>\u012apa\u0161i gludas betona virsmas j\u0101grunt\u0113 ar grunti SAKRET QG;<\/li>\n<li>SAKRET FKE iejaukt t\u012br\u0101 trauk\u0101 ar aukstu \u016bdeni l\u012bdz izveidojas viendab\u012bga masa bez kunku\u013ciem;<\/li>\n<li>Ieteicams lietot mikseri ar 600 apgriezieniem min\u016bt\u0113;<\/li>\n<li>P\u0113c nobrie\u0161anas laika (~3 min\u016btes) atk\u0101rtoti samais\u012bt;<\/li>\n<li>Vien\u0101 pieg\u0101jien\u0101 ar l\u012bmi nokl\u0101t tik lielu virsmas plat\u012bbu, kuru ir iesp\u0113jams nokl\u0101t ar fl\u012bz\u0113m 15 min. laik\u0101;<\/li>\n<li>Deform\u0101cijas \u0161uves nedr\u012bkst aizpild\u012bt ar fl\u012b\u017eu l\u012bmi;<\/li>\n<li>Neveikt fl\u012bz\u0113\u0161anas darbus tie\u0161os saules staros, caurv\u0113j\u0101 un uz mitr\u0101m virsm\u0101m;<\/li>\n<li>Tehniskie dati atteicas uz +20\u00b0C temperat\u016bru un 50% relat\u012bvo gaisa mitrumu. Zem\u0101ka temperat\u016bra palielina, augst\u0101ka &#8211; samazina nor\u0101d\u012bt\u0101s v\u0113rt\u012bbas;<\/li>\n<li>Fl\u012b\u017eu l\u012bmi saciet\u0113\u0161anas f\u0101z\u0113 sarg\u0101t no saules, caurv\u0113ja, sala un p\u0101r\u0101k augstas temperat\u016bras (&gt;25\u00b0C);<\/li>\n<li>Saciet\u0113ju\u0161u fl\u012b\u017eu l\u012bmi var not\u012br\u012bt tikai meh\u0101niski;<\/li>\n<li>Satur cementu, rea\u0123\u0113 s\u0101rmaini;<\/li>\n<li>Sarg\u0101t \u0101du un acis, iev\u0113rot tehniskos nor\u0101d\u012bjumus. Ja java iek\u013cuvusi ac\u012bs, skalot ar lielu \u016bdens daudzumu, nepiecie\u0161am\u012bbas gad\u012bjum\u0101 v\u0113rsties pie \u0101rsta;<\/li>\n<li>Sarg\u0101t iepakojumu no laika apst\u0101k\u013cu ietekmes, uzglab\u0101t uz koka palet\u0113m, v\u0113s\u0101 un saus\u0101 viet\u0101, iepl\u0113stu iepakojumu nekav\u0113joties nosegt.<\/li>\n<\/ul>\n<h3>Iepakojums:<\/h3>\n<p>5 kg \/ pap\u012bra maisi \/ 200 maisi uz paletes<br \/>\n12,5 kg \/ pap\u012bra maisi \/ 60 maisi uz paletes<br \/>\n25 kg \/ pap\u012bra maisi \/ 48 maisi uz paletes<br \/>\n1 000 kg \/ BigBag iepakojums \/ iepriek\u0161 pas\u016btot<br \/>\n10 000 kg &#8211; 20 000 kg \/ mobilais transporta siloss<\/p>\n","protected":false},"excerpt":{"rendered":"<p><strong>Cena nor\u0101d\u012bta par maisu (25 kg)<\/strong><\/p>\n","protected":false},"featured_media":12636,"template":"","meta":{"_acf_changed":false},"product_cat":[2057],"product_tag":[],"class_list":{"0":"post-12629","1":"product","2":"type-product","3":"status-publish","4":"has-post-thumbnail","6":"product_cat-flizu-limes-uz-cementa-bazes","8":"first","9":"instock","10":"taxable","11":"shipping-taxable","12":"purchasable","13":"product-type-simple"},"acf":[],"yoast_head":"<!-- This site is optimized with the Yoast SEO plugin v24.2 - https:\/\/yoast.com\/wordpress\/plugins\/seo\/ -->\n<title>SAKRET FKE Fl\u012b\u017eu l\u012bme Ekstra (pel\u0113ka, klase C2TE) &#8226; Vides Tehnika<\/title>\n<meta name=\"description\" content=\"SAKRET FKE ir veidota uz cementa b\u0101zes un paredz\u0113ta fl\u012bz\u0113\u0161anai uz \u0123ip\u0161kartona, uz vecaj\u0101m fl\u012bz\u0113m, uz hidroizol\u0101cijas SAKRET OAD ELASTIC.\" \/>\n<meta name=\"robots\" content=\"index, follow, max-snippet:-1, max-image-preview:large, max-video-preview:-1\" \/>\n<link rel=\"canonical\" href=\"https:\/\/videstehnika.lv\/lt\/katalogs\/buvmateriali-buvei-remontam-un-ieksdarbiem\/sausie-maisijumi-ara-darbiem-un-ieksdarbiem\/flizu-limes-uz-cementa-bazes\/sakret-fke-flizu-lime-ekstra\/\" \/>\n<meta property=\"og:locale\" content=\"lt_LT\" \/>\n<meta property=\"og:type\" content=\"article\" \/>\n<meta property=\"og:title\" content=\"SAKRET FKE Fl\u012b\u017eu l\u012bme Ekstra (pel\u0113ka, klase C2TE) &#8226; Vides Tehnika\" \/>\n<meta property=\"og:description\" content=\"SAKRET FKE ir veidota uz cementa b\u0101zes un paredz\u0113ta fl\u012bz\u0113\u0161anai uz \u0123ip\u0161kartona, uz vecaj\u0101m fl\u012bz\u0113m, uz hidroizol\u0101cijas SAKRET OAD ELASTIC.\" \/>\n<meta property=\"og:url\" content=\"https:\/\/videstehnika.lv\/katalogs\/buvmateriali-buvei-remontam-un-ieksdarbiem\/sausie-maisijumi-ara-darbiem-un-ieksdarbiem\/flizu-limes-uz-cementa-bazes\/sakret-fke-flizu-lime-ekstra\/\" \/>\n<meta property=\"og:site_name\" content=\"Vides Tehnika\" \/>\n<meta property=\"article:modified_time\" content=\"2025-10-24T07:54:05+00:00\" \/>\n<meta property=\"og:image\" content=\"https:\/\/videstehnika.lv\/wp-content\/uploads\/2021\/09\/sakret-fke-flizu-lime.jpg\" \/>\n\t<meta property=\"og:image:width\" content=\"900\" \/>\n\t<meta property=\"og:image:height\" content=\"900\" \/>\n\t<meta property=\"og:image:type\" content=\"image\/jpeg\" \/>\n<meta name=\"twitter:card\" content=\"summary_large_image\" \/>\n<meta name=\"twitter:label1\" content=\"Est. reading time\" \/>\n\t<meta name=\"twitter:data1\" content=\"2 minut\u0117s\" \/>\n<script type=\"application\/ld+json\" class=\"yoast-schema-graph\">{\"@context\":\"https:\/\/schema.org\",\"@graph\":[{\"@type\":\"WebPage\",\"@id\":\"https:\/\/videstehnika.lv\/katalogs\/buvmateriali-buvei-remontam-un-ieksdarbiem\/sausie-maisijumi-ara-darbiem-un-ieksdarbiem\/flizu-limes-uz-cementa-bazes\/sakret-fke-flizu-lime-ekstra\/\",\"url\":\"https:\/\/videstehnika.lv\/katalogs\/buvmateriali-buvei-remontam-un-ieksdarbiem\/sausie-maisijumi-ara-darbiem-un-ieksdarbiem\/flizu-limes-uz-cementa-bazes\/sakret-fke-flizu-lime-ekstra\/\",\"name\":\"SAKRET FKE Fl\u012b\u017eu l\u012bme Ekstra (pel\u0113ka, klase C2TE) &#8226; Vides Tehnika\",\"isPartOf\":{\"@id\":\"https:\/\/videstehnika.lv\/lt\/#website\"},\"primaryImageOfPage\":{\"@id\":\"https:\/\/videstehnika.lv\/katalogs\/buvmateriali-buvei-remontam-un-ieksdarbiem\/sausie-maisijumi-ara-darbiem-un-ieksdarbiem\/flizu-limes-uz-cementa-bazes\/sakret-fke-flizu-lime-ekstra\/#primaryimage\"},\"image\":{\"@id\":\"https:\/\/videstehnika.lv\/katalogs\/buvmateriali-buvei-remontam-un-ieksdarbiem\/sausie-maisijumi-ara-darbiem-un-ieksdarbiem\/flizu-limes-uz-cementa-bazes\/sakret-fke-flizu-lime-ekstra\/#primaryimage\"},\"thumbnailUrl\":\"https:\/\/videstehnika.lv\/wp-content\/uploads\/2021\/09\/sakret-fke-flizu-lime.jpg\",\"datePublished\":\"2021-09-27T14:21:02+00:00\",\"dateModified\":\"2025-10-24T07:54:05+00:00\",\"description\":\"SAKRET FKE ir veidota uz cementa b\u0101zes un paredz\u0113ta fl\u012bz\u0113\u0161anai uz \u0123ip\u0161kartona, uz vecaj\u0101m fl\u012bz\u0113m, uz hidroizol\u0101cijas SAKRET OAD ELASTIC.\",\"breadcrumb\":{\"@id\":\"https:\/\/videstehnika.lv\/katalogs\/buvmateriali-buvei-remontam-un-ieksdarbiem\/sausie-maisijumi-ara-darbiem-un-ieksdarbiem\/flizu-limes-uz-cementa-bazes\/sakret-fke-flizu-lime-ekstra\/#breadcrumb\"},\"inLanguage\":\"lt-LT\",\"potentialAction\":[{\"@type\":\"ReadAction\",\"target\":[\"https:\/\/videstehnika.lv\/katalogs\/buvmateriali-buvei-remontam-un-ieksdarbiem\/sausie-maisijumi-ara-darbiem-un-ieksdarbiem\/flizu-limes-uz-cementa-bazes\/sakret-fke-flizu-lime-ekstra\/\"]}]},{\"@type\":\"ImageObject\",\"inLanguage\":\"lt-LT\",\"@id\":\"https:\/\/videstehnika.lv\/katalogs\/buvmateriali-buvei-remontam-un-ieksdarbiem\/sausie-maisijumi-ara-darbiem-un-ieksdarbiem\/flizu-limes-uz-cementa-bazes\/sakret-fke-flizu-lime-ekstra\/#primaryimage\",\"url\":\"https:\/\/videstehnika.lv\/wp-content\/uploads\/2021\/09\/sakret-fke-flizu-lime.jpg\",\"contentUrl\":\"https:\/\/videstehnika.lv\/wp-content\/uploads\/2021\/09\/sakret-fke-flizu-lime.jpg\",\"width\":900,\"height\":900,\"caption\":\"SAKRET FKE fl\u012b\u017eu l\u012bme\"},{\"@type\":\"BreadcrumbList\",\"@id\":\"https:\/\/videstehnika.lv\/katalogs\/buvmateriali-buvei-remontam-un-ieksdarbiem\/sausie-maisijumi-ara-darbiem-un-ieksdarbiem\/flizu-limes-uz-cementa-bazes\/sakret-fke-flizu-lime-ekstra\/#breadcrumb\",\"itemListElement\":[{\"@type\":\"ListItem\",\"position\":1,\"name\":\"Home\",\"item\":\"https:\/\/videstehnika.lv\/lt\/\"},{\"@type\":\"ListItem\",\"position\":2,\"name\":\"Katalogas\",\"item\":\"https:\/\/videstehnika.lv\/lt\/katalogas\/\"},{\"@type\":\"ListItem\",\"position\":3,\"name\":\"SAKRET FKE fl\u012b\u017eu l\u012bme Ekstra (C2TE)\"}]},{\"@type\":\"WebSite\",\"@id\":\"https:\/\/videstehnika.lv\/lt\/#website\",\"url\":\"https:\/\/videstehnika.lv\/lt\/\",\"name\":\"Vides Tehnika\",\"description\":\"\",\"potentialAction\":[{\"@type\":\"SearchAction\",\"target\":{\"@type\":\"EntryPoint\",\"urlTemplate\":\"https:\/\/videstehnika.lv\/lt\/?s={search_term_string}\"},\"query-input\":{\"@type\":\"PropertyValueSpecification\",\"valueRequired\":true,\"valueName\":\"search_term_string\"}}],\"inLanguage\":\"lt-LT\"}]}<\/script>\n<!-- \/ Yoast SEO plugin. -->","yoast_head_json":{"title":"SAKRET FKE Fl\u012b\u017eu l\u012bme Ekstra (pel\u0113ka, klase C2TE) &#8226; Vides Tehnika","description":"SAKRET FKE ir veidota uz cementa b\u0101zes un paredz\u0113ta fl\u012bz\u0113\u0161anai uz \u0123ip\u0161kartona, uz vecaj\u0101m fl\u012bz\u0113m, uz hidroizol\u0101cijas SAKRET OAD ELASTIC.","robots":{"index":"index","follow":"follow","max-snippet":"max-snippet:-1","max-image-preview":"max-image-preview:large","max-video-preview":"max-video-preview:-1"},"canonical":"https:\/\/videstehnika.lv\/lt\/katalogs\/buvmateriali-buvei-remontam-un-ieksdarbiem\/sausie-maisijumi-ara-darbiem-un-ieksdarbiem\/flizu-limes-uz-cementa-bazes\/sakret-fke-flizu-lime-ekstra\/","og_locale":"lt_LT","og_type":"article","og_title":"SAKRET FKE Fl\u012b\u017eu l\u012bme Ekstra (pel\u0113ka, klase C2TE) &#8226; Vides Tehnika","og_description":"SAKRET FKE ir veidota uz cementa b\u0101zes un paredz\u0113ta fl\u012bz\u0113\u0161anai uz \u0123ip\u0161kartona, uz vecaj\u0101m fl\u012bz\u0113m, uz hidroizol\u0101cijas SAKRET OAD ELASTIC.","og_url":"https:\/\/videstehnika.lv\/katalogs\/buvmateriali-buvei-remontam-un-ieksdarbiem\/sausie-maisijumi-ara-darbiem-un-ieksdarbiem\/flizu-limes-uz-cementa-bazes\/sakret-fke-flizu-lime-ekstra\/","og_site_name":"Vides Tehnika","article_modified_time":"2025-10-24T07:54:05+00:00","og_image":[{"width":900,"height":900,"url":"https:\/\/videstehnika.lv\/wp-content\/uploads\/2021\/09\/sakret-fke-flizu-lime.jpg","type":"image\/jpeg"}],"twitter_card":"summary_large_image","twitter_misc":{"Est. reading time":"2 minut\u0117s"},"schema":{"@context":"https:\/\/schema.org","@graph":[{"@type":"WebPage","@id":"https:\/\/videstehnika.lv\/katalogs\/buvmateriali-buvei-remontam-un-ieksdarbiem\/sausie-maisijumi-ara-darbiem-un-ieksdarbiem\/flizu-limes-uz-cementa-bazes\/sakret-fke-flizu-lime-ekstra\/","url":"https:\/\/videstehnika.lv\/katalogs\/buvmateriali-buvei-remontam-un-ieksdarbiem\/sausie-maisijumi-ara-darbiem-un-ieksdarbiem\/flizu-limes-uz-cementa-bazes\/sakret-fke-flizu-lime-ekstra\/","name":"SAKRET FKE Fl\u012b\u017eu l\u012bme Ekstra (pel\u0113ka, klase C2TE) &#8226; Vides Tehnika","isPartOf":{"@id":"https:\/\/videstehnika.lv\/lt\/#website"},"primaryImageOfPage":{"@id":"https:\/\/videstehnika.lv\/katalogs\/buvmateriali-buvei-remontam-un-ieksdarbiem\/sausie-maisijumi-ara-darbiem-un-ieksdarbiem\/flizu-limes-uz-cementa-bazes\/sakret-fke-flizu-lime-ekstra\/#primaryimage"},"image":{"@id":"https:\/\/videstehnika.lv\/katalogs\/buvmateriali-buvei-remontam-un-ieksdarbiem\/sausie-maisijumi-ara-darbiem-un-ieksdarbiem\/flizu-limes-uz-cementa-bazes\/sakret-fke-flizu-lime-ekstra\/#primaryimage"},"thumbnailUrl":"https:\/\/videstehnika.lv\/wp-content\/uploads\/2021\/09\/sakret-fke-flizu-lime.jpg","datePublished":"2021-09-27T14:21:02+00:00","dateModified":"2025-10-24T07:54:05+00:00","description":"SAKRET FKE ir veidota uz cementa b\u0101zes un paredz\u0113ta fl\u012bz\u0113\u0161anai uz \u0123ip\u0161kartona, uz vecaj\u0101m fl\u012bz\u0113m, uz hidroizol\u0101cijas SAKRET OAD ELASTIC.","breadcrumb":{"@id":"https:\/\/videstehnika.lv\/katalogs\/buvmateriali-buvei-remontam-un-ieksdarbiem\/sausie-maisijumi-ara-darbiem-un-ieksdarbiem\/flizu-limes-uz-cementa-bazes\/sakret-fke-flizu-lime-ekstra\/#breadcrumb"},"inLanguage":"lt-LT","potentialAction":[{"@type":"ReadAction","target":["https:\/\/videstehnika.lv\/katalogs\/buvmateriali-buvei-remontam-un-ieksdarbiem\/sausie-maisijumi-ara-darbiem-un-ieksdarbiem\/flizu-limes-uz-cementa-bazes\/sakret-fke-flizu-lime-ekstra\/"]}]},{"@type":"ImageObject","inLanguage":"lt-LT","@id":"https:\/\/videstehnika.lv\/katalogs\/buvmateriali-buvei-remontam-un-ieksdarbiem\/sausie-maisijumi-ara-darbiem-un-ieksdarbiem\/flizu-limes-uz-cementa-bazes\/sakret-fke-flizu-lime-ekstra\/#primaryimage","url":"https:\/\/videstehnika.lv\/wp-content\/uploads\/2021\/09\/sakret-fke-flizu-lime.jpg","contentUrl":"https:\/\/videstehnika.lv\/wp-content\/uploads\/2021\/09\/sakret-fke-flizu-lime.jpg","width":900,"height":900,"caption":"SAKRET FKE fl\u012b\u017eu l\u012bme"},{"@type":"BreadcrumbList","@id":"https:\/\/videstehnika.lv\/katalogs\/buvmateriali-buvei-remontam-un-ieksdarbiem\/sausie-maisijumi-ara-darbiem-un-ieksdarbiem\/flizu-limes-uz-cementa-bazes\/sakret-fke-flizu-lime-ekstra\/#breadcrumb","itemListElement":[{"@type":"ListItem","position":1,"name":"Home","item":"https:\/\/videstehnika.lv\/lt\/"},{"@type":"ListItem","position":2,"name":"Katalogas","item":"https:\/\/videstehnika.lv\/lt\/katalogas\/"},{"@type":"ListItem","position":3,"name":"SAKRET FKE fl\u012b\u017eu l\u012bme Ekstra (C2TE)"}]},{"@type":"WebSite","@id":"https:\/\/videstehnika.lv\/lt\/#website","url":"https:\/\/videstehnika.lv\/lt\/","name":"Vides Tehnika","description":"","potentialAction":[{"@type":"SearchAction","target":{"@type":"EntryPoint","urlTemplate":"https:\/\/videstehnika.lv\/lt\/?s={search_term_string}"},"query-input":{"@type":"PropertyValueSpecification","valueRequired":true,"valueName":"search_term_string"}}],"inLanguage":"lt-LT"}]}},"_links":{"self":[{"href":"https:\/\/videstehnika.lv\/lt\/wp-json\/wp\/v2\/product\/12629","targetHints":{"allow":["GET"]}}],"collection":[{"href":"https:\/\/videstehnika.lv\/lt\/wp-json\/wp\/v2\/product"}],"about":[{"href":"https:\/\/videstehnika.lv\/lt\/wp-json\/wp\/v2\/types\/product"}],"wp:featuredmedia":[{"embeddable":true,"href":"https:\/\/videstehnika.lv\/lt\/wp-json\/wp\/v2\/media\/12636"}],"wp:attachment":[{"href":"https:\/\/videstehnika.lv\/lt\/wp-json\/wp\/v2\/media?parent=12629"}],"wp:term":[{"taxonomy":"product_cat","embeddable":true,"href":"https:\/\/videstehnika.lv\/lt\/wp-json\/wp\/v2\/product_cat?post=12629"},{"taxonomy":"product_tag","embeddable":true,"href":"https:\/\/videstehnika.lv\/lt\/wp-json\/wp\/v2\/product_tag?post=12629"}],"curies":[{"name":"wp","href":"https:\/\/api.w.org\/{rel}","templated":true}]}}