{"id":12654,"date":"2021-09-27T18:26:35","date_gmt":"2021-09-27T15:26:35","guid":{"rendered":"https:\/\/videstehnika.lv\/?post_type=product&#038;p=12654"},"modified":"2025-10-24T10:52:45","modified_gmt":"2025-10-24T07:52:45","slug":"sakret-lh-universala-ieksdarbu-spakteltepe","status":"publish","type":"product","link":"https:\/\/videstehnika.lv\/katalogs\/buvmateriali-buvei-remontam-un-ieksdarbiem\/sausie-maisijumi-ara-darbiem-un-ieksdarbiem\/spakteles-dazada-veida-ieksdarbiem\/sakret-lh-universala-ieksdarbu-spakteltepe\/","title":{"rendered":"SAKRET LH universal\u0101 iek\u0161darbu \u0161pakte\u013ctepe"},"content":{"rendered":"<h2>SAKRET LH universal\u0101 iek\u0161darbu \u0161pakte\u013ctepe sien\u0101m un griestiem<\/h2>\n<p>SAKRET LH \u0161pakte\u013ctepe piem\u0113rota lieto\u0161anai \u0123ip\u0161kartonam un apmetumiem, OSB pl\u0101t\u0146u un sapl\u0101k\u0161\u0146a \u0161paktel\u0113\u0161anai, \u0161paktel\u0113\u0161anai pl\u0101n\u0101 un vid\u0113ji biez\u0101 k\u0101rt\u0101, saus\u0101m telp\u0101m.<\/p>\n<h2>SAKRET LH \u012bpa\u0161\u012bbas:<\/h2>\n<ul>\n<li>Izteikti balt\u0101 kr\u0101s\u0101;<\/li>\n<li>Viegli un plastiski kl\u0101jas;<\/li>\n<li>Viegli sl\u012bp\u0113jas un neput.<\/li>\n<\/ul>\n<h3>SAKRET LH izstr\u0101de:<\/h3>\n<ul>\n<li>Apstr\u0101d\u0101jamajai virsmai j\u0101b\u016bt t\u012brai, notur\u012bgai un sausai;<\/li>\n<li>Miner\u0101las virsmas pirms \u0161paktel\u0113\u0161anas ar SAKRET LH j\u0101grunt\u0113 ar grunti SAKRET BG vai SAKRET UG (at\u0161\u0137aid\u012btu ar \u016bdeni 1:4);<\/li>\n<li>Smil\u0161ainas vai dr\u016bpo\u0161as virsmas pirms \u0161paktel\u0113\u0161anas grunt\u0113t ar grunti SAKRET TGW;<\/li>\n<li>\u0160pakte\u013ctepe paredz\u0113ta \u0161paktel\u0113\u0161anai ar rok\u0101m saus\u0101s telp\u0101s;<\/li>\n<li>P\u0113c \u0161pakteles no\u017e\u016b\u0161anas virsmu sl\u012bp\u0113 ar smil\u0161pap\u012bru (150 &#8211; 240);<\/li>\n<li>Ja nepiecie\u0161ams, \u0161pakteli uzkl\u0101j vair\u0101k\u0101s k\u0101rt\u0101s;<\/li>\n<li>Darbus var veikt, ja gaisa temperat\u016bra \u2265+10\u00b0C un gaisa mitrums \u226480%;<\/li>\n<li>Sl\u012bp\u0113\u0161anas proces\u0101 putek\u013ci nece\u013cas gais\u0101, bet eleganti birst zem\u0113.<\/li>\n<\/ul>\n<h4>Iepakojums:<\/h4>\n<p>1 kg, 8 kg, 15 kg, 28 kg \/ plastmasas spainis<\/p>\n","protected":false},"excerpt":{"rendered":"<p><strong>Cena nor\u0101d\u012bta par spaini (28 kg)<\/strong><\/p>\n","protected":false},"featured_media":12658,"template":"","meta":{"_acf_changed":false},"product_cat":[2058],"product_tag":[],"class_list":{"0":"post-12654","1":"product","2":"type-product","3":"status-publish","4":"has-post-thumbnail","6":"product_cat-spakteles-dazada-veida-ieksdarbiem","8":"first","9":"instock","10":"taxable","11":"shipping-taxable","12":"purchasable","13":"product-type-simple"},"acf":[],"yoast_head":"<!-- This site is optimized with the Yoast SEO plugin v24.2 - https:\/\/yoast.com\/wordpress\/plugins\/seo\/ -->\n<title>SAKRET LH universal\u0101 iek\u0161darbu \u0161pakte\u013ctepe &#8226; Vides Tehnika<\/title>\n<meta name=\"description\" content=\"SAKRET LH \u0161pakte\u013ctepe piem\u0113rota \u0123ip\u0161kartonam un apmetumiem, OSB pl\u0101t\u0146u un sapl\u0101k\u0161\u0146a \u0161paktel\u0113\u0161anai, \u0161paktel\u0113\u0161anai pl\u0101n\u0101 un vid\u0113ji biez\u0101 k\u0101rt\u0101.\" \/>\n<meta name=\"robots\" content=\"index, follow, max-snippet:-1, max-image-preview:large, max-video-preview:-1\" \/>\n<link rel=\"canonical\" href=\"https:\/\/videstehnika.lv\/lt\/katalogs\/buvmateriali-buvei-remontam-un-ieksdarbiem\/sausie-maisijumi-ara-darbiem-un-ieksdarbiem\/spakteles-dazada-veida-ieksdarbiem\/sakret-lh-universala-ieksdarbu-spakteltepe\/\" \/>\n<meta property=\"og:locale\" content=\"lt_LT\" \/>\n<meta property=\"og:type\" content=\"article\" \/>\n<meta property=\"og:title\" content=\"SAKRET LH universal\u0101 iek\u0161darbu \u0161pakte\u013ctepe &#8226; Vides Tehnika\" \/>\n<meta property=\"og:description\" content=\"SAKRET LH \u0161pakte\u013ctepe piem\u0113rota \u0123ip\u0161kartonam un apmetumiem, OSB pl\u0101t\u0146u un sapl\u0101k\u0161\u0146a \u0161paktel\u0113\u0161anai, \u0161paktel\u0113\u0161anai pl\u0101n\u0101 un vid\u0113ji biez\u0101 k\u0101rt\u0101.\" \/>\n<meta property=\"og:url\" content=\"https:\/\/videstehnika.lv\/katalogs\/buvmateriali-buvei-remontam-un-ieksdarbiem\/sausie-maisijumi-ara-darbiem-un-ieksdarbiem\/spakteles-dazada-veida-ieksdarbiem\/sakret-lh-universala-ieksdarbu-spakteltepe\/\" \/>\n<meta property=\"og:site_name\" content=\"Vides Tehnika\" \/>\n<meta property=\"article:modified_time\" content=\"2025-10-24T07:52:45+00:00\" \/>\n<meta property=\"og:image\" content=\"https:\/\/videstehnika.lv\/wp-content\/uploads\/2021\/09\/SAKRET-LH-spaktele.jpg\" \/>\n\t<meta property=\"og:image:width\" content=\"900\" \/>\n\t<meta property=\"og:image:height\" content=\"900\" \/>\n\t<meta property=\"og:image:type\" content=\"image\/jpeg\" \/>\n<meta name=\"twitter:card\" content=\"summary_large_image\" \/>\n<meta name=\"twitter:label1\" content=\"Est. reading time\" \/>\n\t<meta name=\"twitter:data1\" content=\"1 minut\u0117\" \/>\n<script type=\"application\/ld+json\" class=\"yoast-schema-graph\">{\"@context\":\"https:\/\/schema.org\",\"@graph\":[{\"@type\":\"WebPage\",\"@id\":\"https:\/\/videstehnika.lv\/katalogs\/buvmateriali-buvei-remontam-un-ieksdarbiem\/sausie-maisijumi-ara-darbiem-un-ieksdarbiem\/spakteles-dazada-veida-ieksdarbiem\/sakret-lh-universala-ieksdarbu-spakteltepe\/\",\"url\":\"https:\/\/videstehnika.lv\/katalogs\/buvmateriali-buvei-remontam-un-ieksdarbiem\/sausie-maisijumi-ara-darbiem-un-ieksdarbiem\/spakteles-dazada-veida-ieksdarbiem\/sakret-lh-universala-ieksdarbu-spakteltepe\/\",\"name\":\"SAKRET LH universal\u0101 iek\u0161darbu \u0161pakte\u013ctepe &#8226; Vides Tehnika\",\"isPartOf\":{\"@id\":\"https:\/\/videstehnika.lv\/lt\/#website\"},\"primaryImageOfPage\":{\"@id\":\"https:\/\/videstehnika.lv\/katalogs\/buvmateriali-buvei-remontam-un-ieksdarbiem\/sausie-maisijumi-ara-darbiem-un-ieksdarbiem\/spakteles-dazada-veida-ieksdarbiem\/sakret-lh-universala-ieksdarbu-spakteltepe\/#primaryimage\"},\"image\":{\"@id\":\"https:\/\/videstehnika.lv\/katalogs\/buvmateriali-buvei-remontam-un-ieksdarbiem\/sausie-maisijumi-ara-darbiem-un-ieksdarbiem\/spakteles-dazada-veida-ieksdarbiem\/sakret-lh-universala-ieksdarbu-spakteltepe\/#primaryimage\"},\"thumbnailUrl\":\"https:\/\/videstehnika.lv\/wp-content\/uploads\/2021\/09\/SAKRET-LH-spaktele.jpg\",\"datePublished\":\"2021-09-27T15:26:35+00:00\",\"dateModified\":\"2025-10-24T07:52:45+00:00\",\"description\":\"SAKRET LH \u0161pakte\u013ctepe piem\u0113rota \u0123ip\u0161kartonam un apmetumiem, OSB pl\u0101t\u0146u un sapl\u0101k\u0161\u0146a \u0161paktel\u0113\u0161anai, \u0161paktel\u0113\u0161anai pl\u0101n\u0101 un vid\u0113ji biez\u0101 k\u0101rt\u0101.\",\"breadcrumb\":{\"@id\":\"https:\/\/videstehnika.lv\/katalogs\/buvmateriali-buvei-remontam-un-ieksdarbiem\/sausie-maisijumi-ara-darbiem-un-ieksdarbiem\/spakteles-dazada-veida-ieksdarbiem\/sakret-lh-universala-ieksdarbu-spakteltepe\/#breadcrumb\"},\"inLanguage\":\"lt-LT\",\"potentialAction\":[{\"@type\":\"ReadAction\",\"target\":[\"https:\/\/videstehnika.lv\/katalogs\/buvmateriali-buvei-remontam-un-ieksdarbiem\/sausie-maisijumi-ara-darbiem-un-ieksdarbiem\/spakteles-dazada-veida-ieksdarbiem\/sakret-lh-universala-ieksdarbu-spakteltepe\/\"]}]},{\"@type\":\"ImageObject\",\"inLanguage\":\"lt-LT\",\"@id\":\"https:\/\/videstehnika.lv\/katalogs\/buvmateriali-buvei-remontam-un-ieksdarbiem\/sausie-maisijumi-ara-darbiem-un-ieksdarbiem\/spakteles-dazada-veida-ieksdarbiem\/sakret-lh-universala-ieksdarbu-spakteltepe\/#primaryimage\",\"url\":\"https:\/\/videstehnika.lv\/wp-content\/uploads\/2021\/09\/SAKRET-LH-spaktele.jpg\",\"contentUrl\":\"https:\/\/videstehnika.lv\/wp-content\/uploads\/2021\/09\/SAKRET-LH-spaktele.jpg\",\"width\":900,\"height\":900,\"caption\":\"Sakret LH \u0161pakte\u013ctepe\"},{\"@type\":\"BreadcrumbList\",\"@id\":\"https:\/\/videstehnika.lv\/katalogs\/buvmateriali-buvei-remontam-un-ieksdarbiem\/sausie-maisijumi-ara-darbiem-un-ieksdarbiem\/spakteles-dazada-veida-ieksdarbiem\/sakret-lh-universala-ieksdarbu-spakteltepe\/#breadcrumb\",\"itemListElement\":[{\"@type\":\"ListItem\",\"position\":1,\"name\":\"Home\",\"item\":\"https:\/\/videstehnika.lv\/lt\/\"},{\"@type\":\"ListItem\",\"position\":2,\"name\":\"Katalogas\",\"item\":\"https:\/\/videstehnika.lv\/lt\/katalogas\/\"},{\"@type\":\"ListItem\",\"position\":3,\"name\":\"SAKRET LH universal\u0101 iek\u0161darbu \u0161pakte\u013ctepe\"}]},{\"@type\":\"WebSite\",\"@id\":\"https:\/\/videstehnika.lv\/lt\/#website\",\"url\":\"https:\/\/videstehnika.lv\/lt\/\",\"name\":\"Vides Tehnika\",\"description\":\"\",\"potentialAction\":[{\"@type\":\"SearchAction\",\"target\":{\"@type\":\"EntryPoint\",\"urlTemplate\":\"https:\/\/videstehnika.lv\/lt\/?s={search_term_string}\"},\"query-input\":{\"@type\":\"PropertyValueSpecification\",\"valueRequired\":true,\"valueName\":\"search_term_string\"}}],\"inLanguage\":\"lt-LT\"}]}<\/script>\n<!-- \/ Yoast SEO plugin. -->","yoast_head_json":{"title":"SAKRET LH universal\u0101 iek\u0161darbu \u0161pakte\u013ctepe &#8226; Vides Tehnika","description":"SAKRET LH \u0161pakte\u013ctepe piem\u0113rota \u0123ip\u0161kartonam un apmetumiem, OSB pl\u0101t\u0146u un sapl\u0101k\u0161\u0146a \u0161paktel\u0113\u0161anai, \u0161paktel\u0113\u0161anai pl\u0101n\u0101 un vid\u0113ji biez\u0101 k\u0101rt\u0101.","robots":{"index":"index","follow":"follow","max-snippet":"max-snippet:-1","max-image-preview":"max-image-preview:large","max-video-preview":"max-video-preview:-1"},"canonical":"https:\/\/videstehnika.lv\/lt\/katalogs\/buvmateriali-buvei-remontam-un-ieksdarbiem\/sausie-maisijumi-ara-darbiem-un-ieksdarbiem\/spakteles-dazada-veida-ieksdarbiem\/sakret-lh-universala-ieksdarbu-spakteltepe\/","og_locale":"lt_LT","og_type":"article","og_title":"SAKRET LH universal\u0101 iek\u0161darbu \u0161pakte\u013ctepe &#8226; Vides Tehnika","og_description":"SAKRET LH \u0161pakte\u013ctepe piem\u0113rota \u0123ip\u0161kartonam un apmetumiem, OSB pl\u0101t\u0146u un sapl\u0101k\u0161\u0146a \u0161paktel\u0113\u0161anai, \u0161paktel\u0113\u0161anai pl\u0101n\u0101 un vid\u0113ji biez\u0101 k\u0101rt\u0101.","og_url":"https:\/\/videstehnika.lv\/katalogs\/buvmateriali-buvei-remontam-un-ieksdarbiem\/sausie-maisijumi-ara-darbiem-un-ieksdarbiem\/spakteles-dazada-veida-ieksdarbiem\/sakret-lh-universala-ieksdarbu-spakteltepe\/","og_site_name":"Vides Tehnika","article_modified_time":"2025-10-24T07:52:45+00:00","og_image":[{"width":900,"height":900,"url":"https:\/\/videstehnika.lv\/wp-content\/uploads\/2021\/09\/SAKRET-LH-spaktele.jpg","type":"image\/jpeg"}],"twitter_card":"summary_large_image","twitter_misc":{"Est. reading time":"1 minut\u0117"},"schema":{"@context":"https:\/\/schema.org","@graph":[{"@type":"WebPage","@id":"https:\/\/videstehnika.lv\/katalogs\/buvmateriali-buvei-remontam-un-ieksdarbiem\/sausie-maisijumi-ara-darbiem-un-ieksdarbiem\/spakteles-dazada-veida-ieksdarbiem\/sakret-lh-universala-ieksdarbu-spakteltepe\/","url":"https:\/\/videstehnika.lv\/katalogs\/buvmateriali-buvei-remontam-un-ieksdarbiem\/sausie-maisijumi-ara-darbiem-un-ieksdarbiem\/spakteles-dazada-veida-ieksdarbiem\/sakret-lh-universala-ieksdarbu-spakteltepe\/","name":"SAKRET LH universal\u0101 iek\u0161darbu \u0161pakte\u013ctepe &#8226; Vides Tehnika","isPartOf":{"@id":"https:\/\/videstehnika.lv\/lt\/#website"},"primaryImageOfPage":{"@id":"https:\/\/videstehnika.lv\/katalogs\/buvmateriali-buvei-remontam-un-ieksdarbiem\/sausie-maisijumi-ara-darbiem-un-ieksdarbiem\/spakteles-dazada-veida-ieksdarbiem\/sakret-lh-universala-ieksdarbu-spakteltepe\/#primaryimage"},"image":{"@id":"https:\/\/videstehnika.lv\/katalogs\/buvmateriali-buvei-remontam-un-ieksdarbiem\/sausie-maisijumi-ara-darbiem-un-ieksdarbiem\/spakteles-dazada-veida-ieksdarbiem\/sakret-lh-universala-ieksdarbu-spakteltepe\/#primaryimage"},"thumbnailUrl":"https:\/\/videstehnika.lv\/wp-content\/uploads\/2021\/09\/SAKRET-LH-spaktele.jpg","datePublished":"2021-09-27T15:26:35+00:00","dateModified":"2025-10-24T07:52:45+00:00","description":"SAKRET LH \u0161pakte\u013ctepe piem\u0113rota \u0123ip\u0161kartonam un apmetumiem, OSB pl\u0101t\u0146u un sapl\u0101k\u0161\u0146a \u0161paktel\u0113\u0161anai, \u0161paktel\u0113\u0161anai pl\u0101n\u0101 un vid\u0113ji biez\u0101 k\u0101rt\u0101.","breadcrumb":{"@id":"https:\/\/videstehnika.lv\/katalogs\/buvmateriali-buvei-remontam-un-ieksdarbiem\/sausie-maisijumi-ara-darbiem-un-ieksdarbiem\/spakteles-dazada-veida-ieksdarbiem\/sakret-lh-universala-ieksdarbu-spakteltepe\/#breadcrumb"},"inLanguage":"lt-LT","potentialAction":[{"@type":"ReadAction","target":["https:\/\/videstehnika.lv\/katalogs\/buvmateriali-buvei-remontam-un-ieksdarbiem\/sausie-maisijumi-ara-darbiem-un-ieksdarbiem\/spakteles-dazada-veida-ieksdarbiem\/sakret-lh-universala-ieksdarbu-spakteltepe\/"]}]},{"@type":"ImageObject","inLanguage":"lt-LT","@id":"https:\/\/videstehnika.lv\/katalogs\/buvmateriali-buvei-remontam-un-ieksdarbiem\/sausie-maisijumi-ara-darbiem-un-ieksdarbiem\/spakteles-dazada-veida-ieksdarbiem\/sakret-lh-universala-ieksdarbu-spakteltepe\/#primaryimage","url":"https:\/\/videstehnika.lv\/wp-content\/uploads\/2021\/09\/SAKRET-LH-spaktele.jpg","contentUrl":"https:\/\/videstehnika.lv\/wp-content\/uploads\/2021\/09\/SAKRET-LH-spaktele.jpg","width":900,"height":900,"caption":"Sakret LH \u0161pakte\u013ctepe"},{"@type":"BreadcrumbList","@id":"https:\/\/videstehnika.lv\/katalogs\/buvmateriali-buvei-remontam-un-ieksdarbiem\/sausie-maisijumi-ara-darbiem-un-ieksdarbiem\/spakteles-dazada-veida-ieksdarbiem\/sakret-lh-universala-ieksdarbu-spakteltepe\/#breadcrumb","itemListElement":[{"@type":"ListItem","position":1,"name":"Home","item":"https:\/\/videstehnika.lv\/lt\/"},{"@type":"ListItem","position":2,"name":"Katalogas","item":"https:\/\/videstehnika.lv\/lt\/katalogas\/"},{"@type":"ListItem","position":3,"name":"SAKRET LH universal\u0101 iek\u0161darbu \u0161pakte\u013ctepe"}]},{"@type":"WebSite","@id":"https:\/\/videstehnika.lv\/lt\/#website","url":"https:\/\/videstehnika.lv\/lt\/","name":"Vides Tehnika","description":"","potentialAction":[{"@type":"SearchAction","target":{"@type":"EntryPoint","urlTemplate":"https:\/\/videstehnika.lv\/lt\/?s={search_term_string}"},"query-input":{"@type":"PropertyValueSpecification","valueRequired":true,"valueName":"search_term_string"}}],"inLanguage":"lt-LT"}]}},"_links":{"self":[{"href":"https:\/\/videstehnika.lv\/lt\/wp-json\/wp\/v2\/product\/12654","targetHints":{"allow":["GET"]}}],"collection":[{"href":"https:\/\/videstehnika.lv\/lt\/wp-json\/wp\/v2\/product"}],"about":[{"href":"https:\/\/videstehnika.lv\/lt\/wp-json\/wp\/v2\/types\/product"}],"wp:featuredmedia":[{"embeddable":true,"href":"https:\/\/videstehnika.lv\/lt\/wp-json\/wp\/v2\/media\/12658"}],"wp:attachment":[{"href":"https:\/\/videstehnika.lv\/lt\/wp-json\/wp\/v2\/media?parent=12654"}],"wp:term":[{"taxonomy":"product_cat","embeddable":true,"href":"https:\/\/videstehnika.lv\/lt\/wp-json\/wp\/v2\/product_cat?post=12654"},{"taxonomy":"product_tag","embeddable":true,"href":"https:\/\/videstehnika.lv\/lt\/wp-json\/wp\/v2\/product_tag?post=12654"}],"curies":[{"name":"wp","href":"https:\/\/api.w.org\/{rel}","templated":true}]}}