{"id":14758,"date":"2022-08-11T10:28:23","date_gmt":"2022-08-11T07:28:23","guid":{"rendered":"https:\/\/videstehnika.lv\/?post_type=product&#038;p=14758"},"modified":"2025-01-26T12:42:23","modified_gmt":"2025-01-26T10:42:23","slug":"norgips-q-gkbi-mitrumizturigs-regipsis","status":"publish","type":"product","link":"https:\/\/videstehnika.lv\/katalogs\/buvmateriali-buvei-remontam-un-ieksdarbiem\/norgips-q-gkbi-mitrumizturigs-regipsis\/","title":{"rendered":"NORGIPS Q GKBI mitrumiztur\u012bgs re\u0123ipsis"},"content":{"rendered":"<h2>NORGIPS Q GKBI mitrumiztur\u012bgs re\u0123ipsis<img loading=\"lazy\" decoding=\"async\" class=\"wp-image-14806 alignleft\" src=\"https:\/\/videstehnika.lv\/wp-content\/uploads\/2022\/08\/wqq-300x168.png\" alt=\"\" width=\"396\" height=\"222\" srcset=\"https:\/\/videstehnika.lv\/wp-content\/uploads\/2022\/08\/wqq-300x168.png 300w, https:\/\/videstehnika.lv\/wp-content\/uploads\/2022\/08\/wqq-150x84.png 150w, https:\/\/videstehnika.lv\/wp-content\/uploads\/2022\/08\/wqq.png 446w\" sizes=\"auto, (max-width: 396px) 100vw, 396px\" \/><\/h2>\n<h2 class=\"prod_page-title\"><span style=\"color: #333333; font-size: 16px;\">Norgips Q (GKBI) ir impregn\u0113ts re\u0123ipsis ar paaugstin\u0101tu iztur\u012bbu pret mitrumu. Re\u0123ipsim ir saplacin\u0101ta gar\u0101 mala, kas izkl\u0101ta ar kartonu un taisni nogriezta \u012bs\u0101 mala. Kodolam pievienots hidrofobu komponents (paraf\u012bns vai silikons).<\/span><\/h2>\n<h2>NORGIPS Q GKBI pielietojums<\/h2>\n<p>Re\u0123ipsis izmanto\u0161anai iek\u0161telp\u0101s. Izmanto visu veidu konstrukcij\u0101s un re\u0123ip\u0161a sist\u0113m\u0101s telp\u0101s ar augstu mitruma l\u012bmeni (vannas istab\u0101s, virtuv\u0113s). \u0160aj\u0101s telp\u0101s relat\u012bvais mitrums var p\u0101rsniegt 70%, bet ne vair\u0101k k\u0101 85% un ne vair\u0101k k\u0101 10 stundas dien\u0101.<\/p>\n","protected":false},"excerpt":{"rendered":"<p>Cena nor\u0101d\u012bta par pl\u0101ksni<\/p>\n","protected":false},"featured_media":37434,"template":"","meta":{"_acf_changed":false},"product_cat":[3770,3785],"product_tag":[],"class_list":{"0":"post-14758","1":"product","2":"type-product","3":"status-publish","4":"has-post-thumbnail","6":"product_cat-statybines-medziagos-statybai-remontui-ir-darbams","7":"product_cat-gipso-kartono-plokstes","9":"first","10":"onbackorder","11":"taxable","12":"shipping-taxable","13":"purchasable","14":"product-type-variable"},"acf":[],"yoast_head":"<!-- This site is optimized with the Yoast SEO plugin v24.2 - https:\/\/yoast.com\/wordpress\/plugins\/seo\/ -->\n<title>NORGIPS Q GKBI mitrumiztur\u012bgs re\u0123ipsis &#8226; Vides Tehnika<\/title>\n<meta name=\"description\" content=\"NORGIPS Q (GKBI) mitrumiztur\u012bgs re\u0123ipsis paredz\u0113ts telp\u0101m ar paaugstin\u0101tu mitrumu, ir \u0101tri mont\u0113jams, uzlabo ska\u0146as izol\u0101ciju.\" \/>\n<meta name=\"robots\" content=\"index, follow, max-snippet:-1, max-image-preview:large, max-video-preview:-1\" \/>\n<link rel=\"canonical\" href=\"https:\/\/videstehnika.lv\/lt\/katalogs\/buvmateriali-buvei-remontam-un-ieksdarbiem\/norgips-q-gkbi-mitrumizturigs-regipsis\/\" \/>\n<meta property=\"og:locale\" content=\"lt_LT\" \/>\n<meta property=\"og:type\" content=\"article\" \/>\n<meta property=\"og:title\" content=\"NORGIPS Q GKBI mitrumiztur\u012bgs re\u0123ipsis &#8226; Vides Tehnika\" \/>\n<meta property=\"og:description\" content=\"NORGIPS Q (GKBI) mitrumiztur\u012bgs re\u0123ipsis paredz\u0113ts telp\u0101m ar paaugstin\u0101tu mitrumu, ir \u0101tri mont\u0113jams, uzlabo ska\u0146as izol\u0101ciju.\" \/>\n<meta property=\"og:url\" content=\"https:\/\/videstehnika.lv\/katalogs\/buvmateriali-buvei-remontam-un-ieksdarbiem\/norgips-q-gkbi-mitrumizturigs-regipsis\/\" \/>\n<meta property=\"og:site_name\" content=\"Vides Tehnika\" \/>\n<meta property=\"article:modified_time\" content=\"2025-01-26T10:42:23+00:00\" \/>\n<meta property=\"og:image\" content=\"https:\/\/videstehnika.lv\/wp-content\/uploads\/2022\/08\/Screenshot-2024-07-25-104234.jpg\" \/>\n\t<meta property=\"og:image:width\" content=\"623\" \/>\n\t<meta property=\"og:image:height\" content=\"585\" \/>\n\t<meta property=\"og:image:type\" content=\"image\/jpeg\" \/>\n<meta name=\"twitter:card\" content=\"summary_large_image\" \/>\n<meta name=\"twitter:label1\" content=\"Est. reading time\" \/>\n\t<meta name=\"twitter:data1\" content=\"1 minut\u0117\" \/>\n<script type=\"application\/ld+json\" class=\"yoast-schema-graph\">{\"@context\":\"https:\/\/schema.org\",\"@graph\":[{\"@type\":\"WebPage\",\"@id\":\"https:\/\/videstehnika.lv\/katalogs\/buvmateriali-buvei-remontam-un-ieksdarbiem\/norgips-q-gkbi-mitrumizturigs-regipsis\/\",\"url\":\"https:\/\/videstehnika.lv\/katalogs\/buvmateriali-buvei-remontam-un-ieksdarbiem\/norgips-q-gkbi-mitrumizturigs-regipsis\/\",\"name\":\"NORGIPS Q GKBI mitrumiztur\u012bgs re\u0123ipsis &#8226; Vides Tehnika\",\"isPartOf\":{\"@id\":\"https:\/\/videstehnika.lv\/lt\/#website\"},\"primaryImageOfPage\":{\"@id\":\"https:\/\/videstehnika.lv\/katalogs\/buvmateriali-buvei-remontam-un-ieksdarbiem\/norgips-q-gkbi-mitrumizturigs-regipsis\/#primaryimage\"},\"image\":{\"@id\":\"https:\/\/videstehnika.lv\/katalogs\/buvmateriali-buvei-remontam-un-ieksdarbiem\/norgips-q-gkbi-mitrumizturigs-regipsis\/#primaryimage\"},\"thumbnailUrl\":\"https:\/\/videstehnika.lv\/wp-content\/uploads\/2022\/08\/Screenshot-2024-07-25-104234.jpg\",\"datePublished\":\"2022-08-11T07:28:23+00:00\",\"dateModified\":\"2025-01-26T10:42:23+00:00\",\"description\":\"NORGIPS Q (GKBI) mitrumiztur\u012bgs re\u0123ipsis paredz\u0113ts telp\u0101m ar paaugstin\u0101tu mitrumu, ir \u0101tri mont\u0113jams, uzlabo ska\u0146as izol\u0101ciju.\",\"breadcrumb\":{\"@id\":\"https:\/\/videstehnika.lv\/katalogs\/buvmateriali-buvei-remontam-un-ieksdarbiem\/norgips-q-gkbi-mitrumizturigs-regipsis\/#breadcrumb\"},\"inLanguage\":\"lt-LT\",\"potentialAction\":[{\"@type\":\"ReadAction\",\"target\":[\"https:\/\/videstehnika.lv\/katalogs\/buvmateriali-buvei-remontam-un-ieksdarbiem\/norgips-q-gkbi-mitrumizturigs-regipsis\/\"]}]},{\"@type\":\"ImageObject\",\"inLanguage\":\"lt-LT\",\"@id\":\"https:\/\/videstehnika.lv\/katalogs\/buvmateriali-buvei-remontam-un-ieksdarbiem\/norgips-q-gkbi-mitrumizturigs-regipsis\/#primaryimage\",\"url\":\"https:\/\/videstehnika.lv\/wp-content\/uploads\/2022\/08\/Screenshot-2024-07-25-104234.jpg\",\"contentUrl\":\"https:\/\/videstehnika.lv\/wp-content\/uploads\/2022\/08\/Screenshot-2024-07-25-104234.jpg\",\"width\":623,\"height\":585},{\"@type\":\"BreadcrumbList\",\"@id\":\"https:\/\/videstehnika.lv\/katalogs\/buvmateriali-buvei-remontam-un-ieksdarbiem\/norgips-q-gkbi-mitrumizturigs-regipsis\/#breadcrumb\",\"itemListElement\":[{\"@type\":\"ListItem\",\"position\":1,\"name\":\"Home\",\"item\":\"https:\/\/videstehnika.lv\/lt\/\"},{\"@type\":\"ListItem\",\"position\":2,\"name\":\"Katalogas\",\"item\":\"https:\/\/videstehnika.lv\/lt\/katalogas\/\"},{\"@type\":\"ListItem\",\"position\":3,\"name\":\"NORGIPS Q GKBI mitrumiztur\u012bgs re\u0123ipsis\"}]},{\"@type\":\"WebSite\",\"@id\":\"https:\/\/videstehnika.lv\/lt\/#website\",\"url\":\"https:\/\/videstehnika.lv\/lt\/\",\"name\":\"Vides Tehnika\",\"description\":\"\",\"potentialAction\":[{\"@type\":\"SearchAction\",\"target\":{\"@type\":\"EntryPoint\",\"urlTemplate\":\"https:\/\/videstehnika.lv\/lt\/?s={search_term_string}\"},\"query-input\":{\"@type\":\"PropertyValueSpecification\",\"valueRequired\":true,\"valueName\":\"search_term_string\"}}],\"inLanguage\":\"lt-LT\"}]}<\/script>\n<!-- \/ Yoast SEO plugin. -->","yoast_head_json":{"title":"NORGIPS Q GKBI mitrumiztur\u012bgs re\u0123ipsis &#8226; Vides Tehnika","description":"NORGIPS Q (GKBI) mitrumiztur\u012bgs re\u0123ipsis paredz\u0113ts telp\u0101m ar paaugstin\u0101tu mitrumu, ir \u0101tri mont\u0113jams, uzlabo ska\u0146as izol\u0101ciju.","robots":{"index":"index","follow":"follow","max-snippet":"max-snippet:-1","max-image-preview":"max-image-preview:large","max-video-preview":"max-video-preview:-1"},"canonical":"https:\/\/videstehnika.lv\/lt\/katalogs\/buvmateriali-buvei-remontam-un-ieksdarbiem\/norgips-q-gkbi-mitrumizturigs-regipsis\/","og_locale":"lt_LT","og_type":"article","og_title":"NORGIPS Q GKBI mitrumiztur\u012bgs re\u0123ipsis &#8226; Vides Tehnika","og_description":"NORGIPS Q (GKBI) mitrumiztur\u012bgs re\u0123ipsis paredz\u0113ts telp\u0101m ar paaugstin\u0101tu mitrumu, ir \u0101tri mont\u0113jams, uzlabo ska\u0146as izol\u0101ciju.","og_url":"https:\/\/videstehnika.lv\/katalogs\/buvmateriali-buvei-remontam-un-ieksdarbiem\/norgips-q-gkbi-mitrumizturigs-regipsis\/","og_site_name":"Vides Tehnika","article_modified_time":"2025-01-26T10:42:23+00:00","og_image":[{"width":623,"height":585,"url":"https:\/\/videstehnika.lv\/wp-content\/uploads\/2022\/08\/Screenshot-2024-07-25-104234.jpg","type":"image\/jpeg"}],"twitter_card":"summary_large_image","twitter_misc":{"Est. reading time":"1 minut\u0117"},"schema":{"@context":"https:\/\/schema.org","@graph":[{"@type":"WebPage","@id":"https:\/\/videstehnika.lv\/katalogs\/buvmateriali-buvei-remontam-un-ieksdarbiem\/norgips-q-gkbi-mitrumizturigs-regipsis\/","url":"https:\/\/videstehnika.lv\/katalogs\/buvmateriali-buvei-remontam-un-ieksdarbiem\/norgips-q-gkbi-mitrumizturigs-regipsis\/","name":"NORGIPS Q GKBI mitrumiztur\u012bgs re\u0123ipsis &#8226; Vides Tehnika","isPartOf":{"@id":"https:\/\/videstehnika.lv\/lt\/#website"},"primaryImageOfPage":{"@id":"https:\/\/videstehnika.lv\/katalogs\/buvmateriali-buvei-remontam-un-ieksdarbiem\/norgips-q-gkbi-mitrumizturigs-regipsis\/#primaryimage"},"image":{"@id":"https:\/\/videstehnika.lv\/katalogs\/buvmateriali-buvei-remontam-un-ieksdarbiem\/norgips-q-gkbi-mitrumizturigs-regipsis\/#primaryimage"},"thumbnailUrl":"https:\/\/videstehnika.lv\/wp-content\/uploads\/2022\/08\/Screenshot-2024-07-25-104234.jpg","datePublished":"2022-08-11T07:28:23+00:00","dateModified":"2025-01-26T10:42:23+00:00","description":"NORGIPS Q (GKBI) mitrumiztur\u012bgs re\u0123ipsis paredz\u0113ts telp\u0101m ar paaugstin\u0101tu mitrumu, ir \u0101tri mont\u0113jams, uzlabo ska\u0146as izol\u0101ciju.","breadcrumb":{"@id":"https:\/\/videstehnika.lv\/katalogs\/buvmateriali-buvei-remontam-un-ieksdarbiem\/norgips-q-gkbi-mitrumizturigs-regipsis\/#breadcrumb"},"inLanguage":"lt-LT","potentialAction":[{"@type":"ReadAction","target":["https:\/\/videstehnika.lv\/katalogs\/buvmateriali-buvei-remontam-un-ieksdarbiem\/norgips-q-gkbi-mitrumizturigs-regipsis\/"]}]},{"@type":"ImageObject","inLanguage":"lt-LT","@id":"https:\/\/videstehnika.lv\/katalogs\/buvmateriali-buvei-remontam-un-ieksdarbiem\/norgips-q-gkbi-mitrumizturigs-regipsis\/#primaryimage","url":"https:\/\/videstehnika.lv\/wp-content\/uploads\/2022\/08\/Screenshot-2024-07-25-104234.jpg","contentUrl":"https:\/\/videstehnika.lv\/wp-content\/uploads\/2022\/08\/Screenshot-2024-07-25-104234.jpg","width":623,"height":585},{"@type":"BreadcrumbList","@id":"https:\/\/videstehnika.lv\/katalogs\/buvmateriali-buvei-remontam-un-ieksdarbiem\/norgips-q-gkbi-mitrumizturigs-regipsis\/#breadcrumb","itemListElement":[{"@type":"ListItem","position":1,"name":"Home","item":"https:\/\/videstehnika.lv\/lt\/"},{"@type":"ListItem","position":2,"name":"Katalogas","item":"https:\/\/videstehnika.lv\/lt\/katalogas\/"},{"@type":"ListItem","position":3,"name":"NORGIPS Q GKBI mitrumiztur\u012bgs re\u0123ipsis"}]},{"@type":"WebSite","@id":"https:\/\/videstehnika.lv\/lt\/#website","url":"https:\/\/videstehnika.lv\/lt\/","name":"Vides Tehnika","description":"","potentialAction":[{"@type":"SearchAction","target":{"@type":"EntryPoint","urlTemplate":"https:\/\/videstehnika.lv\/lt\/?s={search_term_string}"},"query-input":{"@type":"PropertyValueSpecification","valueRequired":true,"valueName":"search_term_string"}}],"inLanguage":"lt-LT"}]}},"_links":{"self":[{"href":"https:\/\/videstehnika.lv\/lt\/wp-json\/wp\/v2\/product\/14758","targetHints":{"allow":["GET"]}}],"collection":[{"href":"https:\/\/videstehnika.lv\/lt\/wp-json\/wp\/v2\/product"}],"about":[{"href":"https:\/\/videstehnika.lv\/lt\/wp-json\/wp\/v2\/types\/product"}],"wp:featuredmedia":[{"embeddable":true,"href":"https:\/\/videstehnika.lv\/lt\/wp-json\/wp\/v2\/media\/37434"}],"wp:attachment":[{"href":"https:\/\/videstehnika.lv\/lt\/wp-json\/wp\/v2\/media?parent=14758"}],"wp:term":[{"taxonomy":"product_cat","embeddable":true,"href":"https:\/\/videstehnika.lv\/lt\/wp-json\/wp\/v2\/product_cat?post=14758"},{"taxonomy":"product_tag","embeddable":true,"href":"https:\/\/videstehnika.lv\/lt\/wp-json\/wp\/v2\/product_tag?post=14758"}],"curies":[{"name":"wp","href":"https:\/\/api.w.org\/{rel}","templated":true}]}}