{"id":15192,"date":"2022-12-21T10:49:43","date_gmt":"2022-12-21T08:49:43","guid":{"rendered":"https:\/\/videstehnika.lv\/?post_type=product&#038;p=15192"},"modified":"2022-12-22T10:28:17","modified_gmt":"2022-12-22T08:28:17","slug":"penosil-neutral-sanitary-silicone-350-350c-neitrals-sanitarais-silikona-hermetikis","status":"publish","type":"product","link":"https:\/\/videstehnika.lv\/katalogs\/buvmateriali-buvei-remontam-un-ieksdarbiem\/penosil-neutral-sanitary-silicone-350-350c-neitrals-sanitarais-silikona-hermetikis\/","title":{"rendered":"PENOSIL Neutral Sanitary Silicone 350 Neitr\u0101ls sanit\u0101rais silikona herm\u0113ti\u0137is,caursp\u012bd\u012bgs"},"content":{"rendered":"<h2 class=\"product_title entry-title\">PENOSIL Neutral Sanitary Silicone 350- Neitr\u0101ls sanit\u0101rais silikona herm\u0113ti\u0137is<\/h2>\n<p class=\"product_title entry-title\">Pla\u0161a pielietojuma, neitr\u0101ls silikona herm\u0113ti\u0137is sanit\u0101rajiem un ventil\u0101cijas darbiem. Pievienotais fungic\u012bds nodro\u0161ina lielisku iztur\u012bbu pret pel\u0113jumu.<\/p>\n<p class=\"product_title entry-title\">Saciet\u0113 istabas temperat\u016br\u0101 atmosf\u0113ras mitruma ietekm\u0113, izveidojot elast\u012bgu silikona gumiju. Piem\u0113rots met\u0101la virsm\u0101m.<\/p>\n<h2 class=\"product_title entry-title\">PENOSIL Neutral Sanitary Silicone 350 priek\u0161roc\u012bbas<\/h2>\n<ul>\n<li>Iztur\u012bgs pret pel\u0113jumu, UV stariem un noveco\u0161anos<\/li>\n<li>Iztur\u012bgs pret sadz\u012bves \u0137\u012bmiju<\/li>\n<li>Neizraisa met\u0101lu koroziju<\/li>\n<li>Nenotek pa vertik\u0101lu virsmu<\/li>\n<li>Lieliska apstr\u0101d\u0101jam\u012bba<\/li>\n<\/ul>\n<h2 class=\"product_title entry-title\">PENOSIL Neutral Sanitary Silicone 350 pielietojums<\/h2>\n<ul>\n<li>Visi apdares, sanit\u0101rijas un ventil\u0101cijas bl\u012bv\u0113\u0161anas darbi.<\/li>\n<li>Aizpild\u012b\u0161anas, bl\u012bv\u0113\u0161anas, iestiklo\u0161anas darbi iek\u0161telp\u0101s un \u0101r\u0101.<\/li>\n<li>Savienojuma \u0161uvju bl\u012bv\u0113\u0161ana starp fl\u012b\u017eu gr\u012bd\u0101m un sien\u0101m, izlietn\u0113m, tualet\u0113m, vann\u0101m, du\u0161as \u016bdens mais\u012bt\u0101jiem un du\u0161as kab\u012bn\u0113m.<\/li>\n<li>\u0160uvju starp logu un durvju r\u0101mjiem aizpild\u012b\u0161ana un pasarg\u0101\u0161ana no laikapst\u0101k\u013cu ietekmes.<\/li>\n<\/ul>\n","protected":false},"excerpt":{"rendered":"<p>PENOSIL Neutral Sanitary Silicone 350- Neitr\u0101ls sanit\u0101rais silikona herm\u0113ti\u0137is Pla\u0161a pielietojuma, neitr\u0101ls silikona herm\u0113ti\u0137is sanit\u0101rajiem un ventil\u0101cijas darbiem. Pievienotais fungic\u012bds<\/p>\n","protected":false},"featured_media":15201,"template":"","meta":{"_acf_changed":false},"product_cat":[70,1462],"product_tag":[],"class_list":{"0":"post-15192","1":"product","2":"type-product","3":"status-publish","4":"has-post-thumbnail","6":"product_cat-buvmateriali-buvei-remontam-un-ieksdarbiem","7":"product_cat-montazas-putas-limesanai-vai-blivesanai-hermetiki","9":"first","10":"instock","11":"featured","12":"taxable","13":"shipping-taxable","14":"purchasable","15":"product-type-simple"},"acf":[],"yoast_head":"<!-- This site is optimized with the Yoast SEO plugin v24.2 - https:\/\/yoast.com\/wordpress\/plugins\/seo\/ -->\n<title>PENOSIL Neutral Sanitary Silicone 350 &#8226; Vides Tehnika<\/title>\n<meta name=\"description\" content=\"PENOSIL Neutral Sanitary Silicone 350- Neitr\u0101ls sanit\u0101rais silikona herm\u0113ti\u0137is\" \/>\n<meta name=\"robots\" content=\"index, follow, max-snippet:-1, max-image-preview:large, max-video-preview:-1\" \/>\n<link rel=\"canonical\" href=\"https:\/\/videstehnika.lv\/lt\/katalogs\/buvmateriali-buvei-remontam-un-ieksdarbiem\/penosil-neutral-sanitary-silicone-350-350c-neitrals-sanitarais-silikona-hermetikis\/\" \/>\n<meta property=\"og:locale\" content=\"lt_LT\" \/>\n<meta property=\"og:type\" content=\"article\" \/>\n<meta property=\"og:title\" content=\"PENOSIL Neutral Sanitary Silicone 350 &#8226; Vides Tehnika\" \/>\n<meta property=\"og:description\" content=\"PENOSIL Neutral Sanitary Silicone 350- Neitr\u0101ls sanit\u0101rais silikona herm\u0113ti\u0137is\" \/>\n<meta property=\"og:url\" content=\"https:\/\/videstehnika.lv\/katalogs\/buvmateriali-buvei-remontam-un-ieksdarbiem\/penosil-neutral-sanitary-silicone-350-350c-neitrals-sanitarais-silikona-hermetikis\/\" \/>\n<meta property=\"og:site_name\" content=\"Vides Tehnika\" \/>\n<meta property=\"article:modified_time\" content=\"2022-12-22T08:28:17+00:00\" \/>\n<meta property=\"og:image\" content=\"https:\/\/videstehnika.lv\/wp-content\/uploads\/2022\/12\/capture-20221221-104931.png\" \/>\n\t<meta property=\"og:image:width\" content=\"545\" \/>\n\t<meta property=\"og:image:height\" content=\"718\" \/>\n\t<meta property=\"og:image:type\" content=\"image\/png\" \/>\n<meta name=\"twitter:card\" content=\"summary_large_image\" \/>\n<meta name=\"twitter:label1\" content=\"Est. reading time\" \/>\n\t<meta name=\"twitter:data1\" content=\"1 minut\u0117\" \/>\n<script type=\"application\/ld+json\" class=\"yoast-schema-graph\">{\"@context\":\"https:\/\/schema.org\",\"@graph\":[{\"@type\":\"WebPage\",\"@id\":\"https:\/\/videstehnika.lv\/katalogs\/buvmateriali-buvei-remontam-un-ieksdarbiem\/penosil-neutral-sanitary-silicone-350-350c-neitrals-sanitarais-silikona-hermetikis\/\",\"url\":\"https:\/\/videstehnika.lv\/katalogs\/buvmateriali-buvei-remontam-un-ieksdarbiem\/penosil-neutral-sanitary-silicone-350-350c-neitrals-sanitarais-silikona-hermetikis\/\",\"name\":\"PENOSIL Neutral Sanitary Silicone 350 &#8226; Vides Tehnika\",\"isPartOf\":{\"@id\":\"https:\/\/videstehnika.lv\/lt\/#website\"},\"primaryImageOfPage\":{\"@id\":\"https:\/\/videstehnika.lv\/katalogs\/buvmateriali-buvei-remontam-un-ieksdarbiem\/penosil-neutral-sanitary-silicone-350-350c-neitrals-sanitarais-silikona-hermetikis\/#primaryimage\"},\"image\":{\"@id\":\"https:\/\/videstehnika.lv\/katalogs\/buvmateriali-buvei-remontam-un-ieksdarbiem\/penosil-neutral-sanitary-silicone-350-350c-neitrals-sanitarais-silikona-hermetikis\/#primaryimage\"},\"thumbnailUrl\":\"https:\/\/videstehnika.lv\/wp-content\/uploads\/2022\/12\/capture-20221221-104931.png\",\"datePublished\":\"2022-12-21T08:49:43+00:00\",\"dateModified\":\"2022-12-22T08:28:17+00:00\",\"description\":\"PENOSIL Neutral Sanitary Silicone 350- Neitr\u0101ls sanit\u0101rais silikona herm\u0113ti\u0137is\",\"breadcrumb\":{\"@id\":\"https:\/\/videstehnika.lv\/katalogs\/buvmateriali-buvei-remontam-un-ieksdarbiem\/penosil-neutral-sanitary-silicone-350-350c-neitrals-sanitarais-silikona-hermetikis\/#breadcrumb\"},\"inLanguage\":\"lt-LT\",\"potentialAction\":[{\"@type\":\"ReadAction\",\"target\":[\"https:\/\/videstehnika.lv\/katalogs\/buvmateriali-buvei-remontam-un-ieksdarbiem\/penosil-neutral-sanitary-silicone-350-350c-neitrals-sanitarais-silikona-hermetikis\/\"]}]},{\"@type\":\"ImageObject\",\"inLanguage\":\"lt-LT\",\"@id\":\"https:\/\/videstehnika.lv\/katalogs\/buvmateriali-buvei-remontam-un-ieksdarbiem\/penosil-neutral-sanitary-silicone-350-350c-neitrals-sanitarais-silikona-hermetikis\/#primaryimage\",\"url\":\"https:\/\/videstehnika.lv\/wp-content\/uploads\/2022\/12\/capture-20221221-104931.png\",\"contentUrl\":\"https:\/\/videstehnika.lv\/wp-content\/uploads\/2022\/12\/capture-20221221-104931.png\",\"width\":545,\"height\":718},{\"@type\":\"BreadcrumbList\",\"@id\":\"https:\/\/videstehnika.lv\/katalogs\/buvmateriali-buvei-remontam-un-ieksdarbiem\/penosil-neutral-sanitary-silicone-350-350c-neitrals-sanitarais-silikona-hermetikis\/#breadcrumb\",\"itemListElement\":[{\"@type\":\"ListItem\",\"position\":1,\"name\":\"Home\",\"item\":\"https:\/\/videstehnika.lv\/lt\/\"},{\"@type\":\"ListItem\",\"position\":2,\"name\":\"Katalogas\",\"item\":\"https:\/\/videstehnika.lv\/lt\/katalogas\/\"},{\"@type\":\"ListItem\",\"position\":3,\"name\":\"PENOSIL Neutral Sanitary Silicone 350 Neitr\u0101ls sanit\u0101rais silikona herm\u0113ti\u0137is,caursp\u012bd\u012bgs\"}]},{\"@type\":\"WebSite\",\"@id\":\"https:\/\/videstehnika.lv\/lt\/#website\",\"url\":\"https:\/\/videstehnika.lv\/lt\/\",\"name\":\"Vides Tehnika\",\"description\":\"\",\"potentialAction\":[{\"@type\":\"SearchAction\",\"target\":{\"@type\":\"EntryPoint\",\"urlTemplate\":\"https:\/\/videstehnika.lv\/lt\/?s={search_term_string}\"},\"query-input\":{\"@type\":\"PropertyValueSpecification\",\"valueRequired\":true,\"valueName\":\"search_term_string\"}}],\"inLanguage\":\"lt-LT\"}]}<\/script>\n<!-- \/ Yoast SEO plugin. -->","yoast_head_json":{"title":"PENOSIL Neutral Sanitary Silicone 350 &#8226; Vides Tehnika","description":"PENOSIL Neutral Sanitary Silicone 350- Neitr\u0101ls sanit\u0101rais silikona herm\u0113ti\u0137is","robots":{"index":"index","follow":"follow","max-snippet":"max-snippet:-1","max-image-preview":"max-image-preview:large","max-video-preview":"max-video-preview:-1"},"canonical":"https:\/\/videstehnika.lv\/lt\/katalogs\/buvmateriali-buvei-remontam-un-ieksdarbiem\/penosil-neutral-sanitary-silicone-350-350c-neitrals-sanitarais-silikona-hermetikis\/","og_locale":"lt_LT","og_type":"article","og_title":"PENOSIL Neutral Sanitary Silicone 350 &#8226; Vides Tehnika","og_description":"PENOSIL Neutral Sanitary Silicone 350- Neitr\u0101ls sanit\u0101rais silikona herm\u0113ti\u0137is","og_url":"https:\/\/videstehnika.lv\/katalogs\/buvmateriali-buvei-remontam-un-ieksdarbiem\/penosil-neutral-sanitary-silicone-350-350c-neitrals-sanitarais-silikona-hermetikis\/","og_site_name":"Vides Tehnika","article_modified_time":"2022-12-22T08:28:17+00:00","og_image":[{"width":545,"height":718,"url":"https:\/\/videstehnika.lv\/wp-content\/uploads\/2022\/12\/capture-20221221-104931.png","type":"image\/png"}],"twitter_card":"summary_large_image","twitter_misc":{"Est. reading time":"1 minut\u0117"},"schema":{"@context":"https:\/\/schema.org","@graph":[{"@type":"WebPage","@id":"https:\/\/videstehnika.lv\/katalogs\/buvmateriali-buvei-remontam-un-ieksdarbiem\/penosil-neutral-sanitary-silicone-350-350c-neitrals-sanitarais-silikona-hermetikis\/","url":"https:\/\/videstehnika.lv\/katalogs\/buvmateriali-buvei-remontam-un-ieksdarbiem\/penosil-neutral-sanitary-silicone-350-350c-neitrals-sanitarais-silikona-hermetikis\/","name":"PENOSIL Neutral Sanitary Silicone 350 &#8226; Vides Tehnika","isPartOf":{"@id":"https:\/\/videstehnika.lv\/lt\/#website"},"primaryImageOfPage":{"@id":"https:\/\/videstehnika.lv\/katalogs\/buvmateriali-buvei-remontam-un-ieksdarbiem\/penosil-neutral-sanitary-silicone-350-350c-neitrals-sanitarais-silikona-hermetikis\/#primaryimage"},"image":{"@id":"https:\/\/videstehnika.lv\/katalogs\/buvmateriali-buvei-remontam-un-ieksdarbiem\/penosil-neutral-sanitary-silicone-350-350c-neitrals-sanitarais-silikona-hermetikis\/#primaryimage"},"thumbnailUrl":"https:\/\/videstehnika.lv\/wp-content\/uploads\/2022\/12\/capture-20221221-104931.png","datePublished":"2022-12-21T08:49:43+00:00","dateModified":"2022-12-22T08:28:17+00:00","description":"PENOSIL Neutral Sanitary Silicone 350- Neitr\u0101ls sanit\u0101rais silikona herm\u0113ti\u0137is","breadcrumb":{"@id":"https:\/\/videstehnika.lv\/katalogs\/buvmateriali-buvei-remontam-un-ieksdarbiem\/penosil-neutral-sanitary-silicone-350-350c-neitrals-sanitarais-silikona-hermetikis\/#breadcrumb"},"inLanguage":"lt-LT","potentialAction":[{"@type":"ReadAction","target":["https:\/\/videstehnika.lv\/katalogs\/buvmateriali-buvei-remontam-un-ieksdarbiem\/penosil-neutral-sanitary-silicone-350-350c-neitrals-sanitarais-silikona-hermetikis\/"]}]},{"@type":"ImageObject","inLanguage":"lt-LT","@id":"https:\/\/videstehnika.lv\/katalogs\/buvmateriali-buvei-remontam-un-ieksdarbiem\/penosil-neutral-sanitary-silicone-350-350c-neitrals-sanitarais-silikona-hermetikis\/#primaryimage","url":"https:\/\/videstehnika.lv\/wp-content\/uploads\/2022\/12\/capture-20221221-104931.png","contentUrl":"https:\/\/videstehnika.lv\/wp-content\/uploads\/2022\/12\/capture-20221221-104931.png","width":545,"height":718},{"@type":"BreadcrumbList","@id":"https:\/\/videstehnika.lv\/katalogs\/buvmateriali-buvei-remontam-un-ieksdarbiem\/penosil-neutral-sanitary-silicone-350-350c-neitrals-sanitarais-silikona-hermetikis\/#breadcrumb","itemListElement":[{"@type":"ListItem","position":1,"name":"Home","item":"https:\/\/videstehnika.lv\/lt\/"},{"@type":"ListItem","position":2,"name":"Katalogas","item":"https:\/\/videstehnika.lv\/lt\/katalogas\/"},{"@type":"ListItem","position":3,"name":"PENOSIL Neutral Sanitary Silicone 350 Neitr\u0101ls sanit\u0101rais silikona herm\u0113ti\u0137is,caursp\u012bd\u012bgs"}]},{"@type":"WebSite","@id":"https:\/\/videstehnika.lv\/lt\/#website","url":"https:\/\/videstehnika.lv\/lt\/","name":"Vides Tehnika","description":"","potentialAction":[{"@type":"SearchAction","target":{"@type":"EntryPoint","urlTemplate":"https:\/\/videstehnika.lv\/lt\/?s={search_term_string}"},"query-input":{"@type":"PropertyValueSpecification","valueRequired":true,"valueName":"search_term_string"}}],"inLanguage":"lt-LT"}]}},"_links":{"self":[{"href":"https:\/\/videstehnika.lv\/lt\/wp-json\/wp\/v2\/product\/15192","targetHints":{"allow":["GET"]}}],"collection":[{"href":"https:\/\/videstehnika.lv\/lt\/wp-json\/wp\/v2\/product"}],"about":[{"href":"https:\/\/videstehnika.lv\/lt\/wp-json\/wp\/v2\/types\/product"}],"wp:featuredmedia":[{"embeddable":true,"href":"https:\/\/videstehnika.lv\/lt\/wp-json\/wp\/v2\/media\/15201"}],"wp:attachment":[{"href":"https:\/\/videstehnika.lv\/lt\/wp-json\/wp\/v2\/media?parent=15192"}],"wp:term":[{"taxonomy":"product_cat","embeddable":true,"href":"https:\/\/videstehnika.lv\/lt\/wp-json\/wp\/v2\/product_cat?post=15192"},{"taxonomy":"product_tag","embeddable":true,"href":"https:\/\/videstehnika.lv\/lt\/wp-json\/wp\/v2\/product_tag?post=15192"}],"curies":[{"name":"wp","href":"https:\/\/api.w.org\/{rel}","templated":true}]}}