{"id":17592,"date":"2023-04-11T12:10:04","date_gmt":"2023-04-11T09:10:04","guid":{"rendered":"https:\/\/videstehnika.lv\/?post_type=product&#038;p=17592"},"modified":"2023-04-13T11:56:55","modified_gmt":"2023-04-13T08:56:55","slug":"biora-primer","status":"publish","type":"product","link":"https:\/\/videstehnika.lv\/katalogs\/buvmateriali-buvei-remontam-un-ieksdarbiem\/biora-primer\/","title":{"rendered":"BIORA Primer"},"content":{"rendered":"<h2 class=\"product_title entry-title\">BIORA Primer,piln\u012bgi mat\u0113ta grunts kr\u0101sa un griestu kr\u0101sa.<\/h2>\n<p>Nekr\u0101sotu virsmu grunt\u0113\u0161anai un k\u0101 virs\u0113jais p\u0101rkl\u0101jums griestiem. Ekolo\u0123iski t\u012bra ,piln\u012bgi mat\u0113ta kr\u0101sa uz \u016bdens b\u0101zes griestu un sienu grunt\u0113\u0161anai.<\/p>\n<h2 class=\"product_title entry-title\">BIORA Primer r\u0101d\u012bt\u0101ji<\/h2>\n<p>Pielietojums &#8211; sienu un griestu grunt\u0113\u0161anai saus\u0101s iek\u0161telp\u0101s<\/p>\n<div class=\"product_column\">\n<p>Tips- \u016bdens b\u0101zes akril\u0101ta iek\u0161telpu kr\u0101sa<\/p>\n<p>Sp\u012bdums &#8211; Piln\u012bgi mat\u0113ta<\/p>\n<p>Pat\u0113ri\u0146\u0161 &#8211; Nekr\u0101sota virsma 7-10 m2\/l , iepriek\u0161 kr\u0101sota virsma 10-12 m2\/l<\/p>\n<p>At\u0161\u0137aid\u012bt\u0101js &#8211; \u016bdens<\/p>\n<p>Uzkl\u0101\u0161anas metode &#8211; ar otu, ar rull\u012bti, ar izsmidzin\u0101\u0161anas pistoli<\/p>\n<p>To\u0146i &#8211; balts, var tikt ton\u0113ts gai\u0161ajos iek\u0161darbu kr\u0101su to\u0146os<\/p>\n<\/div>\n<p>&nbsp;<\/p>\n<h4><strong><em>Kr\u0101su ton\u0113\u0161ana ir iesp\u0113jams k\u0101 atsevi\u0161\u0137s pakalpojums.<\/em><\/strong><em>\u00a0Pakalpojuma maksa tiek noteikta individu\u0101li atkar\u012bb\u0101 no izv\u0113l\u0113ta to\u0146a.<\/em><\/h4>\n<div class=\"product_column\">\n<p>&nbsp;<\/p>\n<\/div>\n<div class=\"product_column\">\n<p>&nbsp;<\/p>\n<\/div>\n<div class=\"product_column\"><\/div>\n","protected":false},"excerpt":{"rendered":"<p>BIORA Primer,piln\u012bgi mat\u0113ta grunts kr\u0101sa un griestu kr\u0101sa. Nekr\u0101sotu virsmu grunt\u0113\u0161anai un k\u0101 virs\u0113jais p\u0101rkl\u0101jums griestiem. Ekolo\u0123iski t\u012bra ,piln\u012bgi mat\u0113ta<\/p>\n","protected":false},"featured_media":17583,"template":"","meta":{"_acf_changed":false},"product_cat":[2935,70,2937,2938,2933],"product_tag":[],"class_list":{"0":"post-17592","1":"product","2":"type-product","3":"status-publish","4":"has-post-thumbnail","6":"product_cat-krasas-ieksdarbiem","7":"product_cat-buvmateriali-buvei-remontam-un-ieksdarbiem","8":"product_cat-krasas-griestiem","9":"product_cat-krasas-sienam","10":"product_cat-krasas","12":"first","13":"onbackorder","14":"featured","15":"taxable","16":"shipping-taxable","17":"product-type-simple"},"acf":[],"yoast_head":"<!-- This site is optimized with the Yoast SEO plugin v24.2 - https:\/\/yoast.com\/wordpress\/plugins\/seo\/ -->\n<title>BIORA Primer &#8226;<\/title>\n<meta name=\"description\" content=\".BIORA Primer, ekolo\u0123iski t\u012bra piln\u012bgi mat\u0113ta kr\u0101sa uz \u016bdens b\u0101zes griestu un sienu grunt\u0113\u0161anai\" \/>\n<meta name=\"robots\" content=\"index, follow, max-snippet:-1, max-image-preview:large, max-video-preview:-1\" \/>\n<link rel=\"canonical\" href=\"https:\/\/videstehnika.lv\/lt\/katalogs\/buvmateriali-buvei-remontam-un-ieksdarbiem\/biora-primer\/\" \/>\n<meta property=\"og:locale\" content=\"lt_LT\" \/>\n<meta property=\"og:type\" content=\"article\" \/>\n<meta property=\"og:title\" content=\"BIORA Primer &#8226;\" \/>\n<meta property=\"og:description\" content=\".BIORA Primer, ekolo\u0123iski t\u012bra piln\u012bgi mat\u0113ta kr\u0101sa uz \u016bdens b\u0101zes griestu un sienu grunt\u0113\u0161anai\" \/>\n<meta property=\"og:url\" content=\"https:\/\/videstehnika.lv\/katalogs\/buvmateriali-buvei-remontam-un-ieksdarbiem\/biora-primer\/\" \/>\n<meta property=\"og:site_name\" content=\"Vides Tehnika\" \/>\n<meta property=\"article:modified_time\" content=\"2023-04-13T08:56:55+00:00\" \/>\n<meta property=\"og:image\" content=\"https:\/\/videstehnika.lv\/wp-content\/uploads\/2023\/04\/71-2.jpg\" \/>\n\t<meta property=\"og:image:width\" content=\"800\" \/>\n\t<meta property=\"og:image:height\" content=\"800\" \/>\n\t<meta property=\"og:image:type\" content=\"image\/jpeg\" \/>\n<meta name=\"twitter:card\" content=\"summary_large_image\" \/>\n<meta name=\"twitter:label1\" content=\"Est. reading time\" \/>\n\t<meta name=\"twitter:data1\" content=\"1 minut\u0117\" \/>\n<script type=\"application\/ld+json\" class=\"yoast-schema-graph\">{\"@context\":\"https:\/\/schema.org\",\"@graph\":[{\"@type\":\"WebPage\",\"@id\":\"https:\/\/videstehnika.lv\/katalogs\/buvmateriali-buvei-remontam-un-ieksdarbiem\/biora-primer\/\",\"url\":\"https:\/\/videstehnika.lv\/katalogs\/buvmateriali-buvei-remontam-un-ieksdarbiem\/biora-primer\/\",\"name\":\"BIORA Primer &#8226;\",\"isPartOf\":{\"@id\":\"https:\/\/videstehnika.lv\/lt\/#website\"},\"primaryImageOfPage\":{\"@id\":\"https:\/\/videstehnika.lv\/katalogs\/buvmateriali-buvei-remontam-un-ieksdarbiem\/biora-primer\/#primaryimage\"},\"image\":{\"@id\":\"https:\/\/videstehnika.lv\/katalogs\/buvmateriali-buvei-remontam-un-ieksdarbiem\/biora-primer\/#primaryimage\"},\"thumbnailUrl\":\"https:\/\/videstehnika.lv\/wp-content\/uploads\/2023\/04\/71-2.jpg\",\"datePublished\":\"2023-04-11T09:10:04+00:00\",\"dateModified\":\"2023-04-13T08:56:55+00:00\",\"description\":\".BIORA Primer, ekolo\u0123iski t\u012bra piln\u012bgi mat\u0113ta kr\u0101sa uz \u016bdens b\u0101zes griestu un sienu grunt\u0113\u0161anai\",\"breadcrumb\":{\"@id\":\"https:\/\/videstehnika.lv\/katalogs\/buvmateriali-buvei-remontam-un-ieksdarbiem\/biora-primer\/#breadcrumb\"},\"inLanguage\":\"lt-LT\",\"potentialAction\":[{\"@type\":\"ReadAction\",\"target\":[\"https:\/\/videstehnika.lv\/katalogs\/buvmateriali-buvei-remontam-un-ieksdarbiem\/biora-primer\/\"]}]},{\"@type\":\"ImageObject\",\"inLanguage\":\"lt-LT\",\"@id\":\"https:\/\/videstehnika.lv\/katalogs\/buvmateriali-buvei-remontam-un-ieksdarbiem\/biora-primer\/#primaryimage\",\"url\":\"https:\/\/videstehnika.lv\/wp-content\/uploads\/2023\/04\/71-2.jpg\",\"contentUrl\":\"https:\/\/videstehnika.lv\/wp-content\/uploads\/2023\/04\/71-2.jpg\",\"width\":800,\"height\":800},{\"@type\":\"BreadcrumbList\",\"@id\":\"https:\/\/videstehnika.lv\/katalogs\/buvmateriali-buvei-remontam-un-ieksdarbiem\/biora-primer\/#breadcrumb\",\"itemListElement\":[{\"@type\":\"ListItem\",\"position\":1,\"name\":\"Home\",\"item\":\"https:\/\/videstehnika.lv\/lt\/\"},{\"@type\":\"ListItem\",\"position\":2,\"name\":\"Katalogas\",\"item\":\"https:\/\/videstehnika.lv\/lt\/katalogas\/\"},{\"@type\":\"ListItem\",\"position\":3,\"name\":\"BIORA Primer\"}]},{\"@type\":\"WebSite\",\"@id\":\"https:\/\/videstehnika.lv\/lt\/#website\",\"url\":\"https:\/\/videstehnika.lv\/lt\/\",\"name\":\"Vides Tehnika\",\"description\":\"\",\"potentialAction\":[{\"@type\":\"SearchAction\",\"target\":{\"@type\":\"EntryPoint\",\"urlTemplate\":\"https:\/\/videstehnika.lv\/lt\/?s={search_term_string}\"},\"query-input\":{\"@type\":\"PropertyValueSpecification\",\"valueRequired\":true,\"valueName\":\"search_term_string\"}}],\"inLanguage\":\"lt-LT\"}]}<\/script>\n<!-- \/ Yoast SEO plugin. -->","yoast_head_json":{"title":"BIORA Primer &#8226;","description":".BIORA Primer, ekolo\u0123iski t\u012bra piln\u012bgi mat\u0113ta kr\u0101sa uz \u016bdens b\u0101zes griestu un sienu grunt\u0113\u0161anai","robots":{"index":"index","follow":"follow","max-snippet":"max-snippet:-1","max-image-preview":"max-image-preview:large","max-video-preview":"max-video-preview:-1"},"canonical":"https:\/\/videstehnika.lv\/lt\/katalogs\/buvmateriali-buvei-remontam-un-ieksdarbiem\/biora-primer\/","og_locale":"lt_LT","og_type":"article","og_title":"BIORA Primer &#8226;","og_description":".BIORA Primer, ekolo\u0123iski t\u012bra piln\u012bgi mat\u0113ta kr\u0101sa uz \u016bdens b\u0101zes griestu un sienu grunt\u0113\u0161anai","og_url":"https:\/\/videstehnika.lv\/katalogs\/buvmateriali-buvei-remontam-un-ieksdarbiem\/biora-primer\/","og_site_name":"Vides Tehnika","article_modified_time":"2023-04-13T08:56:55+00:00","og_image":[{"width":800,"height":800,"url":"https:\/\/videstehnika.lv\/wp-content\/uploads\/2023\/04\/71-2.jpg","type":"image\/jpeg"}],"twitter_card":"summary_large_image","twitter_misc":{"Est. reading time":"1 minut\u0117"},"schema":{"@context":"https:\/\/schema.org","@graph":[{"@type":"WebPage","@id":"https:\/\/videstehnika.lv\/katalogs\/buvmateriali-buvei-remontam-un-ieksdarbiem\/biora-primer\/","url":"https:\/\/videstehnika.lv\/katalogs\/buvmateriali-buvei-remontam-un-ieksdarbiem\/biora-primer\/","name":"BIORA Primer &#8226;","isPartOf":{"@id":"https:\/\/videstehnika.lv\/lt\/#website"},"primaryImageOfPage":{"@id":"https:\/\/videstehnika.lv\/katalogs\/buvmateriali-buvei-remontam-un-ieksdarbiem\/biora-primer\/#primaryimage"},"image":{"@id":"https:\/\/videstehnika.lv\/katalogs\/buvmateriali-buvei-remontam-un-ieksdarbiem\/biora-primer\/#primaryimage"},"thumbnailUrl":"https:\/\/videstehnika.lv\/wp-content\/uploads\/2023\/04\/71-2.jpg","datePublished":"2023-04-11T09:10:04+00:00","dateModified":"2023-04-13T08:56:55+00:00","description":".BIORA Primer, ekolo\u0123iski t\u012bra piln\u012bgi mat\u0113ta kr\u0101sa uz \u016bdens b\u0101zes griestu un sienu grunt\u0113\u0161anai","breadcrumb":{"@id":"https:\/\/videstehnika.lv\/katalogs\/buvmateriali-buvei-remontam-un-ieksdarbiem\/biora-primer\/#breadcrumb"},"inLanguage":"lt-LT","potentialAction":[{"@type":"ReadAction","target":["https:\/\/videstehnika.lv\/katalogs\/buvmateriali-buvei-remontam-un-ieksdarbiem\/biora-primer\/"]}]},{"@type":"ImageObject","inLanguage":"lt-LT","@id":"https:\/\/videstehnika.lv\/katalogs\/buvmateriali-buvei-remontam-un-ieksdarbiem\/biora-primer\/#primaryimage","url":"https:\/\/videstehnika.lv\/wp-content\/uploads\/2023\/04\/71-2.jpg","contentUrl":"https:\/\/videstehnika.lv\/wp-content\/uploads\/2023\/04\/71-2.jpg","width":800,"height":800},{"@type":"BreadcrumbList","@id":"https:\/\/videstehnika.lv\/katalogs\/buvmateriali-buvei-remontam-un-ieksdarbiem\/biora-primer\/#breadcrumb","itemListElement":[{"@type":"ListItem","position":1,"name":"Home","item":"https:\/\/videstehnika.lv\/lt\/"},{"@type":"ListItem","position":2,"name":"Katalogas","item":"https:\/\/videstehnika.lv\/lt\/katalogas\/"},{"@type":"ListItem","position":3,"name":"BIORA Primer"}]},{"@type":"WebSite","@id":"https:\/\/videstehnika.lv\/lt\/#website","url":"https:\/\/videstehnika.lv\/lt\/","name":"Vides Tehnika","description":"","potentialAction":[{"@type":"SearchAction","target":{"@type":"EntryPoint","urlTemplate":"https:\/\/videstehnika.lv\/lt\/?s={search_term_string}"},"query-input":{"@type":"PropertyValueSpecification","valueRequired":true,"valueName":"search_term_string"}}],"inLanguage":"lt-LT"}]}},"_links":{"self":[{"href":"https:\/\/videstehnika.lv\/lt\/wp-json\/wp\/v2\/product\/17592","targetHints":{"allow":["GET"]}}],"collection":[{"href":"https:\/\/videstehnika.lv\/lt\/wp-json\/wp\/v2\/product"}],"about":[{"href":"https:\/\/videstehnika.lv\/lt\/wp-json\/wp\/v2\/types\/product"}],"wp:featuredmedia":[{"embeddable":true,"href":"https:\/\/videstehnika.lv\/lt\/wp-json\/wp\/v2\/media\/17583"}],"wp:attachment":[{"href":"https:\/\/videstehnika.lv\/lt\/wp-json\/wp\/v2\/media?parent=17592"}],"wp:term":[{"taxonomy":"product_cat","embeddable":true,"href":"https:\/\/videstehnika.lv\/lt\/wp-json\/wp\/v2\/product_cat?post=17592"},{"taxonomy":"product_tag","embeddable":true,"href":"https:\/\/videstehnika.lv\/lt\/wp-json\/wp\/v2\/product_tag?post=17592"}],"curies":[{"name":"wp","href":"https:\/\/api.w.org\/{rel}","templated":true}]}}