{"id":17774,"date":"2023-04-17T15:01:54","date_gmt":"2023-04-17T12:01:54","guid":{"rendered":"https:\/\/videstehnika.lv\/?post_type=product&#038;p=17774"},"modified":"2024-05-02T08:54:44","modified_gmt":"2024-05-02T05:54:44","slug":"3d-panelu-zogs","status":"publish","type":"product","link":"https:\/\/videstehnika.lv\/katalogs\/majai-un-darzam\/3d-panelu-zogs\/","title":{"rendered":"3D pane\u013cu \u017eogs"},"content":{"rendered":"<h2 class=\"product-name\">3D pane\u013cu \u017eogs &#8211;<\/h2>\n<ul>\n<li>pieejamas kr\u0101sas &#8211; RAL6005 , RAL7016 , RAL8017 , RAL9005<\/li>\n<li class=\"product-name\">da\u017e\u0101di augstumi &#8211; H-2000 , H-2200 , H-2500<\/li>\n<li>Pane\u013ca biezums &#8211; 4mm ( piesp\u0113jams pas\u016bt\u012bt ar\u012b 5mm )<\/li>\n<\/ul>\n","protected":false},"excerpt":{"rendered":"<p>3D pane\u013cu \u017eogs &#8211; pieejamas kr\u0101sas &#8211; RAL6005 , RAL7016 , RAL8017 , RAL9005 da\u017e\u0101di augstumi &#8211; H-2000 , H-2200<\/p>\n","protected":false},"featured_media":17919,"template":"","meta":{"_acf_changed":false},"product_cat":[3816,3814],"product_tag":[],"class_list":{"0":"post-17774","1":"product","2":"type-product","3":"status-publish","4":"has-post-thumbnail","6":"product_cat-3d-tvora","7":"product_cat-namui-ir-sodui","9":"first","10":"instock","11":"featured","12":"taxable","13":"shipping-taxable","14":"purchasable","15":"product-type-variable"},"acf":[],"yoast_head":"<!-- This site is optimized with the Yoast SEO plugin v24.2 - https:\/\/yoast.com\/wordpress\/plugins\/seo\/ -->\n<title>3D pane\u013cu \u017eogs<\/title>\n<meta name=\"description\" content=\"3D pane\u013cu \u017eogs -pieejamas kr\u0101sas - RAL6005 , RAL7016 , RAL8017 , RAL9005da\u017e\u0101di augstumi - H-2000 , H-2200 , H-2500Pane\u013ca biezums - 4mm ( piesp\u0113jams pas\u016bt\u012bt ar\u012b 5mm )\" \/>\n<meta name=\"robots\" content=\"index, follow, max-snippet:-1, max-image-preview:large, max-video-preview:-1\" \/>\n<link rel=\"canonical\" href=\"https:\/\/videstehnika.lv\/lt\/katalogs\/majai-un-darzam\/3d-panelu-zogs\/\" \/>\n<meta property=\"og:locale\" content=\"lt_LT\" \/>\n<meta property=\"og:type\" content=\"article\" \/>\n<meta property=\"og:title\" content=\"3D pane\u013cu \u017eogs\" \/>\n<meta property=\"og:description\" content=\"3D pane\u013cu \u017eogs -pieejamas kr\u0101sas - RAL6005 , RAL7016 , RAL8017 , RAL9005da\u017e\u0101di augstumi - H-2000 , H-2200 , H-2500Pane\u013ca biezums - 4mm ( piesp\u0113jams pas\u016bt\u012bt ar\u012b 5mm )\" \/>\n<meta property=\"og:url\" content=\"https:\/\/videstehnika.lv\/katalogs\/majai-un-darzam\/3d-panelu-zogs\/\" \/>\n<meta property=\"og:site_name\" content=\"Vides Tehnika\" \/>\n<meta property=\"article:modified_time\" content=\"2024-05-02T05:54:44+00:00\" \/>\n<meta property=\"og:image\" content=\"https:\/\/videstehnika.lv\/wp-content\/uploads\/2023\/04\/3268-3d-panelu-zogs-4mm-55x200-ral6005-h-1230mm-1.jpg\" \/>\n\t<meta property=\"og:image:width\" content=\"452\" \/>\n\t<meta property=\"og:image:height\" content=\"452\" \/>\n\t<meta property=\"og:image:type\" content=\"image\/jpeg\" \/>\n<meta name=\"twitter:card\" content=\"summary_large_image\" \/>\n<meta name=\"twitter:label1\" content=\"Est. reading time\" \/>\n\t<meta name=\"twitter:data1\" content=\"1 minut\u0117\" \/>\n<script type=\"application\/ld+json\" class=\"yoast-schema-graph\">{\"@context\":\"https:\/\/schema.org\",\"@graph\":[{\"@type\":\"WebPage\",\"@id\":\"https:\/\/videstehnika.lv\/katalogs\/majai-un-darzam\/3d-panelu-zogs\/\",\"url\":\"https:\/\/videstehnika.lv\/katalogs\/majai-un-darzam\/3d-panelu-zogs\/\",\"name\":\"3D pane\u013cu \u017eogs\",\"isPartOf\":{\"@id\":\"https:\/\/videstehnika.lv\/lt\/#website\"},\"primaryImageOfPage\":{\"@id\":\"https:\/\/videstehnika.lv\/katalogs\/majai-un-darzam\/3d-panelu-zogs\/#primaryimage\"},\"image\":{\"@id\":\"https:\/\/videstehnika.lv\/katalogs\/majai-un-darzam\/3d-panelu-zogs\/#primaryimage\"},\"thumbnailUrl\":\"https:\/\/videstehnika.lv\/wp-content\/uploads\/2023\/04\/3268-3d-panelu-zogs-4mm-55x200-ral6005-h-1230mm-1.jpg\",\"datePublished\":\"2023-04-17T12:01:54+00:00\",\"dateModified\":\"2024-05-02T05:54:44+00:00\",\"description\":\"3D pane\u013cu \u017eogs -pieejamas kr\u0101sas - RAL6005 , RAL7016 , RAL8017 , RAL9005da\u017e\u0101di augstumi - H-2000 , H-2200 , H-2500Pane\u013ca biezums - 4mm ( piesp\u0113jams pas\u016bt\u012bt ar\u012b 5mm )\",\"breadcrumb\":{\"@id\":\"https:\/\/videstehnika.lv\/katalogs\/majai-un-darzam\/3d-panelu-zogs\/#breadcrumb\"},\"inLanguage\":\"lt-LT\",\"potentialAction\":[{\"@type\":\"ReadAction\",\"target\":[\"https:\/\/videstehnika.lv\/katalogs\/majai-un-darzam\/3d-panelu-zogs\/\"]}]},{\"@type\":\"ImageObject\",\"inLanguage\":\"lt-LT\",\"@id\":\"https:\/\/videstehnika.lv\/katalogs\/majai-un-darzam\/3d-panelu-zogs\/#primaryimage\",\"url\":\"https:\/\/videstehnika.lv\/wp-content\/uploads\/2023\/04\/3268-3d-panelu-zogs-4mm-55x200-ral6005-h-1230mm-1.jpg\",\"contentUrl\":\"https:\/\/videstehnika.lv\/wp-content\/uploads\/2023\/04\/3268-3d-panelu-zogs-4mm-55x200-ral6005-h-1230mm-1.jpg\",\"width\":452,\"height\":452},{\"@type\":\"BreadcrumbList\",\"@id\":\"https:\/\/videstehnika.lv\/katalogs\/majai-un-darzam\/3d-panelu-zogs\/#breadcrumb\",\"itemListElement\":[{\"@type\":\"ListItem\",\"position\":1,\"name\":\"Home\",\"item\":\"https:\/\/videstehnika.lv\/lt\/\"},{\"@type\":\"ListItem\",\"position\":2,\"name\":\"Katalogas\",\"item\":\"https:\/\/videstehnika.lv\/lt\/katalogas\/\"},{\"@type\":\"ListItem\",\"position\":3,\"name\":\"3D pane\u013cu \u017eogs\"}]},{\"@type\":\"WebSite\",\"@id\":\"https:\/\/videstehnika.lv\/lt\/#website\",\"url\":\"https:\/\/videstehnika.lv\/lt\/\",\"name\":\"Vides Tehnika\",\"description\":\"\",\"potentialAction\":[{\"@type\":\"SearchAction\",\"target\":{\"@type\":\"EntryPoint\",\"urlTemplate\":\"https:\/\/videstehnika.lv\/lt\/?s={search_term_string}\"},\"query-input\":{\"@type\":\"PropertyValueSpecification\",\"valueRequired\":true,\"valueName\":\"search_term_string\"}}],\"inLanguage\":\"lt-LT\"}]}<\/script>\n<!-- \/ Yoast SEO plugin. -->","yoast_head_json":{"title":"3D pane\u013cu \u017eogs","description":"3D pane\u013cu \u017eogs -pieejamas kr\u0101sas - RAL6005 , RAL7016 , RAL8017 , RAL9005da\u017e\u0101di augstumi - H-2000 , H-2200 , H-2500Pane\u013ca biezums - 4mm ( piesp\u0113jams pas\u016bt\u012bt ar\u012b 5mm )","robots":{"index":"index","follow":"follow","max-snippet":"max-snippet:-1","max-image-preview":"max-image-preview:large","max-video-preview":"max-video-preview:-1"},"canonical":"https:\/\/videstehnika.lv\/lt\/katalogs\/majai-un-darzam\/3d-panelu-zogs\/","og_locale":"lt_LT","og_type":"article","og_title":"3D pane\u013cu \u017eogs","og_description":"3D pane\u013cu \u017eogs -pieejamas kr\u0101sas - RAL6005 , RAL7016 , RAL8017 , RAL9005da\u017e\u0101di augstumi - H-2000 , H-2200 , H-2500Pane\u013ca biezums - 4mm ( piesp\u0113jams pas\u016bt\u012bt ar\u012b 5mm )","og_url":"https:\/\/videstehnika.lv\/katalogs\/majai-un-darzam\/3d-panelu-zogs\/","og_site_name":"Vides Tehnika","article_modified_time":"2024-05-02T05:54:44+00:00","og_image":[{"width":452,"height":452,"url":"https:\/\/videstehnika.lv\/wp-content\/uploads\/2023\/04\/3268-3d-panelu-zogs-4mm-55x200-ral6005-h-1230mm-1.jpg","type":"image\/jpeg"}],"twitter_card":"summary_large_image","twitter_misc":{"Est. reading time":"1 minut\u0117"},"schema":{"@context":"https:\/\/schema.org","@graph":[{"@type":"WebPage","@id":"https:\/\/videstehnika.lv\/katalogs\/majai-un-darzam\/3d-panelu-zogs\/","url":"https:\/\/videstehnika.lv\/katalogs\/majai-un-darzam\/3d-panelu-zogs\/","name":"3D pane\u013cu \u017eogs","isPartOf":{"@id":"https:\/\/videstehnika.lv\/lt\/#website"},"primaryImageOfPage":{"@id":"https:\/\/videstehnika.lv\/katalogs\/majai-un-darzam\/3d-panelu-zogs\/#primaryimage"},"image":{"@id":"https:\/\/videstehnika.lv\/katalogs\/majai-un-darzam\/3d-panelu-zogs\/#primaryimage"},"thumbnailUrl":"https:\/\/videstehnika.lv\/wp-content\/uploads\/2023\/04\/3268-3d-panelu-zogs-4mm-55x200-ral6005-h-1230mm-1.jpg","datePublished":"2023-04-17T12:01:54+00:00","dateModified":"2024-05-02T05:54:44+00:00","description":"3D pane\u013cu \u017eogs -pieejamas kr\u0101sas - RAL6005 , RAL7016 , RAL8017 , RAL9005da\u017e\u0101di augstumi - H-2000 , H-2200 , H-2500Pane\u013ca biezums - 4mm ( piesp\u0113jams pas\u016bt\u012bt ar\u012b 5mm )","breadcrumb":{"@id":"https:\/\/videstehnika.lv\/katalogs\/majai-un-darzam\/3d-panelu-zogs\/#breadcrumb"},"inLanguage":"lt-LT","potentialAction":[{"@type":"ReadAction","target":["https:\/\/videstehnika.lv\/katalogs\/majai-un-darzam\/3d-panelu-zogs\/"]}]},{"@type":"ImageObject","inLanguage":"lt-LT","@id":"https:\/\/videstehnika.lv\/katalogs\/majai-un-darzam\/3d-panelu-zogs\/#primaryimage","url":"https:\/\/videstehnika.lv\/wp-content\/uploads\/2023\/04\/3268-3d-panelu-zogs-4mm-55x200-ral6005-h-1230mm-1.jpg","contentUrl":"https:\/\/videstehnika.lv\/wp-content\/uploads\/2023\/04\/3268-3d-panelu-zogs-4mm-55x200-ral6005-h-1230mm-1.jpg","width":452,"height":452},{"@type":"BreadcrumbList","@id":"https:\/\/videstehnika.lv\/katalogs\/majai-un-darzam\/3d-panelu-zogs\/#breadcrumb","itemListElement":[{"@type":"ListItem","position":1,"name":"Home","item":"https:\/\/videstehnika.lv\/lt\/"},{"@type":"ListItem","position":2,"name":"Katalogas","item":"https:\/\/videstehnika.lv\/lt\/katalogas\/"},{"@type":"ListItem","position":3,"name":"3D pane\u013cu \u017eogs"}]},{"@type":"WebSite","@id":"https:\/\/videstehnika.lv\/lt\/#website","url":"https:\/\/videstehnika.lv\/lt\/","name":"Vides Tehnika","description":"","potentialAction":[{"@type":"SearchAction","target":{"@type":"EntryPoint","urlTemplate":"https:\/\/videstehnika.lv\/lt\/?s={search_term_string}"},"query-input":{"@type":"PropertyValueSpecification","valueRequired":true,"valueName":"search_term_string"}}],"inLanguage":"lt-LT"}]}},"_links":{"self":[{"href":"https:\/\/videstehnika.lv\/lt\/wp-json\/wp\/v2\/product\/17774","targetHints":{"allow":["GET"]}}],"collection":[{"href":"https:\/\/videstehnika.lv\/lt\/wp-json\/wp\/v2\/product"}],"about":[{"href":"https:\/\/videstehnika.lv\/lt\/wp-json\/wp\/v2\/types\/product"}],"wp:featuredmedia":[{"embeddable":true,"href":"https:\/\/videstehnika.lv\/lt\/wp-json\/wp\/v2\/media\/17919"}],"wp:attachment":[{"href":"https:\/\/videstehnika.lv\/lt\/wp-json\/wp\/v2\/media?parent=17774"}],"wp:term":[{"taxonomy":"product_cat","embeddable":true,"href":"https:\/\/videstehnika.lv\/lt\/wp-json\/wp\/v2\/product_cat?post=17774"},{"taxonomy":"product_tag","embeddable":true,"href":"https:\/\/videstehnika.lv\/lt\/wp-json\/wp\/v2\/product_tag?post=17774"}],"curies":[{"name":"wp","href":"https:\/\/api.w.org\/{rel}","templated":true}]}}