{"id":17818,"date":"2023-04-26T16:16:16","date_gmt":"2023-04-26T13:16:16","guid":{"rendered":"https:\/\/videstehnika.lv\/?post_type=product&#038;p=17818"},"modified":"2025-10-14T13:02:25","modified_gmt":"2025-10-14T10:02:25","slug":"soft-sel-juras-sals-kristali-25kg","status":"publish","type":"product","link":"https:\/\/videstehnika.lv\/katalogs\/majai-un-darzam\/soft-sel-juras-sals-kristali-25kg\/","title":{"rendered":"SOFT-SEL\u00ae J\u016aRAS S\u0100LS KRIST\u0100LI 25KG"},"content":{"rendered":"<h1 class=\"uk-article-title \">SOFT-SEL\u00ae J\u016aRAS S\u0100LS KRIST\u0100LI 25KG<\/h1>\n<p>&nbsp;<\/p>\n<h2>SOFT-SEL\u00ae CRYSTALS, s\u0101ls krist\u0101li<\/h2>\n<p>S\u0101ls krist\u0101li \u016bdens m\u012bkstin\u0101t\u0101jiem, jonu apmai\u0146as sve\u0137u re\u0123ener\u0101cijai.<\/p>\n<ul>\n<li>SOFT-SEL\u00ae CRYSTALS s\u0101ls krist\u0101li ir izgatavoti\u00a0<strong>no \u013coti t\u012bra j\u016bras s\u0101ls.<\/strong><\/li>\n<li>SOFT-SEL\u00ae CRYSTALS s\u0101ls krist\u0101li ir piem\u0113roti dzeram\u0101 \u016bdens att\u012br\u012b\u0161anai un \u016bdens apstr\u0101dei, ko izmanto p\u0101rtikas produktu ra\u017eo\u0161anai. S\u0101ls krist\u0101lu forma veicina vienm\u0113r\u012bgu s\u0101ls \u0161\u0137\u012bduma veido\u0161anos un nov\u0113r\u0161 salip\u0161anu un nogulsn\u0113\u0161anos.<\/li>\n<li>SOFT-SEL\u00ae CRYSTALS s\u0101ls krist\u0101li ir piem\u0113roti visu veidu \u016bdens m\u012bkstin\u0101t\u0101jiem.<\/li>\n<li>SOFT-SEL\u00ae CRYSTALS atbilst Eiropas standartam EN 973 A tips.<\/li>\n<li>SOFT-SEL\u00ae CRYSTALS nesatur \u0137\u012bmisk\u0101s vielas un citas piedevas.<\/li>\n<\/ul>\n<p>&nbsp;<\/p>\n<div class=\"product_column\">\n<p>&nbsp;<\/p>\n<\/div>\n<div class=\"product_column\">\n<p>&nbsp;<\/p>\n<\/div>\n<div class=\"product_column\"><\/div>\n","protected":false},"excerpt":{"rendered":"<p>SOFT-SEL\u00ae J\u016aRAS S\u0100LS KRIST\u0100LI 25KG &nbsp; SOFT-SEL\u00ae CRYSTALS, s\u0101ls krist\u0101li S\u0101ls krist\u0101li \u016bdens m\u012bkstin\u0101t\u0101jiem, jonu apmai\u0146as sve\u0137u re\u0123ener\u0101cijai. SOFT-SEL\u00ae CRYSTALS<\/p>\n","protected":false},"featured_media":17815,"template":"","meta":{"_acf_changed":false},"product_cat":[5466,2977],"product_tag":[],"class_list":{"0":"post-17818","1":"product","2":"type-product","3":"status-publish","4":"has-post-thumbnail","6":"product_cat-udens-attirisanai","7":"product_cat-majai-un-darzam","9":"first","10":"instock","11":"featured","12":"taxable","13":"shipping-taxable","14":"purchasable","15":"product-type-simple"},"acf":[],"yoast_head":"<!-- This site is optimized with the Yoast SEO plugin v24.2 - https:\/\/yoast.com\/wordpress\/plugins\/seo\/ -->\n<title>SOFT-SEL\u00ae&#8226;<\/title>\n<meta name=\"description\" content=\"S\u0101ls krist\u0101li \u016bdens m\u012bkstin\u0101t\u0101jiem, jonu apmai\u0146as sve\u0137u re\u0123ener\u0101cijai.\" \/>\n<meta name=\"robots\" content=\"index, follow, max-snippet:-1, max-image-preview:large, max-video-preview:-1\" \/>\n<link rel=\"canonical\" href=\"https:\/\/videstehnika.lv\/lt\/katalogs\/majai-un-darzam\/soft-sel-juras-sals-kristali-25kg\/\" \/>\n<meta property=\"og:locale\" content=\"lt_LT\" \/>\n<meta property=\"og:type\" content=\"article\" \/>\n<meta property=\"og:title\" content=\"SOFT-SEL\u00ae&#8226;\" \/>\n<meta property=\"og:description\" content=\"S\u0101ls krist\u0101li \u016bdens m\u012bkstin\u0101t\u0101jiem, jonu apmai\u0146as sve\u0137u re\u0123ener\u0101cijai.\" \/>\n<meta property=\"og:url\" content=\"https:\/\/videstehnika.lv\/katalogs\/majai-un-darzam\/soft-sel-juras-sals-kristali-25kg\/\" \/>\n<meta property=\"og:site_name\" content=\"Vides Tehnika\" \/>\n<meta property=\"article:modified_time\" content=\"2025-10-14T10:02:25+00:00\" \/>\n<meta property=\"og:image\" content=\"https:\/\/videstehnika.lv\/wp-content\/uploads\/2023\/04\/capture-20230426-161052.png\" \/>\n\t<meta property=\"og:image:width\" content=\"594\" \/>\n\t<meta property=\"og:image:height\" content=\"606\" \/>\n\t<meta property=\"og:image:type\" content=\"image\/png\" \/>\n<meta name=\"twitter:card\" content=\"summary_large_image\" \/>\n<meta name=\"twitter:label1\" content=\"Est. reading time\" \/>\n\t<meta name=\"twitter:data1\" content=\"1 minut\u0117\" \/>\n<script type=\"application\/ld+json\" class=\"yoast-schema-graph\">{\"@context\":\"https:\/\/schema.org\",\"@graph\":[{\"@type\":\"WebPage\",\"@id\":\"https:\/\/videstehnika.lv\/katalogs\/majai-un-darzam\/soft-sel-juras-sals-kristali-25kg\/\",\"url\":\"https:\/\/videstehnika.lv\/katalogs\/majai-un-darzam\/soft-sel-juras-sals-kristali-25kg\/\",\"name\":\"SOFT-SEL\u00ae&#8226;\",\"isPartOf\":{\"@id\":\"https:\/\/videstehnika.lv\/lt\/#website\"},\"primaryImageOfPage\":{\"@id\":\"https:\/\/videstehnika.lv\/katalogs\/majai-un-darzam\/soft-sel-juras-sals-kristali-25kg\/#primaryimage\"},\"image\":{\"@id\":\"https:\/\/videstehnika.lv\/katalogs\/majai-un-darzam\/soft-sel-juras-sals-kristali-25kg\/#primaryimage\"},\"thumbnailUrl\":\"https:\/\/videstehnika.lv\/wp-content\/uploads\/2023\/04\/capture-20230426-161052.png\",\"datePublished\":\"2023-04-26T13:16:16+00:00\",\"dateModified\":\"2025-10-14T10:02:25+00:00\",\"description\":\"S\u0101ls krist\u0101li \u016bdens m\u012bkstin\u0101t\u0101jiem, jonu apmai\u0146as sve\u0137u re\u0123ener\u0101cijai.\",\"breadcrumb\":{\"@id\":\"https:\/\/videstehnika.lv\/katalogs\/majai-un-darzam\/soft-sel-juras-sals-kristali-25kg\/#breadcrumb\"},\"inLanguage\":\"lt-LT\",\"potentialAction\":[{\"@type\":\"ReadAction\",\"target\":[\"https:\/\/videstehnika.lv\/katalogs\/majai-un-darzam\/soft-sel-juras-sals-kristali-25kg\/\"]}]},{\"@type\":\"ImageObject\",\"inLanguage\":\"lt-LT\",\"@id\":\"https:\/\/videstehnika.lv\/katalogs\/majai-un-darzam\/soft-sel-juras-sals-kristali-25kg\/#primaryimage\",\"url\":\"https:\/\/videstehnika.lv\/wp-content\/uploads\/2023\/04\/capture-20230426-161052.png\",\"contentUrl\":\"https:\/\/videstehnika.lv\/wp-content\/uploads\/2023\/04\/capture-20230426-161052.png\",\"width\":594,\"height\":606},{\"@type\":\"BreadcrumbList\",\"@id\":\"https:\/\/videstehnika.lv\/katalogs\/majai-un-darzam\/soft-sel-juras-sals-kristali-25kg\/#breadcrumb\",\"itemListElement\":[{\"@type\":\"ListItem\",\"position\":1,\"name\":\"Home\",\"item\":\"https:\/\/videstehnika.lv\/lt\/\"},{\"@type\":\"ListItem\",\"position\":2,\"name\":\"Katalogas\",\"item\":\"https:\/\/videstehnika.lv\/lt\/katalogas\/\"},{\"@type\":\"ListItem\",\"position\":3,\"name\":\"SOFT-SEL\u00ae J\u016aRAS S\u0100LS KRIST\u0100LI 25KG\"}]},{\"@type\":\"WebSite\",\"@id\":\"https:\/\/videstehnika.lv\/lt\/#website\",\"url\":\"https:\/\/videstehnika.lv\/lt\/\",\"name\":\"Vides Tehnika\",\"description\":\"\",\"potentialAction\":[{\"@type\":\"SearchAction\",\"target\":{\"@type\":\"EntryPoint\",\"urlTemplate\":\"https:\/\/videstehnika.lv\/lt\/?s={search_term_string}\"},\"query-input\":{\"@type\":\"PropertyValueSpecification\",\"valueRequired\":true,\"valueName\":\"search_term_string\"}}],\"inLanguage\":\"lt-LT\"}]}<\/script>\n<!-- \/ Yoast SEO plugin. -->","yoast_head_json":{"title":"SOFT-SEL\u00ae&#8226;","description":"S\u0101ls krist\u0101li \u016bdens m\u012bkstin\u0101t\u0101jiem, jonu apmai\u0146as sve\u0137u re\u0123ener\u0101cijai.","robots":{"index":"index","follow":"follow","max-snippet":"max-snippet:-1","max-image-preview":"max-image-preview:large","max-video-preview":"max-video-preview:-1"},"canonical":"https:\/\/videstehnika.lv\/lt\/katalogs\/majai-un-darzam\/soft-sel-juras-sals-kristali-25kg\/","og_locale":"lt_LT","og_type":"article","og_title":"SOFT-SEL\u00ae&#8226;","og_description":"S\u0101ls krist\u0101li \u016bdens m\u012bkstin\u0101t\u0101jiem, jonu apmai\u0146as sve\u0137u re\u0123ener\u0101cijai.","og_url":"https:\/\/videstehnika.lv\/katalogs\/majai-un-darzam\/soft-sel-juras-sals-kristali-25kg\/","og_site_name":"Vides Tehnika","article_modified_time":"2025-10-14T10:02:25+00:00","og_image":[{"width":594,"height":606,"url":"https:\/\/videstehnika.lv\/wp-content\/uploads\/2023\/04\/capture-20230426-161052.png","type":"image\/png"}],"twitter_card":"summary_large_image","twitter_misc":{"Est. reading time":"1 minut\u0117"},"schema":{"@context":"https:\/\/schema.org","@graph":[{"@type":"WebPage","@id":"https:\/\/videstehnika.lv\/katalogs\/majai-un-darzam\/soft-sel-juras-sals-kristali-25kg\/","url":"https:\/\/videstehnika.lv\/katalogs\/majai-un-darzam\/soft-sel-juras-sals-kristali-25kg\/","name":"SOFT-SEL\u00ae&#8226;","isPartOf":{"@id":"https:\/\/videstehnika.lv\/lt\/#website"},"primaryImageOfPage":{"@id":"https:\/\/videstehnika.lv\/katalogs\/majai-un-darzam\/soft-sel-juras-sals-kristali-25kg\/#primaryimage"},"image":{"@id":"https:\/\/videstehnika.lv\/katalogs\/majai-un-darzam\/soft-sel-juras-sals-kristali-25kg\/#primaryimage"},"thumbnailUrl":"https:\/\/videstehnika.lv\/wp-content\/uploads\/2023\/04\/capture-20230426-161052.png","datePublished":"2023-04-26T13:16:16+00:00","dateModified":"2025-10-14T10:02:25+00:00","description":"S\u0101ls krist\u0101li \u016bdens m\u012bkstin\u0101t\u0101jiem, jonu apmai\u0146as sve\u0137u re\u0123ener\u0101cijai.","breadcrumb":{"@id":"https:\/\/videstehnika.lv\/katalogs\/majai-un-darzam\/soft-sel-juras-sals-kristali-25kg\/#breadcrumb"},"inLanguage":"lt-LT","potentialAction":[{"@type":"ReadAction","target":["https:\/\/videstehnika.lv\/katalogs\/majai-un-darzam\/soft-sel-juras-sals-kristali-25kg\/"]}]},{"@type":"ImageObject","inLanguage":"lt-LT","@id":"https:\/\/videstehnika.lv\/katalogs\/majai-un-darzam\/soft-sel-juras-sals-kristali-25kg\/#primaryimage","url":"https:\/\/videstehnika.lv\/wp-content\/uploads\/2023\/04\/capture-20230426-161052.png","contentUrl":"https:\/\/videstehnika.lv\/wp-content\/uploads\/2023\/04\/capture-20230426-161052.png","width":594,"height":606},{"@type":"BreadcrumbList","@id":"https:\/\/videstehnika.lv\/katalogs\/majai-un-darzam\/soft-sel-juras-sals-kristali-25kg\/#breadcrumb","itemListElement":[{"@type":"ListItem","position":1,"name":"Home","item":"https:\/\/videstehnika.lv\/lt\/"},{"@type":"ListItem","position":2,"name":"Katalogas","item":"https:\/\/videstehnika.lv\/lt\/katalogas\/"},{"@type":"ListItem","position":3,"name":"SOFT-SEL\u00ae J\u016aRAS S\u0100LS KRIST\u0100LI 25KG"}]},{"@type":"WebSite","@id":"https:\/\/videstehnika.lv\/lt\/#website","url":"https:\/\/videstehnika.lv\/lt\/","name":"Vides Tehnika","description":"","potentialAction":[{"@type":"SearchAction","target":{"@type":"EntryPoint","urlTemplate":"https:\/\/videstehnika.lv\/lt\/?s={search_term_string}"},"query-input":{"@type":"PropertyValueSpecification","valueRequired":true,"valueName":"search_term_string"}}],"inLanguage":"lt-LT"}]}},"_links":{"self":[{"href":"https:\/\/videstehnika.lv\/lt\/wp-json\/wp\/v2\/product\/17818","targetHints":{"allow":["GET"]}}],"collection":[{"href":"https:\/\/videstehnika.lv\/lt\/wp-json\/wp\/v2\/product"}],"about":[{"href":"https:\/\/videstehnika.lv\/lt\/wp-json\/wp\/v2\/types\/product"}],"wp:featuredmedia":[{"embeddable":true,"href":"https:\/\/videstehnika.lv\/lt\/wp-json\/wp\/v2\/media\/17815"}],"wp:attachment":[{"href":"https:\/\/videstehnika.lv\/lt\/wp-json\/wp\/v2\/media?parent=17818"}],"wp:term":[{"taxonomy":"product_cat","embeddable":true,"href":"https:\/\/videstehnika.lv\/lt\/wp-json\/wp\/v2\/product_cat?post=17818"},{"taxonomy":"product_tag","embeddable":true,"href":"https:\/\/videstehnika.lv\/lt\/wp-json\/wp\/v2\/product_tag?post=17818"}],"curies":[{"name":"wp","href":"https:\/\/api.w.org\/{rel}","templated":true}]}}