{"id":18056,"date":"2023-05-09T10:19:22","date_gmt":"2023-05-09T07:19:22","guid":{"rendered":"https:\/\/videstehnika.lv\/?post_type=product&#038;p=18056"},"modified":"2023-05-09T10:23:34","modified_gmt":"2023-05-09T07:23:34","slug":"opal-20-parketa-laka","status":"publish","type":"product","link":"https:\/\/videstehnika.lv\/katalogs\/buvmateriali-buvei-remontam-un-ieksdarbiem\/opal-20-parketa-laka\/","title":{"rendered":"OPAL 20 , parketa laka"},"content":{"rendered":"<h2>OPAL 20 , parketa laka<\/h2>\n<p id=\"tw-target-text\" class=\"tw-data-text tw-text-large tw-ta\" dir=\"ltr\" data-placeholder=\"Tulkojums\"><span class=\"Y2IQFc\" lang=\"lv\">\u016adens b\u0101zes, 2-komponentu poliuret\u0101na parketa laka.<\/span><\/p>\n<p class=\"tw-data-text tw-text-large tw-ta\" dir=\"ltr\" data-placeholder=\"Tulkojums\"><span class=\"Y2IQFc\" lang=\"lv\">OPAL 10 ir piem\u0113rots rull\u012b\u0161u un otu uzkl\u0101\u0161anai uz parketa un koka gr\u012bd\u0101m.<\/span><\/p>\n<p class=\"tw-data-text tw-text-large tw-ta\" dir=\"ltr\" data-placeholder=\"Tulkojums\"><span class=\"Y2IQFc\" lang=\"lv\"> Paredz\u0113ts gr\u012bd\u0101m, kas ir pak\u013cautas lielam nodiluma spriedzei, piem\u0113ram, sporta hall\u0113m un sabiedrisk\u0101m telp\u0101m.<\/span><\/p>\n<p class=\"tw-data-text tw-text-large tw-ta\" dir=\"ltr\" data-placeholder=\"Tulkojums\"><span class=\"Y2IQFc\" lang=\"lv\"> Atbilst DIN 18032-2 un EN 14904 berzes pras\u012bbas sporta hall\u0113m.<\/span><\/p>\n<p class=\"tw-data-text tw-text-large tw-ta\" dir=\"ltr\" data-placeholder=\"Tulkojums\"><span class=\"Y2IQFc\" lang=\"lv\">Nav piem\u0113rots dimanta priedes un \u0137\u012bmiski apstr\u0101d\u0101tas koksnes, piem\u0113ram, k\u016bpin\u0101ta ozola, lako\u0161anai.<\/span><\/p>\n<h2>OPAL 10 r\u0101d\u012bt\u0101ji<\/h2>\n<p>Pielietojums &#8211; parketam un koka gr\u012bd\u0101m m\u0101j\u0101s un publisk\u0101s viet\u0101s.<\/p>\n<div class=\"product_column\">\n<p>Tips- \u016bdens b\u0101zes ,divkomponentu poliuret\u0101na parketa laka.<\/p>\n<p>Sp\u012bdums &#8211; da\u013c\u0113ji mat\u0113ts<\/p>\n<p>Pat\u0113ri\u0146\u0161 &#8211;\u00a0 ar otu vai rull\u012bti 8-10 m2\/l , viens sl\u0101nis ar t\u0113rauda \u0161pakte\u013cl\u0101psti\u0146u (atk\u0101rtotai lako\u0161anai) 25m2\/l<\/p>\n<p>At\u0161\u0137aid\u012bt\u0101js &#8211; \u016bdens<\/p>\n<p>Uzkl\u0101\u0161anas metode &#8211; ar otu, ar lakas rull\u012bti<\/p>\n<p>To\u0146i &#8211; caursp\u012bd\u012bgs<\/p>\n<p>Iepakojuma izm\u0113ri &#8211;\u00a0 4.5 l<\/p>\n<\/div>\n<h4><\/h4>\n<div class=\"product_column\">\n<p>&nbsp;<\/p>\n<\/div>\n<div class=\"product_column\">\n<p>&nbsp;<\/p>\n<\/div>\n<div class=\"product_column\"><\/div>\n","protected":false},"excerpt":{"rendered":"<p>OPAL 20 , parketa laka \u016adens b\u0101zes, 2-komponentu poliuret\u0101na parketa laka. OPAL 10 ir piem\u0113rots rull\u012b\u0161u un otu uzkl\u0101\u0161anai uz<\/p>\n","protected":false},"featured_media":18065,"template":"","meta":{"_acf_changed":false},"product_cat":[2935,2939,70,2933],"product_tag":[],"class_list":{"0":"post-18056","1":"product","2":"type-product","3":"status-publish","4":"has-post-thumbnail","6":"product_cat-krasas-ieksdarbiem","7":"product_cat-krasas-gridam","8":"product_cat-buvmateriali-buvei-remontam-un-ieksdarbiem","9":"product_cat-krasas","11":"first","12":"onbackorder","13":"featured","14":"taxable","15":"shipping-taxable","16":"product-type-simple"},"acf":[],"yoast_head":"<!-- This site is optimized with the Yoast SEO plugin v24.2 - https:\/\/yoast.com\/wordpress\/plugins\/seo\/ -->\n<title>OPAL 20 , parketa laka&#8226;<\/title>\n<meta name=\"description\" content=\"OPAL 20 , parketa laka .\u016adens b\u0101zes, 2-komponentu poliuret\u0101na parketa laka.\" \/>\n<meta name=\"robots\" content=\"index, follow, max-snippet:-1, max-image-preview:large, max-video-preview:-1\" \/>\n<link rel=\"canonical\" href=\"https:\/\/videstehnika.lv\/lt\/katalogs\/buvmateriali-buvei-remontam-un-ieksdarbiem\/opal-20-parketa-laka\/\" \/>\n<meta property=\"og:locale\" content=\"lt_LT\" \/>\n<meta property=\"og:type\" content=\"article\" \/>\n<meta property=\"og:title\" content=\"OPAL 20 , parketa laka&#8226;\" \/>\n<meta property=\"og:description\" content=\"OPAL 20 , parketa laka .\u016adens b\u0101zes, 2-komponentu poliuret\u0101na parketa laka.\" \/>\n<meta property=\"og:url\" content=\"https:\/\/videstehnika.lv\/katalogs\/buvmateriali-buvei-remontam-un-ieksdarbiem\/opal-20-parketa-laka\/\" \/>\n<meta property=\"og:site_name\" content=\"Vides Tehnika\" \/>\n<meta property=\"article:modified_time\" content=\"2023-05-09T07:23:34+00:00\" \/>\n<meta property=\"og:image\" content=\"https:\/\/videstehnika.lv\/wp-content\/uploads\/2023\/05\/181.jpg\" \/>\n\t<meta property=\"og:image:width\" content=\"580\" \/>\n\t<meta property=\"og:image:height\" content=\"580\" \/>\n\t<meta property=\"og:image:type\" content=\"image\/jpeg\" \/>\n<meta name=\"twitter:card\" content=\"summary_large_image\" \/>\n<meta name=\"twitter:label1\" content=\"Est. reading time\" \/>\n\t<meta name=\"twitter:data1\" content=\"1 minut\u0117\" \/>\n<script type=\"application\/ld+json\" class=\"yoast-schema-graph\">{\"@context\":\"https:\/\/schema.org\",\"@graph\":[{\"@type\":\"WebPage\",\"@id\":\"https:\/\/videstehnika.lv\/katalogs\/buvmateriali-buvei-remontam-un-ieksdarbiem\/opal-20-parketa-laka\/\",\"url\":\"https:\/\/videstehnika.lv\/katalogs\/buvmateriali-buvei-remontam-un-ieksdarbiem\/opal-20-parketa-laka\/\",\"name\":\"OPAL 20 , parketa laka&#8226;\",\"isPartOf\":{\"@id\":\"https:\/\/videstehnika.lv\/lt\/#website\"},\"primaryImageOfPage\":{\"@id\":\"https:\/\/videstehnika.lv\/katalogs\/buvmateriali-buvei-remontam-un-ieksdarbiem\/opal-20-parketa-laka\/#primaryimage\"},\"image\":{\"@id\":\"https:\/\/videstehnika.lv\/katalogs\/buvmateriali-buvei-remontam-un-ieksdarbiem\/opal-20-parketa-laka\/#primaryimage\"},\"thumbnailUrl\":\"https:\/\/videstehnika.lv\/wp-content\/uploads\/2023\/05\/181.jpg\",\"datePublished\":\"2023-05-09T07:19:22+00:00\",\"dateModified\":\"2023-05-09T07:23:34+00:00\",\"description\":\"OPAL 20 , parketa laka .\u016adens b\u0101zes, 2-komponentu poliuret\u0101na parketa laka.\",\"breadcrumb\":{\"@id\":\"https:\/\/videstehnika.lv\/katalogs\/buvmateriali-buvei-remontam-un-ieksdarbiem\/opal-20-parketa-laka\/#breadcrumb\"},\"inLanguage\":\"lt-LT\",\"potentialAction\":[{\"@type\":\"ReadAction\",\"target\":[\"https:\/\/videstehnika.lv\/katalogs\/buvmateriali-buvei-remontam-un-ieksdarbiem\/opal-20-parketa-laka\/\"]}]},{\"@type\":\"ImageObject\",\"inLanguage\":\"lt-LT\",\"@id\":\"https:\/\/videstehnika.lv\/katalogs\/buvmateriali-buvei-remontam-un-ieksdarbiem\/opal-20-parketa-laka\/#primaryimage\",\"url\":\"https:\/\/videstehnika.lv\/wp-content\/uploads\/2023\/05\/181.jpg\",\"contentUrl\":\"https:\/\/videstehnika.lv\/wp-content\/uploads\/2023\/05\/181.jpg\",\"width\":580,\"height\":580},{\"@type\":\"BreadcrumbList\",\"@id\":\"https:\/\/videstehnika.lv\/katalogs\/buvmateriali-buvei-remontam-un-ieksdarbiem\/opal-20-parketa-laka\/#breadcrumb\",\"itemListElement\":[{\"@type\":\"ListItem\",\"position\":1,\"name\":\"Home\",\"item\":\"https:\/\/videstehnika.lv\/lt\/\"},{\"@type\":\"ListItem\",\"position\":2,\"name\":\"Katalogas\",\"item\":\"https:\/\/videstehnika.lv\/lt\/katalogas\/\"},{\"@type\":\"ListItem\",\"position\":3,\"name\":\"OPAL 20 , parketa laka\"}]},{\"@type\":\"WebSite\",\"@id\":\"https:\/\/videstehnika.lv\/lt\/#website\",\"url\":\"https:\/\/videstehnika.lv\/lt\/\",\"name\":\"Vides Tehnika\",\"description\":\"\",\"potentialAction\":[{\"@type\":\"SearchAction\",\"target\":{\"@type\":\"EntryPoint\",\"urlTemplate\":\"https:\/\/videstehnika.lv\/lt\/?s={search_term_string}\"},\"query-input\":{\"@type\":\"PropertyValueSpecification\",\"valueRequired\":true,\"valueName\":\"search_term_string\"}}],\"inLanguage\":\"lt-LT\"}]}<\/script>\n<!-- \/ Yoast SEO plugin. -->","yoast_head_json":{"title":"OPAL 20 , parketa laka&#8226;","description":"OPAL 20 , parketa laka .\u016adens b\u0101zes, 2-komponentu poliuret\u0101na parketa laka.","robots":{"index":"index","follow":"follow","max-snippet":"max-snippet:-1","max-image-preview":"max-image-preview:large","max-video-preview":"max-video-preview:-1"},"canonical":"https:\/\/videstehnika.lv\/lt\/katalogs\/buvmateriali-buvei-remontam-un-ieksdarbiem\/opal-20-parketa-laka\/","og_locale":"lt_LT","og_type":"article","og_title":"OPAL 20 , parketa laka&#8226;","og_description":"OPAL 20 , parketa laka .\u016adens b\u0101zes, 2-komponentu poliuret\u0101na parketa laka.","og_url":"https:\/\/videstehnika.lv\/katalogs\/buvmateriali-buvei-remontam-un-ieksdarbiem\/opal-20-parketa-laka\/","og_site_name":"Vides Tehnika","article_modified_time":"2023-05-09T07:23:34+00:00","og_image":[{"width":580,"height":580,"url":"https:\/\/videstehnika.lv\/wp-content\/uploads\/2023\/05\/181.jpg","type":"image\/jpeg"}],"twitter_card":"summary_large_image","twitter_misc":{"Est. reading time":"1 minut\u0117"},"schema":{"@context":"https:\/\/schema.org","@graph":[{"@type":"WebPage","@id":"https:\/\/videstehnika.lv\/katalogs\/buvmateriali-buvei-remontam-un-ieksdarbiem\/opal-20-parketa-laka\/","url":"https:\/\/videstehnika.lv\/katalogs\/buvmateriali-buvei-remontam-un-ieksdarbiem\/opal-20-parketa-laka\/","name":"OPAL 20 , parketa laka&#8226;","isPartOf":{"@id":"https:\/\/videstehnika.lv\/lt\/#website"},"primaryImageOfPage":{"@id":"https:\/\/videstehnika.lv\/katalogs\/buvmateriali-buvei-remontam-un-ieksdarbiem\/opal-20-parketa-laka\/#primaryimage"},"image":{"@id":"https:\/\/videstehnika.lv\/katalogs\/buvmateriali-buvei-remontam-un-ieksdarbiem\/opal-20-parketa-laka\/#primaryimage"},"thumbnailUrl":"https:\/\/videstehnika.lv\/wp-content\/uploads\/2023\/05\/181.jpg","datePublished":"2023-05-09T07:19:22+00:00","dateModified":"2023-05-09T07:23:34+00:00","description":"OPAL 20 , parketa laka .\u016adens b\u0101zes, 2-komponentu poliuret\u0101na parketa laka.","breadcrumb":{"@id":"https:\/\/videstehnika.lv\/katalogs\/buvmateriali-buvei-remontam-un-ieksdarbiem\/opal-20-parketa-laka\/#breadcrumb"},"inLanguage":"lt-LT","potentialAction":[{"@type":"ReadAction","target":["https:\/\/videstehnika.lv\/katalogs\/buvmateriali-buvei-remontam-un-ieksdarbiem\/opal-20-parketa-laka\/"]}]},{"@type":"ImageObject","inLanguage":"lt-LT","@id":"https:\/\/videstehnika.lv\/katalogs\/buvmateriali-buvei-remontam-un-ieksdarbiem\/opal-20-parketa-laka\/#primaryimage","url":"https:\/\/videstehnika.lv\/wp-content\/uploads\/2023\/05\/181.jpg","contentUrl":"https:\/\/videstehnika.lv\/wp-content\/uploads\/2023\/05\/181.jpg","width":580,"height":580},{"@type":"BreadcrumbList","@id":"https:\/\/videstehnika.lv\/katalogs\/buvmateriali-buvei-remontam-un-ieksdarbiem\/opal-20-parketa-laka\/#breadcrumb","itemListElement":[{"@type":"ListItem","position":1,"name":"Home","item":"https:\/\/videstehnika.lv\/lt\/"},{"@type":"ListItem","position":2,"name":"Katalogas","item":"https:\/\/videstehnika.lv\/lt\/katalogas\/"},{"@type":"ListItem","position":3,"name":"OPAL 20 , parketa laka"}]},{"@type":"WebSite","@id":"https:\/\/videstehnika.lv\/lt\/#website","url":"https:\/\/videstehnika.lv\/lt\/","name":"Vides Tehnika","description":"","potentialAction":[{"@type":"SearchAction","target":{"@type":"EntryPoint","urlTemplate":"https:\/\/videstehnika.lv\/lt\/?s={search_term_string}"},"query-input":{"@type":"PropertyValueSpecification","valueRequired":true,"valueName":"search_term_string"}}],"inLanguage":"lt-LT"}]}},"_links":{"self":[{"href":"https:\/\/videstehnika.lv\/lt\/wp-json\/wp\/v2\/product\/18056","targetHints":{"allow":["GET"]}}],"collection":[{"href":"https:\/\/videstehnika.lv\/lt\/wp-json\/wp\/v2\/product"}],"about":[{"href":"https:\/\/videstehnika.lv\/lt\/wp-json\/wp\/v2\/types\/product"}],"wp:featuredmedia":[{"embeddable":true,"href":"https:\/\/videstehnika.lv\/lt\/wp-json\/wp\/v2\/media\/18065"}],"wp:attachment":[{"href":"https:\/\/videstehnika.lv\/lt\/wp-json\/wp\/v2\/media?parent=18056"}],"wp:term":[{"taxonomy":"product_cat","embeddable":true,"href":"https:\/\/videstehnika.lv\/lt\/wp-json\/wp\/v2\/product_cat?post=18056"},{"taxonomy":"product_tag","embeddable":true,"href":"https:\/\/videstehnika.lv\/lt\/wp-json\/wp\/v2\/product_tag?post=18056"}],"curies":[{"name":"wp","href":"https:\/\/api.w.org\/{rel}","templated":true}]}}