{"id":18248,"date":"2023-05-11T10:07:11","date_gmt":"2023-05-11T07:07:11","guid":{"rendered":"https:\/\/videstehnika.lv\/?post_type=product&#038;p=18248"},"modified":"2023-05-11T10:08:37","modified_gmt":"2023-05-11T07:08:37","slug":"california-lounge-vip-galdins","status":"publish","type":"product","link":"https:\/\/videstehnika.lv\/katalogs\/majai-un-darzam\/california-lounge-vip-galdins\/","title":{"rendered":"California Lounge VIP- galdi\u0146\u0161"},"content":{"rendered":"<h2 class=\"product-name\">California Lounge VIP &#8211; galdi\u0146\u0161<\/h2>\n<p>WoodSun ir m\u0113be\u013cu ra\u017eot\u0101js, kas specializ\u0113jas mas\u012bvkoka m\u0113be\u013cu ra\u017eo\u0161an\u0101.<\/p>\n<p>M\u0113beles tiek rok\u0101m veidotas, no augstas kvalit\u0101tes koksnes materi\u0101liem, nodro\u0161inot izsmalcin\u0101tu kvalit\u0101ti.<\/p>\n<p>WoodSun m\u0113beles ir izgatavotas tikai no dab\u012bgiem materi\u0101liem, un klientiem ir iesp\u0113ja pas\u016bt\u012bt ar\u012b da\u017e\u0101dus koka, un auduma p\u0101rkl\u0101juma materi\u0101lu veidus p\u0113c izv\u0113les.<\/p>\n<p>T\u0101pat klienti var izv\u0113l\u0113ties ar\u012b koka ton\u0113jumu, lai piel\u0101gotu m\u0113beles savam interjeram.<\/p>\n<p>WoodSun m\u0113beles ir ar p\u0101rbaud\u012btu kvalit\u0101ti un iztur\u012bbu.<\/p>\n<p>&nbsp;<\/p>\n<p>Galdi\u0146\u0161:<\/p>\n<p>Augstums: 330mm<\/p>\n<p>Platums: 400mm<\/p>\n<p>Garums: 630mm<\/p>\n<p>&nbsp;<\/p>\n<p>Nodro\u0161in\u0101m m\u0113be\u013cu pieg\u0101di vis\u0101 pasaul\u0113, k\u0101 ar\u012b konsult\u0113jam klientus, un atrodam Jums v\u0113lamu risin\u0101jumu. S\u012bk\u0101ku inform\u0101ciju sniedzam pa zem\u0101k nor\u0101d\u012bto t\u0101lruni:<\/p>\n<p>+371 23227100<\/p>\n<p>+371 24967408<\/p>\n","protected":false},"excerpt":{"rendered":"<p>Cena nor\u0101d\u012bta par pl\u0101ksni<\/p>\n","protected":false},"featured_media":18165,"template":"","meta":{"_acf_changed":false},"product_cat":[3017,2977],"product_tag":[],"class_list":{"0":"post-18248","1":"product","2":"type-product","3":"status-publish","4":"has-post-thumbnail","6":"product_cat-mebeles","7":"product_cat-majai-un-darzam","9":"first","10":"instock","11":"featured","12":"taxable","13":"shipping-taxable","14":"purchasable","15":"product-type-simple"},"acf":[],"yoast_head":"<!-- This site is optimized with the Yoast SEO plugin v24.2 - https:\/\/yoast.com\/wordpress\/plugins\/seo\/ -->\n<title>California Loung VIP<\/title>\n<meta name=\"description\" content=\"California Lounge VIP- galdi\u0146\u0161.\" \/>\n<meta name=\"robots\" content=\"index, follow, max-snippet:-1, max-image-preview:large, max-video-preview:-1\" \/>\n<link rel=\"canonical\" href=\"https:\/\/videstehnika.lv\/lt\/katalogs\/majai-un-darzam\/california-lounge-vip-galdins\/\" \/>\n<meta property=\"og:locale\" content=\"lt_LT\" \/>\n<meta property=\"og:type\" content=\"article\" \/>\n<meta property=\"og:title\" content=\"California Loung VIP\" \/>\n<meta property=\"og:description\" content=\"California Lounge VIP- galdi\u0146\u0161.\" \/>\n<meta property=\"og:url\" content=\"https:\/\/videstehnika.lv\/katalogs\/majai-un-darzam\/california-lounge-vip-galdins\/\" \/>\n<meta property=\"og:site_name\" content=\"Vides Tehnika\" \/>\n<meta property=\"article:modified_time\" content=\"2023-05-11T07:08:37+00:00\" \/>\n<meta property=\"og:image\" content=\"https:\/\/videstehnika.lv\/wp-content\/uploads\/2023\/05\/IMG_1833-copy-scaled.jpg\" \/>\n\t<meta property=\"og:image:width\" content=\"1707\" \/>\n\t<meta property=\"og:image:height\" content=\"2560\" \/>\n\t<meta property=\"og:image:type\" content=\"image\/jpeg\" \/>\n<meta name=\"twitter:card\" content=\"summary_large_image\" \/>\n<meta name=\"twitter:label1\" content=\"Est. reading time\" \/>\n\t<meta name=\"twitter:data1\" content=\"1 minut\u0117\" \/>\n<script type=\"application\/ld+json\" class=\"yoast-schema-graph\">{\"@context\":\"https:\/\/schema.org\",\"@graph\":[{\"@type\":\"WebPage\",\"@id\":\"https:\/\/videstehnika.lv\/katalogs\/majai-un-darzam\/california-lounge-vip-galdins\/\",\"url\":\"https:\/\/videstehnika.lv\/katalogs\/majai-un-darzam\/california-lounge-vip-galdins\/\",\"name\":\"California Loung VIP\",\"isPartOf\":{\"@id\":\"https:\/\/videstehnika.lv\/lt\/#website\"},\"primaryImageOfPage\":{\"@id\":\"https:\/\/videstehnika.lv\/katalogs\/majai-un-darzam\/california-lounge-vip-galdins\/#primaryimage\"},\"image\":{\"@id\":\"https:\/\/videstehnika.lv\/katalogs\/majai-un-darzam\/california-lounge-vip-galdins\/#primaryimage\"},\"thumbnailUrl\":\"https:\/\/videstehnika.lv\/wp-content\/uploads\/2023\/05\/IMG_1833-copy-scaled.jpg\",\"datePublished\":\"2023-05-11T07:07:11+00:00\",\"dateModified\":\"2023-05-11T07:08:37+00:00\",\"description\":\"California Lounge VIP- galdi\u0146\u0161.\",\"breadcrumb\":{\"@id\":\"https:\/\/videstehnika.lv\/katalogs\/majai-un-darzam\/california-lounge-vip-galdins\/#breadcrumb\"},\"inLanguage\":\"lt-LT\",\"potentialAction\":[{\"@type\":\"ReadAction\",\"target\":[\"https:\/\/videstehnika.lv\/katalogs\/majai-un-darzam\/california-lounge-vip-galdins\/\"]}]},{\"@type\":\"ImageObject\",\"inLanguage\":\"lt-LT\",\"@id\":\"https:\/\/videstehnika.lv\/katalogs\/majai-un-darzam\/california-lounge-vip-galdins\/#primaryimage\",\"url\":\"https:\/\/videstehnika.lv\/wp-content\/uploads\/2023\/05\/IMG_1833-copy-scaled.jpg\",\"contentUrl\":\"https:\/\/videstehnika.lv\/wp-content\/uploads\/2023\/05\/IMG_1833-copy-scaled.jpg\",\"width\":1707,\"height\":2560},{\"@type\":\"BreadcrumbList\",\"@id\":\"https:\/\/videstehnika.lv\/katalogs\/majai-un-darzam\/california-lounge-vip-galdins\/#breadcrumb\",\"itemListElement\":[{\"@type\":\"ListItem\",\"position\":1,\"name\":\"Home\",\"item\":\"https:\/\/videstehnika.lv\/lt\/\"},{\"@type\":\"ListItem\",\"position\":2,\"name\":\"Katalogas\",\"item\":\"https:\/\/videstehnika.lv\/lt\/katalogas\/\"},{\"@type\":\"ListItem\",\"position\":3,\"name\":\"California Lounge VIP- galdi\u0146\u0161\"}]},{\"@type\":\"WebSite\",\"@id\":\"https:\/\/videstehnika.lv\/lt\/#website\",\"url\":\"https:\/\/videstehnika.lv\/lt\/\",\"name\":\"Vides Tehnika\",\"description\":\"\",\"potentialAction\":[{\"@type\":\"SearchAction\",\"target\":{\"@type\":\"EntryPoint\",\"urlTemplate\":\"https:\/\/videstehnika.lv\/lt\/?s={search_term_string}\"},\"query-input\":{\"@type\":\"PropertyValueSpecification\",\"valueRequired\":true,\"valueName\":\"search_term_string\"}}],\"inLanguage\":\"lt-LT\"}]}<\/script>\n<!-- \/ Yoast SEO plugin. -->","yoast_head_json":{"title":"California Loung VIP","description":"California Lounge VIP- galdi\u0146\u0161.","robots":{"index":"index","follow":"follow","max-snippet":"max-snippet:-1","max-image-preview":"max-image-preview:large","max-video-preview":"max-video-preview:-1"},"canonical":"https:\/\/videstehnika.lv\/lt\/katalogs\/majai-un-darzam\/california-lounge-vip-galdins\/","og_locale":"lt_LT","og_type":"article","og_title":"California Loung VIP","og_description":"California Lounge VIP- galdi\u0146\u0161.","og_url":"https:\/\/videstehnika.lv\/katalogs\/majai-un-darzam\/california-lounge-vip-galdins\/","og_site_name":"Vides Tehnika","article_modified_time":"2023-05-11T07:08:37+00:00","og_image":[{"width":1707,"height":2560,"url":"https:\/\/videstehnika.lv\/wp-content\/uploads\/2023\/05\/IMG_1833-copy-scaled.jpg","type":"image\/jpeg"}],"twitter_card":"summary_large_image","twitter_misc":{"Est. reading time":"1 minut\u0117"},"schema":{"@context":"https:\/\/schema.org","@graph":[{"@type":"WebPage","@id":"https:\/\/videstehnika.lv\/katalogs\/majai-un-darzam\/california-lounge-vip-galdins\/","url":"https:\/\/videstehnika.lv\/katalogs\/majai-un-darzam\/california-lounge-vip-galdins\/","name":"California Loung VIP","isPartOf":{"@id":"https:\/\/videstehnika.lv\/lt\/#website"},"primaryImageOfPage":{"@id":"https:\/\/videstehnika.lv\/katalogs\/majai-un-darzam\/california-lounge-vip-galdins\/#primaryimage"},"image":{"@id":"https:\/\/videstehnika.lv\/katalogs\/majai-un-darzam\/california-lounge-vip-galdins\/#primaryimage"},"thumbnailUrl":"https:\/\/videstehnika.lv\/wp-content\/uploads\/2023\/05\/IMG_1833-copy-scaled.jpg","datePublished":"2023-05-11T07:07:11+00:00","dateModified":"2023-05-11T07:08:37+00:00","description":"California Lounge VIP- galdi\u0146\u0161.","breadcrumb":{"@id":"https:\/\/videstehnika.lv\/katalogs\/majai-un-darzam\/california-lounge-vip-galdins\/#breadcrumb"},"inLanguage":"lt-LT","potentialAction":[{"@type":"ReadAction","target":["https:\/\/videstehnika.lv\/katalogs\/majai-un-darzam\/california-lounge-vip-galdins\/"]}]},{"@type":"ImageObject","inLanguage":"lt-LT","@id":"https:\/\/videstehnika.lv\/katalogs\/majai-un-darzam\/california-lounge-vip-galdins\/#primaryimage","url":"https:\/\/videstehnika.lv\/wp-content\/uploads\/2023\/05\/IMG_1833-copy-scaled.jpg","contentUrl":"https:\/\/videstehnika.lv\/wp-content\/uploads\/2023\/05\/IMG_1833-copy-scaled.jpg","width":1707,"height":2560},{"@type":"BreadcrumbList","@id":"https:\/\/videstehnika.lv\/katalogs\/majai-un-darzam\/california-lounge-vip-galdins\/#breadcrumb","itemListElement":[{"@type":"ListItem","position":1,"name":"Home","item":"https:\/\/videstehnika.lv\/lt\/"},{"@type":"ListItem","position":2,"name":"Katalogas","item":"https:\/\/videstehnika.lv\/lt\/katalogas\/"},{"@type":"ListItem","position":3,"name":"California Lounge VIP- galdi\u0146\u0161"}]},{"@type":"WebSite","@id":"https:\/\/videstehnika.lv\/lt\/#website","url":"https:\/\/videstehnika.lv\/lt\/","name":"Vides Tehnika","description":"","potentialAction":[{"@type":"SearchAction","target":{"@type":"EntryPoint","urlTemplate":"https:\/\/videstehnika.lv\/lt\/?s={search_term_string}"},"query-input":{"@type":"PropertyValueSpecification","valueRequired":true,"valueName":"search_term_string"}}],"inLanguage":"lt-LT"}]}},"_links":{"self":[{"href":"https:\/\/videstehnika.lv\/lt\/wp-json\/wp\/v2\/product\/18248","targetHints":{"allow":["GET"]}}],"collection":[{"href":"https:\/\/videstehnika.lv\/lt\/wp-json\/wp\/v2\/product"}],"about":[{"href":"https:\/\/videstehnika.lv\/lt\/wp-json\/wp\/v2\/types\/product"}],"wp:featuredmedia":[{"embeddable":true,"href":"https:\/\/videstehnika.lv\/lt\/wp-json\/wp\/v2\/media\/18165"}],"wp:attachment":[{"href":"https:\/\/videstehnika.lv\/lt\/wp-json\/wp\/v2\/media?parent=18248"}],"wp:term":[{"taxonomy":"product_cat","embeddable":true,"href":"https:\/\/videstehnika.lv\/lt\/wp-json\/wp\/v2\/product_cat?post=18248"},{"taxonomy":"product_tag","embeddable":true,"href":"https:\/\/videstehnika.lv\/lt\/wp-json\/wp\/v2\/product_tag?post=18248"}],"curies":[{"name":"wp","href":"https:\/\/api.w.org\/{rel}","templated":true}]}}