{"id":18254,"date":"2023-05-11T10:40:07","date_gmt":"2023-05-11T07:40:07","guid":{"rendered":"https:\/\/videstehnika.lv\/?post_type=product&#038;p=18254"},"modified":"2024-07-25T10:45:14","modified_gmt":"2024-07-25T07:45:14","slug":"norgips-q-gkf-ugunsizturigs-regipsis","status":"publish","type":"product","link":"https:\/\/videstehnika.lv\/katalogs\/buvmateriali-buvei-remontam-un-ieksdarbiem\/norgips-q-gkf-ugunsizturigs-regipsis\/","title":{"rendered":"NORGIPS Q GKF Ugunsiztur\u012bgs Re\u0123ipsis"},"content":{"rendered":"<h2>\u00a0 \u00a0 \u00a0 \u00a0 \u00a0 \u00a0 \u00a0 \u00a0 \u00a0 \u00a0 \u00a0 \u00a0 \u00a0 \u00a0 \u00a0 \u00a0 \u00a0 \u00a0 \u00a0 \u00a0 \u00a0 \u00a0 \u00a0 \u00a0 \u00a0 \u00a0 \u00a0 \u00a0 \u00a0 \u00a0 \u00a0 \u00a0 \u00a0 \u00a0 \u00a0NORGIPS Q GKF Ugunsiztur\u012bgs Re\u0123ipsis<br \/>\n<img loading=\"lazy\" decoding=\"async\" class=\"wp-image-14806 alignleft\" src=\"https:\/\/videstehnika.lv\/wp-content\/uploads\/2022\/08\/wqq-300x168.png\" alt=\"\" width=\"396\" height=\"222\" srcset=\"https:\/\/videstehnika.lv\/wp-content\/uploads\/2022\/08\/wqq-300x168.png 300w, https:\/\/videstehnika.lv\/wp-content\/uploads\/2022\/08\/wqq-150x84.png 150w, https:\/\/videstehnika.lv\/wp-content\/uploads\/2022\/08\/wqq.png 446w\" sizes=\"auto, (max-width: 396px) 100vw, 396px\" \/><\/h2>\n<p class=\"prod_page-title\"><strong>Norgips Ugunsiztur\u012bg\u0101<\/strong>\u00a0 Re\u0123ip\u0161a pl\u0101sksnes paredz\u0113tas sien\u0101m, griestiem, kolonn\u0101m un sij\u0101m, kur nepiecie\u0161ama papildus ugunsdro\u0161\u012bba.<\/p>\n<p class=\"prod_page-title\">S\u0101nu malas ar padzi\u013cin\u0101jumu \u0161paktel\u0113\u0161anai un gali griezti taisn\u0101 le\u0146\u0137\u012b.<\/p>\n<p class=\"prod_page-title\">\u0122ip\u0161a masas sast\u0101v\u0101 ir stikla\u0161\u0137iedras arm\u0113jums un uguni sl\u0101p\u0113jo\u0161as piedevas.<\/p>\n<p>Ir iev\u0113rots, ka m\u0101jas kuru sienu b\u016bve\u0161anai ir izmantots ugunsiztur\u012bgais re\u0123ipsis, tiek vair\u0101k pasarg\u0101tas no piln\u012bgas izdeg\u0161anas ugunsgr\u0113ka gad\u012bjum\u0101.<\/p>\n<p>\u0160\u0101das \u0123ip\u0161kartona pl\u0101ksnes sp\u0113j aiztur\u0113t uguns izplat\u012b\u0161anos.<\/p>\n","protected":false},"excerpt":{"rendered":"<p>Cena nor\u0101d\u012bta par pl\u0101ksni<\/p>\n","protected":false},"featured_media":37444,"template":"","meta":{"_acf_changed":false},"product_cat":[70,100],"product_tag":[],"class_list":{"0":"post-18254","1":"product","2":"type-product","3":"status-publish","4":"has-post-thumbnail","6":"product_cat-buvmateriali-buvei-remontam-un-ieksdarbiem","7":"product_cat-regipsis","9":"first","10":"onbackorder","11":"taxable","12":"shipping-taxable","13":"purchasable","14":"product-type-variable"},"acf":[],"yoast_head":"<!-- This site is optimized with the Yoast SEO plugin v24.2 - https:\/\/yoast.com\/wordpress\/plugins\/seo\/ -->\n<title>NORGIPS Q GKF Ugunsiztur\u012bgs Re\u0123ipsis &#8226; Vides Tehnika<\/title>\n<meta name=\"description\" content=\"NORGIPS Q GKF Ugunsiztur\u012bgs Re\u0123ipsisNorgips Ugunsiztur\u012bg\u0101\u00a0 Re\u0123ip\u0161a pl\u0101sksnes paredz\u0113tas sien\u0101m, griestiem, kolonn\u0101m un sij\u0101m, kur nepiecie\u0161ama papildus ugunsdro\u0161\u012bba.\" \/>\n<meta name=\"robots\" content=\"index, follow, max-snippet:-1, max-image-preview:large, max-video-preview:-1\" \/>\n<link rel=\"canonical\" href=\"https:\/\/videstehnika.lv\/lt\/katalogs\/buvmateriali-buvei-remontam-un-ieksdarbiem\/norgips-q-gkf-ugunsizturigs-regipsis\/\" \/>\n<meta property=\"og:locale\" content=\"lt_LT\" \/>\n<meta property=\"og:type\" content=\"article\" \/>\n<meta property=\"og:title\" content=\"NORGIPS Q GKF Ugunsiztur\u012bgs Re\u0123ipsis &#8226; Vides Tehnika\" \/>\n<meta property=\"og:description\" content=\"NORGIPS Q GKF Ugunsiztur\u012bgs Re\u0123ipsisNorgips Ugunsiztur\u012bg\u0101\u00a0 Re\u0123ip\u0161a pl\u0101sksnes paredz\u0113tas sien\u0101m, griestiem, kolonn\u0101m un sij\u0101m, kur nepiecie\u0161ama papildus ugunsdro\u0161\u012bba.\" \/>\n<meta property=\"og:url\" content=\"https:\/\/videstehnika.lv\/katalogs\/buvmateriali-buvei-remontam-un-ieksdarbiem\/norgips-q-gkf-ugunsizturigs-regipsis\/\" \/>\n<meta property=\"og:site_name\" content=\"Vides Tehnika\" \/>\n<meta property=\"article:modified_time\" content=\"2024-07-25T07:45:14+00:00\" \/>\n<meta property=\"og:image\" content=\"https:\/\/videstehnika.lv\/wp-content\/uploads\/2023\/05\/Screenshot-2024-07-25-104407.jpg\" \/>\n\t<meta property=\"og:image:width\" content=\"841\" \/>\n\t<meta property=\"og:image:height\" content=\"777\" \/>\n\t<meta property=\"og:image:type\" content=\"image\/jpeg\" \/>\n<meta name=\"twitter:card\" content=\"summary_large_image\" \/>\n<meta name=\"twitter:label1\" content=\"Est. reading time\" \/>\n\t<meta name=\"twitter:data1\" content=\"1 minut\u0117\" \/>\n<script type=\"application\/ld+json\" class=\"yoast-schema-graph\">{\"@context\":\"https:\/\/schema.org\",\"@graph\":[{\"@type\":\"WebPage\",\"@id\":\"https:\/\/videstehnika.lv\/katalogs\/buvmateriali-buvei-remontam-un-ieksdarbiem\/norgips-q-gkf-ugunsizturigs-regipsis\/\",\"url\":\"https:\/\/videstehnika.lv\/katalogs\/buvmateriali-buvei-remontam-un-ieksdarbiem\/norgips-q-gkf-ugunsizturigs-regipsis\/\",\"name\":\"NORGIPS Q GKF Ugunsiztur\u012bgs Re\u0123ipsis &#8226; Vides Tehnika\",\"isPartOf\":{\"@id\":\"https:\/\/videstehnika.lv\/lt\/#website\"},\"primaryImageOfPage\":{\"@id\":\"https:\/\/videstehnika.lv\/katalogs\/buvmateriali-buvei-remontam-un-ieksdarbiem\/norgips-q-gkf-ugunsizturigs-regipsis\/#primaryimage\"},\"image\":{\"@id\":\"https:\/\/videstehnika.lv\/katalogs\/buvmateriali-buvei-remontam-un-ieksdarbiem\/norgips-q-gkf-ugunsizturigs-regipsis\/#primaryimage\"},\"thumbnailUrl\":\"https:\/\/videstehnika.lv\/wp-content\/uploads\/2023\/05\/Screenshot-2024-07-25-104407.jpg\",\"datePublished\":\"2023-05-11T07:40:07+00:00\",\"dateModified\":\"2024-07-25T07:45:14+00:00\",\"description\":\"NORGIPS Q GKF Ugunsiztur\u012bgs Re\u0123ipsisNorgips Ugunsiztur\u012bg\u0101\u00a0 Re\u0123ip\u0161a pl\u0101sksnes paredz\u0113tas sien\u0101m, griestiem, kolonn\u0101m un sij\u0101m, kur nepiecie\u0161ama papildus ugunsdro\u0161\u012bba.\",\"breadcrumb\":{\"@id\":\"https:\/\/videstehnika.lv\/katalogs\/buvmateriali-buvei-remontam-un-ieksdarbiem\/norgips-q-gkf-ugunsizturigs-regipsis\/#breadcrumb\"},\"inLanguage\":\"lt-LT\",\"potentialAction\":[{\"@type\":\"ReadAction\",\"target\":[\"https:\/\/videstehnika.lv\/katalogs\/buvmateriali-buvei-remontam-un-ieksdarbiem\/norgips-q-gkf-ugunsizturigs-regipsis\/\"]}]},{\"@type\":\"ImageObject\",\"inLanguage\":\"lt-LT\",\"@id\":\"https:\/\/videstehnika.lv\/katalogs\/buvmateriali-buvei-remontam-un-ieksdarbiem\/norgips-q-gkf-ugunsizturigs-regipsis\/#primaryimage\",\"url\":\"https:\/\/videstehnika.lv\/wp-content\/uploads\/2023\/05\/Screenshot-2024-07-25-104407.jpg\",\"contentUrl\":\"https:\/\/videstehnika.lv\/wp-content\/uploads\/2023\/05\/Screenshot-2024-07-25-104407.jpg\",\"width\":841,\"height\":777},{\"@type\":\"BreadcrumbList\",\"@id\":\"https:\/\/videstehnika.lv\/katalogs\/buvmateriali-buvei-remontam-un-ieksdarbiem\/norgips-q-gkf-ugunsizturigs-regipsis\/#breadcrumb\",\"itemListElement\":[{\"@type\":\"ListItem\",\"position\":1,\"name\":\"Home\",\"item\":\"https:\/\/videstehnika.lv\/lt\/\"},{\"@type\":\"ListItem\",\"position\":2,\"name\":\"Katalogas\",\"item\":\"https:\/\/videstehnika.lv\/lt\/katalogas\/\"},{\"@type\":\"ListItem\",\"position\":3,\"name\":\"NORGIPS Q GKF Ugunsiztur\u012bgs Re\u0123ipsis\"}]},{\"@type\":\"WebSite\",\"@id\":\"https:\/\/videstehnika.lv\/lt\/#website\",\"url\":\"https:\/\/videstehnika.lv\/lt\/\",\"name\":\"Vides Tehnika\",\"description\":\"\",\"potentialAction\":[{\"@type\":\"SearchAction\",\"target\":{\"@type\":\"EntryPoint\",\"urlTemplate\":\"https:\/\/videstehnika.lv\/lt\/?s={search_term_string}\"},\"query-input\":{\"@type\":\"PropertyValueSpecification\",\"valueRequired\":true,\"valueName\":\"search_term_string\"}}],\"inLanguage\":\"lt-LT\"}]}<\/script>\n<!-- \/ Yoast SEO plugin. -->","yoast_head_json":{"title":"NORGIPS Q GKF Ugunsiztur\u012bgs Re\u0123ipsis &#8226; Vides Tehnika","description":"NORGIPS Q GKF Ugunsiztur\u012bgs Re\u0123ipsisNorgips Ugunsiztur\u012bg\u0101\u00a0 Re\u0123ip\u0161a pl\u0101sksnes paredz\u0113tas sien\u0101m, griestiem, kolonn\u0101m un sij\u0101m, kur nepiecie\u0161ama papildus ugunsdro\u0161\u012bba.","robots":{"index":"index","follow":"follow","max-snippet":"max-snippet:-1","max-image-preview":"max-image-preview:large","max-video-preview":"max-video-preview:-1"},"canonical":"https:\/\/videstehnika.lv\/lt\/katalogs\/buvmateriali-buvei-remontam-un-ieksdarbiem\/norgips-q-gkf-ugunsizturigs-regipsis\/","og_locale":"lt_LT","og_type":"article","og_title":"NORGIPS Q GKF Ugunsiztur\u012bgs Re\u0123ipsis &#8226; Vides Tehnika","og_description":"NORGIPS Q GKF Ugunsiztur\u012bgs Re\u0123ipsisNorgips Ugunsiztur\u012bg\u0101\u00a0 Re\u0123ip\u0161a pl\u0101sksnes paredz\u0113tas sien\u0101m, griestiem, kolonn\u0101m un sij\u0101m, kur nepiecie\u0161ama papildus ugunsdro\u0161\u012bba.","og_url":"https:\/\/videstehnika.lv\/katalogs\/buvmateriali-buvei-remontam-un-ieksdarbiem\/norgips-q-gkf-ugunsizturigs-regipsis\/","og_site_name":"Vides Tehnika","article_modified_time":"2024-07-25T07:45:14+00:00","og_image":[{"width":841,"height":777,"url":"https:\/\/videstehnika.lv\/wp-content\/uploads\/2023\/05\/Screenshot-2024-07-25-104407.jpg","type":"image\/jpeg"}],"twitter_card":"summary_large_image","twitter_misc":{"Est. reading time":"1 minut\u0117"},"schema":{"@context":"https:\/\/schema.org","@graph":[{"@type":"WebPage","@id":"https:\/\/videstehnika.lv\/katalogs\/buvmateriali-buvei-remontam-un-ieksdarbiem\/norgips-q-gkf-ugunsizturigs-regipsis\/","url":"https:\/\/videstehnika.lv\/katalogs\/buvmateriali-buvei-remontam-un-ieksdarbiem\/norgips-q-gkf-ugunsizturigs-regipsis\/","name":"NORGIPS Q GKF Ugunsiztur\u012bgs Re\u0123ipsis &#8226; Vides Tehnika","isPartOf":{"@id":"https:\/\/videstehnika.lv\/lt\/#website"},"primaryImageOfPage":{"@id":"https:\/\/videstehnika.lv\/katalogs\/buvmateriali-buvei-remontam-un-ieksdarbiem\/norgips-q-gkf-ugunsizturigs-regipsis\/#primaryimage"},"image":{"@id":"https:\/\/videstehnika.lv\/katalogs\/buvmateriali-buvei-remontam-un-ieksdarbiem\/norgips-q-gkf-ugunsizturigs-regipsis\/#primaryimage"},"thumbnailUrl":"https:\/\/videstehnika.lv\/wp-content\/uploads\/2023\/05\/Screenshot-2024-07-25-104407.jpg","datePublished":"2023-05-11T07:40:07+00:00","dateModified":"2024-07-25T07:45:14+00:00","description":"NORGIPS Q GKF Ugunsiztur\u012bgs Re\u0123ipsisNorgips Ugunsiztur\u012bg\u0101\u00a0 Re\u0123ip\u0161a pl\u0101sksnes paredz\u0113tas sien\u0101m, griestiem, kolonn\u0101m un sij\u0101m, kur nepiecie\u0161ama papildus ugunsdro\u0161\u012bba.","breadcrumb":{"@id":"https:\/\/videstehnika.lv\/katalogs\/buvmateriali-buvei-remontam-un-ieksdarbiem\/norgips-q-gkf-ugunsizturigs-regipsis\/#breadcrumb"},"inLanguage":"lt-LT","potentialAction":[{"@type":"ReadAction","target":["https:\/\/videstehnika.lv\/katalogs\/buvmateriali-buvei-remontam-un-ieksdarbiem\/norgips-q-gkf-ugunsizturigs-regipsis\/"]}]},{"@type":"ImageObject","inLanguage":"lt-LT","@id":"https:\/\/videstehnika.lv\/katalogs\/buvmateriali-buvei-remontam-un-ieksdarbiem\/norgips-q-gkf-ugunsizturigs-regipsis\/#primaryimage","url":"https:\/\/videstehnika.lv\/wp-content\/uploads\/2023\/05\/Screenshot-2024-07-25-104407.jpg","contentUrl":"https:\/\/videstehnika.lv\/wp-content\/uploads\/2023\/05\/Screenshot-2024-07-25-104407.jpg","width":841,"height":777},{"@type":"BreadcrumbList","@id":"https:\/\/videstehnika.lv\/katalogs\/buvmateriali-buvei-remontam-un-ieksdarbiem\/norgips-q-gkf-ugunsizturigs-regipsis\/#breadcrumb","itemListElement":[{"@type":"ListItem","position":1,"name":"Home","item":"https:\/\/videstehnika.lv\/lt\/"},{"@type":"ListItem","position":2,"name":"Katalogas","item":"https:\/\/videstehnika.lv\/lt\/katalogas\/"},{"@type":"ListItem","position":3,"name":"NORGIPS Q GKF Ugunsiztur\u012bgs Re\u0123ipsis"}]},{"@type":"WebSite","@id":"https:\/\/videstehnika.lv\/lt\/#website","url":"https:\/\/videstehnika.lv\/lt\/","name":"Vides Tehnika","description":"","potentialAction":[{"@type":"SearchAction","target":{"@type":"EntryPoint","urlTemplate":"https:\/\/videstehnika.lv\/lt\/?s={search_term_string}"},"query-input":{"@type":"PropertyValueSpecification","valueRequired":true,"valueName":"search_term_string"}}],"inLanguage":"lt-LT"}]}},"_links":{"self":[{"href":"https:\/\/videstehnika.lv\/lt\/wp-json\/wp\/v2\/product\/18254","targetHints":{"allow":["GET"]}}],"collection":[{"href":"https:\/\/videstehnika.lv\/lt\/wp-json\/wp\/v2\/product"}],"about":[{"href":"https:\/\/videstehnika.lv\/lt\/wp-json\/wp\/v2\/types\/product"}],"wp:featuredmedia":[{"embeddable":true,"href":"https:\/\/videstehnika.lv\/lt\/wp-json\/wp\/v2\/media\/37444"}],"wp:attachment":[{"href":"https:\/\/videstehnika.lv\/lt\/wp-json\/wp\/v2\/media?parent=18254"}],"wp:term":[{"taxonomy":"product_cat","embeddable":true,"href":"https:\/\/videstehnika.lv\/lt\/wp-json\/wp\/v2\/product_cat?post=18254"},{"taxonomy":"product_tag","embeddable":true,"href":"https:\/\/videstehnika.lv\/lt\/wp-json\/wp\/v2\/product_tag?post=18254"}],"curies":[{"name":"wp","href":"https:\/\/api.w.org\/{rel}","templated":true}]}}