{"id":19102,"date":"2023-05-19T14:21:44","date_gmt":"2023-05-19T11:21:44","guid":{"rendered":"https:\/\/videstehnika.lv\/?post_type=product&#038;p=19102"},"modified":"2023-05-19T15:56:51","modified_gmt":"2023-05-19T12:56:51","slug":"darza-maja-ar-terasi-elvis-56x25","status":"publish","type":"product","link":"https:\/\/videstehnika.lv\/katalogs\/majai-un-darzam\/darza-maja-ar-terasi-elvis-56x25\/","title":{"rendered":"D\u0101rza m\u0101ja ar terasi ELVIS 5,6\u00d72,5"},"content":{"rendered":"<h2>D\u0101rza m\u0101ja ar terasi ELVIS 5,6\u00d72,5<\/h2>\n<h3 class=\"product-name\"><strong>Koka \u0101ra b\u016bvju cenas ietver visu nepiecie\u0161amo mont\u0101\u017eai. Ieg\u0101d\u0101joties produktu, j\u016bs sa\u0146emsiet:<\/strong><\/h3>\n<ul>\n<li><strong>Sienas elementi:<\/strong>\u00a0Visi nepiecie\u0161amie sienas elementi, kas izgatavoti no augstas kvalit\u0101tes koka.<\/li>\n<li><strong>Furnit\u016bras komplekts mont\u0101\u017eai:<\/strong>\u00a0Pilns komplekts nepiecie\u0161am\u0101s skr\u016bves, naglas un stiprin\u0101jumi, kas nepiecie\u0161ami b\u016bves mont\u0101\u017eai.<\/li>\n<li><strong>Logi:<\/strong>\u00a0Iek\u013cauti ir logi ar stikla paketi.<\/li>\n<li><strong>Durvis:<\/strong>\u00a0Komplekt\u0101 iek\u013cautas durvis ar sl\u0113dzen\u0113m un rokturiem.<\/li>\n<li><strong>Gr\u012bdas d\u0113\u013ci:<\/strong>\u00a0Kvalitat\u012bvi gr\u012bdas d\u0113\u013ci 20mm biezum\u0101, kas nodro\u0161ina stabilu un iztur\u012bgu gr\u012bdu.<\/li>\n<li><strong>Jumta d\u0113\u013ci:<\/strong>\u00a0Jumta konstrukcijai nepiecie\u0161amie d\u0113\u013ci (jumta segums nav iek\u013cauts cen\u0101).<\/li>\n<li><strong>Pamatu gult\u0146i ar antiseptisku apstr\u0101di:<\/strong>\u00a0Lai nodro\u0161in\u0101tu konstrukcijas stabilit\u0101ti un ilgm\u016b\u017e\u012bbu, komplekt\u0101 iek\u013cautas antiseptiski apstr\u0101d\u0101tas pamatu gult\u0146i.<\/li>\n<li><strong>Sp\u0101ru sist\u0113ma:<\/strong>\u00a0Nepiecie\u0161amie sp\u0101ru sist\u0113mas elementi, kas nodro\u0161ina jumta konstrukcijas stabilit\u0101ti.<\/li>\n<li><strong>B\u016bvniec\u012bbas ras\u0113jumi:<\/strong>\u00a0Detaliz\u0113ti b\u016bvniec\u012bbas ras\u0113jumi, kas padara mont\u0101\u017eas procesu vienk\u0101r\u0161\u0101ku un \u0101tr\u0101ku.<\/li>\n<\/ul>\n<p><strong>Pieg\u0101des laiks ir 3-4 ned\u0113\u013cas p\u0113c pas\u016bt\u012bjuma apstiprin\u0101\u0161anas.<\/strong><\/p>\n","protected":false},"excerpt":{"rendered":"<p>Cena nor\u0101d\u012bta par pl\u0101ksni<\/p>\n","protected":false},"featured_media":19123,"template":"","meta":{"_acf_changed":false},"product_cat":[3131,2977],"product_tag":[],"class_list":{"0":"post-19102","1":"product","2":"type-product","3":"status-publish","4":"has-post-thumbnail","6":"product_cat-darza-majas","7":"product_cat-majai-un-darzam","9":"first","10":"instock","11":"featured","12":"taxable","13":"shipping-taxable","14":"purchasable","15":"product-type-simple"},"acf":[],"yoast_head":"<!-- This site is optimized with the Yoast SEO plugin v24.2 - https:\/\/yoast.com\/wordpress\/plugins\/seo\/ -->\n<title>ELVIS 5,6\u00d72,5<\/title>\n<meta name=\"description\" content=\"D\u0101rza m\u0101ja ar terasi ELVIS 5,6\u00d72,5\" \/>\n<meta name=\"robots\" content=\"index, follow, max-snippet:-1, max-image-preview:large, max-video-preview:-1\" \/>\n<link rel=\"canonical\" href=\"https:\/\/videstehnika.lv\/lt\/katalogs\/majai-un-darzam\/darza-maja-ar-terasi-elvis-56x25\/\" \/>\n<meta property=\"og:locale\" content=\"lt_LT\" \/>\n<meta property=\"og:type\" content=\"article\" \/>\n<meta property=\"og:title\" content=\"ELVIS 5,6\u00d72,5\" \/>\n<meta property=\"og:description\" content=\"D\u0101rza m\u0101ja ar terasi ELVIS 5,6\u00d72,5\" \/>\n<meta property=\"og:url\" content=\"https:\/\/videstehnika.lv\/katalogs\/majai-un-darzam\/darza-maja-ar-terasi-elvis-56x25\/\" \/>\n<meta property=\"og:site_name\" content=\"Vides Tehnika\" \/>\n<meta property=\"article:modified_time\" content=\"2023-05-19T12:56:51+00:00\" \/>\n<meta property=\"og:image\" content=\"https:\/\/videstehnika.lv\/wp-content\/uploads\/2023\/05\/capture-20230519-142906.png\" \/>\n\t<meta property=\"og:image:width\" content=\"718\" \/>\n\t<meta property=\"og:image:height\" content=\"632\" \/>\n\t<meta property=\"og:image:type\" content=\"image\/png\" \/>\n<meta name=\"twitter:card\" content=\"summary_large_image\" \/>\n<meta name=\"twitter:label1\" content=\"Est. reading time\" \/>\n\t<meta name=\"twitter:data1\" content=\"1 minut\u0117\" \/>\n<script type=\"application\/ld+json\" class=\"yoast-schema-graph\">{\"@context\":\"https:\/\/schema.org\",\"@graph\":[{\"@type\":\"WebPage\",\"@id\":\"https:\/\/videstehnika.lv\/katalogs\/majai-un-darzam\/darza-maja-ar-terasi-elvis-56x25\/\",\"url\":\"https:\/\/videstehnika.lv\/katalogs\/majai-un-darzam\/darza-maja-ar-terasi-elvis-56x25\/\",\"name\":\"ELVIS 5,6\u00d72,5\",\"isPartOf\":{\"@id\":\"https:\/\/videstehnika.lv\/lt\/#website\"},\"primaryImageOfPage\":{\"@id\":\"https:\/\/videstehnika.lv\/katalogs\/majai-un-darzam\/darza-maja-ar-terasi-elvis-56x25\/#primaryimage\"},\"image\":{\"@id\":\"https:\/\/videstehnika.lv\/katalogs\/majai-un-darzam\/darza-maja-ar-terasi-elvis-56x25\/#primaryimage\"},\"thumbnailUrl\":\"https:\/\/videstehnika.lv\/wp-content\/uploads\/2023\/05\/capture-20230519-142906.png\",\"datePublished\":\"2023-05-19T11:21:44+00:00\",\"dateModified\":\"2023-05-19T12:56:51+00:00\",\"description\":\"D\u0101rza m\u0101ja ar terasi ELVIS 5,6\u00d72,5\",\"breadcrumb\":{\"@id\":\"https:\/\/videstehnika.lv\/katalogs\/majai-un-darzam\/darza-maja-ar-terasi-elvis-56x25\/#breadcrumb\"},\"inLanguage\":\"lt-LT\",\"potentialAction\":[{\"@type\":\"ReadAction\",\"target\":[\"https:\/\/videstehnika.lv\/katalogs\/majai-un-darzam\/darza-maja-ar-terasi-elvis-56x25\/\"]}]},{\"@type\":\"ImageObject\",\"inLanguage\":\"lt-LT\",\"@id\":\"https:\/\/videstehnika.lv\/katalogs\/majai-un-darzam\/darza-maja-ar-terasi-elvis-56x25\/#primaryimage\",\"url\":\"https:\/\/videstehnika.lv\/wp-content\/uploads\/2023\/05\/capture-20230519-142906.png\",\"contentUrl\":\"https:\/\/videstehnika.lv\/wp-content\/uploads\/2023\/05\/capture-20230519-142906.png\",\"width\":718,\"height\":632},{\"@type\":\"BreadcrumbList\",\"@id\":\"https:\/\/videstehnika.lv\/katalogs\/majai-un-darzam\/darza-maja-ar-terasi-elvis-56x25\/#breadcrumb\",\"itemListElement\":[{\"@type\":\"ListItem\",\"position\":1,\"name\":\"Home\",\"item\":\"https:\/\/videstehnika.lv\/lt\/\"},{\"@type\":\"ListItem\",\"position\":2,\"name\":\"Katalogas\",\"item\":\"https:\/\/videstehnika.lv\/lt\/katalogas\/\"},{\"@type\":\"ListItem\",\"position\":3,\"name\":\"D\u0101rza m\u0101ja ar terasi ELVIS 5,6\u00d72,5\"}]},{\"@type\":\"WebSite\",\"@id\":\"https:\/\/videstehnika.lv\/lt\/#website\",\"url\":\"https:\/\/videstehnika.lv\/lt\/\",\"name\":\"Vides Tehnika\",\"description\":\"\",\"potentialAction\":[{\"@type\":\"SearchAction\",\"target\":{\"@type\":\"EntryPoint\",\"urlTemplate\":\"https:\/\/videstehnika.lv\/lt\/?s={search_term_string}\"},\"query-input\":{\"@type\":\"PropertyValueSpecification\",\"valueRequired\":true,\"valueName\":\"search_term_string\"}}],\"inLanguage\":\"lt-LT\"}]}<\/script>\n<!-- \/ Yoast SEO plugin. -->","yoast_head_json":{"title":"ELVIS 5,6\u00d72,5","description":"D\u0101rza m\u0101ja ar terasi ELVIS 5,6\u00d72,5","robots":{"index":"index","follow":"follow","max-snippet":"max-snippet:-1","max-image-preview":"max-image-preview:large","max-video-preview":"max-video-preview:-1"},"canonical":"https:\/\/videstehnika.lv\/lt\/katalogs\/majai-un-darzam\/darza-maja-ar-terasi-elvis-56x25\/","og_locale":"lt_LT","og_type":"article","og_title":"ELVIS 5,6\u00d72,5","og_description":"D\u0101rza m\u0101ja ar terasi ELVIS 5,6\u00d72,5","og_url":"https:\/\/videstehnika.lv\/katalogs\/majai-un-darzam\/darza-maja-ar-terasi-elvis-56x25\/","og_site_name":"Vides Tehnika","article_modified_time":"2023-05-19T12:56:51+00:00","og_image":[{"width":718,"height":632,"url":"https:\/\/videstehnika.lv\/wp-content\/uploads\/2023\/05\/capture-20230519-142906.png","type":"image\/png"}],"twitter_card":"summary_large_image","twitter_misc":{"Est. reading time":"1 minut\u0117"},"schema":{"@context":"https:\/\/schema.org","@graph":[{"@type":"WebPage","@id":"https:\/\/videstehnika.lv\/katalogs\/majai-un-darzam\/darza-maja-ar-terasi-elvis-56x25\/","url":"https:\/\/videstehnika.lv\/katalogs\/majai-un-darzam\/darza-maja-ar-terasi-elvis-56x25\/","name":"ELVIS 5,6\u00d72,5","isPartOf":{"@id":"https:\/\/videstehnika.lv\/lt\/#website"},"primaryImageOfPage":{"@id":"https:\/\/videstehnika.lv\/katalogs\/majai-un-darzam\/darza-maja-ar-terasi-elvis-56x25\/#primaryimage"},"image":{"@id":"https:\/\/videstehnika.lv\/katalogs\/majai-un-darzam\/darza-maja-ar-terasi-elvis-56x25\/#primaryimage"},"thumbnailUrl":"https:\/\/videstehnika.lv\/wp-content\/uploads\/2023\/05\/capture-20230519-142906.png","datePublished":"2023-05-19T11:21:44+00:00","dateModified":"2023-05-19T12:56:51+00:00","description":"D\u0101rza m\u0101ja ar terasi ELVIS 5,6\u00d72,5","breadcrumb":{"@id":"https:\/\/videstehnika.lv\/katalogs\/majai-un-darzam\/darza-maja-ar-terasi-elvis-56x25\/#breadcrumb"},"inLanguage":"lt-LT","potentialAction":[{"@type":"ReadAction","target":["https:\/\/videstehnika.lv\/katalogs\/majai-un-darzam\/darza-maja-ar-terasi-elvis-56x25\/"]}]},{"@type":"ImageObject","inLanguage":"lt-LT","@id":"https:\/\/videstehnika.lv\/katalogs\/majai-un-darzam\/darza-maja-ar-terasi-elvis-56x25\/#primaryimage","url":"https:\/\/videstehnika.lv\/wp-content\/uploads\/2023\/05\/capture-20230519-142906.png","contentUrl":"https:\/\/videstehnika.lv\/wp-content\/uploads\/2023\/05\/capture-20230519-142906.png","width":718,"height":632},{"@type":"BreadcrumbList","@id":"https:\/\/videstehnika.lv\/katalogs\/majai-un-darzam\/darza-maja-ar-terasi-elvis-56x25\/#breadcrumb","itemListElement":[{"@type":"ListItem","position":1,"name":"Home","item":"https:\/\/videstehnika.lv\/lt\/"},{"@type":"ListItem","position":2,"name":"Katalogas","item":"https:\/\/videstehnika.lv\/lt\/katalogas\/"},{"@type":"ListItem","position":3,"name":"D\u0101rza m\u0101ja ar terasi ELVIS 5,6\u00d72,5"}]},{"@type":"WebSite","@id":"https:\/\/videstehnika.lv\/lt\/#website","url":"https:\/\/videstehnika.lv\/lt\/","name":"Vides Tehnika","description":"","potentialAction":[{"@type":"SearchAction","target":{"@type":"EntryPoint","urlTemplate":"https:\/\/videstehnika.lv\/lt\/?s={search_term_string}"},"query-input":{"@type":"PropertyValueSpecification","valueRequired":true,"valueName":"search_term_string"}}],"inLanguage":"lt-LT"}]}},"_links":{"self":[{"href":"https:\/\/videstehnika.lv\/lt\/wp-json\/wp\/v2\/product\/19102","targetHints":{"allow":["GET"]}}],"collection":[{"href":"https:\/\/videstehnika.lv\/lt\/wp-json\/wp\/v2\/product"}],"about":[{"href":"https:\/\/videstehnika.lv\/lt\/wp-json\/wp\/v2\/types\/product"}],"wp:featuredmedia":[{"embeddable":true,"href":"https:\/\/videstehnika.lv\/lt\/wp-json\/wp\/v2\/media\/19123"}],"wp:attachment":[{"href":"https:\/\/videstehnika.lv\/lt\/wp-json\/wp\/v2\/media?parent=19102"}],"wp:term":[{"taxonomy":"product_cat","embeddable":true,"href":"https:\/\/videstehnika.lv\/lt\/wp-json\/wp\/v2\/product_cat?post=19102"},{"taxonomy":"product_tag","embeddable":true,"href":"https:\/\/videstehnika.lv\/lt\/wp-json\/wp\/v2\/product_tag?post=19102"}],"curies":[{"name":"wp","href":"https:\/\/api.w.org\/{rel}","templated":true}]}}