{"id":20055,"date":"2023-06-07T13:04:54","date_gmt":"2023-06-07T10:04:54","guid":{"rendered":"https:\/\/videstehnika.lv\/?post_type=product&#038;p=20055"},"modified":"2023-06-07T13:50:35","modified_gmt":"2023-06-07T10:50:35","slug":"fibo-pamatu-bloks","status":"publish","type":"product","link":"https:\/\/videstehnika.lv\/katalogs\/buvmateriali-buvei-remontam-un-ieksdarbiem\/fibo-pamatu-bloks\/","title":{"rendered":"Fibo pamatu bloks"},"content":{"rendered":"<h2>Fibo &#8222;EFEKT&#8221; bloki 3MPa<\/h2>\n<p><strong>\u00a0\u0160\u012b prece tiek tirgota tikai piln\u0101s palet\u0113s !<\/strong><\/p>\n<p><strong>Fibo pamatu bloki<\/strong>\u00a0ir \u012bpa\u0161i izstr\u0101d\u0101ti keramz\u012btbetona bloki, kuri k\u0101 palieko\u0161i veid\u0146i izmantojami pamatu un cokolu izb\u016bvei, k\u0101 ar\u012b monol\u012bto,atbalsta un ska\u0146as izol\u0101cijas sienu celtniec\u012bbai. Tie ir piem\u0113roti gan dz\u012bvojamo \u0113ku pamatiem un cokoliem, gan citu konstrukciju, piem\u0113ram,saimniec\u012bbas \u0113ku, s\u0113tu, siltumn\u012bcu un d\u0101rza nami\u0146u pamatiem. Ar Fibo pamatu blokiem var viegli izveidot unik\u0101las liekt\u0101s konstrukcijas!<br \/>\nMont\u0113t un ar javu piepild\u012bt var l\u012bdz 3 bloku rind\u0101m vienlaic\u012bgi. Fibo pamatu bloki p\u0113c ra\u017eo\u0161anas tehnolo\u0123ijas ir \u013coti l\u012bdz\u012bgi Latvijas tirg\u016b piepras\u012btajiem Fibo blokiem. To galven\u0101 izejviela ir Fibo keramz\u012bts &#8211; augst\u0101 temperat\u016br\u0101 rot\u0113jo\u0161\u0101 kr\u0101sn\u012b apstr\u0101d\u0101tas m\u0101la granulas. Fibo keramz\u012bts ir porains. Iek\u0161\u0113j\u0101s poras nodro\u0161ina materi\u0101lam vieglumu un labu termoizol\u0101ciju, bet \u0101r\u0113j\u0101s poras ir sl\u0113gtas un veido pietiekami stipru virsmu un notur\u012bbu pret \u016bdeni. Fibo pamatu bloki tiek izgatavoti, keramz\u012bta granulas sajaucot ar cementu un \u016bdens \u0161\u0137\u012bdumu.Spie\u0161anas un vibr\u0113\u0161anas proces\u0101 blokam tiek pie\u0161\u0137irta tre\u0161\u0101 pozit\u012bv\u0101 \u012bpa\u0161\u012bba: starp granul\u0101m izveidojas lielas poras, kuras pal\u012bdz iztvaikot mitrumam un nodro\u0161ina iztur\u012bbu pret aukstumu. Pamatu un cokolu izb\u016bvei saimniec\u012bbas \u0113ku, s\u0113tu, siltumn\u012bcu pamatiem. Var izveidot unik\u0101las liekt\u0101s konstrukcijas!<\/p>\n<p><strong>Fibo pamatu bloku b\u016btisk\u0101k\u0101s priek\u0161roc\u012bbas:<\/strong><br \/>\n\u2022 Vienk\u0101r\u0161a un \u0101tra mont\u0101\u017ea;<br \/>\n\u2022 Nav nepiecie\u0161ami veid\u0146i un smag\u0101 tehnika;<br \/>\n\u2022 Var veidot liektas konstrukcijas;<br \/>\n\u2022 Pla\u0161i izmanto\u0161anas veidi;<br \/>\n\u2022 Dari pats.<\/p>\n<p><strong>\u00a0Tehniskie r\u0101d\u012bt\u0101ji:<\/strong><br \/>\n\u2022 Platums 300 mm, garums 500 mm, augstums 200 mm, Bloku skaits palet\u0113, gab. 48<br \/>\n\u2022 Spiedes iztur\u012bba: \u22655 N\/mm\u00b2<br \/>\n\u2022 Ska\u0146as izol\u0101cija: \u226554 dB<br \/>\n\u2022 Saliztur\u012bba: F50<br \/>\n\u2022 Ugunsdro\u0161\u012bbas eiroklase: A1<\/p>\n","protected":false},"excerpt":{"rendered":"<p>Fibo &#8222;EFEKT&#8221; bloki 3MPa \u00a0\u0160\u012b prece tiek tirgota tikai piln\u0101s palet\u0113s ! Fibo pamatu bloki\u00a0ir \u012bpa\u0161i izstr\u0101d\u0101ti keramz\u012btbetona bloki, kuri<\/p>\n","protected":false},"featured_media":20073,"template":"","meta":{"_acf_changed":false},"product_cat":[842,791,70,790],"product_tag":[],"class_list":{"0":"post-20055","1":"product","2":"type-product","3":"status-publish","4":"has-post-thumbnail","6":"product_cat-saint-gobain-celtniecibas-bloki","7":"product_cat-keramzita-bloki","8":"product_cat-buvmateriali-buvei-remontam-un-ieksdarbiem","9":"product_cat-bloki","11":"first","12":"instock","13":"taxable","14":"shipping-taxable","15":"purchasable","16":"product-type-variable"},"acf":[],"yoast_head":"<!-- This site is optimized with the Yoast SEO plugin v24.2 - https:\/\/yoast.com\/wordpress\/plugins\/seo\/ -->\n<title>Keramz\u012bta celtniec\u012bbas Fibo pamatu bloks &#8226; Vides Tehnika<\/title>\n<meta name=\"description\" content=\"Fibo Efekt bloki ir izstr\u0101d\u0101jums, ko pla\u0161i lieto \u0101rsienu un citu neso\u0161o konstrukciju izb\u016bvei ar inovat\u012bvu gropes savienojumu.\" \/>\n<meta name=\"robots\" content=\"index, follow, max-snippet:-1, max-image-preview:large, max-video-preview:-1\" \/>\n<link rel=\"canonical\" href=\"https:\/\/videstehnika.lv\/lt\/katalogs\/buvmateriali-buvei-remontam-un-ieksdarbiem\/fibo-pamatu-bloks\/\" \/>\n<meta property=\"og:locale\" content=\"lt_LT\" \/>\n<meta property=\"og:type\" content=\"article\" \/>\n<meta property=\"og:title\" content=\"Keramz\u012bta celtniec\u012bbas Fibo pamatu bloks &#8226; Vides Tehnika\" \/>\n<meta property=\"og:description\" content=\"Fibo Efekt bloki ir izstr\u0101d\u0101jums, ko pla\u0161i lieto \u0101rsienu un citu neso\u0161o konstrukciju izb\u016bvei ar inovat\u012bvu gropes savienojumu.\" \/>\n<meta property=\"og:url\" content=\"https:\/\/videstehnika.lv\/katalogs\/buvmateriali-buvei-remontam-un-ieksdarbiem\/fibo-pamatu-bloks\/\" \/>\n<meta property=\"og:site_name\" content=\"Vides Tehnika\" \/>\n<meta property=\"article:modified_time\" content=\"2023-06-07T10:50:35+00:00\" \/>\n<meta property=\"og:image\" content=\"https:\/\/videstehnika.lv\/wp-content\/uploads\/2023\/06\/pamatu-bloks.png\" \/>\n\t<meta property=\"og:image:width\" content=\"1106\" \/>\n\t<meta property=\"og:image:height\" content=\"850\" \/>\n\t<meta property=\"og:image:type\" content=\"image\/png\" \/>\n<meta name=\"twitter:card\" content=\"summary_large_image\" \/>\n<meta name=\"twitter:label1\" content=\"Est. reading time\" \/>\n\t<meta name=\"twitter:data1\" content=\"2 minut\u0117s\" \/>\n<script type=\"application\/ld+json\" class=\"yoast-schema-graph\">{\"@context\":\"https:\/\/schema.org\",\"@graph\":[{\"@type\":\"WebPage\",\"@id\":\"https:\/\/videstehnika.lv\/katalogs\/buvmateriali-buvei-remontam-un-ieksdarbiem\/fibo-pamatu-bloks\/\",\"url\":\"https:\/\/videstehnika.lv\/katalogs\/buvmateriali-buvei-remontam-un-ieksdarbiem\/fibo-pamatu-bloks\/\",\"name\":\"Keramz\u012bta celtniec\u012bbas Fibo pamatu bloks &#8226; Vides Tehnika\",\"isPartOf\":{\"@id\":\"https:\/\/videstehnika.lv\/lt\/#website\"},\"primaryImageOfPage\":{\"@id\":\"https:\/\/videstehnika.lv\/katalogs\/buvmateriali-buvei-remontam-un-ieksdarbiem\/fibo-pamatu-bloks\/#primaryimage\"},\"image\":{\"@id\":\"https:\/\/videstehnika.lv\/katalogs\/buvmateriali-buvei-remontam-un-ieksdarbiem\/fibo-pamatu-bloks\/#primaryimage\"},\"thumbnailUrl\":\"https:\/\/videstehnika.lv\/wp-content\/uploads\/2023\/06\/pamatu-bloks.png\",\"datePublished\":\"2023-06-07T10:04:54+00:00\",\"dateModified\":\"2023-06-07T10:50:35+00:00\",\"description\":\"Fibo Efekt bloki ir izstr\u0101d\u0101jums, ko pla\u0161i lieto \u0101rsienu un citu neso\u0161o konstrukciju izb\u016bvei ar inovat\u012bvu gropes savienojumu.\",\"breadcrumb\":{\"@id\":\"https:\/\/videstehnika.lv\/katalogs\/buvmateriali-buvei-remontam-un-ieksdarbiem\/fibo-pamatu-bloks\/#breadcrumb\"},\"inLanguage\":\"lt-LT\",\"potentialAction\":[{\"@type\":\"ReadAction\",\"target\":[\"https:\/\/videstehnika.lv\/katalogs\/buvmateriali-buvei-remontam-un-ieksdarbiem\/fibo-pamatu-bloks\/\"]}]},{\"@type\":\"ImageObject\",\"inLanguage\":\"lt-LT\",\"@id\":\"https:\/\/videstehnika.lv\/katalogs\/buvmateriali-buvei-remontam-un-ieksdarbiem\/fibo-pamatu-bloks\/#primaryimage\",\"url\":\"https:\/\/videstehnika.lv\/wp-content\/uploads\/2023\/06\/pamatu-bloks.png\",\"contentUrl\":\"https:\/\/videstehnika.lv\/wp-content\/uploads\/2023\/06\/pamatu-bloks.png\",\"width\":1106,\"height\":850},{\"@type\":\"BreadcrumbList\",\"@id\":\"https:\/\/videstehnika.lv\/katalogs\/buvmateriali-buvei-remontam-un-ieksdarbiem\/fibo-pamatu-bloks\/#breadcrumb\",\"itemListElement\":[{\"@type\":\"ListItem\",\"position\":1,\"name\":\"Home\",\"item\":\"https:\/\/videstehnika.lv\/lt\/\"},{\"@type\":\"ListItem\",\"position\":2,\"name\":\"Katalogas\",\"item\":\"https:\/\/videstehnika.lv\/lt\/katalogas\/\"},{\"@type\":\"ListItem\",\"position\":3,\"name\":\"Fibo pamatu bloks\"}]},{\"@type\":\"WebSite\",\"@id\":\"https:\/\/videstehnika.lv\/lt\/#website\",\"url\":\"https:\/\/videstehnika.lv\/lt\/\",\"name\":\"Vides Tehnika\",\"description\":\"\",\"potentialAction\":[{\"@type\":\"SearchAction\",\"target\":{\"@type\":\"EntryPoint\",\"urlTemplate\":\"https:\/\/videstehnika.lv\/lt\/?s={search_term_string}\"},\"query-input\":{\"@type\":\"PropertyValueSpecification\",\"valueRequired\":true,\"valueName\":\"search_term_string\"}}],\"inLanguage\":\"lt-LT\"}]}<\/script>\n<!-- \/ Yoast SEO plugin. -->","yoast_head_json":{"title":"Keramz\u012bta celtniec\u012bbas Fibo pamatu bloks &#8226; Vides Tehnika","description":"Fibo Efekt bloki ir izstr\u0101d\u0101jums, ko pla\u0161i lieto \u0101rsienu un citu neso\u0161o konstrukciju izb\u016bvei ar inovat\u012bvu gropes savienojumu.","robots":{"index":"index","follow":"follow","max-snippet":"max-snippet:-1","max-image-preview":"max-image-preview:large","max-video-preview":"max-video-preview:-1"},"canonical":"https:\/\/videstehnika.lv\/lt\/katalogs\/buvmateriali-buvei-remontam-un-ieksdarbiem\/fibo-pamatu-bloks\/","og_locale":"lt_LT","og_type":"article","og_title":"Keramz\u012bta celtniec\u012bbas Fibo pamatu bloks &#8226; Vides Tehnika","og_description":"Fibo Efekt bloki ir izstr\u0101d\u0101jums, ko pla\u0161i lieto \u0101rsienu un citu neso\u0161o konstrukciju izb\u016bvei ar inovat\u012bvu gropes savienojumu.","og_url":"https:\/\/videstehnika.lv\/katalogs\/buvmateriali-buvei-remontam-un-ieksdarbiem\/fibo-pamatu-bloks\/","og_site_name":"Vides Tehnika","article_modified_time":"2023-06-07T10:50:35+00:00","og_image":[{"width":1106,"height":850,"url":"https:\/\/videstehnika.lv\/wp-content\/uploads\/2023\/06\/pamatu-bloks.png","type":"image\/png"}],"twitter_card":"summary_large_image","twitter_misc":{"Est. reading time":"2 minut\u0117s"},"schema":{"@context":"https:\/\/schema.org","@graph":[{"@type":"WebPage","@id":"https:\/\/videstehnika.lv\/katalogs\/buvmateriali-buvei-remontam-un-ieksdarbiem\/fibo-pamatu-bloks\/","url":"https:\/\/videstehnika.lv\/katalogs\/buvmateriali-buvei-remontam-un-ieksdarbiem\/fibo-pamatu-bloks\/","name":"Keramz\u012bta celtniec\u012bbas Fibo pamatu bloks &#8226; Vides Tehnika","isPartOf":{"@id":"https:\/\/videstehnika.lv\/lt\/#website"},"primaryImageOfPage":{"@id":"https:\/\/videstehnika.lv\/katalogs\/buvmateriali-buvei-remontam-un-ieksdarbiem\/fibo-pamatu-bloks\/#primaryimage"},"image":{"@id":"https:\/\/videstehnika.lv\/katalogs\/buvmateriali-buvei-remontam-un-ieksdarbiem\/fibo-pamatu-bloks\/#primaryimage"},"thumbnailUrl":"https:\/\/videstehnika.lv\/wp-content\/uploads\/2023\/06\/pamatu-bloks.png","datePublished":"2023-06-07T10:04:54+00:00","dateModified":"2023-06-07T10:50:35+00:00","description":"Fibo Efekt bloki ir izstr\u0101d\u0101jums, ko pla\u0161i lieto \u0101rsienu un citu neso\u0161o konstrukciju izb\u016bvei ar inovat\u012bvu gropes savienojumu.","breadcrumb":{"@id":"https:\/\/videstehnika.lv\/katalogs\/buvmateriali-buvei-remontam-un-ieksdarbiem\/fibo-pamatu-bloks\/#breadcrumb"},"inLanguage":"lt-LT","potentialAction":[{"@type":"ReadAction","target":["https:\/\/videstehnika.lv\/katalogs\/buvmateriali-buvei-remontam-un-ieksdarbiem\/fibo-pamatu-bloks\/"]}]},{"@type":"ImageObject","inLanguage":"lt-LT","@id":"https:\/\/videstehnika.lv\/katalogs\/buvmateriali-buvei-remontam-un-ieksdarbiem\/fibo-pamatu-bloks\/#primaryimage","url":"https:\/\/videstehnika.lv\/wp-content\/uploads\/2023\/06\/pamatu-bloks.png","contentUrl":"https:\/\/videstehnika.lv\/wp-content\/uploads\/2023\/06\/pamatu-bloks.png","width":1106,"height":850},{"@type":"BreadcrumbList","@id":"https:\/\/videstehnika.lv\/katalogs\/buvmateriali-buvei-remontam-un-ieksdarbiem\/fibo-pamatu-bloks\/#breadcrumb","itemListElement":[{"@type":"ListItem","position":1,"name":"Home","item":"https:\/\/videstehnika.lv\/lt\/"},{"@type":"ListItem","position":2,"name":"Katalogas","item":"https:\/\/videstehnika.lv\/lt\/katalogas\/"},{"@type":"ListItem","position":3,"name":"Fibo pamatu bloks"}]},{"@type":"WebSite","@id":"https:\/\/videstehnika.lv\/lt\/#website","url":"https:\/\/videstehnika.lv\/lt\/","name":"Vides Tehnika","description":"","potentialAction":[{"@type":"SearchAction","target":{"@type":"EntryPoint","urlTemplate":"https:\/\/videstehnika.lv\/lt\/?s={search_term_string}"},"query-input":{"@type":"PropertyValueSpecification","valueRequired":true,"valueName":"search_term_string"}}],"inLanguage":"lt-LT"}]}},"_links":{"self":[{"href":"https:\/\/videstehnika.lv\/lt\/wp-json\/wp\/v2\/product\/20055","targetHints":{"allow":["GET"]}}],"collection":[{"href":"https:\/\/videstehnika.lv\/lt\/wp-json\/wp\/v2\/product"}],"about":[{"href":"https:\/\/videstehnika.lv\/lt\/wp-json\/wp\/v2\/types\/product"}],"wp:featuredmedia":[{"embeddable":true,"href":"https:\/\/videstehnika.lv\/lt\/wp-json\/wp\/v2\/media\/20073"}],"wp:attachment":[{"href":"https:\/\/videstehnika.lv\/lt\/wp-json\/wp\/v2\/media?parent=20055"}],"wp:term":[{"taxonomy":"product_cat","embeddable":true,"href":"https:\/\/videstehnika.lv\/lt\/wp-json\/wp\/v2\/product_cat?post=20055"},{"taxonomy":"product_tag","embeddable":true,"href":"https:\/\/videstehnika.lv\/lt\/wp-json\/wp\/v2\/product_tag?post=20055"}],"curies":[{"name":"wp","href":"https:\/\/api.w.org\/{rel}","templated":true}]}}