{"id":20310,"date":"2023-06-08T10:31:39","date_gmt":"2023-06-08T07:31:39","guid":{"rendered":"https:\/\/videstehnika.lv\/?post_type=product&#038;p=20310"},"modified":"2023-06-08T11:38:23","modified_gmt":"2023-06-08T08:38:23","slug":"fibo-starpsienu-bloki-cena-par-m3","status":"publish","type":"product","link":"https:\/\/videstehnika.lv\/katalogs\/buvmateriali-buvei-remontam-un-ieksdarbiem\/fibo-starpsienu-bloki-cena-par-m3\/","title":{"rendered":"FIBO\u00ae starpsienu bloki (cena par m3)"},"content":{"rendered":"<div class=\"et_pb_module et_pb_text et_pb_text_2 et_pb_text_align_left et_pb_bg_layout_light et_had_animation\">\n<div class=\"et_pb_text_inner\">\n<p>FIBO\u00ae Latvijas tirg\u016b pied\u0101v\u0101 jaunumu &#8211; ekonomisku un \u0101tru risin\u0101jumu starpsien\u0101m. Speci\u0101l\u0101s formas keramz\u012btbloki ir ide\u0101li piem\u0113roti stabilu, ugunsdro\u0161u un ska\u0146as izol\u0113jo\u0161u starpsienu izb\u016bvei gan priv\u0101tm\u0101j\u0101s, gan daudzst\u0101vu \u0113k\u0101s. At\u0161\u0137ir\u012bb\u0101 no citiem FIBO\u00ae bloku veidiem FIBO\u00ae starpsienu blokus nem\u016br\u0113, bet gan sal\u012bm\u0113 ar speci\u0101lu poliuret\u0101na l\u012bmi, savuk\u0101rt pie gr\u012bdas un atbalsta sienas bloki stiprin\u0101s ar \u012bpa\u0161iem trapeces veida jeb Omegas t\u0113rauda profiliem. \u0160ie profili t\u0101pat \u013cauj viegli izveidot ai\u013cu p\u0101rsegumus. Fibo starpsienu bloki ir piem\u0113roti k\u0101 saus\u0101m, t\u0101 mitr\u0101m telp\u0101m un apdares zi\u0146\u0101 ir analogi citiem Fibo produktiem.<\/p>\n<ul>\n<li>Fibo starpsienu bloku mont\u0101\u017eai izmanto augst\u0101k\u0101s kvalit\u0101tes akmens l\u012bme weber Fibo Fix<\/li>\n<\/ul>\n<ul>\n<li>Augsta ugunsdro\u0161\u012bba un ska\u0146as izol\u0101cija<\/li>\n<li>Augsta iztur\u012bba &#8211; piekarin\u0101t smagus priek\u0161metus<\/li>\n<li>Sien\u0101m l\u012bdz 3,52 m augstumam nav nepiecie\u0161ama arm\u0113\u0161ana<\/li>\n<li>Var piestiprin\u0101t l\u012bdz 150 kg smagus priek\u0161metus (test\u0113ts, izmantojot EJOT SDF KB \u00d810mmx50mm d\u012bbe\u013ca stiprin\u0101jumu)<\/li>\n<li>Iesp\u0113ja gan m\u016br\u0113t, gan sal\u012bm\u0113t &#8211; \u0101tra un ekonomiska izb\u016bve<\/li>\n<li>Fibo starpsienu bloki ir piem\u0113roti k\u0101 saus\u0101m, t\u0101 mitr\u0101m telp\u0101m un apdares zi\u0146\u0101 ir analogi citiem Fibo produktiem.<\/li>\n<li>\u0112rta komunik\u0101ciju iestr\u0101de.<\/li>\n<\/ul>\n<\/div>\n<\/div>\n","protected":false},"excerpt":{"rendered":"<p>Cena nor\u0101d\u012bta par pl\u0101ksni<\/p>\n","protected":false},"featured_media":20106,"template":"","meta":{"_acf_changed":false},"product_cat":[842,791,70],"product_tag":[],"class_list":{"0":"post-20310","1":"product","2":"type-product","3":"status-publish","4":"has-post-thumbnail","6":"product_cat-saint-gobain-celtniecibas-bloki","7":"product_cat-keramzita-bloki","8":"product_cat-buvmateriali-buvei-remontam-un-ieksdarbiem","10":"first","11":"instock","12":"featured","13":"taxable","14":"shipping-taxable","15":"purchasable","16":"product-type-variable"},"acf":[],"yoast_head":"<!-- This site is optimized with the Yoast SEO plugin v24.2 - https:\/\/yoast.com\/wordpress\/plugins\/seo\/ -->\n<title>Lapenes<\/title>\n<meta name=\"description\" content=\"Lapenes\" \/>\n<meta name=\"robots\" content=\"index, follow, max-snippet:-1, max-image-preview:large, max-video-preview:-1\" \/>\n<link rel=\"canonical\" href=\"https:\/\/videstehnika.lv\/lt\/katalogs\/buvmateriali-buvei-remontam-un-ieksdarbiem\/fibo-starpsienu-bloki-cena-par-m3\/\" \/>\n<meta property=\"og:locale\" content=\"lt_LT\" \/>\n<meta property=\"og:type\" content=\"article\" \/>\n<meta property=\"og:title\" content=\"Lapenes\" \/>\n<meta property=\"og:description\" content=\"Lapenes\" \/>\n<meta property=\"og:url\" content=\"https:\/\/videstehnika.lv\/katalogs\/buvmateriali-buvei-remontam-un-ieksdarbiem\/fibo-starpsienu-bloki-cena-par-m3\/\" \/>\n<meta property=\"og:site_name\" content=\"Vides Tehnika\" \/>\n<meta property=\"article:modified_time\" content=\"2023-06-08T08:38:23+00:00\" \/>\n<meta property=\"og:image\" content=\"https:\/\/videstehnika.lv\/wp-content\/uploads\/2023\/06\/parsedzefibo-1.png\" \/>\n\t<meta property=\"og:image:width\" content=\"3656\" \/>\n\t<meta property=\"og:image:height\" content=\"2052\" \/>\n\t<meta property=\"og:image:type\" content=\"image\/png\" \/>\n<meta name=\"twitter:card\" content=\"summary_large_image\" \/>\n<meta name=\"twitter:label1\" content=\"Est. reading time\" \/>\n\t<meta name=\"twitter:data1\" content=\"1 minut\u0117\" \/>\n<script type=\"application\/ld+json\" class=\"yoast-schema-graph\">{\"@context\":\"https:\/\/schema.org\",\"@graph\":[{\"@type\":\"WebPage\",\"@id\":\"https:\/\/videstehnika.lv\/katalogs\/buvmateriali-buvei-remontam-un-ieksdarbiem\/fibo-starpsienu-bloki-cena-par-m3\/\",\"url\":\"https:\/\/videstehnika.lv\/katalogs\/buvmateriali-buvei-remontam-un-ieksdarbiem\/fibo-starpsienu-bloki-cena-par-m3\/\",\"name\":\"Lapenes\",\"isPartOf\":{\"@id\":\"https:\/\/videstehnika.lv\/lt\/#website\"},\"primaryImageOfPage\":{\"@id\":\"https:\/\/videstehnika.lv\/katalogs\/buvmateriali-buvei-remontam-un-ieksdarbiem\/fibo-starpsienu-bloki-cena-par-m3\/#primaryimage\"},\"image\":{\"@id\":\"https:\/\/videstehnika.lv\/katalogs\/buvmateriali-buvei-remontam-un-ieksdarbiem\/fibo-starpsienu-bloki-cena-par-m3\/#primaryimage\"},\"thumbnailUrl\":\"https:\/\/videstehnika.lv\/wp-content\/uploads\/2023\/06\/parsedzefibo-1.png\",\"datePublished\":\"2023-06-08T07:31:39+00:00\",\"dateModified\":\"2023-06-08T08:38:23+00:00\",\"description\":\"Lapenes\",\"breadcrumb\":{\"@id\":\"https:\/\/videstehnika.lv\/katalogs\/buvmateriali-buvei-remontam-un-ieksdarbiem\/fibo-starpsienu-bloki-cena-par-m3\/#breadcrumb\"},\"inLanguage\":\"lt-LT\",\"potentialAction\":[{\"@type\":\"ReadAction\",\"target\":[\"https:\/\/videstehnika.lv\/katalogs\/buvmateriali-buvei-remontam-un-ieksdarbiem\/fibo-starpsienu-bloki-cena-par-m3\/\"]}]},{\"@type\":\"ImageObject\",\"inLanguage\":\"lt-LT\",\"@id\":\"https:\/\/videstehnika.lv\/katalogs\/buvmateriali-buvei-remontam-un-ieksdarbiem\/fibo-starpsienu-bloki-cena-par-m3\/#primaryimage\",\"url\":\"https:\/\/videstehnika.lv\/wp-content\/uploads\/2023\/06\/parsedzefibo-1.png\",\"contentUrl\":\"https:\/\/videstehnika.lv\/wp-content\/uploads\/2023\/06\/parsedzefibo-1.png\",\"width\":3656,\"height\":2052},{\"@type\":\"BreadcrumbList\",\"@id\":\"https:\/\/videstehnika.lv\/katalogs\/buvmateriali-buvei-remontam-un-ieksdarbiem\/fibo-starpsienu-bloki-cena-par-m3\/#breadcrumb\",\"itemListElement\":[{\"@type\":\"ListItem\",\"position\":1,\"name\":\"Home\",\"item\":\"https:\/\/videstehnika.lv\/lt\/\"},{\"@type\":\"ListItem\",\"position\":2,\"name\":\"Katalogas\",\"item\":\"https:\/\/videstehnika.lv\/lt\/katalogas\/\"},{\"@type\":\"ListItem\",\"position\":3,\"name\":\"FIBO\u00ae starpsienu bloki (cena par m3)\"}]},{\"@type\":\"WebSite\",\"@id\":\"https:\/\/videstehnika.lv\/lt\/#website\",\"url\":\"https:\/\/videstehnika.lv\/lt\/\",\"name\":\"Vides Tehnika\",\"description\":\"\",\"potentialAction\":[{\"@type\":\"SearchAction\",\"target\":{\"@type\":\"EntryPoint\",\"urlTemplate\":\"https:\/\/videstehnika.lv\/lt\/?s={search_term_string}\"},\"query-input\":{\"@type\":\"PropertyValueSpecification\",\"valueRequired\":true,\"valueName\":\"search_term_string\"}}],\"inLanguage\":\"lt-LT\"}]}<\/script>\n<!-- \/ Yoast SEO plugin. -->","yoast_head_json":{"title":"Lapenes","description":"Lapenes","robots":{"index":"index","follow":"follow","max-snippet":"max-snippet:-1","max-image-preview":"max-image-preview:large","max-video-preview":"max-video-preview:-1"},"canonical":"https:\/\/videstehnika.lv\/lt\/katalogs\/buvmateriali-buvei-remontam-un-ieksdarbiem\/fibo-starpsienu-bloki-cena-par-m3\/","og_locale":"lt_LT","og_type":"article","og_title":"Lapenes","og_description":"Lapenes","og_url":"https:\/\/videstehnika.lv\/katalogs\/buvmateriali-buvei-remontam-un-ieksdarbiem\/fibo-starpsienu-bloki-cena-par-m3\/","og_site_name":"Vides Tehnika","article_modified_time":"2023-06-08T08:38:23+00:00","og_image":[{"width":3656,"height":2052,"url":"https:\/\/videstehnika.lv\/wp-content\/uploads\/2023\/06\/parsedzefibo-1.png","type":"image\/png"}],"twitter_card":"summary_large_image","twitter_misc":{"Est. reading time":"1 minut\u0117"},"schema":{"@context":"https:\/\/schema.org","@graph":[{"@type":"WebPage","@id":"https:\/\/videstehnika.lv\/katalogs\/buvmateriali-buvei-remontam-un-ieksdarbiem\/fibo-starpsienu-bloki-cena-par-m3\/","url":"https:\/\/videstehnika.lv\/katalogs\/buvmateriali-buvei-remontam-un-ieksdarbiem\/fibo-starpsienu-bloki-cena-par-m3\/","name":"Lapenes","isPartOf":{"@id":"https:\/\/videstehnika.lv\/lt\/#website"},"primaryImageOfPage":{"@id":"https:\/\/videstehnika.lv\/katalogs\/buvmateriali-buvei-remontam-un-ieksdarbiem\/fibo-starpsienu-bloki-cena-par-m3\/#primaryimage"},"image":{"@id":"https:\/\/videstehnika.lv\/katalogs\/buvmateriali-buvei-remontam-un-ieksdarbiem\/fibo-starpsienu-bloki-cena-par-m3\/#primaryimage"},"thumbnailUrl":"https:\/\/videstehnika.lv\/wp-content\/uploads\/2023\/06\/parsedzefibo-1.png","datePublished":"2023-06-08T07:31:39+00:00","dateModified":"2023-06-08T08:38:23+00:00","description":"Lapenes","breadcrumb":{"@id":"https:\/\/videstehnika.lv\/katalogs\/buvmateriali-buvei-remontam-un-ieksdarbiem\/fibo-starpsienu-bloki-cena-par-m3\/#breadcrumb"},"inLanguage":"lt-LT","potentialAction":[{"@type":"ReadAction","target":["https:\/\/videstehnika.lv\/katalogs\/buvmateriali-buvei-remontam-un-ieksdarbiem\/fibo-starpsienu-bloki-cena-par-m3\/"]}]},{"@type":"ImageObject","inLanguage":"lt-LT","@id":"https:\/\/videstehnika.lv\/katalogs\/buvmateriali-buvei-remontam-un-ieksdarbiem\/fibo-starpsienu-bloki-cena-par-m3\/#primaryimage","url":"https:\/\/videstehnika.lv\/wp-content\/uploads\/2023\/06\/parsedzefibo-1.png","contentUrl":"https:\/\/videstehnika.lv\/wp-content\/uploads\/2023\/06\/parsedzefibo-1.png","width":3656,"height":2052},{"@type":"BreadcrumbList","@id":"https:\/\/videstehnika.lv\/katalogs\/buvmateriali-buvei-remontam-un-ieksdarbiem\/fibo-starpsienu-bloki-cena-par-m3\/#breadcrumb","itemListElement":[{"@type":"ListItem","position":1,"name":"Home","item":"https:\/\/videstehnika.lv\/lt\/"},{"@type":"ListItem","position":2,"name":"Katalogas","item":"https:\/\/videstehnika.lv\/lt\/katalogas\/"},{"@type":"ListItem","position":3,"name":"FIBO\u00ae starpsienu bloki (cena par m3)"}]},{"@type":"WebSite","@id":"https:\/\/videstehnika.lv\/lt\/#website","url":"https:\/\/videstehnika.lv\/lt\/","name":"Vides Tehnika","description":"","potentialAction":[{"@type":"SearchAction","target":{"@type":"EntryPoint","urlTemplate":"https:\/\/videstehnika.lv\/lt\/?s={search_term_string}"},"query-input":{"@type":"PropertyValueSpecification","valueRequired":true,"valueName":"search_term_string"}}],"inLanguage":"lt-LT"}]}},"_links":{"self":[{"href":"https:\/\/videstehnika.lv\/lt\/wp-json\/wp\/v2\/product\/20310","targetHints":{"allow":["GET"]}}],"collection":[{"href":"https:\/\/videstehnika.lv\/lt\/wp-json\/wp\/v2\/product"}],"about":[{"href":"https:\/\/videstehnika.lv\/lt\/wp-json\/wp\/v2\/types\/product"}],"wp:featuredmedia":[{"embeddable":true,"href":"https:\/\/videstehnika.lv\/lt\/wp-json\/wp\/v2\/media\/20106"}],"wp:attachment":[{"href":"https:\/\/videstehnika.lv\/lt\/wp-json\/wp\/v2\/media?parent=20310"}],"wp:term":[{"taxonomy":"product_cat","embeddable":true,"href":"https:\/\/videstehnika.lv\/lt\/wp-json\/wp\/v2\/product_cat?post=20310"},{"taxonomy":"product_tag","embeddable":true,"href":"https:\/\/videstehnika.lv\/lt\/wp-json\/wp\/v2\/product_tag?post=20310"}],"curies":[{"name":"wp","href":"https:\/\/api.w.org\/{rel}","templated":true}]}}