{"id":21042,"date":"2023-07-14T14:39:17","date_gmt":"2023-07-14T11:39:17","guid":{"rendered":"https:\/\/videstehnika.lv\/?post_type=product&#038;p=21042"},"modified":"2023-08-16T20:56:57","modified_gmt":"2023-08-16T17:56:57","slug":"taisnstura-caurules","status":"publish","type":"product","link":"https:\/\/videstehnika.lv\/katalogs\/metals\/taisnstura-caurules\/","title":{"rendered":"Taisnst\u016bra caurules"},"content":{"rendered":"<p>Taisnst\u016bra caurules<\/p>\n<h1><span style=\"color: #ff0000;\">APJOMA CENA P\u0112C PIEPRAS\u012aJUMA\u00a0<\/span><\/h1>\n","protected":false},"excerpt":{"rendered":"<p>Taisnst\u016bra caurules APJOMA CENA P\u0112C PIEPRAS\u012aJUMA\u00a0<\/p>\n","protected":false},"featured_media":21043,"template":"","meta":{"_acf_changed":false},"product_cat":[3321,3325],"product_tag":[],"class_list":{"0":"post-21042","1":"product","2":"type-product","3":"status-publish","4":"has-post-thumbnail","6":"product_cat-metals","7":"product_cat-tainstura-caurules","9":"first","10":"instock","11":"taxable","12":"shipping-taxable","13":"purchasable","14":"product-type-variable"},"acf":[],"yoast_head":"<!-- This site is optimized with the Yoast SEO plugin v24.2 - https:\/\/yoast.com\/wordpress\/plugins\/seo\/ -->\n<title>Taisnst\u016bra caurules &#8226; Vides Tehnika<\/title>\n<meta name=\"robots\" content=\"index, follow, max-snippet:-1, max-image-preview:large, max-video-preview:-1\" \/>\n<link rel=\"canonical\" href=\"https:\/\/videstehnika.lv\/lt\/katalogs\/metals\/taisnstura-caurules\/\" \/>\n<meta property=\"og:locale\" content=\"lt_LT\" \/>\n<meta property=\"og:type\" content=\"article\" \/>\n<meta property=\"og:title\" content=\"Taisnst\u016bra caurules &#8226; Vides Tehnika\" \/>\n<meta property=\"og:description\" content=\"Taisnst\u016bra caurules APJOMA CENA P\u0112C PIEPRAS\u012aJUMA\u00a0\" \/>\n<meta property=\"og:url\" content=\"https:\/\/videstehnika.lv\/katalogs\/metals\/taisnstura-caurules\/\" \/>\n<meta property=\"og:site_name\" content=\"Vides Tehnika\" \/>\n<meta property=\"article:modified_time\" content=\"2023-08-16T17:56:57+00:00\" \/>\n<meta property=\"og:image\" content=\"https:\/\/videstehnika.lv\/wp-content\/uploads\/2023\/07\/3b69f5bbd08324c2a9ba6361238615e7.jpg\" \/>\n\t<meta property=\"og:image:width\" content=\"1024\" \/>\n\t<meta property=\"og:image:height\" content=\"1024\" \/>\n\t<meta property=\"og:image:type\" content=\"image\/jpeg\" \/>\n<meta name=\"twitter:card\" content=\"summary_large_image\" \/>\n<meta name=\"twitter:label1\" content=\"Est. reading time\" \/>\n\t<meta name=\"twitter:data1\" content=\"1 minut\u0117\" \/>\n<script type=\"application\/ld+json\" class=\"yoast-schema-graph\">{\"@context\":\"https:\/\/schema.org\",\"@graph\":[{\"@type\":\"WebPage\",\"@id\":\"https:\/\/videstehnika.lv\/katalogs\/metals\/taisnstura-caurules\/\",\"url\":\"https:\/\/videstehnika.lv\/katalogs\/metals\/taisnstura-caurules\/\",\"name\":\"Taisnst\u016bra caurules &#8226; Vides Tehnika\",\"isPartOf\":{\"@id\":\"https:\/\/videstehnika.lv\/lt\/#website\"},\"primaryImageOfPage\":{\"@id\":\"https:\/\/videstehnika.lv\/katalogs\/metals\/taisnstura-caurules\/#primaryimage\"},\"image\":{\"@id\":\"https:\/\/videstehnika.lv\/katalogs\/metals\/taisnstura-caurules\/#primaryimage\"},\"thumbnailUrl\":\"https:\/\/videstehnika.lv\/wp-content\/uploads\/2023\/07\/3b69f5bbd08324c2a9ba6361238615e7.jpg\",\"datePublished\":\"2023-07-14T11:39:17+00:00\",\"dateModified\":\"2023-08-16T17:56:57+00:00\",\"breadcrumb\":{\"@id\":\"https:\/\/videstehnika.lv\/katalogs\/metals\/taisnstura-caurules\/#breadcrumb\"},\"inLanguage\":\"lt-LT\",\"potentialAction\":[{\"@type\":\"ReadAction\",\"target\":[\"https:\/\/videstehnika.lv\/katalogs\/metals\/taisnstura-caurules\/\"]}]},{\"@type\":\"ImageObject\",\"inLanguage\":\"lt-LT\",\"@id\":\"https:\/\/videstehnika.lv\/katalogs\/metals\/taisnstura-caurules\/#primaryimage\",\"url\":\"https:\/\/videstehnika.lv\/wp-content\/uploads\/2023\/07\/3b69f5bbd08324c2a9ba6361238615e7.jpg\",\"contentUrl\":\"https:\/\/videstehnika.lv\/wp-content\/uploads\/2023\/07\/3b69f5bbd08324c2a9ba6361238615e7.jpg\",\"width\":1024,\"height\":1024},{\"@type\":\"BreadcrumbList\",\"@id\":\"https:\/\/videstehnika.lv\/katalogs\/metals\/taisnstura-caurules\/#breadcrumb\",\"itemListElement\":[{\"@type\":\"ListItem\",\"position\":1,\"name\":\"Home\",\"item\":\"https:\/\/videstehnika.lv\/lt\/\"},{\"@type\":\"ListItem\",\"position\":2,\"name\":\"Katalogas\",\"item\":\"https:\/\/videstehnika.lv\/lt\/katalogas\/\"},{\"@type\":\"ListItem\",\"position\":3,\"name\":\"Taisnst\u016bra caurules\"}]},{\"@type\":\"WebSite\",\"@id\":\"https:\/\/videstehnika.lv\/lt\/#website\",\"url\":\"https:\/\/videstehnika.lv\/lt\/\",\"name\":\"Vides Tehnika\",\"description\":\"\",\"potentialAction\":[{\"@type\":\"SearchAction\",\"target\":{\"@type\":\"EntryPoint\",\"urlTemplate\":\"https:\/\/videstehnika.lv\/lt\/?s={search_term_string}\"},\"query-input\":{\"@type\":\"PropertyValueSpecification\",\"valueRequired\":true,\"valueName\":\"search_term_string\"}}],\"inLanguage\":\"lt-LT\"}]}<\/script>\n<!-- \/ Yoast SEO plugin. -->","yoast_head_json":{"title":"Taisnst\u016bra caurules &#8226; Vides Tehnika","robots":{"index":"index","follow":"follow","max-snippet":"max-snippet:-1","max-image-preview":"max-image-preview:large","max-video-preview":"max-video-preview:-1"},"canonical":"https:\/\/videstehnika.lv\/lt\/katalogs\/metals\/taisnstura-caurules\/","og_locale":"lt_LT","og_type":"article","og_title":"Taisnst\u016bra caurules &#8226; Vides Tehnika","og_description":"Taisnst\u016bra caurules APJOMA CENA P\u0112C PIEPRAS\u012aJUMA\u00a0","og_url":"https:\/\/videstehnika.lv\/katalogs\/metals\/taisnstura-caurules\/","og_site_name":"Vides Tehnika","article_modified_time":"2023-08-16T17:56:57+00:00","og_image":[{"width":1024,"height":1024,"url":"https:\/\/videstehnika.lv\/wp-content\/uploads\/2023\/07\/3b69f5bbd08324c2a9ba6361238615e7.jpg","type":"image\/jpeg"}],"twitter_card":"summary_large_image","twitter_misc":{"Est. reading time":"1 minut\u0117"},"schema":{"@context":"https:\/\/schema.org","@graph":[{"@type":"WebPage","@id":"https:\/\/videstehnika.lv\/katalogs\/metals\/taisnstura-caurules\/","url":"https:\/\/videstehnika.lv\/katalogs\/metals\/taisnstura-caurules\/","name":"Taisnst\u016bra caurules &#8226; Vides Tehnika","isPartOf":{"@id":"https:\/\/videstehnika.lv\/lt\/#website"},"primaryImageOfPage":{"@id":"https:\/\/videstehnika.lv\/katalogs\/metals\/taisnstura-caurules\/#primaryimage"},"image":{"@id":"https:\/\/videstehnika.lv\/katalogs\/metals\/taisnstura-caurules\/#primaryimage"},"thumbnailUrl":"https:\/\/videstehnika.lv\/wp-content\/uploads\/2023\/07\/3b69f5bbd08324c2a9ba6361238615e7.jpg","datePublished":"2023-07-14T11:39:17+00:00","dateModified":"2023-08-16T17:56:57+00:00","breadcrumb":{"@id":"https:\/\/videstehnika.lv\/katalogs\/metals\/taisnstura-caurules\/#breadcrumb"},"inLanguage":"lt-LT","potentialAction":[{"@type":"ReadAction","target":["https:\/\/videstehnika.lv\/katalogs\/metals\/taisnstura-caurules\/"]}]},{"@type":"ImageObject","inLanguage":"lt-LT","@id":"https:\/\/videstehnika.lv\/katalogs\/metals\/taisnstura-caurules\/#primaryimage","url":"https:\/\/videstehnika.lv\/wp-content\/uploads\/2023\/07\/3b69f5bbd08324c2a9ba6361238615e7.jpg","contentUrl":"https:\/\/videstehnika.lv\/wp-content\/uploads\/2023\/07\/3b69f5bbd08324c2a9ba6361238615e7.jpg","width":1024,"height":1024},{"@type":"BreadcrumbList","@id":"https:\/\/videstehnika.lv\/katalogs\/metals\/taisnstura-caurules\/#breadcrumb","itemListElement":[{"@type":"ListItem","position":1,"name":"Home","item":"https:\/\/videstehnika.lv\/lt\/"},{"@type":"ListItem","position":2,"name":"Katalogas","item":"https:\/\/videstehnika.lv\/lt\/katalogas\/"},{"@type":"ListItem","position":3,"name":"Taisnst\u016bra caurules"}]},{"@type":"WebSite","@id":"https:\/\/videstehnika.lv\/lt\/#website","url":"https:\/\/videstehnika.lv\/lt\/","name":"Vides Tehnika","description":"","potentialAction":[{"@type":"SearchAction","target":{"@type":"EntryPoint","urlTemplate":"https:\/\/videstehnika.lv\/lt\/?s={search_term_string}"},"query-input":{"@type":"PropertyValueSpecification","valueRequired":true,"valueName":"search_term_string"}}],"inLanguage":"lt-LT"}]}},"_links":{"self":[{"href":"https:\/\/videstehnika.lv\/lt\/wp-json\/wp\/v2\/product\/21042","targetHints":{"allow":["GET"]}}],"collection":[{"href":"https:\/\/videstehnika.lv\/lt\/wp-json\/wp\/v2\/product"}],"about":[{"href":"https:\/\/videstehnika.lv\/lt\/wp-json\/wp\/v2\/types\/product"}],"wp:featuredmedia":[{"embeddable":true,"href":"https:\/\/videstehnika.lv\/lt\/wp-json\/wp\/v2\/media\/21043"}],"wp:attachment":[{"href":"https:\/\/videstehnika.lv\/lt\/wp-json\/wp\/v2\/media?parent=21042"}],"wp:term":[{"taxonomy":"product_cat","embeddable":true,"href":"https:\/\/videstehnika.lv\/lt\/wp-json\/wp\/v2\/product_cat?post=21042"},{"taxonomy":"product_tag","embeddable":true,"href":"https:\/\/videstehnika.lv\/lt\/wp-json\/wp\/v2\/product_tag?post=21042"}],"curies":[{"name":"wp","href":"https:\/\/api.w.org\/{rel}","templated":true}]}}