{"id":30077,"date":"2023-11-16T14:41:12","date_gmt":"2023-11-16T12:41:12","guid":{"rendered":"https:\/\/videstehnika.lv\/catalog\/be-kategorijos\/naturheld-therm-110-kokskiedras-plaksnes\/"},"modified":"2026-04-09T11:11:35","modified_gmt":"2026-04-09T08:11:35","slug":"naturheld-therm-110-kokskiedras-plaksnes","status":"publish","type":"product","link":"https:\/\/videstehnika.lv\/lt\/katalogs\/siltumizolacijas-materiali\/kokskiedras-plaksnes-eku-siltinasanai\/naturheld-therm-110-kokskiedras-plaksnes\/","title":{"rendered":"Naturheld 110 kok\u0161\u0137iedras pl\u0101ksnes"},"content":{"rendered":"<h2>Naturheld 110 kok\u0161\u0137iedras pl\u0101ksnes<\/h2>\n<p>Kok\u0161\u0137iedras pl\u0101ksnes Naturheld 110 ir paredz\u0113tas visa veida konstrukciju siltin\u0101\u0161anai. Pateicoties materi\u0101la cietajai strukt\u016brai, tas ir piem\u0113rots t\u0101l\u0101kai apme\u0161anai.<\/p>\n<p>Naturheld 110 ir \u0113rts un ekonomisks lieto\u0161an\u0101, k\u0101 ar\u012b ir viens no praktisk\u0101kajiem siltumizol\u0101cijas materi\u0101liem.<\/p>\n<p>P\u0113c materi\u0101la iestr\u0101des sasniegtais efekts: siltumizol\u0101cija, ska\u0146as izol\u0101cija, mitruma regul\u0101cija telp\u0101s, vesel\u012bgs mikroklimats un m\u0101j\u012bga vide.<\/p>\n<h2>Naturheld 110<strong> priek\u0161roc\u012bbas<\/strong><\/h2>\n<ul>\n<li>Teicamas siltumizol\u0101cijas sp\u0113jas;<\/li>\n<li>\u0112rti un vienk\u0101r\u0161i lietojams, efekt\u012bvi iekl\u0101jams bez spraug\u0101m;<\/li>\n<li>Ekonomisks un pla\u0161i pielietojams materi\u0101ls;<\/li>\n<li>Ekolo\u0123iski t\u012brs, videi un cilv\u0113kam draudz\u012bgs materi\u0101ls;<\/li>\n<li>Antialer\u0123isks materi\u0101ls, nekairina \u0101du;<\/li>\n<li>Piem\u0113rots otrreiz\u0113jai p\u0101rstr\u0101dei;<\/li>\n<\/ul>\n<h2>Naturheld 110<strong> pielietojums<\/strong><\/h2>\n<ul>\n<li>Jumts;<\/li>\n<li>Sienas.<\/li>\n<\/ul>\n","protected":false},"excerpt":{"rendered":"<p>Cena nor\u0101d\u012bta par pl\u0101ksni<\/p>\n","protected":false},"featured_media":64630,"template":"","meta":{"_acf_changed":false},"product_cat":[3829,3834],"product_tag":[],"class_list":{"0":"post-30077","1":"product","2":"type-product","3":"status-publish","4":"has-post-thumbnail","6":"product_cat-silumos-izoliacines-medziagos","7":"product_cat-medienos-plausu-plokstes-ekologiniam-sildymui","9":"first","10":"instock","11":"taxable","12":"shipping-taxable","13":"purchasable","14":"product-type-variable"},"acf":[],"yoast_head":"<!-- This site is optimized with the Yoast SEO plugin v24.2 - https:\/\/yoast.com\/wordpress\/plugins\/seo\/ -->\n<title>Naturheld therm 110 kok\u0161\u0137iedras pl\u0101ksnes &#8226; Vides Tehnika<\/title>\n<meta name=\"description\" content=\"Kok\u0161\u0137iedras pl\u0101ksnes Naturheld therm 110 ir paredz\u0113tas visa veida konstrukciju siltin\u0101\u0161anai. Pateicoties materi\u0101la cietajai strukt\u016brai, tas ir piem\u0113rots t\u0101l\u0101kai apme\u0161anai.\" \/>\n<meta name=\"robots\" content=\"index, follow, max-snippet:-1, max-image-preview:large, max-video-preview:-1\" \/>\n<link rel=\"canonical\" href=\"https:\/\/videstehnika.lv\/lt\/katalogs\/siltumizolacijas-materiali\/kokskiedras-plaksnes-eku-siltinasanai\/naturheld-therm-110-kokskiedras-plaksnes\/\" \/>\n<meta property=\"og:locale\" content=\"lt_LT\" \/>\n<meta property=\"og:type\" content=\"article\" \/>\n<meta property=\"og:title\" content=\"Naturheld therm 110 kok\u0161\u0137iedras pl\u0101ksnes &#8226; Vides Tehnika\" \/>\n<meta property=\"og:description\" content=\"Kok\u0161\u0137iedras pl\u0101ksnes Naturheld therm 110 ir paredz\u0113tas visa veida konstrukciju siltin\u0101\u0161anai. Pateicoties materi\u0101la cietajai strukt\u016brai, tas ir piem\u0113rots t\u0101l\u0101kai apme\u0161anai.\" \/>\n<meta property=\"og:url\" content=\"https:\/\/videstehnika.lv\/lt\/katalogs\/siltumizolacijas-materiali\/kokskiedras-plaksnes-eku-siltinasanai\/naturheld-therm-110-kokskiedras-plaksnes\/\" \/>\n<meta property=\"og:site_name\" content=\"Vides Tehnika\" \/>\n<meta property=\"article:modified_time\" content=\"2026-04-09T08:11:35+00:00\" \/>\n<meta property=\"og:image\" content=\"https:\/\/videstehnika.lv\/wp-content\/uploads\/2023\/11\/WhatsApp-Image-2025-06-09-at-13.26.18-5.jpeg\" \/>\n\t<meta property=\"og:image:width\" content=\"1280\" \/>\n\t<meta property=\"og:image:height\" content=\"720\" \/>\n\t<meta property=\"og:image:type\" content=\"image\/jpeg\" \/>\n<meta name=\"twitter:card\" content=\"summary_large_image\" \/>\n<meta name=\"twitter:label1\" content=\"Est. reading time\" \/>\n\t<meta name=\"twitter:data1\" content=\"1 minut\u0117\" \/>\n<script type=\"application\/ld+json\" class=\"yoast-schema-graph\">{\"@context\":\"https:\/\/schema.org\",\"@graph\":[{\"@type\":\"WebPage\",\"@id\":\"https:\/\/videstehnika.lv\/lt\/katalogs\/siltumizolacijas-materiali\/kokskiedras-plaksnes-eku-siltinasanai\/naturheld-therm-110-kokskiedras-plaksnes\/\",\"url\":\"https:\/\/videstehnika.lv\/lt\/katalogs\/siltumizolacijas-materiali\/kokskiedras-plaksnes-eku-siltinasanai\/naturheld-therm-110-kokskiedras-plaksnes\/\",\"name\":\"Naturheld therm 110 kok\u0161\u0137iedras pl\u0101ksnes &#8226; Vides Tehnika\",\"isPartOf\":{\"@id\":\"https:\/\/videstehnika.lv\/lt\/#website\"},\"primaryImageOfPage\":{\"@id\":\"https:\/\/videstehnika.lv\/lt\/katalogs\/siltumizolacijas-materiali\/kokskiedras-plaksnes-eku-siltinasanai\/naturheld-therm-110-kokskiedras-plaksnes\/#primaryimage\"},\"image\":{\"@id\":\"https:\/\/videstehnika.lv\/lt\/katalogs\/siltumizolacijas-materiali\/kokskiedras-plaksnes-eku-siltinasanai\/naturheld-therm-110-kokskiedras-plaksnes\/#primaryimage\"},\"thumbnailUrl\":\"https:\/\/videstehnika.lv\/wp-content\/uploads\/2023\/11\/WhatsApp-Image-2025-06-09-at-13.26.18-5.jpeg\",\"datePublished\":\"2023-11-16T12:41:12+00:00\",\"dateModified\":\"2026-04-09T08:11:35+00:00\",\"description\":\"Kok\u0161\u0137iedras pl\u0101ksnes Naturheld therm 110 ir paredz\u0113tas visa veida konstrukciju siltin\u0101\u0161anai. Pateicoties materi\u0101la cietajai strukt\u016brai, tas ir piem\u0113rots t\u0101l\u0101kai apme\u0161anai.\",\"breadcrumb\":{\"@id\":\"https:\/\/videstehnika.lv\/lt\/katalogs\/siltumizolacijas-materiali\/kokskiedras-plaksnes-eku-siltinasanai\/naturheld-therm-110-kokskiedras-plaksnes\/#breadcrumb\"},\"inLanguage\":\"lt-LT\",\"potentialAction\":[{\"@type\":\"ReadAction\",\"target\":[\"https:\/\/videstehnika.lv\/lt\/katalogs\/siltumizolacijas-materiali\/kokskiedras-plaksnes-eku-siltinasanai\/naturheld-therm-110-kokskiedras-plaksnes\/\"]}]},{\"@type\":\"ImageObject\",\"inLanguage\":\"lt-LT\",\"@id\":\"https:\/\/videstehnika.lv\/lt\/katalogs\/siltumizolacijas-materiali\/kokskiedras-plaksnes-eku-siltinasanai\/naturheld-therm-110-kokskiedras-plaksnes\/#primaryimage\",\"url\":\"https:\/\/videstehnika.lv\/wp-content\/uploads\/2023\/11\/WhatsApp-Image-2025-06-09-at-13.26.18-5.jpeg\",\"contentUrl\":\"https:\/\/videstehnika.lv\/wp-content\/uploads\/2023\/11\/WhatsApp-Image-2025-06-09-at-13.26.18-5.jpeg\",\"width\":1280,\"height\":720},{\"@type\":\"BreadcrumbList\",\"@id\":\"https:\/\/videstehnika.lv\/lt\/katalogs\/siltumizolacijas-materiali\/kokskiedras-plaksnes-eku-siltinasanai\/naturheld-therm-110-kokskiedras-plaksnes\/#breadcrumb\",\"itemListElement\":[{\"@type\":\"ListItem\",\"position\":1,\"name\":\"Home\",\"item\":\"https:\/\/videstehnika.lv\/lt\/\"},{\"@type\":\"ListItem\",\"position\":2,\"name\":\"Katalogas\",\"item\":\"https:\/\/videstehnika.lv\/lt\/katalogas\/\"},{\"@type\":\"ListItem\",\"position\":3,\"name\":\"Naturheld 110 kok\u0161\u0137iedras pl\u0101ksnes\"}]},{\"@type\":\"WebSite\",\"@id\":\"https:\/\/videstehnika.lv\/lt\/#website\",\"url\":\"https:\/\/videstehnika.lv\/lt\/\",\"name\":\"Vides Tehnika\",\"description\":\"\",\"potentialAction\":[{\"@type\":\"SearchAction\",\"target\":{\"@type\":\"EntryPoint\",\"urlTemplate\":\"https:\/\/videstehnika.lv\/lt\/?s={search_term_string}\"},\"query-input\":{\"@type\":\"PropertyValueSpecification\",\"valueRequired\":true,\"valueName\":\"search_term_string\"}}],\"inLanguage\":\"lt-LT\"}]}<\/script>\n<!-- \/ Yoast SEO plugin. -->","yoast_head_json":{"title":"Naturheld therm 110 kok\u0161\u0137iedras pl\u0101ksnes &#8226; Vides Tehnika","description":"Kok\u0161\u0137iedras pl\u0101ksnes Naturheld therm 110 ir paredz\u0113tas visa veida konstrukciju siltin\u0101\u0161anai. Pateicoties materi\u0101la cietajai strukt\u016brai, tas ir piem\u0113rots t\u0101l\u0101kai apme\u0161anai.","robots":{"index":"index","follow":"follow","max-snippet":"max-snippet:-1","max-image-preview":"max-image-preview:large","max-video-preview":"max-video-preview:-1"},"canonical":"https:\/\/videstehnika.lv\/lt\/katalogs\/siltumizolacijas-materiali\/kokskiedras-plaksnes-eku-siltinasanai\/naturheld-therm-110-kokskiedras-plaksnes\/","og_locale":"lt_LT","og_type":"article","og_title":"Naturheld therm 110 kok\u0161\u0137iedras pl\u0101ksnes &#8226; Vides Tehnika","og_description":"Kok\u0161\u0137iedras pl\u0101ksnes Naturheld therm 110 ir paredz\u0113tas visa veida konstrukciju siltin\u0101\u0161anai. Pateicoties materi\u0101la cietajai strukt\u016brai, tas ir piem\u0113rots t\u0101l\u0101kai apme\u0161anai.","og_url":"https:\/\/videstehnika.lv\/lt\/katalogs\/siltumizolacijas-materiali\/kokskiedras-plaksnes-eku-siltinasanai\/naturheld-therm-110-kokskiedras-plaksnes\/","og_site_name":"Vides Tehnika","article_modified_time":"2026-04-09T08:11:35+00:00","og_image":[{"width":1280,"height":720,"url":"https:\/\/videstehnika.lv\/wp-content\/uploads\/2023\/11\/WhatsApp-Image-2025-06-09-at-13.26.18-5.jpeg","type":"image\/jpeg"}],"twitter_card":"summary_large_image","twitter_misc":{"Est. reading time":"1 minut\u0117"},"schema":{"@context":"https:\/\/schema.org","@graph":[{"@type":"WebPage","@id":"https:\/\/videstehnika.lv\/lt\/katalogs\/siltumizolacijas-materiali\/kokskiedras-plaksnes-eku-siltinasanai\/naturheld-therm-110-kokskiedras-plaksnes\/","url":"https:\/\/videstehnika.lv\/lt\/katalogs\/siltumizolacijas-materiali\/kokskiedras-plaksnes-eku-siltinasanai\/naturheld-therm-110-kokskiedras-plaksnes\/","name":"Naturheld therm 110 kok\u0161\u0137iedras pl\u0101ksnes &#8226; Vides Tehnika","isPartOf":{"@id":"https:\/\/videstehnika.lv\/lt\/#website"},"primaryImageOfPage":{"@id":"https:\/\/videstehnika.lv\/lt\/katalogs\/siltumizolacijas-materiali\/kokskiedras-plaksnes-eku-siltinasanai\/naturheld-therm-110-kokskiedras-plaksnes\/#primaryimage"},"image":{"@id":"https:\/\/videstehnika.lv\/lt\/katalogs\/siltumizolacijas-materiali\/kokskiedras-plaksnes-eku-siltinasanai\/naturheld-therm-110-kokskiedras-plaksnes\/#primaryimage"},"thumbnailUrl":"https:\/\/videstehnika.lv\/wp-content\/uploads\/2023\/11\/WhatsApp-Image-2025-06-09-at-13.26.18-5.jpeg","datePublished":"2023-11-16T12:41:12+00:00","dateModified":"2026-04-09T08:11:35+00:00","description":"Kok\u0161\u0137iedras pl\u0101ksnes Naturheld therm 110 ir paredz\u0113tas visa veida konstrukciju siltin\u0101\u0161anai. Pateicoties materi\u0101la cietajai strukt\u016brai, tas ir piem\u0113rots t\u0101l\u0101kai apme\u0161anai.","breadcrumb":{"@id":"https:\/\/videstehnika.lv\/lt\/katalogs\/siltumizolacijas-materiali\/kokskiedras-plaksnes-eku-siltinasanai\/naturheld-therm-110-kokskiedras-plaksnes\/#breadcrumb"},"inLanguage":"lt-LT","potentialAction":[{"@type":"ReadAction","target":["https:\/\/videstehnika.lv\/lt\/katalogs\/siltumizolacijas-materiali\/kokskiedras-plaksnes-eku-siltinasanai\/naturheld-therm-110-kokskiedras-plaksnes\/"]}]},{"@type":"ImageObject","inLanguage":"lt-LT","@id":"https:\/\/videstehnika.lv\/lt\/katalogs\/siltumizolacijas-materiali\/kokskiedras-plaksnes-eku-siltinasanai\/naturheld-therm-110-kokskiedras-plaksnes\/#primaryimage","url":"https:\/\/videstehnika.lv\/wp-content\/uploads\/2023\/11\/WhatsApp-Image-2025-06-09-at-13.26.18-5.jpeg","contentUrl":"https:\/\/videstehnika.lv\/wp-content\/uploads\/2023\/11\/WhatsApp-Image-2025-06-09-at-13.26.18-5.jpeg","width":1280,"height":720},{"@type":"BreadcrumbList","@id":"https:\/\/videstehnika.lv\/lt\/katalogs\/siltumizolacijas-materiali\/kokskiedras-plaksnes-eku-siltinasanai\/naturheld-therm-110-kokskiedras-plaksnes\/#breadcrumb","itemListElement":[{"@type":"ListItem","position":1,"name":"Home","item":"https:\/\/videstehnika.lv\/lt\/"},{"@type":"ListItem","position":2,"name":"Katalogas","item":"https:\/\/videstehnika.lv\/lt\/katalogas\/"},{"@type":"ListItem","position":3,"name":"Naturheld 110 kok\u0161\u0137iedras pl\u0101ksnes"}]},{"@type":"WebSite","@id":"https:\/\/videstehnika.lv\/lt\/#website","url":"https:\/\/videstehnika.lv\/lt\/","name":"Vides Tehnika","description":"","potentialAction":[{"@type":"SearchAction","target":{"@type":"EntryPoint","urlTemplate":"https:\/\/videstehnika.lv\/lt\/?s={search_term_string}"},"query-input":{"@type":"PropertyValueSpecification","valueRequired":true,"valueName":"search_term_string"}}],"inLanguage":"lt-LT"}]}},"_links":{"self":[{"href":"https:\/\/videstehnika.lv\/lt\/wp-json\/wp\/v2\/product\/30077","targetHints":{"allow":["GET"]}}],"collection":[{"href":"https:\/\/videstehnika.lv\/lt\/wp-json\/wp\/v2\/product"}],"about":[{"href":"https:\/\/videstehnika.lv\/lt\/wp-json\/wp\/v2\/types\/product"}],"wp:featuredmedia":[{"embeddable":true,"href":"https:\/\/videstehnika.lv\/lt\/wp-json\/wp\/v2\/media\/64630"}],"wp:attachment":[{"href":"https:\/\/videstehnika.lv\/lt\/wp-json\/wp\/v2\/media?parent=30077"}],"wp:term":[{"taxonomy":"product_cat","embeddable":true,"href":"https:\/\/videstehnika.lv\/lt\/wp-json\/wp\/v2\/product_cat?post=30077"},{"taxonomy":"product_tag","embeddable":true,"href":"https:\/\/videstehnika.lv\/lt\/wp-json\/wp\/v2\/product_tag?post=30077"}],"curies":[{"name":"wp","href":"https:\/\/api.w.org\/{rel}","templated":true}]}}