{"id":30110,"date":"2023-10-12T10:00:15","date_gmt":"2023-10-12T07:00:15","guid":{"rendered":"https:\/\/videstehnika.lv\/catalog\/be-kategorijos\/poliuretana-paneli-thermano-agro-fiberglass\/"},"modified":"2024-08-07T09:25:24","modified_gmt":"2024-08-07T06:25:24","slug":"poliuretana-paneli-thermano-agro-fiberglass","status":"publish","type":"product","link":"https:\/\/videstehnika.lv\/lt\/katalogs\/siltumizolacijas-materiali\/putuplasts-siltumizolacijai\/poliuretana-paneli-thermano-agro-fiberglass\/","title":{"rendered":"Poliuret\u0101na pane\u013ci Thermano AGRO FIBERGLASS"},"content":{"rendered":"<h2>Poliuret\u0101na pane\u013ci Thermano AGRO FIBERGLASS<\/h2>\n<div class=\"product-tabs-wrapper\">\n<div class=\"container\">\n<div class=\"row\">\n<div class=\"col-12 poduct-tabs-inner\">\n<div class=\"woocommerce-tabs wc-tabs-wrapper tabs-layout-tabs\" data-state=\"first\" data-layout=\"tabs\">\n<div class=\"wd-accordion-item wd-tab-wrapper woodmart-tab-wrapper\">\n<div id=\"tab-description\" class=\"entry-content woocommerce-Tabs-panel woocommerce-Tabs-panel--description wd-active panel wc-tab\" role=\"tabpanel\" aria-labelledby=\"tab-title-description\" data-accordion-index=\"description\">\n<div class=\"wc-tab-inner\">\n<p class=\"dominant\"><strong>VAIR\u0100K NEK\u0100 TIKAI VATES UN PUTUPOLISTIROLA ALTERNAT\u012aVA<\/strong><\/p>\n<p>Thermano Fiber ir siltumizol\u0101cijas materi\u0101ls m\u0101jlopu novietn\u0113m, tostarp c\u016bku, vistu un govju k\u016bt\u012bm. \u0160iem sendvi\u010dpane\u013ciem ir ciets PIR putu pild\u012bjums, kas nodro\u0161ina izcilu siltumizol\u0101cijas efektivit\u0101ti un ir piln\u012bgi nekait\u012bgs un dro\u0161s cilv\u0113kiem un dz\u012bvniekiem.<\/p>\n<p>Thermano Fiber lielisk\u0101k\u0101 \u012bpa\u0161\u012bba ir izcil\u0101 iztur\u012bba. To nodro\u0161ina \u012bpa\u0161s iek\u0161\u0113jais ap\u0161uvums no GFR (ar stikl\u0161\u0137iedru pastiprin\u0101ta) poliestera sve\u0137iem.<\/p>\n<p>Pateicoties \u0161im materi\u0101lam, sendvi\u010dpane\u013cus var dro\u0161i mazg\u0101t ar augstspiediena mazg\u0101t\u0101jiem un tas aizsarg\u0101 pane\u013cus pret boj\u0101jumiem transport\u0113\u0161anas un uzst\u0101d\u012b\u0161anas laik\u0101.<\/p>\n<p>Cietaj\u0101m\u00a0<em>PIR<\/em>\u00a0put\u0101m ir \u012bpa\u0161i augsta spiedes stipr\u012bba \u2013 200\u00a0kPa\u00a0\u2013, kas v\u0113l vair\u0101k pazemina boj\u0101jumu iesp\u0113jam\u012bbu.<\/p>\n<p>Sendvi\u010dpane\u013ciem ir augsta iztur\u012bba pret GOS (gaisto\u0161ajiem organiskajiem savienojumiem) un kait\u0113k\u013ciem, tostarp kukai\u0146iem, grauz\u0113jiem un s\u012bkajiem pl\u0113s\u0113jiem.<\/p>\n<p>Ciet\u0101s PIR putas raksturo augsta siltumizol\u0101cijas efektivit\u0101te, kas at\u0161\u0137ir\u012bb\u0101 no citiem siltumizol\u0101cijas materi\u0101liem \u013cauj izmantot pl\u0101n\u0101kus siltumizol\u0101cijas sl\u0101\u0146us.<\/p>\n<h2><strong>Thermano AGRO FIBERGLASS<\/strong>\u00a0<strong>priek\u0161roc\u012bbas<\/strong><\/h2>\n<ul>\n<li>augst\u0101ku lopkop\u012bbas ra\u017e\u012bgumu un liel\u0101ku pe\u013c\u0146u;<\/li>\n<li>maksim\u0101lu izslaukumu un stabilu \u0137erme\u0146a masas pieaugumu;<\/li>\n<li>optim\u0101lu lopbar\u012bbas v\u0113rt\u012bbas izmanto\u0161anu;<\/li>\n<li>karstuma slodzes nov\u0113r\u0161anu vasar\u0101;<\/li>\n<li>maz\u0101ku dz\u012bvnieku saslimst\u012bbu;<\/li>\n<li>ilg\u0101ku ra\u017eas uzglab\u0101\u0161anu;<\/li>\n<li>mazin\u0101tas ikdienas temperat\u016bras sv\u0101rst\u012bbas.<\/li>\n<\/ul>\n<h3><strong>Thermano AGRO FIBERGLASS<\/strong>\u00a0<strong>pielietojums<\/strong><\/h3>\n<ul>\n<li>&#8211; Lauksaimniec\u012bbas \u0113ku siltin\u0101\u0161anai<br \/>\n&#8211; Ang\u0101riem<br \/>\n&#8211; Sien\u0101m<br \/>\n&#8211; Griestiem.<\/li>\n<\/ul>\n<\/div>\n<\/div>\n<\/div>\n<div class=\"wd-accordion-item wd-tab-wrapper woodmart-tab-wrapper\">\n<div class=\"wd-accordion-title wd-opener-pos-right woodmart-accordion-title tab-title-additional_information\" data-accordion-index=\"additional_information\">\n<div class=\"wd-accordion-title-text\"><\/div>\n<\/div>\n<\/div>\n<\/div>\n<\/div>\n<\/div>\n<\/div>\n<\/div>\n<div class=\"container related-and-upsells\">\n<div class=\"related-products\"><\/div>\n<\/div>\n","protected":false},"excerpt":{"rendered":"<p>Poliuret\u0101na pane\u013ci Thermano AGRO FIBERGLASS VAIR\u0100K NEK\u0100 TIKAI VATES UN PUTUPOLISTIROLA ALTERNAT\u012aVA Thermano Fiber ir siltumizol\u0101cijas materi\u0101ls m\u0101jlopu novietn\u0113m, tostarp<\/p>\n","protected":false},"featured_media":25800,"template":"","meta":{"_acf_changed":false},"product_cat":[3829,3838],"product_tag":[],"class_list":{"0":"post-30110","1":"product","2":"type-product","3":"status-publish","4":"has-post-thumbnail","6":"product_cat-silumos-izoliacines-medziagos","7":"product_cat-putu-polistirolas-silumos-izoliacijai","9":"first","10":"instock","11":"taxable","12":"shipping-taxable","13":"purchasable","14":"product-type-variable"},"acf":[],"yoast_head":"<!-- This site is optimized with the Yoast SEO plugin v24.2 - https:\/\/yoast.com\/wordpress\/plugins\/seo\/ -->\n<title>Poliuret\u0101na pane\u013ci Thermano AGRO FIBERGLASS &#8226; Vides Tehnika<\/title>\n<meta name=\"description\" content=\"Ekstrud\u0113t\u0101 putuplasta pl\u0101ksnes Finnfoam XX tiek izmantotas cokolu, ai\u013cu, termisko tiltu izol\u0113\u0161anai, sienu un citu konstrukciju izol\u0113\u0161anai.\" \/>\n<meta name=\"robots\" content=\"index, follow, max-snippet:-1, max-image-preview:large, max-video-preview:-1\" \/>\n<link rel=\"canonical\" href=\"https:\/\/videstehnika.lv\/lt\/katalogs\/siltumizolacijas-materiali\/putuplasts-siltumizolacijai\/poliuretana-paneli-thermano-agro-fiberglass\/\" \/>\n<meta property=\"og:locale\" content=\"lt_LT\" \/>\n<meta property=\"og:type\" content=\"article\" \/>\n<meta property=\"og:title\" content=\"Poliuret\u0101na pane\u013ci Thermano AGRO FIBERGLASS &#8226; Vides Tehnika\" \/>\n<meta property=\"og:description\" content=\"Ekstrud\u0113t\u0101 putuplasta pl\u0101ksnes Finnfoam XX tiek izmantotas cokolu, ai\u013cu, termisko tiltu izol\u0113\u0161anai, sienu un citu konstrukciju izol\u0113\u0161anai.\" \/>\n<meta property=\"og:url\" content=\"https:\/\/videstehnika.lv\/lt\/katalogs\/siltumizolacijas-materiali\/putuplasts-siltumizolacijai\/poliuretana-paneli-thermano-agro-fiberglass\/\" \/>\n<meta property=\"og:site_name\" content=\"Vides Tehnika\" \/>\n<meta property=\"article:modified_time\" content=\"2024-08-07T06:25:24+00:00\" \/>\n<meta property=\"og:image\" content=\"https:\/\/videstehnika.lv\/wp-content\/uploads\/2023\/10\/thermano-agro-fiberglass-pir-siltumizolacijas-paneli_l.png\" \/>\n\t<meta property=\"og:image:width\" content=\"654\" \/>\n\t<meta property=\"og:image:height\" content=\"654\" \/>\n\t<meta property=\"og:image:type\" content=\"image\/png\" \/>\n<meta name=\"twitter:card\" content=\"summary_large_image\" \/>\n<meta name=\"twitter:label1\" content=\"Est. reading time\" \/>\n\t<meta name=\"twitter:data1\" content=\"1 minut\u0117\" \/>\n<script type=\"application\/ld+json\" class=\"yoast-schema-graph\">{\"@context\":\"https:\/\/schema.org\",\"@graph\":[{\"@type\":\"WebPage\",\"@id\":\"https:\/\/videstehnika.lv\/lt\/katalogs\/siltumizolacijas-materiali\/putuplasts-siltumizolacijai\/poliuretana-paneli-thermano-agro-fiberglass\/\",\"url\":\"https:\/\/videstehnika.lv\/lt\/katalogs\/siltumizolacijas-materiali\/putuplasts-siltumizolacijai\/poliuretana-paneli-thermano-agro-fiberglass\/\",\"name\":\"Poliuret\u0101na pane\u013ci Thermano AGRO FIBERGLASS &#8226; Vides Tehnika\",\"isPartOf\":{\"@id\":\"https:\/\/videstehnika.lv\/lt\/#website\"},\"primaryImageOfPage\":{\"@id\":\"https:\/\/videstehnika.lv\/lt\/katalogs\/siltumizolacijas-materiali\/putuplasts-siltumizolacijai\/poliuretana-paneli-thermano-agro-fiberglass\/#primaryimage\"},\"image\":{\"@id\":\"https:\/\/videstehnika.lv\/lt\/katalogs\/siltumizolacijas-materiali\/putuplasts-siltumizolacijai\/poliuretana-paneli-thermano-agro-fiberglass\/#primaryimage\"},\"thumbnailUrl\":\"https:\/\/videstehnika.lv\/wp-content\/uploads\/2023\/10\/thermano-agro-fiberglass-pir-siltumizolacijas-paneli_l.png\",\"datePublished\":\"2023-10-12T07:00:15+00:00\",\"dateModified\":\"2024-08-07T06:25:24+00:00\",\"description\":\"Ekstrud\u0113t\u0101 putuplasta pl\u0101ksnes Finnfoam XX tiek izmantotas cokolu, ai\u013cu, termisko tiltu izol\u0113\u0161anai, sienu un citu konstrukciju izol\u0113\u0161anai.\",\"breadcrumb\":{\"@id\":\"https:\/\/videstehnika.lv\/lt\/katalogs\/siltumizolacijas-materiali\/putuplasts-siltumizolacijai\/poliuretana-paneli-thermano-agro-fiberglass\/#breadcrumb\"},\"inLanguage\":\"lt-LT\",\"potentialAction\":[{\"@type\":\"ReadAction\",\"target\":[\"https:\/\/videstehnika.lv\/lt\/katalogs\/siltumizolacijas-materiali\/putuplasts-siltumizolacijai\/poliuretana-paneli-thermano-agro-fiberglass\/\"]}]},{\"@type\":\"ImageObject\",\"inLanguage\":\"lt-LT\",\"@id\":\"https:\/\/videstehnika.lv\/lt\/katalogs\/siltumizolacijas-materiali\/putuplasts-siltumizolacijai\/poliuretana-paneli-thermano-agro-fiberglass\/#primaryimage\",\"url\":\"https:\/\/videstehnika.lv\/wp-content\/uploads\/2023\/10\/thermano-agro-fiberglass-pir-siltumizolacijas-paneli_l.png\",\"contentUrl\":\"https:\/\/videstehnika.lv\/wp-content\/uploads\/2023\/10\/thermano-agro-fiberglass-pir-siltumizolacijas-paneli_l.png\",\"width\":654,\"height\":654},{\"@type\":\"BreadcrumbList\",\"@id\":\"https:\/\/videstehnika.lv\/lt\/katalogs\/siltumizolacijas-materiali\/putuplasts-siltumizolacijai\/poliuretana-paneli-thermano-agro-fiberglass\/#breadcrumb\",\"itemListElement\":[{\"@type\":\"ListItem\",\"position\":1,\"name\":\"Home\",\"item\":\"https:\/\/videstehnika.lv\/lt\/\"},{\"@type\":\"ListItem\",\"position\":2,\"name\":\"Katalogas\",\"item\":\"https:\/\/videstehnika.lv\/lt\/katalogas\/\"},{\"@type\":\"ListItem\",\"position\":3,\"name\":\"Poliuret\u0101na pane\u013ci Thermano AGRO FIBERGLASS\"}]},{\"@type\":\"WebSite\",\"@id\":\"https:\/\/videstehnika.lv\/lt\/#website\",\"url\":\"https:\/\/videstehnika.lv\/lt\/\",\"name\":\"Vides Tehnika\",\"description\":\"\",\"potentialAction\":[{\"@type\":\"SearchAction\",\"target\":{\"@type\":\"EntryPoint\",\"urlTemplate\":\"https:\/\/videstehnika.lv\/lt\/?s={search_term_string}\"},\"query-input\":{\"@type\":\"PropertyValueSpecification\",\"valueRequired\":true,\"valueName\":\"search_term_string\"}}],\"inLanguage\":\"lt-LT\"}]}<\/script>\n<!-- \/ Yoast SEO plugin. -->","yoast_head_json":{"title":"Poliuret\u0101na pane\u013ci Thermano AGRO FIBERGLASS &#8226; Vides Tehnika","description":"Ekstrud\u0113t\u0101 putuplasta pl\u0101ksnes Finnfoam XX tiek izmantotas cokolu, ai\u013cu, termisko tiltu izol\u0113\u0161anai, sienu un citu konstrukciju izol\u0113\u0161anai.","robots":{"index":"index","follow":"follow","max-snippet":"max-snippet:-1","max-image-preview":"max-image-preview:large","max-video-preview":"max-video-preview:-1"},"canonical":"https:\/\/videstehnika.lv\/lt\/katalogs\/siltumizolacijas-materiali\/putuplasts-siltumizolacijai\/poliuretana-paneli-thermano-agro-fiberglass\/","og_locale":"lt_LT","og_type":"article","og_title":"Poliuret\u0101na pane\u013ci Thermano AGRO FIBERGLASS &#8226; Vides Tehnika","og_description":"Ekstrud\u0113t\u0101 putuplasta pl\u0101ksnes Finnfoam XX tiek izmantotas cokolu, ai\u013cu, termisko tiltu izol\u0113\u0161anai, sienu un citu konstrukciju izol\u0113\u0161anai.","og_url":"https:\/\/videstehnika.lv\/lt\/katalogs\/siltumizolacijas-materiali\/putuplasts-siltumizolacijai\/poliuretana-paneli-thermano-agro-fiberglass\/","og_site_name":"Vides Tehnika","article_modified_time":"2024-08-07T06:25:24+00:00","og_image":[{"width":654,"height":654,"url":"https:\/\/videstehnika.lv\/wp-content\/uploads\/2023\/10\/thermano-agro-fiberglass-pir-siltumizolacijas-paneli_l.png","type":"image\/png"}],"twitter_card":"summary_large_image","twitter_misc":{"Est. reading time":"1 minut\u0117"},"schema":{"@context":"https:\/\/schema.org","@graph":[{"@type":"WebPage","@id":"https:\/\/videstehnika.lv\/lt\/katalogs\/siltumizolacijas-materiali\/putuplasts-siltumizolacijai\/poliuretana-paneli-thermano-agro-fiberglass\/","url":"https:\/\/videstehnika.lv\/lt\/katalogs\/siltumizolacijas-materiali\/putuplasts-siltumizolacijai\/poliuretana-paneli-thermano-agro-fiberglass\/","name":"Poliuret\u0101na pane\u013ci Thermano AGRO FIBERGLASS &#8226; Vides Tehnika","isPartOf":{"@id":"https:\/\/videstehnika.lv\/lt\/#website"},"primaryImageOfPage":{"@id":"https:\/\/videstehnika.lv\/lt\/katalogs\/siltumizolacijas-materiali\/putuplasts-siltumizolacijai\/poliuretana-paneli-thermano-agro-fiberglass\/#primaryimage"},"image":{"@id":"https:\/\/videstehnika.lv\/lt\/katalogs\/siltumizolacijas-materiali\/putuplasts-siltumizolacijai\/poliuretana-paneli-thermano-agro-fiberglass\/#primaryimage"},"thumbnailUrl":"https:\/\/videstehnika.lv\/wp-content\/uploads\/2023\/10\/thermano-agro-fiberglass-pir-siltumizolacijas-paneli_l.png","datePublished":"2023-10-12T07:00:15+00:00","dateModified":"2024-08-07T06:25:24+00:00","description":"Ekstrud\u0113t\u0101 putuplasta pl\u0101ksnes Finnfoam XX tiek izmantotas cokolu, ai\u013cu, termisko tiltu izol\u0113\u0161anai, sienu un citu konstrukciju izol\u0113\u0161anai.","breadcrumb":{"@id":"https:\/\/videstehnika.lv\/lt\/katalogs\/siltumizolacijas-materiali\/putuplasts-siltumizolacijai\/poliuretana-paneli-thermano-agro-fiberglass\/#breadcrumb"},"inLanguage":"lt-LT","potentialAction":[{"@type":"ReadAction","target":["https:\/\/videstehnika.lv\/lt\/katalogs\/siltumizolacijas-materiali\/putuplasts-siltumizolacijai\/poliuretana-paneli-thermano-agro-fiberglass\/"]}]},{"@type":"ImageObject","inLanguage":"lt-LT","@id":"https:\/\/videstehnika.lv\/lt\/katalogs\/siltumizolacijas-materiali\/putuplasts-siltumizolacijai\/poliuretana-paneli-thermano-agro-fiberglass\/#primaryimage","url":"https:\/\/videstehnika.lv\/wp-content\/uploads\/2023\/10\/thermano-agro-fiberglass-pir-siltumizolacijas-paneli_l.png","contentUrl":"https:\/\/videstehnika.lv\/wp-content\/uploads\/2023\/10\/thermano-agro-fiberglass-pir-siltumizolacijas-paneli_l.png","width":654,"height":654},{"@type":"BreadcrumbList","@id":"https:\/\/videstehnika.lv\/lt\/katalogs\/siltumizolacijas-materiali\/putuplasts-siltumizolacijai\/poliuretana-paneli-thermano-agro-fiberglass\/#breadcrumb","itemListElement":[{"@type":"ListItem","position":1,"name":"Home","item":"https:\/\/videstehnika.lv\/lt\/"},{"@type":"ListItem","position":2,"name":"Katalogas","item":"https:\/\/videstehnika.lv\/lt\/katalogas\/"},{"@type":"ListItem","position":3,"name":"Poliuret\u0101na pane\u013ci Thermano AGRO FIBERGLASS"}]},{"@type":"WebSite","@id":"https:\/\/videstehnika.lv\/lt\/#website","url":"https:\/\/videstehnika.lv\/lt\/","name":"Vides Tehnika","description":"","potentialAction":[{"@type":"SearchAction","target":{"@type":"EntryPoint","urlTemplate":"https:\/\/videstehnika.lv\/lt\/?s={search_term_string}"},"query-input":{"@type":"PropertyValueSpecification","valueRequired":true,"valueName":"search_term_string"}}],"inLanguage":"lt-LT"}]}},"_links":{"self":[{"href":"https:\/\/videstehnika.lv\/lt\/wp-json\/wp\/v2\/product\/30110","targetHints":{"allow":["GET"]}}],"collection":[{"href":"https:\/\/videstehnika.lv\/lt\/wp-json\/wp\/v2\/product"}],"about":[{"href":"https:\/\/videstehnika.lv\/lt\/wp-json\/wp\/v2\/types\/product"}],"wp:featuredmedia":[{"embeddable":true,"href":"https:\/\/videstehnika.lv\/lt\/wp-json\/wp\/v2\/media\/25800"}],"wp:attachment":[{"href":"https:\/\/videstehnika.lv\/lt\/wp-json\/wp\/v2\/media?parent=30110"}],"wp:term":[{"taxonomy":"product_cat","embeddable":true,"href":"https:\/\/videstehnika.lv\/lt\/wp-json\/wp\/v2\/product_cat?post=30110"},{"taxonomy":"product_tag","embeddable":true,"href":"https:\/\/videstehnika.lv\/lt\/wp-json\/wp\/v2\/product_tag?post=30110"}],"curies":[{"name":"wp","href":"https:\/\/api.w.org\/{rel}","templated":true}]}}