{"id":30132,"date":"2023-10-06T15:48:48","date_gmt":"2023-10-06T12:48:48","guid":{"rendered":"https:\/\/videstehnika.lv\/catalog\/be-kategorijos\/poliuretana-paneli-thermano-floor\/"},"modified":"2024-08-07T09:31:41","modified_gmt":"2024-08-07T06:31:41","slug":"poliuretana-paneli-thermano-floor","status":"publish","type":"product","link":"https:\/\/videstehnika.lv\/lt\/katalogs\/siltumizolacijas-materiali\/putuplasts-siltumizolacijai\/poliuretana-paneli-thermano-floor\/","title":{"rendered":"Poliuret\u0101na pane\u013ci Thermano FLOOR"},"content":{"rendered":"<h2>Poliuret\u0101na pane\u013ci Thermano FLOOR<\/h2>\n<div class=\"product-tabs-wrapper\">\n<div class=\"container\">\n<div class=\"row\">\n<div class=\"col-12 poduct-tabs-inner\">\n<div class=\"woocommerce-tabs wc-tabs-wrapper tabs-layout-tabs\" data-state=\"first\" data-layout=\"tabs\">\n<div class=\"wd-accordion-item wd-tab-wrapper woodmart-tab-wrapper\">\n<div id=\"tab-description\" class=\"entry-content woocommerce-Tabs-panel woocommerce-Tabs-panel--description wd-active panel wc-tab\" role=\"tabpanel\" aria-labelledby=\"tab-title-description\" data-accordion-index=\"description\">\n<div class=\"wc-tab-inner\">\n<p class=\"dominant\"><strong>VAIR\u0100K NEK\u0100 TIKAI VATES UN PUTUPOLISTIROLA ALTERNAT\u012aVA<\/strong><\/p>\n<p>Siltumizol\u0101cijas Thermano Floor poliuret\u0101na pane\u013ci ar augstu spiedes iztur\u012bbu(20t\/m2). 1200x2400x100<br \/>\nThermano Floor ir nepiecie\u0161ams l\u012bdz div\u0101m reiz\u0113m maz\u0101ks biezums nek\u0101 tradicion\u0101lajai siltumizol\u0101cijai.<\/p>\n<p>Viens panelis nodro\u0161ina divreiz liel\u0101ku termisko izol\u0101ciju (\u03bb = 0, 022 W\/mK),<br \/>\nnek\u0101 t\u0101da pa\u0161a biezuma putupolistirols vai miner\u0101lvate.<\/p>\n<h2><strong>Thermano FLOOR priek\u0161roc\u012bbas<\/strong><\/h2>\n<ul>\n<li>maz\u0101ks biezums \u2013 Thermano Floor ir nepiecie\u0161ams l\u012bdz div\u0101m reiz\u0113m maz\u0101ks biezums nek\u0101 tradicion\u0101lajai siltumizol\u0101cijai;<\/li>\n<li>\u013coti labas izol\u0101cijas \u012bpa\u0161\u012bbas \u2013 vislab\u0101k\u0101 siltumvad\u012btsp\u0113ja \u03bb = 0,022\u00a0W\/mK izol\u0101cijas klasei A ++;<\/li>\n<li>izcili stipr\u012bbas parametri \u2013 150\u00a0kPa jeb aptuveni 15\u00a0t\/m<sup>2<\/sup>\u00a0spiedes iztur\u012bba ir viens no vislab\u0101kajiem r\u0101d\u012bt\u0101jiem tirg\u016b;<\/li>\n<li>\u0101r\u0113jais ap\u0161uvums \u2013 \u012bpa\u0161ais ap\u0161uvums nodro\u0161ina papildu aizsargsl\u0101ni gr\u012bdas apsildei, iev\u0113rojami paaugstinot t\u0101s efektivit\u0101ti;<\/li>\n<li>iesp\u0113ja veidot sienas kombin\u0101cij\u0101 ar betonu un dzelzsbetonu.<\/li>\n<\/ul>\n<h3><strong>Thermano FLOOR pielietojums<\/strong><\/h3>\n<ul>\n<li>&#8211; Gr\u012bd\u0101m<br \/>\n&#8211; Sien\u0101m<br \/>\n&#8211; Griestu siltin\u0101\u0161anai<\/li>\n<\/ul>\n<\/div>\n<\/div>\n<\/div>\n<div class=\"wd-accordion-item wd-tab-wrapper woodmart-tab-wrapper\">\n<div class=\"wd-accordion-title wd-opener-pos-right woodmart-accordion-title tab-title-additional_information\" data-accordion-index=\"additional_information\">\n<div class=\"wd-accordion-title-text\"><\/div>\n<\/div>\n<\/div>\n<\/div>\n<\/div>\n<\/div>\n<\/div>\n<\/div>\n<div class=\"container related-and-upsells\">\n<div class=\"related-products\"><\/div>\n<\/div>\n","protected":false},"excerpt":{"rendered":"<p>Poliuret\u0101na pane\u013ci Thermano FLOOR VAIR\u0100K NEK\u0100 TIKAI VATES UN PUTUPOLISTIROLA ALTERNAT\u012aVA Siltumizol\u0101cijas Thermano Floor poliuret\u0101na pane\u013ci ar augstu spiedes iztur\u012bbu(20t\/m2).<\/p>\n","protected":false},"featured_media":25796,"template":"","meta":{"_acf_changed":false},"product_cat":[3829,3838],"product_tag":[],"class_list":{"0":"post-30132","1":"product","2":"type-product","3":"status-publish","4":"has-post-thumbnail","6":"product_cat-silumos-izoliacines-medziagos","7":"product_cat-putu-polistirolas-silumos-izoliacijai","9":"first","10":"instock","11":"taxable","12":"shipping-taxable","13":"purchasable","14":"product-type-variable"},"acf":[],"yoast_head":"<!-- This site is optimized with the Yoast SEO plugin v24.2 - https:\/\/yoast.com\/wordpress\/plugins\/seo\/ -->\n<title>Poliuret\u0101na pane\u013ci Thermano FLOOR &#8226; Vides Tehnika<\/title>\n<meta name=\"description\" content=\"Ekstrud\u0113t\u0101 putuplasta pl\u0101ksnes Finnfoam XX tiek izmantotas cokolu, ai\u013cu, termisko tiltu izol\u0113\u0161anai, sienu un citu konstrukciju izol\u0113\u0161anai.\" \/>\n<meta name=\"robots\" content=\"index, follow, max-snippet:-1, max-image-preview:large, max-video-preview:-1\" \/>\n<link rel=\"canonical\" href=\"https:\/\/videstehnika.lv\/lt\/katalogs\/siltumizolacijas-materiali\/putuplasts-siltumizolacijai\/poliuretana-paneli-thermano-floor\/\" \/>\n<meta property=\"og:locale\" content=\"lt_LT\" \/>\n<meta property=\"og:type\" content=\"article\" \/>\n<meta property=\"og:title\" content=\"Poliuret\u0101na pane\u013ci Thermano FLOOR &#8226; Vides Tehnika\" \/>\n<meta property=\"og:description\" content=\"Ekstrud\u0113t\u0101 putuplasta pl\u0101ksnes Finnfoam XX tiek izmantotas cokolu, ai\u013cu, termisko tiltu izol\u0113\u0161anai, sienu un citu konstrukciju izol\u0113\u0161anai.\" \/>\n<meta property=\"og:url\" content=\"https:\/\/videstehnika.lv\/lt\/katalogs\/siltumizolacijas-materiali\/putuplasts-siltumizolacijai\/poliuretana-paneli-thermano-floor\/\" \/>\n<meta property=\"og:site_name\" content=\"Vides Tehnika\" \/>\n<meta property=\"article:modified_time\" content=\"2024-08-07T06:31:41+00:00\" \/>\n<meta property=\"og:image\" content=\"https:\/\/videstehnika.lv\/wp-content\/uploads\/2023\/10\/thermano-floor_l-3.png\" \/>\n\t<meta property=\"og:image:width\" content=\"654\" \/>\n\t<meta property=\"og:image:height\" content=\"654\" \/>\n\t<meta property=\"og:image:type\" content=\"image\/png\" \/>\n<meta name=\"twitter:card\" content=\"summary_large_image\" \/>\n<meta name=\"twitter:label1\" content=\"Est. reading time\" \/>\n\t<meta name=\"twitter:data1\" content=\"1 minut\u0117\" \/>\n<script type=\"application\/ld+json\" class=\"yoast-schema-graph\">{\"@context\":\"https:\/\/schema.org\",\"@graph\":[{\"@type\":\"WebPage\",\"@id\":\"https:\/\/videstehnika.lv\/lt\/katalogs\/siltumizolacijas-materiali\/putuplasts-siltumizolacijai\/poliuretana-paneli-thermano-floor\/\",\"url\":\"https:\/\/videstehnika.lv\/lt\/katalogs\/siltumizolacijas-materiali\/putuplasts-siltumizolacijai\/poliuretana-paneli-thermano-floor\/\",\"name\":\"Poliuret\u0101na pane\u013ci Thermano FLOOR &#8226; Vides Tehnika\",\"isPartOf\":{\"@id\":\"https:\/\/videstehnika.lv\/lt\/#website\"},\"primaryImageOfPage\":{\"@id\":\"https:\/\/videstehnika.lv\/lt\/katalogs\/siltumizolacijas-materiali\/putuplasts-siltumizolacijai\/poliuretana-paneli-thermano-floor\/#primaryimage\"},\"image\":{\"@id\":\"https:\/\/videstehnika.lv\/lt\/katalogs\/siltumizolacijas-materiali\/putuplasts-siltumizolacijai\/poliuretana-paneli-thermano-floor\/#primaryimage\"},\"thumbnailUrl\":\"https:\/\/videstehnika.lv\/wp-content\/uploads\/2023\/10\/thermano-floor_l-3.png\",\"datePublished\":\"2023-10-06T12:48:48+00:00\",\"dateModified\":\"2024-08-07T06:31:41+00:00\",\"description\":\"Ekstrud\u0113t\u0101 putuplasta pl\u0101ksnes Finnfoam XX tiek izmantotas cokolu, ai\u013cu, termisko tiltu izol\u0113\u0161anai, sienu un citu konstrukciju izol\u0113\u0161anai.\",\"breadcrumb\":{\"@id\":\"https:\/\/videstehnika.lv\/lt\/katalogs\/siltumizolacijas-materiali\/putuplasts-siltumizolacijai\/poliuretana-paneli-thermano-floor\/#breadcrumb\"},\"inLanguage\":\"lt-LT\",\"potentialAction\":[{\"@type\":\"ReadAction\",\"target\":[\"https:\/\/videstehnika.lv\/lt\/katalogs\/siltumizolacijas-materiali\/putuplasts-siltumizolacijai\/poliuretana-paneli-thermano-floor\/\"]}]},{\"@type\":\"ImageObject\",\"inLanguage\":\"lt-LT\",\"@id\":\"https:\/\/videstehnika.lv\/lt\/katalogs\/siltumizolacijas-materiali\/putuplasts-siltumizolacijai\/poliuretana-paneli-thermano-floor\/#primaryimage\",\"url\":\"https:\/\/videstehnika.lv\/wp-content\/uploads\/2023\/10\/thermano-floor_l-3.png\",\"contentUrl\":\"https:\/\/videstehnika.lv\/wp-content\/uploads\/2023\/10\/thermano-floor_l-3.png\",\"width\":654,\"height\":654},{\"@type\":\"BreadcrumbList\",\"@id\":\"https:\/\/videstehnika.lv\/lt\/katalogs\/siltumizolacijas-materiali\/putuplasts-siltumizolacijai\/poliuretana-paneli-thermano-floor\/#breadcrumb\",\"itemListElement\":[{\"@type\":\"ListItem\",\"position\":1,\"name\":\"Home\",\"item\":\"https:\/\/videstehnika.lv\/lt\/\"},{\"@type\":\"ListItem\",\"position\":2,\"name\":\"Katalogas\",\"item\":\"https:\/\/videstehnika.lv\/lt\/katalogas\/\"},{\"@type\":\"ListItem\",\"position\":3,\"name\":\"Poliuret\u0101na pane\u013ci Thermano FLOOR\"}]},{\"@type\":\"WebSite\",\"@id\":\"https:\/\/videstehnika.lv\/lt\/#website\",\"url\":\"https:\/\/videstehnika.lv\/lt\/\",\"name\":\"Vides Tehnika\",\"description\":\"\",\"potentialAction\":[{\"@type\":\"SearchAction\",\"target\":{\"@type\":\"EntryPoint\",\"urlTemplate\":\"https:\/\/videstehnika.lv\/lt\/?s={search_term_string}\"},\"query-input\":{\"@type\":\"PropertyValueSpecification\",\"valueRequired\":true,\"valueName\":\"search_term_string\"}}],\"inLanguage\":\"lt-LT\"}]}<\/script>\n<!-- \/ Yoast SEO plugin. -->","yoast_head_json":{"title":"Poliuret\u0101na pane\u013ci Thermano FLOOR &#8226; Vides Tehnika","description":"Ekstrud\u0113t\u0101 putuplasta pl\u0101ksnes Finnfoam XX tiek izmantotas cokolu, ai\u013cu, termisko tiltu izol\u0113\u0161anai, sienu un citu konstrukciju izol\u0113\u0161anai.","robots":{"index":"index","follow":"follow","max-snippet":"max-snippet:-1","max-image-preview":"max-image-preview:large","max-video-preview":"max-video-preview:-1"},"canonical":"https:\/\/videstehnika.lv\/lt\/katalogs\/siltumizolacijas-materiali\/putuplasts-siltumizolacijai\/poliuretana-paneli-thermano-floor\/","og_locale":"lt_LT","og_type":"article","og_title":"Poliuret\u0101na pane\u013ci Thermano FLOOR &#8226; Vides Tehnika","og_description":"Ekstrud\u0113t\u0101 putuplasta pl\u0101ksnes Finnfoam XX tiek izmantotas cokolu, ai\u013cu, termisko tiltu izol\u0113\u0161anai, sienu un citu konstrukciju izol\u0113\u0161anai.","og_url":"https:\/\/videstehnika.lv\/lt\/katalogs\/siltumizolacijas-materiali\/putuplasts-siltumizolacijai\/poliuretana-paneli-thermano-floor\/","og_site_name":"Vides Tehnika","article_modified_time":"2024-08-07T06:31:41+00:00","og_image":[{"width":654,"height":654,"url":"https:\/\/videstehnika.lv\/wp-content\/uploads\/2023\/10\/thermano-floor_l-3.png","type":"image\/png"}],"twitter_card":"summary_large_image","twitter_misc":{"Est. reading time":"1 minut\u0117"},"schema":{"@context":"https:\/\/schema.org","@graph":[{"@type":"WebPage","@id":"https:\/\/videstehnika.lv\/lt\/katalogs\/siltumizolacijas-materiali\/putuplasts-siltumizolacijai\/poliuretana-paneli-thermano-floor\/","url":"https:\/\/videstehnika.lv\/lt\/katalogs\/siltumizolacijas-materiali\/putuplasts-siltumizolacijai\/poliuretana-paneli-thermano-floor\/","name":"Poliuret\u0101na pane\u013ci Thermano FLOOR &#8226; Vides Tehnika","isPartOf":{"@id":"https:\/\/videstehnika.lv\/lt\/#website"},"primaryImageOfPage":{"@id":"https:\/\/videstehnika.lv\/lt\/katalogs\/siltumizolacijas-materiali\/putuplasts-siltumizolacijai\/poliuretana-paneli-thermano-floor\/#primaryimage"},"image":{"@id":"https:\/\/videstehnika.lv\/lt\/katalogs\/siltumizolacijas-materiali\/putuplasts-siltumizolacijai\/poliuretana-paneli-thermano-floor\/#primaryimage"},"thumbnailUrl":"https:\/\/videstehnika.lv\/wp-content\/uploads\/2023\/10\/thermano-floor_l-3.png","datePublished":"2023-10-06T12:48:48+00:00","dateModified":"2024-08-07T06:31:41+00:00","description":"Ekstrud\u0113t\u0101 putuplasta pl\u0101ksnes Finnfoam XX tiek izmantotas cokolu, ai\u013cu, termisko tiltu izol\u0113\u0161anai, sienu un citu konstrukciju izol\u0113\u0161anai.","breadcrumb":{"@id":"https:\/\/videstehnika.lv\/lt\/katalogs\/siltumizolacijas-materiali\/putuplasts-siltumizolacijai\/poliuretana-paneli-thermano-floor\/#breadcrumb"},"inLanguage":"lt-LT","potentialAction":[{"@type":"ReadAction","target":["https:\/\/videstehnika.lv\/lt\/katalogs\/siltumizolacijas-materiali\/putuplasts-siltumizolacijai\/poliuretana-paneli-thermano-floor\/"]}]},{"@type":"ImageObject","inLanguage":"lt-LT","@id":"https:\/\/videstehnika.lv\/lt\/katalogs\/siltumizolacijas-materiali\/putuplasts-siltumizolacijai\/poliuretana-paneli-thermano-floor\/#primaryimage","url":"https:\/\/videstehnika.lv\/wp-content\/uploads\/2023\/10\/thermano-floor_l-3.png","contentUrl":"https:\/\/videstehnika.lv\/wp-content\/uploads\/2023\/10\/thermano-floor_l-3.png","width":654,"height":654},{"@type":"BreadcrumbList","@id":"https:\/\/videstehnika.lv\/lt\/katalogs\/siltumizolacijas-materiali\/putuplasts-siltumizolacijai\/poliuretana-paneli-thermano-floor\/#breadcrumb","itemListElement":[{"@type":"ListItem","position":1,"name":"Home","item":"https:\/\/videstehnika.lv\/lt\/"},{"@type":"ListItem","position":2,"name":"Katalogas","item":"https:\/\/videstehnika.lv\/lt\/katalogas\/"},{"@type":"ListItem","position":3,"name":"Poliuret\u0101na pane\u013ci Thermano FLOOR"}]},{"@type":"WebSite","@id":"https:\/\/videstehnika.lv\/lt\/#website","url":"https:\/\/videstehnika.lv\/lt\/","name":"Vides Tehnika","description":"","potentialAction":[{"@type":"SearchAction","target":{"@type":"EntryPoint","urlTemplate":"https:\/\/videstehnika.lv\/lt\/?s={search_term_string}"},"query-input":{"@type":"PropertyValueSpecification","valueRequired":true,"valueName":"search_term_string"}}],"inLanguage":"lt-LT"}]}},"_links":{"self":[{"href":"https:\/\/videstehnika.lv\/lt\/wp-json\/wp\/v2\/product\/30132","targetHints":{"allow":["GET"]}}],"collection":[{"href":"https:\/\/videstehnika.lv\/lt\/wp-json\/wp\/v2\/product"}],"about":[{"href":"https:\/\/videstehnika.lv\/lt\/wp-json\/wp\/v2\/types\/product"}],"wp:featuredmedia":[{"embeddable":true,"href":"https:\/\/videstehnika.lv\/lt\/wp-json\/wp\/v2\/media\/25796"}],"wp:attachment":[{"href":"https:\/\/videstehnika.lv\/lt\/wp-json\/wp\/v2\/media?parent=30132"}],"wp:term":[{"taxonomy":"product_cat","embeddable":true,"href":"https:\/\/videstehnika.lv\/lt\/wp-json\/wp\/v2\/product_cat?post=30132"},{"taxonomy":"product_tag","embeddable":true,"href":"https:\/\/videstehnika.lv\/lt\/wp-json\/wp\/v2\/product_tag?post=30132"}],"curies":[{"name":"wp","href":"https:\/\/api.w.org\/{rel}","templated":true}]}}