{"id":30183,"date":"2023-07-31T11:35:06","date_gmt":"2023-07-31T08:35:06","guid":{"rendered":"https:\/\/videstehnika.lv\/catalog\/be-kategorijos\/steico-standard-nature-kokskiedras-plaksnes\/"},"modified":"2026-04-09T12:28:37","modified_gmt":"2026-04-09T09:28:37","slug":"steico-standard-nature-kokskiedras-plaksnes","status":"publish","type":"product","link":"https:\/\/videstehnika.lv\/lt\/katalogs\/siltumizolacijas-materiali\/kokskiedras-plaksnes-eku-siltinasanai\/steico-standard-nature-kokskiedras-plaksnes\/","title":{"rendered":"STEICO standard nature kok\u0161\u0137iedras pl\u0101ksnes"},"content":{"rendered":"<h2>Kok\u0161\u0137iedras pl\u0101ksnes<\/h2>\n<p>Kok\u0161\u0137iedras pl\u0101ksnes STEICO standard nature kalpo par lielisku siltumizol\u0101cijas materi\u0101lu jumtu un sienu izol\u0101cijai, kas papildus siltin\u0101\u0161anai pasarg\u0101s j\u016bsu m\u0101jokli no v\u0113ja, putek\u013ciem, mitruma un trok\u0161\u0146a.<\/p>\n<p>Ar \u201cSTEICO standard nature\u201d siltin\u0101ts m\u0101joklis ir daudz omul\u012bg\u0101ks dz\u012bvo\u0161anai, tas ir lieliski pasarg\u0101ts no sala ziem\u0101 un no saules svelmes vasar\u0101, k\u0101 ar\u012b dro\u0161s pret \u0101r\u0113jo laikapst\u0101k\u013cu nelabv\u0113l\u012bg\u0101s ietekmes \u2013 v\u0113ja, mitruma un dr\u0113gnuma. Rezult\u0101t\u0101 iev\u0113rojami palielin\u0101s dz\u012bves komforta l\u012bmenis un t\u0101tad ar\u012b tiek paaugstin\u0101ta m\u0101jok\u013ca v\u0113rt\u012bba.<\/p>\n<p>P\u0113c materi\u0101la iestr\u0101des sasniegtais efekts: siltumizol\u0101cija, ska\u0146as izol\u0101cija, aizsardz\u012bba pret v\u0113ju un mitrumu, vesel\u012bgs mikroklimats un m\u0101j\u012bga vide.<\/p>\n<h2>Kok\u0161\u0137iedras<strong> pl\u0101k\u0161\u0146u priek\u0161roc\u012bbas<\/strong><\/h2>\n<ul>\n<li>Teicamas siltumizol\u0101cijas sp\u0113jas;<\/li>\n<li>\u0112rti un vienk\u0101r\u0161i lietojams, efekt\u012bvi iekl\u0101jams bez spraug\u0101m;<\/li>\n<li>Ekonomisks un pla\u0161i pielietojams materi\u0101ls;<\/li>\n<li>Teicamas dif\u016bzijas sp\u0113jas;<\/li>\n<li>Ekolo\u0123iski t\u012brs, videi un cilv\u0113kam draudz\u012bgs materi\u0101ls;<\/li>\n<li>Antialer\u0123isks materi\u0101ls, nekairina \u0101du;<\/li>\n<li>Piem\u0113rots otrreiz\u0113jai p\u0101rstr\u0101dei;<\/li>\n<li>Sertific\u0113ts materi\u0101ls, kas ir ra\u017eots atbilsto\u0161i Eiropas l\u012bme\u0146a kvalit\u0101tes pras\u012bb\u0101m.<\/li>\n<\/ul>\n<h3><strong>Pl\u0101k\u0161\u0146u pielietojums<\/strong><\/h3>\n<ul>\n<li>Jumts;<\/li>\n<li>Sienas;<\/li>\n<\/ul>\n","protected":false},"excerpt":{"rendered":"<p>Kok\u0161\u0137iedras pl\u0101ksnes Kok\u0161\u0137iedras pl\u0101ksnes STEICO standard nature kalpo par lielisku siltumizol\u0101cijas materi\u0101lu jumtu un sienu izol\u0101cijai, kas papildus siltin\u0101\u0161anai pasarg\u0101s<\/p>\n","protected":false},"featured_media":25691,"template":"","meta":{"_acf_changed":false},"product_cat":[3829,3834],"product_tag":[],"class_list":{"0":"post-30183","1":"product","2":"type-product","3":"status-publish","4":"has-post-thumbnail","6":"product_cat-silumos-izoliacines-medziagos","7":"product_cat-medienos-plausu-plokstes-ekologiniam-sildymui","9":"first","10":"instock","11":"featured","12":"taxable","13":"shipping-taxable","14":"purchasable","15":"product-type-variable"},"acf":[],"yoast_head":"<!-- This site is optimized with the Yoast SEO plugin v24.2 - https:\/\/yoast.com\/wordpress\/plugins\/seo\/ -->\n<title>STEICO standard nature kok\u0161\u0137iedras pl\u0101ksnes &#8226; Vides Tehnika<\/title>\n<meta name=\"description\" content=\"Kok\u0161\u0137iedras pretv\u0113ja pl\u0101ksnes ISOPLAAT ir efekt\u012bvs v\u0113ja aizturo\u0161s siltumizol\u0101cijas materi\u0101ls, kas piem\u0113rots da\u017e\u0101du konstrukciju siltin\u0101\u0161anai.Kok\u0161\u0137iedras pl\u0101ksnes STEICO standard nature kalpo par lielisku siltumizol\u0101cijas materi\u0101lu jumtu un sienu izol\u0101cijai, kas papildus siltin\u0101\u0161anai pasarg\u0101s j\u016bsu m\u0101jokli no v\u0113ja, putek\u013ciem, mitruma un trok\u0161\u0146a.\" \/>\n<meta name=\"robots\" content=\"index, follow, max-snippet:-1, max-image-preview:large, max-video-preview:-1\" \/>\n<link rel=\"canonical\" href=\"https:\/\/videstehnika.lv\/lt\/katalogs\/siltumizolacijas-materiali\/kokskiedras-plaksnes-eku-siltinasanai\/steico-standard-nature-kokskiedras-plaksnes\/\" \/>\n<meta property=\"og:locale\" content=\"lt_LT\" \/>\n<meta property=\"og:type\" content=\"article\" \/>\n<meta property=\"og:title\" content=\"STEICO standard nature kok\u0161\u0137iedras pl\u0101ksnes &#8226; Vides Tehnika\" \/>\n<meta property=\"og:description\" content=\"Kok\u0161\u0137iedras pretv\u0113ja pl\u0101ksnes ISOPLAAT ir efekt\u012bvs v\u0113ja aizturo\u0161s siltumizol\u0101cijas materi\u0101ls, kas piem\u0113rots da\u017e\u0101du konstrukciju siltin\u0101\u0161anai.Kok\u0161\u0137iedras pl\u0101ksnes STEICO standard nature kalpo par lielisku siltumizol\u0101cijas materi\u0101lu jumtu un sienu izol\u0101cijai, kas papildus siltin\u0101\u0161anai pasarg\u0101s j\u016bsu m\u0101jokli no v\u0113ja, putek\u013ciem, mitruma un trok\u0161\u0146a.\" \/>\n<meta property=\"og:url\" content=\"https:\/\/videstehnika.lv\/lt\/katalogs\/siltumizolacijas-materiali\/kokskiedras-plaksnes-eku-siltinasanai\/steico-standard-nature-kokskiedras-plaksnes\/\" \/>\n<meta property=\"og:site_name\" content=\"Vides Tehnika\" \/>\n<meta property=\"article:modified_time\" content=\"2026-04-09T09:28:37+00:00\" \/>\n<meta property=\"og:image\" content=\"https:\/\/videstehnika.lv\/wp-content\/uploads\/2023\/07\/csm_Product_Image_Total_STEICOisorel_RGB.tif_web_513bb9e297.jpg\" \/>\n\t<meta property=\"og:image:width\" content=\"555\" \/>\n\t<meta property=\"og:image:height\" content=\"555\" \/>\n\t<meta property=\"og:image:type\" content=\"image\/jpeg\" \/>\n<meta name=\"twitter:card\" content=\"summary_large_image\" \/>\n<meta name=\"twitter:label1\" content=\"Est. reading time\" \/>\n\t<meta name=\"twitter:data1\" content=\"1 minut\u0117\" \/>\n<script type=\"application\/ld+json\" class=\"yoast-schema-graph\">{\"@context\":\"https:\/\/schema.org\",\"@graph\":[{\"@type\":\"WebPage\",\"@id\":\"https:\/\/videstehnika.lv\/lt\/katalogs\/siltumizolacijas-materiali\/kokskiedras-plaksnes-eku-siltinasanai\/steico-standard-nature-kokskiedras-plaksnes\/\",\"url\":\"https:\/\/videstehnika.lv\/lt\/katalogs\/siltumizolacijas-materiali\/kokskiedras-plaksnes-eku-siltinasanai\/steico-standard-nature-kokskiedras-plaksnes\/\",\"name\":\"STEICO standard nature kok\u0161\u0137iedras pl\u0101ksnes &#8226; Vides Tehnika\",\"isPartOf\":{\"@id\":\"https:\/\/videstehnika.lv\/lt\/#website\"},\"primaryImageOfPage\":{\"@id\":\"https:\/\/videstehnika.lv\/lt\/katalogs\/siltumizolacijas-materiali\/kokskiedras-plaksnes-eku-siltinasanai\/steico-standard-nature-kokskiedras-plaksnes\/#primaryimage\"},\"image\":{\"@id\":\"https:\/\/videstehnika.lv\/lt\/katalogs\/siltumizolacijas-materiali\/kokskiedras-plaksnes-eku-siltinasanai\/steico-standard-nature-kokskiedras-plaksnes\/#primaryimage\"},\"thumbnailUrl\":\"https:\/\/videstehnika.lv\/wp-content\/uploads\/2023\/07\/csm_Product_Image_Total_STEICOisorel_RGB.tif_web_513bb9e297.jpg\",\"datePublished\":\"2023-07-31T08:35:06+00:00\",\"dateModified\":\"2026-04-09T09:28:37+00:00\",\"description\":\"Kok\u0161\u0137iedras pretv\u0113ja pl\u0101ksnes ISOPLAAT ir efekt\u012bvs v\u0113ja aizturo\u0161s siltumizol\u0101cijas materi\u0101ls, kas piem\u0113rots da\u017e\u0101du konstrukciju siltin\u0101\u0161anai.Kok\u0161\u0137iedras pl\u0101ksnes STEICO standard nature kalpo par lielisku siltumizol\u0101cijas materi\u0101lu jumtu un sienu izol\u0101cijai, kas papildus siltin\u0101\u0161anai pasarg\u0101s j\u016bsu m\u0101jokli no v\u0113ja, putek\u013ciem, mitruma un trok\u0161\u0146a.\",\"breadcrumb\":{\"@id\":\"https:\/\/videstehnika.lv\/lt\/katalogs\/siltumizolacijas-materiali\/kokskiedras-plaksnes-eku-siltinasanai\/steico-standard-nature-kokskiedras-plaksnes\/#breadcrumb\"},\"inLanguage\":\"lt-LT\",\"potentialAction\":[{\"@type\":\"ReadAction\",\"target\":[\"https:\/\/videstehnika.lv\/lt\/katalogs\/siltumizolacijas-materiali\/kokskiedras-plaksnes-eku-siltinasanai\/steico-standard-nature-kokskiedras-plaksnes\/\"]}]},{\"@type\":\"ImageObject\",\"inLanguage\":\"lt-LT\",\"@id\":\"https:\/\/videstehnika.lv\/lt\/katalogs\/siltumizolacijas-materiali\/kokskiedras-plaksnes-eku-siltinasanai\/steico-standard-nature-kokskiedras-plaksnes\/#primaryimage\",\"url\":\"https:\/\/videstehnika.lv\/wp-content\/uploads\/2023\/07\/csm_Product_Image_Total_STEICOisorel_RGB.tif_web_513bb9e297.jpg\",\"contentUrl\":\"https:\/\/videstehnika.lv\/wp-content\/uploads\/2023\/07\/csm_Product_Image_Total_STEICOisorel_RGB.tif_web_513bb9e297.jpg\",\"width\":555,\"height\":555},{\"@type\":\"BreadcrumbList\",\"@id\":\"https:\/\/videstehnika.lv\/lt\/katalogs\/siltumizolacijas-materiali\/kokskiedras-plaksnes-eku-siltinasanai\/steico-standard-nature-kokskiedras-plaksnes\/#breadcrumb\",\"itemListElement\":[{\"@type\":\"ListItem\",\"position\":1,\"name\":\"Home\",\"item\":\"https:\/\/videstehnika.lv\/lt\/\"},{\"@type\":\"ListItem\",\"position\":2,\"name\":\"Katalogas\",\"item\":\"https:\/\/videstehnika.lv\/lt\/katalogas\/\"},{\"@type\":\"ListItem\",\"position\":3,\"name\":\"STEICO standard nature kok\u0161\u0137iedras pl\u0101ksnes\"}]},{\"@type\":\"WebSite\",\"@id\":\"https:\/\/videstehnika.lv\/lt\/#website\",\"url\":\"https:\/\/videstehnika.lv\/lt\/\",\"name\":\"Vides Tehnika\",\"description\":\"\",\"potentialAction\":[{\"@type\":\"SearchAction\",\"target\":{\"@type\":\"EntryPoint\",\"urlTemplate\":\"https:\/\/videstehnika.lv\/lt\/?s={search_term_string}\"},\"query-input\":{\"@type\":\"PropertyValueSpecification\",\"valueRequired\":true,\"valueName\":\"search_term_string\"}}],\"inLanguage\":\"lt-LT\"}]}<\/script>\n<!-- \/ Yoast SEO plugin. -->","yoast_head_json":{"title":"STEICO standard nature kok\u0161\u0137iedras pl\u0101ksnes &#8226; Vides Tehnika","description":"Kok\u0161\u0137iedras pretv\u0113ja pl\u0101ksnes ISOPLAAT ir efekt\u012bvs v\u0113ja aizturo\u0161s siltumizol\u0101cijas materi\u0101ls, kas piem\u0113rots da\u017e\u0101du konstrukciju siltin\u0101\u0161anai.Kok\u0161\u0137iedras pl\u0101ksnes STEICO standard nature kalpo par lielisku siltumizol\u0101cijas materi\u0101lu jumtu un sienu izol\u0101cijai, kas papildus siltin\u0101\u0161anai pasarg\u0101s j\u016bsu m\u0101jokli no v\u0113ja, putek\u013ciem, mitruma un trok\u0161\u0146a.","robots":{"index":"index","follow":"follow","max-snippet":"max-snippet:-1","max-image-preview":"max-image-preview:large","max-video-preview":"max-video-preview:-1"},"canonical":"https:\/\/videstehnika.lv\/lt\/katalogs\/siltumizolacijas-materiali\/kokskiedras-plaksnes-eku-siltinasanai\/steico-standard-nature-kokskiedras-plaksnes\/","og_locale":"lt_LT","og_type":"article","og_title":"STEICO standard nature kok\u0161\u0137iedras pl\u0101ksnes &#8226; Vides Tehnika","og_description":"Kok\u0161\u0137iedras pretv\u0113ja pl\u0101ksnes ISOPLAAT ir efekt\u012bvs v\u0113ja aizturo\u0161s siltumizol\u0101cijas materi\u0101ls, kas piem\u0113rots da\u017e\u0101du konstrukciju siltin\u0101\u0161anai.Kok\u0161\u0137iedras pl\u0101ksnes STEICO standard nature kalpo par lielisku siltumizol\u0101cijas materi\u0101lu jumtu un sienu izol\u0101cijai, kas papildus siltin\u0101\u0161anai pasarg\u0101s j\u016bsu m\u0101jokli no v\u0113ja, putek\u013ciem, mitruma un trok\u0161\u0146a.","og_url":"https:\/\/videstehnika.lv\/lt\/katalogs\/siltumizolacijas-materiali\/kokskiedras-plaksnes-eku-siltinasanai\/steico-standard-nature-kokskiedras-plaksnes\/","og_site_name":"Vides Tehnika","article_modified_time":"2026-04-09T09:28:37+00:00","og_image":[{"width":555,"height":555,"url":"https:\/\/videstehnika.lv\/wp-content\/uploads\/2023\/07\/csm_Product_Image_Total_STEICOisorel_RGB.tif_web_513bb9e297.jpg","type":"image\/jpeg"}],"twitter_card":"summary_large_image","twitter_misc":{"Est. reading time":"1 minut\u0117"},"schema":{"@context":"https:\/\/schema.org","@graph":[{"@type":"WebPage","@id":"https:\/\/videstehnika.lv\/lt\/katalogs\/siltumizolacijas-materiali\/kokskiedras-plaksnes-eku-siltinasanai\/steico-standard-nature-kokskiedras-plaksnes\/","url":"https:\/\/videstehnika.lv\/lt\/katalogs\/siltumizolacijas-materiali\/kokskiedras-plaksnes-eku-siltinasanai\/steico-standard-nature-kokskiedras-plaksnes\/","name":"STEICO standard nature kok\u0161\u0137iedras pl\u0101ksnes &#8226; Vides Tehnika","isPartOf":{"@id":"https:\/\/videstehnika.lv\/lt\/#website"},"primaryImageOfPage":{"@id":"https:\/\/videstehnika.lv\/lt\/katalogs\/siltumizolacijas-materiali\/kokskiedras-plaksnes-eku-siltinasanai\/steico-standard-nature-kokskiedras-plaksnes\/#primaryimage"},"image":{"@id":"https:\/\/videstehnika.lv\/lt\/katalogs\/siltumizolacijas-materiali\/kokskiedras-plaksnes-eku-siltinasanai\/steico-standard-nature-kokskiedras-plaksnes\/#primaryimage"},"thumbnailUrl":"https:\/\/videstehnika.lv\/wp-content\/uploads\/2023\/07\/csm_Product_Image_Total_STEICOisorel_RGB.tif_web_513bb9e297.jpg","datePublished":"2023-07-31T08:35:06+00:00","dateModified":"2026-04-09T09:28:37+00:00","description":"Kok\u0161\u0137iedras pretv\u0113ja pl\u0101ksnes ISOPLAAT ir efekt\u012bvs v\u0113ja aizturo\u0161s siltumizol\u0101cijas materi\u0101ls, kas piem\u0113rots da\u017e\u0101du konstrukciju siltin\u0101\u0161anai.Kok\u0161\u0137iedras pl\u0101ksnes STEICO standard nature kalpo par lielisku siltumizol\u0101cijas materi\u0101lu jumtu un sienu izol\u0101cijai, kas papildus siltin\u0101\u0161anai pasarg\u0101s j\u016bsu m\u0101jokli no v\u0113ja, putek\u013ciem, mitruma un trok\u0161\u0146a.","breadcrumb":{"@id":"https:\/\/videstehnika.lv\/lt\/katalogs\/siltumizolacijas-materiali\/kokskiedras-plaksnes-eku-siltinasanai\/steico-standard-nature-kokskiedras-plaksnes\/#breadcrumb"},"inLanguage":"lt-LT","potentialAction":[{"@type":"ReadAction","target":["https:\/\/videstehnika.lv\/lt\/katalogs\/siltumizolacijas-materiali\/kokskiedras-plaksnes-eku-siltinasanai\/steico-standard-nature-kokskiedras-plaksnes\/"]}]},{"@type":"ImageObject","inLanguage":"lt-LT","@id":"https:\/\/videstehnika.lv\/lt\/katalogs\/siltumizolacijas-materiali\/kokskiedras-plaksnes-eku-siltinasanai\/steico-standard-nature-kokskiedras-plaksnes\/#primaryimage","url":"https:\/\/videstehnika.lv\/wp-content\/uploads\/2023\/07\/csm_Product_Image_Total_STEICOisorel_RGB.tif_web_513bb9e297.jpg","contentUrl":"https:\/\/videstehnika.lv\/wp-content\/uploads\/2023\/07\/csm_Product_Image_Total_STEICOisorel_RGB.tif_web_513bb9e297.jpg","width":555,"height":555},{"@type":"BreadcrumbList","@id":"https:\/\/videstehnika.lv\/lt\/katalogs\/siltumizolacijas-materiali\/kokskiedras-plaksnes-eku-siltinasanai\/steico-standard-nature-kokskiedras-plaksnes\/#breadcrumb","itemListElement":[{"@type":"ListItem","position":1,"name":"Home","item":"https:\/\/videstehnika.lv\/lt\/"},{"@type":"ListItem","position":2,"name":"Katalogas","item":"https:\/\/videstehnika.lv\/lt\/katalogas\/"},{"@type":"ListItem","position":3,"name":"STEICO standard nature kok\u0161\u0137iedras pl\u0101ksnes"}]},{"@type":"WebSite","@id":"https:\/\/videstehnika.lv\/lt\/#website","url":"https:\/\/videstehnika.lv\/lt\/","name":"Vides Tehnika","description":"","potentialAction":[{"@type":"SearchAction","target":{"@type":"EntryPoint","urlTemplate":"https:\/\/videstehnika.lv\/lt\/?s={search_term_string}"},"query-input":{"@type":"PropertyValueSpecification","valueRequired":true,"valueName":"search_term_string"}}],"inLanguage":"lt-LT"}]}},"_links":{"self":[{"href":"https:\/\/videstehnika.lv\/lt\/wp-json\/wp\/v2\/product\/30183","targetHints":{"allow":["GET"]}}],"collection":[{"href":"https:\/\/videstehnika.lv\/lt\/wp-json\/wp\/v2\/product"}],"about":[{"href":"https:\/\/videstehnika.lv\/lt\/wp-json\/wp\/v2\/types\/product"}],"wp:featuredmedia":[{"embeddable":true,"href":"https:\/\/videstehnika.lv\/lt\/wp-json\/wp\/v2\/media\/25691"}],"wp:attachment":[{"href":"https:\/\/videstehnika.lv\/lt\/wp-json\/wp\/v2\/media?parent=30183"}],"wp:term":[{"taxonomy":"product_cat","embeddable":true,"href":"https:\/\/videstehnika.lv\/lt\/wp-json\/wp\/v2\/product_cat?post=30183"},{"taxonomy":"product_tag","embeddable":true,"href":"https:\/\/videstehnika.lv\/lt\/wp-json\/wp\/v2\/product_tag?post=30183"}],"curies":[{"name":"wp","href":"https:\/\/api.w.org\/{rel}","templated":true}]}}