{"id":30197,"date":"2023-03-07T15:42:24","date_gmt":"2023-03-07T13:42:24","guid":{"rendered":"https:\/\/videstehnika.lv\/catalog\/be-kategorijos\/hunton-silencio-thermo-skanu-izolejosas-siltas-gridas\/"},"modified":"2024-08-21T14:11:31","modified_gmt":"2024-08-21T11:11:31","slug":"hunton-silencio-thermo-skanu-izolejosas-siltas-gridas","status":"publish","type":"product","link":"https:\/\/videstehnika.lv\/lt\/katalogs\/siltumizolacijas-materiali\/kokskiedras-plaksnes-eku-siltinasanai\/hunton-silencio-thermo-skanu-izolejosas-siltas-gridas\/","title":{"rendered":"Hunton Silencio Thermo ska\u0146u izol\u0113jo\u0161as silt\u0101s gr\u012bdas"},"content":{"rendered":"<h2><strong>Hunton Silencio Thermo ska\u0146u izol\u0113jo\u0161as silt\u0101s gr\u012bdas<\/strong><\/h2>\n<p><strong>Hunton Silencio Thermo<\/strong>\u00a0ir ska\u0146u un so\u013cu trok\u0161\u0146u izol\u0113jo\u0161as pl\u0101ksnes, paredz\u0113tas ar \u016bdeni apsild\u0101mu silto gr\u012bdu ier\u012bko\u0161anai. Pl\u0101ksn\u0113s ir ra\u017eo\u0161an\u0101 iestr\u0101d\u0101tas gropes gr\u012bdas apsildes caurul\u0113m.<\/p>\n<p>&nbsp;<\/p>\n<ul>\n<li>Hunton pl\u0101ksnes ir ra\u017eotas no dab\u012bgas koksnes \u0161\u0137iedras;<\/li>\n<li>Pl\u0101ksnes nodro\u0161ina unik\u0101lu kombin\u0101ciju \u2013 ska\u0146as izol\u0101ciju un silto gr\u012bdu;<\/li>\n<li>So\u013cu trok\u0161\u0146us izol\u0113jo\u0161\u0101s pl\u0101ksnes ir energoefekt\u012bvas;<\/li>\n<li>Risin\u0101jums nodro\u0161ina iesp\u0113ju \u0101tr\u0101m temperat\u016bras izmai\u0146\u0101m telp\u0101;<\/li>\n<li>Hunton Silencio Thermo pl\u0101ksnes ar Norv\u0113\u0123ij\u0101 p\u0101rbaud\u012bts un apstiprin\u0101ts materi\u0101ls atbilsto\u0161i Norv\u0113\u0123ijas b\u016bvnormat\u012bviem;<\/li>\n<li>Hunton pl\u0101ksnes ir otrreiz\u0113ji p\u0101rstr\u0101d\u0101jams materi\u0101ls, t\u0101 k\u0101 ra\u017eotas no koka.<\/li>\n<\/ul>\n<p>&nbsp;<\/p>\n","protected":false},"excerpt":{"rendered":"<p>Cena nor\u0101d\u012bta par pl\u0101ksni<\/p>\n","protected":false},"featured_media":25145,"template":"","meta":{"_acf_changed":false},"product_cat":[3829,3834],"product_tag":[],"class_list":{"0":"post-30197","1":"product","2":"type-product","3":"status-publish","4":"has-post-thumbnail","6":"product_cat-silumos-izoliacines-medziagos","7":"product_cat-medienos-plausu-plokstes-ekologiniam-sildymui","9":"first","10":"onbackorder","11":"featured","12":"taxable","13":"shipping-taxable","14":"purchasable","15":"product-type-variable"},"acf":[],"yoast_head":"<!-- This site is optimized with the Yoast SEO plugin v24.2 - https:\/\/yoast.com\/wordpress\/plugins\/seo\/ -->\n<title>Hunton Silencio Thermo\u00a0 &#8226; Vides Tehnika<\/title>\n<meta name=\"description\" content=\"Hunton Silencio Thermo\u00a0ir ska\u0146u un so\u013cu trok\u0161\u0146u izol\u0113jo\u0161as pl\u0101ksnes, paredz\u0113tas ar \u016bdeni apsild\u0101mu silto gr\u012bdu ier\u012bko\u0161anai. Pl\u0101ksn\u0113s ir ra\u017eo\u0161an\u0101 iestr\u0101d\u0101tas gropes gr\u012bdas apsildes caurul\u0113m.\" \/>\n<meta name=\"robots\" content=\"index, follow, max-snippet:-1, max-image-preview:large, max-video-preview:-1\" \/>\n<link rel=\"canonical\" href=\"https:\/\/videstehnika.lv\/lt\/katalogs\/siltumizolacijas-materiali\/kokskiedras-plaksnes-eku-siltinasanai\/hunton-silencio-thermo-skanu-izolejosas-siltas-gridas\/\" \/>\n<meta property=\"og:locale\" content=\"lt_LT\" \/>\n<meta property=\"og:type\" content=\"article\" \/>\n<meta property=\"og:title\" content=\"Hunton Silencio Thermo\u00a0 &#8226; Vides Tehnika\" \/>\n<meta property=\"og:description\" content=\"Hunton Silencio Thermo\u00a0ir ska\u0146u un so\u013cu trok\u0161\u0146u izol\u0113jo\u0161as pl\u0101ksnes, paredz\u0113tas ar \u016bdeni apsild\u0101mu silto gr\u012bdu ier\u012bko\u0161anai. Pl\u0101ksn\u0113s ir ra\u017eo\u0161an\u0101 iestr\u0101d\u0101tas gropes gr\u012bdas apsildes caurul\u0113m.\" \/>\n<meta property=\"og:url\" content=\"https:\/\/videstehnika.lv\/lt\/katalogs\/siltumizolacijas-materiali\/kokskiedras-plaksnes-eku-siltinasanai\/hunton-silencio-thermo-skanu-izolejosas-siltas-gridas\/\" \/>\n<meta property=\"og:site_name\" content=\"Vides Tehnika\" \/>\n<meta property=\"article:modified_time\" content=\"2024-08-21T11:11:31+00:00\" \/>\n<meta property=\"og:image\" content=\"https:\/\/videstehnika.lv\/wp-content\/uploads\/2023\/03\/silencio-thermo-1.jpg\" \/>\n\t<meta property=\"og:image:width\" content=\"1200\" \/>\n\t<meta property=\"og:image:height\" content=\"739\" \/>\n\t<meta property=\"og:image:type\" content=\"image\/jpeg\" \/>\n<meta name=\"twitter:card\" content=\"summary_large_image\" \/>\n<meta name=\"twitter:label1\" content=\"Est. reading time\" \/>\n\t<meta name=\"twitter:data1\" content=\"1 minut\u0117\" \/>\n<script type=\"application\/ld+json\" class=\"yoast-schema-graph\">{\"@context\":\"https:\/\/schema.org\",\"@graph\":[{\"@type\":\"WebPage\",\"@id\":\"https:\/\/videstehnika.lv\/lt\/katalogs\/siltumizolacijas-materiali\/kokskiedras-plaksnes-eku-siltinasanai\/hunton-silencio-thermo-skanu-izolejosas-siltas-gridas\/\",\"url\":\"https:\/\/videstehnika.lv\/lt\/katalogs\/siltumizolacijas-materiali\/kokskiedras-plaksnes-eku-siltinasanai\/hunton-silencio-thermo-skanu-izolejosas-siltas-gridas\/\",\"name\":\"Hunton Silencio Thermo\u00a0 &#8226; Vides Tehnika\",\"isPartOf\":{\"@id\":\"https:\/\/videstehnika.lv\/lt\/#website\"},\"primaryImageOfPage\":{\"@id\":\"https:\/\/videstehnika.lv\/lt\/katalogs\/siltumizolacijas-materiali\/kokskiedras-plaksnes-eku-siltinasanai\/hunton-silencio-thermo-skanu-izolejosas-siltas-gridas\/#primaryimage\"},\"image\":{\"@id\":\"https:\/\/videstehnika.lv\/lt\/katalogs\/siltumizolacijas-materiali\/kokskiedras-plaksnes-eku-siltinasanai\/hunton-silencio-thermo-skanu-izolejosas-siltas-gridas\/#primaryimage\"},\"thumbnailUrl\":\"https:\/\/videstehnika.lv\/wp-content\/uploads\/2023\/03\/silencio-thermo-1.jpg\",\"datePublished\":\"2023-03-07T13:42:24+00:00\",\"dateModified\":\"2024-08-21T11:11:31+00:00\",\"description\":\"Hunton Silencio Thermo\u00a0ir ska\u0146u un so\u013cu trok\u0161\u0146u izol\u0113jo\u0161as pl\u0101ksnes, paredz\u0113tas ar \u016bdeni apsild\u0101mu silto gr\u012bdu ier\u012bko\u0161anai. Pl\u0101ksn\u0113s ir ra\u017eo\u0161an\u0101 iestr\u0101d\u0101tas gropes gr\u012bdas apsildes caurul\u0113m.\",\"breadcrumb\":{\"@id\":\"https:\/\/videstehnika.lv\/lt\/katalogs\/siltumizolacijas-materiali\/kokskiedras-plaksnes-eku-siltinasanai\/hunton-silencio-thermo-skanu-izolejosas-siltas-gridas\/#breadcrumb\"},\"inLanguage\":\"lt-LT\",\"potentialAction\":[{\"@type\":\"ReadAction\",\"target\":[\"https:\/\/videstehnika.lv\/lt\/katalogs\/siltumizolacijas-materiali\/kokskiedras-plaksnes-eku-siltinasanai\/hunton-silencio-thermo-skanu-izolejosas-siltas-gridas\/\"]}]},{\"@type\":\"ImageObject\",\"inLanguage\":\"lt-LT\",\"@id\":\"https:\/\/videstehnika.lv\/lt\/katalogs\/siltumizolacijas-materiali\/kokskiedras-plaksnes-eku-siltinasanai\/hunton-silencio-thermo-skanu-izolejosas-siltas-gridas\/#primaryimage\",\"url\":\"https:\/\/videstehnika.lv\/wp-content\/uploads\/2023\/03\/silencio-thermo-1.jpg\",\"contentUrl\":\"https:\/\/videstehnika.lv\/wp-content\/uploads\/2023\/03\/silencio-thermo-1.jpg\",\"width\":1200,\"height\":739},{\"@type\":\"BreadcrumbList\",\"@id\":\"https:\/\/videstehnika.lv\/lt\/katalogs\/siltumizolacijas-materiali\/kokskiedras-plaksnes-eku-siltinasanai\/hunton-silencio-thermo-skanu-izolejosas-siltas-gridas\/#breadcrumb\",\"itemListElement\":[{\"@type\":\"ListItem\",\"position\":1,\"name\":\"Home\",\"item\":\"https:\/\/videstehnika.lv\/lt\/\"},{\"@type\":\"ListItem\",\"position\":2,\"name\":\"Katalogas\",\"item\":\"https:\/\/videstehnika.lv\/lt\/katalogas\/\"},{\"@type\":\"ListItem\",\"position\":3,\"name\":\"Hunton Silencio Thermo ska\u0146u izol\u0113jo\u0161as silt\u0101s gr\u012bdas\"}]},{\"@type\":\"WebSite\",\"@id\":\"https:\/\/videstehnika.lv\/lt\/#website\",\"url\":\"https:\/\/videstehnika.lv\/lt\/\",\"name\":\"Vides Tehnika\",\"description\":\"\",\"potentialAction\":[{\"@type\":\"SearchAction\",\"target\":{\"@type\":\"EntryPoint\",\"urlTemplate\":\"https:\/\/videstehnika.lv\/lt\/?s={search_term_string}\"},\"query-input\":{\"@type\":\"PropertyValueSpecification\",\"valueRequired\":true,\"valueName\":\"search_term_string\"}}],\"inLanguage\":\"lt-LT\"}]}<\/script>\n<!-- \/ Yoast SEO plugin. -->","yoast_head_json":{"title":"Hunton Silencio Thermo\u00a0 &#8226; Vides Tehnika","description":"Hunton Silencio Thermo\u00a0ir ska\u0146u un so\u013cu trok\u0161\u0146u izol\u0113jo\u0161as pl\u0101ksnes, paredz\u0113tas ar \u016bdeni apsild\u0101mu silto gr\u012bdu ier\u012bko\u0161anai. Pl\u0101ksn\u0113s ir ra\u017eo\u0161an\u0101 iestr\u0101d\u0101tas gropes gr\u012bdas apsildes caurul\u0113m.","robots":{"index":"index","follow":"follow","max-snippet":"max-snippet:-1","max-image-preview":"max-image-preview:large","max-video-preview":"max-video-preview:-1"},"canonical":"https:\/\/videstehnika.lv\/lt\/katalogs\/siltumizolacijas-materiali\/kokskiedras-plaksnes-eku-siltinasanai\/hunton-silencio-thermo-skanu-izolejosas-siltas-gridas\/","og_locale":"lt_LT","og_type":"article","og_title":"Hunton Silencio Thermo\u00a0 &#8226; Vides Tehnika","og_description":"Hunton Silencio Thermo\u00a0ir ska\u0146u un so\u013cu trok\u0161\u0146u izol\u0113jo\u0161as pl\u0101ksnes, paredz\u0113tas ar \u016bdeni apsild\u0101mu silto gr\u012bdu ier\u012bko\u0161anai. Pl\u0101ksn\u0113s ir ra\u017eo\u0161an\u0101 iestr\u0101d\u0101tas gropes gr\u012bdas apsildes caurul\u0113m.","og_url":"https:\/\/videstehnika.lv\/lt\/katalogs\/siltumizolacijas-materiali\/kokskiedras-plaksnes-eku-siltinasanai\/hunton-silencio-thermo-skanu-izolejosas-siltas-gridas\/","og_site_name":"Vides Tehnika","article_modified_time":"2024-08-21T11:11:31+00:00","og_image":[{"width":1200,"height":739,"url":"https:\/\/videstehnika.lv\/wp-content\/uploads\/2023\/03\/silencio-thermo-1.jpg","type":"image\/jpeg"}],"twitter_card":"summary_large_image","twitter_misc":{"Est. reading time":"1 minut\u0117"},"schema":{"@context":"https:\/\/schema.org","@graph":[{"@type":"WebPage","@id":"https:\/\/videstehnika.lv\/lt\/katalogs\/siltumizolacijas-materiali\/kokskiedras-plaksnes-eku-siltinasanai\/hunton-silencio-thermo-skanu-izolejosas-siltas-gridas\/","url":"https:\/\/videstehnika.lv\/lt\/katalogs\/siltumizolacijas-materiali\/kokskiedras-plaksnes-eku-siltinasanai\/hunton-silencio-thermo-skanu-izolejosas-siltas-gridas\/","name":"Hunton Silencio Thermo\u00a0 &#8226; Vides Tehnika","isPartOf":{"@id":"https:\/\/videstehnika.lv\/lt\/#website"},"primaryImageOfPage":{"@id":"https:\/\/videstehnika.lv\/lt\/katalogs\/siltumizolacijas-materiali\/kokskiedras-plaksnes-eku-siltinasanai\/hunton-silencio-thermo-skanu-izolejosas-siltas-gridas\/#primaryimage"},"image":{"@id":"https:\/\/videstehnika.lv\/lt\/katalogs\/siltumizolacijas-materiali\/kokskiedras-plaksnes-eku-siltinasanai\/hunton-silencio-thermo-skanu-izolejosas-siltas-gridas\/#primaryimage"},"thumbnailUrl":"https:\/\/videstehnika.lv\/wp-content\/uploads\/2023\/03\/silencio-thermo-1.jpg","datePublished":"2023-03-07T13:42:24+00:00","dateModified":"2024-08-21T11:11:31+00:00","description":"Hunton Silencio Thermo\u00a0ir ska\u0146u un so\u013cu trok\u0161\u0146u izol\u0113jo\u0161as pl\u0101ksnes, paredz\u0113tas ar \u016bdeni apsild\u0101mu silto gr\u012bdu ier\u012bko\u0161anai. Pl\u0101ksn\u0113s ir ra\u017eo\u0161an\u0101 iestr\u0101d\u0101tas gropes gr\u012bdas apsildes caurul\u0113m.","breadcrumb":{"@id":"https:\/\/videstehnika.lv\/lt\/katalogs\/siltumizolacijas-materiali\/kokskiedras-plaksnes-eku-siltinasanai\/hunton-silencio-thermo-skanu-izolejosas-siltas-gridas\/#breadcrumb"},"inLanguage":"lt-LT","potentialAction":[{"@type":"ReadAction","target":["https:\/\/videstehnika.lv\/lt\/katalogs\/siltumizolacijas-materiali\/kokskiedras-plaksnes-eku-siltinasanai\/hunton-silencio-thermo-skanu-izolejosas-siltas-gridas\/"]}]},{"@type":"ImageObject","inLanguage":"lt-LT","@id":"https:\/\/videstehnika.lv\/lt\/katalogs\/siltumizolacijas-materiali\/kokskiedras-plaksnes-eku-siltinasanai\/hunton-silencio-thermo-skanu-izolejosas-siltas-gridas\/#primaryimage","url":"https:\/\/videstehnika.lv\/wp-content\/uploads\/2023\/03\/silencio-thermo-1.jpg","contentUrl":"https:\/\/videstehnika.lv\/wp-content\/uploads\/2023\/03\/silencio-thermo-1.jpg","width":1200,"height":739},{"@type":"BreadcrumbList","@id":"https:\/\/videstehnika.lv\/lt\/katalogs\/siltumizolacijas-materiali\/kokskiedras-plaksnes-eku-siltinasanai\/hunton-silencio-thermo-skanu-izolejosas-siltas-gridas\/#breadcrumb","itemListElement":[{"@type":"ListItem","position":1,"name":"Home","item":"https:\/\/videstehnika.lv\/lt\/"},{"@type":"ListItem","position":2,"name":"Katalogas","item":"https:\/\/videstehnika.lv\/lt\/katalogas\/"},{"@type":"ListItem","position":3,"name":"Hunton Silencio Thermo ska\u0146u izol\u0113jo\u0161as silt\u0101s gr\u012bdas"}]},{"@type":"WebSite","@id":"https:\/\/videstehnika.lv\/lt\/#website","url":"https:\/\/videstehnika.lv\/lt\/","name":"Vides Tehnika","description":"","potentialAction":[{"@type":"SearchAction","target":{"@type":"EntryPoint","urlTemplate":"https:\/\/videstehnika.lv\/lt\/?s={search_term_string}"},"query-input":{"@type":"PropertyValueSpecification","valueRequired":true,"valueName":"search_term_string"}}],"inLanguage":"lt-LT"}]}},"_links":{"self":[{"href":"https:\/\/videstehnika.lv\/lt\/wp-json\/wp\/v2\/product\/30197","targetHints":{"allow":["GET"]}}],"collection":[{"href":"https:\/\/videstehnika.lv\/lt\/wp-json\/wp\/v2\/product"}],"about":[{"href":"https:\/\/videstehnika.lv\/lt\/wp-json\/wp\/v2\/types\/product"}],"wp:featuredmedia":[{"embeddable":true,"href":"https:\/\/videstehnika.lv\/lt\/wp-json\/wp\/v2\/media\/25145"}],"wp:attachment":[{"href":"https:\/\/videstehnika.lv\/lt\/wp-json\/wp\/v2\/media?parent=30197"}],"wp:term":[{"taxonomy":"product_cat","embeddable":true,"href":"https:\/\/videstehnika.lv\/lt\/wp-json\/wp\/v2\/product_cat?post=30197"},{"taxonomy":"product_tag","embeddable":true,"href":"https:\/\/videstehnika.lv\/lt\/wp-json\/wp\/v2\/product_tag?post=30197"}],"curies":[{"name":"wp","href":"https:\/\/api.w.org\/{rel}","templated":true}]}}