{"id":30208,"date":"2023-02-21T13:49:51","date_gmt":"2023-02-21T11:49:51","guid":{"rendered":"https:\/\/videstehnika.lv\/catalog\/be-kategorijos\/bituma-impregneta-kokskiedras-pretveja-plaksne-jumtiem-hunton-sarket\/"},"modified":"2024-12-28T10:56:24","modified_gmt":"2024-12-28T08:56:24","slug":"bituma-impregneta-kokskiedras-pretveja-plaksne-jumtiem-hunton-sarket","status":"publish","type":"product","link":"https:\/\/videstehnika.lv\/lt\/katalogs\/siltumizolacijas-materiali\/kokskiedras-plaksnes-eku-siltinasanai\/bituma-impregneta-kokskiedras-pretveja-plaksne-jumtiem-hunton-sarket\/","title":{"rendered":"Bituma impregn\u0113ta pretv\u0113ja pl\u0101ksne jumtiem HUNTON Sarket"},"content":{"rendered":"<h2>Bituma impregn\u0113tas kok\u0161\u0137iedras pretv\u0113ja pl\u0101ksnes HUNTON Sarket<\/h2>\n<p style=\"text-align: left;\">Hunton Sarket pl\u0101ksnes &#8211; t\u0101 ir apvienota pretkondens\u0101ta un pretv\u0113ja aizsardz\u012bba.\u00a0 Siltumizol\u0101cija var piegul\u0113t tie\u0161i pie pl\u0101ksnes. Hunton Sarket pl\u0101ksnes izmanto jumtu konstrukcij\u0101s. Pl\u0101ksne ir m\u012bkst\u0101 kok\u0161\u0137iedru pl\u0101ksne, pies\u0101tin\u0101ta un p\u0101rkl\u0101ta ar bitumu. Hunton pl\u0101ksnes strukt\u016bra var uzlabot jumta siltumizol\u0101ciju, t\u0101d\u0113j\u0101di palielinot t\u0101 energoefektivit\u0101ti. Pl\u0101ksnes ir ar \u012bpa\u0161u spundes-gropes savienojumu vis\u0101m mal\u0101m, t\u0101p\u0113c \u013coti viegli uzst\u0101d\u0101mas.<\/p>\n<h2>Pretv\u0113ja pl\u0101k\u0161\u0146u priek\u0161roc\u012bbas un pielietojums<\/h2>\n<ul>\n<li>Videi draudz\u012bgs materi\u0101ls;<\/li>\n<li>Pl\u0101ksnes absorb\u0113 un atdod mitrumu;<\/li>\n<li>Nav nepiecie\u0161ams izmantot \u0161uvju lentu;<\/li>\n<li>Pl\u0101ksnes ir atv\u0113rtas dif\u016bzijai;<\/li>\n<li>Vienk\u0101r\u0161a mont\u0101\u017ea pateicoties T&amp;G savienojumam vis\u0101m \u010detr\u0101m mal\u0101m;<\/li>\n<li>Test\u0113ta un tiek izmantota skarb\u0101kajos klimata apst\u0101k\u013cos Norv\u0113\u0123ij\u0101 \u2013 Nr.1 kok\u0161\u0137iedras pretv\u0113ja izol\u0101cijas materi\u0101ls Norv\u0113\u0123ij\u0101 un Zviedrij\u0101;<\/li>\n<li>Pl\u0101k\u0161\u0146u \u0101r\u0113j\u0101 virsma p\u0101rkl\u0101ta ar \u012bpa\u0161u kombin\u0113tu bituma un celulozes aizsargsl\u0101ni;<\/li>\n<li>Izmantojams jumtiem ar sl\u012bpumu no 15<sup>o<\/sup>;<\/li>\n<li>\u012apa\u0161s spundes-gropes savienojuma profils nodro\u0161ina augst\u0101k eso\u0161\u0101s pl\u0101ksnes savienojuma p\u0101rlaidumu p\u0101r zem\u0101k eso\u0161\u0101s pl\u0101ksnes virsmu;<\/li>\n<li>Var tikt izmantots zem met\u0101la jumtiem.<\/li>\n<\/ul>\n","protected":false},"excerpt":{"rendered":"<p><strong>Izm\u0113rs: 25x595x2420mm (1,4399m2)<\/strong><\/p>\n","protected":false},"featured_media":25132,"template":"","meta":{"_acf_changed":false},"product_cat":[3829,3834],"product_tag":[],"class_list":{"0":"post-30208","1":"product","2":"type-product","3":"status-publish","4":"has-post-thumbnail","6":"product_cat-silumos-izoliacines-medziagos","7":"product_cat-medienos-plausu-plokstes-ekologiniam-sildymui","9":"first","10":"onbackorder","11":"taxable","12":"shipping-taxable","13":"purchasable","14":"product-type-simple"},"acf":[],"yoast_head":"<!-- This site is optimized with the Yoast SEO plugin v24.2 - https:\/\/yoast.com\/wordpress\/plugins\/seo\/ -->\n<title>Bituma impregn\u0113ta kok\u0161\u0137iedras pretv\u0113ja pl\u0101ksne jumtiem HUNTON Sarket&#8226; Vides Tehnika<\/title>\n<meta name=\"description\" content=\"Hunton Sarket ir m\u012bkst\u0101 kok\u0161\u0137iedru pl\u0101ksne ar spundes-gropes savienojumu vis\u0101m \u010detr\u0101m pl\u0101ksnes mal\u0101m, vien\u0101 produkt\u0101 apvienojot jumta konstrukciju pastiprino\u0161u elementu un pretv\u0113ja aizsardz\u012bbu\" \/>\n<meta name=\"robots\" content=\"index, follow, max-snippet:-1, max-image-preview:large, max-video-preview:-1\" \/>\n<link rel=\"canonical\" href=\"https:\/\/videstehnika.lv\/lt\/katalogs\/siltumizolacijas-materiali\/kokskiedras-plaksnes-eku-siltinasanai\/bituma-impregneta-kokskiedras-pretveja-plaksne-jumtiem-hunton-sarket\/\" \/>\n<meta property=\"og:locale\" content=\"lt_LT\" \/>\n<meta property=\"og:type\" content=\"article\" \/>\n<meta property=\"og:title\" content=\"Bituma impregn\u0113ta kok\u0161\u0137iedras pretv\u0113ja pl\u0101ksne jumtiem HUNTON Sarket&#8226; Vides Tehnika\" \/>\n<meta property=\"og:description\" content=\"Hunton Sarket ir m\u012bkst\u0101 kok\u0161\u0137iedru pl\u0101ksne ar spundes-gropes savienojumu vis\u0101m \u010detr\u0101m pl\u0101ksnes mal\u0101m, vien\u0101 produkt\u0101 apvienojot jumta konstrukciju pastiprino\u0161u elementu un pretv\u0113ja aizsardz\u012bbu\" \/>\n<meta property=\"og:url\" content=\"https:\/\/videstehnika.lv\/lt\/katalogs\/siltumizolacijas-materiali\/kokskiedras-plaksnes-eku-siltinasanai\/bituma-impregneta-kokskiedras-pretveja-plaksne-jumtiem-hunton-sarket\/\" \/>\n<meta property=\"og:site_name\" content=\"Vides Tehnika\" \/>\n<meta property=\"article:modified_time\" content=\"2024-12-28T08:56:24+00:00\" \/>\n<meta property=\"og:image\" content=\"https:\/\/videstehnika.lv\/wp-content\/uploads\/2023\/02\/hunton25s.png\" \/>\n\t<meta property=\"og:image:width\" content=\"993\" \/>\n\t<meta property=\"og:image:height\" content=\"668\" \/>\n\t<meta property=\"og:image:type\" content=\"image\/png\" \/>\n<meta name=\"twitter:card\" content=\"summary_large_image\" \/>\n<meta name=\"twitter:label1\" content=\"Est. reading time\" \/>\n\t<meta name=\"twitter:data1\" content=\"1 minut\u0117\" \/>\n<script type=\"application\/ld+json\" class=\"yoast-schema-graph\">{\"@context\":\"https:\/\/schema.org\",\"@graph\":[{\"@type\":\"WebPage\",\"@id\":\"https:\/\/videstehnika.lv\/lt\/katalogs\/siltumizolacijas-materiali\/kokskiedras-plaksnes-eku-siltinasanai\/bituma-impregneta-kokskiedras-pretveja-plaksne-jumtiem-hunton-sarket\/\",\"url\":\"https:\/\/videstehnika.lv\/lt\/katalogs\/siltumizolacijas-materiali\/kokskiedras-plaksnes-eku-siltinasanai\/bituma-impregneta-kokskiedras-pretveja-plaksne-jumtiem-hunton-sarket\/\",\"name\":\"Bituma impregn\u0113ta kok\u0161\u0137iedras pretv\u0113ja pl\u0101ksne jumtiem HUNTON Sarket&#8226; Vides Tehnika\",\"isPartOf\":{\"@id\":\"https:\/\/videstehnika.lv\/lt\/#website\"},\"primaryImageOfPage\":{\"@id\":\"https:\/\/videstehnika.lv\/lt\/katalogs\/siltumizolacijas-materiali\/kokskiedras-plaksnes-eku-siltinasanai\/bituma-impregneta-kokskiedras-pretveja-plaksne-jumtiem-hunton-sarket\/#primaryimage\"},\"image\":{\"@id\":\"https:\/\/videstehnika.lv\/lt\/katalogs\/siltumizolacijas-materiali\/kokskiedras-plaksnes-eku-siltinasanai\/bituma-impregneta-kokskiedras-pretveja-plaksne-jumtiem-hunton-sarket\/#primaryimage\"},\"thumbnailUrl\":\"https:\/\/videstehnika.lv\/wp-content\/uploads\/2023\/02\/hunton25s.png\",\"datePublished\":\"2023-02-21T11:49:51+00:00\",\"dateModified\":\"2024-12-28T08:56:24+00:00\",\"description\":\"Hunton Sarket ir m\u012bkst\u0101 kok\u0161\u0137iedru pl\u0101ksne ar spundes-gropes savienojumu vis\u0101m \u010detr\u0101m pl\u0101ksnes mal\u0101m, vien\u0101 produkt\u0101 apvienojot jumta konstrukciju pastiprino\u0161u elementu un pretv\u0113ja aizsardz\u012bbu\",\"breadcrumb\":{\"@id\":\"https:\/\/videstehnika.lv\/lt\/katalogs\/siltumizolacijas-materiali\/kokskiedras-plaksnes-eku-siltinasanai\/bituma-impregneta-kokskiedras-pretveja-plaksne-jumtiem-hunton-sarket\/#breadcrumb\"},\"inLanguage\":\"lt-LT\",\"potentialAction\":[{\"@type\":\"ReadAction\",\"target\":[\"https:\/\/videstehnika.lv\/lt\/katalogs\/siltumizolacijas-materiali\/kokskiedras-plaksnes-eku-siltinasanai\/bituma-impregneta-kokskiedras-pretveja-plaksne-jumtiem-hunton-sarket\/\"]}]},{\"@type\":\"ImageObject\",\"inLanguage\":\"lt-LT\",\"@id\":\"https:\/\/videstehnika.lv\/lt\/katalogs\/siltumizolacijas-materiali\/kokskiedras-plaksnes-eku-siltinasanai\/bituma-impregneta-kokskiedras-pretveja-plaksne-jumtiem-hunton-sarket\/#primaryimage\",\"url\":\"https:\/\/videstehnika.lv\/wp-content\/uploads\/2023\/02\/hunton25s.png\",\"contentUrl\":\"https:\/\/videstehnika.lv\/wp-content\/uploads\/2023\/02\/hunton25s.png\",\"width\":993,\"height\":668},{\"@type\":\"BreadcrumbList\",\"@id\":\"https:\/\/videstehnika.lv\/lt\/katalogs\/siltumizolacijas-materiali\/kokskiedras-plaksnes-eku-siltinasanai\/bituma-impregneta-kokskiedras-pretveja-plaksne-jumtiem-hunton-sarket\/#breadcrumb\",\"itemListElement\":[{\"@type\":\"ListItem\",\"position\":1,\"name\":\"Home\",\"item\":\"https:\/\/videstehnika.lv\/lt\/\"},{\"@type\":\"ListItem\",\"position\":2,\"name\":\"Katalogas\",\"item\":\"https:\/\/videstehnika.lv\/lt\/katalogas\/\"},{\"@type\":\"ListItem\",\"position\":3,\"name\":\"Bituma impregn\u0113ta pretv\u0113ja pl\u0101ksne jumtiem HUNTON Sarket\"}]},{\"@type\":\"WebSite\",\"@id\":\"https:\/\/videstehnika.lv\/lt\/#website\",\"url\":\"https:\/\/videstehnika.lv\/lt\/\",\"name\":\"Vides Tehnika\",\"description\":\"\",\"potentialAction\":[{\"@type\":\"SearchAction\",\"target\":{\"@type\":\"EntryPoint\",\"urlTemplate\":\"https:\/\/videstehnika.lv\/lt\/?s={search_term_string}\"},\"query-input\":{\"@type\":\"PropertyValueSpecification\",\"valueRequired\":true,\"valueName\":\"search_term_string\"}}],\"inLanguage\":\"lt-LT\"}]}<\/script>\n<!-- \/ Yoast SEO plugin. -->","yoast_head_json":{"title":"Bituma impregn\u0113ta kok\u0161\u0137iedras pretv\u0113ja pl\u0101ksne jumtiem HUNTON Sarket&#8226; Vides Tehnika","description":"Hunton Sarket ir m\u012bkst\u0101 kok\u0161\u0137iedru pl\u0101ksne ar spundes-gropes savienojumu vis\u0101m \u010detr\u0101m pl\u0101ksnes mal\u0101m, vien\u0101 produkt\u0101 apvienojot jumta konstrukciju pastiprino\u0161u elementu un pretv\u0113ja aizsardz\u012bbu","robots":{"index":"index","follow":"follow","max-snippet":"max-snippet:-1","max-image-preview":"max-image-preview:large","max-video-preview":"max-video-preview:-1"},"canonical":"https:\/\/videstehnika.lv\/lt\/katalogs\/siltumizolacijas-materiali\/kokskiedras-plaksnes-eku-siltinasanai\/bituma-impregneta-kokskiedras-pretveja-plaksne-jumtiem-hunton-sarket\/","og_locale":"lt_LT","og_type":"article","og_title":"Bituma impregn\u0113ta kok\u0161\u0137iedras pretv\u0113ja pl\u0101ksne jumtiem HUNTON Sarket&#8226; Vides Tehnika","og_description":"Hunton Sarket ir m\u012bkst\u0101 kok\u0161\u0137iedru pl\u0101ksne ar spundes-gropes savienojumu vis\u0101m \u010detr\u0101m pl\u0101ksnes mal\u0101m, vien\u0101 produkt\u0101 apvienojot jumta konstrukciju pastiprino\u0161u elementu un pretv\u0113ja aizsardz\u012bbu","og_url":"https:\/\/videstehnika.lv\/lt\/katalogs\/siltumizolacijas-materiali\/kokskiedras-plaksnes-eku-siltinasanai\/bituma-impregneta-kokskiedras-pretveja-plaksne-jumtiem-hunton-sarket\/","og_site_name":"Vides Tehnika","article_modified_time":"2024-12-28T08:56:24+00:00","og_image":[{"width":993,"height":668,"url":"https:\/\/videstehnika.lv\/wp-content\/uploads\/2023\/02\/hunton25s.png","type":"image\/png"}],"twitter_card":"summary_large_image","twitter_misc":{"Est. reading time":"1 minut\u0117"},"schema":{"@context":"https:\/\/schema.org","@graph":[{"@type":"WebPage","@id":"https:\/\/videstehnika.lv\/lt\/katalogs\/siltumizolacijas-materiali\/kokskiedras-plaksnes-eku-siltinasanai\/bituma-impregneta-kokskiedras-pretveja-plaksne-jumtiem-hunton-sarket\/","url":"https:\/\/videstehnika.lv\/lt\/katalogs\/siltumizolacijas-materiali\/kokskiedras-plaksnes-eku-siltinasanai\/bituma-impregneta-kokskiedras-pretveja-plaksne-jumtiem-hunton-sarket\/","name":"Bituma impregn\u0113ta kok\u0161\u0137iedras pretv\u0113ja pl\u0101ksne jumtiem HUNTON Sarket&#8226; Vides Tehnika","isPartOf":{"@id":"https:\/\/videstehnika.lv\/lt\/#website"},"primaryImageOfPage":{"@id":"https:\/\/videstehnika.lv\/lt\/katalogs\/siltumizolacijas-materiali\/kokskiedras-plaksnes-eku-siltinasanai\/bituma-impregneta-kokskiedras-pretveja-plaksne-jumtiem-hunton-sarket\/#primaryimage"},"image":{"@id":"https:\/\/videstehnika.lv\/lt\/katalogs\/siltumizolacijas-materiali\/kokskiedras-plaksnes-eku-siltinasanai\/bituma-impregneta-kokskiedras-pretveja-plaksne-jumtiem-hunton-sarket\/#primaryimage"},"thumbnailUrl":"https:\/\/videstehnika.lv\/wp-content\/uploads\/2023\/02\/hunton25s.png","datePublished":"2023-02-21T11:49:51+00:00","dateModified":"2024-12-28T08:56:24+00:00","description":"Hunton Sarket ir m\u012bkst\u0101 kok\u0161\u0137iedru pl\u0101ksne ar spundes-gropes savienojumu vis\u0101m \u010detr\u0101m pl\u0101ksnes mal\u0101m, vien\u0101 produkt\u0101 apvienojot jumta konstrukciju pastiprino\u0161u elementu un pretv\u0113ja aizsardz\u012bbu","breadcrumb":{"@id":"https:\/\/videstehnika.lv\/lt\/katalogs\/siltumizolacijas-materiali\/kokskiedras-plaksnes-eku-siltinasanai\/bituma-impregneta-kokskiedras-pretveja-plaksne-jumtiem-hunton-sarket\/#breadcrumb"},"inLanguage":"lt-LT","potentialAction":[{"@type":"ReadAction","target":["https:\/\/videstehnika.lv\/lt\/katalogs\/siltumizolacijas-materiali\/kokskiedras-plaksnes-eku-siltinasanai\/bituma-impregneta-kokskiedras-pretveja-plaksne-jumtiem-hunton-sarket\/"]}]},{"@type":"ImageObject","inLanguage":"lt-LT","@id":"https:\/\/videstehnika.lv\/lt\/katalogs\/siltumizolacijas-materiali\/kokskiedras-plaksnes-eku-siltinasanai\/bituma-impregneta-kokskiedras-pretveja-plaksne-jumtiem-hunton-sarket\/#primaryimage","url":"https:\/\/videstehnika.lv\/wp-content\/uploads\/2023\/02\/hunton25s.png","contentUrl":"https:\/\/videstehnika.lv\/wp-content\/uploads\/2023\/02\/hunton25s.png","width":993,"height":668},{"@type":"BreadcrumbList","@id":"https:\/\/videstehnika.lv\/lt\/katalogs\/siltumizolacijas-materiali\/kokskiedras-plaksnes-eku-siltinasanai\/bituma-impregneta-kokskiedras-pretveja-plaksne-jumtiem-hunton-sarket\/#breadcrumb","itemListElement":[{"@type":"ListItem","position":1,"name":"Home","item":"https:\/\/videstehnika.lv\/lt\/"},{"@type":"ListItem","position":2,"name":"Katalogas","item":"https:\/\/videstehnika.lv\/lt\/katalogas\/"},{"@type":"ListItem","position":3,"name":"Bituma impregn\u0113ta pretv\u0113ja pl\u0101ksne jumtiem HUNTON Sarket"}]},{"@type":"WebSite","@id":"https:\/\/videstehnika.lv\/lt\/#website","url":"https:\/\/videstehnika.lv\/lt\/","name":"Vides Tehnika","description":"","potentialAction":[{"@type":"SearchAction","target":{"@type":"EntryPoint","urlTemplate":"https:\/\/videstehnika.lv\/lt\/?s={search_term_string}"},"query-input":{"@type":"PropertyValueSpecification","valueRequired":true,"valueName":"search_term_string"}}],"inLanguage":"lt-LT"}]}},"_links":{"self":[{"href":"https:\/\/videstehnika.lv\/lt\/wp-json\/wp\/v2\/product\/30208","targetHints":{"allow":["GET"]}}],"collection":[{"href":"https:\/\/videstehnika.lv\/lt\/wp-json\/wp\/v2\/product"}],"about":[{"href":"https:\/\/videstehnika.lv\/lt\/wp-json\/wp\/v2\/types\/product"}],"wp:featuredmedia":[{"embeddable":true,"href":"https:\/\/videstehnika.lv\/lt\/wp-json\/wp\/v2\/media\/25132"}],"wp:attachment":[{"href":"https:\/\/videstehnika.lv\/lt\/wp-json\/wp\/v2\/media?parent=30208"}],"wp:term":[{"taxonomy":"product_cat","embeddable":true,"href":"https:\/\/videstehnika.lv\/lt\/wp-json\/wp\/v2\/product_cat?post=30208"},{"taxonomy":"product_tag","embeddable":true,"href":"https:\/\/videstehnika.lv\/lt\/wp-json\/wp\/v2\/product_tag?post=30208"}],"curies":[{"name":"wp","href":"https:\/\/api.w.org\/{rel}","templated":true}]}}