{"id":30312,"date":"2020-10-14T11:14:28","date_gmt":"2020-10-14T08:14:28","guid":{"rendered":"https:\/\/videstehnika.lv\/catalog\/be-kategorijos\/knauf-supafil-timber-frame-166kg\/"},"modified":"2025-02-24T15:04:31","modified_gmt":"2025-02-24T13:04:31","slug":"knauf-supafil-timber-frame-166kg","status":"publish","type":"product","link":"https:\/\/videstehnika.lv\/lt\/katalogs\/siltumizolacijas-materiali\/berama-vate-konstrukciju-siltinasanai\/knauf-supafil-timber-frame-166kg\/","title":{"rendered":"Knauf Supafil Timber Frame, 16,6kg"},"content":{"rendered":"<h2>Beram\u0101 miner\u0101lvate &#8222;Knauf Supafil Timber Frame&#8221;<\/h2>\n<p>&#8222;Knauf Supafil Timber Frame&#8221; ir hidrofoba, ekolo\u0123iska miner\u0101lvate bez sint\u0113tiskajiem sve\u0137iem un saistviel\u0101m. Piem\u0113rota koka karkasa sienu, starpsienu, p\u0101rsegumu un jumta siltumizol\u0101cijai, izmantojot \u012bpa\u0161u iestr\u0101des tehniku.<\/p>\n<h2><strong>Beram\u0101s miner\u0101lvates priek\u0161roc\u012bbas<\/strong><\/h2>\n<ul>\n<li>Lieliskas siltumizol\u0101cijas \u012bpa\u0161\u012bbas;<\/li>\n<li>Labas ska\u0146as sl\u0101p\u0113\u0161anas \u012bpa\u0161\u012bbas;<\/li>\n<li>\u013boti augsta ugunsiztur\u012bba \u2013 palielina konstrukcijas pas\u012bvo ugunsdro\u0161\u012bbas aizsardz\u012bbu;<\/li>\n<li>Augsta tvaiku caurlaid\u012bba;<\/li>\n<li>Zema konstrukcijas noslodze ar izol\u0101cijas pa\u0161masu;<\/li>\n<li>Neuzs\u016bco\u0161s materi\u0101ls;<\/li>\n<li>Vienk\u0101r\u0161i iestr\u0101d\u0101jama gr\u016bti pieejam\u0101s viet\u0101s;<\/li>\n<li>Viegla, \u0101tra un \u0113rta iestr\u0101de;<\/li>\n<li>Vienm\u0113r\u012bgs izol\u0101cijas sl\u0101nis gr\u016bti pieejam\u0101s viet\u0101s;<\/li>\n<li>Nav p\u0101rpalikumu;<\/li>\n<li>B\u0101zes \u0161\u0137iedras bez saistviel\u0101m;<\/li>\n<li>100% ekolo\u0123isks, dab\u012bgs materi\u0101ls.<\/li>\n<\/ul>\n","protected":false},"excerpt":{"rendered":"<p>Beram\u0101 miner\u0101lvate &#8222;Knauf Supafil Timber Frame&#8221; &#8222;Knauf Supafil Timber Frame&#8221; ir hidrofoba, ekolo\u0123iska miner\u0101lvate bez sint\u0113tiskajiem sve\u0137iem un saistviel\u0101m. Piem\u0113rota<\/p>\n","protected":false},"featured_media":24207,"template":"","meta":{"_acf_changed":false},"product_cat":[5472,3829,3831],"product_tag":[],"class_list":{"0":"post-30312","1":"product","2":"type-product","3":"status-publish","4":"has-post-thumbnail","6":"product_cat-minerala-vate-lt","7":"product_cat-silumos-izoliacines-medziagos","8":"product_cat-berama-vata-statybiniam-sildymui","10":"first","11":"onbackorder","12":"taxable","13":"shipping-taxable","14":"purchasable","15":"product-type-simple"},"acf":[],"yoast_head":"<!-- This site is optimized with the Yoast SEO plugin v24.2 - https:\/\/yoast.com\/wordpress\/plugins\/seo\/ -->\n<title>Knauf Supafil Timber Frame, 16,6kg &#8226; Vides Tehnika<\/title>\n<meta name=\"description\" content=\"Supafil Timber Frame ir ekolo\u0123iska miner\u0101lvate, kas paredz\u0113ta koka karkasa sienu, starpsienu, p\u0101rsegumu un jumta siltumizol\u0101cijai.\" \/>\n<meta name=\"robots\" content=\"index, follow, max-snippet:-1, max-image-preview:large, max-video-preview:-1\" \/>\n<link rel=\"canonical\" href=\"https:\/\/videstehnika.lv\/lt\/katalogs\/siltumizolacijas-materiali\/berama-vate-konstrukciju-siltinasanai\/knauf-supafil-timber-frame-166kg\/\" \/>\n<meta property=\"og:locale\" content=\"lt_LT\" \/>\n<meta property=\"og:type\" content=\"article\" \/>\n<meta property=\"og:title\" content=\"Knauf Supafil Timber Frame, 16,6kg &#8226; Vides Tehnika\" \/>\n<meta property=\"og:description\" content=\"Supafil Timber Frame ir ekolo\u0123iska miner\u0101lvate, kas paredz\u0113ta koka karkasa sienu, starpsienu, p\u0101rsegumu un jumta siltumizol\u0101cijai.\" \/>\n<meta property=\"og:url\" content=\"https:\/\/videstehnika.lv\/lt\/katalogs\/siltumizolacijas-materiali\/berama-vate-konstrukciju-siltinasanai\/knauf-supafil-timber-frame-166kg\/\" \/>\n<meta property=\"og:site_name\" content=\"Vides Tehnika\" \/>\n<meta property=\"article:modified_time\" content=\"2025-02-24T13:04:31+00:00\" \/>\n<meta property=\"og:image\" content=\"https:\/\/videstehnika.lv\/wp-content\/uploads\/2020\/10\/Knauf-insulation-supafil-timber-frame-vides-tehnika.jpg\" \/>\n\t<meta property=\"og:image:width\" content=\"900\" \/>\n\t<meta property=\"og:image:height\" content=\"900\" \/>\n\t<meta property=\"og:image:type\" content=\"image\/jpeg\" \/>\n<meta name=\"twitter:card\" content=\"summary_large_image\" \/>\n<meta name=\"twitter:label1\" content=\"Est. reading time\" \/>\n\t<meta name=\"twitter:data1\" content=\"1 minut\u0117\" \/>\n<script type=\"application\/ld+json\" class=\"yoast-schema-graph\">{\"@context\":\"https:\/\/schema.org\",\"@graph\":[{\"@type\":\"WebPage\",\"@id\":\"https:\/\/videstehnika.lv\/lt\/katalogs\/siltumizolacijas-materiali\/berama-vate-konstrukciju-siltinasanai\/knauf-supafil-timber-frame-166kg\/\",\"url\":\"https:\/\/videstehnika.lv\/lt\/katalogs\/siltumizolacijas-materiali\/berama-vate-konstrukciju-siltinasanai\/knauf-supafil-timber-frame-166kg\/\",\"name\":\"Knauf Supafil Timber Frame, 16,6kg &#8226; Vides Tehnika\",\"isPartOf\":{\"@id\":\"https:\/\/videstehnika.lv\/lt\/#website\"},\"primaryImageOfPage\":{\"@id\":\"https:\/\/videstehnika.lv\/lt\/katalogs\/siltumizolacijas-materiali\/berama-vate-konstrukciju-siltinasanai\/knauf-supafil-timber-frame-166kg\/#primaryimage\"},\"image\":{\"@id\":\"https:\/\/videstehnika.lv\/lt\/katalogs\/siltumizolacijas-materiali\/berama-vate-konstrukciju-siltinasanai\/knauf-supafil-timber-frame-166kg\/#primaryimage\"},\"thumbnailUrl\":\"https:\/\/videstehnika.lv\/wp-content\/uploads\/2020\/10\/Knauf-insulation-supafil-timber-frame-vides-tehnika.jpg\",\"datePublished\":\"2020-10-14T08:14:28+00:00\",\"dateModified\":\"2025-02-24T13:04:31+00:00\",\"description\":\"Supafil Timber Frame ir ekolo\u0123iska miner\u0101lvate, kas paredz\u0113ta koka karkasa sienu, starpsienu, p\u0101rsegumu un jumta siltumizol\u0101cijai.\",\"breadcrumb\":{\"@id\":\"https:\/\/videstehnika.lv\/lt\/katalogs\/siltumizolacijas-materiali\/berama-vate-konstrukciju-siltinasanai\/knauf-supafil-timber-frame-166kg\/#breadcrumb\"},\"inLanguage\":\"lt-LT\",\"potentialAction\":[{\"@type\":\"ReadAction\",\"target\":[\"https:\/\/videstehnika.lv\/lt\/katalogs\/siltumizolacijas-materiali\/berama-vate-konstrukciju-siltinasanai\/knauf-supafil-timber-frame-166kg\/\"]}]},{\"@type\":\"ImageObject\",\"inLanguage\":\"lt-LT\",\"@id\":\"https:\/\/videstehnika.lv\/lt\/katalogs\/siltumizolacijas-materiali\/berama-vate-konstrukciju-siltinasanai\/knauf-supafil-timber-frame-166kg\/#primaryimage\",\"url\":\"https:\/\/videstehnika.lv\/wp-content\/uploads\/2020\/10\/Knauf-insulation-supafil-timber-frame-vides-tehnika.jpg\",\"contentUrl\":\"https:\/\/videstehnika.lv\/wp-content\/uploads\/2020\/10\/Knauf-insulation-supafil-timber-frame-vides-tehnika.jpg\",\"width\":900,\"height\":900},{\"@type\":\"BreadcrumbList\",\"@id\":\"https:\/\/videstehnika.lv\/lt\/katalogs\/siltumizolacijas-materiali\/berama-vate-konstrukciju-siltinasanai\/knauf-supafil-timber-frame-166kg\/#breadcrumb\",\"itemListElement\":[{\"@type\":\"ListItem\",\"position\":1,\"name\":\"Home\",\"item\":\"https:\/\/videstehnika.lv\/lt\/\"},{\"@type\":\"ListItem\",\"position\":2,\"name\":\"Katalogas\",\"item\":\"https:\/\/videstehnika.lv\/lt\/katalogas\/\"},{\"@type\":\"ListItem\",\"position\":3,\"name\":\"Knauf Supafil Timber Frame, 16,6kg\"}]},{\"@type\":\"WebSite\",\"@id\":\"https:\/\/videstehnika.lv\/lt\/#website\",\"url\":\"https:\/\/videstehnika.lv\/lt\/\",\"name\":\"Vides Tehnika\",\"description\":\"\",\"potentialAction\":[{\"@type\":\"SearchAction\",\"target\":{\"@type\":\"EntryPoint\",\"urlTemplate\":\"https:\/\/videstehnika.lv\/lt\/?s={search_term_string}\"},\"query-input\":{\"@type\":\"PropertyValueSpecification\",\"valueRequired\":true,\"valueName\":\"search_term_string\"}}],\"inLanguage\":\"lt-LT\"}]}<\/script>\n<!-- \/ Yoast SEO plugin. -->","yoast_head_json":{"title":"Knauf Supafil Timber Frame, 16,6kg &#8226; Vides Tehnika","description":"Supafil Timber Frame ir ekolo\u0123iska miner\u0101lvate, kas paredz\u0113ta koka karkasa sienu, starpsienu, p\u0101rsegumu un jumta siltumizol\u0101cijai.","robots":{"index":"index","follow":"follow","max-snippet":"max-snippet:-1","max-image-preview":"max-image-preview:large","max-video-preview":"max-video-preview:-1"},"canonical":"https:\/\/videstehnika.lv\/lt\/katalogs\/siltumizolacijas-materiali\/berama-vate-konstrukciju-siltinasanai\/knauf-supafil-timber-frame-166kg\/","og_locale":"lt_LT","og_type":"article","og_title":"Knauf Supafil Timber Frame, 16,6kg &#8226; Vides Tehnika","og_description":"Supafil Timber Frame ir ekolo\u0123iska miner\u0101lvate, kas paredz\u0113ta koka karkasa sienu, starpsienu, p\u0101rsegumu un jumta siltumizol\u0101cijai.","og_url":"https:\/\/videstehnika.lv\/lt\/katalogs\/siltumizolacijas-materiali\/berama-vate-konstrukciju-siltinasanai\/knauf-supafil-timber-frame-166kg\/","og_site_name":"Vides Tehnika","article_modified_time":"2025-02-24T13:04:31+00:00","og_image":[{"width":900,"height":900,"url":"https:\/\/videstehnika.lv\/wp-content\/uploads\/2020\/10\/Knauf-insulation-supafil-timber-frame-vides-tehnika.jpg","type":"image\/jpeg"}],"twitter_card":"summary_large_image","twitter_misc":{"Est. reading time":"1 minut\u0117"},"schema":{"@context":"https:\/\/schema.org","@graph":[{"@type":"WebPage","@id":"https:\/\/videstehnika.lv\/lt\/katalogs\/siltumizolacijas-materiali\/berama-vate-konstrukciju-siltinasanai\/knauf-supafil-timber-frame-166kg\/","url":"https:\/\/videstehnika.lv\/lt\/katalogs\/siltumizolacijas-materiali\/berama-vate-konstrukciju-siltinasanai\/knauf-supafil-timber-frame-166kg\/","name":"Knauf Supafil Timber Frame, 16,6kg &#8226; Vides Tehnika","isPartOf":{"@id":"https:\/\/videstehnika.lv\/lt\/#website"},"primaryImageOfPage":{"@id":"https:\/\/videstehnika.lv\/lt\/katalogs\/siltumizolacijas-materiali\/berama-vate-konstrukciju-siltinasanai\/knauf-supafil-timber-frame-166kg\/#primaryimage"},"image":{"@id":"https:\/\/videstehnika.lv\/lt\/katalogs\/siltumizolacijas-materiali\/berama-vate-konstrukciju-siltinasanai\/knauf-supafil-timber-frame-166kg\/#primaryimage"},"thumbnailUrl":"https:\/\/videstehnika.lv\/wp-content\/uploads\/2020\/10\/Knauf-insulation-supafil-timber-frame-vides-tehnika.jpg","datePublished":"2020-10-14T08:14:28+00:00","dateModified":"2025-02-24T13:04:31+00:00","description":"Supafil Timber Frame ir ekolo\u0123iska miner\u0101lvate, kas paredz\u0113ta koka karkasa sienu, starpsienu, p\u0101rsegumu un jumta siltumizol\u0101cijai.","breadcrumb":{"@id":"https:\/\/videstehnika.lv\/lt\/katalogs\/siltumizolacijas-materiali\/berama-vate-konstrukciju-siltinasanai\/knauf-supafil-timber-frame-166kg\/#breadcrumb"},"inLanguage":"lt-LT","potentialAction":[{"@type":"ReadAction","target":["https:\/\/videstehnika.lv\/lt\/katalogs\/siltumizolacijas-materiali\/berama-vate-konstrukciju-siltinasanai\/knauf-supafil-timber-frame-166kg\/"]}]},{"@type":"ImageObject","inLanguage":"lt-LT","@id":"https:\/\/videstehnika.lv\/lt\/katalogs\/siltumizolacijas-materiali\/berama-vate-konstrukciju-siltinasanai\/knauf-supafil-timber-frame-166kg\/#primaryimage","url":"https:\/\/videstehnika.lv\/wp-content\/uploads\/2020\/10\/Knauf-insulation-supafil-timber-frame-vides-tehnika.jpg","contentUrl":"https:\/\/videstehnika.lv\/wp-content\/uploads\/2020\/10\/Knauf-insulation-supafil-timber-frame-vides-tehnika.jpg","width":900,"height":900},{"@type":"BreadcrumbList","@id":"https:\/\/videstehnika.lv\/lt\/katalogs\/siltumizolacijas-materiali\/berama-vate-konstrukciju-siltinasanai\/knauf-supafil-timber-frame-166kg\/#breadcrumb","itemListElement":[{"@type":"ListItem","position":1,"name":"Home","item":"https:\/\/videstehnika.lv\/lt\/"},{"@type":"ListItem","position":2,"name":"Katalogas","item":"https:\/\/videstehnika.lv\/lt\/katalogas\/"},{"@type":"ListItem","position":3,"name":"Knauf Supafil Timber Frame, 16,6kg"}]},{"@type":"WebSite","@id":"https:\/\/videstehnika.lv\/lt\/#website","url":"https:\/\/videstehnika.lv\/lt\/","name":"Vides Tehnika","description":"","potentialAction":[{"@type":"SearchAction","target":{"@type":"EntryPoint","urlTemplate":"https:\/\/videstehnika.lv\/lt\/?s={search_term_string}"},"query-input":{"@type":"PropertyValueSpecification","valueRequired":true,"valueName":"search_term_string"}}],"inLanguage":"lt-LT"}]}},"_links":{"self":[{"href":"https:\/\/videstehnika.lv\/lt\/wp-json\/wp\/v2\/product\/30312","targetHints":{"allow":["GET"]}}],"collection":[{"href":"https:\/\/videstehnika.lv\/lt\/wp-json\/wp\/v2\/product"}],"about":[{"href":"https:\/\/videstehnika.lv\/lt\/wp-json\/wp\/v2\/types\/product"}],"wp:featuredmedia":[{"embeddable":true,"href":"https:\/\/videstehnika.lv\/lt\/wp-json\/wp\/v2\/media\/24207"}],"wp:attachment":[{"href":"https:\/\/videstehnika.lv\/lt\/wp-json\/wp\/v2\/media?parent=30312"}],"wp:term":[{"taxonomy":"product_cat","embeddable":true,"href":"https:\/\/videstehnika.lv\/lt\/wp-json\/wp\/v2\/product_cat?post=30312"},{"taxonomy":"product_tag","embeddable":true,"href":"https:\/\/videstehnika.lv\/lt\/wp-json\/wp\/v2\/product_tag?post=30312"}],"curies":[{"name":"wp","href":"https:\/\/api.w.org\/{rel}","templated":true}]}}