{"id":30347,"date":"2020-07-15T12:55:16","date_gmt":"2020-07-15T09:55:16","guid":{"rendered":"https:\/\/videstehnika.lv\/catalog\/be-kategorijos\/mineralvate-knauf-insulation-tp-115\/"},"modified":"2024-08-06T14:04:52","modified_gmt":"2024-08-06T11:04:52","slug":"mineralvate-knauf-insulation-tp-115","status":"publish","type":"product","link":"https:\/\/videstehnika.lv\/lt\/katalogs\/siltumizolacijas-materiali\/dabiska-mineralvate-knauf-insulation\/mineralvate-knauf-insulation-tp-115\/","title":{"rendered":"Knauf TP115 miner\u0101lvate"},"content":{"rendered":"<h2>Miner\u0101lvate Knauf Insulation &#8222;TP115&#8221;<\/h2>\n<p>Miner\u0101lvate Knauf Insulation &#8222;TP115&#8221; ir izgatavota ar ECOSE\u00ae tehnolo\u0123iju. Jaun\u0101s paaudzes miner\u0101lvate, kas izgatavota no dabiskiem un\/vai p\u0101rstr\u0101d\u0101tiem izejmateri\u0101liem, pielietojot biotehnolo\u0123ijas un savienojot dabiskas izcelsmes \u0161\u0137iedras. Vate nesatur formaldeh\u012bdu, fenolus un akril\u0161\u0137iedras. Tai nav pievienotas nek\u0101das m\u0101ksl\u012bgas kr\u0101svielas vai balin\u0101t\u0101ji. Pateicoties novatoriskai saistvielas tehnolo\u0123ijai, miner\u0101lvate ir dabisk\u0101 br\u016bn\u0101 kr\u0101s\u0101 \u2013 bez jebk\u0101d\u0101m \u0137\u012bmisk\u0101m kr\u0101sviel\u0101m.<\/p>\n<h2>Knauf Insulation priek\u0161roc\u012bbas<\/h2>\n<ul>\n<li>\u013boti labas ska\u0146as absorbcijas \u012bpa\u0161\u012bbas;<\/li>\n<li>Saglab\u0101 gaisa kvalit\u0101ti iek\u0161telp\u0101s t\u012bru un svaigu;<\/li>\n<li>100% nedego\u0161s materi\u0101ls;<\/li>\n<li>Put sal\u012bdzino\u0161i maz\u0101k ar iepriek\u0161\u0113jiem materi\u0101liem;<\/li>\n<li>Bez smakas un izgarojumiem;<\/li>\n<li>P\u0101rsteidzo\u0161i pat\u012bkama taustei, m\u012bksta siltumizol\u0101cijas virsma k\u0101 vilnai;<\/li>\n<li>Viegli grie\u017eama;<\/li>\n<li>Palielin\u0101ts materi\u0101la elast\u012bgums.<\/li>\n<\/ul>\n<h3>Knauf Insulation &#8222;TP115&#8221; pielietojums<\/h3>\n<ul>\n<li>Iek\u0161\u0113j\u0101m starpsien\u0101m;<\/li>\n<li>Telp\u0101m ar da\u017e\u0101diem apkures re\u017e\u012bmiem.<\/li>\n<\/ul>\n","protected":false},"excerpt":{"rendered":"<p>Cena nor\u0101d\u012bta par paku<\/p>\n","protected":false},"featured_media":31458,"template":"","meta":{"_acf_changed":false},"product_cat":[3829,3837],"product_tag":[],"class_list":{"0":"post-30347","1":"product","2":"type-product","3":"status-publish","4":"has-post-thumbnail","6":"product_cat-silumos-izoliacines-medziagos","7":"product_cat-mineraline-vata","9":"first","10":"instock","11":"taxable","12":"shipping-taxable","13":"purchasable","14":"product-type-variable"},"acf":[],"yoast_head":"<!-- This site is optimized with the Yoast SEO plugin v24.2 - https:\/\/yoast.com\/wordpress\/plugins\/seo\/ -->\n<title>Miner\u0101lvate Knauf Insulation &quot;TP115&quot; &#8226; Vides Tehnika<\/title>\n<meta name=\"description\" content=\"Miner\u0101lvate Knauf Insulation &quot;TP115&quot; ir jaun\u0101s paaudzes izol\u0101cijas materi\u0101ls, kas izgatavota no dabiskiem izejmateri\u0101liem.\" \/>\n<meta name=\"robots\" content=\"index, follow, max-snippet:-1, max-image-preview:large, max-video-preview:-1\" \/>\n<link rel=\"canonical\" href=\"https:\/\/videstehnika.lv\/lt\/katalogs\/siltumizolacijas-materiali\/dabiska-mineralvate-knauf-insulation\/mineralvate-knauf-insulation-tp-115\/\" \/>\n<meta property=\"og:locale\" content=\"lt_LT\" \/>\n<meta property=\"og:type\" content=\"article\" \/>\n<meta property=\"og:title\" content=\"Miner\u0101lvate Knauf Insulation &quot;TP115&quot; &#8226; Vides Tehnika\" \/>\n<meta property=\"og:description\" content=\"Miner\u0101lvate Knauf Insulation &quot;TP115&quot; ir jaun\u0101s paaudzes izol\u0101cijas materi\u0101ls, kas izgatavota no dabiskiem izejmateri\u0101liem.\" \/>\n<meta property=\"og:url\" content=\"https:\/\/videstehnika.lv\/lt\/katalogs\/siltumizolacijas-materiali\/dabiska-mineralvate-knauf-insulation\/mineralvate-knauf-insulation-tp-115\/\" \/>\n<meta property=\"og:site_name\" content=\"Vides Tehnika\" \/>\n<meta property=\"article:modified_time\" content=\"2024-08-06T11:04:52+00:00\" \/>\n<meta property=\"og:image\" content=\"https:\/\/videstehnika.lv\/wp-content\/uploads\/2020\/07\/TP115-Akustic-board-scaled.jpg\" \/>\n\t<meta property=\"og:image:width\" content=\"2384\" \/>\n\t<meta property=\"og:image:height\" content=\"2560\" \/>\n\t<meta property=\"og:image:type\" content=\"image\/jpeg\" \/>\n<meta name=\"twitter:card\" content=\"summary_large_image\" \/>\n<meta name=\"twitter:label1\" content=\"Est. reading time\" \/>\n\t<meta name=\"twitter:data1\" content=\"1 minut\u0117\" \/>\n<script type=\"application\/ld+json\" class=\"yoast-schema-graph\">{\"@context\":\"https:\/\/schema.org\",\"@graph\":[{\"@type\":\"WebPage\",\"@id\":\"https:\/\/videstehnika.lv\/lt\/katalogs\/siltumizolacijas-materiali\/dabiska-mineralvate-knauf-insulation\/mineralvate-knauf-insulation-tp-115\/\",\"url\":\"https:\/\/videstehnika.lv\/lt\/katalogs\/siltumizolacijas-materiali\/dabiska-mineralvate-knauf-insulation\/mineralvate-knauf-insulation-tp-115\/\",\"name\":\"Miner\u0101lvate Knauf Insulation \\\"TP115\\\" &#8226; Vides Tehnika\",\"isPartOf\":{\"@id\":\"https:\/\/videstehnika.lv\/lt\/#website\"},\"primaryImageOfPage\":{\"@id\":\"https:\/\/videstehnika.lv\/lt\/katalogs\/siltumizolacijas-materiali\/dabiska-mineralvate-knauf-insulation\/mineralvate-knauf-insulation-tp-115\/#primaryimage\"},\"image\":{\"@id\":\"https:\/\/videstehnika.lv\/lt\/katalogs\/siltumizolacijas-materiali\/dabiska-mineralvate-knauf-insulation\/mineralvate-knauf-insulation-tp-115\/#primaryimage\"},\"thumbnailUrl\":\"https:\/\/videstehnika.lv\/wp-content\/uploads\/2020\/07\/TP115-Akustic-board-scaled.jpg\",\"datePublished\":\"2020-07-15T09:55:16+00:00\",\"dateModified\":\"2024-08-06T11:04:52+00:00\",\"description\":\"Miner\u0101lvate Knauf Insulation \\\"TP115\\\" ir jaun\u0101s paaudzes izol\u0101cijas materi\u0101ls, kas izgatavota no dabiskiem izejmateri\u0101liem.\",\"breadcrumb\":{\"@id\":\"https:\/\/videstehnika.lv\/lt\/katalogs\/siltumizolacijas-materiali\/dabiska-mineralvate-knauf-insulation\/mineralvate-knauf-insulation-tp-115\/#breadcrumb\"},\"inLanguage\":\"lt-LT\",\"potentialAction\":[{\"@type\":\"ReadAction\",\"target\":[\"https:\/\/videstehnika.lv\/lt\/katalogs\/siltumizolacijas-materiali\/dabiska-mineralvate-knauf-insulation\/mineralvate-knauf-insulation-tp-115\/\"]}]},{\"@type\":\"ImageObject\",\"inLanguage\":\"lt-LT\",\"@id\":\"https:\/\/videstehnika.lv\/lt\/katalogs\/siltumizolacijas-materiali\/dabiska-mineralvate-knauf-insulation\/mineralvate-knauf-insulation-tp-115\/#primaryimage\",\"url\":\"https:\/\/videstehnika.lv\/wp-content\/uploads\/2020\/07\/TP115-Akustic-board-scaled.jpg\",\"contentUrl\":\"https:\/\/videstehnika.lv\/wp-content\/uploads\/2020\/07\/TP115-Akustic-board-scaled.jpg\",\"width\":2384,\"height\":2560},{\"@type\":\"BreadcrumbList\",\"@id\":\"https:\/\/videstehnika.lv\/lt\/katalogs\/siltumizolacijas-materiali\/dabiska-mineralvate-knauf-insulation\/mineralvate-knauf-insulation-tp-115\/#breadcrumb\",\"itemListElement\":[{\"@type\":\"ListItem\",\"position\":1,\"name\":\"Home\",\"item\":\"https:\/\/videstehnika.lv\/lt\/\"},{\"@type\":\"ListItem\",\"position\":2,\"name\":\"Katalogas\",\"item\":\"https:\/\/videstehnika.lv\/lt\/katalogas\/\"},{\"@type\":\"ListItem\",\"position\":3,\"name\":\"Knauf TP115 miner\u0101lvate\"}]},{\"@type\":\"WebSite\",\"@id\":\"https:\/\/videstehnika.lv\/lt\/#website\",\"url\":\"https:\/\/videstehnika.lv\/lt\/\",\"name\":\"Vides Tehnika\",\"description\":\"\",\"potentialAction\":[{\"@type\":\"SearchAction\",\"target\":{\"@type\":\"EntryPoint\",\"urlTemplate\":\"https:\/\/videstehnika.lv\/lt\/?s={search_term_string}\"},\"query-input\":{\"@type\":\"PropertyValueSpecification\",\"valueRequired\":true,\"valueName\":\"search_term_string\"}}],\"inLanguage\":\"lt-LT\"}]}<\/script>\n<!-- \/ Yoast SEO plugin. -->","yoast_head_json":{"title":"Miner\u0101lvate Knauf Insulation \"TP115\" &#8226; Vides Tehnika","description":"Miner\u0101lvate Knauf Insulation \"TP115\" ir jaun\u0101s paaudzes izol\u0101cijas materi\u0101ls, kas izgatavota no dabiskiem izejmateri\u0101liem.","robots":{"index":"index","follow":"follow","max-snippet":"max-snippet:-1","max-image-preview":"max-image-preview:large","max-video-preview":"max-video-preview:-1"},"canonical":"https:\/\/videstehnika.lv\/lt\/katalogs\/siltumizolacijas-materiali\/dabiska-mineralvate-knauf-insulation\/mineralvate-knauf-insulation-tp-115\/","og_locale":"lt_LT","og_type":"article","og_title":"Miner\u0101lvate Knauf Insulation \"TP115\" &#8226; Vides Tehnika","og_description":"Miner\u0101lvate Knauf Insulation \"TP115\" ir jaun\u0101s paaudzes izol\u0101cijas materi\u0101ls, kas izgatavota no dabiskiem izejmateri\u0101liem.","og_url":"https:\/\/videstehnika.lv\/lt\/katalogs\/siltumizolacijas-materiali\/dabiska-mineralvate-knauf-insulation\/mineralvate-knauf-insulation-tp-115\/","og_site_name":"Vides Tehnika","article_modified_time":"2024-08-06T11:04:52+00:00","og_image":[{"width":2384,"height":2560,"url":"https:\/\/videstehnika.lv\/wp-content\/uploads\/2020\/07\/TP115-Akustic-board-scaled.jpg","type":"image\/jpeg"}],"twitter_card":"summary_large_image","twitter_misc":{"Est. reading time":"1 minut\u0117"},"schema":{"@context":"https:\/\/schema.org","@graph":[{"@type":"WebPage","@id":"https:\/\/videstehnika.lv\/lt\/katalogs\/siltumizolacijas-materiali\/dabiska-mineralvate-knauf-insulation\/mineralvate-knauf-insulation-tp-115\/","url":"https:\/\/videstehnika.lv\/lt\/katalogs\/siltumizolacijas-materiali\/dabiska-mineralvate-knauf-insulation\/mineralvate-knauf-insulation-tp-115\/","name":"Miner\u0101lvate Knauf Insulation \"TP115\" &#8226; Vides Tehnika","isPartOf":{"@id":"https:\/\/videstehnika.lv\/lt\/#website"},"primaryImageOfPage":{"@id":"https:\/\/videstehnika.lv\/lt\/katalogs\/siltumizolacijas-materiali\/dabiska-mineralvate-knauf-insulation\/mineralvate-knauf-insulation-tp-115\/#primaryimage"},"image":{"@id":"https:\/\/videstehnika.lv\/lt\/katalogs\/siltumizolacijas-materiali\/dabiska-mineralvate-knauf-insulation\/mineralvate-knauf-insulation-tp-115\/#primaryimage"},"thumbnailUrl":"https:\/\/videstehnika.lv\/wp-content\/uploads\/2020\/07\/TP115-Akustic-board-scaled.jpg","datePublished":"2020-07-15T09:55:16+00:00","dateModified":"2024-08-06T11:04:52+00:00","description":"Miner\u0101lvate Knauf Insulation \"TP115\" ir jaun\u0101s paaudzes izol\u0101cijas materi\u0101ls, kas izgatavota no dabiskiem izejmateri\u0101liem.","breadcrumb":{"@id":"https:\/\/videstehnika.lv\/lt\/katalogs\/siltumizolacijas-materiali\/dabiska-mineralvate-knauf-insulation\/mineralvate-knauf-insulation-tp-115\/#breadcrumb"},"inLanguage":"lt-LT","potentialAction":[{"@type":"ReadAction","target":["https:\/\/videstehnika.lv\/lt\/katalogs\/siltumizolacijas-materiali\/dabiska-mineralvate-knauf-insulation\/mineralvate-knauf-insulation-tp-115\/"]}]},{"@type":"ImageObject","inLanguage":"lt-LT","@id":"https:\/\/videstehnika.lv\/lt\/katalogs\/siltumizolacijas-materiali\/dabiska-mineralvate-knauf-insulation\/mineralvate-knauf-insulation-tp-115\/#primaryimage","url":"https:\/\/videstehnika.lv\/wp-content\/uploads\/2020\/07\/TP115-Akustic-board-scaled.jpg","contentUrl":"https:\/\/videstehnika.lv\/wp-content\/uploads\/2020\/07\/TP115-Akustic-board-scaled.jpg","width":2384,"height":2560},{"@type":"BreadcrumbList","@id":"https:\/\/videstehnika.lv\/lt\/katalogs\/siltumizolacijas-materiali\/dabiska-mineralvate-knauf-insulation\/mineralvate-knauf-insulation-tp-115\/#breadcrumb","itemListElement":[{"@type":"ListItem","position":1,"name":"Home","item":"https:\/\/videstehnika.lv\/lt\/"},{"@type":"ListItem","position":2,"name":"Katalogas","item":"https:\/\/videstehnika.lv\/lt\/katalogas\/"},{"@type":"ListItem","position":3,"name":"Knauf TP115 miner\u0101lvate"}]},{"@type":"WebSite","@id":"https:\/\/videstehnika.lv\/lt\/#website","url":"https:\/\/videstehnika.lv\/lt\/","name":"Vides Tehnika","description":"","potentialAction":[{"@type":"SearchAction","target":{"@type":"EntryPoint","urlTemplate":"https:\/\/videstehnika.lv\/lt\/?s={search_term_string}"},"query-input":{"@type":"PropertyValueSpecification","valueRequired":true,"valueName":"search_term_string"}}],"inLanguage":"lt-LT"}]}},"_links":{"self":[{"href":"https:\/\/videstehnika.lv\/lt\/wp-json\/wp\/v2\/product\/30347","targetHints":{"allow":["GET"]}}],"collection":[{"href":"https:\/\/videstehnika.lv\/lt\/wp-json\/wp\/v2\/product"}],"about":[{"href":"https:\/\/videstehnika.lv\/lt\/wp-json\/wp\/v2\/types\/product"}],"wp:featuredmedia":[{"embeddable":true,"href":"https:\/\/videstehnika.lv\/lt\/wp-json\/wp\/v2\/media\/31458"}],"wp:attachment":[{"href":"https:\/\/videstehnika.lv\/lt\/wp-json\/wp\/v2\/media?parent=30347"}],"wp:term":[{"taxonomy":"product_cat","embeddable":true,"href":"https:\/\/videstehnika.lv\/lt\/wp-json\/wp\/v2\/product_cat?post=30347"},{"taxonomy":"product_tag","embeddable":true,"href":"https:\/\/videstehnika.lv\/lt\/wp-json\/wp\/v2\/product_tag?post=30347"}],"curies":[{"name":"wp","href":"https:\/\/api.w.org\/{rel}","templated":true}]}}