{"id":30386,"date":"2020-07-09T16:46:10","date_gmt":"2020-07-09T13:46:10","guid":{"rendered":"https:\/\/videstehnika.lv\/catalog\/be-kategorijos\/kokskiedras-pretveja-plaksne-spundeta\/"},"modified":"2024-04-03T14:58:26","modified_gmt":"2024-04-03T11:58:26","slug":"kokskiedras-pretveja-plaksne-spundeta","status":"publish","type":"product","link":"https:\/\/videstehnika.lv\/lt\/katalogs\/siltumizolacijas-materiali\/kokskiedras-plaksnes-eku-siltinasanai\/kokskiedras-pretveja-plaksne-spundeta\/","title":{"rendered":"Kok\u0161\u0137iedras pretv\u0113ja pl\u0101ksne spund\u0113ta"},"content":{"rendered":"<h2>Kok\u0161\u0137iedras pretv\u0113ja pl\u0101ksne spund\u0113ta<\/h2>\n<p>Kok\u0161\u0137iedras pretv\u0113ja pl\u0101ksnes ir efekt\u012bvs v\u0113ja aizturo\u0161s siltumizol\u0101cijas materi\u0101ls, kas piem\u0113rots \u0113ku \u0101rsienu, griestu un jumta seguma piln\u012bgai vai da\u013c\u0113jai nosiltin\u0101\u0161anai. Pretv\u0113ja pl\u0101ksnes ir izgatavotas no skujkoku skaid\u0101m, kas ir pies\u016bcin\u0101tas ar dab\u012bgiem sve\u0137iem un paraf\u012bna k\u0101rtu, kas nodro\u0161ina pl\u0101k\u0161\u0146u ilgm\u016b\u017e\u012bbu un iztur\u012bbu pret mitrumu.<\/p>\n<p>Kok\u0161\u0137iedras pretv\u0113ja pl\u0101ksnes ir piem\u0113rotas lieto\u0161anai gan aukst\u0101, gan mitr\u0101 klimat\u0101, l\u012bdz ar to lieliski pasarg\u0101s no aukstuma un mitruma Latvijas dr\u0113gnajos rude\u0146os un aukstaj\u0101s ziem\u0101s.<\/p>\n<h2>Pretv\u0113ja pl\u0101k\u0161\u0146u priek\u0161roc\u012bbas<\/h2>\n<ul>\n<li>Aiztur v\u0113ju;<\/li>\n<li>Veido siltumizol\u0101cijas sl\u0101ni;<\/li>\n<li>Pastiprina virsmas iztur\u012bbu, biezumu un stingrumu;<\/li>\n<li>Pretv\u0113ja pl\u0101ksnes pal\u012bdz pasarg\u0101t konstrukcijas no nelabv\u0113l\u012bgu laika apst\u0101k\u013cu un klimata iedarb\u012bbas aiztur v\u0113ju, vienlaikus nodro\u0161inot \u0113kas elpo\u0161anu;<\/li>\n<li>Piem\u0113rots materi\u0101ls beramo un \u0161\u0137iedras veida siltumizol\u0101cijas materi\u0101lu stiprin\u0101\u0161anai, kas vienlaikus kalpo par konstrukciju balstu un;<\/li>\n<li>Palielina siltumizol\u0101cijas materi\u0101lu efektivit\u0101ti;<\/li>\n<li>Vienk\u0101r\u0161a un \u0113rta mont\u0101\u017ea, kas neprasa specifiskas iema\u0146as vai tehnikas pielietojumu;<\/li>\n<li>Pl\u0101ksnes ir iztur\u012bgas pret boj\u0101jumiem, iev\u0113rojami atvieglojot to uzst\u0101d\u012b\u0161anu un neprasa turpm\u0101ku apkopi to kalpo\u0161anas laik\u0101;<\/li>\n<li>Ekolo\u0123isks materi\u0101ls, nesatur kait\u012bgus vai aler\u0123iskus piemais\u012bjumus;<\/li>\n<li>Piem\u0113rots \u0161paktel\u0113\u0161anai, kr\u0101so\u0161anai un cita veida t\u0101l\u0101kai apstr\u0101dei.<\/li>\n<\/ul>\n<h3><strong>Pretv\u0113ja pl\u0101k\u0161\u0146u pielietojums<\/strong><\/h3>\n<ul>\n<li>\u0112ku \u0101rsien\u0101m;<\/li>\n<li>Griestiem;<\/li>\n<li>Jumta segumam.<\/li>\n<\/ul>\n","protected":false},"excerpt":{"rendered":"<p>Cena nor\u0101d\u012bta par pl\u0101ksni<\/p>\n<p><strong>Izm\u0113rs: 24x580x2500mm (1,45m2)<\/strong><\/p>\n","protected":false},"featured_media":24019,"template":"","meta":{"_acf_changed":false},"product_cat":[3829,3834],"product_tag":[],"class_list":{"0":"post-30386","1":"product","2":"type-product","3":"status-publish","4":"has-post-thumbnail","6":"product_cat-silumos-izoliacines-medziagos","7":"product_cat-medienos-plausu-plokstes-ekologiniam-sildymui","9":"first","10":"onbackorder","11":"taxable","12":"shipping-taxable","13":"product-type-simple"},"acf":[],"yoast_head":"<!-- This site is optimized with the Yoast SEO plugin v24.2 - https:\/\/yoast.com\/wordpress\/plugins\/seo\/ -->\n<title>Kok\u0161\u0137iedras pretv\u0113ja pl\u0101ksne spund\u0113ta ISOPLAAT&#8226; Vides Tehnika<\/title>\n<meta name=\"description\" content=\"Kok\u0161\u0137iedras pretv\u0113ja pl\u0101ksne spund\u0113ta ISOPLAAT ir v\u0113ja aizturo\u0161s siltumizol\u0101cijas materi\u0101ls, kas piem\u0113rots da\u017e\u0101du konstrukciju siltin\u0101\u0161anai.\" \/>\n<meta name=\"robots\" content=\"index, follow, max-snippet:-1, max-image-preview:large, max-video-preview:-1\" \/>\n<link rel=\"canonical\" href=\"https:\/\/videstehnika.lv\/lt\/katalogs\/siltumizolacijas-materiali\/kokskiedras-plaksnes-eku-siltinasanai\/kokskiedras-pretveja-plaksne-spundeta\/\" \/>\n<meta property=\"og:locale\" content=\"lt_LT\" \/>\n<meta property=\"og:type\" content=\"article\" \/>\n<meta property=\"og:title\" content=\"Kok\u0161\u0137iedras pretv\u0113ja pl\u0101ksne spund\u0113ta ISOPLAAT&#8226; Vides Tehnika\" \/>\n<meta property=\"og:description\" content=\"Kok\u0161\u0137iedras pretv\u0113ja pl\u0101ksne spund\u0113ta ISOPLAAT ir v\u0113ja aizturo\u0161s siltumizol\u0101cijas materi\u0101ls, kas piem\u0113rots da\u017e\u0101du konstrukciju siltin\u0101\u0161anai.\" \/>\n<meta property=\"og:url\" content=\"https:\/\/videstehnika.lv\/lt\/katalogs\/siltumizolacijas-materiali\/kokskiedras-plaksnes-eku-siltinasanai\/kokskiedras-pretveja-plaksne-spundeta\/\" \/>\n<meta property=\"og:site_name\" content=\"Vides Tehnika\" \/>\n<meta property=\"article:modified_time\" content=\"2024-04-03T11:58:26+00:00\" \/>\n<meta property=\"og:image\" content=\"https:\/\/videstehnika.lv\/wp-content\/uploads\/2020\/07\/vides-tehnika-pretveja-plaksne-spundeta.jpg\" \/>\n\t<meta property=\"og:image:width\" content=\"900\" \/>\n\t<meta property=\"og:image:height\" content=\"900\" \/>\n\t<meta property=\"og:image:type\" content=\"image\/jpeg\" \/>\n<meta name=\"twitter:card\" content=\"summary_large_image\" \/>\n<meta name=\"twitter:label1\" content=\"Est. reading time\" \/>\n\t<meta name=\"twitter:data1\" content=\"1 minut\u0117\" \/>\n<script type=\"application\/ld+json\" class=\"yoast-schema-graph\">{\"@context\":\"https:\/\/schema.org\",\"@graph\":[{\"@type\":\"WebPage\",\"@id\":\"https:\/\/videstehnika.lv\/lt\/katalogs\/siltumizolacijas-materiali\/kokskiedras-plaksnes-eku-siltinasanai\/kokskiedras-pretveja-plaksne-spundeta\/\",\"url\":\"https:\/\/videstehnika.lv\/lt\/katalogs\/siltumizolacijas-materiali\/kokskiedras-plaksnes-eku-siltinasanai\/kokskiedras-pretveja-plaksne-spundeta\/\",\"name\":\"Kok\u0161\u0137iedras pretv\u0113ja pl\u0101ksne spund\u0113ta ISOPLAAT&#8226; Vides Tehnika\",\"isPartOf\":{\"@id\":\"https:\/\/videstehnika.lv\/lt\/#website\"},\"primaryImageOfPage\":{\"@id\":\"https:\/\/videstehnika.lv\/lt\/katalogs\/siltumizolacijas-materiali\/kokskiedras-plaksnes-eku-siltinasanai\/kokskiedras-pretveja-plaksne-spundeta\/#primaryimage\"},\"image\":{\"@id\":\"https:\/\/videstehnika.lv\/lt\/katalogs\/siltumizolacijas-materiali\/kokskiedras-plaksnes-eku-siltinasanai\/kokskiedras-pretveja-plaksne-spundeta\/#primaryimage\"},\"thumbnailUrl\":\"https:\/\/videstehnika.lv\/wp-content\/uploads\/2020\/07\/vides-tehnika-pretveja-plaksne-spundeta.jpg\",\"datePublished\":\"2020-07-09T13:46:10+00:00\",\"dateModified\":\"2024-04-03T11:58:26+00:00\",\"description\":\"Kok\u0161\u0137iedras pretv\u0113ja pl\u0101ksne spund\u0113ta ISOPLAAT ir v\u0113ja aizturo\u0161s siltumizol\u0101cijas materi\u0101ls, kas piem\u0113rots da\u017e\u0101du konstrukciju siltin\u0101\u0161anai.\",\"breadcrumb\":{\"@id\":\"https:\/\/videstehnika.lv\/lt\/katalogs\/siltumizolacijas-materiali\/kokskiedras-plaksnes-eku-siltinasanai\/kokskiedras-pretveja-plaksne-spundeta\/#breadcrumb\"},\"inLanguage\":\"lt-LT\",\"potentialAction\":[{\"@type\":\"ReadAction\",\"target\":[\"https:\/\/videstehnika.lv\/lt\/katalogs\/siltumizolacijas-materiali\/kokskiedras-plaksnes-eku-siltinasanai\/kokskiedras-pretveja-plaksne-spundeta\/\"]}]},{\"@type\":\"ImageObject\",\"inLanguage\":\"lt-LT\",\"@id\":\"https:\/\/videstehnika.lv\/lt\/katalogs\/siltumizolacijas-materiali\/kokskiedras-plaksnes-eku-siltinasanai\/kokskiedras-pretveja-plaksne-spundeta\/#primaryimage\",\"url\":\"https:\/\/videstehnika.lv\/wp-content\/uploads\/2020\/07\/vides-tehnika-pretveja-plaksne-spundeta.jpg\",\"contentUrl\":\"https:\/\/videstehnika.lv\/wp-content\/uploads\/2020\/07\/vides-tehnika-pretveja-plaksne-spundeta.jpg\",\"width\":900,\"height\":900},{\"@type\":\"BreadcrumbList\",\"@id\":\"https:\/\/videstehnika.lv\/lt\/katalogs\/siltumizolacijas-materiali\/kokskiedras-plaksnes-eku-siltinasanai\/kokskiedras-pretveja-plaksne-spundeta\/#breadcrumb\",\"itemListElement\":[{\"@type\":\"ListItem\",\"position\":1,\"name\":\"Home\",\"item\":\"https:\/\/videstehnika.lv\/lt\/\"},{\"@type\":\"ListItem\",\"position\":2,\"name\":\"Katalogas\",\"item\":\"https:\/\/videstehnika.lv\/lt\/katalogas\/\"},{\"@type\":\"ListItem\",\"position\":3,\"name\":\"Kok\u0161\u0137iedras pretv\u0113ja pl\u0101ksne spund\u0113ta\"}]},{\"@type\":\"WebSite\",\"@id\":\"https:\/\/videstehnika.lv\/lt\/#website\",\"url\":\"https:\/\/videstehnika.lv\/lt\/\",\"name\":\"Vides Tehnika\",\"description\":\"\",\"potentialAction\":[{\"@type\":\"SearchAction\",\"target\":{\"@type\":\"EntryPoint\",\"urlTemplate\":\"https:\/\/videstehnika.lv\/lt\/?s={search_term_string}\"},\"query-input\":{\"@type\":\"PropertyValueSpecification\",\"valueRequired\":true,\"valueName\":\"search_term_string\"}}],\"inLanguage\":\"lt-LT\"}]}<\/script>\n<!-- \/ Yoast SEO plugin. -->","yoast_head_json":{"title":"Kok\u0161\u0137iedras pretv\u0113ja pl\u0101ksne spund\u0113ta ISOPLAAT&#8226; Vides Tehnika","description":"Kok\u0161\u0137iedras pretv\u0113ja pl\u0101ksne spund\u0113ta ISOPLAAT ir v\u0113ja aizturo\u0161s siltumizol\u0101cijas materi\u0101ls, kas piem\u0113rots da\u017e\u0101du konstrukciju siltin\u0101\u0161anai.","robots":{"index":"index","follow":"follow","max-snippet":"max-snippet:-1","max-image-preview":"max-image-preview:large","max-video-preview":"max-video-preview:-1"},"canonical":"https:\/\/videstehnika.lv\/lt\/katalogs\/siltumizolacijas-materiali\/kokskiedras-plaksnes-eku-siltinasanai\/kokskiedras-pretveja-plaksne-spundeta\/","og_locale":"lt_LT","og_type":"article","og_title":"Kok\u0161\u0137iedras pretv\u0113ja pl\u0101ksne spund\u0113ta ISOPLAAT&#8226; Vides Tehnika","og_description":"Kok\u0161\u0137iedras pretv\u0113ja pl\u0101ksne spund\u0113ta ISOPLAAT ir v\u0113ja aizturo\u0161s siltumizol\u0101cijas materi\u0101ls, kas piem\u0113rots da\u017e\u0101du konstrukciju siltin\u0101\u0161anai.","og_url":"https:\/\/videstehnika.lv\/lt\/katalogs\/siltumizolacijas-materiali\/kokskiedras-plaksnes-eku-siltinasanai\/kokskiedras-pretveja-plaksne-spundeta\/","og_site_name":"Vides Tehnika","article_modified_time":"2024-04-03T11:58:26+00:00","og_image":[{"width":900,"height":900,"url":"https:\/\/videstehnika.lv\/wp-content\/uploads\/2020\/07\/vides-tehnika-pretveja-plaksne-spundeta.jpg","type":"image\/jpeg"}],"twitter_card":"summary_large_image","twitter_misc":{"Est. reading time":"1 minut\u0117"},"schema":{"@context":"https:\/\/schema.org","@graph":[{"@type":"WebPage","@id":"https:\/\/videstehnika.lv\/lt\/katalogs\/siltumizolacijas-materiali\/kokskiedras-plaksnes-eku-siltinasanai\/kokskiedras-pretveja-plaksne-spundeta\/","url":"https:\/\/videstehnika.lv\/lt\/katalogs\/siltumizolacijas-materiali\/kokskiedras-plaksnes-eku-siltinasanai\/kokskiedras-pretveja-plaksne-spundeta\/","name":"Kok\u0161\u0137iedras pretv\u0113ja pl\u0101ksne spund\u0113ta ISOPLAAT&#8226; Vides Tehnika","isPartOf":{"@id":"https:\/\/videstehnika.lv\/lt\/#website"},"primaryImageOfPage":{"@id":"https:\/\/videstehnika.lv\/lt\/katalogs\/siltumizolacijas-materiali\/kokskiedras-plaksnes-eku-siltinasanai\/kokskiedras-pretveja-plaksne-spundeta\/#primaryimage"},"image":{"@id":"https:\/\/videstehnika.lv\/lt\/katalogs\/siltumizolacijas-materiali\/kokskiedras-plaksnes-eku-siltinasanai\/kokskiedras-pretveja-plaksne-spundeta\/#primaryimage"},"thumbnailUrl":"https:\/\/videstehnika.lv\/wp-content\/uploads\/2020\/07\/vides-tehnika-pretveja-plaksne-spundeta.jpg","datePublished":"2020-07-09T13:46:10+00:00","dateModified":"2024-04-03T11:58:26+00:00","description":"Kok\u0161\u0137iedras pretv\u0113ja pl\u0101ksne spund\u0113ta ISOPLAAT ir v\u0113ja aizturo\u0161s siltumizol\u0101cijas materi\u0101ls, kas piem\u0113rots da\u017e\u0101du konstrukciju siltin\u0101\u0161anai.","breadcrumb":{"@id":"https:\/\/videstehnika.lv\/lt\/katalogs\/siltumizolacijas-materiali\/kokskiedras-plaksnes-eku-siltinasanai\/kokskiedras-pretveja-plaksne-spundeta\/#breadcrumb"},"inLanguage":"lt-LT","potentialAction":[{"@type":"ReadAction","target":["https:\/\/videstehnika.lv\/lt\/katalogs\/siltumizolacijas-materiali\/kokskiedras-plaksnes-eku-siltinasanai\/kokskiedras-pretveja-plaksne-spundeta\/"]}]},{"@type":"ImageObject","inLanguage":"lt-LT","@id":"https:\/\/videstehnika.lv\/lt\/katalogs\/siltumizolacijas-materiali\/kokskiedras-plaksnes-eku-siltinasanai\/kokskiedras-pretveja-plaksne-spundeta\/#primaryimage","url":"https:\/\/videstehnika.lv\/wp-content\/uploads\/2020\/07\/vides-tehnika-pretveja-plaksne-spundeta.jpg","contentUrl":"https:\/\/videstehnika.lv\/wp-content\/uploads\/2020\/07\/vides-tehnika-pretveja-plaksne-spundeta.jpg","width":900,"height":900},{"@type":"BreadcrumbList","@id":"https:\/\/videstehnika.lv\/lt\/katalogs\/siltumizolacijas-materiali\/kokskiedras-plaksnes-eku-siltinasanai\/kokskiedras-pretveja-plaksne-spundeta\/#breadcrumb","itemListElement":[{"@type":"ListItem","position":1,"name":"Home","item":"https:\/\/videstehnika.lv\/lt\/"},{"@type":"ListItem","position":2,"name":"Katalogas","item":"https:\/\/videstehnika.lv\/lt\/katalogas\/"},{"@type":"ListItem","position":3,"name":"Kok\u0161\u0137iedras pretv\u0113ja pl\u0101ksne spund\u0113ta"}]},{"@type":"WebSite","@id":"https:\/\/videstehnika.lv\/lt\/#website","url":"https:\/\/videstehnika.lv\/lt\/","name":"Vides Tehnika","description":"","potentialAction":[{"@type":"SearchAction","target":{"@type":"EntryPoint","urlTemplate":"https:\/\/videstehnika.lv\/lt\/?s={search_term_string}"},"query-input":{"@type":"PropertyValueSpecification","valueRequired":true,"valueName":"search_term_string"}}],"inLanguage":"lt-LT"}]}},"_links":{"self":[{"href":"https:\/\/videstehnika.lv\/lt\/wp-json\/wp\/v2\/product\/30386","targetHints":{"allow":["GET"]}}],"collection":[{"href":"https:\/\/videstehnika.lv\/lt\/wp-json\/wp\/v2\/product"}],"about":[{"href":"https:\/\/videstehnika.lv\/lt\/wp-json\/wp\/v2\/types\/product"}],"wp:featuredmedia":[{"embeddable":true,"href":"https:\/\/videstehnika.lv\/lt\/wp-json\/wp\/v2\/media\/24019"}],"wp:attachment":[{"href":"https:\/\/videstehnika.lv\/lt\/wp-json\/wp\/v2\/media?parent=30386"}],"wp:term":[{"taxonomy":"product_cat","embeddable":true,"href":"https:\/\/videstehnika.lv\/lt\/wp-json\/wp\/v2\/product_cat?post=30386"},{"taxonomy":"product_tag","embeddable":true,"href":"https:\/\/videstehnika.lv\/lt\/wp-json\/wp\/v2\/product_tag?post=30386"}],"curies":[{"name":"wp","href":"https:\/\/api.w.org\/{rel}","templated":true}]}}