{"id":30392,"date":"2020-07-09T15:52:40","date_gmt":"2020-07-09T12:52:40","guid":{"rendered":"https:\/\/videstehnika.lv\/catalog\/be-kategorijos\/kokskiedras-plaksnes-steico-underfloor\/"},"modified":"2026-04-09T12:32:08","modified_gmt":"2026-04-09T09:32:08","slug":"kokskiedras-plaksnes-steico-underfloor","status":"publish","type":"product","link":"https:\/\/videstehnika.lv\/lt\/katalogs\/siltumizolacijas-materiali\/kokskiedras-plaksnes-eku-siltinasanai\/kokskiedras-plaksnes-steico-underfloor\/","title":{"rendered":"STEICO  Ecosilent kok\u0161\u0137iedras pl\u0101ksnes"},"content":{"rendered":"<h2>Kok\u0161\u0137iedras pl\u0101ksnes &#8222;STEICO Ecosilent&#8221;<\/h2>\n<p>Kok\u0161\u0137iedras pl\u0101ksnes &#8222;STEICO Ecosilent&#8221; paredz\u0113tas iekl\u0101\u0161anai zem lamin\u0101ta vai parketa, garant\u0113jot perfektu trok\u0161\u0146u sl\u0101p\u0113\u0161anu. Ar STEICO Ecosilent varat b\u016bt dro\u0161s, ka j\u016bs netrauc\u0113siet kaimi\u0146us un kaimi\u0146i netrauc\u0113s j\u016bs.<\/p>\n<h2><strong>STEICO Ecosilent priek\u0161roc\u012bbas<\/strong><\/h2>\n<ul>\n<li>\u0112rti un vienk\u0101r\u0161i lietojams, l\u0113ta uzst\u0101d\u012b\u0161ana;<\/li>\n<li>Ide\u0101la ska\u0146as izol\u0101cija;<\/li>\n<li>Uzlabo telpas akustiku;<\/li>\n<li>Veicina gr\u012bdu siltumizol\u0101ciju;<\/li>\n<li>Teicamas dif\u016bzijas sp\u0113jas;<\/li>\n<li>Ekolo\u0123iski t\u012brs, videi un cilv\u0113kam draudz\u012bgs materi\u0101ls;<\/li>\n<li>Antialer\u0123isks materi\u0101ls, nekairina \u0101du;<\/li>\n<li>Piem\u0113rots otrreiz\u0113jai p\u0101rstr\u0101dei;<\/li>\n<li>Sertific\u0113ts materi\u0101ls, kas ir ra\u017eots atbilsto\u0161i Eiropas l\u012bme\u0146a kvalit\u0101tes pras\u012bb\u0101m.<\/li>\n<\/ul>\n<h3><strong>STEICO Ecosilent pielietojums<\/strong><\/h3>\n<ul>\n<li>Piem\u0113rots lieto\u0161anai gr\u012bd\u0101m, iekl\u0101jot zem gr\u012bdas seguma.<\/li>\n<\/ul>\n","protected":false},"excerpt":{"rendered":"<p>Cena nor\u0101d\u012bta par paku<\/p>\n","protected":false},"featured_media":23806,"template":"","meta":{"_acf_changed":false},"product_cat":[3829,3834],"product_tag":[],"class_list":{"0":"post-30392","1":"product","2":"type-product","3":"status-publish","4":"has-post-thumbnail","6":"product_cat-silumos-izoliacines-medziagos","7":"product_cat-medienos-plausu-plokstes-ekologiniam-sildymui","9":"first","10":"instock","11":"taxable","12":"shipping-taxable","13":"purchasable","14":"product-type-variable"},"acf":[],"yoast_head":"<!-- This site is optimized with the Yoast SEO plugin v24.2 - https:\/\/yoast.com\/wordpress\/plugins\/seo\/ -->\n<title>Kok\u0161\u0137iedras pl\u0101ksnes &quot;STEICO Underfloor&quot; &#8226; Vides Tehnika<\/title>\n<meta name=\"description\" content=\"Kok\u0161\u0137iedras pl\u0101ksnes &quot;STEICO Underfloor&quot; paredz\u0113tas iekl\u0101\u0161anai zem lamin\u0101ta vai parketa, garant\u0113jot perfektu trok\u0161\u0146u sl\u0101p\u0113\u0161anu.\" \/>\n<meta name=\"robots\" content=\"index, follow, max-snippet:-1, max-image-preview:large, max-video-preview:-1\" \/>\n<link rel=\"canonical\" href=\"https:\/\/videstehnika.lv\/lt\/katalogs\/siltumizolacijas-materiali\/kokskiedras-plaksnes-eku-siltinasanai\/kokskiedras-plaksnes-steico-underfloor\/\" \/>\n<meta property=\"og:locale\" content=\"lt_LT\" \/>\n<meta property=\"og:type\" content=\"article\" \/>\n<meta property=\"og:title\" content=\"Kok\u0161\u0137iedras pl\u0101ksnes &quot;STEICO Underfloor&quot; &#8226; Vides Tehnika\" \/>\n<meta property=\"og:description\" content=\"Kok\u0161\u0137iedras pl\u0101ksnes &quot;STEICO Underfloor&quot; paredz\u0113tas iekl\u0101\u0161anai zem lamin\u0101ta vai parketa, garant\u0113jot perfektu trok\u0161\u0146u sl\u0101p\u0113\u0161anu.\" \/>\n<meta property=\"og:url\" content=\"https:\/\/videstehnika.lv\/lt\/katalogs\/siltumizolacijas-materiali\/kokskiedras-plaksnes-eku-siltinasanai\/kokskiedras-plaksnes-steico-underfloor\/\" \/>\n<meta property=\"og:site_name\" content=\"Vides Tehnika\" \/>\n<meta property=\"article:modified_time\" content=\"2026-04-09T09:32:08+00:00\" \/>\n<meta property=\"og:image\" content=\"https:\/\/videstehnika.lv\/wp-content\/uploads\/2020\/07\/vides-tehnika-kokskiedras-plaksnes-steico-underfloor.jpg\" \/>\n\t<meta property=\"og:image:width\" content=\"900\" \/>\n\t<meta property=\"og:image:height\" content=\"900\" \/>\n\t<meta property=\"og:image:type\" content=\"image\/jpeg\" \/>\n<meta name=\"twitter:card\" content=\"summary_large_image\" \/>\n<meta name=\"twitter:label1\" content=\"Est. reading time\" \/>\n\t<meta name=\"twitter:data1\" content=\"1 minut\u0117\" \/>\n<script type=\"application\/ld+json\" class=\"yoast-schema-graph\">{\"@context\":\"https:\/\/schema.org\",\"@graph\":[{\"@type\":\"WebPage\",\"@id\":\"https:\/\/videstehnika.lv\/lt\/katalogs\/siltumizolacijas-materiali\/kokskiedras-plaksnes-eku-siltinasanai\/kokskiedras-plaksnes-steico-underfloor\/\",\"url\":\"https:\/\/videstehnika.lv\/lt\/katalogs\/siltumizolacijas-materiali\/kokskiedras-plaksnes-eku-siltinasanai\/kokskiedras-plaksnes-steico-underfloor\/\",\"name\":\"Kok\u0161\u0137iedras pl\u0101ksnes \\\"STEICO Underfloor\\\" &#8226; Vides Tehnika\",\"isPartOf\":{\"@id\":\"https:\/\/videstehnika.lv\/lt\/#website\"},\"primaryImageOfPage\":{\"@id\":\"https:\/\/videstehnika.lv\/lt\/katalogs\/siltumizolacijas-materiali\/kokskiedras-plaksnes-eku-siltinasanai\/kokskiedras-plaksnes-steico-underfloor\/#primaryimage\"},\"image\":{\"@id\":\"https:\/\/videstehnika.lv\/lt\/katalogs\/siltumizolacijas-materiali\/kokskiedras-plaksnes-eku-siltinasanai\/kokskiedras-plaksnes-steico-underfloor\/#primaryimage\"},\"thumbnailUrl\":\"https:\/\/videstehnika.lv\/wp-content\/uploads\/2020\/07\/vides-tehnika-kokskiedras-plaksnes-steico-underfloor.jpg\",\"datePublished\":\"2020-07-09T12:52:40+00:00\",\"dateModified\":\"2026-04-09T09:32:08+00:00\",\"description\":\"Kok\u0161\u0137iedras pl\u0101ksnes \\\"STEICO Underfloor\\\" paredz\u0113tas iekl\u0101\u0161anai zem lamin\u0101ta vai parketa, garant\u0113jot perfektu trok\u0161\u0146u sl\u0101p\u0113\u0161anu.\",\"breadcrumb\":{\"@id\":\"https:\/\/videstehnika.lv\/lt\/katalogs\/siltumizolacijas-materiali\/kokskiedras-plaksnes-eku-siltinasanai\/kokskiedras-plaksnes-steico-underfloor\/#breadcrumb\"},\"inLanguage\":\"lt-LT\",\"potentialAction\":[{\"@type\":\"ReadAction\",\"target\":[\"https:\/\/videstehnika.lv\/lt\/katalogs\/siltumizolacijas-materiali\/kokskiedras-plaksnes-eku-siltinasanai\/kokskiedras-plaksnes-steico-underfloor\/\"]}]},{\"@type\":\"ImageObject\",\"inLanguage\":\"lt-LT\",\"@id\":\"https:\/\/videstehnika.lv\/lt\/katalogs\/siltumizolacijas-materiali\/kokskiedras-plaksnes-eku-siltinasanai\/kokskiedras-plaksnes-steico-underfloor\/#primaryimage\",\"url\":\"https:\/\/videstehnika.lv\/wp-content\/uploads\/2020\/07\/vides-tehnika-kokskiedras-plaksnes-steico-underfloor.jpg\",\"contentUrl\":\"https:\/\/videstehnika.lv\/wp-content\/uploads\/2020\/07\/vides-tehnika-kokskiedras-plaksnes-steico-underfloor.jpg\",\"width\":900,\"height\":900},{\"@type\":\"BreadcrumbList\",\"@id\":\"https:\/\/videstehnika.lv\/lt\/katalogs\/siltumizolacijas-materiali\/kokskiedras-plaksnes-eku-siltinasanai\/kokskiedras-plaksnes-steico-underfloor\/#breadcrumb\",\"itemListElement\":[{\"@type\":\"ListItem\",\"position\":1,\"name\":\"Home\",\"item\":\"https:\/\/videstehnika.lv\/lt\/\"},{\"@type\":\"ListItem\",\"position\":2,\"name\":\"Katalogas\",\"item\":\"https:\/\/videstehnika.lv\/lt\/katalogas\/\"},{\"@type\":\"ListItem\",\"position\":3,\"name\":\"STEICO Ecosilent kok\u0161\u0137iedras pl\u0101ksnes\"}]},{\"@type\":\"WebSite\",\"@id\":\"https:\/\/videstehnika.lv\/lt\/#website\",\"url\":\"https:\/\/videstehnika.lv\/lt\/\",\"name\":\"Vides Tehnika\",\"description\":\"\",\"potentialAction\":[{\"@type\":\"SearchAction\",\"target\":{\"@type\":\"EntryPoint\",\"urlTemplate\":\"https:\/\/videstehnika.lv\/lt\/?s={search_term_string}\"},\"query-input\":{\"@type\":\"PropertyValueSpecification\",\"valueRequired\":true,\"valueName\":\"search_term_string\"}}],\"inLanguage\":\"lt-LT\"}]}<\/script>\n<!-- \/ Yoast SEO plugin. -->","yoast_head_json":{"title":"Kok\u0161\u0137iedras pl\u0101ksnes \"STEICO Underfloor\" &#8226; Vides Tehnika","description":"Kok\u0161\u0137iedras pl\u0101ksnes \"STEICO Underfloor\" paredz\u0113tas iekl\u0101\u0161anai zem lamin\u0101ta vai parketa, garant\u0113jot perfektu trok\u0161\u0146u sl\u0101p\u0113\u0161anu.","robots":{"index":"index","follow":"follow","max-snippet":"max-snippet:-1","max-image-preview":"max-image-preview:large","max-video-preview":"max-video-preview:-1"},"canonical":"https:\/\/videstehnika.lv\/lt\/katalogs\/siltumizolacijas-materiali\/kokskiedras-plaksnes-eku-siltinasanai\/kokskiedras-plaksnes-steico-underfloor\/","og_locale":"lt_LT","og_type":"article","og_title":"Kok\u0161\u0137iedras pl\u0101ksnes \"STEICO Underfloor\" &#8226; Vides Tehnika","og_description":"Kok\u0161\u0137iedras pl\u0101ksnes \"STEICO Underfloor\" paredz\u0113tas iekl\u0101\u0161anai zem lamin\u0101ta vai parketa, garant\u0113jot perfektu trok\u0161\u0146u sl\u0101p\u0113\u0161anu.","og_url":"https:\/\/videstehnika.lv\/lt\/katalogs\/siltumizolacijas-materiali\/kokskiedras-plaksnes-eku-siltinasanai\/kokskiedras-plaksnes-steico-underfloor\/","og_site_name":"Vides Tehnika","article_modified_time":"2026-04-09T09:32:08+00:00","og_image":[{"width":900,"height":900,"url":"https:\/\/videstehnika.lv\/wp-content\/uploads\/2020\/07\/vides-tehnika-kokskiedras-plaksnes-steico-underfloor.jpg","type":"image\/jpeg"}],"twitter_card":"summary_large_image","twitter_misc":{"Est. reading time":"1 minut\u0117"},"schema":{"@context":"https:\/\/schema.org","@graph":[{"@type":"WebPage","@id":"https:\/\/videstehnika.lv\/lt\/katalogs\/siltumizolacijas-materiali\/kokskiedras-plaksnes-eku-siltinasanai\/kokskiedras-plaksnes-steico-underfloor\/","url":"https:\/\/videstehnika.lv\/lt\/katalogs\/siltumizolacijas-materiali\/kokskiedras-plaksnes-eku-siltinasanai\/kokskiedras-plaksnes-steico-underfloor\/","name":"Kok\u0161\u0137iedras pl\u0101ksnes \"STEICO Underfloor\" &#8226; Vides Tehnika","isPartOf":{"@id":"https:\/\/videstehnika.lv\/lt\/#website"},"primaryImageOfPage":{"@id":"https:\/\/videstehnika.lv\/lt\/katalogs\/siltumizolacijas-materiali\/kokskiedras-plaksnes-eku-siltinasanai\/kokskiedras-plaksnes-steico-underfloor\/#primaryimage"},"image":{"@id":"https:\/\/videstehnika.lv\/lt\/katalogs\/siltumizolacijas-materiali\/kokskiedras-plaksnes-eku-siltinasanai\/kokskiedras-plaksnes-steico-underfloor\/#primaryimage"},"thumbnailUrl":"https:\/\/videstehnika.lv\/wp-content\/uploads\/2020\/07\/vides-tehnika-kokskiedras-plaksnes-steico-underfloor.jpg","datePublished":"2020-07-09T12:52:40+00:00","dateModified":"2026-04-09T09:32:08+00:00","description":"Kok\u0161\u0137iedras pl\u0101ksnes \"STEICO Underfloor\" paredz\u0113tas iekl\u0101\u0161anai zem lamin\u0101ta vai parketa, garant\u0113jot perfektu trok\u0161\u0146u sl\u0101p\u0113\u0161anu.","breadcrumb":{"@id":"https:\/\/videstehnika.lv\/lt\/katalogs\/siltumizolacijas-materiali\/kokskiedras-plaksnes-eku-siltinasanai\/kokskiedras-plaksnes-steico-underfloor\/#breadcrumb"},"inLanguage":"lt-LT","potentialAction":[{"@type":"ReadAction","target":["https:\/\/videstehnika.lv\/lt\/katalogs\/siltumizolacijas-materiali\/kokskiedras-plaksnes-eku-siltinasanai\/kokskiedras-plaksnes-steico-underfloor\/"]}]},{"@type":"ImageObject","inLanguage":"lt-LT","@id":"https:\/\/videstehnika.lv\/lt\/katalogs\/siltumizolacijas-materiali\/kokskiedras-plaksnes-eku-siltinasanai\/kokskiedras-plaksnes-steico-underfloor\/#primaryimage","url":"https:\/\/videstehnika.lv\/wp-content\/uploads\/2020\/07\/vides-tehnika-kokskiedras-plaksnes-steico-underfloor.jpg","contentUrl":"https:\/\/videstehnika.lv\/wp-content\/uploads\/2020\/07\/vides-tehnika-kokskiedras-plaksnes-steico-underfloor.jpg","width":900,"height":900},{"@type":"BreadcrumbList","@id":"https:\/\/videstehnika.lv\/lt\/katalogs\/siltumizolacijas-materiali\/kokskiedras-plaksnes-eku-siltinasanai\/kokskiedras-plaksnes-steico-underfloor\/#breadcrumb","itemListElement":[{"@type":"ListItem","position":1,"name":"Home","item":"https:\/\/videstehnika.lv\/lt\/"},{"@type":"ListItem","position":2,"name":"Katalogas","item":"https:\/\/videstehnika.lv\/lt\/katalogas\/"},{"@type":"ListItem","position":3,"name":"STEICO Ecosilent kok\u0161\u0137iedras pl\u0101ksnes"}]},{"@type":"WebSite","@id":"https:\/\/videstehnika.lv\/lt\/#website","url":"https:\/\/videstehnika.lv\/lt\/","name":"Vides Tehnika","description":"","potentialAction":[{"@type":"SearchAction","target":{"@type":"EntryPoint","urlTemplate":"https:\/\/videstehnika.lv\/lt\/?s={search_term_string}"},"query-input":{"@type":"PropertyValueSpecification","valueRequired":true,"valueName":"search_term_string"}}],"inLanguage":"lt-LT"}]}},"_links":{"self":[{"href":"https:\/\/videstehnika.lv\/lt\/wp-json\/wp\/v2\/product\/30392","targetHints":{"allow":["GET"]}}],"collection":[{"href":"https:\/\/videstehnika.lv\/lt\/wp-json\/wp\/v2\/product"}],"about":[{"href":"https:\/\/videstehnika.lv\/lt\/wp-json\/wp\/v2\/types\/product"}],"wp:featuredmedia":[{"embeddable":true,"href":"https:\/\/videstehnika.lv\/lt\/wp-json\/wp\/v2\/media\/23806"}],"wp:attachment":[{"href":"https:\/\/videstehnika.lv\/lt\/wp-json\/wp\/v2\/media?parent=30392"}],"wp:term":[{"taxonomy":"product_cat","embeddable":true,"href":"https:\/\/videstehnika.lv\/lt\/wp-json\/wp\/v2\/product_cat?post=30392"},{"taxonomy":"product_tag","embeddable":true,"href":"https:\/\/videstehnika.lv\/lt\/wp-json\/wp\/v2\/product_tag?post=30392"}],"curies":[{"name":"wp","href":"https:\/\/api.w.org\/{rel}","templated":true}]}}