{"id":30402,"date":"2020-07-08T15:19:05","date_gmt":"2020-07-08T12:19:05","guid":{"rendered":"https:\/\/videstehnika.lv\/catalog\/be-kategorijos\/kokskiedras-plaksnes-steico-therm-internal\/"},"modified":"2026-04-09T11:47:10","modified_gmt":"2026-04-09T08:47:10","slug":"kokskiedras-plaksnes-steico-therm-internal","status":"publish","type":"product","link":"https:\/\/videstehnika.lv\/lt\/katalogs\/siltumizolacijas-materiali\/kokskiedras-plaksnes-eku-siltinasanai\/kokskiedras-plaksnes-steico-therm-internal\/","title":{"rendered":"STEICO Therm Internal kok\u0161\u0137iedras pl\u0101ksnes"},"content":{"rendered":"<h2>Kok\u0161\u0137iedras pl\u0101ksnes &#8222;STEICO Therm Internal&#8221;<\/h2>\n<p>Kok\u0161\u0137iedras pl\u0101ksnes &#8222;STEICO Therm Internal&#8221;\u00a0ir paredz\u0113tas visa veida konstrukciju siltin\u0101\u0161anai, nodro\u0161inot teicamu rezult\u0101tu \u2013 siltumu, m\u0101j\u012bgumu un trok\u0161\u0146a izol\u0101ciju vis\u0101s telp\u0101s. Pateicoties materi\u0101la cietajai strukt\u016brai, tas ir piem\u0113rots t\u0101l\u0101kai apme\u0161anai, padarot t\u0101 pielieto\u0161anas iesp\u0113jas v\u0113l pla\u0161\u0101kas.<\/p>\n<p>Izv\u0113loties &#8222;STEICO Therm Internal&#8221; pl\u0101ksnes \u0113ku siltin\u0101\u0161anas darbu veik\u0161anai, j\u016bs sasniegsiet lielisku rezult\u0101tu, labu kvalit\u0101ti un uzticamu kalpo\u0161anu gadiem ilgi. Pateicoties materi\u0101la pla\u0161aj\u0101m pielietojuma iesp\u0113j\u0101m, tas ir \u0113rts un ekonomisks lieto\u0161an\u0101, k\u0101 ar\u012b ir viens no praktisk\u0101kajiem siltumizol\u0101cijas materi\u0101liem.<\/p>\n<p>P\u0113c materi\u0101la iestr\u0101des sasniegtais efekts: siltumizol\u0101cija, ska\u0146as izol\u0101cija, mitruma regul\u0101cija telp\u0101s, vesel\u012bgs mikroklimats un m\u0101j\u012bga vide.<\/p>\n<h2><strong>STEICO Therm Internal priek\u0161roc\u012bbas<\/strong><\/h2>\n<ul>\n<li>Teicamas siltumizol\u0101cijas sp\u0113jas;<\/li>\n<li>\u0112rti un vienk\u0101r\u0161i lietojams;<\/li>\n<li>Ekonomisks un pla\u0161i pielietojams materi\u0101ls;<\/li>\n<li>Teicamas dif\u016bzijas sp\u0113jas;<\/li>\n<li>Piem\u0113rots lieto\u0161anai zem apmetuma, k\u0101 ar\u012b virs beram\u0101 un m\u012bkst\u0101 siltumizol\u0101cijas materi\u0101la sl\u0101\u0146a;<\/li>\n<li>Iztur\u012bgs pret deform\u0101ciju un lielu slodzi;<\/li>\n<li>Ekolo\u0123iski t\u012brs, videi un cilv\u0113kam draudz\u012bgs materi\u0101ls;<\/li>\n<li>Antialer\u0123isks materi\u0101ls, nekairina \u0101du;<\/li>\n<li>Piem\u0113rots otrreiz\u0113jai p\u0101rstr\u0101dei;<\/li>\n<li>Sertific\u0113ts materi\u0101ls, kas ir ra\u017eots atbilsto\u0161i Eiropas l\u012bme\u0146a kvalit\u0101tes pras\u012bb\u0101m.<\/li>\n<\/ul>\n<h3><strong>STEICO Therm Internal pielietojums<\/strong><\/h3>\n<ul>\n<li>Jumts;<\/li>\n<li>Sienas;<\/li>\n<li>Griesti;<\/li>\n<li>Gr\u012bdas.<\/li>\n<\/ul>\n","protected":false},"excerpt":{"rendered":"<p>Cena nor\u0101d\u012bta par pl\u0101ksni<\/p>\n<p><strong>Izm\u0113ri: 40x380x1200mm(0,456m2)<\/strong><\/p>\n","protected":false},"featured_media":23812,"template":"","meta":{"_acf_changed":false},"product_cat":[3829,3834],"product_tag":[],"class_list":{"0":"post-30402","1":"product","2":"type-product","3":"status-publish","4":"has-post-thumbnail","6":"product_cat-silumos-izoliacines-medziagos","7":"product_cat-medienos-plausu-plokstes-ekologiniam-sildymui","9":"first","10":"onbackorder","11":"taxable","12":"shipping-taxable","13":"purchasable","14":"product-type-variable"},"acf":[],"yoast_head":"<!-- This site is optimized with the Yoast SEO plugin v24.2 - https:\/\/yoast.com\/wordpress\/plugins\/seo\/ -->\n<title>Kok\u0161\u0137iedras pl\u0101ksnes &quot;STEICO Therm Internal&quot; &#8226; Vides Tehnika<\/title>\n<meta name=\"description\" content=\"Kok\u0161\u0137iedras pl\u0101ksnes &quot;STEICO Therm Internal&quot; ir paredz\u0113tas visa veida konstrukciju siltin\u0101\u0161anai, nodro\u0161inot teicamu rezult\u0101tu.\" \/>\n<meta name=\"robots\" content=\"index, follow, max-snippet:-1, max-image-preview:large, max-video-preview:-1\" \/>\n<link rel=\"canonical\" href=\"https:\/\/videstehnika.lv\/lt\/katalogs\/siltumizolacijas-materiali\/kokskiedras-plaksnes-eku-siltinasanai\/kokskiedras-plaksnes-steico-therm-internal\/\" \/>\n<meta property=\"og:locale\" content=\"lt_LT\" \/>\n<meta property=\"og:type\" content=\"article\" \/>\n<meta property=\"og:title\" content=\"Kok\u0161\u0137iedras pl\u0101ksnes &quot;STEICO Therm Internal&quot; &#8226; Vides Tehnika\" \/>\n<meta property=\"og:description\" content=\"Kok\u0161\u0137iedras pl\u0101ksnes &quot;STEICO Therm Internal&quot; ir paredz\u0113tas visa veida konstrukciju siltin\u0101\u0161anai, nodro\u0161inot teicamu rezult\u0101tu.\" \/>\n<meta property=\"og:url\" content=\"https:\/\/videstehnika.lv\/lt\/katalogs\/siltumizolacijas-materiali\/kokskiedras-plaksnes-eku-siltinasanai\/kokskiedras-plaksnes-steico-therm-internal\/\" \/>\n<meta property=\"og:site_name\" content=\"Vides Tehnika\" \/>\n<meta property=\"article:modified_time\" content=\"2026-04-09T08:47:10+00:00\" \/>\n<meta property=\"og:image\" content=\"https:\/\/videstehnika.lv\/wp-content\/uploads\/2020\/07\/vides-tehnika-kokskiedras-plaksnes-steico-therm-internal-1.jpg\" \/>\n\t<meta property=\"og:image:width\" content=\"900\" \/>\n\t<meta property=\"og:image:height\" content=\"900\" \/>\n\t<meta property=\"og:image:type\" content=\"image\/jpeg\" \/>\n<meta name=\"twitter:card\" content=\"summary_large_image\" \/>\n<meta name=\"twitter:label1\" content=\"Est. reading time\" \/>\n\t<meta name=\"twitter:data1\" content=\"1 minut\u0117\" \/>\n<script type=\"application\/ld+json\" class=\"yoast-schema-graph\">{\"@context\":\"https:\/\/schema.org\",\"@graph\":[{\"@type\":\"WebPage\",\"@id\":\"https:\/\/videstehnika.lv\/lt\/katalogs\/siltumizolacijas-materiali\/kokskiedras-plaksnes-eku-siltinasanai\/kokskiedras-plaksnes-steico-therm-internal\/\",\"url\":\"https:\/\/videstehnika.lv\/lt\/katalogs\/siltumizolacijas-materiali\/kokskiedras-plaksnes-eku-siltinasanai\/kokskiedras-plaksnes-steico-therm-internal\/\",\"name\":\"Kok\u0161\u0137iedras pl\u0101ksnes \\\"STEICO Therm Internal\\\" &#8226; Vides Tehnika\",\"isPartOf\":{\"@id\":\"https:\/\/videstehnika.lv\/lt\/#website\"},\"primaryImageOfPage\":{\"@id\":\"https:\/\/videstehnika.lv\/lt\/katalogs\/siltumizolacijas-materiali\/kokskiedras-plaksnes-eku-siltinasanai\/kokskiedras-plaksnes-steico-therm-internal\/#primaryimage\"},\"image\":{\"@id\":\"https:\/\/videstehnika.lv\/lt\/katalogs\/siltumizolacijas-materiali\/kokskiedras-plaksnes-eku-siltinasanai\/kokskiedras-plaksnes-steico-therm-internal\/#primaryimage\"},\"thumbnailUrl\":\"https:\/\/videstehnika.lv\/wp-content\/uploads\/2020\/07\/vides-tehnika-kokskiedras-plaksnes-steico-therm-internal-1.jpg\",\"datePublished\":\"2020-07-08T12:19:05+00:00\",\"dateModified\":\"2026-04-09T08:47:10+00:00\",\"description\":\"Kok\u0161\u0137iedras pl\u0101ksnes \\\"STEICO Therm Internal\\\" ir paredz\u0113tas visa veida konstrukciju siltin\u0101\u0161anai, nodro\u0161inot teicamu rezult\u0101tu.\",\"breadcrumb\":{\"@id\":\"https:\/\/videstehnika.lv\/lt\/katalogs\/siltumizolacijas-materiali\/kokskiedras-plaksnes-eku-siltinasanai\/kokskiedras-plaksnes-steico-therm-internal\/#breadcrumb\"},\"inLanguage\":\"lt-LT\",\"potentialAction\":[{\"@type\":\"ReadAction\",\"target\":[\"https:\/\/videstehnika.lv\/lt\/katalogs\/siltumizolacijas-materiali\/kokskiedras-plaksnes-eku-siltinasanai\/kokskiedras-plaksnes-steico-therm-internal\/\"]}]},{\"@type\":\"ImageObject\",\"inLanguage\":\"lt-LT\",\"@id\":\"https:\/\/videstehnika.lv\/lt\/katalogs\/siltumizolacijas-materiali\/kokskiedras-plaksnes-eku-siltinasanai\/kokskiedras-plaksnes-steico-therm-internal\/#primaryimage\",\"url\":\"https:\/\/videstehnika.lv\/wp-content\/uploads\/2020\/07\/vides-tehnika-kokskiedras-plaksnes-steico-therm-internal-1.jpg\",\"contentUrl\":\"https:\/\/videstehnika.lv\/wp-content\/uploads\/2020\/07\/vides-tehnika-kokskiedras-plaksnes-steico-therm-internal-1.jpg\",\"width\":900,\"height\":900},{\"@type\":\"BreadcrumbList\",\"@id\":\"https:\/\/videstehnika.lv\/lt\/katalogs\/siltumizolacijas-materiali\/kokskiedras-plaksnes-eku-siltinasanai\/kokskiedras-plaksnes-steico-therm-internal\/#breadcrumb\",\"itemListElement\":[{\"@type\":\"ListItem\",\"position\":1,\"name\":\"Home\",\"item\":\"https:\/\/videstehnika.lv\/lt\/\"},{\"@type\":\"ListItem\",\"position\":2,\"name\":\"Katalogas\",\"item\":\"https:\/\/videstehnika.lv\/lt\/katalogas\/\"},{\"@type\":\"ListItem\",\"position\":3,\"name\":\"STEICO Therm Internal kok\u0161\u0137iedras pl\u0101ksnes\"}]},{\"@type\":\"WebSite\",\"@id\":\"https:\/\/videstehnika.lv\/lt\/#website\",\"url\":\"https:\/\/videstehnika.lv\/lt\/\",\"name\":\"Vides Tehnika\",\"description\":\"\",\"potentialAction\":[{\"@type\":\"SearchAction\",\"target\":{\"@type\":\"EntryPoint\",\"urlTemplate\":\"https:\/\/videstehnika.lv\/lt\/?s={search_term_string}\"},\"query-input\":{\"@type\":\"PropertyValueSpecification\",\"valueRequired\":true,\"valueName\":\"search_term_string\"}}],\"inLanguage\":\"lt-LT\"}]}<\/script>\n<!-- \/ Yoast SEO plugin. -->","yoast_head_json":{"title":"Kok\u0161\u0137iedras pl\u0101ksnes \"STEICO Therm Internal\" &#8226; Vides Tehnika","description":"Kok\u0161\u0137iedras pl\u0101ksnes \"STEICO Therm Internal\" ir paredz\u0113tas visa veida konstrukciju siltin\u0101\u0161anai, nodro\u0161inot teicamu rezult\u0101tu.","robots":{"index":"index","follow":"follow","max-snippet":"max-snippet:-1","max-image-preview":"max-image-preview:large","max-video-preview":"max-video-preview:-1"},"canonical":"https:\/\/videstehnika.lv\/lt\/katalogs\/siltumizolacijas-materiali\/kokskiedras-plaksnes-eku-siltinasanai\/kokskiedras-plaksnes-steico-therm-internal\/","og_locale":"lt_LT","og_type":"article","og_title":"Kok\u0161\u0137iedras pl\u0101ksnes \"STEICO Therm Internal\" &#8226; Vides Tehnika","og_description":"Kok\u0161\u0137iedras pl\u0101ksnes \"STEICO Therm Internal\" ir paredz\u0113tas visa veida konstrukciju siltin\u0101\u0161anai, nodro\u0161inot teicamu rezult\u0101tu.","og_url":"https:\/\/videstehnika.lv\/lt\/katalogs\/siltumizolacijas-materiali\/kokskiedras-plaksnes-eku-siltinasanai\/kokskiedras-plaksnes-steico-therm-internal\/","og_site_name":"Vides Tehnika","article_modified_time":"2026-04-09T08:47:10+00:00","og_image":[{"width":900,"height":900,"url":"https:\/\/videstehnika.lv\/wp-content\/uploads\/2020\/07\/vides-tehnika-kokskiedras-plaksnes-steico-therm-internal-1.jpg","type":"image\/jpeg"}],"twitter_card":"summary_large_image","twitter_misc":{"Est. reading time":"1 minut\u0117"},"schema":{"@context":"https:\/\/schema.org","@graph":[{"@type":"WebPage","@id":"https:\/\/videstehnika.lv\/lt\/katalogs\/siltumizolacijas-materiali\/kokskiedras-plaksnes-eku-siltinasanai\/kokskiedras-plaksnes-steico-therm-internal\/","url":"https:\/\/videstehnika.lv\/lt\/katalogs\/siltumizolacijas-materiali\/kokskiedras-plaksnes-eku-siltinasanai\/kokskiedras-plaksnes-steico-therm-internal\/","name":"Kok\u0161\u0137iedras pl\u0101ksnes \"STEICO Therm Internal\" &#8226; Vides Tehnika","isPartOf":{"@id":"https:\/\/videstehnika.lv\/lt\/#website"},"primaryImageOfPage":{"@id":"https:\/\/videstehnika.lv\/lt\/katalogs\/siltumizolacijas-materiali\/kokskiedras-plaksnes-eku-siltinasanai\/kokskiedras-plaksnes-steico-therm-internal\/#primaryimage"},"image":{"@id":"https:\/\/videstehnika.lv\/lt\/katalogs\/siltumizolacijas-materiali\/kokskiedras-plaksnes-eku-siltinasanai\/kokskiedras-plaksnes-steico-therm-internal\/#primaryimage"},"thumbnailUrl":"https:\/\/videstehnika.lv\/wp-content\/uploads\/2020\/07\/vides-tehnika-kokskiedras-plaksnes-steico-therm-internal-1.jpg","datePublished":"2020-07-08T12:19:05+00:00","dateModified":"2026-04-09T08:47:10+00:00","description":"Kok\u0161\u0137iedras pl\u0101ksnes \"STEICO Therm Internal\" ir paredz\u0113tas visa veida konstrukciju siltin\u0101\u0161anai, nodro\u0161inot teicamu rezult\u0101tu.","breadcrumb":{"@id":"https:\/\/videstehnika.lv\/lt\/katalogs\/siltumizolacijas-materiali\/kokskiedras-plaksnes-eku-siltinasanai\/kokskiedras-plaksnes-steico-therm-internal\/#breadcrumb"},"inLanguage":"lt-LT","potentialAction":[{"@type":"ReadAction","target":["https:\/\/videstehnika.lv\/lt\/katalogs\/siltumizolacijas-materiali\/kokskiedras-plaksnes-eku-siltinasanai\/kokskiedras-plaksnes-steico-therm-internal\/"]}]},{"@type":"ImageObject","inLanguage":"lt-LT","@id":"https:\/\/videstehnika.lv\/lt\/katalogs\/siltumizolacijas-materiali\/kokskiedras-plaksnes-eku-siltinasanai\/kokskiedras-plaksnes-steico-therm-internal\/#primaryimage","url":"https:\/\/videstehnika.lv\/wp-content\/uploads\/2020\/07\/vides-tehnika-kokskiedras-plaksnes-steico-therm-internal-1.jpg","contentUrl":"https:\/\/videstehnika.lv\/wp-content\/uploads\/2020\/07\/vides-tehnika-kokskiedras-plaksnes-steico-therm-internal-1.jpg","width":900,"height":900},{"@type":"BreadcrumbList","@id":"https:\/\/videstehnika.lv\/lt\/katalogs\/siltumizolacijas-materiali\/kokskiedras-plaksnes-eku-siltinasanai\/kokskiedras-plaksnes-steico-therm-internal\/#breadcrumb","itemListElement":[{"@type":"ListItem","position":1,"name":"Home","item":"https:\/\/videstehnika.lv\/lt\/"},{"@type":"ListItem","position":2,"name":"Katalogas","item":"https:\/\/videstehnika.lv\/lt\/katalogas\/"},{"@type":"ListItem","position":3,"name":"STEICO Therm Internal kok\u0161\u0137iedras pl\u0101ksnes"}]},{"@type":"WebSite","@id":"https:\/\/videstehnika.lv\/lt\/#website","url":"https:\/\/videstehnika.lv\/lt\/","name":"Vides Tehnika","description":"","potentialAction":[{"@type":"SearchAction","target":{"@type":"EntryPoint","urlTemplate":"https:\/\/videstehnika.lv\/lt\/?s={search_term_string}"},"query-input":{"@type":"PropertyValueSpecification","valueRequired":true,"valueName":"search_term_string"}}],"inLanguage":"lt-LT"}]}},"_links":{"self":[{"href":"https:\/\/videstehnika.lv\/lt\/wp-json\/wp\/v2\/product\/30402","targetHints":{"allow":["GET"]}}],"collection":[{"href":"https:\/\/videstehnika.lv\/lt\/wp-json\/wp\/v2\/product"}],"about":[{"href":"https:\/\/videstehnika.lv\/lt\/wp-json\/wp\/v2\/types\/product"}],"wp:featuredmedia":[{"embeddable":true,"href":"https:\/\/videstehnika.lv\/lt\/wp-json\/wp\/v2\/media\/23812"}],"wp:attachment":[{"href":"https:\/\/videstehnika.lv\/lt\/wp-json\/wp\/v2\/media?parent=30402"}],"wp:term":[{"taxonomy":"product_cat","embeddable":true,"href":"https:\/\/videstehnika.lv\/lt\/wp-json\/wp\/v2\/product_cat?post=30402"},{"taxonomy":"product_tag","embeddable":true,"href":"https:\/\/videstehnika.lv\/lt\/wp-json\/wp\/v2\/product_tag?post=30402"}],"curies":[{"name":"wp","href":"https:\/\/api.w.org\/{rel}","templated":true}]}}