{"id":30430,"date":"2020-07-08T11:07:05","date_gmt":"2020-07-08T08:07:05","guid":{"rendered":"https:\/\/videstehnika.lv\/catalog\/be-kategorijos\/ekstrudetais-putuplasts-finnfoam-f-300-xx\/"},"modified":"2026-04-23T14:08:52","modified_gmt":"2026-04-23T11:08:52","slug":"ekstrudetais-putuplasts-finnfoam-f-300-xx","status":"publish","type":"product","link":"https:\/\/videstehnika.lv\/lt\/katalogs\/siltumizolacijas-materiali\/putuplasts-siltumizolacijai\/ekstrudetais-putuplasts-finnfoam-f-300-xx\/","title":{"rendered":"Ekstrud\u0113tais putuplasts Finnfoam FL-300 ar pusspundi"},"content":{"rendered":"<h2>Ekstrud\u0113tais putuplasts Finnfoam FL-300<\/h2>\n<p>Ekstrud\u0113t\u0101 putuplasta pl\u0101ksnes Finnfoam XX tiek izmantotas cokolu, ai\u013cu, termisko tiltu izol\u0113\u0161anai, sienu un citu konstrukciju izol\u0113\u0161anai, k\u0101 ar\u012b konstrukcij\u0101m, kur\u0101m nepiecie\u0161ama laba sa\u0137ere ar l\u012bm\u0113jamo virsmu vai apmetumu. Finnfoam loksnes ir ar rievotu virsmu, kas nodro\u0161ina labu sa\u0137eri ar arm\u0113\u0161anas un dekorat\u012bv\u0101 apmetuma k\u0101rtu.<\/p>\n<h2><strong>Finnfoam priek\u0161roc\u012bbas<\/strong><\/h2>\n<ul>\n<li>Vieglas un viegli mont\u0113jamas, z\u0101\u0123\u0113jamas;<\/li>\n<li>Lieliska sa\u0137eres \u012bpa\u0161\u012bbas ar siltin\u0101mo virsmu;<\/li>\n<li>\u016adensnecaurlaid\u012bgas.<\/li>\n<\/ul>\n<h3><strong>Finnfoam pielietojums<\/strong><\/h3>\n<ul>\n<li>Ailes;<\/li>\n<li>Cokoli;<\/li>\n<li>Termisko tiltu izol\u0101cija.<\/li>\n<\/ul>\n","protected":false},"excerpt":{"rendered":"<p>Ekstrud\u0113tais putuplasts Finnfoam FL-300 Ekstrud\u0113t\u0101 putuplasta pl\u0101ksnes Finnfoam XX tiek izmantotas cokolu, ai\u013cu, termisko tiltu izol\u0113\u0161anai, sienu un citu konstrukciju<\/p>\n","protected":false},"featured_media":23765,"template":"","meta":{"_acf_changed":false},"product_cat":[3829,3838],"product_tag":[],"class_list":{"0":"post-30430","1":"product","2":"type-product","3":"status-publish","4":"has-post-thumbnail","6":"product_cat-silumos-izoliacines-medziagos","7":"product_cat-putu-polistirolas-silumos-izoliacijai","9":"first","10":"instock","11":"taxable","12":"shipping-taxable","13":"purchasable","14":"product-type-variable"},"acf":[],"yoast_head":"<!-- This site is optimized with the Yoast SEO plugin v24.2 - https:\/\/yoast.com\/wordpress\/plugins\/seo\/ -->\n<title>Ekstrud\u0113tais putuplasts Finnfoam FL-300 ar pusspundi &#8226; Vides Tehnika<\/title>\n<meta name=\"description\" content=\"Ekstrud\u0113t\u0101 putuplasta pl\u0101ksnes Finnfoam XX tiek izmantotas cokolu, ai\u013cu, termisko tiltu izol\u0113\u0161anai, sienu un citu konstrukciju izol\u0113\u0161anai.\" \/>\n<meta name=\"robots\" content=\"index, follow, max-snippet:-1, max-image-preview:large, max-video-preview:-1\" \/>\n<link rel=\"canonical\" href=\"https:\/\/videstehnika.lv\/lt\/katalogs\/siltumizolacijas-materiali\/putuplasts-siltumizolacijai\/ekstrudetais-putuplasts-finnfoam-f-300-xx\/\" \/>\n<meta property=\"og:locale\" content=\"lt_LT\" \/>\n<meta property=\"og:type\" content=\"article\" \/>\n<meta property=\"og:title\" content=\"Ekstrud\u0113tais putuplasts Finnfoam FL-300 ar pusspundi &#8226; Vides Tehnika\" \/>\n<meta property=\"og:description\" content=\"Ekstrud\u0113t\u0101 putuplasta pl\u0101ksnes Finnfoam XX tiek izmantotas cokolu, ai\u013cu, termisko tiltu izol\u0113\u0161anai, sienu un citu konstrukciju izol\u0113\u0161anai.\" \/>\n<meta property=\"og:url\" content=\"https:\/\/videstehnika.lv\/lt\/katalogs\/siltumizolacijas-materiali\/putuplasts-siltumizolacijai\/ekstrudetais-putuplasts-finnfoam-f-300-xx\/\" \/>\n<meta property=\"og:site_name\" content=\"Vides Tehnika\" \/>\n<meta property=\"article:modified_time\" content=\"2026-04-23T11:08:52+00:00\" \/>\n<meta property=\"og:image\" content=\"https:\/\/videstehnika.lv\/wp-content\/uploads\/2020\/07\/vides-tehnika-ekstrudetais-putuplasts-finnfoam-xx-1-e1676023546975.jpg\" \/>\n\t<meta property=\"og:image:width\" content=\"650\" \/>\n\t<meta property=\"og:image:height\" content=\"650\" \/>\n\t<meta property=\"og:image:type\" content=\"image\/jpeg\" \/>\n<meta name=\"twitter:card\" content=\"summary_large_image\" \/>\n<script type=\"application\/ld+json\" class=\"yoast-schema-graph\">{\"@context\":\"https:\/\/schema.org\",\"@graph\":[{\"@type\":\"WebPage\",\"@id\":\"https:\/\/videstehnika.lv\/lt\/katalogs\/siltumizolacijas-materiali\/putuplasts-siltumizolacijai\/ekstrudetais-putuplasts-finnfoam-f-300-xx\/\",\"url\":\"https:\/\/videstehnika.lv\/lt\/katalogs\/siltumizolacijas-materiali\/putuplasts-siltumizolacijai\/ekstrudetais-putuplasts-finnfoam-f-300-xx\/\",\"name\":\"Ekstrud\u0113tais putuplasts Finnfoam FL-300 ar pusspundi &#8226; Vides Tehnika\",\"isPartOf\":{\"@id\":\"https:\/\/videstehnika.lv\/lt\/#website\"},\"primaryImageOfPage\":{\"@id\":\"https:\/\/videstehnika.lv\/lt\/katalogs\/siltumizolacijas-materiali\/putuplasts-siltumizolacijai\/ekstrudetais-putuplasts-finnfoam-f-300-xx\/#primaryimage\"},\"image\":{\"@id\":\"https:\/\/videstehnika.lv\/lt\/katalogs\/siltumizolacijas-materiali\/putuplasts-siltumizolacijai\/ekstrudetais-putuplasts-finnfoam-f-300-xx\/#primaryimage\"},\"thumbnailUrl\":\"https:\/\/videstehnika.lv\/wp-content\/uploads\/2020\/07\/vides-tehnika-ekstrudetais-putuplasts-finnfoam-xx-1-e1676023546975.jpg\",\"datePublished\":\"2020-07-08T08:07:05+00:00\",\"dateModified\":\"2026-04-23T11:08:52+00:00\",\"description\":\"Ekstrud\u0113t\u0101 putuplasta pl\u0101ksnes Finnfoam XX tiek izmantotas cokolu, ai\u013cu, termisko tiltu izol\u0113\u0161anai, sienu un citu konstrukciju izol\u0113\u0161anai.\",\"breadcrumb\":{\"@id\":\"https:\/\/videstehnika.lv\/lt\/katalogs\/siltumizolacijas-materiali\/putuplasts-siltumizolacijai\/ekstrudetais-putuplasts-finnfoam-f-300-xx\/#breadcrumb\"},\"inLanguage\":\"lt-LT\",\"potentialAction\":[{\"@type\":\"ReadAction\",\"target\":[\"https:\/\/videstehnika.lv\/lt\/katalogs\/siltumizolacijas-materiali\/putuplasts-siltumizolacijai\/ekstrudetais-putuplasts-finnfoam-f-300-xx\/\"]}]},{\"@type\":\"ImageObject\",\"inLanguage\":\"lt-LT\",\"@id\":\"https:\/\/videstehnika.lv\/lt\/katalogs\/siltumizolacijas-materiali\/putuplasts-siltumizolacijai\/ekstrudetais-putuplasts-finnfoam-f-300-xx\/#primaryimage\",\"url\":\"https:\/\/videstehnika.lv\/wp-content\/uploads\/2020\/07\/vides-tehnika-ekstrudetais-putuplasts-finnfoam-xx-1-e1676023546975.jpg\",\"contentUrl\":\"https:\/\/videstehnika.lv\/wp-content\/uploads\/2020\/07\/vides-tehnika-ekstrudetais-putuplasts-finnfoam-xx-1-e1676023546975.jpg\",\"width\":650,\"height\":650},{\"@type\":\"BreadcrumbList\",\"@id\":\"https:\/\/videstehnika.lv\/lt\/katalogs\/siltumizolacijas-materiali\/putuplasts-siltumizolacijai\/ekstrudetais-putuplasts-finnfoam-f-300-xx\/#breadcrumb\",\"itemListElement\":[{\"@type\":\"ListItem\",\"position\":1,\"name\":\"Home\",\"item\":\"https:\/\/videstehnika.lv\/lt\/\"},{\"@type\":\"ListItem\",\"position\":2,\"name\":\"Katalogas\",\"item\":\"https:\/\/videstehnika.lv\/lt\/katalogas\/\"},{\"@type\":\"ListItem\",\"position\":3,\"name\":\"Ekstrud\u0113tais putuplasts Finnfoam FL-300 ar pusspundi\"}]},{\"@type\":\"WebSite\",\"@id\":\"https:\/\/videstehnika.lv\/lt\/#website\",\"url\":\"https:\/\/videstehnika.lv\/lt\/\",\"name\":\"Vides Tehnika\",\"description\":\"\",\"potentialAction\":[{\"@type\":\"SearchAction\",\"target\":{\"@type\":\"EntryPoint\",\"urlTemplate\":\"https:\/\/videstehnika.lv\/lt\/?s={search_term_string}\"},\"query-input\":{\"@type\":\"PropertyValueSpecification\",\"valueRequired\":true,\"valueName\":\"search_term_string\"}}],\"inLanguage\":\"lt-LT\"}]}<\/script>\n<!-- \/ Yoast SEO plugin. -->","yoast_head_json":{"title":"Ekstrud\u0113tais putuplasts Finnfoam FL-300 ar pusspundi &#8226; Vides Tehnika","description":"Ekstrud\u0113t\u0101 putuplasta pl\u0101ksnes Finnfoam XX tiek izmantotas cokolu, ai\u013cu, termisko tiltu izol\u0113\u0161anai, sienu un citu konstrukciju izol\u0113\u0161anai.","robots":{"index":"index","follow":"follow","max-snippet":"max-snippet:-1","max-image-preview":"max-image-preview:large","max-video-preview":"max-video-preview:-1"},"canonical":"https:\/\/videstehnika.lv\/lt\/katalogs\/siltumizolacijas-materiali\/putuplasts-siltumizolacijai\/ekstrudetais-putuplasts-finnfoam-f-300-xx\/","og_locale":"lt_LT","og_type":"article","og_title":"Ekstrud\u0113tais putuplasts Finnfoam FL-300 ar pusspundi &#8226; Vides Tehnika","og_description":"Ekstrud\u0113t\u0101 putuplasta pl\u0101ksnes Finnfoam XX tiek izmantotas cokolu, ai\u013cu, termisko tiltu izol\u0113\u0161anai, sienu un citu konstrukciju izol\u0113\u0161anai.","og_url":"https:\/\/videstehnika.lv\/lt\/katalogs\/siltumizolacijas-materiali\/putuplasts-siltumizolacijai\/ekstrudetais-putuplasts-finnfoam-f-300-xx\/","og_site_name":"Vides Tehnika","article_modified_time":"2026-04-23T11:08:52+00:00","og_image":[{"width":650,"height":650,"url":"https:\/\/videstehnika.lv\/wp-content\/uploads\/2020\/07\/vides-tehnika-ekstrudetais-putuplasts-finnfoam-xx-1-e1676023546975.jpg","type":"image\/jpeg"}],"twitter_card":"summary_large_image","schema":{"@context":"https:\/\/schema.org","@graph":[{"@type":"WebPage","@id":"https:\/\/videstehnika.lv\/lt\/katalogs\/siltumizolacijas-materiali\/putuplasts-siltumizolacijai\/ekstrudetais-putuplasts-finnfoam-f-300-xx\/","url":"https:\/\/videstehnika.lv\/lt\/katalogs\/siltumizolacijas-materiali\/putuplasts-siltumizolacijai\/ekstrudetais-putuplasts-finnfoam-f-300-xx\/","name":"Ekstrud\u0113tais putuplasts Finnfoam FL-300 ar pusspundi &#8226; Vides Tehnika","isPartOf":{"@id":"https:\/\/videstehnika.lv\/lt\/#website"},"primaryImageOfPage":{"@id":"https:\/\/videstehnika.lv\/lt\/katalogs\/siltumizolacijas-materiali\/putuplasts-siltumizolacijai\/ekstrudetais-putuplasts-finnfoam-f-300-xx\/#primaryimage"},"image":{"@id":"https:\/\/videstehnika.lv\/lt\/katalogs\/siltumizolacijas-materiali\/putuplasts-siltumizolacijai\/ekstrudetais-putuplasts-finnfoam-f-300-xx\/#primaryimage"},"thumbnailUrl":"https:\/\/videstehnika.lv\/wp-content\/uploads\/2020\/07\/vides-tehnika-ekstrudetais-putuplasts-finnfoam-xx-1-e1676023546975.jpg","datePublished":"2020-07-08T08:07:05+00:00","dateModified":"2026-04-23T11:08:52+00:00","description":"Ekstrud\u0113t\u0101 putuplasta pl\u0101ksnes Finnfoam XX tiek izmantotas cokolu, ai\u013cu, termisko tiltu izol\u0113\u0161anai, sienu un citu konstrukciju izol\u0113\u0161anai.","breadcrumb":{"@id":"https:\/\/videstehnika.lv\/lt\/katalogs\/siltumizolacijas-materiali\/putuplasts-siltumizolacijai\/ekstrudetais-putuplasts-finnfoam-f-300-xx\/#breadcrumb"},"inLanguage":"lt-LT","potentialAction":[{"@type":"ReadAction","target":["https:\/\/videstehnika.lv\/lt\/katalogs\/siltumizolacijas-materiali\/putuplasts-siltumizolacijai\/ekstrudetais-putuplasts-finnfoam-f-300-xx\/"]}]},{"@type":"ImageObject","inLanguage":"lt-LT","@id":"https:\/\/videstehnika.lv\/lt\/katalogs\/siltumizolacijas-materiali\/putuplasts-siltumizolacijai\/ekstrudetais-putuplasts-finnfoam-f-300-xx\/#primaryimage","url":"https:\/\/videstehnika.lv\/wp-content\/uploads\/2020\/07\/vides-tehnika-ekstrudetais-putuplasts-finnfoam-xx-1-e1676023546975.jpg","contentUrl":"https:\/\/videstehnika.lv\/wp-content\/uploads\/2020\/07\/vides-tehnika-ekstrudetais-putuplasts-finnfoam-xx-1-e1676023546975.jpg","width":650,"height":650},{"@type":"BreadcrumbList","@id":"https:\/\/videstehnika.lv\/lt\/katalogs\/siltumizolacijas-materiali\/putuplasts-siltumizolacijai\/ekstrudetais-putuplasts-finnfoam-f-300-xx\/#breadcrumb","itemListElement":[{"@type":"ListItem","position":1,"name":"Home","item":"https:\/\/videstehnika.lv\/lt\/"},{"@type":"ListItem","position":2,"name":"Katalogas","item":"https:\/\/videstehnika.lv\/lt\/katalogas\/"},{"@type":"ListItem","position":3,"name":"Ekstrud\u0113tais putuplasts Finnfoam FL-300 ar pusspundi"}]},{"@type":"WebSite","@id":"https:\/\/videstehnika.lv\/lt\/#website","url":"https:\/\/videstehnika.lv\/lt\/","name":"Vides Tehnika","description":"","potentialAction":[{"@type":"SearchAction","target":{"@type":"EntryPoint","urlTemplate":"https:\/\/videstehnika.lv\/lt\/?s={search_term_string}"},"query-input":{"@type":"PropertyValueSpecification","valueRequired":true,"valueName":"search_term_string"}}],"inLanguage":"lt-LT"}]}},"_links":{"self":[{"href":"https:\/\/videstehnika.lv\/lt\/wp-json\/wp\/v2\/product\/30430","targetHints":{"allow":["GET"]}}],"collection":[{"href":"https:\/\/videstehnika.lv\/lt\/wp-json\/wp\/v2\/product"}],"about":[{"href":"https:\/\/videstehnika.lv\/lt\/wp-json\/wp\/v2\/types\/product"}],"wp:featuredmedia":[{"embeddable":true,"href":"https:\/\/videstehnika.lv\/lt\/wp-json\/wp\/v2\/media\/23765"}],"wp:attachment":[{"href":"https:\/\/videstehnika.lv\/lt\/wp-json\/wp\/v2\/media?parent=30430"}],"wp:term":[{"taxonomy":"product_cat","embeddable":true,"href":"https:\/\/videstehnika.lv\/lt\/wp-json\/wp\/v2\/product_cat?post=30430"},{"taxonomy":"product_tag","embeddable":true,"href":"https:\/\/videstehnika.lv\/lt\/wp-json\/wp\/v2\/product_tag?post=30430"}],"curies":[{"name":"wp","href":"https:\/\/api.w.org\/{rel}","templated":true}]}}