{"id":30437,"date":"2020-07-07T14:38:28","date_gmt":"2020-07-07T11:38:28","guid":{"rendered":"https:\/\/videstehnika.lv\/catalog\/be-kategorijos\/kokskiedras-vate-plaksnes-hunton\/"},"modified":"2026-04-09T11:00:32","modified_gmt":"2026-04-09T08:00:32","slug":"kokskiedras-vate-plaksnes-hunton","status":"publish","type":"product","link":"https:\/\/videstehnika.lv\/lt\/katalogs\/siltumizolacijas-materiali\/kokskiedras-vate-ekologisks-siltumizolacijas-materials\/kokskiedras-vate-plaksnes-hunton\/","title":{"rendered":"HUNTON kok\u0161\u0137iedras pl\u0101ksnes"},"content":{"rendered":"<h2>HUNTON kok\u0161\u0137iedras pl\u0101ksnes<\/h2>\n<p><strong>Hunton Nativo<\/strong>\u00a0ir siltumizol\u0101cijas materi\u0101ls, kas ra\u017eots Norv\u0113\u0123ij\u0101, no dab\u012bgas koksnes \u0161\u0137iedras, ar lielisk\u0101m siltumizol\u0101cijas \u012bpa\u0161\u012bb\u0101m, izmatojams sienu un jumtu siltumizol\u0101cijai.<\/p>\n<p><strong>K\u0101d\u0113\u013c izv\u0113l\u0113ties Hunton Nativo kok\u0161\u0137iedras siltumizol\u0101cijas pl\u0101ksnes<\/strong>:<\/p>\n<ul>\n<li>Dab\u012bgs siltumizol\u0101cijas materi\u0101ls;<\/li>\n<li>Lieliskas siltumizol\u0101cijas \u012bpa\u0161\u012bbas;<\/li>\n<li>Samazina kondens\u0101ta veido\u0161anos;<\/li>\n<li>Siltumizol\u0101cija ar lielisku izm\u0113ru stabilit\u0101ti;<\/li>\n<li>Siltumizol\u0101cija, kura ir vienk\u0101r\u0161i izmantojama otrreiz\u0113jai p\u0101rstr\u0101dei;<\/li>\n<li>Kok\u0161\u0137iedras siltumizol\u0101cija nekairina \u0101du un nav aler\u0123iska.<\/li>\n<\/ul>\n<div><\/div>\n<p><strong>Hunton Nativo kok\u0161\u0137iedras siltumizol\u0101cija<\/strong>\u00a0ugunsgr\u0113ka gad\u012bjum\u0101 p\u0101rog\u013cojas, tie\u0161i t\u0101pat k\u0101 kokmateri\u0101li. Izol\u0101cijas materi\u0101ls ir apstr\u0101d\u0101ts ar\u012b ar dab\u012bgu ugunsdro\u0161u vielu, kas atrodama ar\u012b ugunsdz\u0113s\u012bbas iek\u0101rt\u0101s. Viela sast\u0101v no sl\u0101pek\u013ca un fosfora (amonija fosf\u0101ts), kas v\u0113l vair\u0101k pastiprina p\u0101rog\u013co\u0161an\u0101s procesu, absorb\u0113jot sk\u0101bekli ap izol\u0101ciju ugunsgr\u0113ka gad\u012bjum\u0101.<\/p>\n<p>&nbsp;<\/p>\n","protected":false},"excerpt":{"rendered":"<p>Cena nor\u0101d\u012bta par paku<\/p>\n","protected":false},"featured_media":25119,"template":"","meta":{"_acf_changed":false},"product_cat":[3829,3835],"product_tag":[],"class_list":{"0":"post-30437","1":"product","2":"type-product","3":"status-publish","4":"has-post-thumbnail","6":"product_cat-silumos-izoliacines-medziagos","7":"product_cat-mediena-medvilne-ekologiska-silumos-izoliacine-medziaga","9":"first","10":"instock","11":"featured","12":"taxable","13":"shipping-taxable","14":"purchasable","15":"product-type-variable"},"acf":[],"yoast_head":"<!-- This site is optimized with the Yoast SEO plugin v24.2 - https:\/\/yoast.com\/wordpress\/plugins\/seo\/ -->\n<title>Kok\u0161\u0137iedras vate pl\u0101ksn\u0113s HUNTON &#8226; Vides Tehnika<\/title>\n<meta name=\"description\" content=\"Kok\u0161\u0137iedras vate pl\u0101ksn\u0113s HUNTON ir ekolo\u0123isks siltumizol\u0101cijas materi\u0101ls, kas paredz\u0113ts spraugu un salaiduma vietu aizpild\u012b\u0161anai.\" \/>\n<meta name=\"robots\" content=\"index, follow, max-snippet:-1, max-image-preview:large, max-video-preview:-1\" \/>\n<link rel=\"canonical\" href=\"https:\/\/videstehnika.lv\/lt\/katalogs\/siltumizolacijas-materiali\/kokskiedras-vate-ekologisks-siltumizolacijas-materials\/kokskiedras-vate-plaksnes-hunton\/\" \/>\n<meta property=\"og:locale\" content=\"lt_LT\" \/>\n<meta property=\"og:type\" content=\"article\" \/>\n<meta property=\"og:title\" content=\"Kok\u0161\u0137iedras vate pl\u0101ksn\u0113s HUNTON &#8226; Vides Tehnika\" \/>\n<meta property=\"og:description\" content=\"Kok\u0161\u0137iedras vate pl\u0101ksn\u0113s HUNTON ir ekolo\u0123isks siltumizol\u0101cijas materi\u0101ls, kas paredz\u0113ts spraugu un salaiduma vietu aizpild\u012b\u0161anai.\" \/>\n<meta property=\"og:url\" content=\"https:\/\/videstehnika.lv\/lt\/katalogs\/siltumizolacijas-materiali\/kokskiedras-vate-ekologisks-siltumizolacijas-materials\/kokskiedras-vate-plaksnes-hunton\/\" \/>\n<meta property=\"og:site_name\" content=\"Vides Tehnika\" \/>\n<meta property=\"article:modified_time\" content=\"2026-04-09T08:00:32+00:00\" \/>\n<meta property=\"og:image\" content=\"https:\/\/videstehnika.lv\/wp-content\/uploads\/2020\/07\/hunton-nativo-2-300x258-1.jpg\" \/>\n\t<meta property=\"og:image:width\" content=\"300\" \/>\n\t<meta property=\"og:image:height\" content=\"258\" \/>\n\t<meta property=\"og:image:type\" content=\"image\/jpeg\" \/>\n<meta name=\"twitter:card\" content=\"summary_large_image\" \/>\n<meta name=\"twitter:label1\" content=\"Est. reading time\" \/>\n\t<meta name=\"twitter:data1\" content=\"1 minut\u0117\" \/>\n<script type=\"application\/ld+json\" class=\"yoast-schema-graph\">{\"@context\":\"https:\/\/schema.org\",\"@graph\":[{\"@type\":\"WebPage\",\"@id\":\"https:\/\/videstehnika.lv\/lt\/katalogs\/siltumizolacijas-materiali\/kokskiedras-vate-ekologisks-siltumizolacijas-materials\/kokskiedras-vate-plaksnes-hunton\/\",\"url\":\"https:\/\/videstehnika.lv\/lt\/katalogs\/siltumizolacijas-materiali\/kokskiedras-vate-ekologisks-siltumizolacijas-materials\/kokskiedras-vate-plaksnes-hunton\/\",\"name\":\"Kok\u0161\u0137iedras vate pl\u0101ksn\u0113s HUNTON &#8226; Vides Tehnika\",\"isPartOf\":{\"@id\":\"https:\/\/videstehnika.lv\/lt\/#website\"},\"primaryImageOfPage\":{\"@id\":\"https:\/\/videstehnika.lv\/lt\/katalogs\/siltumizolacijas-materiali\/kokskiedras-vate-ekologisks-siltumizolacijas-materials\/kokskiedras-vate-plaksnes-hunton\/#primaryimage\"},\"image\":{\"@id\":\"https:\/\/videstehnika.lv\/lt\/katalogs\/siltumizolacijas-materiali\/kokskiedras-vate-ekologisks-siltumizolacijas-materials\/kokskiedras-vate-plaksnes-hunton\/#primaryimage\"},\"thumbnailUrl\":\"https:\/\/videstehnika.lv\/wp-content\/uploads\/2020\/07\/hunton-nativo-2-300x258-1.jpg\",\"datePublished\":\"2020-07-07T11:38:28+00:00\",\"dateModified\":\"2026-04-09T08:00:32+00:00\",\"description\":\"Kok\u0161\u0137iedras vate pl\u0101ksn\u0113s HUNTON ir ekolo\u0123isks siltumizol\u0101cijas materi\u0101ls, kas paredz\u0113ts spraugu un salaiduma vietu aizpild\u012b\u0161anai.\",\"breadcrumb\":{\"@id\":\"https:\/\/videstehnika.lv\/lt\/katalogs\/siltumizolacijas-materiali\/kokskiedras-vate-ekologisks-siltumizolacijas-materials\/kokskiedras-vate-plaksnes-hunton\/#breadcrumb\"},\"inLanguage\":\"lt-LT\",\"potentialAction\":[{\"@type\":\"ReadAction\",\"target\":[\"https:\/\/videstehnika.lv\/lt\/katalogs\/siltumizolacijas-materiali\/kokskiedras-vate-ekologisks-siltumizolacijas-materials\/kokskiedras-vate-plaksnes-hunton\/\"]}]},{\"@type\":\"ImageObject\",\"inLanguage\":\"lt-LT\",\"@id\":\"https:\/\/videstehnika.lv\/lt\/katalogs\/siltumizolacijas-materiali\/kokskiedras-vate-ekologisks-siltumizolacijas-materials\/kokskiedras-vate-plaksnes-hunton\/#primaryimage\",\"url\":\"https:\/\/videstehnika.lv\/wp-content\/uploads\/2020\/07\/hunton-nativo-2-300x258-1.jpg\",\"contentUrl\":\"https:\/\/videstehnika.lv\/wp-content\/uploads\/2020\/07\/hunton-nativo-2-300x258-1.jpg\",\"width\":300,\"height\":258},{\"@type\":\"BreadcrumbList\",\"@id\":\"https:\/\/videstehnika.lv\/lt\/katalogs\/siltumizolacijas-materiali\/kokskiedras-vate-ekologisks-siltumizolacijas-materials\/kokskiedras-vate-plaksnes-hunton\/#breadcrumb\",\"itemListElement\":[{\"@type\":\"ListItem\",\"position\":1,\"name\":\"Home\",\"item\":\"https:\/\/videstehnika.lv\/lt\/\"},{\"@type\":\"ListItem\",\"position\":2,\"name\":\"Katalogas\",\"item\":\"https:\/\/videstehnika.lv\/lt\/katalogas\/\"},{\"@type\":\"ListItem\",\"position\":3,\"name\":\"HUNTON kok\u0161\u0137iedras pl\u0101ksnes\"}]},{\"@type\":\"WebSite\",\"@id\":\"https:\/\/videstehnika.lv\/lt\/#website\",\"url\":\"https:\/\/videstehnika.lv\/lt\/\",\"name\":\"Vides Tehnika\",\"description\":\"\",\"potentialAction\":[{\"@type\":\"SearchAction\",\"target\":{\"@type\":\"EntryPoint\",\"urlTemplate\":\"https:\/\/videstehnika.lv\/lt\/?s={search_term_string}\"},\"query-input\":{\"@type\":\"PropertyValueSpecification\",\"valueRequired\":true,\"valueName\":\"search_term_string\"}}],\"inLanguage\":\"lt-LT\"}]}<\/script>\n<!-- \/ Yoast SEO plugin. -->","yoast_head_json":{"title":"Kok\u0161\u0137iedras vate pl\u0101ksn\u0113s HUNTON &#8226; Vides Tehnika","description":"Kok\u0161\u0137iedras vate pl\u0101ksn\u0113s HUNTON ir ekolo\u0123isks siltumizol\u0101cijas materi\u0101ls, kas paredz\u0113ts spraugu un salaiduma vietu aizpild\u012b\u0161anai.","robots":{"index":"index","follow":"follow","max-snippet":"max-snippet:-1","max-image-preview":"max-image-preview:large","max-video-preview":"max-video-preview:-1"},"canonical":"https:\/\/videstehnika.lv\/lt\/katalogs\/siltumizolacijas-materiali\/kokskiedras-vate-ekologisks-siltumizolacijas-materials\/kokskiedras-vate-plaksnes-hunton\/","og_locale":"lt_LT","og_type":"article","og_title":"Kok\u0161\u0137iedras vate pl\u0101ksn\u0113s HUNTON &#8226; Vides Tehnika","og_description":"Kok\u0161\u0137iedras vate pl\u0101ksn\u0113s HUNTON ir ekolo\u0123isks siltumizol\u0101cijas materi\u0101ls, kas paredz\u0113ts spraugu un salaiduma vietu aizpild\u012b\u0161anai.","og_url":"https:\/\/videstehnika.lv\/lt\/katalogs\/siltumizolacijas-materiali\/kokskiedras-vate-ekologisks-siltumizolacijas-materials\/kokskiedras-vate-plaksnes-hunton\/","og_site_name":"Vides Tehnika","article_modified_time":"2026-04-09T08:00:32+00:00","og_image":[{"width":300,"height":258,"url":"https:\/\/videstehnika.lv\/wp-content\/uploads\/2020\/07\/hunton-nativo-2-300x258-1.jpg","type":"image\/jpeg"}],"twitter_card":"summary_large_image","twitter_misc":{"Est. reading time":"1 minut\u0117"},"schema":{"@context":"https:\/\/schema.org","@graph":[{"@type":"WebPage","@id":"https:\/\/videstehnika.lv\/lt\/katalogs\/siltumizolacijas-materiali\/kokskiedras-vate-ekologisks-siltumizolacijas-materials\/kokskiedras-vate-plaksnes-hunton\/","url":"https:\/\/videstehnika.lv\/lt\/katalogs\/siltumizolacijas-materiali\/kokskiedras-vate-ekologisks-siltumizolacijas-materials\/kokskiedras-vate-plaksnes-hunton\/","name":"Kok\u0161\u0137iedras vate pl\u0101ksn\u0113s HUNTON &#8226; Vides Tehnika","isPartOf":{"@id":"https:\/\/videstehnika.lv\/lt\/#website"},"primaryImageOfPage":{"@id":"https:\/\/videstehnika.lv\/lt\/katalogs\/siltumizolacijas-materiali\/kokskiedras-vate-ekologisks-siltumizolacijas-materials\/kokskiedras-vate-plaksnes-hunton\/#primaryimage"},"image":{"@id":"https:\/\/videstehnika.lv\/lt\/katalogs\/siltumizolacijas-materiali\/kokskiedras-vate-ekologisks-siltumizolacijas-materials\/kokskiedras-vate-plaksnes-hunton\/#primaryimage"},"thumbnailUrl":"https:\/\/videstehnika.lv\/wp-content\/uploads\/2020\/07\/hunton-nativo-2-300x258-1.jpg","datePublished":"2020-07-07T11:38:28+00:00","dateModified":"2026-04-09T08:00:32+00:00","description":"Kok\u0161\u0137iedras vate pl\u0101ksn\u0113s HUNTON ir ekolo\u0123isks siltumizol\u0101cijas materi\u0101ls, kas paredz\u0113ts spraugu un salaiduma vietu aizpild\u012b\u0161anai.","breadcrumb":{"@id":"https:\/\/videstehnika.lv\/lt\/katalogs\/siltumizolacijas-materiali\/kokskiedras-vate-ekologisks-siltumizolacijas-materials\/kokskiedras-vate-plaksnes-hunton\/#breadcrumb"},"inLanguage":"lt-LT","potentialAction":[{"@type":"ReadAction","target":["https:\/\/videstehnika.lv\/lt\/katalogs\/siltumizolacijas-materiali\/kokskiedras-vate-ekologisks-siltumizolacijas-materials\/kokskiedras-vate-plaksnes-hunton\/"]}]},{"@type":"ImageObject","inLanguage":"lt-LT","@id":"https:\/\/videstehnika.lv\/lt\/katalogs\/siltumizolacijas-materiali\/kokskiedras-vate-ekologisks-siltumizolacijas-materials\/kokskiedras-vate-plaksnes-hunton\/#primaryimage","url":"https:\/\/videstehnika.lv\/wp-content\/uploads\/2020\/07\/hunton-nativo-2-300x258-1.jpg","contentUrl":"https:\/\/videstehnika.lv\/wp-content\/uploads\/2020\/07\/hunton-nativo-2-300x258-1.jpg","width":300,"height":258},{"@type":"BreadcrumbList","@id":"https:\/\/videstehnika.lv\/lt\/katalogs\/siltumizolacijas-materiali\/kokskiedras-vate-ekologisks-siltumizolacijas-materials\/kokskiedras-vate-plaksnes-hunton\/#breadcrumb","itemListElement":[{"@type":"ListItem","position":1,"name":"Home","item":"https:\/\/videstehnika.lv\/lt\/"},{"@type":"ListItem","position":2,"name":"Katalogas","item":"https:\/\/videstehnika.lv\/lt\/katalogas\/"},{"@type":"ListItem","position":3,"name":"HUNTON kok\u0161\u0137iedras pl\u0101ksnes"}]},{"@type":"WebSite","@id":"https:\/\/videstehnika.lv\/lt\/#website","url":"https:\/\/videstehnika.lv\/lt\/","name":"Vides Tehnika","description":"","potentialAction":[{"@type":"SearchAction","target":{"@type":"EntryPoint","urlTemplate":"https:\/\/videstehnika.lv\/lt\/?s={search_term_string}"},"query-input":{"@type":"PropertyValueSpecification","valueRequired":true,"valueName":"search_term_string"}}],"inLanguage":"lt-LT"}]}},"_links":{"self":[{"href":"https:\/\/videstehnika.lv\/lt\/wp-json\/wp\/v2\/product\/30437","targetHints":{"allow":["GET"]}}],"collection":[{"href":"https:\/\/videstehnika.lv\/lt\/wp-json\/wp\/v2\/product"}],"about":[{"href":"https:\/\/videstehnika.lv\/lt\/wp-json\/wp\/v2\/types\/product"}],"wp:featuredmedia":[{"embeddable":true,"href":"https:\/\/videstehnika.lv\/lt\/wp-json\/wp\/v2\/media\/25119"}],"wp:attachment":[{"href":"https:\/\/videstehnika.lv\/lt\/wp-json\/wp\/v2\/media?parent=30437"}],"wp:term":[{"taxonomy":"product_cat","embeddable":true,"href":"https:\/\/videstehnika.lv\/lt\/wp-json\/wp\/v2\/product_cat?post=30437"},{"taxonomy":"product_tag","embeddable":true,"href":"https:\/\/videstehnika.lv\/lt\/wp-json\/wp\/v2\/product_tag?post=30437"}],"curies":[{"name":"wp","href":"https:\/\/api.w.org\/{rel}","templated":true}]}}