{"id":30446,"date":"2020-07-07T13:01:29","date_gmt":"2020-07-07T10:01:29","guid":{"rendered":"https:\/\/videstehnika.lv\/catalog\/be-kategorijos\/fasades-vate-rockwool-frontrock-super\/"},"modified":"2024-08-06T12:03:02","modified_gmt":"2024-08-06T09:03:02","slug":"fasades-vate-rockwool-frontrock-super","status":"publish","type":"product","link":"https:\/\/videstehnika.lv\/lt\/katalogs\/siltumizolacijas-materiali\/akmens-vate-plaksnes-fasadei-rockwool\/fasades-vate-rockwool-frontrock-super\/","title":{"rendered":"ROCKWOOL Frontrock Super Akmens vate pl\u0101ksn\u0113s fas\u0101dei"},"content":{"rendered":"<h2>Fas\u0101des vate &#8222;Rockwool Frontrock Super&#8221;<\/h2>\n<p>Fas\u0101des vate Rockwool Frontrock Super nodro\u0161ina efekt\u012bvu \u0101rsienu siltuma, ska\u0146as un pretuguns izol\u0101ciju, k\u0101 ar\u012b uzlabo visas \u0113kas energoefektivit\u0101ti.<\/p>\n<h2><strong>Rockwool Frontrock Super priek\u0161roc\u012bbas<\/strong><\/h2>\n<ul>\n<li>Frontrock Super pl\u0101ksnes veido nedego\u0161u siltumizol\u0101ciju kombin\u0113taj\u0101s siltumizol\u0101cijas sist\u0113m\u0101s (ETICS), kas paredz\u0113ta m\u016bra un monol\u012bta sien\u0101m;<\/li>\n<li>Pl\u0101ksnes ir ra\u017eotas, izmantojot DualDensity tehnolo\u0123iju, t\u0101m papildus ir cietin\u0101ta virspuse, kas nodro\u0161ina fas\u0101des ilgm\u016b\u017e\u012bbu un ir labs atbalsts d\u012bbe\u013ciem;<\/li>\n<li>Pl\u0101ksnes var tikt ra\u017eotas pat 12 da\u017e\u0101dos biezumos \u2013 no 60 l\u012bdz 280 mm.<\/li>\n<\/ul>\n<h3><strong>Rockwool Frontrock Super pielietojums<\/strong><\/h3>\n<ul>\n<li>\u0112kas \u0101r\u0113j\u0101s sienas;<\/li>\n<li>Iek\u0161\u0113j\u0101s sienas, kas atdala apsild\u0101mo un neapsild\u0101mo telpu, piem\u0113ram, k\u0101p\u0146utelpa;<\/li>\n<li>Ba\u013c\u0137u \u0101rsienas.<\/li>\n<\/ul>\n","protected":false},"excerpt":{"rendered":"<p>Cena nor\u0101d\u012bta par paku<\/p>\n","protected":false},"featured_media":23753,"template":"","meta":{"_acf_changed":false},"product_cat":[3829,3833],"product_tag":[],"class_list":{"0":"post-30446","1":"product","2":"type-product","3":"status-publish","4":"has-post-thumbnail","6":"product_cat-silumos-izoliacines-medziagos","7":"product_cat-fasadine-vata-rockwool","9":"first","10":"instock","11":"taxable","12":"shipping-taxable","13":"purchasable","14":"product-type-variable"},"acf":[],"yoast_head":"<!-- This site is optimized with the Yoast SEO plugin v24.2 - https:\/\/yoast.com\/wordpress\/plugins\/seo\/ -->\n<title>Fas\u0101des vate Rockwool Frontrock Super &#8226; Vides Tehnika<\/title>\n<meta name=\"description\" content=\"Fas\u0101des vate Rockwool Frontrock Super nodro\u0161ina efekt\u012bvu \u0101rsienu, ska\u0146as un pretuguns izol\u0101ciju, k\u0101 ar\u012b uzlabo visas \u0113kas energoefektivit\u0101ti.\" \/>\n<meta name=\"robots\" content=\"index, follow, max-snippet:-1, max-image-preview:large, max-video-preview:-1\" \/>\n<link rel=\"canonical\" href=\"https:\/\/videstehnika.lv\/lt\/katalogs\/siltumizolacijas-materiali\/akmens-vate-plaksnes-fasadei-rockwool\/fasades-vate-rockwool-frontrock-super\/\" \/>\n<meta property=\"og:locale\" content=\"lt_LT\" \/>\n<meta property=\"og:type\" content=\"article\" \/>\n<meta property=\"og:title\" content=\"Fas\u0101des vate Rockwool Frontrock Super &#8226; Vides Tehnika\" \/>\n<meta property=\"og:description\" content=\"Fas\u0101des vate Rockwool Frontrock Super nodro\u0161ina efekt\u012bvu \u0101rsienu, ska\u0146as un pretuguns izol\u0101ciju, k\u0101 ar\u012b uzlabo visas \u0113kas energoefektivit\u0101ti.\" \/>\n<meta property=\"og:url\" content=\"https:\/\/videstehnika.lv\/lt\/katalogs\/siltumizolacijas-materiali\/akmens-vate-plaksnes-fasadei-rockwool\/fasades-vate-rockwool-frontrock-super\/\" \/>\n<meta property=\"og:site_name\" content=\"Vides Tehnika\" \/>\n<meta property=\"article:modified_time\" content=\"2024-08-06T09:03:02+00:00\" \/>\n<meta property=\"og:image\" content=\"https:\/\/videstehnika.lv\/wp-content\/uploads\/2020\/07\/vides-tehnika-fasades-vate-rockwool-frontrock-super-1.jpg\" \/>\n\t<meta property=\"og:image:width\" content=\"900\" \/>\n\t<meta property=\"og:image:height\" content=\"900\" \/>\n\t<meta property=\"og:image:type\" content=\"image\/jpeg\" \/>\n<meta name=\"twitter:card\" content=\"summary_large_image\" \/>\n<meta name=\"twitter:label1\" content=\"Est. reading time\" \/>\n\t<meta name=\"twitter:data1\" content=\"1 minut\u0117\" \/>\n<script type=\"application\/ld+json\" class=\"yoast-schema-graph\">{\"@context\":\"https:\/\/schema.org\",\"@graph\":[{\"@type\":\"WebPage\",\"@id\":\"https:\/\/videstehnika.lv\/lt\/katalogs\/siltumizolacijas-materiali\/akmens-vate-plaksnes-fasadei-rockwool\/fasades-vate-rockwool-frontrock-super\/\",\"url\":\"https:\/\/videstehnika.lv\/lt\/katalogs\/siltumizolacijas-materiali\/akmens-vate-plaksnes-fasadei-rockwool\/fasades-vate-rockwool-frontrock-super\/\",\"name\":\"Fas\u0101des vate Rockwool Frontrock Super &#8226; Vides Tehnika\",\"isPartOf\":{\"@id\":\"https:\/\/videstehnika.lv\/lt\/#website\"},\"primaryImageOfPage\":{\"@id\":\"https:\/\/videstehnika.lv\/lt\/katalogs\/siltumizolacijas-materiali\/akmens-vate-plaksnes-fasadei-rockwool\/fasades-vate-rockwool-frontrock-super\/#primaryimage\"},\"image\":{\"@id\":\"https:\/\/videstehnika.lv\/lt\/katalogs\/siltumizolacijas-materiali\/akmens-vate-plaksnes-fasadei-rockwool\/fasades-vate-rockwool-frontrock-super\/#primaryimage\"},\"thumbnailUrl\":\"https:\/\/videstehnika.lv\/wp-content\/uploads\/2020\/07\/vides-tehnika-fasades-vate-rockwool-frontrock-super-1.jpg\",\"datePublished\":\"2020-07-07T10:01:29+00:00\",\"dateModified\":\"2024-08-06T09:03:02+00:00\",\"description\":\"Fas\u0101des vate Rockwool Frontrock Super nodro\u0161ina efekt\u012bvu \u0101rsienu, ska\u0146as un pretuguns izol\u0101ciju, k\u0101 ar\u012b uzlabo visas \u0113kas energoefektivit\u0101ti.\",\"breadcrumb\":{\"@id\":\"https:\/\/videstehnika.lv\/lt\/katalogs\/siltumizolacijas-materiali\/akmens-vate-plaksnes-fasadei-rockwool\/fasades-vate-rockwool-frontrock-super\/#breadcrumb\"},\"inLanguage\":\"lt-LT\",\"potentialAction\":[{\"@type\":\"ReadAction\",\"target\":[\"https:\/\/videstehnika.lv\/lt\/katalogs\/siltumizolacijas-materiali\/akmens-vate-plaksnes-fasadei-rockwool\/fasades-vate-rockwool-frontrock-super\/\"]}]},{\"@type\":\"ImageObject\",\"inLanguage\":\"lt-LT\",\"@id\":\"https:\/\/videstehnika.lv\/lt\/katalogs\/siltumizolacijas-materiali\/akmens-vate-plaksnes-fasadei-rockwool\/fasades-vate-rockwool-frontrock-super\/#primaryimage\",\"url\":\"https:\/\/videstehnika.lv\/wp-content\/uploads\/2020\/07\/vides-tehnika-fasades-vate-rockwool-frontrock-super-1.jpg\",\"contentUrl\":\"https:\/\/videstehnika.lv\/wp-content\/uploads\/2020\/07\/vides-tehnika-fasades-vate-rockwool-frontrock-super-1.jpg\",\"width\":900,\"height\":900},{\"@type\":\"BreadcrumbList\",\"@id\":\"https:\/\/videstehnika.lv\/lt\/katalogs\/siltumizolacijas-materiali\/akmens-vate-plaksnes-fasadei-rockwool\/fasades-vate-rockwool-frontrock-super\/#breadcrumb\",\"itemListElement\":[{\"@type\":\"ListItem\",\"position\":1,\"name\":\"Home\",\"item\":\"https:\/\/videstehnika.lv\/lt\/\"},{\"@type\":\"ListItem\",\"position\":2,\"name\":\"Katalogas\",\"item\":\"https:\/\/videstehnika.lv\/lt\/katalogas\/\"},{\"@type\":\"ListItem\",\"position\":3,\"name\":\"ROCKWOOL Frontrock Super Akmens vate pl\u0101ksn\u0113s fas\u0101dei\"}]},{\"@type\":\"WebSite\",\"@id\":\"https:\/\/videstehnika.lv\/lt\/#website\",\"url\":\"https:\/\/videstehnika.lv\/lt\/\",\"name\":\"Vides Tehnika\",\"description\":\"\",\"potentialAction\":[{\"@type\":\"SearchAction\",\"target\":{\"@type\":\"EntryPoint\",\"urlTemplate\":\"https:\/\/videstehnika.lv\/lt\/?s={search_term_string}\"},\"query-input\":{\"@type\":\"PropertyValueSpecification\",\"valueRequired\":true,\"valueName\":\"search_term_string\"}}],\"inLanguage\":\"lt-LT\"}]}<\/script>\n<!-- \/ Yoast SEO plugin. -->","yoast_head_json":{"title":"Fas\u0101des vate Rockwool Frontrock Super &#8226; Vides Tehnika","description":"Fas\u0101des vate Rockwool Frontrock Super nodro\u0161ina efekt\u012bvu \u0101rsienu, ska\u0146as un pretuguns izol\u0101ciju, k\u0101 ar\u012b uzlabo visas \u0113kas energoefektivit\u0101ti.","robots":{"index":"index","follow":"follow","max-snippet":"max-snippet:-1","max-image-preview":"max-image-preview:large","max-video-preview":"max-video-preview:-1"},"canonical":"https:\/\/videstehnika.lv\/lt\/katalogs\/siltumizolacijas-materiali\/akmens-vate-plaksnes-fasadei-rockwool\/fasades-vate-rockwool-frontrock-super\/","og_locale":"lt_LT","og_type":"article","og_title":"Fas\u0101des vate Rockwool Frontrock Super &#8226; Vides Tehnika","og_description":"Fas\u0101des vate Rockwool Frontrock Super nodro\u0161ina efekt\u012bvu \u0101rsienu, ska\u0146as un pretuguns izol\u0101ciju, k\u0101 ar\u012b uzlabo visas \u0113kas energoefektivit\u0101ti.","og_url":"https:\/\/videstehnika.lv\/lt\/katalogs\/siltumizolacijas-materiali\/akmens-vate-plaksnes-fasadei-rockwool\/fasades-vate-rockwool-frontrock-super\/","og_site_name":"Vides Tehnika","article_modified_time":"2024-08-06T09:03:02+00:00","og_image":[{"width":900,"height":900,"url":"https:\/\/videstehnika.lv\/wp-content\/uploads\/2020\/07\/vides-tehnika-fasades-vate-rockwool-frontrock-super-1.jpg","type":"image\/jpeg"}],"twitter_card":"summary_large_image","twitter_misc":{"Est. reading time":"1 minut\u0117"},"schema":{"@context":"https:\/\/schema.org","@graph":[{"@type":"WebPage","@id":"https:\/\/videstehnika.lv\/lt\/katalogs\/siltumizolacijas-materiali\/akmens-vate-plaksnes-fasadei-rockwool\/fasades-vate-rockwool-frontrock-super\/","url":"https:\/\/videstehnika.lv\/lt\/katalogs\/siltumizolacijas-materiali\/akmens-vate-plaksnes-fasadei-rockwool\/fasades-vate-rockwool-frontrock-super\/","name":"Fas\u0101des vate Rockwool Frontrock Super &#8226; Vides Tehnika","isPartOf":{"@id":"https:\/\/videstehnika.lv\/lt\/#website"},"primaryImageOfPage":{"@id":"https:\/\/videstehnika.lv\/lt\/katalogs\/siltumizolacijas-materiali\/akmens-vate-plaksnes-fasadei-rockwool\/fasades-vate-rockwool-frontrock-super\/#primaryimage"},"image":{"@id":"https:\/\/videstehnika.lv\/lt\/katalogs\/siltumizolacijas-materiali\/akmens-vate-plaksnes-fasadei-rockwool\/fasades-vate-rockwool-frontrock-super\/#primaryimage"},"thumbnailUrl":"https:\/\/videstehnika.lv\/wp-content\/uploads\/2020\/07\/vides-tehnika-fasades-vate-rockwool-frontrock-super-1.jpg","datePublished":"2020-07-07T10:01:29+00:00","dateModified":"2024-08-06T09:03:02+00:00","description":"Fas\u0101des vate Rockwool Frontrock Super nodro\u0161ina efekt\u012bvu \u0101rsienu, ska\u0146as un pretuguns izol\u0101ciju, k\u0101 ar\u012b uzlabo visas \u0113kas energoefektivit\u0101ti.","breadcrumb":{"@id":"https:\/\/videstehnika.lv\/lt\/katalogs\/siltumizolacijas-materiali\/akmens-vate-plaksnes-fasadei-rockwool\/fasades-vate-rockwool-frontrock-super\/#breadcrumb"},"inLanguage":"lt-LT","potentialAction":[{"@type":"ReadAction","target":["https:\/\/videstehnika.lv\/lt\/katalogs\/siltumizolacijas-materiali\/akmens-vate-plaksnes-fasadei-rockwool\/fasades-vate-rockwool-frontrock-super\/"]}]},{"@type":"ImageObject","inLanguage":"lt-LT","@id":"https:\/\/videstehnika.lv\/lt\/katalogs\/siltumizolacijas-materiali\/akmens-vate-plaksnes-fasadei-rockwool\/fasades-vate-rockwool-frontrock-super\/#primaryimage","url":"https:\/\/videstehnika.lv\/wp-content\/uploads\/2020\/07\/vides-tehnika-fasades-vate-rockwool-frontrock-super-1.jpg","contentUrl":"https:\/\/videstehnika.lv\/wp-content\/uploads\/2020\/07\/vides-tehnika-fasades-vate-rockwool-frontrock-super-1.jpg","width":900,"height":900},{"@type":"BreadcrumbList","@id":"https:\/\/videstehnika.lv\/lt\/katalogs\/siltumizolacijas-materiali\/akmens-vate-plaksnes-fasadei-rockwool\/fasades-vate-rockwool-frontrock-super\/#breadcrumb","itemListElement":[{"@type":"ListItem","position":1,"name":"Home","item":"https:\/\/videstehnika.lv\/lt\/"},{"@type":"ListItem","position":2,"name":"Katalogas","item":"https:\/\/videstehnika.lv\/lt\/katalogas\/"},{"@type":"ListItem","position":3,"name":"ROCKWOOL Frontrock Super Akmens vate pl\u0101ksn\u0113s fas\u0101dei"}]},{"@type":"WebSite","@id":"https:\/\/videstehnika.lv\/lt\/#website","url":"https:\/\/videstehnika.lv\/lt\/","name":"Vides Tehnika","description":"","potentialAction":[{"@type":"SearchAction","target":{"@type":"EntryPoint","urlTemplate":"https:\/\/videstehnika.lv\/lt\/?s={search_term_string}"},"query-input":{"@type":"PropertyValueSpecification","valueRequired":true,"valueName":"search_term_string"}}],"inLanguage":"lt-LT"}]}},"_links":{"self":[{"href":"https:\/\/videstehnika.lv\/lt\/wp-json\/wp\/v2\/product\/30446","targetHints":{"allow":["GET"]}}],"collection":[{"href":"https:\/\/videstehnika.lv\/lt\/wp-json\/wp\/v2\/product"}],"about":[{"href":"https:\/\/videstehnika.lv\/lt\/wp-json\/wp\/v2\/types\/product"}],"wp:featuredmedia":[{"embeddable":true,"href":"https:\/\/videstehnika.lv\/lt\/wp-json\/wp\/v2\/media\/23753"}],"wp:attachment":[{"href":"https:\/\/videstehnika.lv\/lt\/wp-json\/wp\/v2\/media?parent=30446"}],"wp:term":[{"taxonomy":"product_cat","embeddable":true,"href":"https:\/\/videstehnika.lv\/lt\/wp-json\/wp\/v2\/product_cat?post=30446"},{"taxonomy":"product_tag","embeddable":true,"href":"https:\/\/videstehnika.lv\/lt\/wp-json\/wp\/v2\/product_tag?post=30446"}],"curies":[{"name":"wp","href":"https:\/\/api.w.org\/{rel}","templated":true}]}}