{"id":30455,"date":"2020-07-07T11:04:22","date_gmt":"2020-07-07T08:04:22","guid":{"rendered":"https:\/\/videstehnika.lv\/catalog\/be-kategorijos\/linu-lenta\/"},"modified":"2024-08-06T14:39:03","modified_gmt":"2024-08-06T11:39:03","slug":"linu-lenta","status":"publish","type":"product","link":"https:\/\/videstehnika.lv\/lt\/katalogs\/siltumizolacijas-materiali\/lina-skiedras-siltumizolacija-gulbuvem\/linu-lenta\/","title":{"rendered":"Linu lenta"},"content":{"rendered":"<h2>Linu lenta<\/h2>\n<p>Linu voiloks ir izgatavots no dabi\u0304gas linu s\u030ck\u0327iedras un tas kalpos gan ka\u0304 siltumizola\u0304cijas, gan skan\u0327as izola\u0304cijas materia\u0304ls. Tas ir viegli pielietojams un dros\u030cs materia\u0304ls ar laba\u0304m gaisa un ga\u0304zu difu\u0304zijas i\u0304pas\u030ci\u0304ba\u0304m, ka\u0304 ari\u0304 saglaba\u0304 vienme\u0304ri\u0304gu mitruma li\u0304meni. Visbiez\u030ca\u0304k linu voilokus izmanto gul\u0327bu\u0304ve\u0304m, iestra\u0304da\u0304jot starp bal\u0327k\u0327iem un spraugu aizdri\u0304ve\u0304s\u030canai.<\/p>\n<h2><strong>Linu lentas pielietojums<\/strong><\/h2>\n<ul>\n<li>Sienu, griestu, jumtu un gri\u0304du siltina\u0304s\u030canai;<\/li>\n<li>Logu un durvju ail\u0327u siltina\u0304s\u030canai;<\/li>\n<li>Starpsienu skan\u0327as izola\u0304cijai;<\/li>\n<li>Starpsienu skan\u0327as izola\u0304cijai;<\/li>\n<li>Durvju nosiltina\u0304s\u030canai;<\/li>\n<li>Gri\u0304da\u0304m zem parketa un lamina\u0304ta.<\/li>\n<\/ul>\n","protected":false},"excerpt":{"rendered":"<p>Cena nor\u0101d\u012bta par rulli<\/p>\n","protected":false},"featured_media":23750,"template":"","meta":{"_acf_changed":false},"product_cat":[3829,3836],"product_tag":[],"class_list":{"0":"post-30455","1":"product","2":"type-product","3":"status-publish","4":"has-post-thumbnail","6":"product_cat-silumos-izoliacines-medziagos","7":"product_cat-linas-derva-silumos-izoliacija-namui","9":"first","10":"instock","11":"featured","12":"taxable","13":"shipping-taxable","14":"purchasable","15":"product-type-variable"},"acf":[],"yoast_head":"<!-- This site is optimized with the Yoast SEO plugin v24.2 - https:\/\/yoast.com\/wordpress\/plugins\/seo\/ -->\n<title>Lina \u0161\u0137iedras siltumizol\u0101cijas materi\u0101ls &#8226; Vides Tehnika<\/title>\n<meta name=\"description\" content=\"Linu voiloks ir izgatavots no dabi\u0304gas linu s\u030ck\u0327iedras un tas kalpos gan ka\u0304 siltumizola\u0304cijas, gan skan\u0327as izola\u0304cijas materia\u0304ls.\" \/>\n<meta name=\"robots\" content=\"index, follow, max-snippet:-1, max-image-preview:large, max-video-preview:-1\" \/>\n<link rel=\"canonical\" href=\"https:\/\/videstehnika.lv\/lt\/katalogs\/siltumizolacijas-materiali\/lina-skiedras-siltumizolacija-gulbuvem\/linu-lenta\/\" \/>\n<meta property=\"og:locale\" content=\"lt_LT\" \/>\n<meta property=\"og:type\" content=\"article\" \/>\n<meta property=\"og:title\" content=\"Lina \u0161\u0137iedras siltumizol\u0101cijas materi\u0101ls &#8226; Vides Tehnika\" \/>\n<meta property=\"og:description\" content=\"Linu voiloks ir izgatavots no dabi\u0304gas linu s\u030ck\u0327iedras un tas kalpos gan ka\u0304 siltumizola\u0304cijas, gan skan\u0327as izola\u0304cijas materia\u0304ls.\" \/>\n<meta property=\"og:url\" content=\"https:\/\/videstehnika.lv\/lt\/katalogs\/siltumizolacijas-materiali\/lina-skiedras-siltumizolacija-gulbuvem\/linu-lenta\/\" \/>\n<meta property=\"og:site_name\" content=\"Vides Tehnika\" \/>\n<meta property=\"article:modified_time\" content=\"2024-08-06T11:39:03+00:00\" \/>\n<meta property=\"og:image\" content=\"https:\/\/videstehnika.lv\/wp-content\/uploads\/2020\/07\/vides-tehnika-linu-lenta-1.jpg\" \/>\n\t<meta property=\"og:image:width\" content=\"900\" \/>\n\t<meta property=\"og:image:height\" content=\"900\" \/>\n\t<meta property=\"og:image:type\" content=\"image\/jpeg\" \/>\n<meta name=\"twitter:card\" content=\"summary_large_image\" \/>\n<meta name=\"twitter:label1\" content=\"Est. reading time\" \/>\n\t<meta name=\"twitter:data1\" content=\"1 minut\u0117\" \/>\n<script type=\"application\/ld+json\" class=\"yoast-schema-graph\">{\"@context\":\"https:\/\/schema.org\",\"@graph\":[{\"@type\":\"WebPage\",\"@id\":\"https:\/\/videstehnika.lv\/lt\/katalogs\/siltumizolacijas-materiali\/lina-skiedras-siltumizolacija-gulbuvem\/linu-lenta\/\",\"url\":\"https:\/\/videstehnika.lv\/lt\/katalogs\/siltumizolacijas-materiali\/lina-skiedras-siltumizolacija-gulbuvem\/linu-lenta\/\",\"name\":\"Lina \u0161\u0137iedras siltumizol\u0101cijas materi\u0101ls &#8226; Vides Tehnika\",\"isPartOf\":{\"@id\":\"https:\/\/videstehnika.lv\/lt\/#website\"},\"primaryImageOfPage\":{\"@id\":\"https:\/\/videstehnika.lv\/lt\/katalogs\/siltumizolacijas-materiali\/lina-skiedras-siltumizolacija-gulbuvem\/linu-lenta\/#primaryimage\"},\"image\":{\"@id\":\"https:\/\/videstehnika.lv\/lt\/katalogs\/siltumizolacijas-materiali\/lina-skiedras-siltumizolacija-gulbuvem\/linu-lenta\/#primaryimage\"},\"thumbnailUrl\":\"https:\/\/videstehnika.lv\/wp-content\/uploads\/2020\/07\/vides-tehnika-linu-lenta-1.jpg\",\"datePublished\":\"2020-07-07T08:04:22+00:00\",\"dateModified\":\"2024-08-06T11:39:03+00:00\",\"description\":\"Linu voiloks ir izgatavots no dabi\u0304gas linu s\u030ck\u0327iedras un tas kalpos gan ka\u0304 siltumizola\u0304cijas, gan skan\u0327as izola\u0304cijas materia\u0304ls.\",\"breadcrumb\":{\"@id\":\"https:\/\/videstehnika.lv\/lt\/katalogs\/siltumizolacijas-materiali\/lina-skiedras-siltumizolacija-gulbuvem\/linu-lenta\/#breadcrumb\"},\"inLanguage\":\"lt-LT\",\"potentialAction\":[{\"@type\":\"ReadAction\",\"target\":[\"https:\/\/videstehnika.lv\/lt\/katalogs\/siltumizolacijas-materiali\/lina-skiedras-siltumizolacija-gulbuvem\/linu-lenta\/\"]}]},{\"@type\":\"ImageObject\",\"inLanguage\":\"lt-LT\",\"@id\":\"https:\/\/videstehnika.lv\/lt\/katalogs\/siltumizolacijas-materiali\/lina-skiedras-siltumizolacija-gulbuvem\/linu-lenta\/#primaryimage\",\"url\":\"https:\/\/videstehnika.lv\/wp-content\/uploads\/2020\/07\/vides-tehnika-linu-lenta-1.jpg\",\"contentUrl\":\"https:\/\/videstehnika.lv\/wp-content\/uploads\/2020\/07\/vides-tehnika-linu-lenta-1.jpg\",\"width\":900,\"height\":900},{\"@type\":\"BreadcrumbList\",\"@id\":\"https:\/\/videstehnika.lv\/lt\/katalogs\/siltumizolacijas-materiali\/lina-skiedras-siltumizolacija-gulbuvem\/linu-lenta\/#breadcrumb\",\"itemListElement\":[{\"@type\":\"ListItem\",\"position\":1,\"name\":\"Home\",\"item\":\"https:\/\/videstehnika.lv\/lt\/\"},{\"@type\":\"ListItem\",\"position\":2,\"name\":\"Katalogas\",\"item\":\"https:\/\/videstehnika.lv\/lt\/katalogas\/\"},{\"@type\":\"ListItem\",\"position\":3,\"name\":\"Linu lenta\"}]},{\"@type\":\"WebSite\",\"@id\":\"https:\/\/videstehnika.lv\/lt\/#website\",\"url\":\"https:\/\/videstehnika.lv\/lt\/\",\"name\":\"Vides Tehnika\",\"description\":\"\",\"potentialAction\":[{\"@type\":\"SearchAction\",\"target\":{\"@type\":\"EntryPoint\",\"urlTemplate\":\"https:\/\/videstehnika.lv\/lt\/?s={search_term_string}\"},\"query-input\":{\"@type\":\"PropertyValueSpecification\",\"valueRequired\":true,\"valueName\":\"search_term_string\"}}],\"inLanguage\":\"lt-LT\"}]}<\/script>\n<!-- \/ Yoast SEO plugin. -->","yoast_head_json":{"title":"Lina \u0161\u0137iedras siltumizol\u0101cijas materi\u0101ls &#8226; Vides Tehnika","description":"Linu voiloks ir izgatavots no dabi\u0304gas linu s\u030ck\u0327iedras un tas kalpos gan ka\u0304 siltumizola\u0304cijas, gan skan\u0327as izola\u0304cijas materia\u0304ls.","robots":{"index":"index","follow":"follow","max-snippet":"max-snippet:-1","max-image-preview":"max-image-preview:large","max-video-preview":"max-video-preview:-1"},"canonical":"https:\/\/videstehnika.lv\/lt\/katalogs\/siltumizolacijas-materiali\/lina-skiedras-siltumizolacija-gulbuvem\/linu-lenta\/","og_locale":"lt_LT","og_type":"article","og_title":"Lina \u0161\u0137iedras siltumizol\u0101cijas materi\u0101ls &#8226; Vides Tehnika","og_description":"Linu voiloks ir izgatavots no dabi\u0304gas linu s\u030ck\u0327iedras un tas kalpos gan ka\u0304 siltumizola\u0304cijas, gan skan\u0327as izola\u0304cijas materia\u0304ls.","og_url":"https:\/\/videstehnika.lv\/lt\/katalogs\/siltumizolacijas-materiali\/lina-skiedras-siltumizolacija-gulbuvem\/linu-lenta\/","og_site_name":"Vides Tehnika","article_modified_time":"2024-08-06T11:39:03+00:00","og_image":[{"width":900,"height":900,"url":"https:\/\/videstehnika.lv\/wp-content\/uploads\/2020\/07\/vides-tehnika-linu-lenta-1.jpg","type":"image\/jpeg"}],"twitter_card":"summary_large_image","twitter_misc":{"Est. reading time":"1 minut\u0117"},"schema":{"@context":"https:\/\/schema.org","@graph":[{"@type":"WebPage","@id":"https:\/\/videstehnika.lv\/lt\/katalogs\/siltumizolacijas-materiali\/lina-skiedras-siltumizolacija-gulbuvem\/linu-lenta\/","url":"https:\/\/videstehnika.lv\/lt\/katalogs\/siltumizolacijas-materiali\/lina-skiedras-siltumizolacija-gulbuvem\/linu-lenta\/","name":"Lina \u0161\u0137iedras siltumizol\u0101cijas materi\u0101ls &#8226; Vides Tehnika","isPartOf":{"@id":"https:\/\/videstehnika.lv\/lt\/#website"},"primaryImageOfPage":{"@id":"https:\/\/videstehnika.lv\/lt\/katalogs\/siltumizolacijas-materiali\/lina-skiedras-siltumizolacija-gulbuvem\/linu-lenta\/#primaryimage"},"image":{"@id":"https:\/\/videstehnika.lv\/lt\/katalogs\/siltumizolacijas-materiali\/lina-skiedras-siltumizolacija-gulbuvem\/linu-lenta\/#primaryimage"},"thumbnailUrl":"https:\/\/videstehnika.lv\/wp-content\/uploads\/2020\/07\/vides-tehnika-linu-lenta-1.jpg","datePublished":"2020-07-07T08:04:22+00:00","dateModified":"2024-08-06T11:39:03+00:00","description":"Linu voiloks ir izgatavots no dabi\u0304gas linu s\u030ck\u0327iedras un tas kalpos gan ka\u0304 siltumizola\u0304cijas, gan skan\u0327as izola\u0304cijas materia\u0304ls.","breadcrumb":{"@id":"https:\/\/videstehnika.lv\/lt\/katalogs\/siltumizolacijas-materiali\/lina-skiedras-siltumizolacija-gulbuvem\/linu-lenta\/#breadcrumb"},"inLanguage":"lt-LT","potentialAction":[{"@type":"ReadAction","target":["https:\/\/videstehnika.lv\/lt\/katalogs\/siltumizolacijas-materiali\/lina-skiedras-siltumizolacija-gulbuvem\/linu-lenta\/"]}]},{"@type":"ImageObject","inLanguage":"lt-LT","@id":"https:\/\/videstehnika.lv\/lt\/katalogs\/siltumizolacijas-materiali\/lina-skiedras-siltumizolacija-gulbuvem\/linu-lenta\/#primaryimage","url":"https:\/\/videstehnika.lv\/wp-content\/uploads\/2020\/07\/vides-tehnika-linu-lenta-1.jpg","contentUrl":"https:\/\/videstehnika.lv\/wp-content\/uploads\/2020\/07\/vides-tehnika-linu-lenta-1.jpg","width":900,"height":900},{"@type":"BreadcrumbList","@id":"https:\/\/videstehnika.lv\/lt\/katalogs\/siltumizolacijas-materiali\/lina-skiedras-siltumizolacija-gulbuvem\/linu-lenta\/#breadcrumb","itemListElement":[{"@type":"ListItem","position":1,"name":"Home","item":"https:\/\/videstehnika.lv\/lt\/"},{"@type":"ListItem","position":2,"name":"Katalogas","item":"https:\/\/videstehnika.lv\/lt\/katalogas\/"},{"@type":"ListItem","position":3,"name":"Linu lenta"}]},{"@type":"WebSite","@id":"https:\/\/videstehnika.lv\/lt\/#website","url":"https:\/\/videstehnika.lv\/lt\/","name":"Vides Tehnika","description":"","potentialAction":[{"@type":"SearchAction","target":{"@type":"EntryPoint","urlTemplate":"https:\/\/videstehnika.lv\/lt\/?s={search_term_string}"},"query-input":{"@type":"PropertyValueSpecification","valueRequired":true,"valueName":"search_term_string"}}],"inLanguage":"lt-LT"}]}},"_links":{"self":[{"href":"https:\/\/videstehnika.lv\/lt\/wp-json\/wp\/v2\/product\/30455","targetHints":{"allow":["GET"]}}],"collection":[{"href":"https:\/\/videstehnika.lv\/lt\/wp-json\/wp\/v2\/product"}],"about":[{"href":"https:\/\/videstehnika.lv\/lt\/wp-json\/wp\/v2\/types\/product"}],"wp:featuredmedia":[{"embeddable":true,"href":"https:\/\/videstehnika.lv\/lt\/wp-json\/wp\/v2\/media\/23750"}],"wp:attachment":[{"href":"https:\/\/videstehnika.lv\/lt\/wp-json\/wp\/v2\/media?parent=30455"}],"wp:term":[{"taxonomy":"product_cat","embeddable":true,"href":"https:\/\/videstehnika.lv\/lt\/wp-json\/wp\/v2\/product_cat?post=30455"},{"taxonomy":"product_tag","embeddable":true,"href":"https:\/\/videstehnika.lv\/lt\/wp-json\/wp\/v2\/product_tag?post=30455"}],"curies":[{"name":"wp","href":"https:\/\/api.w.org\/{rel}","templated":true}]}}