{"id":30468,"date":"2020-07-03T18:23:26","date_gmt":"2020-07-03T15:23:26","guid":{"rendered":"https:\/\/videstehnika.lv\/catalog\/be-kategorijos\/berama-kokskiedras-vate-steico-zell\/"},"modified":"2025-06-16T11:56:18","modified_gmt":"2025-06-16T08:56:18","slug":"berama-kokskiedras-vate-steico-zell","status":"publish","type":"product","link":"https:\/\/videstehnika.lv\/lt\/katalogs\/siltumizolacijas-materiali\/berama-vate-konstrukciju-siltinasanai\/berama-kokskiedras-vate-steico-zell\/","title":{"rendered":"STEICO Zell Beram\u0101 kok\u0161\u0137iedras vate 15kg"},"content":{"rendered":"<h2>Beram\u0101 kok\u0161\u0137iedras vate &#8222;STEICO Zell&#8221;<\/h2>\n<p>Beram\u0101 kok\u0161\u0137iedras vate STEICO Zell ir ekolo\u0123isks, elpojo\u0161s un videi draudz\u012bgs siltumizol\u0101cijas materi\u0101ls, kas piem\u0113rots visa veida konstrukciju siltin\u0101\u0161anai:<\/p>\n<ul>\n<li>Horizont\u0101liem p\u0101rsegumiem \u2013 jumtiem, gr\u012bd\u0101m, griestiem un b\u0113ni\u0146iem.<\/li>\n<li>Vertik\u0101l\u0101m konstrukcij\u0101m \u2013 sien\u0101m un sl\u012bpn\u0113m.<\/li>\n<\/ul>\n<h2><strong>STEICO Zell priek\u0161roc\u012bbas<\/strong><\/h2>\n<ul>\n<li>Augstas siltumizol\u0101cijas sp\u0113jas;<\/li>\n<li>Teicama ska\u0146as izol\u0101cija;<\/li>\n<li>Teicama siltuma regul\u0101cija telp\u0101s, kas pasarg\u0101s m\u0101jokli no siltuma zudumiem ziem\u0101 un no p\u0101rm\u0113r\u012bgas uzkar\u0161anas vasaras karstaj\u0101s dien\u0101s;<\/li>\n<li>Elpojo\u0161s materi\u0101ls, kas nodro\u0161ina vesel\u012bgu mikroklimatu telp\u0101s;<\/li>\n<li>Ekonomisks materi\u0101ls, jo iestr\u0101des proces\u0101 nerodas p\u0101rpalikumi;<\/li>\n<li>Materi\u0101ls ir ilgm\u016b\u017e\u012bgs un iztur\u012bgs pret s\u0113\u0161anos un sabl\u012bv\u0113\u0161anos laika gait\u0101;<\/li>\n<li>Videi un vesel\u012bbai draudz\u012bgs materi\u0101ls, antialer\u0123isks;<\/li>\n<li>Teicami piem\u0113rota k\u0101 dz\u012bvojamo, t\u0101 ar\u012b industri\u0101lo \u0113ku siltin\u0101\u0161anai.<\/li>\n<\/ul>\n","protected":false},"excerpt":{"rendered":"<p>Beram\u0101 kok\u0161\u0137iedras vate &#8222;STEICO Zell&#8221; Beram\u0101 kok\u0161\u0137iedras vate STEICO Zell ir ekolo\u0123isks, elpojo\u0161s un videi draudz\u012bgs siltumizol\u0101cijas materi\u0101ls, kas piem\u0113rots<\/p>\n","protected":false},"featured_media":64635,"template":"","meta":{"_acf_changed":false},"product_cat":[5471,3829],"product_tag":[],"class_list":{"0":"post-30468","1":"product","2":"type-product","3":"status-publish","4":"has-post-thumbnail","6":"product_cat-kokskiedras-vate-lt","7":"product_cat-silumos-izoliacines-medziagos","9":"first","10":"instock","11":"featured","12":"taxable","13":"shipping-taxable","14":"purchasable","15":"product-type-simple"},"acf":[],"yoast_head":"<!-- This site is optimized with the Yoast SEO plugin v24.2 - https:\/\/yoast.com\/wordpress\/plugins\/seo\/ -->\n<title>Beram\u0101 kok\u0161\u0137iedras vate STEICO Zell &#8226; Vides Tehnika<\/title>\n<meta name=\"description\" content=\"Beram\u0101 kok\u0161\u0137iedras vate STEICO Zell - ekolo\u0123isks, elpojo\u0161s un videi draudz\u012bgs siltumizol\u0101cijas materi\u0101ls, visa veida konstrukciju siltin\u0101\u0161anai\" \/>\n<meta name=\"robots\" content=\"index, follow, max-snippet:-1, max-image-preview:large, max-video-preview:-1\" \/>\n<link rel=\"canonical\" href=\"https:\/\/videstehnika.lv\/lt\/katalogs\/siltumizolacijas-materiali\/berama-vate-konstrukciju-siltinasanai\/berama-kokskiedras-vate-steico-zell\/\" \/>\n<meta property=\"og:locale\" content=\"lt_LT\" \/>\n<meta property=\"og:type\" content=\"article\" \/>\n<meta property=\"og:title\" content=\"Beram\u0101 kok\u0161\u0137iedras vate STEICO Zell &#8226; Vides Tehnika\" \/>\n<meta property=\"og:description\" content=\"Beram\u0101 kok\u0161\u0137iedras vate STEICO Zell - ekolo\u0123isks, elpojo\u0161s un videi draudz\u012bgs siltumizol\u0101cijas materi\u0101ls, visa veida konstrukciju siltin\u0101\u0161anai\" \/>\n<meta property=\"og:url\" content=\"https:\/\/videstehnika.lv\/lt\/katalogs\/siltumizolacijas-materiali\/berama-vate-konstrukciju-siltinasanai\/berama-kokskiedras-vate-steico-zell\/\" \/>\n<meta property=\"og:site_name\" content=\"Vides Tehnika\" \/>\n<meta property=\"article:modified_time\" content=\"2025-06-16T08:56:18+00:00\" \/>\n<meta property=\"og:image\" content=\"https:\/\/videstehnika.lv\/wp-content\/uploads\/2020\/07\/WhatsApp-Image-2025-06-04-at-21.20.45.jpeg\" \/>\n\t<meta property=\"og:image:width\" content=\"1280\" \/>\n\t<meta property=\"og:image:height\" content=\"720\" \/>\n\t<meta property=\"og:image:type\" content=\"image\/jpeg\" \/>\n<meta name=\"twitter:card\" content=\"summary_large_image\" \/>\n<meta name=\"twitter:label1\" content=\"Est. reading time\" \/>\n\t<meta name=\"twitter:data1\" content=\"1 minut\u0117\" \/>\n<script type=\"application\/ld+json\" class=\"yoast-schema-graph\">{\"@context\":\"https:\/\/schema.org\",\"@graph\":[{\"@type\":\"WebPage\",\"@id\":\"https:\/\/videstehnika.lv\/lt\/katalogs\/siltumizolacijas-materiali\/berama-vate-konstrukciju-siltinasanai\/berama-kokskiedras-vate-steico-zell\/\",\"url\":\"https:\/\/videstehnika.lv\/lt\/katalogs\/siltumizolacijas-materiali\/berama-vate-konstrukciju-siltinasanai\/berama-kokskiedras-vate-steico-zell\/\",\"name\":\"Beram\u0101 kok\u0161\u0137iedras vate STEICO Zell &#8226; Vides Tehnika\",\"isPartOf\":{\"@id\":\"https:\/\/videstehnika.lv\/lt\/#website\"},\"primaryImageOfPage\":{\"@id\":\"https:\/\/videstehnika.lv\/lt\/katalogs\/siltumizolacijas-materiali\/berama-vate-konstrukciju-siltinasanai\/berama-kokskiedras-vate-steico-zell\/#primaryimage\"},\"image\":{\"@id\":\"https:\/\/videstehnika.lv\/lt\/katalogs\/siltumizolacijas-materiali\/berama-vate-konstrukciju-siltinasanai\/berama-kokskiedras-vate-steico-zell\/#primaryimage\"},\"thumbnailUrl\":\"https:\/\/videstehnika.lv\/wp-content\/uploads\/2020\/07\/WhatsApp-Image-2025-06-04-at-21.20.45.jpeg\",\"datePublished\":\"2020-07-03T15:23:26+00:00\",\"dateModified\":\"2025-06-16T08:56:18+00:00\",\"description\":\"Beram\u0101 kok\u0161\u0137iedras vate STEICO Zell - ekolo\u0123isks, elpojo\u0161s un videi draudz\u012bgs siltumizol\u0101cijas materi\u0101ls, visa veida konstrukciju siltin\u0101\u0161anai\",\"breadcrumb\":{\"@id\":\"https:\/\/videstehnika.lv\/lt\/katalogs\/siltumizolacijas-materiali\/berama-vate-konstrukciju-siltinasanai\/berama-kokskiedras-vate-steico-zell\/#breadcrumb\"},\"inLanguage\":\"lt-LT\",\"potentialAction\":[{\"@type\":\"ReadAction\",\"target\":[\"https:\/\/videstehnika.lv\/lt\/katalogs\/siltumizolacijas-materiali\/berama-vate-konstrukciju-siltinasanai\/berama-kokskiedras-vate-steico-zell\/\"]}]},{\"@type\":\"ImageObject\",\"inLanguage\":\"lt-LT\",\"@id\":\"https:\/\/videstehnika.lv\/lt\/katalogs\/siltumizolacijas-materiali\/berama-vate-konstrukciju-siltinasanai\/berama-kokskiedras-vate-steico-zell\/#primaryimage\",\"url\":\"https:\/\/videstehnika.lv\/wp-content\/uploads\/2020\/07\/WhatsApp-Image-2025-06-04-at-21.20.45.jpeg\",\"contentUrl\":\"https:\/\/videstehnika.lv\/wp-content\/uploads\/2020\/07\/WhatsApp-Image-2025-06-04-at-21.20.45.jpeg\",\"width\":1280,\"height\":720},{\"@type\":\"BreadcrumbList\",\"@id\":\"https:\/\/videstehnika.lv\/lt\/katalogs\/siltumizolacijas-materiali\/berama-vate-konstrukciju-siltinasanai\/berama-kokskiedras-vate-steico-zell\/#breadcrumb\",\"itemListElement\":[{\"@type\":\"ListItem\",\"position\":1,\"name\":\"Home\",\"item\":\"https:\/\/videstehnika.lv\/lt\/\"},{\"@type\":\"ListItem\",\"position\":2,\"name\":\"Katalogas\",\"item\":\"https:\/\/videstehnika.lv\/lt\/katalogas\/\"},{\"@type\":\"ListItem\",\"position\":3,\"name\":\"STEICO Zell Beram\u0101 kok\u0161\u0137iedras vate 15kg\"}]},{\"@type\":\"WebSite\",\"@id\":\"https:\/\/videstehnika.lv\/lt\/#website\",\"url\":\"https:\/\/videstehnika.lv\/lt\/\",\"name\":\"Vides Tehnika\",\"description\":\"\",\"potentialAction\":[{\"@type\":\"SearchAction\",\"target\":{\"@type\":\"EntryPoint\",\"urlTemplate\":\"https:\/\/videstehnika.lv\/lt\/?s={search_term_string}\"},\"query-input\":{\"@type\":\"PropertyValueSpecification\",\"valueRequired\":true,\"valueName\":\"search_term_string\"}}],\"inLanguage\":\"lt-LT\"}]}<\/script>\n<!-- \/ Yoast SEO plugin. -->","yoast_head_json":{"title":"Beram\u0101 kok\u0161\u0137iedras vate STEICO Zell &#8226; Vides Tehnika","description":"Beram\u0101 kok\u0161\u0137iedras vate STEICO Zell - ekolo\u0123isks, elpojo\u0161s un videi draudz\u012bgs siltumizol\u0101cijas materi\u0101ls, visa veida konstrukciju siltin\u0101\u0161anai","robots":{"index":"index","follow":"follow","max-snippet":"max-snippet:-1","max-image-preview":"max-image-preview:large","max-video-preview":"max-video-preview:-1"},"canonical":"https:\/\/videstehnika.lv\/lt\/katalogs\/siltumizolacijas-materiali\/berama-vate-konstrukciju-siltinasanai\/berama-kokskiedras-vate-steico-zell\/","og_locale":"lt_LT","og_type":"article","og_title":"Beram\u0101 kok\u0161\u0137iedras vate STEICO Zell &#8226; Vides Tehnika","og_description":"Beram\u0101 kok\u0161\u0137iedras vate STEICO Zell - ekolo\u0123isks, elpojo\u0161s un videi draudz\u012bgs siltumizol\u0101cijas materi\u0101ls, visa veida konstrukciju siltin\u0101\u0161anai","og_url":"https:\/\/videstehnika.lv\/lt\/katalogs\/siltumizolacijas-materiali\/berama-vate-konstrukciju-siltinasanai\/berama-kokskiedras-vate-steico-zell\/","og_site_name":"Vides Tehnika","article_modified_time":"2025-06-16T08:56:18+00:00","og_image":[{"width":1280,"height":720,"url":"https:\/\/videstehnika.lv\/wp-content\/uploads\/2020\/07\/WhatsApp-Image-2025-06-04-at-21.20.45.jpeg","type":"image\/jpeg"}],"twitter_card":"summary_large_image","twitter_misc":{"Est. reading time":"1 minut\u0117"},"schema":{"@context":"https:\/\/schema.org","@graph":[{"@type":"WebPage","@id":"https:\/\/videstehnika.lv\/lt\/katalogs\/siltumizolacijas-materiali\/berama-vate-konstrukciju-siltinasanai\/berama-kokskiedras-vate-steico-zell\/","url":"https:\/\/videstehnika.lv\/lt\/katalogs\/siltumizolacijas-materiali\/berama-vate-konstrukciju-siltinasanai\/berama-kokskiedras-vate-steico-zell\/","name":"Beram\u0101 kok\u0161\u0137iedras vate STEICO Zell &#8226; Vides Tehnika","isPartOf":{"@id":"https:\/\/videstehnika.lv\/lt\/#website"},"primaryImageOfPage":{"@id":"https:\/\/videstehnika.lv\/lt\/katalogs\/siltumizolacijas-materiali\/berama-vate-konstrukciju-siltinasanai\/berama-kokskiedras-vate-steico-zell\/#primaryimage"},"image":{"@id":"https:\/\/videstehnika.lv\/lt\/katalogs\/siltumizolacijas-materiali\/berama-vate-konstrukciju-siltinasanai\/berama-kokskiedras-vate-steico-zell\/#primaryimage"},"thumbnailUrl":"https:\/\/videstehnika.lv\/wp-content\/uploads\/2020\/07\/WhatsApp-Image-2025-06-04-at-21.20.45.jpeg","datePublished":"2020-07-03T15:23:26+00:00","dateModified":"2025-06-16T08:56:18+00:00","description":"Beram\u0101 kok\u0161\u0137iedras vate STEICO Zell - ekolo\u0123isks, elpojo\u0161s un videi draudz\u012bgs siltumizol\u0101cijas materi\u0101ls, visa veida konstrukciju siltin\u0101\u0161anai","breadcrumb":{"@id":"https:\/\/videstehnika.lv\/lt\/katalogs\/siltumizolacijas-materiali\/berama-vate-konstrukciju-siltinasanai\/berama-kokskiedras-vate-steico-zell\/#breadcrumb"},"inLanguage":"lt-LT","potentialAction":[{"@type":"ReadAction","target":["https:\/\/videstehnika.lv\/lt\/katalogs\/siltumizolacijas-materiali\/berama-vate-konstrukciju-siltinasanai\/berama-kokskiedras-vate-steico-zell\/"]}]},{"@type":"ImageObject","inLanguage":"lt-LT","@id":"https:\/\/videstehnika.lv\/lt\/katalogs\/siltumizolacijas-materiali\/berama-vate-konstrukciju-siltinasanai\/berama-kokskiedras-vate-steico-zell\/#primaryimage","url":"https:\/\/videstehnika.lv\/wp-content\/uploads\/2020\/07\/WhatsApp-Image-2025-06-04-at-21.20.45.jpeg","contentUrl":"https:\/\/videstehnika.lv\/wp-content\/uploads\/2020\/07\/WhatsApp-Image-2025-06-04-at-21.20.45.jpeg","width":1280,"height":720},{"@type":"BreadcrumbList","@id":"https:\/\/videstehnika.lv\/lt\/katalogs\/siltumizolacijas-materiali\/berama-vate-konstrukciju-siltinasanai\/berama-kokskiedras-vate-steico-zell\/#breadcrumb","itemListElement":[{"@type":"ListItem","position":1,"name":"Home","item":"https:\/\/videstehnika.lv\/lt\/"},{"@type":"ListItem","position":2,"name":"Katalogas","item":"https:\/\/videstehnika.lv\/lt\/katalogas\/"},{"@type":"ListItem","position":3,"name":"STEICO Zell Beram\u0101 kok\u0161\u0137iedras vate 15kg"}]},{"@type":"WebSite","@id":"https:\/\/videstehnika.lv\/lt\/#website","url":"https:\/\/videstehnika.lv\/lt\/","name":"Vides Tehnika","description":"","potentialAction":[{"@type":"SearchAction","target":{"@type":"EntryPoint","urlTemplate":"https:\/\/videstehnika.lv\/lt\/?s={search_term_string}"},"query-input":{"@type":"PropertyValueSpecification","valueRequired":true,"valueName":"search_term_string"}}],"inLanguage":"lt-LT"}]}},"_links":{"self":[{"href":"https:\/\/videstehnika.lv\/lt\/wp-json\/wp\/v2\/product\/30468","targetHints":{"allow":["GET"]}}],"collection":[{"href":"https:\/\/videstehnika.lv\/lt\/wp-json\/wp\/v2\/product"}],"about":[{"href":"https:\/\/videstehnika.lv\/lt\/wp-json\/wp\/v2\/types\/product"}],"wp:featuredmedia":[{"embeddable":true,"href":"https:\/\/videstehnika.lv\/lt\/wp-json\/wp\/v2\/media\/64635"}],"wp:attachment":[{"href":"https:\/\/videstehnika.lv\/lt\/wp-json\/wp\/v2\/media?parent=30468"}],"wp:term":[{"taxonomy":"product_cat","embeddable":true,"href":"https:\/\/videstehnika.lv\/lt\/wp-json\/wp\/v2\/product_cat?post=30468"},{"taxonomy":"product_tag","embeddable":true,"href":"https:\/\/videstehnika.lv\/lt\/wp-json\/wp\/v2\/product_tag?post=30468"}],"curies":[{"name":"wp","href":"https:\/\/api.w.org\/{rel}","templated":true}]}}