{"id":30480,"date":"2020-07-03T17:31:38","date_gmt":"2020-07-03T14:31:38","guid":{"rendered":"https:\/\/videstehnika.lv\/catalog\/be-kategorijos\/paroc-blt3-berama-akmens-vate-15kg\/"},"modified":"2025-02-24T15:05:50","modified_gmt":"2025-02-24T13:05:50","slug":"paroc-blt3-berama-akmens-vate-15kg","status":"publish","type":"product","link":"https:\/\/videstehnika.lv\/lt\/katalogs\/siltumizolacijas-materiali\/berama-vate-konstrukciju-siltinasanai\/paroc-blt3-berama-akmens-vate-15kg\/","title":{"rendered":"PAROC BLT3 Beram\u0101 akmens vate 15kg"},"content":{"rendered":"<h2>Beram\u0101 akmens vate &#8222;PAROC&#8221;<\/h2>\n<p>&#8222;PAROC BLT3&#8221; ir nedego\u0161a beram\u0101s akmens vates siltumizol\u0101cija b\u0113ni\u0146u p\u0101rsegumiem, jaun\u0101m un eso\u0161\u0101m \u0113k\u0101m.\u00a0PAROC akmens vates izstr\u0101d\u0101jumi ir sp\u0113j\u012bgi iztur\u0113t augstu temperat\u016bru iedarb\u012bbu. Saistviela s\u0101k iztvaikot, kad temperat\u016bra p\u0101rsniedz aptuveni 200\u00b0C. Siltumizol\u0101cijas \u012bpa\u0161\u012bbas paliek nemain\u012bgas, bet spiedes stipr\u012bba samazin\u0101s. M\u012bkstin\u0101\u0161an\u0101s temperat\u016bra akmens vates izstr\u0101d\u0101jumiem ir vair\u0101k k\u0101 1000\u00b0C.<\/p>\n<h2>Beram\u0101s vates pielietojums<\/h2>\n<ul>\n<li>B\u0113ni\u0146u p\u0101rsegumiem;<\/li>\n<li>Jaun\u0101m un eso\u0161\u0101m \u0113k\u0101m.<\/li>\n<\/ul>\n<p>Ar &#8222;PAROC BLT3&#8221; beramo akmens vati viegli veikt siltumizol\u0101ciju gr\u016bti pieejam\u0101s viet\u0101s. \u0160\u012b beram\u0101 akmens vate veido nep\u0101rtrauktu siltumizol\u0101cijas sl\u0101ni. Akmens vates siltumizol\u0101cija ir sausa, t\u0101 nenos\u0113\u017eas un nesaraujas. Iestr\u0101di ieteicams veikt mehaniz\u0113ti ar p\u016b\u0161am\u0101s ier\u012bces pal\u012bdz\u012bbu.<\/p>\n","protected":false},"excerpt":{"rendered":"<p>Beram\u0101 akmens vate &#8222;PAROC&#8221; &#8222;PAROC BLT3&#8221; ir nedego\u0161a beram\u0101s akmens vates siltumizol\u0101cija b\u0113ni\u0146u p\u0101rsegumiem, jaun\u0101m un eso\u0161\u0101m \u0113k\u0101m.\u00a0PAROC akmens vates<\/p>\n","protected":false},"featured_media":23759,"template":"","meta":{"_acf_changed":false},"product_cat":[5472,3829,3831],"product_tag":[],"class_list":{"0":"post-30480","1":"product","2":"type-product","3":"status-publish","4":"has-post-thumbnail","6":"product_cat-minerala-vate-lt","7":"product_cat-silumos-izoliacines-medziagos","8":"product_cat-berama-vata-statybiniam-sildymui","10":"first","11":"instock","12":"featured","13":"taxable","14":"shipping-taxable","15":"purchasable","16":"product-type-simple"},"acf":[],"yoast_head":"<!-- This site is optimized with the Yoast SEO plugin v24.2 - https:\/\/yoast.com\/wordpress\/plugins\/seo\/ -->\n<title>PAROC BLT3 Beram\u0101 akmens vate 15kg &#8226; Vides Tehnika<\/title>\n<meta name=\"description\" content=\"Beram\u0101 akmens vate &quot;PAROC BLT3&quot; ir nedego\u0161a un piem\u0113rota b\u0113ni\u0146u p\u0101rsegumu siltin\u0101\u0161anai - jaun\u0101s un eso\u0161\u0101s \u0113k\u0101s.\" \/>\n<meta name=\"robots\" content=\"index, follow, max-snippet:-1, max-image-preview:large, max-video-preview:-1\" \/>\n<link rel=\"canonical\" href=\"https:\/\/videstehnika.lv\/lt\/katalogs\/siltumizolacijas-materiali\/berama-vate-konstrukciju-siltinasanai\/paroc-blt3-berama-akmens-vate-15kg\/\" \/>\n<meta property=\"og:locale\" content=\"lt_LT\" \/>\n<meta property=\"og:type\" content=\"article\" \/>\n<meta property=\"og:title\" content=\"PAROC BLT3 Beram\u0101 akmens vate 15kg &#8226; Vides Tehnika\" \/>\n<meta property=\"og:description\" content=\"Beram\u0101 akmens vate &quot;PAROC BLT3&quot; ir nedego\u0161a un piem\u0113rota b\u0113ni\u0146u p\u0101rsegumu siltin\u0101\u0161anai - jaun\u0101s un eso\u0161\u0101s \u0113k\u0101s.\" \/>\n<meta property=\"og:url\" content=\"https:\/\/videstehnika.lv\/lt\/katalogs\/siltumizolacijas-materiali\/berama-vate-konstrukciju-siltinasanai\/paroc-blt3-berama-akmens-vate-15kg\/\" \/>\n<meta property=\"og:site_name\" content=\"Vides Tehnika\" \/>\n<meta property=\"article:modified_time\" content=\"2025-02-24T13:05:50+00:00\" \/>\n<meta property=\"og:image\" content=\"https:\/\/videstehnika.lv\/wp-content\/uploads\/2020\/07\/vides-tehnika-paroc-blt-3-1.jpg\" \/>\n\t<meta property=\"og:image:width\" content=\"900\" \/>\n\t<meta property=\"og:image:height\" content=\"900\" \/>\n\t<meta property=\"og:image:type\" content=\"image\/jpeg\" \/>\n<meta name=\"twitter:card\" content=\"summary_large_image\" \/>\n<meta name=\"twitter:label1\" content=\"Est. reading time\" \/>\n\t<meta name=\"twitter:data1\" content=\"1 minut\u0117\" \/>\n<script type=\"application\/ld+json\" class=\"yoast-schema-graph\">{\"@context\":\"https:\/\/schema.org\",\"@graph\":[{\"@type\":\"WebPage\",\"@id\":\"https:\/\/videstehnika.lv\/lt\/katalogs\/siltumizolacijas-materiali\/berama-vate-konstrukciju-siltinasanai\/paroc-blt3-berama-akmens-vate-15kg\/\",\"url\":\"https:\/\/videstehnika.lv\/lt\/katalogs\/siltumizolacijas-materiali\/berama-vate-konstrukciju-siltinasanai\/paroc-blt3-berama-akmens-vate-15kg\/\",\"name\":\"PAROC BLT3 Beram\u0101 akmens vate 15kg &#8226; Vides Tehnika\",\"isPartOf\":{\"@id\":\"https:\/\/videstehnika.lv\/lt\/#website\"},\"primaryImageOfPage\":{\"@id\":\"https:\/\/videstehnika.lv\/lt\/katalogs\/siltumizolacijas-materiali\/berama-vate-konstrukciju-siltinasanai\/paroc-blt3-berama-akmens-vate-15kg\/#primaryimage\"},\"image\":{\"@id\":\"https:\/\/videstehnika.lv\/lt\/katalogs\/siltumizolacijas-materiali\/berama-vate-konstrukciju-siltinasanai\/paroc-blt3-berama-akmens-vate-15kg\/#primaryimage\"},\"thumbnailUrl\":\"https:\/\/videstehnika.lv\/wp-content\/uploads\/2020\/07\/vides-tehnika-paroc-blt-3-1.jpg\",\"datePublished\":\"2020-07-03T14:31:38+00:00\",\"dateModified\":\"2025-02-24T13:05:50+00:00\",\"description\":\"Beram\u0101 akmens vate \\\"PAROC BLT3\\\" ir nedego\u0161a un piem\u0113rota b\u0113ni\u0146u p\u0101rsegumu siltin\u0101\u0161anai - jaun\u0101s un eso\u0161\u0101s \u0113k\u0101s.\",\"breadcrumb\":{\"@id\":\"https:\/\/videstehnika.lv\/lt\/katalogs\/siltumizolacijas-materiali\/berama-vate-konstrukciju-siltinasanai\/paroc-blt3-berama-akmens-vate-15kg\/#breadcrumb\"},\"inLanguage\":\"lt-LT\",\"potentialAction\":[{\"@type\":\"ReadAction\",\"target\":[\"https:\/\/videstehnika.lv\/lt\/katalogs\/siltumizolacijas-materiali\/berama-vate-konstrukciju-siltinasanai\/paroc-blt3-berama-akmens-vate-15kg\/\"]}]},{\"@type\":\"ImageObject\",\"inLanguage\":\"lt-LT\",\"@id\":\"https:\/\/videstehnika.lv\/lt\/katalogs\/siltumizolacijas-materiali\/berama-vate-konstrukciju-siltinasanai\/paroc-blt3-berama-akmens-vate-15kg\/#primaryimage\",\"url\":\"https:\/\/videstehnika.lv\/wp-content\/uploads\/2020\/07\/vides-tehnika-paroc-blt-3-1.jpg\",\"contentUrl\":\"https:\/\/videstehnika.lv\/wp-content\/uploads\/2020\/07\/vides-tehnika-paroc-blt-3-1.jpg\",\"width\":900,\"height\":900},{\"@type\":\"BreadcrumbList\",\"@id\":\"https:\/\/videstehnika.lv\/lt\/katalogs\/siltumizolacijas-materiali\/berama-vate-konstrukciju-siltinasanai\/paroc-blt3-berama-akmens-vate-15kg\/#breadcrumb\",\"itemListElement\":[{\"@type\":\"ListItem\",\"position\":1,\"name\":\"Home\",\"item\":\"https:\/\/videstehnika.lv\/lt\/\"},{\"@type\":\"ListItem\",\"position\":2,\"name\":\"Katalogas\",\"item\":\"https:\/\/videstehnika.lv\/lt\/katalogas\/\"},{\"@type\":\"ListItem\",\"position\":3,\"name\":\"PAROC BLT3 Beram\u0101 akmens vate 15kg\"}]},{\"@type\":\"WebSite\",\"@id\":\"https:\/\/videstehnika.lv\/lt\/#website\",\"url\":\"https:\/\/videstehnika.lv\/lt\/\",\"name\":\"Vides Tehnika\",\"description\":\"\",\"potentialAction\":[{\"@type\":\"SearchAction\",\"target\":{\"@type\":\"EntryPoint\",\"urlTemplate\":\"https:\/\/videstehnika.lv\/lt\/?s={search_term_string}\"},\"query-input\":{\"@type\":\"PropertyValueSpecification\",\"valueRequired\":true,\"valueName\":\"search_term_string\"}}],\"inLanguage\":\"lt-LT\"}]}<\/script>\n<!-- \/ Yoast SEO plugin. -->","yoast_head_json":{"title":"PAROC BLT3 Beram\u0101 akmens vate 15kg &#8226; Vides Tehnika","description":"Beram\u0101 akmens vate \"PAROC BLT3\" ir nedego\u0161a un piem\u0113rota b\u0113ni\u0146u p\u0101rsegumu siltin\u0101\u0161anai - jaun\u0101s un eso\u0161\u0101s \u0113k\u0101s.","robots":{"index":"index","follow":"follow","max-snippet":"max-snippet:-1","max-image-preview":"max-image-preview:large","max-video-preview":"max-video-preview:-1"},"canonical":"https:\/\/videstehnika.lv\/lt\/katalogs\/siltumizolacijas-materiali\/berama-vate-konstrukciju-siltinasanai\/paroc-blt3-berama-akmens-vate-15kg\/","og_locale":"lt_LT","og_type":"article","og_title":"PAROC BLT3 Beram\u0101 akmens vate 15kg &#8226; Vides Tehnika","og_description":"Beram\u0101 akmens vate \"PAROC BLT3\" ir nedego\u0161a un piem\u0113rota b\u0113ni\u0146u p\u0101rsegumu siltin\u0101\u0161anai - jaun\u0101s un eso\u0161\u0101s \u0113k\u0101s.","og_url":"https:\/\/videstehnika.lv\/lt\/katalogs\/siltumizolacijas-materiali\/berama-vate-konstrukciju-siltinasanai\/paroc-blt3-berama-akmens-vate-15kg\/","og_site_name":"Vides Tehnika","article_modified_time":"2025-02-24T13:05:50+00:00","og_image":[{"width":900,"height":900,"url":"https:\/\/videstehnika.lv\/wp-content\/uploads\/2020\/07\/vides-tehnika-paroc-blt-3-1.jpg","type":"image\/jpeg"}],"twitter_card":"summary_large_image","twitter_misc":{"Est. reading time":"1 minut\u0117"},"schema":{"@context":"https:\/\/schema.org","@graph":[{"@type":"WebPage","@id":"https:\/\/videstehnika.lv\/lt\/katalogs\/siltumizolacijas-materiali\/berama-vate-konstrukciju-siltinasanai\/paroc-blt3-berama-akmens-vate-15kg\/","url":"https:\/\/videstehnika.lv\/lt\/katalogs\/siltumizolacijas-materiali\/berama-vate-konstrukciju-siltinasanai\/paroc-blt3-berama-akmens-vate-15kg\/","name":"PAROC BLT3 Beram\u0101 akmens vate 15kg &#8226; Vides Tehnika","isPartOf":{"@id":"https:\/\/videstehnika.lv\/lt\/#website"},"primaryImageOfPage":{"@id":"https:\/\/videstehnika.lv\/lt\/katalogs\/siltumizolacijas-materiali\/berama-vate-konstrukciju-siltinasanai\/paroc-blt3-berama-akmens-vate-15kg\/#primaryimage"},"image":{"@id":"https:\/\/videstehnika.lv\/lt\/katalogs\/siltumizolacijas-materiali\/berama-vate-konstrukciju-siltinasanai\/paroc-blt3-berama-akmens-vate-15kg\/#primaryimage"},"thumbnailUrl":"https:\/\/videstehnika.lv\/wp-content\/uploads\/2020\/07\/vides-tehnika-paroc-blt-3-1.jpg","datePublished":"2020-07-03T14:31:38+00:00","dateModified":"2025-02-24T13:05:50+00:00","description":"Beram\u0101 akmens vate \"PAROC BLT3\" ir nedego\u0161a un piem\u0113rota b\u0113ni\u0146u p\u0101rsegumu siltin\u0101\u0161anai - jaun\u0101s un eso\u0161\u0101s \u0113k\u0101s.","breadcrumb":{"@id":"https:\/\/videstehnika.lv\/lt\/katalogs\/siltumizolacijas-materiali\/berama-vate-konstrukciju-siltinasanai\/paroc-blt3-berama-akmens-vate-15kg\/#breadcrumb"},"inLanguage":"lt-LT","potentialAction":[{"@type":"ReadAction","target":["https:\/\/videstehnika.lv\/lt\/katalogs\/siltumizolacijas-materiali\/berama-vate-konstrukciju-siltinasanai\/paroc-blt3-berama-akmens-vate-15kg\/"]}]},{"@type":"ImageObject","inLanguage":"lt-LT","@id":"https:\/\/videstehnika.lv\/lt\/katalogs\/siltumizolacijas-materiali\/berama-vate-konstrukciju-siltinasanai\/paroc-blt3-berama-akmens-vate-15kg\/#primaryimage","url":"https:\/\/videstehnika.lv\/wp-content\/uploads\/2020\/07\/vides-tehnika-paroc-blt-3-1.jpg","contentUrl":"https:\/\/videstehnika.lv\/wp-content\/uploads\/2020\/07\/vides-tehnika-paroc-blt-3-1.jpg","width":900,"height":900},{"@type":"BreadcrumbList","@id":"https:\/\/videstehnika.lv\/lt\/katalogs\/siltumizolacijas-materiali\/berama-vate-konstrukciju-siltinasanai\/paroc-blt3-berama-akmens-vate-15kg\/#breadcrumb","itemListElement":[{"@type":"ListItem","position":1,"name":"Home","item":"https:\/\/videstehnika.lv\/lt\/"},{"@type":"ListItem","position":2,"name":"Katalogas","item":"https:\/\/videstehnika.lv\/lt\/katalogas\/"},{"@type":"ListItem","position":3,"name":"PAROC BLT3 Beram\u0101 akmens vate 15kg"}]},{"@type":"WebSite","@id":"https:\/\/videstehnika.lv\/lt\/#website","url":"https:\/\/videstehnika.lv\/lt\/","name":"Vides Tehnika","description":"","potentialAction":[{"@type":"SearchAction","target":{"@type":"EntryPoint","urlTemplate":"https:\/\/videstehnika.lv\/lt\/?s={search_term_string}"},"query-input":{"@type":"PropertyValueSpecification","valueRequired":true,"valueName":"search_term_string"}}],"inLanguage":"lt-LT"}]}},"_links":{"self":[{"href":"https:\/\/videstehnika.lv\/lt\/wp-json\/wp\/v2\/product\/30480","targetHints":{"allow":["GET"]}}],"collection":[{"href":"https:\/\/videstehnika.lv\/lt\/wp-json\/wp\/v2\/product"}],"about":[{"href":"https:\/\/videstehnika.lv\/lt\/wp-json\/wp\/v2\/types\/product"}],"wp:featuredmedia":[{"embeddable":true,"href":"https:\/\/videstehnika.lv\/lt\/wp-json\/wp\/v2\/media\/23759"}],"wp:attachment":[{"href":"https:\/\/videstehnika.lv\/lt\/wp-json\/wp\/v2\/media?parent=30480"}],"wp:term":[{"taxonomy":"product_cat","embeddable":true,"href":"https:\/\/videstehnika.lv\/lt\/wp-json\/wp\/v2\/product_cat?post=30480"},{"taxonomy":"product_tag","embeddable":true,"href":"https:\/\/videstehnika.lv\/lt\/wp-json\/wp\/v2\/product_tag?post=30480"}],"curies":[{"name":"wp","href":"https:\/\/api.w.org\/{rel}","templated":true}]}}