{"id":30486,"date":"2020-07-03T15:31:36","date_gmt":"2020-07-03T12:31:36","guid":{"rendered":"https:\/\/videstehnika.lv\/catalog\/be-kategorijos\/knauf-supafil-cavity-wall-16-6kg-26-pal\/"},"modified":"2025-02-24T14:57:47","modified_gmt":"2025-02-24T12:57:47","slug":"knauf-supafil-cavity-wall-16-6kg-26-pal","status":"publish","type":"product","link":"https:\/\/videstehnika.lv\/lt\/katalogs\/siltumizolacijas-materiali\/berama-vate-konstrukciju-siltinasanai\/knauf-supafil-cavity-wall-16-6kg-26-pal\/","title":{"rendered":"Knauf Supafil Cavity Wall 16.6kg"},"content":{"rendered":"<h2>Beram\u0101 miner\u0101lvate &#8222;Knauf Supafil Cavity Wall&#8221;<\/h2>\n<p>&#8222;Supafil Cavity Wall&#8221; ir dab\u012bga, hidrofoba un ekolo\u0123iska miner\u0101lvate bez sint\u0113tiskajiem sve\u0137iem un saistviel\u0101m. T\u0101 paredz\u0113ta k\u0101 termoizol\u0101cija dobo \u0101rsienu aizpild\u012b\u0161anai, bet piem\u0113rota ar\u012b ventil\u0113jamo fas\u0101\u017eu un starpsienu siltin\u0101\u0161anai. Iesp\u0113jams izmantot ar\u012b karkasa konstrukcij\u0101s.<\/p>\n<p>&#8222;Supafil Cavity Wall&#8221; ir stabila un p\u0113c iestr\u0101des, laika gait\u0101, nesaplok. \u0160\u012b miner\u0101lvate lieliski veic telpas izol\u0113\u0161anas funkcijas un ir paredz\u0113ta renov\u0113jam\u0101m un jaun\u0101m energoefekt\u012bv\u0101m \u0113k\u0101m.<\/p>\n<h2><strong>Beram\u0101s miner\u0101lvates priek\u0161roc\u012bbas<\/strong><\/h2>\n<ul>\n<li>Lieliskas siltumizol\u0101cijas \u012bpa\u0161\u012bbas;<\/li>\n<li>Labas ska\u0146as sl\u0101p\u0113\u0161anas \u012bpa\u0161\u012bbas;<\/li>\n<li>\u013boti augsta ugunsiztur\u012bba \u2013 palielina konstrukcijas pas\u012bvo ugunsdro\u0161\u012bbas aizsardz\u012bbu;<\/li>\n<li>Augsta tvaiku caurlaid\u012bba;<\/li>\n<li>Zema konstrukcijas noslodze ar izol\u0101cijas pa\u0161masu;<\/li>\n<li>Neuzs\u016bco\u0161s materi\u0101ls;<\/li>\n<li>Vienk\u0101r\u0161i iestr\u0101d\u0101jama gr\u016bti pieejam\u0101s viet\u0101s;<\/li>\n<li>Viegla, \u0101tra un \u0113rta iestr\u0101de;<\/li>\n<li>Vienm\u0113r\u012bgs izol\u0101cijas sl\u0101nis gr\u016bti pieejam\u0101s viet\u0101s;<\/li>\n<li>Nav p\u0101rpalikumu;<\/li>\n<li>B\u0101zes \u0161\u0137iedras bez saistviel\u0101m;<\/li>\n<li>100% ekolo\u0123isks, dab\u012bgs materi\u0101ls.<\/li>\n<\/ul>\n","protected":false},"excerpt":{"rendered":"<p>Beram\u0101 miner\u0101lvate &#8222;Knauf Supafil Cavity Wall&#8221; &#8222;Supafil Cavity Wall&#8221; ir dab\u012bga, hidrofoba un ekolo\u0123iska miner\u0101lvate bez sint\u0113tiskajiem sve\u0137iem un saistviel\u0101m.<\/p>\n","protected":false},"featured_media":23733,"template":"","meta":{"_acf_changed":false},"product_cat":[5472,3829,3831],"product_tag":[],"class_list":{"0":"post-30486","1":"product","2":"type-product","3":"status-publish","4":"has-post-thumbnail","6":"product_cat-minerala-vate-lt","7":"product_cat-silumos-izoliacines-medziagos","8":"product_cat-berama-vata-statybiniam-sildymui","10":"first","11":"onbackorder","12":"taxable","13":"shipping-taxable","14":"purchasable","15":"product-type-simple"},"acf":[],"yoast_head":"<!-- This site is optimized with the Yoast SEO plugin v24.2 - https:\/\/yoast.com\/wordpress\/plugins\/seo\/ -->\n<title>Beram\u0101 miner\u0101lvate Knauf Supafil Cavity Wall 16.6kg &#8226; Vides Tehnika<\/title>\n<meta name=\"description\" content=\"Beram\u0101 miner\u0101lvate Supafil Cavity Wall - ekolo\u0123iska un paredz\u0113ta k\u0101 dobo \u0101rsienu aizpild\u012b\u0161anai, ventil\u0113jamo fas\u0101\u017eu un starpsienu siltin\u0101\u0161anai.\" \/>\n<meta name=\"robots\" content=\"index, follow, max-snippet:-1, max-image-preview:large, max-video-preview:-1\" \/>\n<link rel=\"canonical\" href=\"https:\/\/videstehnika.lv\/lt\/katalogs\/siltumizolacijas-materiali\/berama-vate-konstrukciju-siltinasanai\/knauf-supafil-cavity-wall-16-6kg-26-pal\/\" \/>\n<meta property=\"og:locale\" content=\"lt_LT\" \/>\n<meta property=\"og:type\" content=\"article\" \/>\n<meta property=\"og:title\" content=\"Beram\u0101 miner\u0101lvate Knauf Supafil Cavity Wall 16.6kg &#8226; Vides Tehnika\" \/>\n<meta property=\"og:description\" content=\"Beram\u0101 miner\u0101lvate Supafil Cavity Wall - ekolo\u0123iska un paredz\u0113ta k\u0101 dobo \u0101rsienu aizpild\u012b\u0161anai, ventil\u0113jamo fas\u0101\u017eu un starpsienu siltin\u0101\u0161anai.\" \/>\n<meta property=\"og:url\" content=\"https:\/\/videstehnika.lv\/lt\/katalogs\/siltumizolacijas-materiali\/berama-vate-konstrukciju-siltinasanai\/knauf-supafil-cavity-wall-16-6kg-26-pal\/\" \/>\n<meta property=\"og:site_name\" content=\"Vides Tehnika\" \/>\n<meta property=\"article:modified_time\" content=\"2025-02-24T12:57:47+00:00\" \/>\n<meta property=\"og:image\" content=\"https:\/\/videstehnika.lv\/wp-content\/uploads\/2020\/07\/vides-tehnika-knauf-supafil-cavity-wall.jpg\" \/>\n\t<meta property=\"og:image:width\" content=\"900\" \/>\n\t<meta property=\"og:image:height\" content=\"900\" \/>\n\t<meta property=\"og:image:type\" content=\"image\/jpeg\" \/>\n<meta name=\"twitter:card\" content=\"summary_large_image\" \/>\n<meta name=\"twitter:label1\" content=\"Est. reading time\" \/>\n\t<meta name=\"twitter:data1\" content=\"1 minut\u0117\" \/>\n<script type=\"application\/ld+json\" class=\"yoast-schema-graph\">{\"@context\":\"https:\/\/schema.org\",\"@graph\":[{\"@type\":\"WebPage\",\"@id\":\"https:\/\/videstehnika.lv\/lt\/katalogs\/siltumizolacijas-materiali\/berama-vate-konstrukciju-siltinasanai\/knauf-supafil-cavity-wall-16-6kg-26-pal\/\",\"url\":\"https:\/\/videstehnika.lv\/lt\/katalogs\/siltumizolacijas-materiali\/berama-vate-konstrukciju-siltinasanai\/knauf-supafil-cavity-wall-16-6kg-26-pal\/\",\"name\":\"Beram\u0101 miner\u0101lvate Knauf Supafil Cavity Wall 16.6kg &#8226; Vides Tehnika\",\"isPartOf\":{\"@id\":\"https:\/\/videstehnika.lv\/lt\/#website\"},\"primaryImageOfPage\":{\"@id\":\"https:\/\/videstehnika.lv\/lt\/katalogs\/siltumizolacijas-materiali\/berama-vate-konstrukciju-siltinasanai\/knauf-supafil-cavity-wall-16-6kg-26-pal\/#primaryimage\"},\"image\":{\"@id\":\"https:\/\/videstehnika.lv\/lt\/katalogs\/siltumizolacijas-materiali\/berama-vate-konstrukciju-siltinasanai\/knauf-supafil-cavity-wall-16-6kg-26-pal\/#primaryimage\"},\"thumbnailUrl\":\"https:\/\/videstehnika.lv\/wp-content\/uploads\/2020\/07\/vides-tehnika-knauf-supafil-cavity-wall.jpg\",\"datePublished\":\"2020-07-03T12:31:36+00:00\",\"dateModified\":\"2025-02-24T12:57:47+00:00\",\"description\":\"Beram\u0101 miner\u0101lvate Supafil Cavity Wall - ekolo\u0123iska un paredz\u0113ta k\u0101 dobo \u0101rsienu aizpild\u012b\u0161anai, ventil\u0113jamo fas\u0101\u017eu un starpsienu siltin\u0101\u0161anai.\",\"breadcrumb\":{\"@id\":\"https:\/\/videstehnika.lv\/lt\/katalogs\/siltumizolacijas-materiali\/berama-vate-konstrukciju-siltinasanai\/knauf-supafil-cavity-wall-16-6kg-26-pal\/#breadcrumb\"},\"inLanguage\":\"lt-LT\",\"potentialAction\":[{\"@type\":\"ReadAction\",\"target\":[\"https:\/\/videstehnika.lv\/lt\/katalogs\/siltumizolacijas-materiali\/berama-vate-konstrukciju-siltinasanai\/knauf-supafil-cavity-wall-16-6kg-26-pal\/\"]}]},{\"@type\":\"ImageObject\",\"inLanguage\":\"lt-LT\",\"@id\":\"https:\/\/videstehnika.lv\/lt\/katalogs\/siltumizolacijas-materiali\/berama-vate-konstrukciju-siltinasanai\/knauf-supafil-cavity-wall-16-6kg-26-pal\/#primaryimage\",\"url\":\"https:\/\/videstehnika.lv\/wp-content\/uploads\/2020\/07\/vides-tehnika-knauf-supafil-cavity-wall.jpg\",\"contentUrl\":\"https:\/\/videstehnika.lv\/wp-content\/uploads\/2020\/07\/vides-tehnika-knauf-supafil-cavity-wall.jpg\",\"width\":900,\"height\":900},{\"@type\":\"BreadcrumbList\",\"@id\":\"https:\/\/videstehnika.lv\/lt\/katalogs\/siltumizolacijas-materiali\/berama-vate-konstrukciju-siltinasanai\/knauf-supafil-cavity-wall-16-6kg-26-pal\/#breadcrumb\",\"itemListElement\":[{\"@type\":\"ListItem\",\"position\":1,\"name\":\"Home\",\"item\":\"https:\/\/videstehnika.lv\/lt\/\"},{\"@type\":\"ListItem\",\"position\":2,\"name\":\"Katalogas\",\"item\":\"https:\/\/videstehnika.lv\/lt\/katalogas\/\"},{\"@type\":\"ListItem\",\"position\":3,\"name\":\"Knauf Supafil Cavity Wall 16.6kg\"}]},{\"@type\":\"WebSite\",\"@id\":\"https:\/\/videstehnika.lv\/lt\/#website\",\"url\":\"https:\/\/videstehnika.lv\/lt\/\",\"name\":\"Vides Tehnika\",\"description\":\"\",\"potentialAction\":[{\"@type\":\"SearchAction\",\"target\":{\"@type\":\"EntryPoint\",\"urlTemplate\":\"https:\/\/videstehnika.lv\/lt\/?s={search_term_string}\"},\"query-input\":{\"@type\":\"PropertyValueSpecification\",\"valueRequired\":true,\"valueName\":\"search_term_string\"}}],\"inLanguage\":\"lt-LT\"}]}<\/script>\n<!-- \/ Yoast SEO plugin. -->","yoast_head_json":{"title":"Beram\u0101 miner\u0101lvate Knauf Supafil Cavity Wall 16.6kg &#8226; Vides Tehnika","description":"Beram\u0101 miner\u0101lvate Supafil Cavity Wall - ekolo\u0123iska un paredz\u0113ta k\u0101 dobo \u0101rsienu aizpild\u012b\u0161anai, ventil\u0113jamo fas\u0101\u017eu un starpsienu siltin\u0101\u0161anai.","robots":{"index":"index","follow":"follow","max-snippet":"max-snippet:-1","max-image-preview":"max-image-preview:large","max-video-preview":"max-video-preview:-1"},"canonical":"https:\/\/videstehnika.lv\/lt\/katalogs\/siltumizolacijas-materiali\/berama-vate-konstrukciju-siltinasanai\/knauf-supafil-cavity-wall-16-6kg-26-pal\/","og_locale":"lt_LT","og_type":"article","og_title":"Beram\u0101 miner\u0101lvate Knauf Supafil Cavity Wall 16.6kg &#8226; Vides Tehnika","og_description":"Beram\u0101 miner\u0101lvate Supafil Cavity Wall - ekolo\u0123iska un paredz\u0113ta k\u0101 dobo \u0101rsienu aizpild\u012b\u0161anai, ventil\u0113jamo fas\u0101\u017eu un starpsienu siltin\u0101\u0161anai.","og_url":"https:\/\/videstehnika.lv\/lt\/katalogs\/siltumizolacijas-materiali\/berama-vate-konstrukciju-siltinasanai\/knauf-supafil-cavity-wall-16-6kg-26-pal\/","og_site_name":"Vides Tehnika","article_modified_time":"2025-02-24T12:57:47+00:00","og_image":[{"width":900,"height":900,"url":"https:\/\/videstehnika.lv\/wp-content\/uploads\/2020\/07\/vides-tehnika-knauf-supafil-cavity-wall.jpg","type":"image\/jpeg"}],"twitter_card":"summary_large_image","twitter_misc":{"Est. reading time":"1 minut\u0117"},"schema":{"@context":"https:\/\/schema.org","@graph":[{"@type":"WebPage","@id":"https:\/\/videstehnika.lv\/lt\/katalogs\/siltumizolacijas-materiali\/berama-vate-konstrukciju-siltinasanai\/knauf-supafil-cavity-wall-16-6kg-26-pal\/","url":"https:\/\/videstehnika.lv\/lt\/katalogs\/siltumizolacijas-materiali\/berama-vate-konstrukciju-siltinasanai\/knauf-supafil-cavity-wall-16-6kg-26-pal\/","name":"Beram\u0101 miner\u0101lvate Knauf Supafil Cavity Wall 16.6kg &#8226; Vides Tehnika","isPartOf":{"@id":"https:\/\/videstehnika.lv\/lt\/#website"},"primaryImageOfPage":{"@id":"https:\/\/videstehnika.lv\/lt\/katalogs\/siltumizolacijas-materiali\/berama-vate-konstrukciju-siltinasanai\/knauf-supafil-cavity-wall-16-6kg-26-pal\/#primaryimage"},"image":{"@id":"https:\/\/videstehnika.lv\/lt\/katalogs\/siltumizolacijas-materiali\/berama-vate-konstrukciju-siltinasanai\/knauf-supafil-cavity-wall-16-6kg-26-pal\/#primaryimage"},"thumbnailUrl":"https:\/\/videstehnika.lv\/wp-content\/uploads\/2020\/07\/vides-tehnika-knauf-supafil-cavity-wall.jpg","datePublished":"2020-07-03T12:31:36+00:00","dateModified":"2025-02-24T12:57:47+00:00","description":"Beram\u0101 miner\u0101lvate Supafil Cavity Wall - ekolo\u0123iska un paredz\u0113ta k\u0101 dobo \u0101rsienu aizpild\u012b\u0161anai, ventil\u0113jamo fas\u0101\u017eu un starpsienu siltin\u0101\u0161anai.","breadcrumb":{"@id":"https:\/\/videstehnika.lv\/lt\/katalogs\/siltumizolacijas-materiali\/berama-vate-konstrukciju-siltinasanai\/knauf-supafil-cavity-wall-16-6kg-26-pal\/#breadcrumb"},"inLanguage":"lt-LT","potentialAction":[{"@type":"ReadAction","target":["https:\/\/videstehnika.lv\/lt\/katalogs\/siltumizolacijas-materiali\/berama-vate-konstrukciju-siltinasanai\/knauf-supafil-cavity-wall-16-6kg-26-pal\/"]}]},{"@type":"ImageObject","inLanguage":"lt-LT","@id":"https:\/\/videstehnika.lv\/lt\/katalogs\/siltumizolacijas-materiali\/berama-vate-konstrukciju-siltinasanai\/knauf-supafil-cavity-wall-16-6kg-26-pal\/#primaryimage","url":"https:\/\/videstehnika.lv\/wp-content\/uploads\/2020\/07\/vides-tehnika-knauf-supafil-cavity-wall.jpg","contentUrl":"https:\/\/videstehnika.lv\/wp-content\/uploads\/2020\/07\/vides-tehnika-knauf-supafil-cavity-wall.jpg","width":900,"height":900},{"@type":"BreadcrumbList","@id":"https:\/\/videstehnika.lv\/lt\/katalogs\/siltumizolacijas-materiali\/berama-vate-konstrukciju-siltinasanai\/knauf-supafil-cavity-wall-16-6kg-26-pal\/#breadcrumb","itemListElement":[{"@type":"ListItem","position":1,"name":"Home","item":"https:\/\/videstehnika.lv\/lt\/"},{"@type":"ListItem","position":2,"name":"Katalogas","item":"https:\/\/videstehnika.lv\/lt\/katalogas\/"},{"@type":"ListItem","position":3,"name":"Knauf Supafil Cavity Wall 16.6kg"}]},{"@type":"WebSite","@id":"https:\/\/videstehnika.lv\/lt\/#website","url":"https:\/\/videstehnika.lv\/lt\/","name":"Vides Tehnika","description":"","potentialAction":[{"@type":"SearchAction","target":{"@type":"EntryPoint","urlTemplate":"https:\/\/videstehnika.lv\/lt\/?s={search_term_string}"},"query-input":{"@type":"PropertyValueSpecification","valueRequired":true,"valueName":"search_term_string"}}],"inLanguage":"lt-LT"}]}},"_links":{"self":[{"href":"https:\/\/videstehnika.lv\/lt\/wp-json\/wp\/v2\/product\/30486","targetHints":{"allow":["GET"]}}],"collection":[{"href":"https:\/\/videstehnika.lv\/lt\/wp-json\/wp\/v2\/product"}],"about":[{"href":"https:\/\/videstehnika.lv\/lt\/wp-json\/wp\/v2\/types\/product"}],"wp:featuredmedia":[{"embeddable":true,"href":"https:\/\/videstehnika.lv\/lt\/wp-json\/wp\/v2\/media\/23733"}],"wp:attachment":[{"href":"https:\/\/videstehnika.lv\/lt\/wp-json\/wp\/v2\/media?parent=30486"}],"wp:term":[{"taxonomy":"product_cat","embeddable":true,"href":"https:\/\/videstehnika.lv\/lt\/wp-json\/wp\/v2\/product_cat?post=30486"},{"taxonomy":"product_tag","embeddable":true,"href":"https:\/\/videstehnika.lv\/lt\/wp-json\/wp\/v2\/product_tag?post=30486"}],"curies":[{"name":"wp","href":"https:\/\/api.w.org\/{rel}","templated":true}]}}