{"id":30963,"date":"2023-11-30T18:11:33","date_gmt":"2023-11-30T16:11:33","guid":{"rendered":"https:\/\/videstehnika.lv\/?post_type=product&#038;p=30963"},"modified":"2025-02-24T15:08:59","modified_gmt":"2025-02-24T13:08:59","slug":"isover-insulsafe-16kg-ar-iestradi-intars-rozmans-tel-371-39611614","status":"publish","type":"product","link":"https:\/\/videstehnika.lv\/lt\/katalogs\/isover-insulsafe-16kg-kopija\/","title":{"rendered":"Isover InsulSafe 16kg ar iestr\u0101di (Intars Rozmans , tel.: +371 29611614)"},"content":{"rendered":"<h2>Beram\u0101 vate &#8222;Isover InsulSafe&#8221;<\/h2>\n<p>&#8222;Isover InsulSafe&#8221; ir ekolo\u0123isks siltumizol\u0101cijas materi\u0101ls, kuru iestr\u0101d\u0101 ar p\u016b\u0161anas metodi. Tas b\u016bs piem\u0113rots b\u0113ni\u0146u p\u0101rseguma, sienu un sl\u012bpo jumtu siltin\u0101\u0161anai, gan jaunb\u016bv\u0113s, gan renov\u0113jam\u0101s \u0113k\u0101s. &#8222;Isover InsulSafe&#8221; ir CE mar\u0137\u0113jums.<\/p>\n<h2>Beram\u0101s vates sast\u0101vs<\/h2>\n<p>&#8222;Isover InsulSafe&#8221; sast\u0101v\u0101 ir aptuveni 85% p\u0101rstr\u0101d\u0101ta stikla. \u0160ai beramajai vatei nav smar\u017eas, t\u0101 nep\u016bst un nerada nelabv\u0113l\u012bgu vidi pel\u0113juma s\u0113n\u012b\u0161u att\u012bst\u012bbai. Stikls, kas ir galven\u0101 &#8222;Isover InsulSafe&#8221; sast\u0101vda\u013ca, neuz\u0146em mitrumu no gaisa, t\u0101tad siltin\u0101juma fizik\u0101l\u0101s \u012bpa\u0161\u012bbas neietekm\u0113 gaisa relat\u012bvais mitrums. Ar\u012b visiem met\u0101la izstr\u0101d\u0101jumiem, kas saskaras ar &#8222;Isover InsulSafe&#8221; \u2013 nagl\u0101m, skr\u016bv\u0113m, caurul\u0113m \u2013 nav riska r\u016bs\u0113t. &#8222;Isover InsulSafe&#8221; ir \u0137\u012bmiski neitr\u0101la, jo izgatavota no neorganisk\u0101m izejviel\u0101m, nesatur cilv\u0113kiem un videi kait\u012bgas \u0137imik\u0101lijas, alerg\u0113nus, kod\u012bgas un abraz\u012bvas vielas.<\/p>\n<h3><strong>Beram\u0101s vates pielietojums<\/strong><\/h3>\n<ul>\n<li>&#8222;Isover InsulSafe&#8221; izmanto b\u0113ni\u0146u siltin\u0101\u0161anai, iestr\u0101d\u0101jot horizont\u0101l\u0101s virsm\u0101s, k\u0101 ar\u012b sienu un sl\u012bpo jumtu siltumizol\u0101cijai;<\/li>\n<li>&#8222;Isover InsulSafe&#8221; ir efekt\u012bvs ska\u0146as izol\u0101cijas materi\u0101ls. Var iestr\u0101d\u0101t tie\u0161i virs eso\u0161\u0101s &#8211; vec\u0101s siltumizol\u0101cijas (z\u0101\u0123u skaid\u0101m, celulozes vates, akmens vates, stikla vates);<\/li>\n<li>&#8222;Isover InsulSafe&#8221; var viegli iestr\u0101d\u0101t telp\u0101s ar nelielu augstumu, kur gr\u016bti piek\u013c\u016bt un iekl\u0101t cita veida siltumizol\u0101cijas materi\u0101lus. P\u016b\u0161anas tehnolo\u0123ija nodro\u0161ina vienm\u0113r\u012bgu materi\u0101la iestr\u0101di, aizpildot visus dobumus, l\u012bkumus, kabatas un \u0161aur\u0101s vietas. Nov\u0113r\u0161 iesp\u0113ju veidoties aukstuma tiltiem.<\/li>\n<\/ul>\n","protected":false},"excerpt":{"rendered":"<p>Cena nor\u0101d\u012bta par maisu<\/p>\n","protected":false},"featured_media":23731,"template":"","meta":{"_acf_changed":false},"product_cat":[5472,3829,3831],"product_tag":[],"class_list":{"0":"post-30963","1":"product","2":"type-product","3":"status-publish","4":"has-post-thumbnail","6":"product_cat-minerala-vate-lt","7":"product_cat-silumos-izoliacines-medziagos","8":"product_cat-berama-vata-statybiniam-sildymui","10":"first","11":"instock","12":"featured","13":"taxable","14":"shipping-taxable","15":"purchasable","16":"product-type-simple"},"acf":[],"yoast_head":"<!-- This site is optimized with the Yoast SEO plugin v24.2 - https:\/\/yoast.com\/wordpress\/plugins\/seo\/ -->\n<title>Beram\u0101 vate Isover InsulSafe 16kg ar iestr\u0101di (Intars Rozmans , tel.: +371 29611614) &#8226; Vides Tehnika<\/title>\n<meta name=\"description\" content=\"Beram\u0101 vate &quot;Isover InsulSafe&quot; ir ekolo\u0123isks siltumizol\u0101cijas materi\u0101ls, kas piem\u0113rots b\u0113ni\u0146u p\u0101rsegumu, sienu un sl\u012bpo jumtu siltin\u0101\u0161anai.\" \/>\n<meta name=\"robots\" content=\"index, follow, max-snippet:-1, max-image-preview:large, max-video-preview:-1\" \/>\n<link rel=\"canonical\" href=\"https:\/\/videstehnika.lv\/lt\/katalogs\/isover-insulsafe-16kg-kopija\/\" \/>\n<meta property=\"og:locale\" content=\"lt_LT\" \/>\n<meta property=\"og:type\" content=\"article\" \/>\n<meta property=\"og:title\" content=\"Beram\u0101 vate Isover InsulSafe 16kg ar iestr\u0101di (Intars Rozmans , tel.: +371 29611614) &#8226; Vides Tehnika\" \/>\n<meta property=\"og:description\" content=\"Beram\u0101 vate &quot;Isover InsulSafe&quot; ir ekolo\u0123isks siltumizol\u0101cijas materi\u0101ls, kas piem\u0113rots b\u0113ni\u0146u p\u0101rsegumu, sienu un sl\u012bpo jumtu siltin\u0101\u0161anai.\" \/>\n<meta property=\"og:url\" content=\"https:\/\/videstehnika.lv\/lt\/katalogs\/isover-insulsafe-16kg-kopija\/\" \/>\n<meta property=\"og:site_name\" content=\"Vides Tehnika\" \/>\n<meta property=\"article:modified_time\" content=\"2025-02-24T13:08:59+00:00\" \/>\n<meta property=\"og:image\" content=\"https:\/\/videstehnika.lv\/wp-content\/uploads\/2020\/07\/vides-tehnika-isover-insulsafe.jpg\" \/>\n\t<meta property=\"og:image:width\" content=\"900\" \/>\n\t<meta property=\"og:image:height\" content=\"900\" \/>\n\t<meta property=\"og:image:type\" content=\"image\/jpeg\" \/>\n<meta name=\"twitter:card\" content=\"summary_large_image\" \/>\n<meta name=\"twitter:label1\" content=\"Est. reading time\" \/>\n\t<meta name=\"twitter:data1\" content=\"1 minut\u0117\" \/>\n<script type=\"application\/ld+json\" class=\"yoast-schema-graph\">{\"@context\":\"https:\/\/schema.org\",\"@graph\":[{\"@type\":\"WebPage\",\"@id\":\"https:\/\/videstehnika.lv\/lt\/katalogs\/isover-insulsafe-16kg-kopija\/\",\"url\":\"https:\/\/videstehnika.lv\/lt\/katalogs\/isover-insulsafe-16kg-kopija\/\",\"name\":\"Beram\u0101 vate Isover InsulSafe 16kg ar iestr\u0101di (Intars Rozmans , tel.: +371 29611614) &#8226; Vides Tehnika\",\"isPartOf\":{\"@id\":\"https:\/\/videstehnika.lv\/lt\/#website\"},\"primaryImageOfPage\":{\"@id\":\"https:\/\/videstehnika.lv\/lt\/katalogs\/isover-insulsafe-16kg-kopija\/#primaryimage\"},\"image\":{\"@id\":\"https:\/\/videstehnika.lv\/lt\/katalogs\/isover-insulsafe-16kg-kopija\/#primaryimage\"},\"thumbnailUrl\":\"https:\/\/videstehnika.lv\/wp-content\/uploads\/2020\/07\/vides-tehnika-isover-insulsafe.jpg\",\"datePublished\":\"2023-11-30T16:11:33+00:00\",\"dateModified\":\"2025-02-24T13:08:59+00:00\",\"description\":\"Beram\u0101 vate \\\"Isover InsulSafe\\\" ir ekolo\u0123isks siltumizol\u0101cijas materi\u0101ls, kas piem\u0113rots b\u0113ni\u0146u p\u0101rsegumu, sienu un sl\u012bpo jumtu siltin\u0101\u0161anai.\",\"breadcrumb\":{\"@id\":\"https:\/\/videstehnika.lv\/lt\/katalogs\/isover-insulsafe-16kg-kopija\/#breadcrumb\"},\"inLanguage\":\"lt-LT\",\"potentialAction\":[{\"@type\":\"ReadAction\",\"target\":[\"https:\/\/videstehnika.lv\/lt\/katalogs\/isover-insulsafe-16kg-kopija\/\"]}]},{\"@type\":\"ImageObject\",\"inLanguage\":\"lt-LT\",\"@id\":\"https:\/\/videstehnika.lv\/lt\/katalogs\/isover-insulsafe-16kg-kopija\/#primaryimage\",\"url\":\"https:\/\/videstehnika.lv\/wp-content\/uploads\/2020\/07\/vides-tehnika-isover-insulsafe.jpg\",\"contentUrl\":\"https:\/\/videstehnika.lv\/wp-content\/uploads\/2020\/07\/vides-tehnika-isover-insulsafe.jpg\",\"width\":900,\"height\":900},{\"@type\":\"BreadcrumbList\",\"@id\":\"https:\/\/videstehnika.lv\/lt\/katalogs\/isover-insulsafe-16kg-kopija\/#breadcrumb\",\"itemListElement\":[{\"@type\":\"ListItem\",\"position\":1,\"name\":\"Home\",\"item\":\"https:\/\/videstehnika.lv\/lt\/\"},{\"@type\":\"ListItem\",\"position\":2,\"name\":\"Katalogas\",\"item\":\"https:\/\/videstehnika.lv\/lt\/katalogas\/\"},{\"@type\":\"ListItem\",\"position\":3,\"name\":\"Isover InsulSafe 16kg ar iestr\u0101di (Intars Rozmans , tel.: +371 29611614)\"}]},{\"@type\":\"WebSite\",\"@id\":\"https:\/\/videstehnika.lv\/lt\/#website\",\"url\":\"https:\/\/videstehnika.lv\/lt\/\",\"name\":\"Vides Tehnika\",\"description\":\"\",\"potentialAction\":[{\"@type\":\"SearchAction\",\"target\":{\"@type\":\"EntryPoint\",\"urlTemplate\":\"https:\/\/videstehnika.lv\/lt\/?s={search_term_string}\"},\"query-input\":{\"@type\":\"PropertyValueSpecification\",\"valueRequired\":true,\"valueName\":\"search_term_string\"}}],\"inLanguage\":\"lt-LT\"}]}<\/script>\n<!-- \/ Yoast SEO plugin. -->","yoast_head_json":{"title":"Beram\u0101 vate Isover InsulSafe 16kg ar iestr\u0101di (Intars Rozmans , tel.: +371 29611614) &#8226; Vides Tehnika","description":"Beram\u0101 vate \"Isover InsulSafe\" ir ekolo\u0123isks siltumizol\u0101cijas materi\u0101ls, kas piem\u0113rots b\u0113ni\u0146u p\u0101rsegumu, sienu un sl\u012bpo jumtu siltin\u0101\u0161anai.","robots":{"index":"index","follow":"follow","max-snippet":"max-snippet:-1","max-image-preview":"max-image-preview:large","max-video-preview":"max-video-preview:-1"},"canonical":"https:\/\/videstehnika.lv\/lt\/katalogs\/isover-insulsafe-16kg-kopija\/","og_locale":"lt_LT","og_type":"article","og_title":"Beram\u0101 vate Isover InsulSafe 16kg ar iestr\u0101di (Intars Rozmans , tel.: +371 29611614) &#8226; Vides Tehnika","og_description":"Beram\u0101 vate \"Isover InsulSafe\" ir ekolo\u0123isks siltumizol\u0101cijas materi\u0101ls, kas piem\u0113rots b\u0113ni\u0146u p\u0101rsegumu, sienu un sl\u012bpo jumtu siltin\u0101\u0161anai.","og_url":"https:\/\/videstehnika.lv\/lt\/katalogs\/isover-insulsafe-16kg-kopija\/","og_site_name":"Vides Tehnika","article_modified_time":"2025-02-24T13:08:59+00:00","og_image":[{"width":900,"height":900,"url":"https:\/\/videstehnika.lv\/wp-content\/uploads\/2020\/07\/vides-tehnika-isover-insulsafe.jpg","type":"image\/jpeg"}],"twitter_card":"summary_large_image","twitter_misc":{"Est. reading time":"1 minut\u0117"},"schema":{"@context":"https:\/\/schema.org","@graph":[{"@type":"WebPage","@id":"https:\/\/videstehnika.lv\/lt\/katalogs\/isover-insulsafe-16kg-kopija\/","url":"https:\/\/videstehnika.lv\/lt\/katalogs\/isover-insulsafe-16kg-kopija\/","name":"Beram\u0101 vate Isover InsulSafe 16kg ar iestr\u0101di (Intars Rozmans , tel.: +371 29611614) &#8226; Vides Tehnika","isPartOf":{"@id":"https:\/\/videstehnika.lv\/lt\/#website"},"primaryImageOfPage":{"@id":"https:\/\/videstehnika.lv\/lt\/katalogs\/isover-insulsafe-16kg-kopija\/#primaryimage"},"image":{"@id":"https:\/\/videstehnika.lv\/lt\/katalogs\/isover-insulsafe-16kg-kopija\/#primaryimage"},"thumbnailUrl":"https:\/\/videstehnika.lv\/wp-content\/uploads\/2020\/07\/vides-tehnika-isover-insulsafe.jpg","datePublished":"2023-11-30T16:11:33+00:00","dateModified":"2025-02-24T13:08:59+00:00","description":"Beram\u0101 vate \"Isover InsulSafe\" ir ekolo\u0123isks siltumizol\u0101cijas materi\u0101ls, kas piem\u0113rots b\u0113ni\u0146u p\u0101rsegumu, sienu un sl\u012bpo jumtu siltin\u0101\u0161anai.","breadcrumb":{"@id":"https:\/\/videstehnika.lv\/lt\/katalogs\/isover-insulsafe-16kg-kopija\/#breadcrumb"},"inLanguage":"lt-LT","potentialAction":[{"@type":"ReadAction","target":["https:\/\/videstehnika.lv\/lt\/katalogs\/isover-insulsafe-16kg-kopija\/"]}]},{"@type":"ImageObject","inLanguage":"lt-LT","@id":"https:\/\/videstehnika.lv\/lt\/katalogs\/isover-insulsafe-16kg-kopija\/#primaryimage","url":"https:\/\/videstehnika.lv\/wp-content\/uploads\/2020\/07\/vides-tehnika-isover-insulsafe.jpg","contentUrl":"https:\/\/videstehnika.lv\/wp-content\/uploads\/2020\/07\/vides-tehnika-isover-insulsafe.jpg","width":900,"height":900},{"@type":"BreadcrumbList","@id":"https:\/\/videstehnika.lv\/lt\/katalogs\/isover-insulsafe-16kg-kopija\/#breadcrumb","itemListElement":[{"@type":"ListItem","position":1,"name":"Home","item":"https:\/\/videstehnika.lv\/lt\/"},{"@type":"ListItem","position":2,"name":"Katalogas","item":"https:\/\/videstehnika.lv\/lt\/katalogas\/"},{"@type":"ListItem","position":3,"name":"Isover InsulSafe 16kg ar iestr\u0101di (Intars Rozmans , tel.: +371 29611614)"}]},{"@type":"WebSite","@id":"https:\/\/videstehnika.lv\/lt\/#website","url":"https:\/\/videstehnika.lv\/lt\/","name":"Vides Tehnika","description":"","potentialAction":[{"@type":"SearchAction","target":{"@type":"EntryPoint","urlTemplate":"https:\/\/videstehnika.lv\/lt\/?s={search_term_string}"},"query-input":{"@type":"PropertyValueSpecification","valueRequired":true,"valueName":"search_term_string"}}],"inLanguage":"lt-LT"}]}},"_links":{"self":[{"href":"https:\/\/videstehnika.lv\/lt\/wp-json\/wp\/v2\/product\/30963","targetHints":{"allow":["GET"]}}],"collection":[{"href":"https:\/\/videstehnika.lv\/lt\/wp-json\/wp\/v2\/product"}],"about":[{"href":"https:\/\/videstehnika.lv\/lt\/wp-json\/wp\/v2\/types\/product"}],"wp:featuredmedia":[{"embeddable":true,"href":"https:\/\/videstehnika.lv\/lt\/wp-json\/wp\/v2\/media\/23731"}],"wp:attachment":[{"href":"https:\/\/videstehnika.lv\/lt\/wp-json\/wp\/v2\/media?parent=30963"}],"wp:term":[{"taxonomy":"product_cat","embeddable":true,"href":"https:\/\/videstehnika.lv\/lt\/wp-json\/wp\/v2\/product_cat?post=30963"},{"taxonomy":"product_tag","embeddable":true,"href":"https:\/\/videstehnika.lv\/lt\/wp-json\/wp\/v2\/product_tag?post=30963"}],"curies":[{"name":"wp","href":"https:\/\/api.w.org\/{rel}","templated":true}]}}