{"id":30973,"date":"2023-11-30T18:13:55","date_gmt":"2023-11-30T16:13:55","guid":{"rendered":"https:\/\/videstehnika.lv\/?post_type=product&#038;p=30973"},"modified":"2026-01-08T10:25:14","modified_gmt":"2026-01-08T08:25:14","slug":"isover-kv041r-23kg-ar-iestradi-intars-rozmans-tel-371-39611614","status":"publish","type":"product","link":"https:\/\/videstehnika.lv\/lt\/katalogs\/isover-kv041r-23kg-kopija\/","title":{"rendered":"Isover KV041R 23kg ar iestr\u0101di (Intars Rozmans , tel.: +371 29611614)"},"content":{"rendered":"<h2>Beram\u0101 vate &#8222;ISOVER&#8221;<\/h2>\n<p>&#8222;ISOVER&#8221; beram\u0101 vate ir efekt\u012bvs un ekonomisks siltumizol\u0101cijas materi\u0101ls b\u0113ni\u0146u, starpst\u0101vu p\u0101rsegumu un citu horizont\u0101lo konstrukciju nosiltin\u0101\u0161anai. &#8222;ISOVER KV 041&#8221; ir neorganiska, \u0137\u012bmiski neitr\u0101la, un taj\u0101 nav korod\u0113jo\u0161u vielu.<\/p>\n<p>Beram\u0101 vate ir iztur\u012bga pret puvi, bez smar\u017eas un taj\u0101 neievies\u012bsies kait\u0113k\u013ci. T\u0101 ir nedego\u0161a.<\/p>\n<h2><strong>Beram\u0101s vates pielietojums<\/strong><\/h2>\n<ul>\n<li>B\u0113ni\u0146u siltumizol\u0101cijai;<\/li>\n<li>Piem\u0113rota horizont\u0101laj\u0101m konstrukcij\u0101m;<\/li>\n<\/ul>\n<p>Beramo vati vis\u0101tr\u0101k un efekt\u012bv\u0101k var iestr\u0101d\u0101t, izmantojot kompresora tipa p\u016b\u0161amo tehniku. P\u016b\u0161anas tehnolo\u0123ija nodro\u0161ina vienm\u0113r\u012bgu izol\u0101cijas materi\u0101la iestr\u0101di, aizpilda visus dobumus, l\u012bkumus, kabatas un \u0161aur\u0101s vietas, nov\u0113r\u0161ot aukstuma tiltu ra\u0161anos.<\/p>\n","protected":false},"excerpt":{"rendered":"<p>Cena nor\u0101d\u012bta par maisu<\/p>\n","protected":false},"featured_media":23748,"template":"","meta":{"_acf_changed":false},"product_cat":[5472,3829,3831],"product_tag":[],"class_list":{"0":"post-30973","1":"product","2":"type-product","3":"status-publish","4":"has-post-thumbnail","6":"product_cat-minerala-vate-lt","7":"product_cat-silumos-izoliacines-medziagos","8":"product_cat-berama-vata-statybiniam-sildymui","10":"first","11":"instock","12":"taxable","13":"shipping-taxable","14":"purchasable","15":"product-type-simple"},"acf":[],"yoast_head":"<!-- This site is optimized with the Yoast SEO plugin v24.2 - https:\/\/yoast.com\/wordpress\/plugins\/seo\/ -->\n<title>Efekt\u012bva beram\u0101 vate Isover KV041R 23kg ar iestr\u0101di (Intars Rozmans , tel.: +371 29611614) &#8226; Vides Tehnika<\/title>\n<meta name=\"description\" content=\"Beram\u0101 vate &quot;ISOVER KV041&quot; ir efekt\u012bvs siltin\u0101\u0161anas materi\u0101ls b\u0113ni\u0146u, starpst\u0101vu p\u0101rsegumu un citu horizont\u0101lo konstrukciju nosiltin\u0101\u0161anai.\" \/>\n<meta name=\"robots\" content=\"index, follow, max-snippet:-1, max-image-preview:large, max-video-preview:-1\" \/>\n<link rel=\"canonical\" href=\"https:\/\/videstehnika.lv\/lt\/katalogs\/isover-kv041r-23kg-kopija\/\" \/>\n<meta property=\"og:locale\" content=\"lt_LT\" \/>\n<meta property=\"og:type\" content=\"article\" \/>\n<meta property=\"og:title\" content=\"Efekt\u012bva beram\u0101 vate Isover KV041R 23kg ar iestr\u0101di (Intars Rozmans , tel.: +371 29611614) &#8226; Vides Tehnika\" \/>\n<meta property=\"og:description\" content=\"Beram\u0101 vate &quot;ISOVER KV041&quot; ir efekt\u012bvs siltin\u0101\u0161anas materi\u0101ls b\u0113ni\u0146u, starpst\u0101vu p\u0101rsegumu un citu horizont\u0101lo konstrukciju nosiltin\u0101\u0161anai.\" \/>\n<meta property=\"og:url\" content=\"https:\/\/videstehnika.lv\/lt\/katalogs\/isover-kv041r-23kg-kopija\/\" \/>\n<meta property=\"og:site_name\" content=\"Vides Tehnika\" \/>\n<meta property=\"article:modified_time\" content=\"2026-01-08T08:25:14+00:00\" \/>\n<meta property=\"og:image\" content=\"https:\/\/videstehnika.lv\/wp-content\/uploads\/2020\/07\/vides-tehnika-isover-kv041.jpg\" \/>\n\t<meta property=\"og:image:width\" content=\"900\" \/>\n\t<meta property=\"og:image:height\" content=\"900\" \/>\n\t<meta property=\"og:image:type\" content=\"image\/jpeg\" \/>\n<meta name=\"twitter:card\" content=\"summary_large_image\" \/>\n<meta name=\"twitter:label1\" content=\"Est. reading time\" \/>\n\t<meta name=\"twitter:data1\" content=\"1 minut\u0117\" \/>\n<script type=\"application\/ld+json\" class=\"yoast-schema-graph\">{\"@context\":\"https:\/\/schema.org\",\"@graph\":[{\"@type\":\"WebPage\",\"@id\":\"https:\/\/videstehnika.lv\/lt\/katalogs\/isover-kv041r-23kg-kopija\/\",\"url\":\"https:\/\/videstehnika.lv\/lt\/katalogs\/isover-kv041r-23kg-kopija\/\",\"name\":\"Efekt\u012bva beram\u0101 vate Isover KV041R 23kg ar iestr\u0101di (Intars Rozmans , tel.: +371 29611614) &#8226; Vides Tehnika\",\"isPartOf\":{\"@id\":\"https:\/\/videstehnika.lv\/lt\/#website\"},\"primaryImageOfPage\":{\"@id\":\"https:\/\/videstehnika.lv\/lt\/katalogs\/isover-kv041r-23kg-kopija\/#primaryimage\"},\"image\":{\"@id\":\"https:\/\/videstehnika.lv\/lt\/katalogs\/isover-kv041r-23kg-kopija\/#primaryimage\"},\"thumbnailUrl\":\"https:\/\/videstehnika.lv\/wp-content\/uploads\/2020\/07\/vides-tehnika-isover-kv041.jpg\",\"datePublished\":\"2023-11-30T16:13:55+00:00\",\"dateModified\":\"2026-01-08T08:25:14+00:00\",\"description\":\"Beram\u0101 vate \\\"ISOVER KV041\\\" ir efekt\u012bvs siltin\u0101\u0161anas materi\u0101ls b\u0113ni\u0146u, starpst\u0101vu p\u0101rsegumu un citu horizont\u0101lo konstrukciju nosiltin\u0101\u0161anai.\",\"breadcrumb\":{\"@id\":\"https:\/\/videstehnika.lv\/lt\/katalogs\/isover-kv041r-23kg-kopija\/#breadcrumb\"},\"inLanguage\":\"lt-LT\",\"potentialAction\":[{\"@type\":\"ReadAction\",\"target\":[\"https:\/\/videstehnika.lv\/lt\/katalogs\/isover-kv041r-23kg-kopija\/\"]}]},{\"@type\":\"ImageObject\",\"inLanguage\":\"lt-LT\",\"@id\":\"https:\/\/videstehnika.lv\/lt\/katalogs\/isover-kv041r-23kg-kopija\/#primaryimage\",\"url\":\"https:\/\/videstehnika.lv\/wp-content\/uploads\/2020\/07\/vides-tehnika-isover-kv041.jpg\",\"contentUrl\":\"https:\/\/videstehnika.lv\/wp-content\/uploads\/2020\/07\/vides-tehnika-isover-kv041.jpg\",\"width\":900,\"height\":900},{\"@type\":\"BreadcrumbList\",\"@id\":\"https:\/\/videstehnika.lv\/lt\/katalogs\/isover-kv041r-23kg-kopija\/#breadcrumb\",\"itemListElement\":[{\"@type\":\"ListItem\",\"position\":1,\"name\":\"Home\",\"item\":\"https:\/\/videstehnika.lv\/lt\/\"},{\"@type\":\"ListItem\",\"position\":2,\"name\":\"Katalogas\",\"item\":\"https:\/\/videstehnika.lv\/lt\/katalogas\/\"},{\"@type\":\"ListItem\",\"position\":3,\"name\":\"Isover KV041R 23kg ar iestr\u0101di (Intars Rozmans , tel.: +371 29611614)\"}]},{\"@type\":\"WebSite\",\"@id\":\"https:\/\/videstehnika.lv\/lt\/#website\",\"url\":\"https:\/\/videstehnika.lv\/lt\/\",\"name\":\"Vides Tehnika\",\"description\":\"\",\"potentialAction\":[{\"@type\":\"SearchAction\",\"target\":{\"@type\":\"EntryPoint\",\"urlTemplate\":\"https:\/\/videstehnika.lv\/lt\/?s={search_term_string}\"},\"query-input\":{\"@type\":\"PropertyValueSpecification\",\"valueRequired\":true,\"valueName\":\"search_term_string\"}}],\"inLanguage\":\"lt-LT\"}]}<\/script>\n<!-- \/ Yoast SEO plugin. -->","yoast_head_json":{"title":"Efekt\u012bva beram\u0101 vate Isover KV041R 23kg ar iestr\u0101di (Intars Rozmans , tel.: +371 29611614) &#8226; Vides Tehnika","description":"Beram\u0101 vate \"ISOVER KV041\" ir efekt\u012bvs siltin\u0101\u0161anas materi\u0101ls b\u0113ni\u0146u, starpst\u0101vu p\u0101rsegumu un citu horizont\u0101lo konstrukciju nosiltin\u0101\u0161anai.","robots":{"index":"index","follow":"follow","max-snippet":"max-snippet:-1","max-image-preview":"max-image-preview:large","max-video-preview":"max-video-preview:-1"},"canonical":"https:\/\/videstehnika.lv\/lt\/katalogs\/isover-kv041r-23kg-kopija\/","og_locale":"lt_LT","og_type":"article","og_title":"Efekt\u012bva beram\u0101 vate Isover KV041R 23kg ar iestr\u0101di (Intars Rozmans , tel.: +371 29611614) &#8226; Vides Tehnika","og_description":"Beram\u0101 vate \"ISOVER KV041\" ir efekt\u012bvs siltin\u0101\u0161anas materi\u0101ls b\u0113ni\u0146u, starpst\u0101vu p\u0101rsegumu un citu horizont\u0101lo konstrukciju nosiltin\u0101\u0161anai.","og_url":"https:\/\/videstehnika.lv\/lt\/katalogs\/isover-kv041r-23kg-kopija\/","og_site_name":"Vides Tehnika","article_modified_time":"2026-01-08T08:25:14+00:00","og_image":[{"width":900,"height":900,"url":"https:\/\/videstehnika.lv\/wp-content\/uploads\/2020\/07\/vides-tehnika-isover-kv041.jpg","type":"image\/jpeg"}],"twitter_card":"summary_large_image","twitter_misc":{"Est. reading time":"1 minut\u0117"},"schema":{"@context":"https:\/\/schema.org","@graph":[{"@type":"WebPage","@id":"https:\/\/videstehnika.lv\/lt\/katalogs\/isover-kv041r-23kg-kopija\/","url":"https:\/\/videstehnika.lv\/lt\/katalogs\/isover-kv041r-23kg-kopija\/","name":"Efekt\u012bva beram\u0101 vate Isover KV041R 23kg ar iestr\u0101di (Intars Rozmans , tel.: +371 29611614) &#8226; Vides Tehnika","isPartOf":{"@id":"https:\/\/videstehnika.lv\/lt\/#website"},"primaryImageOfPage":{"@id":"https:\/\/videstehnika.lv\/lt\/katalogs\/isover-kv041r-23kg-kopija\/#primaryimage"},"image":{"@id":"https:\/\/videstehnika.lv\/lt\/katalogs\/isover-kv041r-23kg-kopija\/#primaryimage"},"thumbnailUrl":"https:\/\/videstehnika.lv\/wp-content\/uploads\/2020\/07\/vides-tehnika-isover-kv041.jpg","datePublished":"2023-11-30T16:13:55+00:00","dateModified":"2026-01-08T08:25:14+00:00","description":"Beram\u0101 vate \"ISOVER KV041\" ir efekt\u012bvs siltin\u0101\u0161anas materi\u0101ls b\u0113ni\u0146u, starpst\u0101vu p\u0101rsegumu un citu horizont\u0101lo konstrukciju nosiltin\u0101\u0161anai.","breadcrumb":{"@id":"https:\/\/videstehnika.lv\/lt\/katalogs\/isover-kv041r-23kg-kopija\/#breadcrumb"},"inLanguage":"lt-LT","potentialAction":[{"@type":"ReadAction","target":["https:\/\/videstehnika.lv\/lt\/katalogs\/isover-kv041r-23kg-kopija\/"]}]},{"@type":"ImageObject","inLanguage":"lt-LT","@id":"https:\/\/videstehnika.lv\/lt\/katalogs\/isover-kv041r-23kg-kopija\/#primaryimage","url":"https:\/\/videstehnika.lv\/wp-content\/uploads\/2020\/07\/vides-tehnika-isover-kv041.jpg","contentUrl":"https:\/\/videstehnika.lv\/wp-content\/uploads\/2020\/07\/vides-tehnika-isover-kv041.jpg","width":900,"height":900},{"@type":"BreadcrumbList","@id":"https:\/\/videstehnika.lv\/lt\/katalogs\/isover-kv041r-23kg-kopija\/#breadcrumb","itemListElement":[{"@type":"ListItem","position":1,"name":"Home","item":"https:\/\/videstehnika.lv\/lt\/"},{"@type":"ListItem","position":2,"name":"Katalogas","item":"https:\/\/videstehnika.lv\/lt\/katalogas\/"},{"@type":"ListItem","position":3,"name":"Isover KV041R 23kg ar iestr\u0101di (Intars Rozmans , tel.: +371 29611614)"}]},{"@type":"WebSite","@id":"https:\/\/videstehnika.lv\/lt\/#website","url":"https:\/\/videstehnika.lv\/lt\/","name":"Vides Tehnika","description":"","potentialAction":[{"@type":"SearchAction","target":{"@type":"EntryPoint","urlTemplate":"https:\/\/videstehnika.lv\/lt\/?s={search_term_string}"},"query-input":{"@type":"PropertyValueSpecification","valueRequired":true,"valueName":"search_term_string"}}],"inLanguage":"lt-LT"}]}},"_links":{"self":[{"href":"https:\/\/videstehnika.lv\/lt\/wp-json\/wp\/v2\/product\/30973","targetHints":{"allow":["GET"]}}],"collection":[{"href":"https:\/\/videstehnika.lv\/lt\/wp-json\/wp\/v2\/product"}],"about":[{"href":"https:\/\/videstehnika.lv\/lt\/wp-json\/wp\/v2\/types\/product"}],"wp:featuredmedia":[{"embeddable":true,"href":"https:\/\/videstehnika.lv\/lt\/wp-json\/wp\/v2\/media\/23748"}],"wp:attachment":[{"href":"https:\/\/videstehnika.lv\/lt\/wp-json\/wp\/v2\/media?parent=30973"}],"wp:term":[{"taxonomy":"product_cat","embeddable":true,"href":"https:\/\/videstehnika.lv\/lt\/wp-json\/wp\/v2\/product_cat?post=30973"},{"taxonomy":"product_tag","embeddable":true,"href":"https:\/\/videstehnika.lv\/lt\/wp-json\/wp\/v2\/product_tag?post=30973"}],"curies":[{"name":"wp","href":"https:\/\/api.w.org\/{rel}","templated":true}]}}