{"id":37753,"date":"2024-07-26T12:50:13","date_gmt":"2024-07-26T09:50:13","guid":{"rendered":"https:\/\/videstehnika.lv\/?post_type=product&#038;p=37753"},"modified":"2024-07-26T12:50:13","modified_gmt":"2024-07-26T09:50:13","slug":"cullera-aluminija-darza-kresls-63x57x90-cm-dazadas-krasas","status":"publish","type":"product","link":"https:\/\/videstehnika.lv\/katalogs\/darza-mebeles\/cullera-aluminija-darza-kresls-63x57x90-cm-dazadas-krasas\/","title":{"rendered":"Cullera alum\u012bnija d\u0101rza kr\u0113sls, 63x57x90 cm, da\u017e\u0101das kr\u0101sas"},"content":{"rendered":"<h2>Cullera alum\u012bnija d\u0101rza kr\u0113sls, 63x57x90 cm, da\u017e\u0101das kr\u0101sas<\/h2>\n<p>R\u0101mis: alum\u012bnija<br \/>\nNotur\u012bgs pret UV stariem<br \/>\nIzm\u0113ri: 63x57x90 cm<\/p>\n<p>&nbsp;<\/p>\n","protected":false},"excerpt":{"rendered":"<p>Cullera alum\u012bnija d\u0101rza kr\u0113sls, 63x57x90 cm, da\u017e\u0101das kr\u0101sas R\u0101mis: alum\u012bnija Notur\u012bgs pret UV stariem Izm\u0113ri: 63x57x90 cm &nbsp;<\/p>\n","protected":false},"featured_media":37756,"template":"","meta":{"_acf_changed":false},"product_cat":[5295,5294],"product_tag":[],"class_list":{"0":"post-37753","1":"product","2":"type-product","3":"status-publish","4":"has-post-thumbnail","6":"product_cat-kresli","7":"product_cat-darza-mebeles","9":"first","10":"instock","11":"taxable","12":"shipping-taxable","13":"purchasable","14":"product-type-variable"},"acf":[],"yoast_head":"<!-- This site is optimized with the Yoast SEO plugin v24.2 - https:\/\/yoast.com\/wordpress\/plugins\/seo\/ -->\n<title>Cullera alum\u012bnija d\u0101rza kr\u0113sls, 63x57x90 cm, da\u017e\u0101das kr\u0101sas &#8226; Vides Tehnika<\/title>\n<meta name=\"robots\" content=\"index, follow, max-snippet:-1, max-image-preview:large, max-video-preview:-1\" \/>\n<link rel=\"canonical\" href=\"https:\/\/videstehnika.lv\/lt\/katalogs\/darza-mebeles\/cullera-aluminija-darza-kresls-63x57x90-cm-dazadas-krasas\/\" \/>\n<meta property=\"og:locale\" content=\"lt_LT\" \/>\n<meta property=\"og:type\" content=\"article\" \/>\n<meta property=\"og:title\" content=\"Cullera alum\u012bnija d\u0101rza kr\u0113sls, 63x57x90 cm, da\u017e\u0101das kr\u0101sas &#8226; Vides Tehnika\" \/>\n<meta property=\"og:description\" content=\"Cullera alum\u012bnija d\u0101rza kr\u0113sls, 63x57x90 cm, da\u017e\u0101das kr\u0101sas R\u0101mis: alum\u012bnija Notur\u012bgs pret UV stariem Izm\u0113ri: 63x57x90 cm &nbsp;\" \/>\n<meta property=\"og:url\" content=\"https:\/\/videstehnika.lv\/katalogs\/darza-mebeles\/cullera-aluminija-darza-kresls-63x57x90-cm-dazadas-krasas\/\" \/>\n<meta property=\"og:site_name\" content=\"Vides Tehnika\" \/>\n<meta property=\"og:image\" content=\"https:\/\/videstehnika.lv\/wp-content\/uploads\/2024\/07\/GPel.jpg\" \/>\n\t<meta property=\"og:image:width\" content=\"995\" \/>\n\t<meta property=\"og:image:height\" content=\"748\" \/>\n\t<meta property=\"og:image:type\" content=\"image\/jpeg\" \/>\n<meta name=\"twitter:card\" content=\"summary_large_image\" \/>\n<meta name=\"twitter:label1\" content=\"Est. reading time\" \/>\n\t<meta name=\"twitter:data1\" content=\"1 minut\u0117\" \/>\n<script type=\"application\/ld+json\" class=\"yoast-schema-graph\">{\"@context\":\"https:\/\/schema.org\",\"@graph\":[{\"@type\":\"WebPage\",\"@id\":\"https:\/\/videstehnika.lv\/katalogs\/darza-mebeles\/cullera-aluminija-darza-kresls-63x57x90-cm-dazadas-krasas\/\",\"url\":\"https:\/\/videstehnika.lv\/katalogs\/darza-mebeles\/cullera-aluminija-darza-kresls-63x57x90-cm-dazadas-krasas\/\",\"name\":\"Cullera alum\u012bnija d\u0101rza kr\u0113sls, 63x57x90 cm, da\u017e\u0101das kr\u0101sas &#8226; Vides Tehnika\",\"isPartOf\":{\"@id\":\"https:\/\/videstehnika.lv\/lt\/#website\"},\"primaryImageOfPage\":{\"@id\":\"https:\/\/videstehnika.lv\/katalogs\/darza-mebeles\/cullera-aluminija-darza-kresls-63x57x90-cm-dazadas-krasas\/#primaryimage\"},\"image\":{\"@id\":\"https:\/\/videstehnika.lv\/katalogs\/darza-mebeles\/cullera-aluminija-darza-kresls-63x57x90-cm-dazadas-krasas\/#primaryimage\"},\"thumbnailUrl\":\"https:\/\/videstehnika.lv\/wp-content\/uploads\/2024\/07\/GPel.jpg\",\"datePublished\":\"2024-07-26T09:50:13+00:00\",\"dateModified\":\"2024-07-26T09:50:13+00:00\",\"breadcrumb\":{\"@id\":\"https:\/\/videstehnika.lv\/katalogs\/darza-mebeles\/cullera-aluminija-darza-kresls-63x57x90-cm-dazadas-krasas\/#breadcrumb\"},\"inLanguage\":\"lt-LT\",\"potentialAction\":[{\"@type\":\"ReadAction\",\"target\":[\"https:\/\/videstehnika.lv\/katalogs\/darza-mebeles\/cullera-aluminija-darza-kresls-63x57x90-cm-dazadas-krasas\/\"]}]},{\"@type\":\"ImageObject\",\"inLanguage\":\"lt-LT\",\"@id\":\"https:\/\/videstehnika.lv\/katalogs\/darza-mebeles\/cullera-aluminija-darza-kresls-63x57x90-cm-dazadas-krasas\/#primaryimage\",\"url\":\"https:\/\/videstehnika.lv\/wp-content\/uploads\/2024\/07\/GPel.jpg\",\"contentUrl\":\"https:\/\/videstehnika.lv\/wp-content\/uploads\/2024\/07\/GPel.jpg\",\"width\":995,\"height\":748},{\"@type\":\"BreadcrumbList\",\"@id\":\"https:\/\/videstehnika.lv\/katalogs\/darza-mebeles\/cullera-aluminija-darza-kresls-63x57x90-cm-dazadas-krasas\/#breadcrumb\",\"itemListElement\":[{\"@type\":\"ListItem\",\"position\":1,\"name\":\"Home\",\"item\":\"https:\/\/videstehnika.lv\/lt\/\"},{\"@type\":\"ListItem\",\"position\":2,\"name\":\"Katalogas\",\"item\":\"https:\/\/videstehnika.lv\/lt\/katalogas\/\"},{\"@type\":\"ListItem\",\"position\":3,\"name\":\"Cullera alum\u012bnija d\u0101rza kr\u0113sls, 63x57x90 cm, da\u017e\u0101das kr\u0101sas\"}]},{\"@type\":\"WebSite\",\"@id\":\"https:\/\/videstehnika.lv\/lt\/#website\",\"url\":\"https:\/\/videstehnika.lv\/lt\/\",\"name\":\"Vides Tehnika\",\"description\":\"\",\"potentialAction\":[{\"@type\":\"SearchAction\",\"target\":{\"@type\":\"EntryPoint\",\"urlTemplate\":\"https:\/\/videstehnika.lv\/lt\/?s={search_term_string}\"},\"query-input\":{\"@type\":\"PropertyValueSpecification\",\"valueRequired\":true,\"valueName\":\"search_term_string\"}}],\"inLanguage\":\"lt-LT\"}]}<\/script>\n<!-- \/ Yoast SEO plugin. -->","yoast_head_json":{"title":"Cullera alum\u012bnija d\u0101rza kr\u0113sls, 63x57x90 cm, da\u017e\u0101das kr\u0101sas &#8226; Vides Tehnika","robots":{"index":"index","follow":"follow","max-snippet":"max-snippet:-1","max-image-preview":"max-image-preview:large","max-video-preview":"max-video-preview:-1"},"canonical":"https:\/\/videstehnika.lv\/lt\/katalogs\/darza-mebeles\/cullera-aluminija-darza-kresls-63x57x90-cm-dazadas-krasas\/","og_locale":"lt_LT","og_type":"article","og_title":"Cullera alum\u012bnija d\u0101rza kr\u0113sls, 63x57x90 cm, da\u017e\u0101das kr\u0101sas &#8226; Vides Tehnika","og_description":"Cullera alum\u012bnija d\u0101rza kr\u0113sls, 63x57x90 cm, da\u017e\u0101das kr\u0101sas R\u0101mis: alum\u012bnija Notur\u012bgs pret UV stariem Izm\u0113ri: 63x57x90 cm &nbsp;","og_url":"https:\/\/videstehnika.lv\/katalogs\/darza-mebeles\/cullera-aluminija-darza-kresls-63x57x90-cm-dazadas-krasas\/","og_site_name":"Vides Tehnika","og_image":[{"width":995,"height":748,"url":"https:\/\/videstehnika.lv\/wp-content\/uploads\/2024\/07\/GPel.jpg","type":"image\/jpeg"}],"twitter_card":"summary_large_image","twitter_misc":{"Est. reading time":"1 minut\u0117"},"schema":{"@context":"https:\/\/schema.org","@graph":[{"@type":"WebPage","@id":"https:\/\/videstehnika.lv\/katalogs\/darza-mebeles\/cullera-aluminija-darza-kresls-63x57x90-cm-dazadas-krasas\/","url":"https:\/\/videstehnika.lv\/katalogs\/darza-mebeles\/cullera-aluminija-darza-kresls-63x57x90-cm-dazadas-krasas\/","name":"Cullera alum\u012bnija d\u0101rza kr\u0113sls, 63x57x90 cm, da\u017e\u0101das kr\u0101sas &#8226; Vides Tehnika","isPartOf":{"@id":"https:\/\/videstehnika.lv\/lt\/#website"},"primaryImageOfPage":{"@id":"https:\/\/videstehnika.lv\/katalogs\/darza-mebeles\/cullera-aluminija-darza-kresls-63x57x90-cm-dazadas-krasas\/#primaryimage"},"image":{"@id":"https:\/\/videstehnika.lv\/katalogs\/darza-mebeles\/cullera-aluminija-darza-kresls-63x57x90-cm-dazadas-krasas\/#primaryimage"},"thumbnailUrl":"https:\/\/videstehnika.lv\/wp-content\/uploads\/2024\/07\/GPel.jpg","datePublished":"2024-07-26T09:50:13+00:00","dateModified":"2024-07-26T09:50:13+00:00","breadcrumb":{"@id":"https:\/\/videstehnika.lv\/katalogs\/darza-mebeles\/cullera-aluminija-darza-kresls-63x57x90-cm-dazadas-krasas\/#breadcrumb"},"inLanguage":"lt-LT","potentialAction":[{"@type":"ReadAction","target":["https:\/\/videstehnika.lv\/katalogs\/darza-mebeles\/cullera-aluminija-darza-kresls-63x57x90-cm-dazadas-krasas\/"]}]},{"@type":"ImageObject","inLanguage":"lt-LT","@id":"https:\/\/videstehnika.lv\/katalogs\/darza-mebeles\/cullera-aluminija-darza-kresls-63x57x90-cm-dazadas-krasas\/#primaryimage","url":"https:\/\/videstehnika.lv\/wp-content\/uploads\/2024\/07\/GPel.jpg","contentUrl":"https:\/\/videstehnika.lv\/wp-content\/uploads\/2024\/07\/GPel.jpg","width":995,"height":748},{"@type":"BreadcrumbList","@id":"https:\/\/videstehnika.lv\/katalogs\/darza-mebeles\/cullera-aluminija-darza-kresls-63x57x90-cm-dazadas-krasas\/#breadcrumb","itemListElement":[{"@type":"ListItem","position":1,"name":"Home","item":"https:\/\/videstehnika.lv\/lt\/"},{"@type":"ListItem","position":2,"name":"Katalogas","item":"https:\/\/videstehnika.lv\/lt\/katalogas\/"},{"@type":"ListItem","position":3,"name":"Cullera alum\u012bnija d\u0101rza kr\u0113sls, 63x57x90 cm, da\u017e\u0101das kr\u0101sas"}]},{"@type":"WebSite","@id":"https:\/\/videstehnika.lv\/lt\/#website","url":"https:\/\/videstehnika.lv\/lt\/","name":"Vides Tehnika","description":"","potentialAction":[{"@type":"SearchAction","target":{"@type":"EntryPoint","urlTemplate":"https:\/\/videstehnika.lv\/lt\/?s={search_term_string}"},"query-input":{"@type":"PropertyValueSpecification","valueRequired":true,"valueName":"search_term_string"}}],"inLanguage":"lt-LT"}]}},"_links":{"self":[{"href":"https:\/\/videstehnika.lv\/lt\/wp-json\/wp\/v2\/product\/37753","targetHints":{"allow":["GET"]}}],"collection":[{"href":"https:\/\/videstehnika.lv\/lt\/wp-json\/wp\/v2\/product"}],"about":[{"href":"https:\/\/videstehnika.lv\/lt\/wp-json\/wp\/v2\/types\/product"}],"wp:featuredmedia":[{"embeddable":true,"href":"https:\/\/videstehnika.lv\/lt\/wp-json\/wp\/v2\/media\/37756"}],"wp:attachment":[{"href":"https:\/\/videstehnika.lv\/lt\/wp-json\/wp\/v2\/media?parent=37753"}],"wp:term":[{"taxonomy":"product_cat","embeddable":true,"href":"https:\/\/videstehnika.lv\/lt\/wp-json\/wp\/v2\/product_cat?post=37753"},{"taxonomy":"product_tag","embeddable":true,"href":"https:\/\/videstehnika.lv\/lt\/wp-json\/wp\/v2\/product_tag?post=37753"}],"curies":[{"name":"wp","href":"https:\/\/api.w.org\/{rel}","templated":true}]}}