{"id":38366,"date":"2024-08-06T15:00:55","date_gmt":"2024-08-06T12:00:55","guid":{"rendered":"https:\/\/videstehnika.lv\/?post_type=product&#038;p=38366"},"modified":"2025-06-16T11:35:23","modified_gmt":"2025-06-16T08:35:23","slug":"naturheld-wall-180-kokskiedras-plaksne","status":"publish","type":"product","link":"https:\/\/videstehnika.lv\/lt\/katalogs\/naturheld-wall-180-kokskiedras-plaksnes-copy\/","title":{"rendered":"Naturheld 140 N+F kok\u0161\u0137iedras pl\u0101ksne"},"content":{"rendered":"<h2>Kok\u0161\u0137iedras pl\u0101ksnes Naturheld 140 N+F<\/h2>\n<p>Kok\u0161\u0137iedras pl\u0101ksnes Naturheld 140 ir augstas iztur\u012bbas kok\u0161\u0137iedras pl\u0101ksnes un paredz\u0113tas visa veida konstrukciju siltin\u0101\u0161anai.<\/p>\n<p>P\u0113c materi\u0101la iestr\u0101des sasniegtais efekts: siltumizol\u0101cija, ska\u0146as izol\u0101cija, mitruma regul\u0101cija telp\u0101s, vesel\u012bgs mikroklimats un m\u0101j\u012bga vide.<\/p>\n<h2><strong>Naturheld wall 180 priek\u0161roc\u012bbas<\/strong><\/h2>\n<ul>\n<li>Teicamas siltumizol\u0101cijas sp\u0113jas;<\/li>\n<li>\u0112rti un vienk\u0101r\u0161i lietojams;<\/li>\n<li>Ekonomisks un pla\u0161i pielietojams materi\u0101ls;<\/li>\n<li>Teicamas dif\u016bzijas sp\u0113jas;<\/li>\n<li>Iztur\u012bgs pret deform\u0101ciju un lielu slodzi;<\/li>\n<li>Ekolo\u0123iski t\u012brs, videi un cilv\u0113kam draudz\u012bgs materi\u0101ls;<\/li>\n<li>Antialer\u0123isks materi\u0101ls, nekairina \u0101du;<\/li>\n<\/ul>\n<h3>Naturheld 140 pielietojums<\/h3>\n<ul>\n<li>Jumts;<\/li>\n<li>Sienas;<\/li>\n<li>Griesti;<\/li>\n<li>Gr\u012bdas.<\/li>\n<\/ul>\n","protected":false},"excerpt":{"rendered":"<p>Cena nor\u0101d\u012bta par pl\u0101ksni<\/p>\n","protected":false},"featured_media":64620,"template":"","meta":{"_acf_changed":false},"product_cat":[3829,3834],"product_tag":[],"class_list":{"0":"post-38366","1":"product","2":"type-product","3":"status-publish","4":"has-post-thumbnail","6":"product_cat-silumos-izoliacines-medziagos","7":"product_cat-medienos-plausu-plokstes-ekologiniam-sildymui","9":"first","10":"instock","11":"taxable","12":"shipping-taxable","13":"purchasable","14":"product-type-variable"},"acf":[],"yoast_head":"<!-- This site is optimized with the Yoast SEO plugin v24.2 - https:\/\/yoast.com\/wordpress\/plugins\/seo\/ -->\n<title>Kok\u0161\u0137iedras pl\u0101ksnes Naturheld wall 180 &#8226; Vides Tehnika<\/title>\n<meta name=\"description\" content=\"Kok\u0161\u0137iedras pl\u0101ksnes Naturheld wall 180 ir augstas iztur\u012bbas kok\u0161\u0137iedras pl\u0101ksnes un paredz\u0113tas visa veida konstrukciju siltin\u0101\u0161anai.\" \/>\n<meta name=\"robots\" content=\"index, follow, max-snippet:-1, max-image-preview:large, max-video-preview:-1\" \/>\n<link rel=\"canonical\" href=\"https:\/\/videstehnika.lv\/lt\/katalogs\/naturheld-wall-180-kokskiedras-plaksnes-copy\/\" \/>\n<meta property=\"og:locale\" content=\"lt_LT\" \/>\n<meta property=\"og:type\" content=\"article\" \/>\n<meta property=\"og:title\" content=\"Kok\u0161\u0137iedras pl\u0101ksnes Naturheld wall 180 &#8226; Vides Tehnika\" \/>\n<meta property=\"og:description\" content=\"Kok\u0161\u0137iedras pl\u0101ksnes Naturheld wall 180 ir augstas iztur\u012bbas kok\u0161\u0137iedras pl\u0101ksnes un paredz\u0113tas visa veida konstrukciju siltin\u0101\u0161anai.\" \/>\n<meta property=\"og:url\" content=\"https:\/\/videstehnika.lv\/lt\/katalogs\/naturheld-wall-180-kokskiedras-plaksnes-copy\/\" \/>\n<meta property=\"og:site_name\" content=\"Vides Tehnika\" \/>\n<meta property=\"article:modified_time\" content=\"2025-06-16T08:35:23+00:00\" \/>\n<meta property=\"og:image\" content=\"https:\/\/videstehnika.lv\/wp-content\/uploads\/2024\/08\/WhatsApp-Image-2025-06-09-at-13.26.18-2-1.jpeg\" \/>\n\t<meta property=\"og:image:width\" content=\"1280\" \/>\n\t<meta property=\"og:image:height\" content=\"720\" \/>\n\t<meta property=\"og:image:type\" content=\"image\/jpeg\" \/>\n<meta name=\"twitter:card\" content=\"summary_large_image\" \/>\n<meta name=\"twitter:label1\" content=\"Est. reading time\" \/>\n\t<meta name=\"twitter:data1\" content=\"1 minut\u0117\" \/>\n<script type=\"application\/ld+json\" class=\"yoast-schema-graph\">{\"@context\":\"https:\/\/schema.org\",\"@graph\":[{\"@type\":\"WebPage\",\"@id\":\"https:\/\/videstehnika.lv\/lt\/katalogs\/naturheld-wall-180-kokskiedras-plaksnes-copy\/\",\"url\":\"https:\/\/videstehnika.lv\/lt\/katalogs\/naturheld-wall-180-kokskiedras-plaksnes-copy\/\",\"name\":\"Kok\u0161\u0137iedras pl\u0101ksnes Naturheld wall 180 &#8226; Vides Tehnika\",\"isPartOf\":{\"@id\":\"https:\/\/videstehnika.lv\/lt\/#website\"},\"primaryImageOfPage\":{\"@id\":\"https:\/\/videstehnika.lv\/lt\/katalogs\/naturheld-wall-180-kokskiedras-plaksnes-copy\/#primaryimage\"},\"image\":{\"@id\":\"https:\/\/videstehnika.lv\/lt\/katalogs\/naturheld-wall-180-kokskiedras-plaksnes-copy\/#primaryimage\"},\"thumbnailUrl\":\"https:\/\/videstehnika.lv\/wp-content\/uploads\/2024\/08\/WhatsApp-Image-2025-06-09-at-13.26.18-2-1.jpeg\",\"datePublished\":\"2024-08-06T12:00:55+00:00\",\"dateModified\":\"2025-06-16T08:35:23+00:00\",\"description\":\"Kok\u0161\u0137iedras pl\u0101ksnes Naturheld wall 180 ir augstas iztur\u012bbas kok\u0161\u0137iedras pl\u0101ksnes un paredz\u0113tas visa veida konstrukciju siltin\u0101\u0161anai.\",\"breadcrumb\":{\"@id\":\"https:\/\/videstehnika.lv\/lt\/katalogs\/naturheld-wall-180-kokskiedras-plaksnes-copy\/#breadcrumb\"},\"inLanguage\":\"lt-LT\",\"potentialAction\":[{\"@type\":\"ReadAction\",\"target\":[\"https:\/\/videstehnika.lv\/lt\/katalogs\/naturheld-wall-180-kokskiedras-plaksnes-copy\/\"]}]},{\"@type\":\"ImageObject\",\"inLanguage\":\"lt-LT\",\"@id\":\"https:\/\/videstehnika.lv\/lt\/katalogs\/naturheld-wall-180-kokskiedras-plaksnes-copy\/#primaryimage\",\"url\":\"https:\/\/videstehnika.lv\/wp-content\/uploads\/2024\/08\/WhatsApp-Image-2025-06-09-at-13.26.18-2-1.jpeg\",\"contentUrl\":\"https:\/\/videstehnika.lv\/wp-content\/uploads\/2024\/08\/WhatsApp-Image-2025-06-09-at-13.26.18-2-1.jpeg\",\"width\":1280,\"height\":720},{\"@type\":\"BreadcrumbList\",\"@id\":\"https:\/\/videstehnika.lv\/lt\/katalogs\/naturheld-wall-180-kokskiedras-plaksnes-copy\/#breadcrumb\",\"itemListElement\":[{\"@type\":\"ListItem\",\"position\":1,\"name\":\"Home\",\"item\":\"https:\/\/videstehnika.lv\/lt\/\"},{\"@type\":\"ListItem\",\"position\":2,\"name\":\"Katalogas\",\"item\":\"https:\/\/videstehnika.lv\/lt\/katalogas\/\"},{\"@type\":\"ListItem\",\"position\":3,\"name\":\"Naturheld 140 N+F kok\u0161\u0137iedras pl\u0101ksne\"}]},{\"@type\":\"WebSite\",\"@id\":\"https:\/\/videstehnika.lv\/lt\/#website\",\"url\":\"https:\/\/videstehnika.lv\/lt\/\",\"name\":\"Vides Tehnika\",\"description\":\"\",\"potentialAction\":[{\"@type\":\"SearchAction\",\"target\":{\"@type\":\"EntryPoint\",\"urlTemplate\":\"https:\/\/videstehnika.lv\/lt\/?s={search_term_string}\"},\"query-input\":{\"@type\":\"PropertyValueSpecification\",\"valueRequired\":true,\"valueName\":\"search_term_string\"}}],\"inLanguage\":\"lt-LT\"}]}<\/script>\n<!-- \/ Yoast SEO plugin. -->","yoast_head_json":{"title":"Kok\u0161\u0137iedras pl\u0101ksnes Naturheld wall 180 &#8226; Vides Tehnika","description":"Kok\u0161\u0137iedras pl\u0101ksnes Naturheld wall 180 ir augstas iztur\u012bbas kok\u0161\u0137iedras pl\u0101ksnes un paredz\u0113tas visa veida konstrukciju siltin\u0101\u0161anai.","robots":{"index":"index","follow":"follow","max-snippet":"max-snippet:-1","max-image-preview":"max-image-preview:large","max-video-preview":"max-video-preview:-1"},"canonical":"https:\/\/videstehnika.lv\/lt\/katalogs\/naturheld-wall-180-kokskiedras-plaksnes-copy\/","og_locale":"lt_LT","og_type":"article","og_title":"Kok\u0161\u0137iedras pl\u0101ksnes Naturheld wall 180 &#8226; Vides Tehnika","og_description":"Kok\u0161\u0137iedras pl\u0101ksnes Naturheld wall 180 ir augstas iztur\u012bbas kok\u0161\u0137iedras pl\u0101ksnes un paredz\u0113tas visa veida konstrukciju siltin\u0101\u0161anai.","og_url":"https:\/\/videstehnika.lv\/lt\/katalogs\/naturheld-wall-180-kokskiedras-plaksnes-copy\/","og_site_name":"Vides Tehnika","article_modified_time":"2025-06-16T08:35:23+00:00","og_image":[{"width":1280,"height":720,"url":"https:\/\/videstehnika.lv\/wp-content\/uploads\/2024\/08\/WhatsApp-Image-2025-06-09-at-13.26.18-2-1.jpeg","type":"image\/jpeg"}],"twitter_card":"summary_large_image","twitter_misc":{"Est. reading time":"1 minut\u0117"},"schema":{"@context":"https:\/\/schema.org","@graph":[{"@type":"WebPage","@id":"https:\/\/videstehnika.lv\/lt\/katalogs\/naturheld-wall-180-kokskiedras-plaksnes-copy\/","url":"https:\/\/videstehnika.lv\/lt\/katalogs\/naturheld-wall-180-kokskiedras-plaksnes-copy\/","name":"Kok\u0161\u0137iedras pl\u0101ksnes Naturheld wall 180 &#8226; Vides Tehnika","isPartOf":{"@id":"https:\/\/videstehnika.lv\/lt\/#website"},"primaryImageOfPage":{"@id":"https:\/\/videstehnika.lv\/lt\/katalogs\/naturheld-wall-180-kokskiedras-plaksnes-copy\/#primaryimage"},"image":{"@id":"https:\/\/videstehnika.lv\/lt\/katalogs\/naturheld-wall-180-kokskiedras-plaksnes-copy\/#primaryimage"},"thumbnailUrl":"https:\/\/videstehnika.lv\/wp-content\/uploads\/2024\/08\/WhatsApp-Image-2025-06-09-at-13.26.18-2-1.jpeg","datePublished":"2024-08-06T12:00:55+00:00","dateModified":"2025-06-16T08:35:23+00:00","description":"Kok\u0161\u0137iedras pl\u0101ksnes Naturheld wall 180 ir augstas iztur\u012bbas kok\u0161\u0137iedras pl\u0101ksnes un paredz\u0113tas visa veida konstrukciju siltin\u0101\u0161anai.","breadcrumb":{"@id":"https:\/\/videstehnika.lv\/lt\/katalogs\/naturheld-wall-180-kokskiedras-plaksnes-copy\/#breadcrumb"},"inLanguage":"lt-LT","potentialAction":[{"@type":"ReadAction","target":["https:\/\/videstehnika.lv\/lt\/katalogs\/naturheld-wall-180-kokskiedras-plaksnes-copy\/"]}]},{"@type":"ImageObject","inLanguage":"lt-LT","@id":"https:\/\/videstehnika.lv\/lt\/katalogs\/naturheld-wall-180-kokskiedras-plaksnes-copy\/#primaryimage","url":"https:\/\/videstehnika.lv\/wp-content\/uploads\/2024\/08\/WhatsApp-Image-2025-06-09-at-13.26.18-2-1.jpeg","contentUrl":"https:\/\/videstehnika.lv\/wp-content\/uploads\/2024\/08\/WhatsApp-Image-2025-06-09-at-13.26.18-2-1.jpeg","width":1280,"height":720},{"@type":"BreadcrumbList","@id":"https:\/\/videstehnika.lv\/lt\/katalogs\/naturheld-wall-180-kokskiedras-plaksnes-copy\/#breadcrumb","itemListElement":[{"@type":"ListItem","position":1,"name":"Home","item":"https:\/\/videstehnika.lv\/lt\/"},{"@type":"ListItem","position":2,"name":"Katalogas","item":"https:\/\/videstehnika.lv\/lt\/katalogas\/"},{"@type":"ListItem","position":3,"name":"Naturheld 140 N+F kok\u0161\u0137iedras pl\u0101ksne"}]},{"@type":"WebSite","@id":"https:\/\/videstehnika.lv\/lt\/#website","url":"https:\/\/videstehnika.lv\/lt\/","name":"Vides Tehnika","description":"","potentialAction":[{"@type":"SearchAction","target":{"@type":"EntryPoint","urlTemplate":"https:\/\/videstehnika.lv\/lt\/?s={search_term_string}"},"query-input":{"@type":"PropertyValueSpecification","valueRequired":true,"valueName":"search_term_string"}}],"inLanguage":"lt-LT"}]}},"_links":{"self":[{"href":"https:\/\/videstehnika.lv\/lt\/wp-json\/wp\/v2\/product\/38366","targetHints":{"allow":["GET"]}}],"collection":[{"href":"https:\/\/videstehnika.lv\/lt\/wp-json\/wp\/v2\/product"}],"about":[{"href":"https:\/\/videstehnika.lv\/lt\/wp-json\/wp\/v2\/types\/product"}],"wp:featuredmedia":[{"embeddable":true,"href":"https:\/\/videstehnika.lv\/lt\/wp-json\/wp\/v2\/media\/64620"}],"wp:attachment":[{"href":"https:\/\/videstehnika.lv\/lt\/wp-json\/wp\/v2\/media?parent=38366"}],"wp:term":[{"taxonomy":"product_cat","embeddable":true,"href":"https:\/\/videstehnika.lv\/lt\/wp-json\/wp\/v2\/product_cat?post=38366"},{"taxonomy":"product_tag","embeddable":true,"href":"https:\/\/videstehnika.lv\/lt\/wp-json\/wp\/v2\/product_tag?post=38366"}],"curies":[{"name":"wp","href":"https:\/\/api.w.org\/{rel}","templated":true}]}}