{"id":4350,"date":"2020-07-14T11:53:34","date_gmt":"2020-07-14T08:53:34","guid":{"rendered":"https:\/\/videstehnika.lv\/?post_type=product&#038;p=4350"},"modified":"2024-07-04T08:46:34","modified_gmt":"2024-07-04T05:46:34","slug":"aukstais-asfalts-bitumaks-25kg","status":"publish","type":"product","link":"https:\/\/videstehnika.lv\/katalogs\/buvmateriali-buvei-remontam-un-ieksdarbiem\/aukstais-asfalts-bitumaks-25kg\/","title":{"rendered":"Aukstais asfalts BITUMAKS 25kg"},"content":{"rendered":"<h2>Aukstais asfalts BITUMAKS 25kg<\/h2>\n<p>Aukstais asfalts \u201cBitumaks\u201d ir frakcion\u0113tu \u0161\u0137embu un speci\u0101li sagatavotas bitumena saistvielas mais\u012bjums, kas paredz\u0113ts ce\u013cu un ielu bedr\u012b\u0161u remontam, ielu salabo\u0161anai p\u0113c veikt\u0101 \u016bdensvada, kanaliz\u0101cijas, sakaru un elektrokabe\u013cu remonta, trotu\u0101ru, iebrauktuvju un celi\u0146u izb\u016bvei.<\/p>\n<h2><strong>Aukst\u0101 asfalta priek\u0161roc\u012bbas<\/strong><\/h2>\n<ul>\n<li>Gatavs iestr\u0101dei aukst\u0101 veid\u0101;<\/li>\n<li>T\u016bl\u012bt p\u0113c iestr\u0101des ir atjaunojama transporta kust\u012bba;<\/li>\n<li>Ilgsto\u0161i uzglab\u0101jams (4-6 m\u0113n.);<\/li>\n<li>Var iestr\u0101d\u0101t ar\u012b v\u0113sos laika apst\u0101k\u013cos (ruden\u012b, ziem\u0101, pavasar\u012b).<\/li>\n<\/ul>\n","protected":false},"excerpt":{"rendered":"<p>Aukstais asfalts BITUMAKS 25kg Aukstais asfalts \u201cBitumaks\u201d ir frakcion\u0113tu \u0161\u0137embu un speci\u0101li sagatavotas bitumena saistvielas mais\u012bjums, kas paredz\u0113ts ce\u013cu un<\/p>\n","protected":false},"featured_media":5825,"template":"","meta":{"_acf_changed":false},"product_cat":[70,99],"product_tag":[],"class_list":{"0":"post-4350","1":"product","2":"type-product","3":"status-publish","4":"has-post-thumbnail","6":"product_cat-buvmateriali-buvei-remontam-un-ieksdarbiem","7":"product_cat-materiali-celam","9":"first","10":"instock","11":"taxable","12":"shipping-taxable","13":"purchasable","14":"product-type-simple"},"acf":[],"yoast_head":"<!-- This site is optimized with the Yoast SEO plugin v24.2 - https:\/\/yoast.com\/wordpress\/plugins\/seo\/ -->\n<title>Aukstais asfalts \u201cBitumaks\u201d ce\u013cu un ielu bedr\u012b\u0161u remontam &#8226; Vides Tehnika<\/title>\n<meta name=\"description\" content=\"Aukstais asfalts \u201cBitumaks\u201d paredz\u0113ts ce\u013cu, ielu bedr\u012b\u0161u remontam, ielu salabo\u0161anai p\u0113c veikt\u0101 \u016bdensvada, kanaliz\u0101cijas, u.c. sakaru izb\u016bves.\" \/>\n<meta name=\"robots\" content=\"index, follow, max-snippet:-1, max-image-preview:large, max-video-preview:-1\" \/>\n<link rel=\"canonical\" href=\"https:\/\/videstehnika.lv\/lt\/katalogs\/buvmateriali-buvei-remontam-un-ieksdarbiem\/aukstais-asfalts-bitumaks-25kg\/\" \/>\n<meta property=\"og:locale\" content=\"lt_LT\" \/>\n<meta property=\"og:type\" content=\"article\" \/>\n<meta property=\"og:title\" content=\"Aukstais asfalts \u201cBitumaks\u201d ce\u013cu un ielu bedr\u012b\u0161u remontam &#8226; Vides Tehnika\" \/>\n<meta property=\"og:description\" content=\"Aukstais asfalts \u201cBitumaks\u201d paredz\u0113ts ce\u013cu, ielu bedr\u012b\u0161u remontam, ielu salabo\u0161anai p\u0113c veikt\u0101 \u016bdensvada, kanaliz\u0101cijas, u.c. sakaru izb\u016bves.\" \/>\n<meta property=\"og:url\" content=\"https:\/\/videstehnika.lv\/katalogs\/buvmateriali-buvei-remontam-un-ieksdarbiem\/aukstais-asfalts-bitumaks-25kg\/\" \/>\n<meta property=\"og:site_name\" content=\"Vides Tehnika\" \/>\n<meta property=\"article:modified_time\" content=\"2024-07-04T05:46:34+00:00\" \/>\n<meta property=\"og:image\" content=\"https:\/\/videstehnika.lv\/wp-content\/uploads\/2020\/07\/72bb7bc68e69c1ad5d94c692be43c090.jpg\" \/>\n\t<meta property=\"og:image:width\" content=\"793\" \/>\n\t<meta property=\"og:image:height\" content=\"793\" \/>\n\t<meta property=\"og:image:type\" content=\"image\/jpeg\" \/>\n<meta name=\"twitter:card\" content=\"summary_large_image\" \/>\n<meta name=\"twitter:label1\" content=\"Est. reading time\" \/>\n\t<meta name=\"twitter:data1\" content=\"1 minut\u0117\" \/>\n<script type=\"application\/ld+json\" class=\"yoast-schema-graph\">{\"@context\":\"https:\/\/schema.org\",\"@graph\":[{\"@type\":\"WebPage\",\"@id\":\"https:\/\/videstehnika.lv\/katalogs\/buvmateriali-buvei-remontam-un-ieksdarbiem\/aukstais-asfalts-bitumaks-25kg\/\",\"url\":\"https:\/\/videstehnika.lv\/katalogs\/buvmateriali-buvei-remontam-un-ieksdarbiem\/aukstais-asfalts-bitumaks-25kg\/\",\"name\":\"Aukstais asfalts \u201cBitumaks\u201d ce\u013cu un ielu bedr\u012b\u0161u remontam &#8226; Vides Tehnika\",\"isPartOf\":{\"@id\":\"https:\/\/videstehnika.lv\/lt\/#website\"},\"primaryImageOfPage\":{\"@id\":\"https:\/\/videstehnika.lv\/katalogs\/buvmateriali-buvei-remontam-un-ieksdarbiem\/aukstais-asfalts-bitumaks-25kg\/#primaryimage\"},\"image\":{\"@id\":\"https:\/\/videstehnika.lv\/katalogs\/buvmateriali-buvei-remontam-un-ieksdarbiem\/aukstais-asfalts-bitumaks-25kg\/#primaryimage\"},\"thumbnailUrl\":\"https:\/\/videstehnika.lv\/wp-content\/uploads\/2020\/07\/72bb7bc68e69c1ad5d94c692be43c090.jpg\",\"datePublished\":\"2020-07-14T08:53:34+00:00\",\"dateModified\":\"2024-07-04T05:46:34+00:00\",\"description\":\"Aukstais asfalts \u201cBitumaks\u201d paredz\u0113ts ce\u013cu, ielu bedr\u012b\u0161u remontam, ielu salabo\u0161anai p\u0113c veikt\u0101 \u016bdensvada, kanaliz\u0101cijas, u.c. sakaru izb\u016bves.\",\"breadcrumb\":{\"@id\":\"https:\/\/videstehnika.lv\/katalogs\/buvmateriali-buvei-remontam-un-ieksdarbiem\/aukstais-asfalts-bitumaks-25kg\/#breadcrumb\"},\"inLanguage\":\"lt-LT\",\"potentialAction\":[{\"@type\":\"ReadAction\",\"target\":[\"https:\/\/videstehnika.lv\/katalogs\/buvmateriali-buvei-remontam-un-ieksdarbiem\/aukstais-asfalts-bitumaks-25kg\/\"]}]},{\"@type\":\"ImageObject\",\"inLanguage\":\"lt-LT\",\"@id\":\"https:\/\/videstehnika.lv\/katalogs\/buvmateriali-buvei-remontam-un-ieksdarbiem\/aukstais-asfalts-bitumaks-25kg\/#primaryimage\",\"url\":\"https:\/\/videstehnika.lv\/wp-content\/uploads\/2020\/07\/72bb7bc68e69c1ad5d94c692be43c090.jpg\",\"contentUrl\":\"https:\/\/videstehnika.lv\/wp-content\/uploads\/2020\/07\/72bb7bc68e69c1ad5d94c692be43c090.jpg\",\"width\":793,\"height\":793,\"caption\":\"Aukstais asfalts \u201cBitumaks\u201d ir frakcion\u0113tu \u0161\u0137embu un speci\u0101li sagatavotas bitumena saistvielas mais\u012bjums, kas paredz\u0113ts ce\u013cu un ielu bedr\u012b\u0161u remontam, ielu salabo\u0161anai p\u0113c veikt\u0101 \u016bdensvada, kanaliz\u0101cijas, sakaru un elektrokabe\u013cu remonta, trotu\u0101ru, iebrauktuvju un celi\u0146u izb\u016bvei.\"},{\"@type\":\"BreadcrumbList\",\"@id\":\"https:\/\/videstehnika.lv\/katalogs\/buvmateriali-buvei-remontam-un-ieksdarbiem\/aukstais-asfalts-bitumaks-25kg\/#breadcrumb\",\"itemListElement\":[{\"@type\":\"ListItem\",\"position\":1,\"name\":\"Home\",\"item\":\"https:\/\/videstehnika.lv\/lt\/\"},{\"@type\":\"ListItem\",\"position\":2,\"name\":\"Katalogas\",\"item\":\"https:\/\/videstehnika.lv\/lt\/katalogas\/\"},{\"@type\":\"ListItem\",\"position\":3,\"name\":\"Aukstais asfalts BITUMAKS 25kg\"}]},{\"@type\":\"WebSite\",\"@id\":\"https:\/\/videstehnika.lv\/lt\/#website\",\"url\":\"https:\/\/videstehnika.lv\/lt\/\",\"name\":\"Vides Tehnika\",\"description\":\"\",\"potentialAction\":[{\"@type\":\"SearchAction\",\"target\":{\"@type\":\"EntryPoint\",\"urlTemplate\":\"https:\/\/videstehnika.lv\/lt\/?s={search_term_string}\"},\"query-input\":{\"@type\":\"PropertyValueSpecification\",\"valueRequired\":true,\"valueName\":\"search_term_string\"}}],\"inLanguage\":\"lt-LT\"}]}<\/script>\n<!-- \/ Yoast SEO plugin. -->","yoast_head_json":{"title":"Aukstais asfalts \u201cBitumaks\u201d ce\u013cu un ielu bedr\u012b\u0161u remontam &#8226; Vides Tehnika","description":"Aukstais asfalts \u201cBitumaks\u201d paredz\u0113ts ce\u013cu, ielu bedr\u012b\u0161u remontam, ielu salabo\u0161anai p\u0113c veikt\u0101 \u016bdensvada, kanaliz\u0101cijas, u.c. sakaru izb\u016bves.","robots":{"index":"index","follow":"follow","max-snippet":"max-snippet:-1","max-image-preview":"max-image-preview:large","max-video-preview":"max-video-preview:-1"},"canonical":"https:\/\/videstehnika.lv\/lt\/katalogs\/buvmateriali-buvei-remontam-un-ieksdarbiem\/aukstais-asfalts-bitumaks-25kg\/","og_locale":"lt_LT","og_type":"article","og_title":"Aukstais asfalts \u201cBitumaks\u201d ce\u013cu un ielu bedr\u012b\u0161u remontam &#8226; Vides Tehnika","og_description":"Aukstais asfalts \u201cBitumaks\u201d paredz\u0113ts ce\u013cu, ielu bedr\u012b\u0161u remontam, ielu salabo\u0161anai p\u0113c veikt\u0101 \u016bdensvada, kanaliz\u0101cijas, u.c. sakaru izb\u016bves.","og_url":"https:\/\/videstehnika.lv\/katalogs\/buvmateriali-buvei-remontam-un-ieksdarbiem\/aukstais-asfalts-bitumaks-25kg\/","og_site_name":"Vides Tehnika","article_modified_time":"2024-07-04T05:46:34+00:00","og_image":[{"width":793,"height":793,"url":"https:\/\/videstehnika.lv\/wp-content\/uploads\/2020\/07\/72bb7bc68e69c1ad5d94c692be43c090.jpg","type":"image\/jpeg"}],"twitter_card":"summary_large_image","twitter_misc":{"Est. reading time":"1 minut\u0117"},"schema":{"@context":"https:\/\/schema.org","@graph":[{"@type":"WebPage","@id":"https:\/\/videstehnika.lv\/katalogs\/buvmateriali-buvei-remontam-un-ieksdarbiem\/aukstais-asfalts-bitumaks-25kg\/","url":"https:\/\/videstehnika.lv\/katalogs\/buvmateriali-buvei-remontam-un-ieksdarbiem\/aukstais-asfalts-bitumaks-25kg\/","name":"Aukstais asfalts \u201cBitumaks\u201d ce\u013cu un ielu bedr\u012b\u0161u remontam &#8226; Vides Tehnika","isPartOf":{"@id":"https:\/\/videstehnika.lv\/lt\/#website"},"primaryImageOfPage":{"@id":"https:\/\/videstehnika.lv\/katalogs\/buvmateriali-buvei-remontam-un-ieksdarbiem\/aukstais-asfalts-bitumaks-25kg\/#primaryimage"},"image":{"@id":"https:\/\/videstehnika.lv\/katalogs\/buvmateriali-buvei-remontam-un-ieksdarbiem\/aukstais-asfalts-bitumaks-25kg\/#primaryimage"},"thumbnailUrl":"https:\/\/videstehnika.lv\/wp-content\/uploads\/2020\/07\/72bb7bc68e69c1ad5d94c692be43c090.jpg","datePublished":"2020-07-14T08:53:34+00:00","dateModified":"2024-07-04T05:46:34+00:00","description":"Aukstais asfalts \u201cBitumaks\u201d paredz\u0113ts ce\u013cu, ielu bedr\u012b\u0161u remontam, ielu salabo\u0161anai p\u0113c veikt\u0101 \u016bdensvada, kanaliz\u0101cijas, u.c. sakaru izb\u016bves.","breadcrumb":{"@id":"https:\/\/videstehnika.lv\/katalogs\/buvmateriali-buvei-remontam-un-ieksdarbiem\/aukstais-asfalts-bitumaks-25kg\/#breadcrumb"},"inLanguage":"lt-LT","potentialAction":[{"@type":"ReadAction","target":["https:\/\/videstehnika.lv\/katalogs\/buvmateriali-buvei-remontam-un-ieksdarbiem\/aukstais-asfalts-bitumaks-25kg\/"]}]},{"@type":"ImageObject","inLanguage":"lt-LT","@id":"https:\/\/videstehnika.lv\/katalogs\/buvmateriali-buvei-remontam-un-ieksdarbiem\/aukstais-asfalts-bitumaks-25kg\/#primaryimage","url":"https:\/\/videstehnika.lv\/wp-content\/uploads\/2020\/07\/72bb7bc68e69c1ad5d94c692be43c090.jpg","contentUrl":"https:\/\/videstehnika.lv\/wp-content\/uploads\/2020\/07\/72bb7bc68e69c1ad5d94c692be43c090.jpg","width":793,"height":793,"caption":"Aukstais asfalts \u201cBitumaks\u201d ir frakcion\u0113tu \u0161\u0137embu un speci\u0101li sagatavotas bitumena saistvielas mais\u012bjums, kas paredz\u0113ts ce\u013cu un ielu bedr\u012b\u0161u remontam, ielu salabo\u0161anai p\u0113c veikt\u0101 \u016bdensvada, kanaliz\u0101cijas, sakaru un elektrokabe\u013cu remonta, trotu\u0101ru, iebrauktuvju un celi\u0146u izb\u016bvei."},{"@type":"BreadcrumbList","@id":"https:\/\/videstehnika.lv\/katalogs\/buvmateriali-buvei-remontam-un-ieksdarbiem\/aukstais-asfalts-bitumaks-25kg\/#breadcrumb","itemListElement":[{"@type":"ListItem","position":1,"name":"Home","item":"https:\/\/videstehnika.lv\/lt\/"},{"@type":"ListItem","position":2,"name":"Katalogas","item":"https:\/\/videstehnika.lv\/lt\/katalogas\/"},{"@type":"ListItem","position":3,"name":"Aukstais asfalts BITUMAKS 25kg"}]},{"@type":"WebSite","@id":"https:\/\/videstehnika.lv\/lt\/#website","url":"https:\/\/videstehnika.lv\/lt\/","name":"Vides Tehnika","description":"","potentialAction":[{"@type":"SearchAction","target":{"@type":"EntryPoint","urlTemplate":"https:\/\/videstehnika.lv\/lt\/?s={search_term_string}"},"query-input":{"@type":"PropertyValueSpecification","valueRequired":true,"valueName":"search_term_string"}}],"inLanguage":"lt-LT"}]}},"_links":{"self":[{"href":"https:\/\/videstehnika.lv\/lt\/wp-json\/wp\/v2\/product\/4350","targetHints":{"allow":["GET"]}}],"collection":[{"href":"https:\/\/videstehnika.lv\/lt\/wp-json\/wp\/v2\/product"}],"about":[{"href":"https:\/\/videstehnika.lv\/lt\/wp-json\/wp\/v2\/types\/product"}],"wp:featuredmedia":[{"embeddable":true,"href":"https:\/\/videstehnika.lv\/lt\/wp-json\/wp\/v2\/media\/5825"}],"wp:attachment":[{"href":"https:\/\/videstehnika.lv\/lt\/wp-json\/wp\/v2\/media?parent=4350"}],"wp:term":[{"taxonomy":"product_cat","embeddable":true,"href":"https:\/\/videstehnika.lv\/lt\/wp-json\/wp\/v2\/product_cat?post=4350"},{"taxonomy":"product_tag","embeddable":true,"href":"https:\/\/videstehnika.lv\/lt\/wp-json\/wp\/v2\/product_tag?post=4350"}],"curies":[{"name":"wp","href":"https:\/\/api.w.org\/{rel}","templated":true}]}}