{"id":45951,"date":"2024-12-04T11:45:52","date_gmt":"2024-12-04T09:45:52","guid":{"rendered":"https:\/\/videstehnika.lv\/?post_type=product&#038;p=45951"},"modified":"2024-12-04T11:48:01","modified_gmt":"2024-12-04T09:48:01","slug":"pretveja-membrana-proofline-wind-100-75m2","status":"publish","type":"product","link":"https:\/\/videstehnika.lv\/katalogs\/celtniecibas-pleves-kontsrukciju-aizsardzibai\/pretveja-membrana-proofline-wind-100-75m2\/","title":{"rendered":"Pretv\u0113ja membr\u0101na ProofLine WIND 100, 75m2"},"content":{"rendered":"<p><strong>ProofLine Wind 100<\/strong><\/p>\n<p>pl\u0113ve sast\u0101v no UV iztur\u012bga polipropil\u0113na auduma.<\/p>\n<p>Pateicoties unik\u0101lajai augsta l\u012bme\u0146a ra\u017eo\u0161anas tehnolo\u0123ijai, tiek ieg\u016bts produkts ar izcil\u0101m \u012bpa\u0161\u012bb\u0101m, kas ir piln\u012bb\u0101 v\u0113ja necaurlaid\u012bgs, bet ar augst\u0101m tvaika caurlaid\u012bbas \u012bpa\u0161\u012bb\u0101m.<\/p>\n<p>Membr\u0101na tiek uzkl\u0101ta tie\u0161i uz izol\u0101cijas materi\u0101la, neatst\u0101jot papildu gaisa spraugu.<\/p>\n<p><strong>Tehniskie dati:<\/strong><\/p>\n<ul>\n<li>Platums: 1,5 m<\/li>\n<li>Garums: 50 m.<\/li>\n<li>Svars: 100gr\/m\u00b2<\/li>\n<li>Garenisk\u0101 stiepes iztur\u012bba: \u2265160 N\/50 mm<\/li>\n<li>\u0160\u0137\u0113rsvirziena stiepes iztur\u012bba: \u2265240 N\/50 mm<\/li>\n<li>\u016adensiztur\u012bba: W3<\/li>\n<li>Uzliesmojam\u012bbas klase: F<\/li>\n<li>UV iztur\u012bba: 4 m\u0113ne\u0161i.<\/li>\n<li>\u016adens tvaiku vad\u012btsp\u0113jas \u012bpa\u0161\u012bbas: Sd = 0,02m<\/li>\n<\/ul>\n","protected":false},"excerpt":{"rendered":"<p>ProofLine Wind 100 pl\u0113ve sast\u0101v no UV iztur\u012bga polipropil\u0113na auduma. Pateicoties unik\u0101lajai augsta l\u012bme\u0146a ra\u017eo\u0161anas tehnolo\u0123ijai, tiek ieg\u016bts produkts ar<\/p>\n","protected":false},"featured_media":45957,"template":"","meta":{"_acf_changed":false},"product_cat":[87,67],"product_tag":[],"class_list":{"0":"post-45951","1":"product","2":"type-product","3":"status-publish","4":"has-post-thumbnail","6":"product_cat-pretveja-membranas","7":"product_cat-celtniecibas-pleves-kontsrukciju-aizsardzibai","9":"first","10":"instock","11":"taxable","12":"shipping-taxable","13":"purchasable","14":"product-type-simple"},"acf":[],"yoast_head":"<!-- This site is optimized with the Yoast SEO plugin v24.2 - https:\/\/yoast.com\/wordpress\/plugins\/seo\/ -->\n<title>Pretv\u0113ja membr\u0101na ProofLine WIND 100, 75m2 &#8226; Vides Tehnika<\/title>\n<meta name=\"robots\" content=\"index, follow, max-snippet:-1, max-image-preview:large, max-video-preview:-1\" \/>\n<link rel=\"canonical\" href=\"https:\/\/videstehnika.lv\/lt\/katalogs\/celtniecibas-pleves-kontsrukciju-aizsardzibai\/pretveja-membrana-proofline-wind-100-75m2\/\" \/>\n<meta property=\"og:locale\" content=\"lt_LT\" \/>\n<meta property=\"og:type\" content=\"article\" \/>\n<meta property=\"og:title\" content=\"Pretv\u0113ja membr\u0101na ProofLine WIND 100, 75m2 &#8226; Vides Tehnika\" \/>\n<meta property=\"og:description\" content=\"ProofLine Wind 100 pl\u0113ve sast\u0101v no UV iztur\u012bga polipropil\u0113na auduma. Pateicoties unik\u0101lajai augsta l\u012bme\u0146a ra\u017eo\u0161anas tehnolo\u0123ijai, tiek ieg\u016bts produkts ar\" \/>\n<meta property=\"og:url\" content=\"https:\/\/videstehnika.lv\/katalogs\/celtniecibas-pleves-kontsrukciju-aizsardzibai\/pretveja-membrana-proofline-wind-100-75m2\/\" \/>\n<meta property=\"og:site_name\" content=\"Vides Tehnika\" \/>\n<meta property=\"article:modified_time\" content=\"2024-12-04T09:48:01+00:00\" \/>\n<meta property=\"og:image\" content=\"https:\/\/videstehnika.lv\/wp-content\/uploads\/2024\/12\/2126995397.jpg\" \/>\n\t<meta property=\"og:image:width\" content=\"400\" \/>\n\t<meta property=\"og:image:height\" content=\"400\" \/>\n\t<meta property=\"og:image:type\" content=\"image\/jpeg\" \/>\n<meta name=\"twitter:card\" content=\"summary_large_image\" \/>\n<meta name=\"twitter:label1\" content=\"Est. reading time\" \/>\n\t<meta name=\"twitter:data1\" content=\"1 minut\u0117\" \/>\n<script type=\"application\/ld+json\" class=\"yoast-schema-graph\">{\"@context\":\"https:\/\/schema.org\",\"@graph\":[{\"@type\":\"WebPage\",\"@id\":\"https:\/\/videstehnika.lv\/katalogs\/celtniecibas-pleves-kontsrukciju-aizsardzibai\/pretveja-membrana-proofline-wind-100-75m2\/\",\"url\":\"https:\/\/videstehnika.lv\/katalogs\/celtniecibas-pleves-kontsrukciju-aizsardzibai\/pretveja-membrana-proofline-wind-100-75m2\/\",\"name\":\"Pretv\u0113ja membr\u0101na ProofLine WIND 100, 75m2 &#8226; Vides Tehnika\",\"isPartOf\":{\"@id\":\"https:\/\/videstehnika.lv\/lt\/#website\"},\"primaryImageOfPage\":{\"@id\":\"https:\/\/videstehnika.lv\/katalogs\/celtniecibas-pleves-kontsrukciju-aizsardzibai\/pretveja-membrana-proofline-wind-100-75m2\/#primaryimage\"},\"image\":{\"@id\":\"https:\/\/videstehnika.lv\/katalogs\/celtniecibas-pleves-kontsrukciju-aizsardzibai\/pretveja-membrana-proofline-wind-100-75m2\/#primaryimage\"},\"thumbnailUrl\":\"https:\/\/videstehnika.lv\/wp-content\/uploads\/2024\/12\/2126995397.jpg\",\"datePublished\":\"2024-12-04T09:45:52+00:00\",\"dateModified\":\"2024-12-04T09:48:01+00:00\",\"breadcrumb\":{\"@id\":\"https:\/\/videstehnika.lv\/katalogs\/celtniecibas-pleves-kontsrukciju-aizsardzibai\/pretveja-membrana-proofline-wind-100-75m2\/#breadcrumb\"},\"inLanguage\":\"lt-LT\",\"potentialAction\":[{\"@type\":\"ReadAction\",\"target\":[\"https:\/\/videstehnika.lv\/katalogs\/celtniecibas-pleves-kontsrukciju-aizsardzibai\/pretveja-membrana-proofline-wind-100-75m2\/\"]}]},{\"@type\":\"ImageObject\",\"inLanguage\":\"lt-LT\",\"@id\":\"https:\/\/videstehnika.lv\/katalogs\/celtniecibas-pleves-kontsrukciju-aizsardzibai\/pretveja-membrana-proofline-wind-100-75m2\/#primaryimage\",\"url\":\"https:\/\/videstehnika.lv\/wp-content\/uploads\/2024\/12\/2126995397.jpg\",\"contentUrl\":\"https:\/\/videstehnika.lv\/wp-content\/uploads\/2024\/12\/2126995397.jpg\",\"width\":400,\"height\":400},{\"@type\":\"BreadcrumbList\",\"@id\":\"https:\/\/videstehnika.lv\/katalogs\/celtniecibas-pleves-kontsrukciju-aizsardzibai\/pretveja-membrana-proofline-wind-100-75m2\/#breadcrumb\",\"itemListElement\":[{\"@type\":\"ListItem\",\"position\":1,\"name\":\"Home\",\"item\":\"https:\/\/videstehnika.lv\/lt\/\"},{\"@type\":\"ListItem\",\"position\":2,\"name\":\"Katalogas\",\"item\":\"https:\/\/videstehnika.lv\/lt\/katalogas\/\"},{\"@type\":\"ListItem\",\"position\":3,\"name\":\"Pretv\u0113ja membr\u0101na ProofLine WIND 100, 75m2\"}]},{\"@type\":\"WebSite\",\"@id\":\"https:\/\/videstehnika.lv\/lt\/#website\",\"url\":\"https:\/\/videstehnika.lv\/lt\/\",\"name\":\"Vides Tehnika\",\"description\":\"\",\"potentialAction\":[{\"@type\":\"SearchAction\",\"target\":{\"@type\":\"EntryPoint\",\"urlTemplate\":\"https:\/\/videstehnika.lv\/lt\/?s={search_term_string}\"},\"query-input\":{\"@type\":\"PropertyValueSpecification\",\"valueRequired\":true,\"valueName\":\"search_term_string\"}}],\"inLanguage\":\"lt-LT\"}]}<\/script>\n<!-- \/ Yoast SEO plugin. -->","yoast_head_json":{"title":"Pretv\u0113ja membr\u0101na ProofLine WIND 100, 75m2 &#8226; Vides Tehnika","robots":{"index":"index","follow":"follow","max-snippet":"max-snippet:-1","max-image-preview":"max-image-preview:large","max-video-preview":"max-video-preview:-1"},"canonical":"https:\/\/videstehnika.lv\/lt\/katalogs\/celtniecibas-pleves-kontsrukciju-aizsardzibai\/pretveja-membrana-proofline-wind-100-75m2\/","og_locale":"lt_LT","og_type":"article","og_title":"Pretv\u0113ja membr\u0101na ProofLine WIND 100, 75m2 &#8226; Vides Tehnika","og_description":"ProofLine Wind 100 pl\u0113ve sast\u0101v no UV iztur\u012bga polipropil\u0113na auduma. Pateicoties unik\u0101lajai augsta l\u012bme\u0146a ra\u017eo\u0161anas tehnolo\u0123ijai, tiek ieg\u016bts produkts ar","og_url":"https:\/\/videstehnika.lv\/katalogs\/celtniecibas-pleves-kontsrukciju-aizsardzibai\/pretveja-membrana-proofline-wind-100-75m2\/","og_site_name":"Vides Tehnika","article_modified_time":"2024-12-04T09:48:01+00:00","og_image":[{"width":400,"height":400,"url":"https:\/\/videstehnika.lv\/wp-content\/uploads\/2024\/12\/2126995397.jpg","type":"image\/jpeg"}],"twitter_card":"summary_large_image","twitter_misc":{"Est. reading time":"1 minut\u0117"},"schema":{"@context":"https:\/\/schema.org","@graph":[{"@type":"WebPage","@id":"https:\/\/videstehnika.lv\/katalogs\/celtniecibas-pleves-kontsrukciju-aizsardzibai\/pretveja-membrana-proofline-wind-100-75m2\/","url":"https:\/\/videstehnika.lv\/katalogs\/celtniecibas-pleves-kontsrukciju-aizsardzibai\/pretveja-membrana-proofline-wind-100-75m2\/","name":"Pretv\u0113ja membr\u0101na ProofLine WIND 100, 75m2 &#8226; Vides Tehnika","isPartOf":{"@id":"https:\/\/videstehnika.lv\/lt\/#website"},"primaryImageOfPage":{"@id":"https:\/\/videstehnika.lv\/katalogs\/celtniecibas-pleves-kontsrukciju-aizsardzibai\/pretveja-membrana-proofline-wind-100-75m2\/#primaryimage"},"image":{"@id":"https:\/\/videstehnika.lv\/katalogs\/celtniecibas-pleves-kontsrukciju-aizsardzibai\/pretveja-membrana-proofline-wind-100-75m2\/#primaryimage"},"thumbnailUrl":"https:\/\/videstehnika.lv\/wp-content\/uploads\/2024\/12\/2126995397.jpg","datePublished":"2024-12-04T09:45:52+00:00","dateModified":"2024-12-04T09:48:01+00:00","breadcrumb":{"@id":"https:\/\/videstehnika.lv\/katalogs\/celtniecibas-pleves-kontsrukciju-aizsardzibai\/pretveja-membrana-proofline-wind-100-75m2\/#breadcrumb"},"inLanguage":"lt-LT","potentialAction":[{"@type":"ReadAction","target":["https:\/\/videstehnika.lv\/katalogs\/celtniecibas-pleves-kontsrukciju-aizsardzibai\/pretveja-membrana-proofline-wind-100-75m2\/"]}]},{"@type":"ImageObject","inLanguage":"lt-LT","@id":"https:\/\/videstehnika.lv\/katalogs\/celtniecibas-pleves-kontsrukciju-aizsardzibai\/pretveja-membrana-proofline-wind-100-75m2\/#primaryimage","url":"https:\/\/videstehnika.lv\/wp-content\/uploads\/2024\/12\/2126995397.jpg","contentUrl":"https:\/\/videstehnika.lv\/wp-content\/uploads\/2024\/12\/2126995397.jpg","width":400,"height":400},{"@type":"BreadcrumbList","@id":"https:\/\/videstehnika.lv\/katalogs\/celtniecibas-pleves-kontsrukciju-aizsardzibai\/pretveja-membrana-proofline-wind-100-75m2\/#breadcrumb","itemListElement":[{"@type":"ListItem","position":1,"name":"Home","item":"https:\/\/videstehnika.lv\/lt\/"},{"@type":"ListItem","position":2,"name":"Katalogas","item":"https:\/\/videstehnika.lv\/lt\/katalogas\/"},{"@type":"ListItem","position":3,"name":"Pretv\u0113ja membr\u0101na ProofLine WIND 100, 75m2"}]},{"@type":"WebSite","@id":"https:\/\/videstehnika.lv\/lt\/#website","url":"https:\/\/videstehnika.lv\/lt\/","name":"Vides Tehnika","description":"","potentialAction":[{"@type":"SearchAction","target":{"@type":"EntryPoint","urlTemplate":"https:\/\/videstehnika.lv\/lt\/?s={search_term_string}"},"query-input":{"@type":"PropertyValueSpecification","valueRequired":true,"valueName":"search_term_string"}}],"inLanguage":"lt-LT"}]}},"_links":{"self":[{"href":"https:\/\/videstehnika.lv\/lt\/wp-json\/wp\/v2\/product\/45951","targetHints":{"allow":["GET"]}}],"collection":[{"href":"https:\/\/videstehnika.lv\/lt\/wp-json\/wp\/v2\/product"}],"about":[{"href":"https:\/\/videstehnika.lv\/lt\/wp-json\/wp\/v2\/types\/product"}],"wp:featuredmedia":[{"embeddable":true,"href":"https:\/\/videstehnika.lv\/lt\/wp-json\/wp\/v2\/media\/45957"}],"wp:attachment":[{"href":"https:\/\/videstehnika.lv\/lt\/wp-json\/wp\/v2\/media?parent=45951"}],"wp:term":[{"taxonomy":"product_cat","embeddable":true,"href":"https:\/\/videstehnika.lv\/lt\/wp-json\/wp\/v2\/product_cat?post=45951"},{"taxonomy":"product_tag","embeddable":true,"href":"https:\/\/videstehnika.lv\/lt\/wp-json\/wp\/v2\/product_tag?post=45951"}],"curies":[{"name":"wp","href":"https:\/\/api.w.org\/{rel}","templated":true}]}}