{"id":59700,"date":"2025-05-14T11:47:29","date_gmt":"2025-05-14T08:47:29","guid":{"rendered":"https:\/\/videstehnika.lv\/?post_type=product&#038;p=59700"},"modified":"2025-05-14T13:01:40","modified_gmt":"2025-05-14T10:01:40","slug":"gipskartons-knauf-white-gkb-hrak","status":"publish","type":"product","link":"https:\/\/videstehnika.lv\/katalogs\/buvmateriali-buvei-remontam-un-ieksdarbiem\/gipskartons-knauf-white-gkb-hrak\/","title":{"rendered":"\u0122IP\u0160KARTONS KNAUF WHITE (GKB) HRAK"},"content":{"rendered":"<h4>\u0122ip\u0161kartons Knauf WHITE (GKB) HRAK 1.2&#215;2.6 m, 12.5 mm:<\/h4>\n<p>Standarta \u0123ip\u0161a pl\u0101ksnes White GKB pielieto k\u0101 ap\u0161uvuma pl\u0101ksnes vis\u0101s saus\u0101s b\u016bves konstrukcij\u0101s. T\u0101s ir daudzveid\u012bgi izmantojamas pl\u0101ksnes sienu un griestu ap\u0161\u016b\u0161anai un starpsienu mont\u0101\u017eai. Standarta \u0123ip\u0161a pl\u0101ksnes ir viegli un \u0101tri mont\u0113jama, uzlabo telpas ugunsdro\u0161\u012bbu, k\u0101 ar\u012b ska\u0146as izol\u0101ciju. Nodro\u0161ina uguns iztur\u012bbu starpsien\u0101m l\u012bdz EI30.<\/p>\n<p>Izstr\u0101de notiek saska\u0146\u0101 ar attiec\u012bgajiem standartiem, un attiec\u012bgo Knauf sist\u0113mu tehniskajiem bukletiem. Piem\u0113rot\u0101kie apk\u0101rt\u0113j\u0101s vides apst\u0101k\u013ci darbam ar \u0123ip\u0161a pl\u0101ksn\u0113m: relat\u012bvais mitrums no 40 l\u012bdz 80% un istabas temperat\u016bra virs + 5 \u00b0 C.<\/p>\n<p><strong>Sist\u0113mas:<\/strong><\/p>\n<ul>\n<li>Griestu ap\u0161\u016b\u0161ana un piekaramie griesti;<\/li>\n<li>Mansardu izb\u016bve;<\/li>\n<li>Met\u0101la karkasa starpsienas;<\/li>\n<li>Koka karkasa starpsienas;<\/li>\n<li>Koka karkasa pane\u013ci;<\/li>\n<li>Sienu ap\u0161\u016b\u0161ana;<\/li>\n<li>Sausais apmetums.<\/li>\n<\/ul>\n","protected":false},"excerpt":{"rendered":"<p>\u0122ip\u0161kartons Knauf WHITE (GKB) HRAK 1.2&#215;2.6 m, 12.5 mm: Standarta \u0123ip\u0161a pl\u0101ksnes White GKB pielieto k\u0101 ap\u0161uvuma pl\u0101ksnes vis\u0101s saus\u0101s<\/p>\n","protected":false},"featured_media":59711,"template":"","meta":{"_acf_changed":false},"product_cat":[70,100],"product_tag":[],"class_list":{"0":"post-59700","1":"product","2":"type-product","3":"status-publish","4":"has-post-thumbnail","6":"product_cat-buvmateriali-buvei-remontam-un-ieksdarbiem","7":"product_cat-regipsis","9":"first","10":"instock","11":"taxable","12":"shipping-taxable","13":"purchasable","14":"product-type-variable"},"acf":[],"yoast_head":"<!-- This site is optimized with the Yoast SEO plugin v24.2 - https:\/\/yoast.com\/wordpress\/plugins\/seo\/ -->\n<title>\u0122IP\u0160KARTONS KNAUF WHITE (GKB) HRAK &#8226; Vides Tehnika<\/title>\n<meta name=\"robots\" content=\"index, follow, max-snippet:-1, max-image-preview:large, max-video-preview:-1\" \/>\n<link rel=\"canonical\" href=\"https:\/\/videstehnika.lv\/lt\/katalogs\/buvmateriali-buvei-remontam-un-ieksdarbiem\/gipskartons-knauf-white-gkb-hrak\/\" \/>\n<meta property=\"og:locale\" content=\"lt_LT\" \/>\n<meta property=\"og:type\" content=\"article\" \/>\n<meta property=\"og:title\" content=\"\u0122IP\u0160KARTONS KNAUF WHITE (GKB) HRAK &#8226; Vides Tehnika\" \/>\n<meta property=\"og:description\" content=\"\u0122ip\u0161kartons Knauf WHITE (GKB) HRAK 1.2&#215;2.6 m, 12.5 mm: Standarta \u0123ip\u0161a pl\u0101ksnes White GKB pielieto k\u0101 ap\u0161uvuma pl\u0101ksnes vis\u0101s saus\u0101s\" \/>\n<meta property=\"og:url\" content=\"https:\/\/videstehnika.lv\/katalogs\/buvmateriali-buvei-remontam-un-ieksdarbiem\/gipskartons-knauf-white-gkb-hrak\/\" \/>\n<meta property=\"og:site_name\" content=\"Vides Tehnika\" \/>\n<meta property=\"article:modified_time\" content=\"2025-05-14T10:01:40+00:00\" \/>\n<meta property=\"og:image\" content=\"https:\/\/videstehnika.lv\/wp-content\/uploads\/2025\/05\/knauf_white_gkb_.webp\" \/>\n\t<meta property=\"og:image:width\" content=\"573\" \/>\n\t<meta property=\"og:image:height\" content=\"573\" \/>\n\t<meta property=\"og:image:type\" content=\"image\/webp\" \/>\n<meta name=\"twitter:card\" content=\"summary_large_image\" \/>\n<meta name=\"twitter:label1\" content=\"Est. reading time\" \/>\n\t<meta name=\"twitter:data1\" content=\"1 minut\u0117\" \/>\n<script type=\"application\/ld+json\" class=\"yoast-schema-graph\">{\"@context\":\"https:\/\/schema.org\",\"@graph\":[{\"@type\":\"WebPage\",\"@id\":\"https:\/\/videstehnika.lv\/katalogs\/buvmateriali-buvei-remontam-un-ieksdarbiem\/gipskartons-knauf-white-gkb-hrak\/\",\"url\":\"https:\/\/videstehnika.lv\/katalogs\/buvmateriali-buvei-remontam-un-ieksdarbiem\/gipskartons-knauf-white-gkb-hrak\/\",\"name\":\"\u0122IP\u0160KARTONS KNAUF WHITE (GKB) HRAK &#8226; Vides Tehnika\",\"isPartOf\":{\"@id\":\"https:\/\/videstehnika.lv\/lt\/#website\"},\"primaryImageOfPage\":{\"@id\":\"https:\/\/videstehnika.lv\/katalogs\/buvmateriali-buvei-remontam-un-ieksdarbiem\/gipskartons-knauf-white-gkb-hrak\/#primaryimage\"},\"image\":{\"@id\":\"https:\/\/videstehnika.lv\/katalogs\/buvmateriali-buvei-remontam-un-ieksdarbiem\/gipskartons-knauf-white-gkb-hrak\/#primaryimage\"},\"thumbnailUrl\":\"https:\/\/videstehnika.lv\/wp-content\/uploads\/2025\/05\/knauf_white_gkb_.webp\",\"datePublished\":\"2025-05-14T08:47:29+00:00\",\"dateModified\":\"2025-05-14T10:01:40+00:00\",\"breadcrumb\":{\"@id\":\"https:\/\/videstehnika.lv\/katalogs\/buvmateriali-buvei-remontam-un-ieksdarbiem\/gipskartons-knauf-white-gkb-hrak\/#breadcrumb\"},\"inLanguage\":\"lt-LT\",\"potentialAction\":[{\"@type\":\"ReadAction\",\"target\":[\"https:\/\/videstehnika.lv\/katalogs\/buvmateriali-buvei-remontam-un-ieksdarbiem\/gipskartons-knauf-white-gkb-hrak\/\"]}]},{\"@type\":\"ImageObject\",\"inLanguage\":\"lt-LT\",\"@id\":\"https:\/\/videstehnika.lv\/katalogs\/buvmateriali-buvei-remontam-un-ieksdarbiem\/gipskartons-knauf-white-gkb-hrak\/#primaryimage\",\"url\":\"https:\/\/videstehnika.lv\/wp-content\/uploads\/2025\/05\/knauf_white_gkb_.webp\",\"contentUrl\":\"https:\/\/videstehnika.lv\/wp-content\/uploads\/2025\/05\/knauf_white_gkb_.webp\",\"width\":573,\"height\":573},{\"@type\":\"BreadcrumbList\",\"@id\":\"https:\/\/videstehnika.lv\/katalogs\/buvmateriali-buvei-remontam-un-ieksdarbiem\/gipskartons-knauf-white-gkb-hrak\/#breadcrumb\",\"itemListElement\":[{\"@type\":\"ListItem\",\"position\":1,\"name\":\"Home\",\"item\":\"https:\/\/videstehnika.lv\/lt\/\"},{\"@type\":\"ListItem\",\"position\":2,\"name\":\"Katalogas\",\"item\":\"https:\/\/videstehnika.lv\/lt\/katalogas\/\"},{\"@type\":\"ListItem\",\"position\":3,\"name\":\"\u0122IP\u0160KARTONS KNAUF WHITE (GKB) HRAK\"}]},{\"@type\":\"WebSite\",\"@id\":\"https:\/\/videstehnika.lv\/lt\/#website\",\"url\":\"https:\/\/videstehnika.lv\/lt\/\",\"name\":\"Vides Tehnika\",\"description\":\"\",\"potentialAction\":[{\"@type\":\"SearchAction\",\"target\":{\"@type\":\"EntryPoint\",\"urlTemplate\":\"https:\/\/videstehnika.lv\/lt\/?s={search_term_string}\"},\"query-input\":{\"@type\":\"PropertyValueSpecification\",\"valueRequired\":true,\"valueName\":\"search_term_string\"}}],\"inLanguage\":\"lt-LT\"}]}<\/script>\n<!-- \/ Yoast SEO plugin. -->","yoast_head_json":{"title":"\u0122IP\u0160KARTONS KNAUF WHITE (GKB) HRAK &#8226; Vides Tehnika","robots":{"index":"index","follow":"follow","max-snippet":"max-snippet:-1","max-image-preview":"max-image-preview:large","max-video-preview":"max-video-preview:-1"},"canonical":"https:\/\/videstehnika.lv\/lt\/katalogs\/buvmateriali-buvei-remontam-un-ieksdarbiem\/gipskartons-knauf-white-gkb-hrak\/","og_locale":"lt_LT","og_type":"article","og_title":"\u0122IP\u0160KARTONS KNAUF WHITE (GKB) HRAK &#8226; Vides Tehnika","og_description":"\u0122ip\u0161kartons Knauf WHITE (GKB) HRAK 1.2&#215;2.6 m, 12.5 mm: Standarta \u0123ip\u0161a pl\u0101ksnes White GKB pielieto k\u0101 ap\u0161uvuma pl\u0101ksnes vis\u0101s saus\u0101s","og_url":"https:\/\/videstehnika.lv\/katalogs\/buvmateriali-buvei-remontam-un-ieksdarbiem\/gipskartons-knauf-white-gkb-hrak\/","og_site_name":"Vides Tehnika","article_modified_time":"2025-05-14T10:01:40+00:00","og_image":[{"width":573,"height":573,"url":"https:\/\/videstehnika.lv\/wp-content\/uploads\/2025\/05\/knauf_white_gkb_.webp","type":"image\/webp"}],"twitter_card":"summary_large_image","twitter_misc":{"Est. reading time":"1 minut\u0117"},"schema":{"@context":"https:\/\/schema.org","@graph":[{"@type":"WebPage","@id":"https:\/\/videstehnika.lv\/katalogs\/buvmateriali-buvei-remontam-un-ieksdarbiem\/gipskartons-knauf-white-gkb-hrak\/","url":"https:\/\/videstehnika.lv\/katalogs\/buvmateriali-buvei-remontam-un-ieksdarbiem\/gipskartons-knauf-white-gkb-hrak\/","name":"\u0122IP\u0160KARTONS KNAUF WHITE (GKB) HRAK &#8226; Vides Tehnika","isPartOf":{"@id":"https:\/\/videstehnika.lv\/lt\/#website"},"primaryImageOfPage":{"@id":"https:\/\/videstehnika.lv\/katalogs\/buvmateriali-buvei-remontam-un-ieksdarbiem\/gipskartons-knauf-white-gkb-hrak\/#primaryimage"},"image":{"@id":"https:\/\/videstehnika.lv\/katalogs\/buvmateriali-buvei-remontam-un-ieksdarbiem\/gipskartons-knauf-white-gkb-hrak\/#primaryimage"},"thumbnailUrl":"https:\/\/videstehnika.lv\/wp-content\/uploads\/2025\/05\/knauf_white_gkb_.webp","datePublished":"2025-05-14T08:47:29+00:00","dateModified":"2025-05-14T10:01:40+00:00","breadcrumb":{"@id":"https:\/\/videstehnika.lv\/katalogs\/buvmateriali-buvei-remontam-un-ieksdarbiem\/gipskartons-knauf-white-gkb-hrak\/#breadcrumb"},"inLanguage":"lt-LT","potentialAction":[{"@type":"ReadAction","target":["https:\/\/videstehnika.lv\/katalogs\/buvmateriali-buvei-remontam-un-ieksdarbiem\/gipskartons-knauf-white-gkb-hrak\/"]}]},{"@type":"ImageObject","inLanguage":"lt-LT","@id":"https:\/\/videstehnika.lv\/katalogs\/buvmateriali-buvei-remontam-un-ieksdarbiem\/gipskartons-knauf-white-gkb-hrak\/#primaryimage","url":"https:\/\/videstehnika.lv\/wp-content\/uploads\/2025\/05\/knauf_white_gkb_.webp","contentUrl":"https:\/\/videstehnika.lv\/wp-content\/uploads\/2025\/05\/knauf_white_gkb_.webp","width":573,"height":573},{"@type":"BreadcrumbList","@id":"https:\/\/videstehnika.lv\/katalogs\/buvmateriali-buvei-remontam-un-ieksdarbiem\/gipskartons-knauf-white-gkb-hrak\/#breadcrumb","itemListElement":[{"@type":"ListItem","position":1,"name":"Home","item":"https:\/\/videstehnika.lv\/lt\/"},{"@type":"ListItem","position":2,"name":"Katalogas","item":"https:\/\/videstehnika.lv\/lt\/katalogas\/"},{"@type":"ListItem","position":3,"name":"\u0122IP\u0160KARTONS KNAUF WHITE (GKB) HRAK"}]},{"@type":"WebSite","@id":"https:\/\/videstehnika.lv\/lt\/#website","url":"https:\/\/videstehnika.lv\/lt\/","name":"Vides Tehnika","description":"","potentialAction":[{"@type":"SearchAction","target":{"@type":"EntryPoint","urlTemplate":"https:\/\/videstehnika.lv\/lt\/?s={search_term_string}"},"query-input":{"@type":"PropertyValueSpecification","valueRequired":true,"valueName":"search_term_string"}}],"inLanguage":"lt-LT"}]}},"_links":{"self":[{"href":"https:\/\/videstehnika.lv\/lt\/wp-json\/wp\/v2\/product\/59700","targetHints":{"allow":["GET"]}}],"collection":[{"href":"https:\/\/videstehnika.lv\/lt\/wp-json\/wp\/v2\/product"}],"about":[{"href":"https:\/\/videstehnika.lv\/lt\/wp-json\/wp\/v2\/types\/product"}],"wp:featuredmedia":[{"embeddable":true,"href":"https:\/\/videstehnika.lv\/lt\/wp-json\/wp\/v2\/media\/59711"}],"wp:attachment":[{"href":"https:\/\/videstehnika.lv\/lt\/wp-json\/wp\/v2\/media?parent=59700"}],"wp:term":[{"taxonomy":"product_cat","embeddable":true,"href":"https:\/\/videstehnika.lv\/lt\/wp-json\/wp\/v2\/product_cat?post=59700"},{"taxonomy":"product_tag","embeddable":true,"href":"https:\/\/videstehnika.lv\/lt\/wp-json\/wp\/v2\/product_tag?post=59700"}],"curies":[{"name":"wp","href":"https:\/\/api.w.org\/{rel}","templated":true}]}}