{"id":59718,"date":"2025-05-14T12:53:54","date_gmt":"2025-05-14T09:53:54","guid":{"rendered":"https:\/\/videstehnika.lv\/?post_type=product&#038;p=59718"},"modified":"2025-05-14T12:59:41","modified_gmt":"2025-05-14T09:59:41","slug":"mitrumizturigs-regipsis-gipskartons-knauf-green-gkbi","status":"publish","type":"product","link":"https:\/\/videstehnika.lv\/katalogs\/buvmateriali-buvei-remontam-un-ieksdarbiem\/mitrumizturigs-regipsis-gipskartons-knauf-green-gkbi\/","title":{"rendered":"Mitrumiztur\u012bgs Re\u0123ipsis (\u0122ip\u0161kartons) Knauf Green (GKBI)"},"content":{"rendered":"<p><strong>Knauf GREEN (GKBI)<\/strong>\u00a0ir impregn\u0113ta \u0123ip\u0161kartona pl\u0101ksne &#8211; Telp\u0101m, kur\u0101s ir paaugstin\u0101ts gaisa mitrums un \u016bdens iedarb\u012bba, piem\u0113ram, vannas istab\u0101m, du\u0161as telp\u0101m, atsevi\u0161\u0137\u0101m virtuves da\u013c\u0101m, priek\u0161namiem, k\u0101 ar\u012b logu ail\u0113m, ir paredz\u0113tas mitrumiztur\u012bg\u0101s Knauf \u0123ip\u0161kartona pl\u0101ksnes ar za\u013co kartona p\u0101rkl\u0101jumu. Pl\u0101ksnes sast\u0101vs kav\u0113 mitruma uzs\u016bk\u0161an\u0101s procesu, un tai ir \u012bpa\u0161a notur\u012bba pret pel\u0113juma s\u0113n\u012bti.<\/p>\n<hr \/>\n<p>Iev\u0113ro:<\/p>\n<ul>\n<li>Ja virsmu ir paredz\u0113ts fl\u012bz\u0113t, ieteicams att\u0101lumu starp stat\u0146iem samazin\u0101t l\u012bdz 40 cm, vai pl\u0101ksnes likt div\u0101s k\u0101rt\u0101s, tad sienas konstrukcija b\u016bs stabil\u0101ka.<\/li>\n<li>Viet\u0101s, kur ir tie\u0161a \u016bdens ietekme, piem\u0113ram, du\u0161as telpas, papildus j\u0101izmanto hidroizol\u0101cija Knauf Fl\u00e4chendicht.<\/li>\n<li>\u0122ip\u0161kartona pl\u0101k\u0161\u0146u \u0161uvju \u0161paktel\u0113\u0161anai telp\u0101s ar paaugstin\u0101tu mitrumu izmanto Knauf Uniflott impr\u00e4gniert.<\/li>\n<li>Pirms fl\u012bz\u0113\u0161anas, ja neizmanto hidroizol\u0101ciju, virsma j\u0101grunt\u0113 ar Knauf Tiefengrund.<\/li>\n<li>Izmantojot Knauf GREEN griestiem, ieteicams samazin\u0101t soli starp profiliem.<\/li>\n<\/ul>\n","protected":false},"excerpt":{"rendered":"<p>Knauf GREEN (GKBI)\u00a0ir impregn\u0113ta \u0123ip\u0161kartona pl\u0101ksne &#8211; Telp\u0101m, kur\u0101s ir paaugstin\u0101ts gaisa mitrums un \u016bdens iedarb\u012bba, piem\u0113ram, vannas istab\u0101m, du\u0161as<\/p>\n","protected":false},"featured_media":59723,"template":"","meta":{"_acf_changed":false},"product_cat":[70,100],"product_tag":[],"class_list":{"0":"post-59718","1":"product","2":"type-product","3":"status-publish","4":"has-post-thumbnail","6":"product_cat-buvmateriali-buvei-remontam-un-ieksdarbiem","7":"product_cat-regipsis","9":"first","10":"instock","11":"taxable","12":"shipping-taxable","13":"purchasable","14":"product-type-variable"},"acf":[],"yoast_head":"<!-- This site is optimized with the Yoast SEO plugin v24.2 - https:\/\/yoast.com\/wordpress\/plugins\/seo\/ -->\n<title>Mitrumiztur\u012bgs Re\u0123ipsis (\u0122ip\u0161kartons) Knauf Green (GKBI) &#8226; Vides Tehnika<\/title>\n<meta name=\"robots\" content=\"index, follow, max-snippet:-1, max-image-preview:large, max-video-preview:-1\" \/>\n<link rel=\"canonical\" href=\"https:\/\/videstehnika.lv\/lt\/katalogs\/buvmateriali-buvei-remontam-un-ieksdarbiem\/mitrumizturigs-regipsis-gipskartons-knauf-green-gkbi\/\" \/>\n<meta property=\"og:locale\" content=\"lt_LT\" \/>\n<meta property=\"og:type\" content=\"article\" \/>\n<meta property=\"og:title\" content=\"Mitrumiztur\u012bgs Re\u0123ipsis (\u0122ip\u0161kartons) Knauf Green (GKBI) &#8226; Vides Tehnika\" \/>\n<meta property=\"og:description\" content=\"Knauf GREEN (GKBI)\u00a0ir impregn\u0113ta \u0123ip\u0161kartona pl\u0101ksne &#8211; Telp\u0101m, kur\u0101s ir paaugstin\u0101ts gaisa mitrums un \u016bdens iedarb\u012bba, piem\u0113ram, vannas istab\u0101m, du\u0161as\" \/>\n<meta property=\"og:url\" content=\"https:\/\/videstehnika.lv\/katalogs\/buvmateriali-buvei-remontam-un-ieksdarbiem\/mitrumizturigs-regipsis-gipskartons-knauf-green-gkbi\/\" \/>\n<meta property=\"og:site_name\" content=\"Vides Tehnika\" \/>\n<meta property=\"article:modified_time\" content=\"2025-05-14T09:59:41+00:00\" \/>\n<meta property=\"og:image\" content=\"https:\/\/videstehnika.lv\/wp-content\/uploads\/2025\/05\/knauf_green_gkbi_.webp\" \/>\n\t<meta property=\"og:image:width\" content=\"484\" \/>\n\t<meta property=\"og:image:height\" content=\"484\" \/>\n\t<meta property=\"og:image:type\" content=\"image\/webp\" \/>\n<meta name=\"twitter:card\" content=\"summary_large_image\" \/>\n<meta name=\"twitter:label1\" content=\"Est. reading time\" \/>\n\t<meta name=\"twitter:data1\" content=\"1 minut\u0117\" \/>\n<script type=\"application\/ld+json\" class=\"yoast-schema-graph\">{\"@context\":\"https:\/\/schema.org\",\"@graph\":[{\"@type\":\"WebPage\",\"@id\":\"https:\/\/videstehnika.lv\/katalogs\/buvmateriali-buvei-remontam-un-ieksdarbiem\/mitrumizturigs-regipsis-gipskartons-knauf-green-gkbi\/\",\"url\":\"https:\/\/videstehnika.lv\/katalogs\/buvmateriali-buvei-remontam-un-ieksdarbiem\/mitrumizturigs-regipsis-gipskartons-knauf-green-gkbi\/\",\"name\":\"Mitrumiztur\u012bgs Re\u0123ipsis (\u0122ip\u0161kartons) Knauf Green (GKBI) &#8226; Vides Tehnika\",\"isPartOf\":{\"@id\":\"https:\/\/videstehnika.lv\/lt\/#website\"},\"primaryImageOfPage\":{\"@id\":\"https:\/\/videstehnika.lv\/katalogs\/buvmateriali-buvei-remontam-un-ieksdarbiem\/mitrumizturigs-regipsis-gipskartons-knauf-green-gkbi\/#primaryimage\"},\"image\":{\"@id\":\"https:\/\/videstehnika.lv\/katalogs\/buvmateriali-buvei-remontam-un-ieksdarbiem\/mitrumizturigs-regipsis-gipskartons-knauf-green-gkbi\/#primaryimage\"},\"thumbnailUrl\":\"https:\/\/videstehnika.lv\/wp-content\/uploads\/2025\/05\/knauf_green_gkbi_.webp\",\"datePublished\":\"2025-05-14T09:53:54+00:00\",\"dateModified\":\"2025-05-14T09:59:41+00:00\",\"breadcrumb\":{\"@id\":\"https:\/\/videstehnika.lv\/katalogs\/buvmateriali-buvei-remontam-un-ieksdarbiem\/mitrumizturigs-regipsis-gipskartons-knauf-green-gkbi\/#breadcrumb\"},\"inLanguage\":\"lt-LT\",\"potentialAction\":[{\"@type\":\"ReadAction\",\"target\":[\"https:\/\/videstehnika.lv\/katalogs\/buvmateriali-buvei-remontam-un-ieksdarbiem\/mitrumizturigs-regipsis-gipskartons-knauf-green-gkbi\/\"]}]},{\"@type\":\"ImageObject\",\"inLanguage\":\"lt-LT\",\"@id\":\"https:\/\/videstehnika.lv\/katalogs\/buvmateriali-buvei-remontam-un-ieksdarbiem\/mitrumizturigs-regipsis-gipskartons-knauf-green-gkbi\/#primaryimage\",\"url\":\"https:\/\/videstehnika.lv\/wp-content\/uploads\/2025\/05\/knauf_green_gkbi_.webp\",\"contentUrl\":\"https:\/\/videstehnika.lv\/wp-content\/uploads\/2025\/05\/knauf_green_gkbi_.webp\",\"width\":484,\"height\":484},{\"@type\":\"BreadcrumbList\",\"@id\":\"https:\/\/videstehnika.lv\/katalogs\/buvmateriali-buvei-remontam-un-ieksdarbiem\/mitrumizturigs-regipsis-gipskartons-knauf-green-gkbi\/#breadcrumb\",\"itemListElement\":[{\"@type\":\"ListItem\",\"position\":1,\"name\":\"Home\",\"item\":\"https:\/\/videstehnika.lv\/lt\/\"},{\"@type\":\"ListItem\",\"position\":2,\"name\":\"Katalogas\",\"item\":\"https:\/\/videstehnika.lv\/lt\/katalogas\/\"},{\"@type\":\"ListItem\",\"position\":3,\"name\":\"Mitrumiztur\u012bgs Re\u0123ipsis (\u0122ip\u0161kartons) Knauf Green (GKBI)\"}]},{\"@type\":\"WebSite\",\"@id\":\"https:\/\/videstehnika.lv\/lt\/#website\",\"url\":\"https:\/\/videstehnika.lv\/lt\/\",\"name\":\"Vides Tehnika\",\"description\":\"\",\"potentialAction\":[{\"@type\":\"SearchAction\",\"target\":{\"@type\":\"EntryPoint\",\"urlTemplate\":\"https:\/\/videstehnika.lv\/lt\/?s={search_term_string}\"},\"query-input\":{\"@type\":\"PropertyValueSpecification\",\"valueRequired\":true,\"valueName\":\"search_term_string\"}}],\"inLanguage\":\"lt-LT\"}]}<\/script>\n<!-- \/ Yoast SEO plugin. -->","yoast_head_json":{"title":"Mitrumiztur\u012bgs Re\u0123ipsis (\u0122ip\u0161kartons) Knauf Green (GKBI) &#8226; Vides Tehnika","robots":{"index":"index","follow":"follow","max-snippet":"max-snippet:-1","max-image-preview":"max-image-preview:large","max-video-preview":"max-video-preview:-1"},"canonical":"https:\/\/videstehnika.lv\/lt\/katalogs\/buvmateriali-buvei-remontam-un-ieksdarbiem\/mitrumizturigs-regipsis-gipskartons-knauf-green-gkbi\/","og_locale":"lt_LT","og_type":"article","og_title":"Mitrumiztur\u012bgs Re\u0123ipsis (\u0122ip\u0161kartons) Knauf Green (GKBI) &#8226; Vides Tehnika","og_description":"Knauf GREEN (GKBI)\u00a0ir impregn\u0113ta \u0123ip\u0161kartona pl\u0101ksne &#8211; Telp\u0101m, kur\u0101s ir paaugstin\u0101ts gaisa mitrums un \u016bdens iedarb\u012bba, piem\u0113ram, vannas istab\u0101m, du\u0161as","og_url":"https:\/\/videstehnika.lv\/katalogs\/buvmateriali-buvei-remontam-un-ieksdarbiem\/mitrumizturigs-regipsis-gipskartons-knauf-green-gkbi\/","og_site_name":"Vides Tehnika","article_modified_time":"2025-05-14T09:59:41+00:00","og_image":[{"width":484,"height":484,"url":"https:\/\/videstehnika.lv\/wp-content\/uploads\/2025\/05\/knauf_green_gkbi_.webp","type":"image\/webp"}],"twitter_card":"summary_large_image","twitter_misc":{"Est. reading time":"1 minut\u0117"},"schema":{"@context":"https:\/\/schema.org","@graph":[{"@type":"WebPage","@id":"https:\/\/videstehnika.lv\/katalogs\/buvmateriali-buvei-remontam-un-ieksdarbiem\/mitrumizturigs-regipsis-gipskartons-knauf-green-gkbi\/","url":"https:\/\/videstehnika.lv\/katalogs\/buvmateriali-buvei-remontam-un-ieksdarbiem\/mitrumizturigs-regipsis-gipskartons-knauf-green-gkbi\/","name":"Mitrumiztur\u012bgs Re\u0123ipsis (\u0122ip\u0161kartons) Knauf Green (GKBI) &#8226; Vides Tehnika","isPartOf":{"@id":"https:\/\/videstehnika.lv\/lt\/#website"},"primaryImageOfPage":{"@id":"https:\/\/videstehnika.lv\/katalogs\/buvmateriali-buvei-remontam-un-ieksdarbiem\/mitrumizturigs-regipsis-gipskartons-knauf-green-gkbi\/#primaryimage"},"image":{"@id":"https:\/\/videstehnika.lv\/katalogs\/buvmateriali-buvei-remontam-un-ieksdarbiem\/mitrumizturigs-regipsis-gipskartons-knauf-green-gkbi\/#primaryimage"},"thumbnailUrl":"https:\/\/videstehnika.lv\/wp-content\/uploads\/2025\/05\/knauf_green_gkbi_.webp","datePublished":"2025-05-14T09:53:54+00:00","dateModified":"2025-05-14T09:59:41+00:00","breadcrumb":{"@id":"https:\/\/videstehnika.lv\/katalogs\/buvmateriali-buvei-remontam-un-ieksdarbiem\/mitrumizturigs-regipsis-gipskartons-knauf-green-gkbi\/#breadcrumb"},"inLanguage":"lt-LT","potentialAction":[{"@type":"ReadAction","target":["https:\/\/videstehnika.lv\/katalogs\/buvmateriali-buvei-remontam-un-ieksdarbiem\/mitrumizturigs-regipsis-gipskartons-knauf-green-gkbi\/"]}]},{"@type":"ImageObject","inLanguage":"lt-LT","@id":"https:\/\/videstehnika.lv\/katalogs\/buvmateriali-buvei-remontam-un-ieksdarbiem\/mitrumizturigs-regipsis-gipskartons-knauf-green-gkbi\/#primaryimage","url":"https:\/\/videstehnika.lv\/wp-content\/uploads\/2025\/05\/knauf_green_gkbi_.webp","contentUrl":"https:\/\/videstehnika.lv\/wp-content\/uploads\/2025\/05\/knauf_green_gkbi_.webp","width":484,"height":484},{"@type":"BreadcrumbList","@id":"https:\/\/videstehnika.lv\/katalogs\/buvmateriali-buvei-remontam-un-ieksdarbiem\/mitrumizturigs-regipsis-gipskartons-knauf-green-gkbi\/#breadcrumb","itemListElement":[{"@type":"ListItem","position":1,"name":"Home","item":"https:\/\/videstehnika.lv\/lt\/"},{"@type":"ListItem","position":2,"name":"Katalogas","item":"https:\/\/videstehnika.lv\/lt\/katalogas\/"},{"@type":"ListItem","position":3,"name":"Mitrumiztur\u012bgs Re\u0123ipsis (\u0122ip\u0161kartons) Knauf Green (GKBI)"}]},{"@type":"WebSite","@id":"https:\/\/videstehnika.lv\/lt\/#website","url":"https:\/\/videstehnika.lv\/lt\/","name":"Vides Tehnika","description":"","potentialAction":[{"@type":"SearchAction","target":{"@type":"EntryPoint","urlTemplate":"https:\/\/videstehnika.lv\/lt\/?s={search_term_string}"},"query-input":{"@type":"PropertyValueSpecification","valueRequired":true,"valueName":"search_term_string"}}],"inLanguage":"lt-LT"}]}},"_links":{"self":[{"href":"https:\/\/videstehnika.lv\/lt\/wp-json\/wp\/v2\/product\/59718","targetHints":{"allow":["GET"]}}],"collection":[{"href":"https:\/\/videstehnika.lv\/lt\/wp-json\/wp\/v2\/product"}],"about":[{"href":"https:\/\/videstehnika.lv\/lt\/wp-json\/wp\/v2\/types\/product"}],"wp:featuredmedia":[{"embeddable":true,"href":"https:\/\/videstehnika.lv\/lt\/wp-json\/wp\/v2\/media\/59723"}],"wp:attachment":[{"href":"https:\/\/videstehnika.lv\/lt\/wp-json\/wp\/v2\/media?parent=59718"}],"wp:term":[{"taxonomy":"product_cat","embeddable":true,"href":"https:\/\/videstehnika.lv\/lt\/wp-json\/wp\/v2\/product_cat?post=59718"},{"taxonomy":"product_tag","embeddable":true,"href":"https:\/\/videstehnika.lv\/lt\/wp-json\/wp\/v2\/product_tag?post=59718"}],"curies":[{"name":"wp","href":"https:\/\/api.w.org\/{rel}","templated":true}]}}