{"id":6315,"date":"2020-09-25T14:46:17","date_gmt":"2020-09-25T11:46:17","guid":{"rendered":"https:\/\/videstehnika.lv\/?post_type=product&#038;p=6315"},"modified":"2024-04-17T09:37:18","modified_gmt":"2024-04-17T06:37:18","slug":"bloki-classic-3mpa","status":"publish","type":"product","link":"https:\/\/videstehnika.lv\/katalogs\/buvmateriali-buvei-remontam-un-ieksdarbiem\/bloki-classic-3mpa\/","title":{"rendered":"bloki CLASSIC 3MPa"},"content":{"rendered":"<h2>bloki CLASSIC 3MPa<\/h2>\n<p>bauroc CLASSIC 3 MPa bloki tiek ra\u017eoti ar vid\u0113jo sauso bl\u012bvumu 425 kg\/m\u00b3 (\u00b130 kg\/m\u00b3) un vid\u0113jo spiedes stipr\u012bbu fb=3.0 N\/mm\u00b2.<\/p>\n<h2><strong> CLASSIC 3MPa pielietojums<\/strong><\/h2>\n<ul>\n<li>bauroc CLASSIC 3 MPa g\u0101zbetona blokiem piem\u012bt augsta iztur\u012bba uz spiedi. Tie ir teicami piem\u0113roti \u0113ku neso\u0161o sienu b\u016bvniec\u012bb\u0101, daudzst\u0101vu \u0113ku \u0101rsienu aizpild\u012bjumos, industri\u0101lajos objektos kop\u0101 ar papildus siltin\u0101jumu, k\u0101 ar\u012b \u0113kas neso\u0161o iek\u0161sienu b\u016bvniec\u012bb\u0101.<\/li>\n<\/ul>\n<p>Pla\u0161\u0101ka inform\u0101cija par bloku mont\u0101\u017eu, tehniskajiem r\u0101d\u012bt\u0101jiem un pielietojumu, mekl\u0113: <a target=\"_blank\" href=\"https:\/\/bauroc.lv\/product\/bloki-classic-3mpa\/\" rel=\"noopener\">https:\/\/bauroc.lv\/product\/bloki-classic-3mpa\/<\/a><\/p>\n","protected":false},"excerpt":{"rendered":"<p>bloki CLASSIC 3MPa bauroc CLASSIC 3 MPa bloki tiek ra\u017eoti ar vid\u0113jo sauso bl\u012bvumu 425 kg\/m\u00b3 (\u00b130 kg\/m\u00b3) un vid\u0113jo<\/p>\n","protected":false},"featured_media":6354,"template":"","meta":{"_acf_changed":false},"product_cat":[3772,3773,3770,3771],"product_tag":[],"class_list":{"0":"post-6315","1":"product","2":"type-product","3":"status-publish","4":"has-post-thumbnail","6":"product_cat-akytojo-betono-blokeliai","7":"product_cat-bauroc-statybiniai-blokeliai","8":"product_cat-statybines-medziagos-statybai-remontui-ir-darbams","9":"product_cat-blokai","11":"first","12":"onbackorder","13":"taxable","14":"shipping-taxable","15":"purchasable","16":"product-type-variable"},"acf":[],"yoast_head":"<!-- This site is optimized with the Yoast SEO plugin v24.2 - https:\/\/yoast.com\/wordpress\/plugins\/seo\/ -->\n<title>Celtniec\u012bbas bloki Bauroc CLASSIC 3MPa &#8226; Vides Tehnika<\/title>\n<meta name=\"description\" content=\"CLASSIC bloki piem\u0113roti neso\u0161o sienu b\u016bvniec\u012bb\u0101, daudzst\u0101vu \u0113ku \u0101rsienu aizpild\u012bjumos, industri\u0101lajos objektos, neso\u0161o iek\u0161sienu b\u016bvniec\u012bb\u0101.\" \/>\n<meta name=\"robots\" content=\"index, follow, max-snippet:-1, max-image-preview:large, max-video-preview:-1\" \/>\n<link rel=\"canonical\" href=\"https:\/\/videstehnika.lv\/lt\/katalogs\/buvmateriali-buvei-remontam-un-ieksdarbiem\/bloki-classic-3mpa\/\" \/>\n<meta property=\"og:locale\" content=\"lt_LT\" \/>\n<meta property=\"og:type\" content=\"article\" \/>\n<meta property=\"og:title\" content=\"Celtniec\u012bbas bloki Bauroc CLASSIC 3MPa &#8226; Vides Tehnika\" \/>\n<meta property=\"og:description\" content=\"CLASSIC bloki piem\u0113roti neso\u0161o sienu b\u016bvniec\u012bb\u0101, daudzst\u0101vu \u0113ku \u0101rsienu aizpild\u012bjumos, industri\u0101lajos objektos, neso\u0161o iek\u0161sienu b\u016bvniec\u012bb\u0101.\" \/>\n<meta property=\"og:url\" content=\"https:\/\/videstehnika.lv\/katalogs\/buvmateriali-buvei-remontam-un-ieksdarbiem\/bloki-classic-3mpa\/\" \/>\n<meta property=\"og:site_name\" content=\"Vides Tehnika\" \/>\n<meta property=\"article:modified_time\" content=\"2024-04-17T06:37:18+00:00\" \/>\n<meta property=\"og:image\" content=\"https:\/\/videstehnika.lv\/wp-content\/uploads\/2020\/09\/bloki-CLASSIC-3MPa.jpg\" \/>\n\t<meta property=\"og:image:width\" content=\"900\" \/>\n\t<meta property=\"og:image:height\" content=\"900\" \/>\n\t<meta property=\"og:image:type\" content=\"image\/jpeg\" \/>\n<meta name=\"twitter:card\" content=\"summary_large_image\" \/>\n<meta name=\"twitter:label1\" content=\"Est. reading time\" \/>\n\t<meta name=\"twitter:data1\" content=\"1 minut\u0117\" \/>\n<script type=\"application\/ld+json\" class=\"yoast-schema-graph\">{\"@context\":\"https:\/\/schema.org\",\"@graph\":[{\"@type\":\"WebPage\",\"@id\":\"https:\/\/videstehnika.lv\/katalogs\/buvmateriali-buvei-remontam-un-ieksdarbiem\/bloki-classic-3mpa\/\",\"url\":\"https:\/\/videstehnika.lv\/katalogs\/buvmateriali-buvei-remontam-un-ieksdarbiem\/bloki-classic-3mpa\/\",\"name\":\"Celtniec\u012bbas bloki Bauroc CLASSIC 3MPa &#8226; Vides Tehnika\",\"isPartOf\":{\"@id\":\"https:\/\/videstehnika.lv\/lt\/#website\"},\"primaryImageOfPage\":{\"@id\":\"https:\/\/videstehnika.lv\/katalogs\/buvmateriali-buvei-remontam-un-ieksdarbiem\/bloki-classic-3mpa\/#primaryimage\"},\"image\":{\"@id\":\"https:\/\/videstehnika.lv\/katalogs\/buvmateriali-buvei-remontam-un-ieksdarbiem\/bloki-classic-3mpa\/#primaryimage\"},\"thumbnailUrl\":\"https:\/\/videstehnika.lv\/wp-content\/uploads\/2020\/09\/bloki-CLASSIC-3MPa.jpg\",\"datePublished\":\"2020-09-25T11:46:17+00:00\",\"dateModified\":\"2024-04-17T06:37:18+00:00\",\"description\":\"CLASSIC bloki piem\u0113roti neso\u0161o sienu b\u016bvniec\u012bb\u0101, daudzst\u0101vu \u0113ku \u0101rsienu aizpild\u012bjumos, industri\u0101lajos objektos, neso\u0161o iek\u0161sienu b\u016bvniec\u012bb\u0101.\",\"breadcrumb\":{\"@id\":\"https:\/\/videstehnika.lv\/katalogs\/buvmateriali-buvei-remontam-un-ieksdarbiem\/bloki-classic-3mpa\/#breadcrumb\"},\"inLanguage\":\"lt-LT\",\"potentialAction\":[{\"@type\":\"ReadAction\",\"target\":[\"https:\/\/videstehnika.lv\/katalogs\/buvmateriali-buvei-remontam-un-ieksdarbiem\/bloki-classic-3mpa\/\"]}]},{\"@type\":\"ImageObject\",\"inLanguage\":\"lt-LT\",\"@id\":\"https:\/\/videstehnika.lv\/katalogs\/buvmateriali-buvei-remontam-un-ieksdarbiem\/bloki-classic-3mpa\/#primaryimage\",\"url\":\"https:\/\/videstehnika.lv\/wp-content\/uploads\/2020\/09\/bloki-CLASSIC-3MPa.jpg\",\"contentUrl\":\"https:\/\/videstehnika.lv\/wp-content\/uploads\/2020\/09\/bloki-CLASSIC-3MPa.jpg\",\"width\":900,\"height\":900},{\"@type\":\"BreadcrumbList\",\"@id\":\"https:\/\/videstehnika.lv\/katalogs\/buvmateriali-buvei-remontam-un-ieksdarbiem\/bloki-classic-3mpa\/#breadcrumb\",\"itemListElement\":[{\"@type\":\"ListItem\",\"position\":1,\"name\":\"Home\",\"item\":\"https:\/\/videstehnika.lv\/lt\/\"},{\"@type\":\"ListItem\",\"position\":2,\"name\":\"Katalogas\",\"item\":\"https:\/\/videstehnika.lv\/lt\/katalogas\/\"},{\"@type\":\"ListItem\",\"position\":3,\"name\":\"bloki CLASSIC 3MPa\"}]},{\"@type\":\"WebSite\",\"@id\":\"https:\/\/videstehnika.lv\/lt\/#website\",\"url\":\"https:\/\/videstehnika.lv\/lt\/\",\"name\":\"Vides Tehnika\",\"description\":\"\",\"potentialAction\":[{\"@type\":\"SearchAction\",\"target\":{\"@type\":\"EntryPoint\",\"urlTemplate\":\"https:\/\/videstehnika.lv\/lt\/?s={search_term_string}\"},\"query-input\":{\"@type\":\"PropertyValueSpecification\",\"valueRequired\":true,\"valueName\":\"search_term_string\"}}],\"inLanguage\":\"lt-LT\"}]}<\/script>\n<!-- \/ Yoast SEO plugin. -->","yoast_head_json":{"title":"Celtniec\u012bbas bloki Bauroc CLASSIC 3MPa &#8226; Vides Tehnika","description":"CLASSIC bloki piem\u0113roti neso\u0161o sienu b\u016bvniec\u012bb\u0101, daudzst\u0101vu \u0113ku \u0101rsienu aizpild\u012bjumos, industri\u0101lajos objektos, neso\u0161o iek\u0161sienu b\u016bvniec\u012bb\u0101.","robots":{"index":"index","follow":"follow","max-snippet":"max-snippet:-1","max-image-preview":"max-image-preview:large","max-video-preview":"max-video-preview:-1"},"canonical":"https:\/\/videstehnika.lv\/lt\/katalogs\/buvmateriali-buvei-remontam-un-ieksdarbiem\/bloki-classic-3mpa\/","og_locale":"lt_LT","og_type":"article","og_title":"Celtniec\u012bbas bloki Bauroc CLASSIC 3MPa &#8226; Vides Tehnika","og_description":"CLASSIC bloki piem\u0113roti neso\u0161o sienu b\u016bvniec\u012bb\u0101, daudzst\u0101vu \u0113ku \u0101rsienu aizpild\u012bjumos, industri\u0101lajos objektos, neso\u0161o iek\u0161sienu b\u016bvniec\u012bb\u0101.","og_url":"https:\/\/videstehnika.lv\/katalogs\/buvmateriali-buvei-remontam-un-ieksdarbiem\/bloki-classic-3mpa\/","og_site_name":"Vides Tehnika","article_modified_time":"2024-04-17T06:37:18+00:00","og_image":[{"width":900,"height":900,"url":"https:\/\/videstehnika.lv\/wp-content\/uploads\/2020\/09\/bloki-CLASSIC-3MPa.jpg","type":"image\/jpeg"}],"twitter_card":"summary_large_image","twitter_misc":{"Est. reading time":"1 minut\u0117"},"schema":{"@context":"https:\/\/schema.org","@graph":[{"@type":"WebPage","@id":"https:\/\/videstehnika.lv\/katalogs\/buvmateriali-buvei-remontam-un-ieksdarbiem\/bloki-classic-3mpa\/","url":"https:\/\/videstehnika.lv\/katalogs\/buvmateriali-buvei-remontam-un-ieksdarbiem\/bloki-classic-3mpa\/","name":"Celtniec\u012bbas bloki Bauroc CLASSIC 3MPa &#8226; Vides Tehnika","isPartOf":{"@id":"https:\/\/videstehnika.lv\/lt\/#website"},"primaryImageOfPage":{"@id":"https:\/\/videstehnika.lv\/katalogs\/buvmateriali-buvei-remontam-un-ieksdarbiem\/bloki-classic-3mpa\/#primaryimage"},"image":{"@id":"https:\/\/videstehnika.lv\/katalogs\/buvmateriali-buvei-remontam-un-ieksdarbiem\/bloki-classic-3mpa\/#primaryimage"},"thumbnailUrl":"https:\/\/videstehnika.lv\/wp-content\/uploads\/2020\/09\/bloki-CLASSIC-3MPa.jpg","datePublished":"2020-09-25T11:46:17+00:00","dateModified":"2024-04-17T06:37:18+00:00","description":"CLASSIC bloki piem\u0113roti neso\u0161o sienu b\u016bvniec\u012bb\u0101, daudzst\u0101vu \u0113ku \u0101rsienu aizpild\u012bjumos, industri\u0101lajos objektos, neso\u0161o iek\u0161sienu b\u016bvniec\u012bb\u0101.","breadcrumb":{"@id":"https:\/\/videstehnika.lv\/katalogs\/buvmateriali-buvei-remontam-un-ieksdarbiem\/bloki-classic-3mpa\/#breadcrumb"},"inLanguage":"lt-LT","potentialAction":[{"@type":"ReadAction","target":["https:\/\/videstehnika.lv\/katalogs\/buvmateriali-buvei-remontam-un-ieksdarbiem\/bloki-classic-3mpa\/"]}]},{"@type":"ImageObject","inLanguage":"lt-LT","@id":"https:\/\/videstehnika.lv\/katalogs\/buvmateriali-buvei-remontam-un-ieksdarbiem\/bloki-classic-3mpa\/#primaryimage","url":"https:\/\/videstehnika.lv\/wp-content\/uploads\/2020\/09\/bloki-CLASSIC-3MPa.jpg","contentUrl":"https:\/\/videstehnika.lv\/wp-content\/uploads\/2020\/09\/bloki-CLASSIC-3MPa.jpg","width":900,"height":900},{"@type":"BreadcrumbList","@id":"https:\/\/videstehnika.lv\/katalogs\/buvmateriali-buvei-remontam-un-ieksdarbiem\/bloki-classic-3mpa\/#breadcrumb","itemListElement":[{"@type":"ListItem","position":1,"name":"Home","item":"https:\/\/videstehnika.lv\/lt\/"},{"@type":"ListItem","position":2,"name":"Katalogas","item":"https:\/\/videstehnika.lv\/lt\/katalogas\/"},{"@type":"ListItem","position":3,"name":"bloki CLASSIC 3MPa"}]},{"@type":"WebSite","@id":"https:\/\/videstehnika.lv\/lt\/#website","url":"https:\/\/videstehnika.lv\/lt\/","name":"Vides Tehnika","description":"","potentialAction":[{"@type":"SearchAction","target":{"@type":"EntryPoint","urlTemplate":"https:\/\/videstehnika.lv\/lt\/?s={search_term_string}"},"query-input":{"@type":"PropertyValueSpecification","valueRequired":true,"valueName":"search_term_string"}}],"inLanguage":"lt-LT"}]}},"_links":{"self":[{"href":"https:\/\/videstehnika.lv\/lt\/wp-json\/wp\/v2\/product\/6315","targetHints":{"allow":["GET"]}}],"collection":[{"href":"https:\/\/videstehnika.lv\/lt\/wp-json\/wp\/v2\/product"}],"about":[{"href":"https:\/\/videstehnika.lv\/lt\/wp-json\/wp\/v2\/types\/product"}],"wp:featuredmedia":[{"embeddable":true,"href":"https:\/\/videstehnika.lv\/lt\/wp-json\/wp\/v2\/media\/6354"}],"wp:attachment":[{"href":"https:\/\/videstehnika.lv\/lt\/wp-json\/wp\/v2\/media?parent=6315"}],"wp:term":[{"taxonomy":"product_cat","embeddable":true,"href":"https:\/\/videstehnika.lv\/lt\/wp-json\/wp\/v2\/product_cat?post=6315"},{"taxonomy":"product_tag","embeddable":true,"href":"https:\/\/videstehnika.lv\/lt\/wp-json\/wp\/v2\/product_tag?post=6315"}],"curies":[{"name":"wp","href":"https:\/\/api.w.org\/{rel}","templated":true}]}}