{"id":6337,"date":"2020-09-28T12:42:30","date_gmt":"2020-09-28T09:42:30","guid":{"rendered":"https:\/\/videstehnika.lv\/?post_type=product&#038;p=6337"},"modified":"2024-04-17T09:35:02","modified_gmt":"2024-04-17T06:35:02","slug":"bloki-acoustic","status":"publish","type":"product","link":"https:\/\/videstehnika.lv\/katalogs\/buvmateriali-buvei-remontam-un-ieksdarbiem\/bloki-acoustic\/","title":{"rendered":"bloki ACOUSTIC"},"content":{"rendered":"<h2>bloki ACOUSTIC<\/h2>\n<p>bauroc ACOUSTIC bloks ir izstr\u0101d\u0101jums kuram piem\u012bt lieliski ska\u0146as gais\u0101 izol\u0101cijas r\u0101d\u012bt\u0101ji. Bloki tiek ra\u017eoti ar vid\u0113jo sauso bl\u012bvumu 575 kg\/m3 un vid\u0113jo spiedes stipr\u012bbu fb=4.0 N\/mm2.<\/p>\n<h2><strong>ACOUSTIC bloku pielietojums<\/strong><\/h2>\n<ul>\n<li>Piem\u0113roti \u0113ku neso\u0161o un neneso\u0161o iek\u0161sienu b\u016bvniec\u012bb\u0101, kuriem tiek izvirz\u012btas paaugstin\u0101tas ska\u0146as izol\u0101cijas pras\u012bbas.<\/li>\n<li>Piem\u0113rots vesel\u012bbas apr\u016bpes iest\u0101\u017eu starpsienu, izgl\u012bt\u012bbas iest\u0101\u017eu kla\u0161u (sienas bez durvju ail\u0113m), ofisa telpu starpsienu, k\u0101 ar\u012b sienu starp grup\u0101m un gul\u0113\u0161anas telp\u0101m pirmsskolas izgl\u012bt\u012bbas iest\u0101d\u0113s izb\u016bvei.<\/li>\n<li>Daudzsl\u0101\u0146u sienu konstrukcij\u0101s, kas tiek lietotas daudzdz\u012bvok\u013cu \u0113k\u0101s starpsien\u0101s starp dz\u012bvok\u013ciem, k\u0101 ar\u012b tehnisko telpu sien\u0101s ar paaugstin\u0101tiem trok\u0161\u0146iem un sien\u0101m starp dz\u012bvojam\u0101m un darba telp\u0101m.<\/li>\n<\/ul>\n<p>Pla\u0161\u0101ka inform\u0101cija par bloku mont\u0101\u017eu, tehniskajiem r\u0101d\u012bt\u0101jiem un pielietojumu, mekl\u0113: <a target=\"_blank\" href=\"https:\/\/bauroc.lv\/product\/bloki-acoustic\/\" rel=\"noopener\">https:\/\/bauroc.lv\/product\/bloki-acoustic\/<\/a><\/p>\n","protected":false},"excerpt":{"rendered":"<p>bloki ACOUSTIC bauroc ACOUSTIC bloks ir izstr\u0101d\u0101jums kuram piem\u012bt lieliski ska\u0146as gais\u0101 izol\u0101cijas r\u0101d\u012bt\u0101ji. Bloki tiek ra\u017eoti ar vid\u0113jo sauso<\/p>\n","protected":false},"featured_media":6334,"template":"","meta":{"_acf_changed":false},"product_cat":[793,792,70,790],"product_tag":[],"class_list":{"0":"post-6337","1":"product","2":"type-product","3":"status-publish","4":"has-post-thumbnail","6":"product_cat-bauroc-celtniecibas-bloki","7":"product_cat-gazbetona-bloki","8":"product_cat-buvmateriali-buvei-remontam-un-ieksdarbiem","9":"product_cat-bloki","11":"first","12":"onbackorder","13":"taxable","14":"shipping-taxable","15":"purchasable","16":"product-type-variable"},"acf":[],"yoast_head":"<!-- This site is optimized with the Yoast SEO plugin v24.2 - https:\/\/yoast.com\/wordpress\/plugins\/seo\/ -->\n<title>Celtniec\u012bbas bloki Bauroc ACOUSTIC &#8226; Vides Tehnika<\/title>\n<meta name=\"description\" content=\"bauroc ACOUSTIC bloks ir izstr\u0101d\u0101jums kuram piem\u012bt lieliski ska\u0146as gais\u0101 izol\u0101cijas r\u0101d\u012bt\u0101ji, piem\u0113roti da\u017e\u0101d\u0101m konstrukcij\u0101m.\" \/>\n<meta name=\"robots\" content=\"index, follow, max-snippet:-1, max-image-preview:large, max-video-preview:-1\" \/>\n<link rel=\"canonical\" href=\"https:\/\/videstehnika.lv\/lt\/katalogs\/buvmateriali-buvei-remontam-un-ieksdarbiem\/bloki-acoustic\/\" \/>\n<meta property=\"og:locale\" content=\"lt_LT\" \/>\n<meta property=\"og:type\" content=\"article\" \/>\n<meta property=\"og:title\" content=\"Celtniec\u012bbas bloki Bauroc ACOUSTIC &#8226; Vides Tehnika\" \/>\n<meta property=\"og:description\" content=\"bauroc ACOUSTIC bloks ir izstr\u0101d\u0101jums kuram piem\u012bt lieliski ska\u0146as gais\u0101 izol\u0101cijas r\u0101d\u012bt\u0101ji, piem\u0113roti da\u017e\u0101d\u0101m konstrukcij\u0101m.\" \/>\n<meta property=\"og:url\" content=\"https:\/\/videstehnika.lv\/katalogs\/buvmateriali-buvei-remontam-un-ieksdarbiem\/bloki-acoustic\/\" \/>\n<meta property=\"og:site_name\" content=\"Vides Tehnika\" \/>\n<meta property=\"article:modified_time\" content=\"2024-04-17T06:35:02+00:00\" \/>\n<meta property=\"og:image\" content=\"https:\/\/videstehnika.lv\/wp-content\/uploads\/2020\/09\/bloki-bauroc-hard-vides-tehnika.jpg\" \/>\n\t<meta property=\"og:image:width\" content=\"900\" \/>\n\t<meta property=\"og:image:height\" content=\"900\" \/>\n\t<meta property=\"og:image:type\" content=\"image\/jpeg\" \/>\n<meta name=\"twitter:card\" content=\"summary_large_image\" \/>\n<meta name=\"twitter:label1\" content=\"Est. reading time\" \/>\n\t<meta name=\"twitter:data1\" content=\"1 minut\u0117\" \/>\n<script type=\"application\/ld+json\" class=\"yoast-schema-graph\">{\"@context\":\"https:\/\/schema.org\",\"@graph\":[{\"@type\":\"WebPage\",\"@id\":\"https:\/\/videstehnika.lv\/katalogs\/buvmateriali-buvei-remontam-un-ieksdarbiem\/bloki-acoustic\/\",\"url\":\"https:\/\/videstehnika.lv\/katalogs\/buvmateriali-buvei-remontam-un-ieksdarbiem\/bloki-acoustic\/\",\"name\":\"Celtniec\u012bbas bloki Bauroc ACOUSTIC &#8226; Vides Tehnika\",\"isPartOf\":{\"@id\":\"https:\/\/videstehnika.lv\/lt\/#website\"},\"primaryImageOfPage\":{\"@id\":\"https:\/\/videstehnika.lv\/katalogs\/buvmateriali-buvei-remontam-un-ieksdarbiem\/bloki-acoustic\/#primaryimage\"},\"image\":{\"@id\":\"https:\/\/videstehnika.lv\/katalogs\/buvmateriali-buvei-remontam-un-ieksdarbiem\/bloki-acoustic\/#primaryimage\"},\"thumbnailUrl\":\"https:\/\/videstehnika.lv\/wp-content\/uploads\/2020\/09\/bloki-bauroc-hard-vides-tehnika.jpg\",\"datePublished\":\"2020-09-28T09:42:30+00:00\",\"dateModified\":\"2024-04-17T06:35:02+00:00\",\"description\":\"bauroc ACOUSTIC bloks ir izstr\u0101d\u0101jums kuram piem\u012bt lieliski ska\u0146as gais\u0101 izol\u0101cijas r\u0101d\u012bt\u0101ji, piem\u0113roti da\u017e\u0101d\u0101m konstrukcij\u0101m.\",\"breadcrumb\":{\"@id\":\"https:\/\/videstehnika.lv\/katalogs\/buvmateriali-buvei-remontam-un-ieksdarbiem\/bloki-acoustic\/#breadcrumb\"},\"inLanguage\":\"lt-LT\",\"potentialAction\":[{\"@type\":\"ReadAction\",\"target\":[\"https:\/\/videstehnika.lv\/katalogs\/buvmateriali-buvei-remontam-un-ieksdarbiem\/bloki-acoustic\/\"]}]},{\"@type\":\"ImageObject\",\"inLanguage\":\"lt-LT\",\"@id\":\"https:\/\/videstehnika.lv\/katalogs\/buvmateriali-buvei-remontam-un-ieksdarbiem\/bloki-acoustic\/#primaryimage\",\"url\":\"https:\/\/videstehnika.lv\/wp-content\/uploads\/2020\/09\/bloki-bauroc-hard-vides-tehnika.jpg\",\"contentUrl\":\"https:\/\/videstehnika.lv\/wp-content\/uploads\/2020\/09\/bloki-bauroc-hard-vides-tehnika.jpg\",\"width\":900,\"height\":900},{\"@type\":\"BreadcrumbList\",\"@id\":\"https:\/\/videstehnika.lv\/katalogs\/buvmateriali-buvei-remontam-un-ieksdarbiem\/bloki-acoustic\/#breadcrumb\",\"itemListElement\":[{\"@type\":\"ListItem\",\"position\":1,\"name\":\"Home\",\"item\":\"https:\/\/videstehnika.lv\/lt\/\"},{\"@type\":\"ListItem\",\"position\":2,\"name\":\"Katalogas\",\"item\":\"https:\/\/videstehnika.lv\/lt\/katalogas\/\"},{\"@type\":\"ListItem\",\"position\":3,\"name\":\"bloki ACOUSTIC\"}]},{\"@type\":\"WebSite\",\"@id\":\"https:\/\/videstehnika.lv\/lt\/#website\",\"url\":\"https:\/\/videstehnika.lv\/lt\/\",\"name\":\"Vides Tehnika\",\"description\":\"\",\"potentialAction\":[{\"@type\":\"SearchAction\",\"target\":{\"@type\":\"EntryPoint\",\"urlTemplate\":\"https:\/\/videstehnika.lv\/lt\/?s={search_term_string}\"},\"query-input\":{\"@type\":\"PropertyValueSpecification\",\"valueRequired\":true,\"valueName\":\"search_term_string\"}}],\"inLanguage\":\"lt-LT\"}]}<\/script>\n<!-- \/ Yoast SEO plugin. -->","yoast_head_json":{"title":"Celtniec\u012bbas bloki Bauroc ACOUSTIC &#8226; Vides Tehnika","description":"bauroc ACOUSTIC bloks ir izstr\u0101d\u0101jums kuram piem\u012bt lieliski ska\u0146as gais\u0101 izol\u0101cijas r\u0101d\u012bt\u0101ji, piem\u0113roti da\u017e\u0101d\u0101m konstrukcij\u0101m.","robots":{"index":"index","follow":"follow","max-snippet":"max-snippet:-1","max-image-preview":"max-image-preview:large","max-video-preview":"max-video-preview:-1"},"canonical":"https:\/\/videstehnika.lv\/lt\/katalogs\/buvmateriali-buvei-remontam-un-ieksdarbiem\/bloki-acoustic\/","og_locale":"lt_LT","og_type":"article","og_title":"Celtniec\u012bbas bloki Bauroc ACOUSTIC &#8226; Vides Tehnika","og_description":"bauroc ACOUSTIC bloks ir izstr\u0101d\u0101jums kuram piem\u012bt lieliski ska\u0146as gais\u0101 izol\u0101cijas r\u0101d\u012bt\u0101ji, piem\u0113roti da\u017e\u0101d\u0101m konstrukcij\u0101m.","og_url":"https:\/\/videstehnika.lv\/katalogs\/buvmateriali-buvei-remontam-un-ieksdarbiem\/bloki-acoustic\/","og_site_name":"Vides Tehnika","article_modified_time":"2024-04-17T06:35:02+00:00","og_image":[{"width":900,"height":900,"url":"https:\/\/videstehnika.lv\/wp-content\/uploads\/2020\/09\/bloki-bauroc-hard-vides-tehnika.jpg","type":"image\/jpeg"}],"twitter_card":"summary_large_image","twitter_misc":{"Est. reading time":"1 minut\u0117"},"schema":{"@context":"https:\/\/schema.org","@graph":[{"@type":"WebPage","@id":"https:\/\/videstehnika.lv\/katalogs\/buvmateriali-buvei-remontam-un-ieksdarbiem\/bloki-acoustic\/","url":"https:\/\/videstehnika.lv\/katalogs\/buvmateriali-buvei-remontam-un-ieksdarbiem\/bloki-acoustic\/","name":"Celtniec\u012bbas bloki Bauroc ACOUSTIC &#8226; Vides Tehnika","isPartOf":{"@id":"https:\/\/videstehnika.lv\/lt\/#website"},"primaryImageOfPage":{"@id":"https:\/\/videstehnika.lv\/katalogs\/buvmateriali-buvei-remontam-un-ieksdarbiem\/bloki-acoustic\/#primaryimage"},"image":{"@id":"https:\/\/videstehnika.lv\/katalogs\/buvmateriali-buvei-remontam-un-ieksdarbiem\/bloki-acoustic\/#primaryimage"},"thumbnailUrl":"https:\/\/videstehnika.lv\/wp-content\/uploads\/2020\/09\/bloki-bauroc-hard-vides-tehnika.jpg","datePublished":"2020-09-28T09:42:30+00:00","dateModified":"2024-04-17T06:35:02+00:00","description":"bauroc ACOUSTIC bloks ir izstr\u0101d\u0101jums kuram piem\u012bt lieliski ska\u0146as gais\u0101 izol\u0101cijas r\u0101d\u012bt\u0101ji, piem\u0113roti da\u017e\u0101d\u0101m konstrukcij\u0101m.","breadcrumb":{"@id":"https:\/\/videstehnika.lv\/katalogs\/buvmateriali-buvei-remontam-un-ieksdarbiem\/bloki-acoustic\/#breadcrumb"},"inLanguage":"lt-LT","potentialAction":[{"@type":"ReadAction","target":["https:\/\/videstehnika.lv\/katalogs\/buvmateriali-buvei-remontam-un-ieksdarbiem\/bloki-acoustic\/"]}]},{"@type":"ImageObject","inLanguage":"lt-LT","@id":"https:\/\/videstehnika.lv\/katalogs\/buvmateriali-buvei-remontam-un-ieksdarbiem\/bloki-acoustic\/#primaryimage","url":"https:\/\/videstehnika.lv\/wp-content\/uploads\/2020\/09\/bloki-bauroc-hard-vides-tehnika.jpg","contentUrl":"https:\/\/videstehnika.lv\/wp-content\/uploads\/2020\/09\/bloki-bauroc-hard-vides-tehnika.jpg","width":900,"height":900},{"@type":"BreadcrumbList","@id":"https:\/\/videstehnika.lv\/katalogs\/buvmateriali-buvei-remontam-un-ieksdarbiem\/bloki-acoustic\/#breadcrumb","itemListElement":[{"@type":"ListItem","position":1,"name":"Home","item":"https:\/\/videstehnika.lv\/lt\/"},{"@type":"ListItem","position":2,"name":"Katalogas","item":"https:\/\/videstehnika.lv\/lt\/katalogas\/"},{"@type":"ListItem","position":3,"name":"bloki ACOUSTIC"}]},{"@type":"WebSite","@id":"https:\/\/videstehnika.lv\/lt\/#website","url":"https:\/\/videstehnika.lv\/lt\/","name":"Vides Tehnika","description":"","potentialAction":[{"@type":"SearchAction","target":{"@type":"EntryPoint","urlTemplate":"https:\/\/videstehnika.lv\/lt\/?s={search_term_string}"},"query-input":{"@type":"PropertyValueSpecification","valueRequired":true,"valueName":"search_term_string"}}],"inLanguage":"lt-LT"}]}},"_links":{"self":[{"href":"https:\/\/videstehnika.lv\/lt\/wp-json\/wp\/v2\/product\/6337","targetHints":{"allow":["GET"]}}],"collection":[{"href":"https:\/\/videstehnika.lv\/lt\/wp-json\/wp\/v2\/product"}],"about":[{"href":"https:\/\/videstehnika.lv\/lt\/wp-json\/wp\/v2\/types\/product"}],"wp:featuredmedia":[{"embeddable":true,"href":"https:\/\/videstehnika.lv\/lt\/wp-json\/wp\/v2\/media\/6334"}],"wp:attachment":[{"href":"https:\/\/videstehnika.lv\/lt\/wp-json\/wp\/v2\/media?parent=6337"}],"wp:term":[{"taxonomy":"product_cat","embeddable":true,"href":"https:\/\/videstehnika.lv\/lt\/wp-json\/wp\/v2\/product_cat?post=6337"},{"taxonomy":"product_tag","embeddable":true,"href":"https:\/\/videstehnika.lv\/lt\/wp-json\/wp\/v2\/product_tag?post=6337"}],"curies":[{"name":"wp","href":"https:\/\/api.w.org\/{rel}","templated":true}]}}