{"id":6378,"date":"2020-09-28T15:10:31","date_gmt":"2020-09-28T12:10:31","guid":{"rendered":"https:\/\/videstehnika.lv\/?post_type=product&#038;p=6378"},"modified":"2023-02-08T09:50:05","modified_gmt":"2023-02-08T07:50:05","slug":"roclite-100-bloki","status":"publish","type":"product","link":"https:\/\/videstehnika.lv\/katalogs\/buvmateriali-buvei-remontam-un-ieksdarbiem\/roclite-100-bloki\/","title":{"rendered":"bloki ROCLITE 100\/150"},"content":{"rendered":"<h2>bloki ROCLITE 100\/150<\/h2>\n<p>G\u0101zbetona bloki RocLITE ir Igaunij\u0101 ra\u017eoti g\u0101zbetona bloki. Roclite g\u0101zbetona bloki tiek ra\u017eoti no videi draudz\u012bgiem viet\u0113ji pieejamiem materi\u0101liem. Roclite bloks tiek ra\u017eots no iztur\u012bga g\u0101zbetona, blokus ir \u0113rti p\u0101rvietot ar rok\u0101m, jo tie nav smagi.<\/p>\n<h2><strong>ROCLITE 100\/150 pielietojums<\/strong><\/h2>\n<ul>\n<li>Izmanto priek\u0161 \u0101rsien\u0101m, bez papildus siltin\u0101\u0161anas.<\/li>\n<\/ul>\n","protected":false},"excerpt":{"rendered":"<p>bloki ROCLITE 100\/150 G\u0101zbetona bloki RocLITE ir Igaunij\u0101 ra\u017eoti g\u0101zbetona bloki. Roclite g\u0101zbetona bloki tiek ra\u017eoti no videi draudz\u012bgiem viet\u0113ji<\/p>\n","protected":false},"featured_media":6385,"template":"","meta":{"_acf_changed":false},"product_cat":[792,828,70,790],"product_tag":[],"class_list":{"0":"post-6378","1":"product","2":"type-product","3":"status-publish","4":"has-post-thumbnail","6":"product_cat-gazbetona-bloki","7":"product_cat-roclite-celtniecibas-bloki","8":"product_cat-buvmateriali-buvei-remontam-un-ieksdarbiem","9":"product_cat-bloki","11":"first","12":"onbackorder","13":"taxable","14":"shipping-taxable","15":"purchasable","16":"product-type-variable"},"acf":[],"yoast_head":"<!-- This site is optimized with the Yoast SEO plugin v24.2 - https:\/\/yoast.com\/wordpress\/plugins\/seo\/ -->\n<title>G\u0101zbetona celtniec\u012bbas bloki ROCLITE 100\/150 &#8226; Vides Tehnika<\/title>\n<meta name=\"description\" content=\"Roclite g\u0101zbetona bloki tiek ra\u017eoti no videi draudz\u012bgiem viet\u0113ji pieejamiem materi\u0101liem - izmanto priek\u0161 \u0101rsien\u0101m, bez papildus siltin\u0101\u0161anas.\" \/>\n<meta name=\"robots\" content=\"index, follow, max-snippet:-1, max-image-preview:large, max-video-preview:-1\" \/>\n<link rel=\"canonical\" href=\"https:\/\/videstehnika.lv\/lt\/katalogs\/buvmateriali-buvei-remontam-un-ieksdarbiem\/roclite-100-bloki\/\" \/>\n<meta property=\"og:locale\" content=\"lt_LT\" \/>\n<meta property=\"og:type\" content=\"article\" \/>\n<meta property=\"og:title\" content=\"G\u0101zbetona celtniec\u012bbas bloki ROCLITE 100\/150 &#8226; Vides Tehnika\" \/>\n<meta property=\"og:description\" content=\"Roclite g\u0101zbetona bloki tiek ra\u017eoti no videi draudz\u012bgiem viet\u0113ji pieejamiem materi\u0101liem - izmanto priek\u0161 \u0101rsien\u0101m, bez papildus siltin\u0101\u0161anas.\" \/>\n<meta property=\"og:url\" content=\"https:\/\/videstehnika.lv\/katalogs\/buvmateriali-buvei-remontam-un-ieksdarbiem\/roclite-100-bloki\/\" \/>\n<meta property=\"og:site_name\" content=\"Vides Tehnika\" \/>\n<meta property=\"article:modified_time\" content=\"2023-02-08T07:50:05+00:00\" \/>\n<meta property=\"og:image\" content=\"https:\/\/videstehnika.lv\/wp-content\/uploads\/2020\/09\/bloki-roclite-100.jpg\" \/>\n\t<meta property=\"og:image:width\" content=\"900\" \/>\n\t<meta property=\"og:image:height\" content=\"900\" \/>\n\t<meta property=\"og:image:type\" content=\"image\/jpeg\" \/>\n<meta name=\"twitter:card\" content=\"summary_large_image\" \/>\n<meta name=\"twitter:label1\" content=\"Est. reading time\" \/>\n\t<meta name=\"twitter:data1\" content=\"1 minut\u0117\" \/>\n<script type=\"application\/ld+json\" class=\"yoast-schema-graph\">{\"@context\":\"https:\/\/schema.org\",\"@graph\":[{\"@type\":\"WebPage\",\"@id\":\"https:\/\/videstehnika.lv\/katalogs\/buvmateriali-buvei-remontam-un-ieksdarbiem\/roclite-100-bloki\/\",\"url\":\"https:\/\/videstehnika.lv\/katalogs\/buvmateriali-buvei-remontam-un-ieksdarbiem\/roclite-100-bloki\/\",\"name\":\"G\u0101zbetona celtniec\u012bbas bloki ROCLITE 100\/150 &#8226; Vides Tehnika\",\"isPartOf\":{\"@id\":\"https:\/\/videstehnika.lv\/lt\/#website\"},\"primaryImageOfPage\":{\"@id\":\"https:\/\/videstehnika.lv\/katalogs\/buvmateriali-buvei-remontam-un-ieksdarbiem\/roclite-100-bloki\/#primaryimage\"},\"image\":{\"@id\":\"https:\/\/videstehnika.lv\/katalogs\/buvmateriali-buvei-remontam-un-ieksdarbiem\/roclite-100-bloki\/#primaryimage\"},\"thumbnailUrl\":\"https:\/\/videstehnika.lv\/wp-content\/uploads\/2020\/09\/bloki-roclite-100.jpg\",\"datePublished\":\"2020-09-28T12:10:31+00:00\",\"dateModified\":\"2023-02-08T07:50:05+00:00\",\"description\":\"Roclite g\u0101zbetona bloki tiek ra\u017eoti no videi draudz\u012bgiem viet\u0113ji pieejamiem materi\u0101liem - izmanto priek\u0161 \u0101rsien\u0101m, bez papildus siltin\u0101\u0161anas.\",\"breadcrumb\":{\"@id\":\"https:\/\/videstehnika.lv\/katalogs\/buvmateriali-buvei-remontam-un-ieksdarbiem\/roclite-100-bloki\/#breadcrumb\"},\"inLanguage\":\"lt-LT\",\"potentialAction\":[{\"@type\":\"ReadAction\",\"target\":[\"https:\/\/videstehnika.lv\/katalogs\/buvmateriali-buvei-remontam-un-ieksdarbiem\/roclite-100-bloki\/\"]}]},{\"@type\":\"ImageObject\",\"inLanguage\":\"lt-LT\",\"@id\":\"https:\/\/videstehnika.lv\/katalogs\/buvmateriali-buvei-remontam-un-ieksdarbiem\/roclite-100-bloki\/#primaryimage\",\"url\":\"https:\/\/videstehnika.lv\/wp-content\/uploads\/2020\/09\/bloki-roclite-100.jpg\",\"contentUrl\":\"https:\/\/videstehnika.lv\/wp-content\/uploads\/2020\/09\/bloki-roclite-100.jpg\",\"width\":900,\"height\":900},{\"@type\":\"BreadcrumbList\",\"@id\":\"https:\/\/videstehnika.lv\/katalogs\/buvmateriali-buvei-remontam-un-ieksdarbiem\/roclite-100-bloki\/#breadcrumb\",\"itemListElement\":[{\"@type\":\"ListItem\",\"position\":1,\"name\":\"Home\",\"item\":\"https:\/\/videstehnika.lv\/lt\/\"},{\"@type\":\"ListItem\",\"position\":2,\"name\":\"Katalogas\",\"item\":\"https:\/\/videstehnika.lv\/lt\/katalogas\/\"},{\"@type\":\"ListItem\",\"position\":3,\"name\":\"bloki ROCLITE 100\/150\"}]},{\"@type\":\"WebSite\",\"@id\":\"https:\/\/videstehnika.lv\/lt\/#website\",\"url\":\"https:\/\/videstehnika.lv\/lt\/\",\"name\":\"Vides Tehnika\",\"description\":\"\",\"potentialAction\":[{\"@type\":\"SearchAction\",\"target\":{\"@type\":\"EntryPoint\",\"urlTemplate\":\"https:\/\/videstehnika.lv\/lt\/?s={search_term_string}\"},\"query-input\":{\"@type\":\"PropertyValueSpecification\",\"valueRequired\":true,\"valueName\":\"search_term_string\"}}],\"inLanguage\":\"lt-LT\"}]}<\/script>\n<!-- \/ Yoast SEO plugin. -->","yoast_head_json":{"title":"G\u0101zbetona celtniec\u012bbas bloki ROCLITE 100\/150 &#8226; Vides Tehnika","description":"Roclite g\u0101zbetona bloki tiek ra\u017eoti no videi draudz\u012bgiem viet\u0113ji pieejamiem materi\u0101liem - izmanto priek\u0161 \u0101rsien\u0101m, bez papildus siltin\u0101\u0161anas.","robots":{"index":"index","follow":"follow","max-snippet":"max-snippet:-1","max-image-preview":"max-image-preview:large","max-video-preview":"max-video-preview:-1"},"canonical":"https:\/\/videstehnika.lv\/lt\/katalogs\/buvmateriali-buvei-remontam-un-ieksdarbiem\/roclite-100-bloki\/","og_locale":"lt_LT","og_type":"article","og_title":"G\u0101zbetona celtniec\u012bbas bloki ROCLITE 100\/150 &#8226; Vides Tehnika","og_description":"Roclite g\u0101zbetona bloki tiek ra\u017eoti no videi draudz\u012bgiem viet\u0113ji pieejamiem materi\u0101liem - izmanto priek\u0161 \u0101rsien\u0101m, bez papildus siltin\u0101\u0161anas.","og_url":"https:\/\/videstehnika.lv\/katalogs\/buvmateriali-buvei-remontam-un-ieksdarbiem\/roclite-100-bloki\/","og_site_name":"Vides Tehnika","article_modified_time":"2023-02-08T07:50:05+00:00","og_image":[{"width":900,"height":900,"url":"https:\/\/videstehnika.lv\/wp-content\/uploads\/2020\/09\/bloki-roclite-100.jpg","type":"image\/jpeg"}],"twitter_card":"summary_large_image","twitter_misc":{"Est. reading time":"1 minut\u0117"},"schema":{"@context":"https:\/\/schema.org","@graph":[{"@type":"WebPage","@id":"https:\/\/videstehnika.lv\/katalogs\/buvmateriali-buvei-remontam-un-ieksdarbiem\/roclite-100-bloki\/","url":"https:\/\/videstehnika.lv\/katalogs\/buvmateriali-buvei-remontam-un-ieksdarbiem\/roclite-100-bloki\/","name":"G\u0101zbetona celtniec\u012bbas bloki ROCLITE 100\/150 &#8226; Vides Tehnika","isPartOf":{"@id":"https:\/\/videstehnika.lv\/lt\/#website"},"primaryImageOfPage":{"@id":"https:\/\/videstehnika.lv\/katalogs\/buvmateriali-buvei-remontam-un-ieksdarbiem\/roclite-100-bloki\/#primaryimage"},"image":{"@id":"https:\/\/videstehnika.lv\/katalogs\/buvmateriali-buvei-remontam-un-ieksdarbiem\/roclite-100-bloki\/#primaryimage"},"thumbnailUrl":"https:\/\/videstehnika.lv\/wp-content\/uploads\/2020\/09\/bloki-roclite-100.jpg","datePublished":"2020-09-28T12:10:31+00:00","dateModified":"2023-02-08T07:50:05+00:00","description":"Roclite g\u0101zbetona bloki tiek ra\u017eoti no videi draudz\u012bgiem viet\u0113ji pieejamiem materi\u0101liem - izmanto priek\u0161 \u0101rsien\u0101m, bez papildus siltin\u0101\u0161anas.","breadcrumb":{"@id":"https:\/\/videstehnika.lv\/katalogs\/buvmateriali-buvei-remontam-un-ieksdarbiem\/roclite-100-bloki\/#breadcrumb"},"inLanguage":"lt-LT","potentialAction":[{"@type":"ReadAction","target":["https:\/\/videstehnika.lv\/katalogs\/buvmateriali-buvei-remontam-un-ieksdarbiem\/roclite-100-bloki\/"]}]},{"@type":"ImageObject","inLanguage":"lt-LT","@id":"https:\/\/videstehnika.lv\/katalogs\/buvmateriali-buvei-remontam-un-ieksdarbiem\/roclite-100-bloki\/#primaryimage","url":"https:\/\/videstehnika.lv\/wp-content\/uploads\/2020\/09\/bloki-roclite-100.jpg","contentUrl":"https:\/\/videstehnika.lv\/wp-content\/uploads\/2020\/09\/bloki-roclite-100.jpg","width":900,"height":900},{"@type":"BreadcrumbList","@id":"https:\/\/videstehnika.lv\/katalogs\/buvmateriali-buvei-remontam-un-ieksdarbiem\/roclite-100-bloki\/#breadcrumb","itemListElement":[{"@type":"ListItem","position":1,"name":"Home","item":"https:\/\/videstehnika.lv\/lt\/"},{"@type":"ListItem","position":2,"name":"Katalogas","item":"https:\/\/videstehnika.lv\/lt\/katalogas\/"},{"@type":"ListItem","position":3,"name":"bloki ROCLITE 100\/150"}]},{"@type":"WebSite","@id":"https:\/\/videstehnika.lv\/lt\/#website","url":"https:\/\/videstehnika.lv\/lt\/","name":"Vides Tehnika","description":"","potentialAction":[{"@type":"SearchAction","target":{"@type":"EntryPoint","urlTemplate":"https:\/\/videstehnika.lv\/lt\/?s={search_term_string}"},"query-input":{"@type":"PropertyValueSpecification","valueRequired":true,"valueName":"search_term_string"}}],"inLanguage":"lt-LT"}]}},"_links":{"self":[{"href":"https:\/\/videstehnika.lv\/lt\/wp-json\/wp\/v2\/product\/6378","targetHints":{"allow":["GET"]}}],"collection":[{"href":"https:\/\/videstehnika.lv\/lt\/wp-json\/wp\/v2\/product"}],"about":[{"href":"https:\/\/videstehnika.lv\/lt\/wp-json\/wp\/v2\/types\/product"}],"wp:featuredmedia":[{"embeddable":true,"href":"https:\/\/videstehnika.lv\/lt\/wp-json\/wp\/v2\/media\/6385"}],"wp:attachment":[{"href":"https:\/\/videstehnika.lv\/lt\/wp-json\/wp\/v2\/media?parent=6378"}],"wp:term":[{"taxonomy":"product_cat","embeddable":true,"href":"https:\/\/videstehnika.lv\/lt\/wp-json\/wp\/v2\/product_cat?post=6378"},{"taxonomy":"product_tag","embeddable":true,"href":"https:\/\/videstehnika.lv\/lt\/wp-json\/wp\/v2\/product_tag?post=6378"}],"curies":[{"name":"wp","href":"https:\/\/api.w.org\/{rel}","templated":true}]}}