{"id":6395,"date":"2020-09-28T15:28:23","date_gmt":"2020-09-28T12:28:23","guid":{"rendered":"https:\/\/videstehnika.lv\/?post_type=product&#038;p=6395"},"modified":"2023-02-08T09:43:32","modified_gmt":"2023-02-08T07:43:32","slug":"bloki-roclite-250-200","status":"publish","type":"product","link":"https:\/\/videstehnika.lv\/katalogs\/buvmateriali-buvei-remontam-un-ieksdarbiem\/bloki-roclite-250-200\/","title":{"rendered":"bloki ROCLITE 250\/200"},"content":{"rendered":"<h2>bloki ROCLITE 250\/200<\/h2>\n<p>G\u0101zbetona bloki RocLITE ir iztur\u012bgs un viegls bloks. G\u0101zbetona bloki ir ra\u017eoti Igaunij\u0101. Roclite g\u0101zbetona bloki tiek ra\u017eoti no videi draudz\u012bgiem viet\u0113ji pieejamiem materi\u0101liem. Roclite bloks tiek ra\u017eots no iztur\u012bga g\u0101zbetona, blokus ir \u0113rti p\u0101rvietot ar rok\u0101m, jo tie nav smagi.<\/p>\n<h2><strong>ROCLITE 250\/200 pielietojums<\/strong><\/h2>\n<ul>\n<li>Paredz\u0113ti sienu b\u016bvniec\u012bbai.<\/li>\n<\/ul>\n","protected":false},"excerpt":{"rendered":"<p><strong>Izm\u0113ri:<\/strong> <strong>ROCLITE 250\/200 200x250x600mm (1,8m3\/60gb\/pal)<\/strong><\/p>\n","protected":false},"featured_media":6399,"template":"","meta":{"_acf_changed":false},"product_cat":[792,828,70,790],"product_tag":[],"class_list":{"0":"post-6395","1":"product","2":"type-product","3":"status-publish","4":"has-post-thumbnail","6":"product_cat-gazbetona-bloki","7":"product_cat-roclite-celtniecibas-bloki","8":"product_cat-buvmateriali-buvei-remontam-un-ieksdarbiem","9":"product_cat-bloki","11":"first","12":"onbackorder","13":"taxable","14":"shipping-taxable","15":"purchasable","16":"product-type-simple"},"acf":[],"yoast_head":"<!-- This site is optimized with the Yoast SEO plugin v24.2 - https:\/\/yoast.com\/wordpress\/plugins\/seo\/ -->\n<title>G\u0101zbetona celtniec\u012bbas bloki ROCLITE 250\/200 &#8226; Vides Tehnika<\/title>\n<meta name=\"description\" content=\"Roclite g\u0101zbetona bloki tiek ra\u017eoti no videi draudz\u012bgiem viet\u0113ji pieejamiem materi\u0101liem - paredz\u0113ti sienu b\u016bvniec\u012bbai.\" \/>\n<meta name=\"robots\" content=\"index, follow, max-snippet:-1, max-image-preview:large, max-video-preview:-1\" \/>\n<link rel=\"canonical\" href=\"https:\/\/videstehnika.lv\/lt\/katalogs\/buvmateriali-buvei-remontam-un-ieksdarbiem\/bloki-roclite-250-200\/\" \/>\n<meta property=\"og:locale\" content=\"lt_LT\" \/>\n<meta property=\"og:type\" content=\"article\" \/>\n<meta property=\"og:title\" content=\"G\u0101zbetona celtniec\u012bbas bloki ROCLITE 250\/200 &#8226; Vides Tehnika\" \/>\n<meta property=\"og:description\" content=\"Roclite g\u0101zbetona bloki tiek ra\u017eoti no videi draudz\u012bgiem viet\u0113ji pieejamiem materi\u0101liem - paredz\u0113ti sienu b\u016bvniec\u012bbai.\" \/>\n<meta property=\"og:url\" content=\"https:\/\/videstehnika.lv\/katalogs\/buvmateriali-buvei-remontam-un-ieksdarbiem\/bloki-roclite-250-200\/\" \/>\n<meta property=\"og:site_name\" content=\"Vides Tehnika\" \/>\n<meta property=\"article:modified_time\" content=\"2023-02-08T07:43:32+00:00\" \/>\n<meta property=\"og:image\" content=\"https:\/\/videstehnika.lv\/wp-content\/uploads\/2020\/09\/rocklite-250-200-bloki.jpg\" \/>\n\t<meta property=\"og:image:width\" content=\"900\" \/>\n\t<meta property=\"og:image:height\" content=\"900\" \/>\n\t<meta property=\"og:image:type\" content=\"image\/jpeg\" \/>\n<meta name=\"twitter:card\" content=\"summary_large_image\" \/>\n<meta name=\"twitter:label1\" content=\"Est. reading time\" \/>\n\t<meta name=\"twitter:data1\" content=\"1 minut\u0117\" \/>\n<script type=\"application\/ld+json\" class=\"yoast-schema-graph\">{\"@context\":\"https:\/\/schema.org\",\"@graph\":[{\"@type\":\"WebPage\",\"@id\":\"https:\/\/videstehnika.lv\/katalogs\/buvmateriali-buvei-remontam-un-ieksdarbiem\/bloki-roclite-250-200\/\",\"url\":\"https:\/\/videstehnika.lv\/katalogs\/buvmateriali-buvei-remontam-un-ieksdarbiem\/bloki-roclite-250-200\/\",\"name\":\"G\u0101zbetona celtniec\u012bbas bloki ROCLITE 250\/200 &#8226; Vides Tehnika\",\"isPartOf\":{\"@id\":\"https:\/\/videstehnika.lv\/lt\/#website\"},\"primaryImageOfPage\":{\"@id\":\"https:\/\/videstehnika.lv\/katalogs\/buvmateriali-buvei-remontam-un-ieksdarbiem\/bloki-roclite-250-200\/#primaryimage\"},\"image\":{\"@id\":\"https:\/\/videstehnika.lv\/katalogs\/buvmateriali-buvei-remontam-un-ieksdarbiem\/bloki-roclite-250-200\/#primaryimage\"},\"thumbnailUrl\":\"https:\/\/videstehnika.lv\/wp-content\/uploads\/2020\/09\/rocklite-250-200-bloki.jpg\",\"datePublished\":\"2020-09-28T12:28:23+00:00\",\"dateModified\":\"2023-02-08T07:43:32+00:00\",\"description\":\"Roclite g\u0101zbetona bloki tiek ra\u017eoti no videi draudz\u012bgiem viet\u0113ji pieejamiem materi\u0101liem - paredz\u0113ti sienu b\u016bvniec\u012bbai.\",\"breadcrumb\":{\"@id\":\"https:\/\/videstehnika.lv\/katalogs\/buvmateriali-buvei-remontam-un-ieksdarbiem\/bloki-roclite-250-200\/#breadcrumb\"},\"inLanguage\":\"lt-LT\",\"potentialAction\":[{\"@type\":\"ReadAction\",\"target\":[\"https:\/\/videstehnika.lv\/katalogs\/buvmateriali-buvei-remontam-un-ieksdarbiem\/bloki-roclite-250-200\/\"]}]},{\"@type\":\"ImageObject\",\"inLanguage\":\"lt-LT\",\"@id\":\"https:\/\/videstehnika.lv\/katalogs\/buvmateriali-buvei-remontam-un-ieksdarbiem\/bloki-roclite-250-200\/#primaryimage\",\"url\":\"https:\/\/videstehnika.lv\/wp-content\/uploads\/2020\/09\/rocklite-250-200-bloki.jpg\",\"contentUrl\":\"https:\/\/videstehnika.lv\/wp-content\/uploads\/2020\/09\/rocklite-250-200-bloki.jpg\",\"width\":900,\"height\":900},{\"@type\":\"BreadcrumbList\",\"@id\":\"https:\/\/videstehnika.lv\/katalogs\/buvmateriali-buvei-remontam-un-ieksdarbiem\/bloki-roclite-250-200\/#breadcrumb\",\"itemListElement\":[{\"@type\":\"ListItem\",\"position\":1,\"name\":\"Home\",\"item\":\"https:\/\/videstehnika.lv\/lt\/\"},{\"@type\":\"ListItem\",\"position\":2,\"name\":\"Katalogas\",\"item\":\"https:\/\/videstehnika.lv\/lt\/katalogas\/\"},{\"@type\":\"ListItem\",\"position\":3,\"name\":\"bloki ROCLITE 250\/200\"}]},{\"@type\":\"WebSite\",\"@id\":\"https:\/\/videstehnika.lv\/lt\/#website\",\"url\":\"https:\/\/videstehnika.lv\/lt\/\",\"name\":\"Vides Tehnika\",\"description\":\"\",\"potentialAction\":[{\"@type\":\"SearchAction\",\"target\":{\"@type\":\"EntryPoint\",\"urlTemplate\":\"https:\/\/videstehnika.lv\/lt\/?s={search_term_string}\"},\"query-input\":{\"@type\":\"PropertyValueSpecification\",\"valueRequired\":true,\"valueName\":\"search_term_string\"}}],\"inLanguage\":\"lt-LT\"}]}<\/script>\n<!-- \/ Yoast SEO plugin. -->","yoast_head_json":{"title":"G\u0101zbetona celtniec\u012bbas bloki ROCLITE 250\/200 &#8226; Vides Tehnika","description":"Roclite g\u0101zbetona bloki tiek ra\u017eoti no videi draudz\u012bgiem viet\u0113ji pieejamiem materi\u0101liem - paredz\u0113ti sienu b\u016bvniec\u012bbai.","robots":{"index":"index","follow":"follow","max-snippet":"max-snippet:-1","max-image-preview":"max-image-preview:large","max-video-preview":"max-video-preview:-1"},"canonical":"https:\/\/videstehnika.lv\/lt\/katalogs\/buvmateriali-buvei-remontam-un-ieksdarbiem\/bloki-roclite-250-200\/","og_locale":"lt_LT","og_type":"article","og_title":"G\u0101zbetona celtniec\u012bbas bloki ROCLITE 250\/200 &#8226; Vides Tehnika","og_description":"Roclite g\u0101zbetona bloki tiek ra\u017eoti no videi draudz\u012bgiem viet\u0113ji pieejamiem materi\u0101liem - paredz\u0113ti sienu b\u016bvniec\u012bbai.","og_url":"https:\/\/videstehnika.lv\/katalogs\/buvmateriali-buvei-remontam-un-ieksdarbiem\/bloki-roclite-250-200\/","og_site_name":"Vides Tehnika","article_modified_time":"2023-02-08T07:43:32+00:00","og_image":[{"width":900,"height":900,"url":"https:\/\/videstehnika.lv\/wp-content\/uploads\/2020\/09\/rocklite-250-200-bloki.jpg","type":"image\/jpeg"}],"twitter_card":"summary_large_image","twitter_misc":{"Est. reading time":"1 minut\u0117"},"schema":{"@context":"https:\/\/schema.org","@graph":[{"@type":"WebPage","@id":"https:\/\/videstehnika.lv\/katalogs\/buvmateriali-buvei-remontam-un-ieksdarbiem\/bloki-roclite-250-200\/","url":"https:\/\/videstehnika.lv\/katalogs\/buvmateriali-buvei-remontam-un-ieksdarbiem\/bloki-roclite-250-200\/","name":"G\u0101zbetona celtniec\u012bbas bloki ROCLITE 250\/200 &#8226; Vides Tehnika","isPartOf":{"@id":"https:\/\/videstehnika.lv\/lt\/#website"},"primaryImageOfPage":{"@id":"https:\/\/videstehnika.lv\/katalogs\/buvmateriali-buvei-remontam-un-ieksdarbiem\/bloki-roclite-250-200\/#primaryimage"},"image":{"@id":"https:\/\/videstehnika.lv\/katalogs\/buvmateriali-buvei-remontam-un-ieksdarbiem\/bloki-roclite-250-200\/#primaryimage"},"thumbnailUrl":"https:\/\/videstehnika.lv\/wp-content\/uploads\/2020\/09\/rocklite-250-200-bloki.jpg","datePublished":"2020-09-28T12:28:23+00:00","dateModified":"2023-02-08T07:43:32+00:00","description":"Roclite g\u0101zbetona bloki tiek ra\u017eoti no videi draudz\u012bgiem viet\u0113ji pieejamiem materi\u0101liem - paredz\u0113ti sienu b\u016bvniec\u012bbai.","breadcrumb":{"@id":"https:\/\/videstehnika.lv\/katalogs\/buvmateriali-buvei-remontam-un-ieksdarbiem\/bloki-roclite-250-200\/#breadcrumb"},"inLanguage":"lt-LT","potentialAction":[{"@type":"ReadAction","target":["https:\/\/videstehnika.lv\/katalogs\/buvmateriali-buvei-remontam-un-ieksdarbiem\/bloki-roclite-250-200\/"]}]},{"@type":"ImageObject","inLanguage":"lt-LT","@id":"https:\/\/videstehnika.lv\/katalogs\/buvmateriali-buvei-remontam-un-ieksdarbiem\/bloki-roclite-250-200\/#primaryimage","url":"https:\/\/videstehnika.lv\/wp-content\/uploads\/2020\/09\/rocklite-250-200-bloki.jpg","contentUrl":"https:\/\/videstehnika.lv\/wp-content\/uploads\/2020\/09\/rocklite-250-200-bloki.jpg","width":900,"height":900},{"@type":"BreadcrumbList","@id":"https:\/\/videstehnika.lv\/katalogs\/buvmateriali-buvei-remontam-un-ieksdarbiem\/bloki-roclite-250-200\/#breadcrumb","itemListElement":[{"@type":"ListItem","position":1,"name":"Home","item":"https:\/\/videstehnika.lv\/lt\/"},{"@type":"ListItem","position":2,"name":"Katalogas","item":"https:\/\/videstehnika.lv\/lt\/katalogas\/"},{"@type":"ListItem","position":3,"name":"bloki ROCLITE 250\/200"}]},{"@type":"WebSite","@id":"https:\/\/videstehnika.lv\/lt\/#website","url":"https:\/\/videstehnika.lv\/lt\/","name":"Vides Tehnika","description":"","potentialAction":[{"@type":"SearchAction","target":{"@type":"EntryPoint","urlTemplate":"https:\/\/videstehnika.lv\/lt\/?s={search_term_string}"},"query-input":{"@type":"PropertyValueSpecification","valueRequired":true,"valueName":"search_term_string"}}],"inLanguage":"lt-LT"}]}},"_links":{"self":[{"href":"https:\/\/videstehnika.lv\/lt\/wp-json\/wp\/v2\/product\/6395","targetHints":{"allow":["GET"]}}],"collection":[{"href":"https:\/\/videstehnika.lv\/lt\/wp-json\/wp\/v2\/product"}],"about":[{"href":"https:\/\/videstehnika.lv\/lt\/wp-json\/wp\/v2\/types\/product"}],"wp:featuredmedia":[{"embeddable":true,"href":"https:\/\/videstehnika.lv\/lt\/wp-json\/wp\/v2\/media\/6399"}],"wp:attachment":[{"href":"https:\/\/videstehnika.lv\/lt\/wp-json\/wp\/v2\/media?parent=6395"}],"wp:term":[{"taxonomy":"product_cat","embeddable":true,"href":"https:\/\/videstehnika.lv\/lt\/wp-json\/wp\/v2\/product_cat?post=6395"},{"taxonomy":"product_tag","embeddable":true,"href":"https:\/\/videstehnika.lv\/lt\/wp-json\/wp\/v2\/product_tag?post=6395"}],"curies":[{"name":"wp","href":"https:\/\/api.w.org\/{rel}","templated":true}]}}